{"id":23789,"date":"2021-06-01T00:03:52","date_gmt":"2021-05-31T22:03:52","guid":{"rendered":"https:\/\/www.comau.com\/?page_id=23789"},"modified":"2025-11-11T23:44:33","modified_gmt":"2025-11-11T22:44:33","slug":"global-presence","status":"publish","type":"page","link":"https:\/\/www.comau.com\/zh-hans\/about-us\/global-presence\/","title":{"rendered":"\u5168\u7403\u5f71\u54cd\u529b"},"content":{"rendered":"\n<h2 class=\"wp-block-heading\">\u4ee5\u5ba2\u6237\u4e3a\u4e2d\u5fc3\u7684\u5168\u7403\u7f51\u7edc<\/h2>\n\n\n\n<div class=\"wp-block-getwid-image-hotspot\" data-appearance-animation=\"none\" data-image-points=\"[]\" data-trigger=\"hover\" data-theme=\"light\" data-tooltip-animation=\"shift-toward\" data-arrow=\"true\"><div class=\"wp-block-getwid-image-hotspot__wrapper\"><img decoding=\"async\" width=\"768\" height=\"363\" src=\"https:\/\/www.comau.com\/wp-content\/uploads\/2021\/06\/dots-world-768x363.png\" class=\"wp-block-getwid-image-hotspot__image wp-image-203\" srcset=\"https:\/\/www.comau.com\/wp-content\/uploads\/2021\/06\/dots-world-768x363.png 768w, https:\/\/www.comau.com\/wp-content\/uploads\/2021\/06\/dots-world-300x142.png 300w, https:\/\/www.comau.com\/wp-content\/uploads\/2021\/06\/dots-world-1024x483.png 1024w, https:\/\/www.comau.com\/wp-content\/uploads\/2021\/06\/dots-world.png 1180w\" sizes=\"(max-width: 768px) 100vw, 768px\" \/><\/div><\/div>\n\n\n\n<p>\u5168\u7403\u5e02\u573a\u53d8\u5e7b\u83ab\u6d4b\u3002 \u5728\u67ef\u9a6c\uff0c\u6211\u4eec\u77e5\u9053\u60a8\u7684\u95ee\u9898\uff0c\u523b\u4e0d\u5bb9\u7f13\u3002<\/p>\n\n\n\n<p>\u56e0\u6b64\uff0c\u6211\u4eec\u572811 \u4e2a\u4e0d\u540c\u56fd\u5bb6\u5efa\u7acb\u56fd\u9645\u7f51\u7edc\uff0c\u4ee5\u786e\u4fdd\u968f\u65f6\u968f\u5730\u5feb\u901f\u54cd\u5e94\u60a8\u7684\u9700\u6c42\u3002<\/p>\n\n\n\n<p>\u5168\u7403\u5316\uff0c\u4e5f\u662f\u672c\u571f\u5316\u3002\u65e0\u8bba\u60a8\u4f4d\u4e8e\u4f55\u65b9\uff0c\u67ef\u9a6c\u503c\u5f97\u4fe1\u8d56\u7684\u652f\u6301\u90fd\u5728\u60a8\u8eab\u8fb9\u3002 \u62e5\u6709\u6570\u5341\u5e74\u7ecf\u9a8c\u7684\u8de8\u6587\u5316\u3001\u8de8\u56fdPMI\u9879\u76ee\u7ba1\u7406\u56e2\u961f\u662f\u6211\u4eec\u56fd\u9645\u5316\u7f51\u7edc\u7684\u575a\u5f3a\u540e\u76fe\u3002\u6240\u4ee5\u60a8\u80fd\u4e86\u89e3\uff0c\u6211\u4eec\u53ef\u4ee5\u4e0e\u60a8\u7684\u56e2\u961f\u5408\u4f5c\uff0c\u9a71\u52a8\u4e00\u5207\u987a\u5229\u8fd0\u884c\u3002<\/p>\n\n\n\n<h3 class=\"wp-block-heading has-text-align-center\">\u67ef\u9a6c\u6982\u89c8<\/h3>\n\n\n\n<div class=\"wp-block-columns is-layout-flex wp-container-core-columns-is-layout-9d6595d7 wp-block-columns-is-layout-flex\">\n<div class=\"wp-block-column is-layout-flow wp-block-column-is-layout-flow\">\n<div class=\"wp-block-getwid-image-box has-text-center has-mobile-layout-default has-mobile-alignment-default\"><div class=\"wp-block-getwid-image-box__image-container is-position-top\"><div class=\"wp-block-getwid-image-box__image-wrapper\"><img decoding=\"async\" width=\"144\" height=\"89\" src=\"https:\/\/www.comau.com\/wp-content\/uploads\/2021\/06\/plants.png\" alt=\"\" class=\"wp-block-getwid-image-box__image wp-image-229\"\/><\/div><\/div><div class=\"wp-block-getwid-image-box__content\">\n<h3 class=\"wp-block-heading\"><\/h3>\n\n\n\n<p><strong>11<\/strong>\u4e2a\u751f\u4ea7\u5de5\u5382<\/p>\n<\/div><\/div>\n<\/div>\n\n\n\n<div class=\"wp-block-column is-layout-flow wp-block-column-is-layout-flow\">\n<div class=\"wp-block-getwid-image-box has-text-center has-mobile-layout-default has-mobile-alignment-default\"><div class=\"wp-block-getwid-image-box__image-container is-position-top\"><div class=\"wp-block-getwid-image-box__image-wrapper\"><img decoding=\"async\" width=\"184\" height=\"130\" src=\"https:\/\/www.comau.com\/wp-content\/uploads\/2021\/06\/innovationCenters.png\" alt=\"\" class=\"wp-block-getwid-image-box__image wp-image-241\"\/><\/div><\/div><div class=\"wp-block-getwid-image-box__content\">\n<h3 class=\"wp-block-heading\"><\/h3>\n\n\n\n<p><strong>7<\/strong> \u4e2a\u521b\u65b0\u4e2d\u5fc3<\/p>\n<\/div><\/div>\n<\/div>\n\n\n\n<div class=\"wp-block-column is-layout-flow wp-block-column-is-layout-flow\">\n<div class=\"wp-block-getwid-image-box has-text-center has-mobile-layout-default has-mobile-alignment-default\"><div class=\"wp-block-getwid-image-box__image-container is-position-top\"><div class=\"wp-block-getwid-image-box__image-wrapper\"><img decoding=\"async\" width=\"142\" height=\"68\" src=\"https:\/\/www.comau.com\/wp-content\/uploads\/2021\/06\/employees-idea.png\" alt=\"\" class=\"wp-block-getwid-image-box__image wp-image-238\"\/><\/div><\/div><div class=\"wp-block-getwid-image-box__content\">\n<h3 class=\"wp-block-heading\"><\/h3>\n\n\n\n<p>\u903e <strong>3,800<\/strong> \u540d\u5458\u5de5<\/p>\n<\/div><\/div>\n<\/div>\n<\/div>\n\n\n\n<div style=\"height:25px\" aria-hidden=\"true\" class=\"wp-block-spacer\"><\/div>\n\n\n\n<h2 class=\"wp-block-heading\">Locations<\/h2>\n\n\n\n<div style=\"height:25px\" aria-hidden=\"true\" class=\"wp-block-spacer\"><\/div>\n\n\n\n<div class=\"wp-block-getwid-toggle has-icon-left\">\n<div class=\"wp-block-getwid-toggle__row\"><div class=\"wp-block-getwid-toggle__header-wrapper\"><span class=\"wp-block-getwid-toggle__header\"><a href=\"#\"><span class=\"wp-block-getwid-toggle__header-title\">Comau S.p.A &#8211; Global Headquarters<\/span><span class=\"wp-block-getwid-toggle__icon is-active\"><i class=\"fas fa-plus\"><\/i><\/span><span class=\"wp-block-getwid-toggle__icon is-passive\"><i class=\"fas fa-minus\"><\/i><\/span><\/a><\/span><\/div><div class=\"wp-block-getwid-toggle__content-wrapper\"><div class=\"wp-block-getwid-toggle__content\">\n<p>Via Rivalta 30, Grugliasco, Torino 10095, IT<\/p>\n<\/div><\/div><\/div>\n<\/div>\n\n\n\n<div style=\"height:25px\" aria-hidden=\"true\" class=\"wp-block-spacer\"><\/div>\n\n\n\n<div class=\"wp-block-getwid-toggle has-icon-left\">\n<div class=\"wp-block-getwid-toggle__row\"><div class=\"wp-block-getwid-toggle__header-wrapper\"><span class=\"wp-block-getwid-toggle__header\"><a href=\"#\"><span class=\"wp-block-getwid-toggle__header-title\">Comau LLC &#8211; North American Headquarter<\/span><span class=\"wp-block-getwid-toggle__icon is-active\"><i class=\"fas fa-plus\"><\/i><\/span><span class=\"wp-block-getwid-toggle__icon is-passive\"><i class=\"fas fa-minus\"><\/i><\/span><\/a><\/span><\/div><div class=\"wp-block-getwid-toggle__content-wrapper\"><div class=\"wp-block-getwid-toggle__content\">\n<p>21000 Telegraph Rd., Southfield, Michigan 48033, US<\/p>\n<\/div><\/div><\/div>\n<\/div>\n\n\n\n<div style=\"height:25px\" aria-hidden=\"true\" class=\"wp-block-spacer\"><\/div>\n\n\n\n<div class=\"wp-block-getwid-toggle has-icon-left\">\n<div class=\"wp-block-getwid-toggle__row\"><div class=\"wp-block-getwid-toggle__header-wrapper\"><span class=\"wp-block-getwid-toggle__header\"><a href=\"#\"><span class=\"wp-block-getwid-toggle__header-title\">Comau (Shanghai) Engineering Co. Ltd<\/span><span class=\"wp-block-getwid-toggle__icon is-active\"><i class=\"fas fa-plus\"><\/i><\/span><span class=\"wp-block-getwid-toggle__icon is-passive\"><i class=\"fas fa-minus\"><\/i><\/span><\/a><\/span><\/div><div class=\"wp-block-getwid-toggle__content-wrapper\"><div class=\"wp-block-getwid-toggle__content\">\n<p>1353 Jiu Gan Road \u2013 Sijing Town, Songjiang Ditrict, Shanghai, 201601, CN<\/p>\n<\/div><\/div><\/div>\n<\/div>\n\n\n\n<div style=\"height:25px\" aria-hidden=\"true\" class=\"wp-block-spacer\"><\/div>\n\n\n\n<div class=\"wp-block-getwid-toggle has-icon-left\">\n<div class=\"wp-block-getwid-toggle__row\"><div class=\"wp-block-getwid-toggle__header-wrapper\"><span class=\"wp-block-getwid-toggle__header\"><a href=\"#\"><span class=\"wp-block-getwid-toggle__header-title\">Comau do Brasil Automa\u00e7\u00e3o e Servi\u00e7os Industriais<\/span><span class=\"wp-block-getwid-toggle__icon is-active\"><i class=\"fas fa-plus\"><\/i><\/span><span class=\"wp-block-getwid-toggle__icon is-passive\"><i class=\"fas fa-minus\"><\/i><\/span><\/a><\/span><\/div><div class=\"wp-block-getwid-toggle__content-wrapper\"><div class=\"wp-block-getwid-toggle__content\">\n<p>Avenida do Contorno, 3455, Distrito Industrial Paulo Camilo Pena Betim, MG, Betim, BR<\/p>\n\n\n\n<p>Avenida Alexandre de Gusm\u00e3o, 1395, Vila Homero Thon, Santo Andr\u00e9, S\u00e3o Paulo, BR<\/p>\n<\/div><\/div><\/div>\n<\/div>\n\n\n\n<div style=\"height:25px\" aria-hidden=\"true\" class=\"wp-block-spacer\"><\/div>\n\n\n\n<div class=\"wp-block-getwid-toggle has-icon-left\">\n<div class=\"wp-block-getwid-toggle__row\"><div class=\"wp-block-getwid-toggle__header-wrapper\"><span class=\"wp-block-getwid-toggle__header\"><a href=\"#\"><span class=\"wp-block-getwid-toggle__header-title\">Comau India Pvt. Ltd.<\/span><span class=\"wp-block-getwid-toggle__icon is-active\"><i class=\"fas fa-plus\"><\/i><\/span><span class=\"wp-block-getwid-toggle__icon is-passive\"><i class=\"fas fa-minus\"><\/i><\/span><\/a><\/span><\/div><div class=\"wp-block-getwid-toggle__content-wrapper\"><div class=\"wp-block-getwid-toggle__content\">\n<p>34Km Milestone \u2013 Pune-Nagar Road \u2013 Shikrapur \u2013 Pune, Pune, 412 208, IN<\/p>\n<\/div><\/div><\/div>\n<\/div>\n\n\n\n<div style=\"height:25px\" aria-hidden=\"true\" class=\"wp-block-spacer\"><\/div>\n\n\n\n<div class=\"wp-block-getwid-toggle has-icon-left\">\n<div class=\"wp-block-getwid-toggle__row\"><div class=\"wp-block-getwid-toggle__header-wrapper\"><span class=\"wp-block-getwid-toggle__header\"><a href=\"#\"><span class=\"wp-block-getwid-toggle__header-title\">Comau Germany GmbH<\/span><span class=\"wp-block-getwid-toggle__icon is-active\"><i class=\"fas fa-plus\"><\/i><\/span><span class=\"wp-block-getwid-toggle__icon is-passive\"><i class=\"fas fa-minus\"><\/i><\/span><\/a><\/span><\/div><div class=\"wp-block-getwid-toggle__content-wrapper\"><div class=\"wp-block-getwid-toggle__content\">\n<p>Butzweilerhofallee 3 d, Cologne, 50829, DE<\/p>\n<\/div><\/div><\/div>\n<\/div>\n\n\n\n<div style=\"height:25px\" aria-hidden=\"true\" class=\"wp-block-spacer\"><\/div>\n\n\n\n<div class=\"wp-block-getwid-toggle has-icon-left\">\n<div class=\"wp-block-getwid-toggle__row\"><div class=\"wp-block-getwid-toggle__header-wrapper\"><span class=\"wp-block-getwid-toggle__header\"><a href=\"#\"><span class=\"wp-block-getwid-toggle__header-title\">Comau UK Ltd.<\/span><span class=\"wp-block-getwid-toggle__icon is-active\"><i class=\"fas fa-plus\"><\/i><\/span><span class=\"wp-block-getwid-toggle__icon is-passive\"><i class=\"fas fa-minus\"><\/i><\/span><\/a><\/span><\/div><div class=\"wp-block-getwid-toggle__content-wrapper\"><div class=\"wp-block-getwid-toggle__content\">\n<p>Unit A2 Swift Park \u2013 Old Leicester Road, Rugby, CV21 1DZ, GB<\/p>\n<\/div><\/div><\/div>\n<\/div>\n\n\n\n<div style=\"height:25px\" aria-hidden=\"true\" class=\"wp-block-spacer\"><\/div>\n\n\n\n<div class=\"wp-block-getwid-toggle has-icon-left\">\n<div class=\"wp-block-getwid-toggle__row\"><div class=\"wp-block-getwid-toggle__header-wrapper\"><span class=\"wp-block-getwid-toggle__header\"><a href=\"#\"><span class=\"wp-block-getwid-toggle__header-title\">Comau Mexico<\/span><span class=\"wp-block-getwid-toggle__icon is-active\"><i class=\"fas fa-plus\"><\/i><\/span><span class=\"wp-block-getwid-toggle__icon is-passive\"><i class=\"fas fa-minus\"><\/i><\/span><\/a><\/span><\/div><div class=\"wp-block-getwid-toggle__content-wrapper\"><div class=\"wp-block-getwid-toggle__content\">\n<p>Autopista Chamapa Lecher\u00eda KM 2.5 No. Int: B017, Cuautitl\u00e1n Izcalli, 54769, MX<\/p>\n<\/div><\/div><\/div>\n<\/div>\n\n\n\n<div style=\"height:25px\" aria-hidden=\"true\" class=\"wp-block-spacer\"><\/div>\n\n\n\n<div class=\"wp-block-getwid-toggle has-icon-left\">\n<div class=\"wp-block-getwid-toggle__row\"><div class=\"wp-block-getwid-toggle__header-wrapper\"><span class=\"wp-block-getwid-toggle__header\"><a href=\"#\"><span class=\"wp-block-getwid-toggle__header-title\">Comau Romania<\/span><span class=\"wp-block-getwid-toggle__icon is-active\"><i class=\"fas fa-plus\"><\/i><\/span><span class=\"wp-block-getwid-toggle__icon is-passive\"><i class=\"fas fa-minus\"><\/i><\/span><\/a><\/span><\/div><div class=\"wp-block-getwid-toggle__content-wrapper\"><div class=\"wp-block-getwid-toggle__content\">\n<p>Sos.Borsului 53B, Oradea, Bihor County 410605, RO<\/p>\n<\/div><\/div><\/div>\n<\/div>\n\n\n\n<div style=\"height:25px\" aria-hidden=\"true\" class=\"wp-block-spacer\"><\/div>\n\n\n\n<div class=\"wp-block-getwid-toggle has-icon-left\">\n<div class=\"wp-block-getwid-toggle__row\"><div class=\"wp-block-getwid-toggle__header-wrapper\"><span class=\"wp-block-getwid-toggle__header\"><a href=\"#\"><span class=\"wp-block-getwid-toggle__header-title\">Comau France<\/span><span class=\"wp-block-getwid-toggle__icon is-active\"><i class=\"fas fa-plus\"><\/i><\/span><span class=\"wp-block-getwid-toggle__icon is-passive\"><i class=\"fas fa-minus\"><\/i><\/span><\/a><\/span><\/div><div class=\"wp-block-getwid-toggle__content-wrapper\"><div class=\"wp-block-getwid-toggle__content\">\n<p>Rue de l&#8217;industrie, Castres, Occitanie 81100, FR<\/p>\n<\/div><\/div><\/div>\n<\/div>\n\n\n\n<div style=\"height:25px\" aria-hidden=\"true\" class=\"wp-block-spacer\"><\/div>\n\n\n\n<div class=\"wp-block-getwid-toggle has-icon-left\">\n<div class=\"wp-block-getwid-toggle__row\"><div class=\"wp-block-getwid-toggle__header-wrapper\"><span class=\"wp-block-getwid-toggle__header\"><a href=\"#\"><span class=\"wp-block-getwid-toggle__header-title\">Comau Espa\u00f1a<\/span><span class=\"wp-block-getwid-toggle__icon is-active\"><i class=\"fas fa-plus\"><\/i><\/span><span class=\"wp-block-getwid-toggle__icon is-passive\"><i class=\"fas fa-minus\"><\/i><\/span><\/a><\/span><\/div><div class=\"wp-block-getwid-toggle__content-wrapper\"><div class=\"wp-block-getwid-toggle__content\">\n<p>Calle de Eduardo Barreiros, 110, Madrid, Community of Madrid 28041, ES<\/p>\n<\/div><\/div><\/div>\n<\/div>\n\n\n\n<div style=\"height:50px\" aria-hidden=\"true\" class=\"wp-block-spacer\"><\/div>\n\n\n\n<p><\/p>\n","protected":false},"excerpt":{"rendered":"<p>\u4ee5\u5ba2\u6237\u4e3a\u4e2d\u5fc3\u7684\u5168\u7403\u7f51\u7edc \u5168\u7403\u5e02\u573a\u53d8\u5e7b\u83ab\u6d4b\u3002 \u5728\u67ef\u9a6c\uff0c\u6211\u4eec\u77e5\u9053\u60a8\u7684\u95ee\u9898\uff0c\u523b\u4e0d\u5bb9\u7f13\u3002 \u56e0\u6b64\uff0c\u6211\u4eec\u572811 \u4e2a\u4e0d\u540c\u56fd\u5bb6 [&hellip;]<\/p>\n","protected":false},"author":11,"featured_media":4378,"parent":5214,"menu_order":3,"comment_status":"closed","ping_status":"closed","template":"","meta":{"_acf_changed":false,"ep_exclude_from_search":false,"footnotes":""},"class_list":["post-23789","page","type-page","status-publish","has-post-thumbnail","hentry"],"acf":[],"yoast_head":"<!-- This site is optimized with the Yoast SEO plugin v26.9 - https:\/\/yoast.com\/product\/yoast-seo-wordpress\/ -->\n<title>11\u4e2a\u56fd\u5bb6\u4e2d\u768411\u4e2a\u8fd0\u8425\u4e2d\u5fc3 - \u67ef\u9a6c<\/title>\n<meta name=\"description\" content=\"\u67ef\u9a6c\u572811\u4e2a\u56fd\u5bb6\u4e2d\u670931\u4e2a\u8fd0\u8425\u4e2d\u5fc3\uff0c\u4ee5\u786e\u4fdd\u5feb\u901f\u4ea4\u4ed8\u4ee5\u53ca\u5bf9\u5ba2\u6237\u7684\u534f\u52a9\u3002\u5728\u5b98\u7f51\u4e0a\u6df1\u5165\u4e86\u89e3!\" \/>\n<meta name=\"robots\" content=\"index, follow, max-snippet:-1, max-image-preview:large, max-video-preview:-1\" \/>\n<link rel=\"canonical\" href=\"https:\/\/www.comau.com\/zh-hans\/about-us\/global-presence\/\" \/>\n<meta property=\"og:locale\" content=\"zh_CN\" \/>\n<meta property=\"og:type\" content=\"article\" \/>\n<meta property=\"og:title\" content=\"11\u4e2a\u56fd\u5bb6\u4e2d\u768411\u4e2a\u8fd0\u8425\u4e2d\u5fc3 - \u67ef\u9a6c\" \/>\n<meta property=\"og:description\" content=\"\u67ef\u9a6c\u572811\u4e2a\u56fd\u5bb6\u4e2d\u670931\u4e2a\u8fd0\u8425\u4e2d\u5fc3\uff0c\u4ee5\u786e\u4fdd\u5feb\u901f\u4ea4\u4ed8\u4ee5\u53ca\u5bf9\u5ba2\u6237\u7684\u534f\u52a9\u3002\u5728\u5b98\u7f51\u4e0a\u6df1\u5165\u4e86\u89e3!\" \/>\n<meta property=\"og:url\" content=\"https:\/\/www.comau.com\/zh-hans\/about-us\/global-presence\/\" \/>\n<meta property=\"og:site_name\" content=\"\u67ef\u9a6c\" \/>\n<meta property=\"article:publisher\" content=\"https:\/\/www.facebook.com\/COMAU\/\" \/>\n<meta property=\"article:modified_time\" content=\"2025-11-11T22:44:33+00:00\" \/>\n<meta property=\"og:image\" content=\"https:\/\/www.comau.com\/wp-content\/uploads\/2021\/06\/Main-Image-global-presence@2x-1.jpg\" \/>\n\t<meta property=\"og:image:width\" content=\"2400\" \/>\n\t<meta property=\"og:image:height\" content=\"1002\" \/>\n\t<meta property=\"og:image:type\" content=\"image\/jpeg\" \/>\n<meta name=\"twitter:card\" content=\"summary_large_image\" \/>\n<meta name=\"twitter:site\" content=\"@comaugroup\" \/>\n<meta name=\"twitter:label1\" content=\"\u9884\u8ba1\u9605\u8bfb\u65f6\u95f4\" \/>\n\t<meta name=\"twitter:data1\" content=\"2 \u5206\" \/>\n<script type=\"application\/ld+json\" class=\"yoast-schema-graph\">{\"@context\":\"https:\/\/schema.org\",\"@graph\":[{\"@type\":\"WebPage\",\"@id\":\"https:\/\/www.comau.com\/zh-hans\/about-us\/global-presence\/\",\"url\":\"https:\/\/www.comau.com\/zh-hans\/about-us\/global-presence\/\",\"name\":\"11\u4e2a\u56fd\u5bb6\u4e2d\u768411\u4e2a\u8fd0\u8425\u4e2d\u5fc3 - \u67ef\u9a6c\",\"isPartOf\":{\"@id\":\"https:\/\/www.comau.com\/zh-hans\/#website\"},\"primaryImageOfPage\":{\"@id\":\"https:\/\/www.comau.com\/zh-hans\/about-us\/global-presence\/#primaryimage\"},\"image\":{\"@id\":\"https:\/\/www.comau.com\/zh-hans\/about-us\/global-presence\/#primaryimage\"},\"thumbnailUrl\":\"https:\/\/www.comau.com\/wp-content\/uploads\/2021\/06\/Main-Image-global-presence@2x-1.jpg\",\"datePublished\":\"2021-05-31T22:03:52+00:00\",\"dateModified\":\"2025-11-11T22:44:33+00:00\",\"description\":\"\u67ef\u9a6c\u572811\u4e2a\u56fd\u5bb6\u4e2d\u670931\u4e2a\u8fd0\u8425\u4e2d\u5fc3\uff0c\u4ee5\u786e\u4fdd\u5feb\u901f\u4ea4\u4ed8\u4ee5\u53ca\u5bf9\u5ba2\u6237\u7684\u534f\u52a9\u3002\u5728\u5b98\u7f51\u4e0a\u6df1\u5165\u4e86\u89e3!\",\"breadcrumb\":{\"@id\":\"https:\/\/www.comau.com\/zh-hans\/about-us\/global-presence\/#breadcrumb\"},\"inLanguage\":\"zh-Hans\",\"potentialAction\":[{\"@type\":\"ReadAction\",\"target\":[\"https:\/\/www.comau.com\/zh-hans\/about-us\/global-presence\/\"]}]},{\"@type\":\"ImageObject\",\"inLanguage\":\"zh-Hans\",\"@id\":\"https:\/\/www.comau.com\/zh-hans\/about-us\/global-presence\/#primaryimage\",\"url\":\"https:\/\/www.comau.com\/wp-content\/uploads\/2021\/06\/Main-Image-global-presence@2x-1.jpg\",\"contentUrl\":\"https:\/\/www.comau.com\/wp-content\/uploads\/2021\/06\/Main-Image-global-presence@2x-1.jpg\",\"width\":2400,\"height\":1002},{\"@type\":\"BreadcrumbList\",\"@id\":\"https:\/\/www.comau.com\/zh-hans\/about-us\/global-presence\/#breadcrumb\",\"itemListElement\":[{\"@type\":\"ListItem\",\"position\":1,\"name\":\"\u9996\u9875\",\"item\":\"https:\/\/www.comau.com\/zh-hans\/\"},{\"@type\":\"ListItem\",\"position\":2,\"name\":\"\u5173\u4e8e\u67ef\u9a6c\",\"item\":\"https:\/\/www.comau.com\/zh-hans\/about-us\/\"},{\"@type\":\"ListItem\",\"position\":3,\"name\":\"\u5168\u7403\u5f71\u54cd\u529b\"}]},{\"@type\":\"WebSite\",\"@id\":\"https:\/\/www.comau.com\/zh-hans\/#website\",\"url\":\"https:\/\/www.comau.com\/zh-hans\/\",\"name\":\"\u67ef\u9a6c\",\"description\":\"Industrial automation and robotics\",\"publisher\":{\"@id\":\"https:\/\/www.comau.com\/zh-hans\/#organization\"},\"potentialAction\":[{\"@type\":\"SearchAction\",\"target\":{\"@type\":\"EntryPoint\",\"urlTemplate\":\"https:\/\/www.comau.com\/zh-hans\/?s={search_term_string}\"},\"query-input\":{\"@type\":\"PropertyValueSpecification\",\"valueRequired\":true,\"valueName\":\"search_term_string\"}}],\"inLanguage\":\"zh-Hans\"},{\"@type\":\"Organization\",\"@id\":\"https:\/\/www.comau.com\/zh-hans\/#organization\",\"name\":\"\u67ef\u9a6c\",\"url\":\"https:\/\/www.comau.com\/zh-hans\/\",\"logo\":{\"@type\":\"ImageObject\",\"inLanguage\":\"zh-Hans\",\"@id\":\"https:\/\/www.comau.com\/zh-hans\/#\/schema\/logo\/image\/\",\"url\":\"https:\/\/www.comau.com\/wp-content\/uploads\/2024\/07\/cropped-Logo-COMAU.png\",\"contentUrl\":\"https:\/\/www.comau.com\/wp-content\/uploads\/2024\/07\/cropped-Logo-COMAU.png\",\"width\":434,\"height\":434,\"caption\":\"\u67ef\u9a6c\"},\"image\":{\"@id\":\"https:\/\/www.comau.com\/zh-hans\/#\/schema\/logo\/image\/\"},\"sameAs\":[\"https:\/\/www.facebook.com\/COMAU\/\",\"https:\/\/x.com\/comaugroup\",\"https:\/\/www.instagram.com\/comaugroup\/\",\"https:\/\/www.linkedin.com\/company\/comau\",\"https:\/\/www.youtube.com\/user\/comau\"]}]}<\/script>\n<!-- \/ Yoast SEO plugin. -->","yoast_head_json":{"title":"11\u4e2a\u56fd\u5bb6\u4e2d\u768411\u4e2a\u8fd0\u8425\u4e2d\u5fc3 - \u67ef\u9a6c","description":"\u67ef\u9a6c\u572811\u4e2a\u56fd\u5bb6\u4e2d\u670931\u4e2a\u8fd0\u8425\u4e2d\u5fc3\uff0c\u4ee5\u786e\u4fdd\u5feb\u901f\u4ea4\u4ed8\u4ee5\u53ca\u5bf9\u5ba2\u6237\u7684\u534f\u52a9\u3002\u5728\u5b98\u7f51\u4e0a\u6df1\u5165\u4e86\u89e3!","robots":{"index":"index","follow":"follow","max-snippet":"max-snippet:-1","max-image-preview":"max-image-preview:large","max-video-preview":"max-video-preview:-1"},"canonical":"https:\/\/www.comau.com\/zh-hans\/about-us\/global-presence\/","og_locale":"zh_CN","og_type":"article","og_title":"11\u4e2a\u56fd\u5bb6\u4e2d\u768411\u4e2a\u8fd0\u8425\u4e2d\u5fc3 - \u67ef\u9a6c","og_description":"\u67ef\u9a6c\u572811\u4e2a\u56fd\u5bb6\u4e2d\u670931\u4e2a\u8fd0\u8425\u4e2d\u5fc3\uff0c\u4ee5\u786e\u4fdd\u5feb\u901f\u4ea4\u4ed8\u4ee5\u53ca\u5bf9\u5ba2\u6237\u7684\u534f\u52a9\u3002\u5728\u5b98\u7f51\u4e0a\u6df1\u5165\u4e86\u89e3!","og_url":"https:\/\/www.comau.com\/zh-hans\/about-us\/global-presence\/","og_site_name":"\u67ef\u9a6c","article_publisher":"https:\/\/www.facebook.com\/COMAU\/","article_modified_time":"2025-11-11T22:44:33+00:00","og_image":[{"width":2400,"height":1002,"url":"https:\/\/www.comau.com\/wp-content\/uploads\/2021\/06\/Main-Image-global-presence@2x-1.jpg","type":"image\/jpeg"}],"twitter_card":"summary_large_image","twitter_site":"@comaugroup","twitter_misc":{"\u9884\u8ba1\u9605\u8bfb\u65f6\u95f4":"2 \u5206"},"schema":{"@context":"https:\/\/schema.org","@graph":[{"@type":"WebPage","@id":"https:\/\/www.comau.com\/zh-hans\/about-us\/global-presence\/","url":"https:\/\/www.comau.com\/zh-hans\/about-us\/global-presence\/","name":"11\u4e2a\u56fd\u5bb6\u4e2d\u768411\u4e2a\u8fd0\u8425\u4e2d\u5fc3 - \u67ef\u9a6c","isPartOf":{"@id":"https:\/\/www.comau.com\/zh-hans\/#website"},"primaryImageOfPage":{"@id":"https:\/\/www.comau.com\/zh-hans\/about-us\/global-presence\/#primaryimage"},"image":{"@id":"https:\/\/www.comau.com\/zh-hans\/about-us\/global-presence\/#primaryimage"},"thumbnailUrl":"https:\/\/www.comau.com\/wp-content\/uploads\/2021\/06\/Main-Image-global-presence@2x-1.jpg","datePublished":"2021-05-31T22:03:52+00:00","dateModified":"2025-11-11T22:44:33+00:00","description":"\u67ef\u9a6c\u572811\u4e2a\u56fd\u5bb6\u4e2d\u670931\u4e2a\u8fd0\u8425\u4e2d\u5fc3\uff0c\u4ee5\u786e\u4fdd\u5feb\u901f\u4ea4\u4ed8\u4ee5\u53ca\u5bf9\u5ba2\u6237\u7684\u534f\u52a9\u3002\u5728\u5b98\u7f51\u4e0a\u6df1\u5165\u4e86\u89e3!","breadcrumb":{"@id":"https:\/\/www.comau.com\/zh-hans\/about-us\/global-presence\/#breadcrumb"},"inLanguage":"zh-Hans","potentialAction":[{"@type":"ReadAction","target":["https:\/\/www.comau.com\/zh-hans\/about-us\/global-presence\/"]}]},{"@type":"ImageObject","inLanguage":"zh-Hans","@id":"https:\/\/www.comau.com\/zh-hans\/about-us\/global-presence\/#primaryimage","url":"https:\/\/www.comau.com\/wp-content\/uploads\/2021\/06\/Main-Image-global-presence@2x-1.jpg","contentUrl":"https:\/\/www.comau.com\/wp-content\/uploads\/2021\/06\/Main-Image-global-presence@2x-1.jpg","width":2400,"height":1002},{"@type":"BreadcrumbList","@id":"https:\/\/www.comau.com\/zh-hans\/about-us\/global-presence\/#breadcrumb","itemListElement":[{"@type":"ListItem","position":1,"name":"\u9996\u9875","item":"https:\/\/www.comau.com\/zh-hans\/"},{"@type":"ListItem","position":2,"name":"\u5173\u4e8e\u67ef\u9a6c","item":"https:\/\/www.comau.com\/zh-hans\/about-us\/"},{"@type":"ListItem","position":3,"name":"\u5168\u7403\u5f71\u54cd\u529b"}]},{"@type":"WebSite","@id":"https:\/\/www.comau.com\/zh-hans\/#website","url":"https:\/\/www.comau.com\/zh-hans\/","name":"\u67ef\u9a6c","description":"Industrial automation and robotics","publisher":{"@id":"https:\/\/www.comau.com\/zh-hans\/#organization"},"potentialAction":[{"@type":"SearchAction","target":{"@type":"EntryPoint","urlTemplate":"https:\/\/www.comau.com\/zh-hans\/?s={search_term_string}"},"query-input":{"@type":"PropertyValueSpecification","valueRequired":true,"valueName":"search_term_string"}}],"inLanguage":"zh-Hans"},{"@type":"Organization","@id":"https:\/\/www.comau.com\/zh-hans\/#organization","name":"\u67ef\u9a6c","url":"https:\/\/www.comau.com\/zh-hans\/","logo":{"@type":"ImageObject","inLanguage":"zh-Hans","@id":"https:\/\/www.comau.com\/zh-hans\/#\/schema\/logo\/image\/","url":"https:\/\/www.comau.com\/wp-content\/uploads\/2024\/07\/cropped-Logo-COMAU.png","contentUrl":"https:\/\/www.comau.com\/wp-content\/uploads\/2024\/07\/cropped-Logo-COMAU.png","width":434,"height":434,"caption":"\u67ef\u9a6c"},"image":{"@id":"https:\/\/www.comau.com\/zh-hans\/#\/schema\/logo\/image\/"},"sameAs":["https:\/\/www.facebook.com\/COMAU\/","https:\/\/x.com\/comaugroup","https:\/\/www.instagram.com\/comaugroup\/","https:\/\/www.linkedin.com\/company\/comau","https:\/\/www.youtube.com\/user\/comau"]}]}},"_links":{"self":[{"href":"https:\/\/www.comau.com\/zh-hans\/wp-json\/wp\/v2\/pages\/23789","targetHints":{"allow":["GET"]}}],"collection":[{"href":"https:\/\/www.comau.com\/zh-hans\/wp-json\/wp\/v2\/pages"}],"about":[{"href":"https:\/\/www.comau.com\/zh-hans\/wp-json\/wp\/v2\/types\/page"}],"author":[{"embeddable":true,"href":"https:\/\/www.comau.com\/zh-hans\/wp-json\/wp\/v2\/users\/11"}],"replies":[{"embeddable":true,"href":"https:\/\/www.comau.com\/zh-hans\/wp-json\/wp\/v2\/comments?post=23789"}],"version-history":[{"count":24,"href":"https:\/\/www.comau.com\/zh-hans\/wp-json\/wp\/v2\/pages\/23789\/revisions"}],"predecessor-version":[{"id":83279,"href":"https:\/\/www.comau.com\/zh-hans\/wp-json\/wp\/v2\/pages\/23789\/revisions\/83279"}],"up":[{"embeddable":true,"href":"https:\/\/www.comau.com\/zh-hans\/wp-json\/wp\/v2\/pages\/5214"}],"wp:featuredmedia":[{"embeddable":true,"href":"https:\/\/www.comau.com\/zh-hans\/wp-json\/wp\/v2\/media\/4378"}],"wp:attachment":[{"href":"https:\/\/www.comau.com\/zh-hans\/wp-json\/wp\/v2\/media?parent=23789"}],"curies":[{"name":"wp","href":"https:\/\/api.w.org\/{rel}","templated":true}]}}