{"id":6544,"date":"2021-05-31T00:05:00","date_gmt":"2021-05-30T22:05:00","guid":{"rendered":"https:\/\/www.comau.com\/contact-us\/"},"modified":"2024-12-06T17:40:46","modified_gmt":"2024-12-06T16:40:46","slug":"contact-us","status":"publish","type":"page","link":"https:\/\/www.comau.com\/pt-br\/contact-us\/","title":{"rendered":"Contate-nos"},"content":{"rendered":"\n<div class=\"wp-block-group\"><div class=\"wp-block-group__inner-container is-layout-constrained wp-block-group-is-layout-constrained\">\n<div class=\"wp-block-columns is-layout-flex wp-container-core-columns-is-layout-9d6595d7 wp-block-columns-is-layout-flex\">\n<div class=\"wp-block-column is-layout-flow wp-block-column-is-layout-flow\">\n<h2 class=\"wp-block-heading\">\u00c1rea de vendas<\/h2>\n\n\n\n<figure class=\"wp-block-image size-large\"><img decoding=\"async\" width=\"1024\" height=\"682\" src=\"https:\/\/www.comau.com\/wp-content\/uploads\/2024\/04\/salesarea-1024x682.jpg\" alt=\"\" class=\"wp-image-62066\" srcset=\"https:\/\/www.comau.com\/wp-content\/uploads\/2024\/04\/salesarea-1024x682.jpg 1024w, https:\/\/www.comau.com\/wp-content\/uploads\/2024\/04\/salesarea-300x200.jpg 300w, https:\/\/www.comau.com\/wp-content\/uploads\/2024\/04\/salesarea-768x512.jpg 768w, https:\/\/www.comau.com\/wp-content\/uploads\/2024\/04\/salesarea.jpg 1235w\" sizes=\"(max-width: 1024px) 100vw, 1024px\" \/><\/figure>\n\n\n\n<p>Se deseja receber informa\u00e7\u00f5es comerciais sobre nossos produtos e servi\u00e7os, preencha o formul\u00e1rio e ser\u00e1 contatado o mais breve poss\u00edvel.<\/p>\n\n\n\n<div class=\"wp-block-buttons is-layout-flex wp-block-buttons-is-layout-flex\">\n<div class=\"wp-block-button\"><a class=\"wp-block-button__link wp-element-button\" href=\"https:\/\/www.comau.com\/pt-br\/contact-us\/sales-area\/\">Formul\u00e1rio \u00c1rea de vendas<\/a><\/div>\n<\/div>\n<\/div>\n\n\n\n<div class=\"wp-block-column is-layout-flow wp-block-column-is-layout-flow\">\n<h2 class=\"wp-block-heading\">Servi\u00e7o ao cliente<\/h2>\n\n\n\n<figure class=\"wp-block-image size-full\"><img decoding=\"async\" width=\"627\" height=\"418\" src=\"https:\/\/www.comau.com\/wp-content\/uploads\/2024\/04\/customerservice.jpg\" alt=\"\" class=\"wp-image-62072\" srcset=\"https:\/\/www.comau.com\/wp-content\/uploads\/2024\/04\/customerservice.jpg 627w, https:\/\/www.comau.com\/wp-content\/uploads\/2024\/04\/customerservice-300x200.jpg 300w\" sizes=\"(max-width: 627px) 100vw, 627px\" \/><\/figure>\n\n\n\n<p>Se precisar de assist\u00eancia ou suporte t\u00e9cnico em nossos produtos ou servi\u00e7os, escreva para n\u00f3s preenchendo o seguinte formul\u00e1rio.<\/p>\n\n\n\n<div class=\"wp-block-buttons is-layout-flex wp-block-buttons-is-layout-flex\">\n<div class=\"wp-block-button\"><a class=\"wp-block-button__link wp-element-button\" href=\"https:\/\/www.comau.com\/pt-br\/contact-us\/after-sales\/?_gl=1*rpbsg*_up*MQ..*_ga*MzI2MDc0NTA2LjE3MzM1MDMwNjI.*_ga_9M7B6QBXTC*MTczMzUwMzA2Mi4xLjEuMTczMzUwMzIxMC4wLjAuOTM1MTAyNTI1\" target=\"_blank\" rel=\"noreferrer noopener\">Formul\u00e1rio Servi\u00e7o ao cliente<\/a><\/div>\n<\/div>\n<\/div>\n<\/div>\n<\/div><\/div>\n\n\n\n<div class=\"wp-block-group\"><div class=\"wp-block-group__inner-container is-layout-constrained wp-block-group-is-layout-constrained\">\n<div class=\"wp-block-columns is-layout-flex wp-container-core-columns-is-layout-9d6595d7 wp-block-columns-is-layout-flex\">\n<div class=\"wp-block-column is-layout-flow wp-block-column-is-layout-flow\">\n<h2 class=\"wp-block-heading\">\u00c1rea de m\u00eddia<\/h2>\n\n\n\n<figure class=\"wp-block-image size-full\"><img decoding=\"async\" width=\"1024\" height=\"683\" src=\"https:\/\/www.comau.com\/wp-content\/uploads\/2021\/07\/Comau_newsroom_Press-release.jpg\" alt=\"\" class=\"wp-image-37380\" srcset=\"https:\/\/www.comau.com\/wp-content\/uploads\/2021\/07\/Comau_newsroom_Press-release.jpg 1024w, https:\/\/www.comau.com\/wp-content\/uploads\/2021\/07\/Comau_newsroom_Press-release-300x200.jpg 300w, https:\/\/www.comau.com\/wp-content\/uploads\/2021\/07\/Comau_newsroom_Press-release-768x512.jpg 768w\" sizes=\"(max-width: 1024px) 100vw, 1024px\" \/><\/figure>\n\n\n\n<p>Voc\u00ea pode entrar em contato com nossa Assessoria de Imprensa e os gestores da \u00e1rea de M\u00eddia, inserindo seus dados de contato abaixo.<br><\/p>\n\n\n\n<div class=\"wp-block-buttons is-layout-flex wp-block-buttons-is-layout-flex\">\n<div class=\"wp-block-button\"><a class=\"wp-block-button__link wp-element-button\" href=\"https:\/\/www.comau.com\/pt-br\/contact-us\/media-area\/\">Formul\u00e1rio \u00c1rea de m\u00eddia<\/a><\/div>\n<\/div>\n<\/div>\n\n\n\n<div class=\"wp-block-column is-layout-flow wp-block-column-is-layout-flow\">\n<h2 class=\"wp-block-heading\">Trabalhe Conosco<\/h2>\n\n\n\n<figure class=\"wp-block-image size-full\"><img decoding=\"async\" width=\"1070\" height=\"713\" src=\"https:\/\/www.comau.com\/wp-content\/uploads\/2024\/04\/workwithus.jpg\" alt=\"\" class=\"wp-image-62078\" srcset=\"https:\/\/www.comau.com\/wp-content\/uploads\/2024\/04\/workwithus.jpg 1070w, https:\/\/www.comau.com\/wp-content\/uploads\/2024\/04\/workwithus-300x200.jpg 300w, https:\/\/www.comau.com\/wp-content\/uploads\/2024\/04\/workwithus-1024x682.jpg 1024w, https:\/\/www.comau.com\/wp-content\/uploads\/2024\/04\/workwithus-768x512.jpg 768w\" sizes=\"(max-width: 1070px) 100vw, 1070px\" \/><\/figure>\n\n\n\n<p>Quer fazer parte da nossa equipe ou colaborar com a Comau? Selecione abaixo a filial da Comau nesta se\u00e7\u00e3o e depois insira seus dados e o seu curr\u00edculo.<\/p>\n\n\n\n<div class=\"wp-block-buttons is-layout-flex wp-block-buttons-is-layout-flex\">\n<div class=\"wp-block-button\"><a class=\"wp-block-button__link wp-element-button\" href=\"https:\/\/www.comau.com\/pt-br\/contact-us\/work-with-us\/\">Formul\u00e1rio Trabalhe Conosco<\/a><\/div>\n<\/div>\n<\/div>\n<\/div>\n<\/div><\/div>\n","protected":false},"excerpt":{"rendered":"<p>\u00c1rea de vendas Se deseja receber informa\u00e7\u00f5es comerciais sobre nossos produtos e servi\u00e7os, preencha o formul\u00e1rio e ser\u00e1 contatado o mais breve poss\u00edvel. Servi\u00e7o ao cliente Se precisar de assist\u00eancia ou suporte t\u00e9cnico em nossos produtos ou servi\u00e7os, escreva para n\u00f3s preenchendo o seguinte formul\u00e1rio. \u00c1rea de m\u00eddia Voc\u00ea pode entrar em contato com nossa [&hellip;]<\/p>\n","protected":false},"author":11,"featured_media":4176,"parent":0,"menu_order":5,"comment_status":"closed","ping_status":"closed","template":"","meta":{"_acf_changed":false,"ep_exclude_from_search":false,"footnotes":""},"class_list":["post-6544","page","type-page","status-publish","has-post-thumbnail","hentry"],"acf":[],"yoast_head":"<!-- This site is optimized with the Yoast SEO plugin v26.9 - https:\/\/yoast.com\/product\/yoast-seo-wordpress\/ -->\n<title>Contate-nos - Comau<\/title>\n<meta name=\"robots\" content=\"index, follow, max-snippet:-1, max-image-preview:large, max-video-preview:-1\" \/>\n<link rel=\"canonical\" href=\"https:\/\/www.comau.com\/pt-br\/contact-us\/\" \/>\n<meta property=\"og:locale\" content=\"pt_BR\" \/>\n<meta property=\"og:type\" content=\"article\" \/>\n<meta property=\"og:title\" content=\"Contate-nos - Comau\" \/>\n<meta property=\"og:description\" content=\"\u00c1rea de vendas Se deseja receber informa\u00e7\u00f5es comerciais sobre nossos produtos e servi\u00e7os, preencha o formul\u00e1rio e ser\u00e1 contatado o mais breve poss\u00edvel. Servi\u00e7o ao cliente Se precisar de assist\u00eancia ou suporte t\u00e9cnico em nossos produtos ou servi\u00e7os, escreva para n\u00f3s preenchendo o seguinte formul\u00e1rio. \u00c1rea de m\u00eddia Voc\u00ea pode entrar em contato com nossa [&hellip;]\" \/>\n<meta property=\"og:url\" content=\"https:\/\/www.comau.com\/pt-br\/contact-us\/\" \/>\n<meta property=\"og:site_name\" content=\"Comau\" \/>\n<meta property=\"article:publisher\" content=\"https:\/\/www.facebook.com\/COMAU\/\" \/>\n<meta property=\"article:modified_time\" content=\"2024-12-06T16:40:46+00:00\" \/>\n<meta property=\"og:image\" content=\"https:\/\/www.comau.com\/wp-content\/uploads\/2021\/06\/Comau_-Careers_MainImage.jpg\" \/>\n\t<meta property=\"og:image:width\" content=\"1425\" \/>\n\t<meta property=\"og:image:height\" content=\"450\" \/>\n\t<meta property=\"og:image:type\" content=\"image\/jpeg\" \/>\n<meta name=\"twitter:card\" content=\"summary_large_image\" \/>\n<meta name=\"twitter:site\" content=\"@comaugroup\" \/>\n<meta name=\"twitter:label1\" content=\"Est. tempo de leitura\" \/>\n\t<meta name=\"twitter:data1\" content=\"2 minutos\" \/>\n<script type=\"application\/ld+json\" class=\"yoast-schema-graph\">{\"@context\":\"https:\/\/schema.org\",\"@graph\":[{\"@type\":\"WebPage\",\"@id\":\"https:\/\/www.comau.com\/pt-br\/contact-us\/\",\"url\":\"https:\/\/www.comau.com\/pt-br\/contact-us\/\",\"name\":\"Contate-nos - Comau\",\"isPartOf\":{\"@id\":\"https:\/\/www.comau.com\/pt-br\/#website\"},\"primaryImageOfPage\":{\"@id\":\"https:\/\/www.comau.com\/pt-br\/contact-us\/#primaryimage\"},\"image\":{\"@id\":\"https:\/\/www.comau.com\/pt-br\/contact-us\/#primaryimage\"},\"thumbnailUrl\":\"https:\/\/www.comau.com\/wp-content\/uploads\/2021\/06\/Comau_-Careers_MainImage.jpg\",\"datePublished\":\"2021-05-30T22:05:00+00:00\",\"dateModified\":\"2024-12-06T16:40:46+00:00\",\"breadcrumb\":{\"@id\":\"https:\/\/www.comau.com\/pt-br\/contact-us\/#breadcrumb\"},\"inLanguage\":\"pt-BR\",\"potentialAction\":[{\"@type\":\"ReadAction\",\"target\":[\"https:\/\/www.comau.com\/pt-br\/contact-us\/\"]}]},{\"@type\":\"ImageObject\",\"inLanguage\":\"pt-BR\",\"@id\":\"https:\/\/www.comau.com\/pt-br\/contact-us\/#primaryimage\",\"url\":\"https:\/\/www.comau.com\/wp-content\/uploads\/2021\/06\/Comau_-Careers_MainImage.jpg\",\"contentUrl\":\"https:\/\/www.comau.com\/wp-content\/uploads\/2021\/06\/Comau_-Careers_MainImage.jpg\",\"width\":1425,\"height\":450},{\"@type\":\"BreadcrumbList\",\"@id\":\"https:\/\/www.comau.com\/pt-br\/contact-us\/#breadcrumb\",\"itemListElement\":[{\"@type\":\"ListItem\",\"position\":1,\"name\":\"Home\",\"item\":\"https:\/\/www.comau.com\/pt-br\/\"},{\"@type\":\"ListItem\",\"position\":2,\"name\":\"Contate-nos\"}]},{\"@type\":\"WebSite\",\"@id\":\"https:\/\/www.comau.com\/pt-br\/#website\",\"url\":\"https:\/\/www.comau.com\/pt-br\/\",\"name\":\"Comau\",\"description\":\"Industrial automation and robotics\",\"publisher\":{\"@id\":\"https:\/\/www.comau.com\/pt-br\/#organization\"},\"potentialAction\":[{\"@type\":\"SearchAction\",\"target\":{\"@type\":\"EntryPoint\",\"urlTemplate\":\"https:\/\/www.comau.com\/pt-br\/?s={search_term_string}\"},\"query-input\":{\"@type\":\"PropertyValueSpecification\",\"valueRequired\":true,\"valueName\":\"search_term_string\"}}],\"inLanguage\":\"pt-BR\"},{\"@type\":\"Organization\",\"@id\":\"https:\/\/www.comau.com\/pt-br\/#organization\",\"name\":\"Comau\",\"url\":\"https:\/\/www.comau.com\/pt-br\/\",\"logo\":{\"@type\":\"ImageObject\",\"inLanguage\":\"pt-BR\",\"@id\":\"https:\/\/www.comau.com\/pt-br\/#\/schema\/logo\/image\/\",\"url\":\"https:\/\/www.comau.com\/wp-content\/uploads\/2024\/07\/cropped-Logo-COMAU.png\",\"contentUrl\":\"https:\/\/www.comau.com\/wp-content\/uploads\/2024\/07\/cropped-Logo-COMAU.png\",\"width\":434,\"height\":434,\"caption\":\"Comau\"},\"image\":{\"@id\":\"https:\/\/www.comau.com\/pt-br\/#\/schema\/logo\/image\/\"},\"sameAs\":[\"https:\/\/www.facebook.com\/COMAU\/\",\"https:\/\/x.com\/comaugroup\",\"https:\/\/www.instagram.com\/comaugroup\/\",\"https:\/\/www.linkedin.com\/company\/comau\",\"https:\/\/www.youtube.com\/user\/comau\"]}]}<\/script>\n<!-- \/ Yoast SEO plugin. -->","yoast_head_json":{"title":"Contate-nos - Comau","robots":{"index":"index","follow":"follow","max-snippet":"max-snippet:-1","max-image-preview":"max-image-preview:large","max-video-preview":"max-video-preview:-1"},"canonical":"https:\/\/www.comau.com\/pt-br\/contact-us\/","og_locale":"pt_BR","og_type":"article","og_title":"Contate-nos - Comau","og_description":"\u00c1rea de vendas Se deseja receber informa\u00e7\u00f5es comerciais sobre nossos produtos e servi\u00e7os, preencha o formul\u00e1rio e ser\u00e1 contatado o mais breve poss\u00edvel. Servi\u00e7o ao cliente Se precisar de assist\u00eancia ou suporte t\u00e9cnico em nossos produtos ou servi\u00e7os, escreva para n\u00f3s preenchendo o seguinte formul\u00e1rio. \u00c1rea de m\u00eddia Voc\u00ea pode entrar em contato com nossa [&hellip;]","og_url":"https:\/\/www.comau.com\/pt-br\/contact-us\/","og_site_name":"Comau","article_publisher":"https:\/\/www.facebook.com\/COMAU\/","article_modified_time":"2024-12-06T16:40:46+00:00","og_image":[{"width":1425,"height":450,"url":"https:\/\/www.comau.com\/wp-content\/uploads\/2021\/06\/Comau_-Careers_MainImage.jpg","type":"image\/jpeg"}],"twitter_card":"summary_large_image","twitter_site":"@comaugroup","twitter_misc":{"Est. tempo de leitura":"2 minutos"},"schema":{"@context":"https:\/\/schema.org","@graph":[{"@type":"WebPage","@id":"https:\/\/www.comau.com\/pt-br\/contact-us\/","url":"https:\/\/www.comau.com\/pt-br\/contact-us\/","name":"Contate-nos - Comau","isPartOf":{"@id":"https:\/\/www.comau.com\/pt-br\/#website"},"primaryImageOfPage":{"@id":"https:\/\/www.comau.com\/pt-br\/contact-us\/#primaryimage"},"image":{"@id":"https:\/\/www.comau.com\/pt-br\/contact-us\/#primaryimage"},"thumbnailUrl":"https:\/\/www.comau.com\/wp-content\/uploads\/2021\/06\/Comau_-Careers_MainImage.jpg","datePublished":"2021-05-30T22:05:00+00:00","dateModified":"2024-12-06T16:40:46+00:00","breadcrumb":{"@id":"https:\/\/www.comau.com\/pt-br\/contact-us\/#breadcrumb"},"inLanguage":"pt-BR","potentialAction":[{"@type":"ReadAction","target":["https:\/\/www.comau.com\/pt-br\/contact-us\/"]}]},{"@type":"ImageObject","inLanguage":"pt-BR","@id":"https:\/\/www.comau.com\/pt-br\/contact-us\/#primaryimage","url":"https:\/\/www.comau.com\/wp-content\/uploads\/2021\/06\/Comau_-Careers_MainImage.jpg","contentUrl":"https:\/\/www.comau.com\/wp-content\/uploads\/2021\/06\/Comau_-Careers_MainImage.jpg","width":1425,"height":450},{"@type":"BreadcrumbList","@id":"https:\/\/www.comau.com\/pt-br\/contact-us\/#breadcrumb","itemListElement":[{"@type":"ListItem","position":1,"name":"Home","item":"https:\/\/www.comau.com\/pt-br\/"},{"@type":"ListItem","position":2,"name":"Contate-nos"}]},{"@type":"WebSite","@id":"https:\/\/www.comau.com\/pt-br\/#website","url":"https:\/\/www.comau.com\/pt-br\/","name":"Comau","description":"Industrial automation and robotics","publisher":{"@id":"https:\/\/www.comau.com\/pt-br\/#organization"},"potentialAction":[{"@type":"SearchAction","target":{"@type":"EntryPoint","urlTemplate":"https:\/\/www.comau.com\/pt-br\/?s={search_term_string}"},"query-input":{"@type":"PropertyValueSpecification","valueRequired":true,"valueName":"search_term_string"}}],"inLanguage":"pt-BR"},{"@type":"Organization","@id":"https:\/\/www.comau.com\/pt-br\/#organization","name":"Comau","url":"https:\/\/www.comau.com\/pt-br\/","logo":{"@type":"ImageObject","inLanguage":"pt-BR","@id":"https:\/\/www.comau.com\/pt-br\/#\/schema\/logo\/image\/","url":"https:\/\/www.comau.com\/wp-content\/uploads\/2024\/07\/cropped-Logo-COMAU.png","contentUrl":"https:\/\/www.comau.com\/wp-content\/uploads\/2024\/07\/cropped-Logo-COMAU.png","width":434,"height":434,"caption":"Comau"},"image":{"@id":"https:\/\/www.comau.com\/pt-br\/#\/schema\/logo\/image\/"},"sameAs":["https:\/\/www.facebook.com\/COMAU\/","https:\/\/x.com\/comaugroup","https:\/\/www.instagram.com\/comaugroup\/","https:\/\/www.linkedin.com\/company\/comau","https:\/\/www.youtube.com\/user\/comau"]}]}},"_links":{"self":[{"href":"https:\/\/www.comau.com\/pt-br\/wp-json\/wp\/v2\/pages\/6544","targetHints":{"allow":["GET"]}}],"collection":[{"href":"https:\/\/www.comau.com\/pt-br\/wp-json\/wp\/v2\/pages"}],"about":[{"href":"https:\/\/www.comau.com\/pt-br\/wp-json\/wp\/v2\/types\/page"}],"author":[{"embeddable":true,"href":"https:\/\/www.comau.com\/pt-br\/wp-json\/wp\/v2\/users\/11"}],"replies":[{"embeddable":true,"href":"https:\/\/www.comau.com\/pt-br\/wp-json\/wp\/v2\/comments?post=6544"}],"version-history":[{"count":9,"href":"https:\/\/www.comau.com\/pt-br\/wp-json\/wp\/v2\/pages\/6544\/revisions"}],"predecessor-version":[{"id":71421,"href":"https:\/\/www.comau.com\/pt-br\/wp-json\/wp\/v2\/pages\/6544\/revisions\/71421"}],"wp:featuredmedia":[{"embeddable":true,"href":"https:\/\/www.comau.com\/pt-br\/wp-json\/wp\/v2\/media\/4176"}],"wp:attachment":[{"href":"https:\/\/www.comau.com\/pt-br\/wp-json\/wp\/v2\/media?parent=6544"}],"curies":[{"name":"wp","href":"https:\/\/api.w.org\/{rel}","templated":true}]}}