{"id":6509,"date":"2021-05-31T02:11:18","date_gmt":"2021-05-31T00:11:18","guid":{"rendered":"https:\/\/www.comau.com\/privacy\/"},"modified":"2025-03-11T16:27:27","modified_gmt":"2025-03-11T15:27:27","slug":"privacy","status":"publish","type":"page","link":"https:\/\/www.comau.com\/pt-br\/privacy\/","title":{"rendered":"Pol\u00edtica de privacidade"},"content":{"rendered":"\n<p>A Pol\u00edtica de Privacidade visa descrever a gest\u00e3o dos Dados Pessoais coletados pela Comau S.p.A. (\u201cCompanhia\u201d) atrav\u00e9s deste site, conforme a lei aplic\u00e1vel.<\/p>\n\n\n\n<p><strong>DADOS PESSOAIS COLETADOS<\/strong><\/p>\n\n\n\n<p>Os Dados Pessoais que podem ser coletados s\u00e3o os seguintes:<\/p>\n\n\n\n<ol start=\"1\" style=\"list-style-type:upper-roman\" class=\"wp-block-list\">\n<li>Dados pessoais fornecidos para receber um servi\u00e7o espec\u00edfico (por exemplo, nome e detalhes de contato);<\/li>\n\n\n\n<li>Dados de navega\u00e7\u00e3o (por exemplo, endere\u00e7o de IP, localiza\u00e7\u00e3o [pa\u00eds], informa\u00e7\u00f5es sobre p\u00e1ginas visitadas pelo usu\u00e1rio dentro do site, tempo de acesso no site, tempo de navega\u00e7\u00e3o em cada p\u00e1gina, an\u00e1lise de <em>clickstream<\/em>. Embora a Companhia n\u00e3o colete essa informa\u00e7\u00e3o para vincul\u00e1-la a usu\u00e1rios espec\u00edficos, ainda \u00e9 poss\u00edvel identificar esses usu\u00e1rios, seja diretamente, atrav\u00e9s dessa informa\u00e7\u00e3o ou usando outra informa\u00e7\u00e3o coletada);<\/li>\n\n\n\n<li>Cookies (ou seja, pequenos arquivos de texto que podem ser enviados e registrados no computador do usu\u00e1rio pelos sites visitados, para que depois sejam reenviados a esses mesmos sites quando o usu\u00e1rio os visita novamente). Consulte a Pol\u00edtica de Cookies do site para mais detalhes.<\/li>\n<\/ol>\n\n\n\n<p><strong>DADOS DE MENORES<\/strong><\/p>\n\n\n\n<p>A Comau S.p.A. n\u00e3o permite que menores de 18 (dezoito) anos forne\u00e7am Dados Pessoais.<\/p>\n\n\n\n<p><strong>FINALIDADE E PROCESSO DO TRATAMENTO<\/strong><\/p>\n\n\n\n<p>Os Dados Pessoais coletados (\u201cDados\u201d) podem ser processados para os seguintes fins:<\/p>\n\n\n\n<ol start=\"1\" style=\"list-style-type:lower-alpha\" class=\"wp-block-list\">\n<li>Executar uma solicita\u00e7\u00e3o espec\u00edfica do usu\u00e1rio ou fornecer o servi\u00e7o solicitado (\u201cservi\u00e7o\u201d);<\/li>\n\n\n\n<li>Permitir que a Companhia realize pesquisas de satisfa\u00e7\u00e3o dos clientes (\u201cSatisfa\u00e7\u00e3o do Cliente\u201d) relacionadas \u00e0 qualidade dos bens e servi\u00e7os da Companhia, segundo o leg\u00edtimo interesse da Companhia;<\/li>\n\n\n\n<li>Sujeito ao seu consentimento expresso, enviar comunica\u00e7\u00f5es comerciais, bem como enviar publicidade sobre produtos e servi\u00e7os da Companhia, ou realizar pesquisas de mercado (\u201cMarketing\u201d);<\/li>\n\n\n\n<li>Sujeito ao seu consentimento expresso, analisar seus comportamentos, h\u00e1bitos e propens\u00e3o a consumir para melhorar os produtos e servi\u00e7os fornecidos pela Companhia, assim como atender suas expectativas (\u201cPersonaliza\u00e7\u00e3o de Conte\u00fado ou Segmenta\u00e7\u00e3o\u201d);<\/li>\n\n\n\n<li>Sujeito ao seu consentimento expresso, comunicar Dados a subsidi\u00e1rias e afiliadas da Companhia, bem como aos seus parceiros nos setores automotivo, financeiro, de seguros e telecomunica\u00e7\u00f5es, que os processar\u00e3o para enviar comunica\u00e7\u00f5es comerciais, bem como publicidade sobre seus produtos e servi\u00e7os, ou realizar pesquisas de mercado (\u201cMarketing de terceiros\u201d);<\/li>\n\n\n\n<li>Melhorar a experi\u00eancia do usu\u00e1rio nos sites da Companhia. Os Dados podem ser processados em formato impresso, por meios automatizados ou eletr\u00f4nicos, incluindo correio ou e-mail, telefone (por exemplo, chamadas telef\u00f4nicas automatizadas, SMS, MMS), fax e qualquer outro meio (por exemplo, sites, aplicativos m\u00f3veis).<\/li>\n<\/ol>\n\n\n\n<p><strong>DESTINAT\u00c1RIOS DOS DADOS<\/strong><\/p>\n\n\n\n<p>Os Dados podem ser processados por pessoas f\u00edsicas e\/ou jur\u00eddicas, atuando em nome da Companhia e sob obriga\u00e7\u00f5es contratuais espec\u00edficas, com base em Estados-Membros da Uni\u00e3o Europeia (\u201cEU\u201d) ou em pa\u00edses de fora da UE. Os Dados podem ser comunicados a terceiros para cumprir obriga\u00e7\u00f5es legais, para executar ordens de Autoridades P\u00fablicas ou para exercer um direito da Companhia perante autoridades judiciais.<\/p>\n\n\n\n<p><strong>TRANSFER\u00caNCIA DE DADOS FORA DO EEE<\/strong><\/p>\n\n\n\n<p>Dentro de suas rela\u00e7\u00f5es contratuais, a Companhia pode transferir os Dados para pa\u00edses fora do Espa\u00e7o Econ\u00f4mico Europeu (\u201cEEE\u201d), incluindo armazen\u00e1-los em bancos de Dados administrados por entidades que atuam em nome da Companhia. A gest\u00e3o de bancos de Dados e o processamento dos Dados s\u00e3o regidos pelos prop\u00f3sitos do processamento e s\u00e3o realizados consoante a lei de prote\u00e7\u00e3o de Dados aplic\u00e1vel.<\/p>\n\n\n\n<p>Caso os Dados sejam transferidos para fora do EEE, a Companhia utilizar\u00e1 todas as medidas contratuais apropriadas para garantir uma prote\u00e7\u00e3o adequada dos Dados, incluindo, entre outras, acordos baseados nas cl\u00e1usulas contratuais padr\u00e3o adotadas pela Comiss\u00e3o da UE para regular a transfer\u00eancia de Dados pessoais fora do EEE.<\/p>\n\n\n\n<p><strong>LINKS PARA SITES DE TERCEIROS<\/strong><\/p>\n\n\n\n<p>Os sites de terceiros que podem ser acessados a partir deste site est\u00e3o sob a responsabilidade de terceiros. A Companhia declina toda responsabilidade em rela\u00e7\u00e3o a solicita\u00e7\u00f5es e\/ou fornecimento de Dados Pessoais a sites de terceiros.<\/p>\n\n\n\n<p><strong>JavaScript<\/strong><\/p>\n\n\n\n<p>Esta \u00e9 uma t\u00e9cnica utilizada como alternativa \u00e0 an\u00e1lise direta de arquivos de registro de servidores web. Consiste em coletar e processar dados de navega\u00e7\u00e3o utilizando c\u00f3digo JavaScript dedicado nas p\u00e1ginas HTML consideradas de interesse.<\/p>\n\n\n\n<p><strong>Google Analytics<\/strong><\/p>\n\n\n\n<p>Este site utiliza o servi\u00e7o externo de an\u00e1lise da web fornecido pelo Google Analytics, que utiliza tecnologia JavaScript para permitir que o site analise como os usu\u00e1rios usam este site. A informa\u00e7\u00e3o sobre o uso do site pelo usu\u00e1rio (incluindo seu endere\u00e7o de IP) ser\u00e1 enviada e armazenada nos servidores do Google Analytics. O Google Analytics utilizar\u00e1 estas informa\u00e7\u00f5es para rastrear e examinar o uso do site, criar relat\u00f3rios sobre as atividades do site para os operadores do site e fornecer outros servi\u00e7os relacionados \u00e0s atividades do site e ao uso da Internet.<\/p>\n\n\n\n<p>O Google Analytics tamb\u00e9m pode transferir estas informa\u00e7\u00f5es a terceiros quando requerido por lei ou quando esses terceiros processarem as informa\u00e7\u00f5es mencionadas em nome do Google Analytics. O Google Analytics n\u00e3o associar\u00e1 seu endere\u00e7o de IP a nenhum outro dado que possua. Ao usar este site, o usu\u00e1rio consente no processamento de seus Dados Pessoais pelo Google Analytics para os fins e procedimentos anteriormente mencionados.<\/p>\n\n\n\n<p><strong>RESPONS\u00c1VEL E EQUIPE DE PROTE\u00c7\u00c3O DE DADOS<\/strong><\/p>\n\n\n\n<p>O respons\u00e1vel \u00e9 a Comau do Brasil Automa\u00e7\u00e3o e Servi\u00e7os Industriais LTDA., sociedade inscrita no CNPJ sob o n\u00ba 40.331.350\/0001-55, com sede na cidade de Betim, estado de Minas Gerais, na Avenida Contorno, n\u00ba 3.455, Galp\u00e3o 57 \u2013 Parte, CEP 32.669-900. Pode contactar a equipe de Prote\u00e7\u00e3o de Dados no endere\u00e7o de e-mail privacy@comau.com.<\/p>\n\n\n\n<p><strong>RETEN\u00c7\u00c3O DE DADOS<\/strong><\/p>\n\n\n\n<p>Os Dados processados para fornecer o Servi\u00e7o e a Satisfa\u00e7\u00e3o do Cliente ser\u00e3o mantidos pela Companhia durante o per\u00edodo considerado estritamente necess\u00e1rio para cumprir com tais prop\u00f3sitos. No entanto, a Companhia pode continuar armazenando esses Dados por um per\u00edodo mais longo, conforme necess\u00e1rio para proteger os interesses da Companhia relacionados \u00e0 poss\u00edveis responsabilidades relacionadas com a presta\u00e7\u00e3o do Servi\u00e7o.<\/p>\n\n\n\n<p>Os Dados processados para fins de Marketing e Personaliza\u00e7\u00e3o de Conte\u00fado ou Segmenta\u00e7\u00e3o ser\u00e3o mantidos pela Companhia desde o momento em que voc\u00ea der seu consentimento at\u00e9 que o retire. Uma vez retirado o consentimento, os Dados n\u00e3o ser\u00e3o mais utilizados para esses fins, embora possam ser mantidos pela Companhia, particularmente conforme necess\u00e1rio para proteger os interesses da Companhia relacionados \u00e0 poss\u00edveis responsabilidades relacionadas com esse processamento, a menos que sejam fornecidos esclarecimentos adicionais pela Autoridade Supervisora competente a esse respeito. O processamento de Dados para melhorar a experi\u00eancia do usu\u00e1rio nos sites ser\u00e1 mantido durante os per\u00edodos indicados na Pol\u00edtica de Cookies da Companhia.<\/p>\n\n\n\n<p><strong>DIREITOS DOS INTERESSADOS<\/strong><\/p>\n\n\n\n<h3 class=\"wp-block-heading\"><a><\/a>Os interessados podem exercer os seguintes direitos:<\/h3>\n\n\n\n<ol start=\"1\" class=\"wp-block-list\">\n<li>Direito de acesso: significa o direito de obter da Companhia a confirma\u00e7\u00e3o de que seus Dados est\u00e3o sendo processados e, quando aplic\u00e1vel, ter acesso a eles;<\/li>\n\n\n\n<li>Direito \u00e0 retifica\u00e7\u00e3o e direito \u00e0 elimina\u00e7\u00e3o: significa o direito de obter a retifica\u00e7\u00e3o de Dados inexatos e\/ou incompletos, bem como a elimina\u00e7\u00e3o de Dados quando a solicita\u00e7\u00e3o for leg\u00edtima;<\/li>\n\n\n\n<li>Direito \u00e0 restri\u00e7\u00e3o do processamento: significa o direito de solicitar a suspens\u00e3o do processamento quando a solicita\u00e7\u00e3o for leg\u00edtima;<\/li>\n\n\n\n<li>Direito \u00e0 portabilidade de Dados: significa o direito de obter os Dados em um formato estruturado, de uso comum e leg\u00edvel, bem como o direito de transferir os Dados a outros respons\u00e1veis;<\/li>\n\n\n\n<li>Direito a se opor: significa o direito de se opor ao processamento de Dados quando a solicita\u00e7\u00e3o for leg\u00edtima, incluindo quando os Dados s\u00e3o processados para fins de Marketing ou Personaliza\u00e7\u00e3o de Conte\u00fado ou Segmenta\u00e7\u00e3o, se aplic\u00e1vel;<\/li>\n\n\n\n<li>Direito a apresentar uma queixa perante uma autoridade supervisora em caso de processamento ilegal de Dados.<\/li>\n<\/ol>\n\n\n\n<p>Os interessados podem exercer os direitos mencionados escrevendo para Comau do Brasil Automa\u00e7\u00e3o e Servi\u00e7os Industriais LTDA., sociedade inscrita no CNPJ sob o n\u00ba 40.331.350\/0001-55, com sede na cidade de Betim, estado de Minas Gerais, na Avenida Contorno, n\u00ba 3.455, Galp\u00e3o 57 \u2013 Parte, CEP 32.669-900, ou para o endere\u00e7o de e-mail privacy@comau.com.<\/p>\n\n\n\n<p><strong>MODIFICA\u00c7\u00d5ES<\/strong><\/p>\n\n\n\n<p>Esta Pol\u00edtica de Privacidade entrou em vigor em 24.04.2018.<\/p>\n\n\n\n<p>A Companhia reserva-se o direito de modificar parcial ou totalmente a Pol\u00edtica de Privacidade, ou simplesmente atualizar seu conte\u00fado (por exemplo, como resultado de mudan\u00e7as na lei aplic\u00e1vel). A Companhia publicar\u00e1 qualquer atualiza\u00e7\u00e3o neste site.<\/p>\n","protected":false},"excerpt":{"rendered":"<p>A Pol\u00edtica de Privacidade visa descrever a gest\u00e3o dos Dados Pessoais coletados pela Comau S.p.A. (\u201cCompanhia\u201d) atrav\u00e9s deste site, conforme a lei aplic\u00e1vel. DADOS PESSOAIS COLETADOS Os Dados Pessoais que podem ser coletados s\u00e3o os seguintes: DADOS DE MENORES A Comau S.p.A. n\u00e3o permite que menores de 18 (dezoito) anos forne\u00e7am Dados Pessoais. FINALIDADE E [&hellip;]<\/p>\n","protected":false},"author":11,"featured_media":0,"parent":0,"menu_order":11,"comment_status":"closed","ping_status":"closed","template":"","meta":{"_acf_changed":false,"ep_exclude_from_search":false,"footnotes":""},"class_list":["post-6509","page","type-page","status-publish","hentry"],"acf":[],"yoast_head":"<!-- This site is optimized with the Yoast SEO plugin v26.9 - https:\/\/yoast.com\/product\/yoast-seo-wordpress\/ -->\n<title>Pol\u00edtica de privacidade - Comau<\/title>\n<meta name=\"robots\" content=\"index, follow, max-snippet:-1, max-image-preview:large, max-video-preview:-1\" \/>\n<link rel=\"canonical\" href=\"https:\/\/www.comau.com\/pt-br\/privacy\/\" \/>\n<meta property=\"og:locale\" content=\"pt_BR\" \/>\n<meta property=\"og:type\" content=\"article\" \/>\n<meta property=\"og:title\" content=\"Pol\u00edtica de privacidade - Comau\" \/>\n<meta property=\"og:description\" content=\"A Pol\u00edtica de Privacidade visa descrever a gest\u00e3o dos Dados Pessoais coletados pela Comau S.p.A. (\u201cCompanhia\u201d) atrav\u00e9s deste site, conforme a lei aplic\u00e1vel. DADOS PESSOAIS COLETADOS Os Dados Pessoais que podem ser coletados s\u00e3o os seguintes: DADOS DE MENORES A Comau S.p.A. n\u00e3o permite que menores de 18 (dezoito) anos forne\u00e7am Dados Pessoais. FINALIDADE E [&hellip;]\" \/>\n<meta property=\"og:url\" content=\"https:\/\/www.comau.com\/pt-br\/privacy\/\" \/>\n<meta property=\"og:site_name\" content=\"Comau\" \/>\n<meta property=\"article:publisher\" content=\"https:\/\/www.facebook.com\/COMAU\/\" \/>\n<meta property=\"article:modified_time\" content=\"2025-03-11T15:27:27+00:00\" \/>\n<meta name=\"twitter:card\" content=\"summary_large_image\" \/>\n<meta name=\"twitter:site\" content=\"@comaugroup\" \/>\n<meta name=\"twitter:label1\" content=\"Est. tempo de leitura\" \/>\n\t<meta name=\"twitter:data1\" content=\"7 minutos\" \/>\n<script type=\"application\/ld+json\" class=\"yoast-schema-graph\">{\"@context\":\"https:\/\/schema.org\",\"@graph\":[{\"@type\":\"WebPage\",\"@id\":\"https:\/\/www.comau.com\/pt-br\/privacy\/\",\"url\":\"https:\/\/www.comau.com\/pt-br\/privacy\/\",\"name\":\"Pol\u00edtica de privacidade - Comau\",\"isPartOf\":{\"@id\":\"https:\/\/www.comau.com\/pt-br\/#website\"},\"datePublished\":\"2021-05-31T00:11:18+00:00\",\"dateModified\":\"2025-03-11T15:27:27+00:00\",\"breadcrumb\":{\"@id\":\"https:\/\/www.comau.com\/pt-br\/privacy\/#breadcrumb\"},\"inLanguage\":\"pt-BR\",\"potentialAction\":[{\"@type\":\"ReadAction\",\"target\":[\"https:\/\/www.comau.com\/pt-br\/privacy\/\"]}]},{\"@type\":\"BreadcrumbList\",\"@id\":\"https:\/\/www.comau.com\/pt-br\/privacy\/#breadcrumb\",\"itemListElement\":[{\"@type\":\"ListItem\",\"position\":1,\"name\":\"Home\",\"item\":\"https:\/\/www.comau.com\/pt-br\/\"},{\"@type\":\"ListItem\",\"position\":2,\"name\":\"Pol\u00edtica de privacidade\"}]},{\"@type\":\"WebSite\",\"@id\":\"https:\/\/www.comau.com\/pt-br\/#website\",\"url\":\"https:\/\/www.comau.com\/pt-br\/\",\"name\":\"Comau\",\"description\":\"Industrial automation and robotics\",\"publisher\":{\"@id\":\"https:\/\/www.comau.com\/pt-br\/#organization\"},\"potentialAction\":[{\"@type\":\"SearchAction\",\"target\":{\"@type\":\"EntryPoint\",\"urlTemplate\":\"https:\/\/www.comau.com\/pt-br\/?s={search_term_string}\"},\"query-input\":{\"@type\":\"PropertyValueSpecification\",\"valueRequired\":true,\"valueName\":\"search_term_string\"}}],\"inLanguage\":\"pt-BR\"},{\"@type\":\"Organization\",\"@id\":\"https:\/\/www.comau.com\/pt-br\/#organization\",\"name\":\"Comau\",\"url\":\"https:\/\/www.comau.com\/pt-br\/\",\"logo\":{\"@type\":\"ImageObject\",\"inLanguage\":\"pt-BR\",\"@id\":\"https:\/\/www.comau.com\/pt-br\/#\/schema\/logo\/image\/\",\"url\":\"https:\/\/www.comau.com\/wp-content\/uploads\/2024\/07\/cropped-Logo-COMAU.png\",\"contentUrl\":\"https:\/\/www.comau.com\/wp-content\/uploads\/2024\/07\/cropped-Logo-COMAU.png\",\"width\":434,\"height\":434,\"caption\":\"Comau\"},\"image\":{\"@id\":\"https:\/\/www.comau.com\/pt-br\/#\/schema\/logo\/image\/\"},\"sameAs\":[\"https:\/\/www.facebook.com\/COMAU\/\",\"https:\/\/x.com\/comaugroup\",\"https:\/\/www.instagram.com\/comaugroup\/\",\"https:\/\/www.linkedin.com\/company\/comau\",\"https:\/\/www.youtube.com\/user\/comau\"]}]}<\/script>\n<!-- \/ Yoast SEO plugin. -->","yoast_head_json":{"title":"Pol\u00edtica de privacidade - Comau","robots":{"index":"index","follow":"follow","max-snippet":"max-snippet:-1","max-image-preview":"max-image-preview:large","max-video-preview":"max-video-preview:-1"},"canonical":"https:\/\/www.comau.com\/pt-br\/privacy\/","og_locale":"pt_BR","og_type":"article","og_title":"Pol\u00edtica de privacidade - Comau","og_description":"A Pol\u00edtica de Privacidade visa descrever a gest\u00e3o dos Dados Pessoais coletados pela Comau S.p.A. (\u201cCompanhia\u201d) atrav\u00e9s deste site, conforme a lei aplic\u00e1vel. DADOS PESSOAIS COLETADOS Os Dados Pessoais que podem ser coletados s\u00e3o os seguintes: DADOS DE MENORES A Comau S.p.A. n\u00e3o permite que menores de 18 (dezoito) anos forne\u00e7am Dados Pessoais. FINALIDADE E [&hellip;]","og_url":"https:\/\/www.comau.com\/pt-br\/privacy\/","og_site_name":"Comau","article_publisher":"https:\/\/www.facebook.com\/COMAU\/","article_modified_time":"2025-03-11T15:27:27+00:00","twitter_card":"summary_large_image","twitter_site":"@comaugroup","twitter_misc":{"Est. tempo de leitura":"7 minutos"},"schema":{"@context":"https:\/\/schema.org","@graph":[{"@type":"WebPage","@id":"https:\/\/www.comau.com\/pt-br\/privacy\/","url":"https:\/\/www.comau.com\/pt-br\/privacy\/","name":"Pol\u00edtica de privacidade - Comau","isPartOf":{"@id":"https:\/\/www.comau.com\/pt-br\/#website"},"datePublished":"2021-05-31T00:11:18+00:00","dateModified":"2025-03-11T15:27:27+00:00","breadcrumb":{"@id":"https:\/\/www.comau.com\/pt-br\/privacy\/#breadcrumb"},"inLanguage":"pt-BR","potentialAction":[{"@type":"ReadAction","target":["https:\/\/www.comau.com\/pt-br\/privacy\/"]}]},{"@type":"BreadcrumbList","@id":"https:\/\/www.comau.com\/pt-br\/privacy\/#breadcrumb","itemListElement":[{"@type":"ListItem","position":1,"name":"Home","item":"https:\/\/www.comau.com\/pt-br\/"},{"@type":"ListItem","position":2,"name":"Pol\u00edtica de privacidade"}]},{"@type":"WebSite","@id":"https:\/\/www.comau.com\/pt-br\/#website","url":"https:\/\/www.comau.com\/pt-br\/","name":"Comau","description":"Industrial automation and robotics","publisher":{"@id":"https:\/\/www.comau.com\/pt-br\/#organization"},"potentialAction":[{"@type":"SearchAction","target":{"@type":"EntryPoint","urlTemplate":"https:\/\/www.comau.com\/pt-br\/?s={search_term_string}"},"query-input":{"@type":"PropertyValueSpecification","valueRequired":true,"valueName":"search_term_string"}}],"inLanguage":"pt-BR"},{"@type":"Organization","@id":"https:\/\/www.comau.com\/pt-br\/#organization","name":"Comau","url":"https:\/\/www.comau.com\/pt-br\/","logo":{"@type":"ImageObject","inLanguage":"pt-BR","@id":"https:\/\/www.comau.com\/pt-br\/#\/schema\/logo\/image\/","url":"https:\/\/www.comau.com\/wp-content\/uploads\/2024\/07\/cropped-Logo-COMAU.png","contentUrl":"https:\/\/www.comau.com\/wp-content\/uploads\/2024\/07\/cropped-Logo-COMAU.png","width":434,"height":434,"caption":"Comau"},"image":{"@id":"https:\/\/www.comau.com\/pt-br\/#\/schema\/logo\/image\/"},"sameAs":["https:\/\/www.facebook.com\/COMAU\/","https:\/\/x.com\/comaugroup","https:\/\/www.instagram.com\/comaugroup\/","https:\/\/www.linkedin.com\/company\/comau","https:\/\/www.youtube.com\/user\/comau"]}]}},"_links":{"self":[{"href":"https:\/\/www.comau.com\/pt-br\/wp-json\/wp\/v2\/pages\/6509","targetHints":{"allow":["GET"]}}],"collection":[{"href":"https:\/\/www.comau.com\/pt-br\/wp-json\/wp\/v2\/pages"}],"about":[{"href":"https:\/\/www.comau.com\/pt-br\/wp-json\/wp\/v2\/types\/page"}],"author":[{"embeddable":true,"href":"https:\/\/www.comau.com\/pt-br\/wp-json\/wp\/v2\/users\/11"}],"replies":[{"embeddable":true,"href":"https:\/\/www.comau.com\/pt-br\/wp-json\/wp\/v2\/comments?post=6509"}],"version-history":[{"count":3,"href":"https:\/\/www.comau.com\/pt-br\/wp-json\/wp\/v2\/pages\/6509\/revisions"}],"predecessor-version":[{"id":73989,"href":"https:\/\/www.comau.com\/pt-br\/wp-json\/wp\/v2\/pages\/6509\/revisions\/73989"}],"wp:attachment":[{"href":"https:\/\/www.comau.com\/pt-br\/wp-json\/wp\/v2\/media?parent=6509"}],"curies":[{"name":"wp","href":"https:\/\/api.w.org\/{rel}","templated":true}]}}