{"id":6499,"date":"2021-05-31T02:13:25","date_gmt":"2021-05-31T00:13:25","guid":{"rendered":"https:\/\/www.comau.com\/company-info\/"},"modified":"2025-01-14T17:19:44","modified_gmt":"2025-01-14T16:19:44","slug":"company-info","status":"publish","type":"page","link":"https:\/\/www.comau.com\/pt-br\/company-info\/","title":{"rendered":"Company Info"},"content":{"rendered":"\n<h2 class=\"wp-block-heading has-large-font-size\">A Comau \u00e9 l\u00edder mundial no fornecimento de solu\u00e7\u00f5es de automa\u00e7\u00e3o avan\u00e7adas sustent\u00e1veis <\/h2>\n\n\n\n<p>Com 50 anos de experi\u00eancia e presen\u00e7a global, a Comau est\u00e1 ajudando empresas de todos os tamanhos, em quase todos os setores, a aproveitar os benef\u00edcios da automa\u00e7\u00e3o. <\/p>\n\n\n\n<p>Apoiada por um compromisso cont\u00ednuo de elaborar e desenvolver tecnologias inovadoras e f\u00e1ceis de usar, seu portf\u00f3lio inclui produtos e sistemas para fabrica\u00e7\u00e3o de ve\u00edculos, com forte presen\u00e7a em e-Mobility, bem como rob\u00f3tica avan\u00e7ada e solu\u00e7\u00f5es digitais para atender mercados em r\u00e1pida expans\u00e3o nos setores industriais. <\/p>\n\n\n\n<p>A oferta da empresa tamb\u00e9m se estende ao gerenciamento de projetos e consultoria. Por meio das atividades de treinamento organizadas por sua academia, a Comau se compromete a aprimorar o conhecimento t\u00e9cnico e administrativo necess\u00e1rio para enfrentar os desafios relacionados \u00e0 automa\u00e7\u00e3o e aproveitar as oportunidades de um mercado em constante mudan\u00e7a. <\/p>\n\n\n\n<p>Com sede em Turim, It\u00e1lia, a Comau possui uma rede internacional de 7 centros de inova\u00e7\u00e3o e 12 f\u00e1bricas que abrangem 12 pa\u00edses e empregam 3.700 pessoas. Juntamente com a sua ampla rede de distribuidores e parceiros, a empresa \u00e9 capaz de responder rapidamente \u00e0s necessidades dos seus clientes, n\u00e3o importa onde estejam localizados no mundo. <\/p>\n\n\n\n<p>www.comau.com<\/p>\n\n\n\n<div style=\"height:100px\" aria-hidden=\"true\" class=\"wp-block-spacer\"><\/div>\n\n\n\n<h3 class=\"wp-block-heading\">Comau S.p.A.<\/h3>\n\n\n\n<p>Registered Office: Via Rivalta, 30, 10095 Grugliasco (TO) \u2013 Italy<br>Fully Paid Share Capital: Euro 48,013,959<br>Registered in the REA Torino 474119<br>Registered in the Register of Torino Companies, Tax Code and VAT n. 00952120012<br>EEC IT00952120012<\/p>\n","protected":false},"excerpt":{"rendered":"<p>A Comau \u00e9 l\u00edder mundial no fornecimento de solu\u00e7\u00f5es de automa\u00e7\u00e3o avan\u00e7adas sustent\u00e1veis Com 50 anos de experi\u00eancia e presen\u00e7a global, a Comau est\u00e1 ajudando empresas de todos os tamanhos, em quase todos os setores, a aproveitar os benef\u00edcios da automa\u00e7\u00e3o. Apoiada por um compromisso cont\u00ednuo de elaborar e desenvolver tecnologias inovadoras e f\u00e1ceis de [&hellip;]<\/p>\n","protected":false},"author":11,"featured_media":0,"parent":0,"menu_order":13,"comment_status":"closed","ping_status":"closed","template":"","meta":{"_acf_changed":false,"ep_exclude_from_search":false,"footnotes":""},"class_list":["post-6499","page","type-page","status-publish","hentry"],"acf":[],"yoast_head":"<!-- This site is optimized with the Yoast SEO plugin v26.9 - https:\/\/yoast.com\/product\/yoast-seo-wordpress\/ -->\n<title>L\u00edder mundial no setor da automa\u00e7\u00e3o industrial - Comau<\/title>\n<meta name=\"description\" content=\"A Comau \u00e9 l\u00edder mundial no setor de automa\u00e7\u00e3o industrial: descubra quem somos e o que fazemos em nosso site oficial!\" \/>\n<meta name=\"robots\" content=\"index, follow, max-snippet:-1, max-image-preview:large, max-video-preview:-1\" \/>\n<link rel=\"canonical\" href=\"https:\/\/www.comau.com\/pt-br\/company-info\/\" \/>\n<meta property=\"og:locale\" content=\"pt_BR\" \/>\n<meta property=\"og:type\" content=\"article\" \/>\n<meta property=\"og:title\" content=\"L\u00edder mundial no setor da automa\u00e7\u00e3o industrial - Comau\" \/>\n<meta property=\"og:description\" content=\"A Comau \u00e9 l\u00edder mundial no setor de automa\u00e7\u00e3o industrial: descubra quem somos e o que fazemos em nosso site oficial!\" \/>\n<meta property=\"og:url\" content=\"https:\/\/www.comau.com\/pt-br\/company-info\/\" \/>\n<meta property=\"og:site_name\" content=\"Comau\" \/>\n<meta property=\"article:publisher\" content=\"https:\/\/www.facebook.com\/COMAU\/\" \/>\n<meta property=\"article:modified_time\" content=\"2025-01-14T16:19:44+00:00\" \/>\n<meta name=\"twitter:card\" content=\"summary_large_image\" \/>\n<meta name=\"twitter:site\" content=\"@comaugroup\" \/>\n<meta name=\"twitter:label1\" content=\"Est. tempo de leitura\" \/>\n\t<meta name=\"twitter:data1\" content=\"2 minutos\" \/>\n<script type=\"application\/ld+json\" class=\"yoast-schema-graph\">{\"@context\":\"https:\/\/schema.org\",\"@graph\":[{\"@type\":\"WebPage\",\"@id\":\"https:\/\/www.comau.com\/pt-br\/company-info\/\",\"url\":\"https:\/\/www.comau.com\/pt-br\/company-info\/\",\"name\":\"L\u00edder mundial no setor da automa\u00e7\u00e3o industrial - Comau\",\"isPartOf\":{\"@id\":\"https:\/\/www.comau.com\/pt-br\/#website\"},\"datePublished\":\"2021-05-31T00:13:25+00:00\",\"dateModified\":\"2025-01-14T16:19:44+00:00\",\"description\":\"A Comau \u00e9 l\u00edder mundial no setor de automa\u00e7\u00e3o industrial: descubra quem somos e o que fazemos em nosso site oficial!\",\"breadcrumb\":{\"@id\":\"https:\/\/www.comau.com\/pt-br\/company-info\/#breadcrumb\"},\"inLanguage\":\"pt-BR\",\"potentialAction\":[{\"@type\":\"ReadAction\",\"target\":[\"https:\/\/www.comau.com\/pt-br\/company-info\/\"]}]},{\"@type\":\"BreadcrumbList\",\"@id\":\"https:\/\/www.comau.com\/pt-br\/company-info\/#breadcrumb\",\"itemListElement\":[{\"@type\":\"ListItem\",\"position\":1,\"name\":\"Home\",\"item\":\"https:\/\/www.comau.com\/pt-br\/\"},{\"@type\":\"ListItem\",\"position\":2,\"name\":\"Company Info\"}]},{\"@type\":\"WebSite\",\"@id\":\"https:\/\/www.comau.com\/pt-br\/#website\",\"url\":\"https:\/\/www.comau.com\/pt-br\/\",\"name\":\"Comau\",\"description\":\"Industrial automation and robotics\",\"publisher\":{\"@id\":\"https:\/\/www.comau.com\/pt-br\/#organization\"},\"potentialAction\":[{\"@type\":\"SearchAction\",\"target\":{\"@type\":\"EntryPoint\",\"urlTemplate\":\"https:\/\/www.comau.com\/pt-br\/?s={search_term_string}\"},\"query-input\":{\"@type\":\"PropertyValueSpecification\",\"valueRequired\":true,\"valueName\":\"search_term_string\"}}],\"inLanguage\":\"pt-BR\"},{\"@type\":\"Organization\",\"@id\":\"https:\/\/www.comau.com\/pt-br\/#organization\",\"name\":\"Comau\",\"url\":\"https:\/\/www.comau.com\/pt-br\/\",\"logo\":{\"@type\":\"ImageObject\",\"inLanguage\":\"pt-BR\",\"@id\":\"https:\/\/www.comau.com\/pt-br\/#\/schema\/logo\/image\/\",\"url\":\"https:\/\/www.comau.com\/wp-content\/uploads\/2024\/07\/cropped-Logo-COMAU.png\",\"contentUrl\":\"https:\/\/www.comau.com\/wp-content\/uploads\/2024\/07\/cropped-Logo-COMAU.png\",\"width\":434,\"height\":434,\"caption\":\"Comau\"},\"image\":{\"@id\":\"https:\/\/www.comau.com\/pt-br\/#\/schema\/logo\/image\/\"},\"sameAs\":[\"https:\/\/www.facebook.com\/COMAU\/\",\"https:\/\/x.com\/comaugroup\",\"https:\/\/www.instagram.com\/comaugroup\/\",\"https:\/\/www.linkedin.com\/company\/comau\",\"https:\/\/www.youtube.com\/user\/comau\"]}]}<\/script>\n<!-- \/ Yoast SEO plugin. -->","yoast_head_json":{"title":"L\u00edder mundial no setor da automa\u00e7\u00e3o industrial - Comau","description":"A Comau \u00e9 l\u00edder mundial no setor de automa\u00e7\u00e3o industrial: descubra quem somos e o que fazemos em nosso site oficial!","robots":{"index":"index","follow":"follow","max-snippet":"max-snippet:-1","max-image-preview":"max-image-preview:large","max-video-preview":"max-video-preview:-1"},"canonical":"https:\/\/www.comau.com\/pt-br\/company-info\/","og_locale":"pt_BR","og_type":"article","og_title":"L\u00edder mundial no setor da automa\u00e7\u00e3o industrial - Comau","og_description":"A Comau \u00e9 l\u00edder mundial no setor de automa\u00e7\u00e3o industrial: descubra quem somos e o que fazemos em nosso site oficial!","og_url":"https:\/\/www.comau.com\/pt-br\/company-info\/","og_site_name":"Comau","article_publisher":"https:\/\/www.facebook.com\/COMAU\/","article_modified_time":"2025-01-14T16:19:44+00:00","twitter_card":"summary_large_image","twitter_site":"@comaugroup","twitter_misc":{"Est. tempo de leitura":"2 minutos"},"schema":{"@context":"https:\/\/schema.org","@graph":[{"@type":"WebPage","@id":"https:\/\/www.comau.com\/pt-br\/company-info\/","url":"https:\/\/www.comau.com\/pt-br\/company-info\/","name":"L\u00edder mundial no setor da automa\u00e7\u00e3o industrial - Comau","isPartOf":{"@id":"https:\/\/www.comau.com\/pt-br\/#website"},"datePublished":"2021-05-31T00:13:25+00:00","dateModified":"2025-01-14T16:19:44+00:00","description":"A Comau \u00e9 l\u00edder mundial no setor de automa\u00e7\u00e3o industrial: descubra quem somos e o que fazemos em nosso site oficial!","breadcrumb":{"@id":"https:\/\/www.comau.com\/pt-br\/company-info\/#breadcrumb"},"inLanguage":"pt-BR","potentialAction":[{"@type":"ReadAction","target":["https:\/\/www.comau.com\/pt-br\/company-info\/"]}]},{"@type":"BreadcrumbList","@id":"https:\/\/www.comau.com\/pt-br\/company-info\/#breadcrumb","itemListElement":[{"@type":"ListItem","position":1,"name":"Home","item":"https:\/\/www.comau.com\/pt-br\/"},{"@type":"ListItem","position":2,"name":"Company Info"}]},{"@type":"WebSite","@id":"https:\/\/www.comau.com\/pt-br\/#website","url":"https:\/\/www.comau.com\/pt-br\/","name":"Comau","description":"Industrial automation and robotics","publisher":{"@id":"https:\/\/www.comau.com\/pt-br\/#organization"},"potentialAction":[{"@type":"SearchAction","target":{"@type":"EntryPoint","urlTemplate":"https:\/\/www.comau.com\/pt-br\/?s={search_term_string}"},"query-input":{"@type":"PropertyValueSpecification","valueRequired":true,"valueName":"search_term_string"}}],"inLanguage":"pt-BR"},{"@type":"Organization","@id":"https:\/\/www.comau.com\/pt-br\/#organization","name":"Comau","url":"https:\/\/www.comau.com\/pt-br\/","logo":{"@type":"ImageObject","inLanguage":"pt-BR","@id":"https:\/\/www.comau.com\/pt-br\/#\/schema\/logo\/image\/","url":"https:\/\/www.comau.com\/wp-content\/uploads\/2024\/07\/cropped-Logo-COMAU.png","contentUrl":"https:\/\/www.comau.com\/wp-content\/uploads\/2024\/07\/cropped-Logo-COMAU.png","width":434,"height":434,"caption":"Comau"},"image":{"@id":"https:\/\/www.comau.com\/pt-br\/#\/schema\/logo\/image\/"},"sameAs":["https:\/\/www.facebook.com\/COMAU\/","https:\/\/x.com\/comaugroup","https:\/\/www.instagram.com\/comaugroup\/","https:\/\/www.linkedin.com\/company\/comau","https:\/\/www.youtube.com\/user\/comau"]}]}},"_links":{"self":[{"href":"https:\/\/www.comau.com\/pt-br\/wp-json\/wp\/v2\/pages\/6499","targetHints":{"allow":["GET"]}}],"collection":[{"href":"https:\/\/www.comau.com\/pt-br\/wp-json\/wp\/v2\/pages"}],"about":[{"href":"https:\/\/www.comau.com\/pt-br\/wp-json\/wp\/v2\/types\/page"}],"author":[{"embeddable":true,"href":"https:\/\/www.comau.com\/pt-br\/wp-json\/wp\/v2\/users\/11"}],"replies":[{"embeddable":true,"href":"https:\/\/www.comau.com\/pt-br\/wp-json\/wp\/v2\/comments?post=6499"}],"version-history":[{"count":3,"href":"https:\/\/www.comau.com\/pt-br\/wp-json\/wp\/v2\/pages\/6499\/revisions"}],"predecessor-version":[{"id":71811,"href":"https:\/\/www.comau.com\/pt-br\/wp-json\/wp\/v2\/pages\/6499\/revisions\/71811"}],"wp:attachment":[{"href":"https:\/\/www.comau.com\/pt-br\/wp-json\/wp\/v2\/media?parent=6499"}],"curies":[{"name":"wp","href":"https:\/\/api.w.org\/{rel}","templated":true}]}}