{"id":6464,"date":"2021-07-01T01:09:11","date_gmt":"2021-06-30T23:09:11","guid":{"rendered":"https:\/\/www.comau.com\/?page_id=6464"},"modified":"2022-02-08T10:14:50","modified_gmt":"2022-02-08T09:14:50","slug":"project-management","status":"publish","type":"page","link":"https:\/\/www.comau.com\/pt-br\/competencies\/systems\/consultancy-education\/project-management\/","title":{"rendered":"Project Management"},"content":{"rendered":"\n<h2 class=\"wp-block-heading\" id=\"construindo-valor-para-nossos-clientes\">Construindo Valor Para Nossos Clientes<\/h2>\n\n\n\n<p>Nosso neg\u00f3cio \u00e9 orientado para projetos, e nossos projetos s\u00e3o complexos. Primeiramente, eles devem fornecer sistemas automatizados complexos; em segundo lugar, n\u00f3s trabalhamos em um mercado global, ent\u00e3o n\u00f3s precisamos integrar contribui\u00e7\u00f5es globais e demandas globais (internamente, em nossa organiza\u00e7\u00e3o, e externamente, nas organiza\u00e7\u00f5es dos Clientes). <\/p>\n\n\n\n<p>Gest\u00e3o de projetos n\u00e3o \u00e9 apenas uma necessidade interna. Significa agregar valor para nossos Clientes tamb\u00e9m. Sucesso \u00e9 o objetivo de nossos projetos e isso se traduz em sucesso para nossos Clientes, que confiam em n\u00f3s para realizar suas estrat\u00e9gias de neg\u00f3cios.<\/p>\n\n\n\n<p>Para n\u00f3s, a gest\u00e3o de projetos determina mais do que apenas o sucesso do projeto atual; \u00e9 um fator prim\u00e1rio para ajudar a administrar seu crescimento futuro.<\/p>\n\n\n\n<p>Gest\u00e3o de Projetos tem um papel central dentro de nossa estrat\u00e9gia organizacional.<\/p>\n\n\n\n<p>\u00c9 por isso que a Comau tem desenvolvido modelos integrados e ferramentas que nos permitem trabalhar melhor, de uma maneira mais inteligente e eficiente.<\/p>\n\n\n\n<div class=\"wp-block-columns columns-bg-dark three-per-row is-layout-flex wp-container-core-columns-is-layout-9d6595d7 wp-block-columns-is-layout-flex\">\n<div class=\"wp-block-column is-layout-flow wp-block-column-is-layout-flow\">\n<h3 class=\"wp-block-heading\" id=\"escritorio-de-gestao-de-projetos\">Escrit\u00f3rio de Gest\u00e3o de Projetos<\/h3>\n\n\n\n<p><strong>Nosso Compromisso Com O Sucesso Do Projeto Est\u00e1 Enraizado Nos Valores Fundamentais Da Comau.<\/strong><\/p>\n\n\n\n<p>A \u00fanica maneira de gerenciar um projeto \u00e9 tornar poss\u00edvel que contribui\u00e7\u00f5es vindas de diferentes partes da Empresa sejam colocadas juntas e possam trabalhar juntas. Esse \u00e9 o verdadeiro objetivo de nosso Escrit\u00f3rio de Gest\u00e3o de Projetos (PMO), que trabalha com processos, ferramentas e metodologias que podem refor\u00e7ar o n\u00edvel de coopera\u00e7\u00e3o em toda a Empresa.<\/p>\n<\/div>\n\n\n\n<div class=\"wp-block-column is-layout-flow wp-block-column-is-layout-flow\">\n<h3 class=\"wp-block-heading\" id=\"gestao-de-riscos\">Gest\u00e3o de Riscos<\/h3>\n\n\n\n<p><strong>Percep\u00e7\u00e3o \u00e9 responsabilidade de todos.<\/strong><\/p>\n\n\n\n<p>A Comau est\u00e1 plenamente consciente de que o risco faz parte integral do desafio di\u00e1rio na governan\u00e7a do seu neg\u00f3cio. A Gest\u00e3o Efetiva de Riscos cria oportunidades e vantagens competitivas para a Comau, e contribui significativamente para a constru\u00e7\u00e3o da confian\u00e7a de nossos Clientes e Parceiros de Neg\u00f3cios.<\/p>\n\n\n\n<div class=\"wp-block-buttons is-layout-flex wp-block-buttons-is-layout-flex\">\n<div class=\"wp-block-button\"><a class=\"wp-block-button__link\" href=\"https:\/\/www.comau.com\/pt-br\/competencies\/systems\/consultancy-education\/project-management\/risk-management\/\">Saiba mais<\/a><\/div>\n<\/div>\n<\/div>\n\n\n\n<div class=\"wp-block-column is-layout-flow wp-block-column-is-layout-flow\">\n<h3 class=\"wp-block-heading\" id=\"academia-de-gestao-de-projeto\">Academia de Gest\u00e3o de Projeto<\/h3>\n\n\n\n<p><strong>Desenvolvendo a efic\u00e1cia nas pessoas<\/strong><\/p>\n\n\n\n<p>A Academia de Gest\u00e3o de projeto \u00e9 o local onde teoria e pr\u00e1tica se encontram para ajudar as pessoas em seu desenvolvimento. Para n\u00f3s representa o fator principal para alcan\u00e7ar sucesso nos projetos.<\/p>\n\n\n\n<div class=\"wp-block-buttons is-layout-flex wp-block-buttons-is-layout-flex\">\n<div class=\"wp-block-button\"><a class=\"wp-block-button__link\" href=\"https:\/\/www.comau.com\/pt-br\/competencies\/services\/project-management-academy\/\">Saiba mais<\/a><\/div>\n<\/div>\n<\/div>\n<\/div>\n\n\n\n<h2 class=\"wp-block-heading\" id=\"nos-oferecemos-solucoes-em-sistemas\">N\u00f3s oferecemos Solu\u00e7\u00f5es em Sistemas<\/h2>\n\n\n\n<p>N\u00f3s desenvolvemos solu\u00e7\u00f5es sob medida, em estreita colabora\u00e7\u00e3o com nossos Clientes e os fornecedores mais profissionais do mercado. Nossa execu\u00e7\u00e3o do projeto \u00e9 bem sucedida, gra\u00e7as a um circuito de retorno cont\u00ednuo baseado em sistemas de interc\u00e2mbio de gest\u00e3o de projetos, Processos Corporativos fortes e equipes dedicadas de Gest\u00e3o de Projetos. Trabalhar juntos e em parceria, cada um com foco em obter e manter objetivos ao longo do tempo.<\/p>\n\n\n\n<p>Al\u00e9m disso, a parceria que n\u00f3s constru\u00edmos com nossos Clientes durante um projeto n\u00e3o termina com o final deste, mas continua muito tempo ap\u00f3s seu lan\u00e7amento (servi\u00e7os p\u00f3s-vendas, projetos de novas ferramentas, melhoria no processo de produ\u00e7\u00e3o).<\/p>\n\n\n\n<h2 class=\"wp-block-heading\" id=\"nos-estimulamos-a-competencia-em-gestao-de-projetos-e-programas\">N\u00f3s Estimulamos a Compet\u00eancia em Gest\u00e3o de Projetos e Programas<\/h2>\n\n\n\n<p>N\u00f3s acreditamos que a gest\u00e3o de projetos com foco na lideran\u00e7a pode significar a diferen\u00e7a entre o sucesso e o fracasso, e criamos a Academia de Gest\u00e3o de Projetos (Academia GP Comau), para ajudar os gestores de todos os n\u00edveis a aprimorar suas habilidades de lideran\u00e7a e cultura.<\/p>\n\n\n\n<p>A Academia GP, que se tornou um verdadeiro centro de excel\u00eancia dentro do Grupo Stellantis N.V., \u00e9 certificada como um Fornecedor Educacional Registrado (REP\u00ae). Reconhecida oficialmente pelo Instituto de Project Management Institute (PMI)\u00ae, a maior associa\u00e7\u00e3o internacional de Gest\u00e3o Profissional de Projetos no mundo, oferece cursos de desenvolvimento de Gest\u00e3o de Projetos em v\u00e1rias localidades mundo afora. <\/p>\n\n\n\n<p>PMI is a registered mark of the Project Management Institute, Inc.<\/p>\n\n\n\n<h2 class=\"wp-block-heading\" id=\"nos-investimos-na-certificacao-project-management-professional-pmp-em-nivel-global\">N\u00f3s investimos na Certifica\u00e7\u00e3o Project Management Professional (PMP)\u00ae em n\u00edvel global<\/h2>\n\n\n\n<div class=\"wp-block-image\"><figure class=\"aligncenter size-large\"><img decoding=\"async\" width=\"590\" height=\"405\" src=\"https:\/\/www.comau.com\/wp-content\/uploads\/2021\/06\/grafico-PMP-certification_2.jpg\" alt=\"\" class=\"wp-image-6483\" srcset=\"https:\/\/www.comau.com\/wp-content\/uploads\/2021\/06\/grafico-PMP-certification_2.jpg 590w, https:\/\/www.comau.com\/wp-content\/uploads\/2021\/06\/grafico-PMP-certification_2-300x206.jpg 300w\" sizes=\"(max-width: 590px) 100vw, 590px\" \/><figcaption>The chart bars represent the Comau Managers who have PMP\u00ae Certification.<br>PMP is a registered marks of the Project Management Institute, Inc.<\/figcaption><\/figure><\/div>\n\n\n\n<div class=\"wp-block-buttons is-layout-flex wp-block-buttons-is-layout-flex\">\n<div class=\"wp-block-button\"><a class=\"wp-block-button__link\" href=\"https:\/\/www.pmi.org\/\" target=\"_blank\" rel=\"noreferrer noopener\">Explore o Portal do PMI<\/a><\/div>\n<\/div>\n\n\n\n<h2 class=\"wp-block-heading\" id=\"gestao-multicultural-de-projetos-o-novo-desafio\">Gest\u00e3o Multicultural de Projetos \u2013 o Novo Desafio<\/h2>\n\n\n\n<p>Dentro da Comau, a maioria de nossos projetos s\u00e3o multi-pa\u00eds. S\u00e3o lugares nos quais demandas culturalmente diferentes se encontram, e integr\u00e1-las \u00e9 um fator cr\u00edtico para o sucesso. \u00c9 por isso que se espera que nossos Gestores de Projetos sejam agentes multiculturais, capazes de dar suporte proativamente \u00e0 constru\u00e7\u00e3o de equipes interculturais e conduzir projetos interculturais. Para tratar dessa demanda, n\u00f3s desenvolvemos um Programa Multicultural espec\u00edfico de Gest\u00e3o de Projetos, para facilitar a colabora\u00e7\u00e3o entre equipes compostas de pessoas de diferentes nacionalidades. <\/p>\n\n\n\n<p>As ferramentas pr\u00e1ticas produzidas foram reunidas em uma caixa de ferramentas que nossos gestores de projetos utilizam em seu trabalho.<\/p>\n\n\n\n<h2 class=\"wp-block-heading\" id=\"caixa-de-ferramentas-multicultural\">Caixa de Ferramentas Multicultural<\/h2>\n\n\n\n<p>Nossa caixa de ferramentas inclui tr\u00eas \u00e1reas que est\u00e3o relacionadas \u00e0s principais fases do ciclo de vida de uma equipe durante um projeto:<\/p>\n\n\n\n<ul class=\"wp-block-list\"><li><strong>Construindo uma Equipe de Projeto<\/strong> &#8211; inclui ferramentas para dar suporte para iniciar atividades em um projeto;<\/li><li><strong>Gerenciando uma Equipe de Projeto<\/strong> \u2013 inclui ferramentas para dar suporte ao planejamento, execu\u00e7\u00e3o, monitoramento e controle das atividades;<\/li><li>Aprendendo com uma Equipe de Projeto \u2013 inclui ferramentas para dar suporte ao encerramento das atividades.<\/li><\/ul>\n\n\n\n<p>Essas treze ferramentas pr\u00e1ticas, distribu\u00eddas ao longo dessas tr\u00eas \u00e1reas, formam a base para uma gest\u00e3o bem-sucedida de uma equipe multicultural.<\/p>\n\n\n\n<h3 class=\"wp-block-heading\" id=\"construindo-a-equipe-de-projetos\">Construindo a Equipe de Projetos<\/h3>\n\n\n\n<ul class=\"wp-block-list\"><li>Auditoria de Recursos de uma Equipe<\/li><li>Retrato da Cultura de uma Equipe<\/li><li>\u00c1rvore da Vida de um Projeto<\/li><li>Objetivo Comum<\/li><li>Regras B\u00e1sicas de uma Equipe<\/li><li>Perfil de Comunica\u00e7\u00e3o<\/li><\/ul>\n\n\n\n<h3 class=\"wp-block-heading\" id=\"gerenciando-a-equipe-de-projeto\">Gerenciando a Equipe de Projeto<\/h3>\n\n\n\n<ul class=\"wp-block-list\"><li>Alinhando Pr\u00e1ticas de Trabalho<\/li><li>Auditoria da Comunica\u00e7\u00e3o do Projeto<\/li><li>Diversidade Cultural e Comunica\u00e7\u00e3o Escrita<\/li><li>Mapa de Estilos Determinantes<\/li><li>Matriz de Estilos de Conflito<\/li><\/ul>\n\n\n\n<h3 class=\"wp-block-heading\" id=\"aprendendo-com-a-equipe-de-projeto\">Aprendendo com a Equipe de Projeto<\/h3>\n\n\n\n<ul class=\"wp-block-list\"><li>Rever, Refletir e Revisar<\/li><li>Mapa Mental de Dissemina\u00e7\u00e3o <\/li><\/ul>\n\n\n\n<div class=\"wp-block-columns align-items-center wide-section-light-1 is-layout-flex wp-container-core-columns-is-layout-9d6595d7 wp-block-columns-is-layout-flex\">\n<div class=\"wp-block-column is-layout-flow wp-block-column-is-layout-flow\">\n<h2 class=\"wp-block-heading\" id=\"gerenciando-desafios-entre-culturas\">Gerenciando Desafios Entre Culturas<\/h2>\n\n\n\n<p>A Caixa de Ferramentas da Comau agora est\u00e1 dispon\u00edvel em uma nova publica\u00e7\u00e3o da Academia Comau, Gerenciando Desafios entre Culturas \u2013 uma Caixa de Ferramentas para Equipes de Projeto Multiculturais. Esse guia abrangente fornece uma fonte \u00fanica de informa\u00e7\u00f5es estrat\u00e9gicas e pr\u00e1ticas, que \u00e9 adapt\u00e1vel de acordo com demandas espec\u00edficas, para a gest\u00e3o de projetos em um contesto internacional e intercultural.<\/p>\n\n\n\n<div class=\"wp-block-buttons is-layout-flex wp-block-buttons-is-layout-flex\">\n<div class=\"wp-block-button\"><a class=\"wp-block-button__link\" href=\"https:\/\/www.comau.com\/pt-br\/competencies\/systems\/consultancy-education\/publications\/\">Saiba mais<\/a><\/div>\n<\/div>\n<\/div>\n\n\n\n<div class=\"wp-block-column is-layout-flow wp-block-column-is-layout-flow\">\n<figure class=\"wp-block-image size-large\"><img decoding=\"async\" width=\"709\" height=\"578\" src=\"https:\/\/www.comau.com\/wp-content\/uploads\/2021\/06\/comau_book.png\" alt=\"\" class=\"wp-image-6484\" srcset=\"https:\/\/www.comau.com\/wp-content\/uploads\/2021\/06\/comau_book.png 709w, https:\/\/www.comau.com\/wp-content\/uploads\/2021\/06\/comau_book-300x245.png 300w\" sizes=\"(max-width: 709px) 100vw, 709px\" \/><\/figure>\n<\/div>\n<\/div>\n","protected":false},"excerpt":{"rendered":"<p>Construindo Valor Para Nossos Clientes Nosso neg\u00f3cio \u00e9 orientado para projetos, e nossos projetos s\u00e3o complexos. Primeiramente, eles devem fornecer sistemas automatizados complexos; em segundo lugar, n\u00f3s trabalhamos em um mercado global, ent\u00e3o n\u00f3s precisamos integrar contribui\u00e7\u00f5es globais e demandas globais (internamente, em nossa organiza\u00e7\u00e3o, e externamente, nas organiza\u00e7\u00f5es dos Clientes). Gest\u00e3o de projetos n\u00e3o [&hellip;]<\/p>\n","protected":false},"author":11,"featured_media":6482,"parent":6244,"menu_order":9,"comment_status":"closed","ping_status":"closed","template":"","meta":{"_acf_changed":false,"ep_exclude_from_search":false,"footnotes":""},"class_list":["post-6464","page","type-page","status-publish","has-post-thumbnail","hentry"],"acf":[],"yoast_head":"<!-- This site is optimized with the Yoast SEO plugin v26.9 - https:\/\/yoast.com\/product\/yoast-seo-wordpress\/ -->\n<title>Projetos de gest\u00e3o de desempenho de ativos | Comau<\/title>\n<meta name=\"description\" content=\"A equipe especializada Comau vai assistir e desenvolver seu sistema de gest\u00e3o de desempenho de ativos e sistemas de gest\u00e3o de produ\u00e7\u00e3o.\" \/>\n<meta name=\"robots\" content=\"index, follow, max-snippet:-1, max-image-preview:large, max-video-preview:-1\" \/>\n<link rel=\"canonical\" href=\"https:\/\/www.comau.com\/pt-br\/competencies\/systems\/consultancy-education\/project-management\/\" \/>\n<meta property=\"og:locale\" content=\"pt_BR\" \/>\n<meta property=\"og:type\" content=\"article\" \/>\n<meta property=\"og:title\" content=\"Projetos de gest\u00e3o de desempenho de ativos | Comau\" \/>\n<meta property=\"og:description\" content=\"A equipe especializada Comau vai assistir e desenvolver seu sistema de gest\u00e3o de desempenho de ativos e sistemas de gest\u00e3o de produ\u00e7\u00e3o.\" \/>\n<meta property=\"og:url\" content=\"https:\/\/www.comau.com\/pt-br\/competencies\/systems\/consultancy-education\/project-management\/\" \/>\n<meta property=\"og:site_name\" content=\"Comau\" \/>\n<meta property=\"article:publisher\" content=\"https:\/\/www.facebook.com\/COMAU\/\" \/>\n<meta property=\"article:modified_time\" content=\"2022-02-08T09:14:50+00:00\" \/>\n<meta property=\"og:image\" content=\"https:\/\/www.comau.com\/wp-content\/uploads\/2021\/06\/project-management_header.jpg\" \/>\n\t<meta property=\"og:image:width\" content=\"1280\" \/>\n\t<meta property=\"og:image:height\" content=\"485\" \/>\n\t<meta property=\"og:image:type\" content=\"image\/jpeg\" \/>\n<meta name=\"twitter:card\" content=\"summary_large_image\" \/>\n<meta name=\"twitter:site\" content=\"@comaugroup\" \/>\n<meta name=\"twitter:label1\" content=\"Est. tempo de leitura\" \/>\n\t<meta name=\"twitter:data1\" content=\"5 minutos\" \/>\n<script type=\"application\/ld+json\" class=\"yoast-schema-graph\">{\"@context\":\"https:\/\/schema.org\",\"@graph\":[{\"@type\":\"WebPage\",\"@id\":\"https:\/\/www.comau.com\/pt-br\/competencies\/systems\/consultancy-education\/project-management\/\",\"url\":\"https:\/\/www.comau.com\/pt-br\/competencies\/systems\/consultancy-education\/project-management\/\",\"name\":\"Projetos de gest\u00e3o de desempenho de ativos | Comau\",\"isPartOf\":{\"@id\":\"https:\/\/www.comau.com\/pt-br\/#website\"},\"primaryImageOfPage\":{\"@id\":\"https:\/\/www.comau.com\/pt-br\/competencies\/systems\/consultancy-education\/project-management\/#primaryimage\"},\"image\":{\"@id\":\"https:\/\/www.comau.com\/pt-br\/competencies\/systems\/consultancy-education\/project-management\/#primaryimage\"},\"thumbnailUrl\":\"https:\/\/www.comau.com\/wp-content\/uploads\/2021\/06\/project-management_header.jpg\",\"datePublished\":\"2021-06-30T23:09:11+00:00\",\"dateModified\":\"2022-02-08T09:14:50+00:00\",\"description\":\"A equipe especializada Comau vai assistir e desenvolver seu sistema de gest\u00e3o de desempenho de ativos e sistemas de gest\u00e3o de produ\u00e7\u00e3o.\",\"breadcrumb\":{\"@id\":\"https:\/\/www.comau.com\/pt-br\/competencies\/systems\/consultancy-education\/project-management\/#breadcrumb\"},\"inLanguage\":\"pt-BR\",\"potentialAction\":[{\"@type\":\"ReadAction\",\"target\":[\"https:\/\/www.comau.com\/pt-br\/competencies\/systems\/consultancy-education\/project-management\/\"]}]},{\"@type\":\"ImageObject\",\"inLanguage\":\"pt-BR\",\"@id\":\"https:\/\/www.comau.com\/pt-br\/competencies\/systems\/consultancy-education\/project-management\/#primaryimage\",\"url\":\"https:\/\/www.comau.com\/wp-content\/uploads\/2021\/06\/project-management_header.jpg\",\"contentUrl\":\"https:\/\/www.comau.com\/wp-content\/uploads\/2021\/06\/project-management_header.jpg\",\"width\":1280,\"height\":485},{\"@type\":\"BreadcrumbList\",\"@id\":\"https:\/\/www.comau.com\/pt-br\/competencies\/systems\/consultancy-education\/project-management\/#breadcrumb\",\"itemListElement\":[{\"@type\":\"ListItem\",\"position\":1,\"name\":\"Home\",\"item\":\"https:\/\/www.comau.com\/pt-br\/\"},{\"@type\":\"ListItem\",\"position\":2,\"name\":\"Nossas Compet\u00eancias\",\"item\":\"https:\/\/www.comau.com\/pt-br\/competencies\/\"},{\"@type\":\"ListItem\",\"position\":3,\"name\":\"Consultancy &#038; Education\",\"item\":\"https:\/\/www.comau.com\/pt-br\/competencies\/consultancy-education\/\"},{\"@type\":\"ListItem\",\"position\":4,\"name\":\"Project Management\"}]},{\"@type\":\"WebSite\",\"@id\":\"https:\/\/www.comau.com\/pt-br\/#website\",\"url\":\"https:\/\/www.comau.com\/pt-br\/\",\"name\":\"Comau\",\"description\":\"Industrial automation and robotics\",\"publisher\":{\"@id\":\"https:\/\/www.comau.com\/pt-br\/#organization\"},\"potentialAction\":[{\"@type\":\"SearchAction\",\"target\":{\"@type\":\"EntryPoint\",\"urlTemplate\":\"https:\/\/www.comau.com\/pt-br\/?s={search_term_string}\"},\"query-input\":{\"@type\":\"PropertyValueSpecification\",\"valueRequired\":true,\"valueName\":\"search_term_string\"}}],\"inLanguage\":\"pt-BR\"},{\"@type\":\"Organization\",\"@id\":\"https:\/\/www.comau.com\/pt-br\/#organization\",\"name\":\"Comau\",\"url\":\"https:\/\/www.comau.com\/pt-br\/\",\"logo\":{\"@type\":\"ImageObject\",\"inLanguage\":\"pt-BR\",\"@id\":\"https:\/\/www.comau.com\/pt-br\/#\/schema\/logo\/image\/\",\"url\":\"https:\/\/www.comau.com\/wp-content\/uploads\/2024\/07\/cropped-Logo-COMAU.png\",\"contentUrl\":\"https:\/\/www.comau.com\/wp-content\/uploads\/2024\/07\/cropped-Logo-COMAU.png\",\"width\":434,\"height\":434,\"caption\":\"Comau\"},\"image\":{\"@id\":\"https:\/\/www.comau.com\/pt-br\/#\/schema\/logo\/image\/\"},\"sameAs\":[\"https:\/\/www.facebook.com\/COMAU\/\",\"https:\/\/x.com\/comaugroup\",\"https:\/\/www.instagram.com\/comaugroup\/\",\"https:\/\/www.linkedin.com\/company\/comau\",\"https:\/\/www.youtube.com\/user\/comau\"]}]}<\/script>\n<!-- \/ Yoast SEO plugin. -->","yoast_head_json":{"title":"Projetos de gest\u00e3o de desempenho de ativos | Comau","description":"A equipe especializada Comau vai assistir e desenvolver seu sistema de gest\u00e3o de desempenho de ativos e sistemas de gest\u00e3o de produ\u00e7\u00e3o.","robots":{"index":"index","follow":"follow","max-snippet":"max-snippet:-1","max-image-preview":"max-image-preview:large","max-video-preview":"max-video-preview:-1"},"canonical":"https:\/\/www.comau.com\/pt-br\/competencies\/systems\/consultancy-education\/project-management\/","og_locale":"pt_BR","og_type":"article","og_title":"Projetos de gest\u00e3o de desempenho de ativos | Comau","og_description":"A equipe especializada Comau vai assistir e desenvolver seu sistema de gest\u00e3o de desempenho de ativos e sistemas de gest\u00e3o de produ\u00e7\u00e3o.","og_url":"https:\/\/www.comau.com\/pt-br\/competencies\/systems\/consultancy-education\/project-management\/","og_site_name":"Comau","article_publisher":"https:\/\/www.facebook.com\/COMAU\/","article_modified_time":"2022-02-08T09:14:50+00:00","og_image":[{"width":1280,"height":485,"url":"https:\/\/www.comau.com\/wp-content\/uploads\/2021\/06\/project-management_header.jpg","type":"image\/jpeg"}],"twitter_card":"summary_large_image","twitter_site":"@comaugroup","twitter_misc":{"Est. tempo de leitura":"5 minutos"},"schema":{"@context":"https:\/\/schema.org","@graph":[{"@type":"WebPage","@id":"https:\/\/www.comau.com\/pt-br\/competencies\/systems\/consultancy-education\/project-management\/","url":"https:\/\/www.comau.com\/pt-br\/competencies\/systems\/consultancy-education\/project-management\/","name":"Projetos de gest\u00e3o de desempenho de ativos | Comau","isPartOf":{"@id":"https:\/\/www.comau.com\/pt-br\/#website"},"primaryImageOfPage":{"@id":"https:\/\/www.comau.com\/pt-br\/competencies\/systems\/consultancy-education\/project-management\/#primaryimage"},"image":{"@id":"https:\/\/www.comau.com\/pt-br\/competencies\/systems\/consultancy-education\/project-management\/#primaryimage"},"thumbnailUrl":"https:\/\/www.comau.com\/wp-content\/uploads\/2021\/06\/project-management_header.jpg","datePublished":"2021-06-30T23:09:11+00:00","dateModified":"2022-02-08T09:14:50+00:00","description":"A equipe especializada Comau vai assistir e desenvolver seu sistema de gest\u00e3o de desempenho de ativos e sistemas de gest\u00e3o de produ\u00e7\u00e3o.","breadcrumb":{"@id":"https:\/\/www.comau.com\/pt-br\/competencies\/systems\/consultancy-education\/project-management\/#breadcrumb"},"inLanguage":"pt-BR","potentialAction":[{"@type":"ReadAction","target":["https:\/\/www.comau.com\/pt-br\/competencies\/systems\/consultancy-education\/project-management\/"]}]},{"@type":"ImageObject","inLanguage":"pt-BR","@id":"https:\/\/www.comau.com\/pt-br\/competencies\/systems\/consultancy-education\/project-management\/#primaryimage","url":"https:\/\/www.comau.com\/wp-content\/uploads\/2021\/06\/project-management_header.jpg","contentUrl":"https:\/\/www.comau.com\/wp-content\/uploads\/2021\/06\/project-management_header.jpg","width":1280,"height":485},{"@type":"BreadcrumbList","@id":"https:\/\/www.comau.com\/pt-br\/competencies\/systems\/consultancy-education\/project-management\/#breadcrumb","itemListElement":[{"@type":"ListItem","position":1,"name":"Home","item":"https:\/\/www.comau.com\/pt-br\/"},{"@type":"ListItem","position":2,"name":"Nossas Compet\u00eancias","item":"https:\/\/www.comau.com\/pt-br\/competencies\/"},{"@type":"ListItem","position":3,"name":"Consultancy &#038; Education","item":"https:\/\/www.comau.com\/pt-br\/competencies\/consultancy-education\/"},{"@type":"ListItem","position":4,"name":"Project Management"}]},{"@type":"WebSite","@id":"https:\/\/www.comau.com\/pt-br\/#website","url":"https:\/\/www.comau.com\/pt-br\/","name":"Comau","description":"Industrial automation and robotics","publisher":{"@id":"https:\/\/www.comau.com\/pt-br\/#organization"},"potentialAction":[{"@type":"SearchAction","target":{"@type":"EntryPoint","urlTemplate":"https:\/\/www.comau.com\/pt-br\/?s={search_term_string}"},"query-input":{"@type":"PropertyValueSpecification","valueRequired":true,"valueName":"search_term_string"}}],"inLanguage":"pt-BR"},{"@type":"Organization","@id":"https:\/\/www.comau.com\/pt-br\/#organization","name":"Comau","url":"https:\/\/www.comau.com\/pt-br\/","logo":{"@type":"ImageObject","inLanguage":"pt-BR","@id":"https:\/\/www.comau.com\/pt-br\/#\/schema\/logo\/image\/","url":"https:\/\/www.comau.com\/wp-content\/uploads\/2024\/07\/cropped-Logo-COMAU.png","contentUrl":"https:\/\/www.comau.com\/wp-content\/uploads\/2024\/07\/cropped-Logo-COMAU.png","width":434,"height":434,"caption":"Comau"},"image":{"@id":"https:\/\/www.comau.com\/pt-br\/#\/schema\/logo\/image\/"},"sameAs":["https:\/\/www.facebook.com\/COMAU\/","https:\/\/x.com\/comaugroup","https:\/\/www.instagram.com\/comaugroup\/","https:\/\/www.linkedin.com\/company\/comau","https:\/\/www.youtube.com\/user\/comau"]}]}},"_links":{"self":[{"href":"https:\/\/www.comau.com\/pt-br\/wp-json\/wp\/v2\/pages\/6464","targetHints":{"allow":["GET"]}}],"collection":[{"href":"https:\/\/www.comau.com\/pt-br\/wp-json\/wp\/v2\/pages"}],"about":[{"href":"https:\/\/www.comau.com\/pt-br\/wp-json\/wp\/v2\/types\/page"}],"author":[{"embeddable":true,"href":"https:\/\/www.comau.com\/pt-br\/wp-json\/wp\/v2\/users\/11"}],"replies":[{"embeddable":true,"href":"https:\/\/www.comau.com\/pt-br\/wp-json\/wp\/v2\/comments?post=6464"}],"version-history":[{"count":60,"href":"https:\/\/www.comau.com\/pt-br\/wp-json\/wp\/v2\/pages\/6464\/revisions"}],"predecessor-version":[{"id":42132,"href":"https:\/\/www.comau.com\/pt-br\/wp-json\/wp\/v2\/pages\/6464\/revisions\/42132"}],"up":[{"embeddable":true,"href":"https:\/\/www.comau.com\/pt-br\/wp-json\/wp\/v2\/pages\/6244"}],"wp:featuredmedia":[{"embeddable":true,"href":"https:\/\/www.comau.com\/pt-br\/wp-json\/wp\/v2\/media\/6482"}],"wp:attachment":[{"href":"https:\/\/www.comau.com\/pt-br\/wp-json\/wp\/v2\/media?parent=6464"}],"curies":[{"name":"wp","href":"https:\/\/api.w.org\/{rel}","templated":true}]}}