{"id":6433,"date":"2021-07-01T01:08:51","date_gmt":"2021-06-30T23:08:51","guid":{"rendered":"https:\/\/www.comau.com\/?page_id=6433"},"modified":"2021-08-27T18:09:24","modified_gmt":"2021-08-27T16:09:24","slug":"publications","status":"publish","type":"page","link":"https:\/\/www.comau.com\/pt-br\/competencies\/systems\/consultancy-education\/publications\/","title":{"rendered":"Publica\u00e7\u00f5e"},"content":{"rendered":"\n<h2 class=\"wp-block-heading\">Jovens, universidade e empresa: o novo per\u00edmetro da forma\u00e7\u00e3o<\/h2>\n\n\n\n<p>A prepara\u00e7\u00e3o que os jovens de hoje recebem para enfrentar o mundo do trabalho parece muitas vezes ineficaz. As radicais transforma\u00e7\u00f5es que est\u00e3o caracterizando o atual cen\u00e1rio econ\u00f4mico, social e cultural est\u00e3o levando \u00e0 necessidade de elaborar modelos de forma\u00e7\u00e3o capazes de responder \u00e0s novas exig\u00eancias das empresas.<\/p>\n\n\n\n<p>Raramente os estudantes s\u00e3o treinados para exercitar a capacidade de pensamento cr\u00edtico, divergente e criativo, n\u00e3o empreenderam um percurso profissional que lhes permita transformar ideias em projetos, com uma abordagem orientada ao alcance de objetivos concretos e mensur\u00e1veis e, consequentemente, se tornam despreparados para enfrentar a complexidade dos contextos organizacionais da atualidade.<\/p>\n\n\n\n<p>Para preencher esta lacuna, \u00e9 necess\u00e1rio conceber e construir um novo per\u00edmetro de forma\u00e7\u00e3o, dentro do qual os jovens possam interagir ativamente com o meio acad\u00eamico e o mundo empresarial. <\/p>\n\n\n\n<p>Um exemplo concreto \u00e9 a Project &amp; People Management School, desenvolvida pela Comau em colabora\u00e7\u00e3o com a Universit\u00e0 Cattolica del Sacro Cuore de Mil\u00e3o, que tem o m\u00e9rito de levar \u00e0s universidades o mundo das empresas, atrav\u00e9s de um percurso de treinamento internacional durante o qual os participantes podem desenvolver amplas compet\u00eancias gerenciais, da capacidade de administrar os neg\u00f3cios e as pessoas, aos aspectos estritamente comportamentais, relativos \u00e0 perman\u00eancia na empresa, ao relacionamento com os demais, \u00e0 capacidade de administrar o pr\u00f3prio tempo. <\/p>\n\n\n\n<p>Em particular, o livro percorre a g\u00eanese da P&amp;PM School, narrando as exig\u00eancias e as caracter\u00edsticas dos atores envolvidos, concentrando-se em situa\u00e7\u00f5es t\u00edpicas da aprendizagem, analisando a configura\u00e7\u00e3o formativa proposta e suas caracter\u00edsticas estruturais e operacionais. Uma experi\u00eancia testemunhada por v\u00e1rias vozes, gerentes e docentes da Comau e da Universidade Cat\u00f3lica e estudantes envolvidos, capaz de oferecer ao leitor pontos de reflex\u00e3o interessantes, na qual poder\u00e3o reconhecer modelos, arquiteturas e formatos diretamente transfer\u00edveis dentro de sua pr\u00f3pria realidade organizacional.<\/p>\n\n\n\n<p><em>O livro impresso est\u00e1 dispon\u00edvel nas principais lojas<\/em><\/p>\n\n\n\n<div class=\"wp-block-image\"><figure class=\"aligncenter size-large\"><img decoding=\"async\" width=\"1024\" height=\"417\" src=\"https:\/\/www.comau.com\/wp-content\/uploads\/2021\/06\/managing-challenge_img_test2-1024x417.jpg\" alt=\"\" class=\"wp-image-1260\" srcset=\"https:\/\/www.comau.com\/wp-content\/uploads\/2021\/06\/managing-challenge_img_test2-1024x417.jpg 1024w, https:\/\/www.comau.com\/wp-content\/uploads\/2021\/06\/managing-challenge_img_test2-300x122.jpg 300w, https:\/\/www.comau.com\/wp-content\/uploads\/2021\/06\/managing-challenge_img_test2-768x312.jpg 768w, https:\/\/www.comau.com\/wp-content\/uploads\/2021\/06\/managing-challenge_img_test2.jpg 1180w\" sizes=\"(max-width: 1024px) 100vw, 1024px\" \/><\/figure><\/div>\n\n\n\n<h2 class=\"wp-block-heading\">Managing Challenges Across Cultures<br>A Multicultural Project Team Toolbox<\/h2>\n\n\n\n<p>Depois do sucesso global de seu primeiro livro, People &amp; Project Management, a Comau Academy publica seu mais novo livro dedicado aos desafios de gerenciamento no mercado multicultural de hoje. Com o t\u00edtulo Managing Challenges Across Cultures &#8211; A multicultural project team toolbox, o livro \u00e9 destinado a todos que trabalham e gerenciam projetos interculturais.\u202f <\/p>\n\n\n\n<p>Escrito por Roberto Guida, Chefe de Gerenciamento de Contratos e Projetos da Comau, David Trickey, Parceiro Fundador da TCO International, e Ezio Fregnan, Gerente de Treinamento de RH da Comau, o livro \u00e9 baseado nos resultados de um ambicioso programa plurienal conduzido pela Comau Project Management Academy junto com a TCO International.\u202f <\/p>\n\n\n\n<p>O livro inicia com introdu\u00e7\u00f5es do Prof. Domenico Adega, da Universidade Cat\u00f3lica de Mil\u00e3o, e do Prof. Harold Kerzner, do Instituto Internacional de Aprendizado. Depois, h\u00e1 uma discuss\u00e3o tripartite em rela\u00e7\u00e3o ao desenvolvimento das estrat\u00e9gias empresariais, gerenciamento de projetos e desenvolvimento pessoal, conduzida por Mauro Fenzi, CEO da Comau, Donatella Pinto, Chefe de Recursos Humanos da Comau, e o autor Roberto Guida. David Trickey e Ezio Fregnan tamb\u00e9m examinam quest\u00f5es chave relativas ao comportamento intercultural em um contexto multinacional. <\/p>\n\n\n\n<div class=\"wp-block-image\"><figure class=\"aligncenter size-large\"><img decoding=\"async\" width=\"1024\" height=\"417\" src=\"https:\/\/www.comau.com\/wp-content\/uploads\/2021\/06\/managing-challenge_img-1024x417.jpg\" alt=\"\" class=\"wp-image-1262\" srcset=\"https:\/\/www.comau.com\/wp-content\/uploads\/2021\/06\/managing-challenge_img-1024x417.jpg 1024w, https:\/\/www.comau.com\/wp-content\/uploads\/2021\/06\/managing-challenge_img-300x122.jpg 300w, https:\/\/www.comau.com\/wp-content\/uploads\/2021\/06\/managing-challenge_img-768x312.jpg 768w, https:\/\/www.comau.com\/wp-content\/uploads\/2021\/06\/managing-challenge_img.jpg 1180w\" sizes=\"(max-width: 1024px) 100vw, 1024px\" \/><\/figure><\/div>\n\n\n\n<h2 class=\"wp-block-heading\">Practical Models and Ready-to-Use Tools<\/h2>\n\n\n\n<p>\u200bManaging Challenges Across Cultures -A multicultural project team toolbox \u00e9 dividido em duas se\u00e7\u00f5es principais. A primeira se concentra nos desafios multiculturais que uma empresa deve enfrentar, enquanto a segunda parte apresenta uma verdadeira caixa de ferramentas multicultural.\u202f <\/p>\n\n\n\n<ul class=\"wp-block-list\"><li>8 impulsionadores para descrever uma estrutura de orienta\u00e7\u00e3o cultural comum <\/li><li>Estudos de caso, conversas e modelos para compreender a din\u00e2mica multicultural <\/li><li>Uma caixa de ferramentas concreta e f\u00e1cil de usar com 13 ferramentas para gerenciar uma equipe de projetos multicultural <\/li><\/ul>\n\n\n\n<p>As ferramentas prontas para uso fornecem \u00e0s organiza\u00e7\u00f5es, n\u00e3o apenas aos neg\u00f3cios, os instrumentos pr\u00e1ticos de uso imediato no gerenciamento de projetos que exigem a colabora\u00e7\u00e3o de equipes compostas por pessoas de nacionalidades diferentes.   <\/p>\n\n\n\n<p>O guia abrangente fornece consequentemente uma fonte \u00fanica de informa\u00e7\u00f5es estrat\u00e9gicas e pr\u00e1ticas, que podem ser adaptadas de acordo com as necessidades espec\u00edficas para o gerenciamento de projetos em um contexto internacional e intercultural.<\/p>\n\n\n\n<p>\u200b<em>Comau Academy publications are published by McGraw-Hill, the international publishing leader in business. They are available in hard copy and e-book versions, the People &amp; Project Management Toolbox is also available as part of a dedicated iPad App.<\/em><\/p>\n\n\n\n<h2 class=\"wp-block-heading\">Project &amp; People Management<br>An Operational Guide<\/h2>\n\n\n\n<h3 class=\"wp-block-heading\">\u200bA experi\u00eancia da Comau no mundo <\/h3>\n\n\n\n<p>As experi\u00eancias, as metodologias e as pr\u00e1ticas usadas globalmente pelo Grupo Comau para gerenciar projetos e pessoas s\u00e3o recolhidas dentro de um guia operacional pr\u00e1tico publicado em ingl\u00eas, italiano e chin\u00eas.\u202f<\/p>\n\n\n\n<h3 class=\"wp-block-heading\">Leverage the Experience of\u202fa Global Leader <\/h3>\n\n\n\n<p>A caixa de ferramentas abrangente cont\u00e9m arquivos, dicas pr\u00e1ticas e guias operacionais, tudo o que \u00e9 usado diariamente em toda a rede global da Comau. Al\u00e9m disso, \u00e9 escrito especificamente para todos que: <\/p>\n\n\n\n<ul class=\"wp-block-list\"><li>gerenciam projetos complexos <\/li><li>gerenciam pessoas <\/li><li>desejam implementar t\u00e9cnicas comprovadas no campo e usadas pelos gerentes internacionais do Grupo Comau <\/li><\/ul>\n\n\n\n<p>People &amp; Project Management representa um percurso cultural e de gerenciamento que abrange toda a experi\u00eancia mundial da Comau.\u202f <\/p>\n\n\n\n<h3 class=\"wp-block-heading\">A Closer Look<\/h3>\n\n\n\n<p>Come\u00e7ando com uma an\u00e1lise dos principais desafios enfrentados por empresas globais, o livro analisa os principais temas e a din\u00e2mica de Gerenciamento de Projetos e Gerenciamento de Pessoas. Tamb\u00e9m inclui uma rica cole\u00e7\u00e3o de ferramentas empresariais, especialmente \u00fateis para atividades operacionais di\u00e1rias relativas ao gerenciamento de projetos e de pessoas. <\/p>\n\n\n\n<ul class=\"wp-block-list\"><li>Uma caixa de ferramentas concreta pronta e f\u00e1cil de usar <\/li><li>17 ferramentas de gerenciamento de projetos para o gerenciamento do in\u00edcio do projeto, da rolagem, do fechamento e do portf\u00f3lio <\/li><li>31 ferramentas de gerenciamento de pessoas para o gerenciamento do envolvimento, da execu\u00e7\u00e3o, da qualidade e dos custos<\/li><\/ul>\n\n\n\n<div class=\"wp-block-image\"><figure class=\"aligncenter size-large\"><img decoding=\"async\" width=\"1024\" height=\"417\" src=\"https:\/\/www.comau.com\/wp-content\/uploads\/2021\/06\/ppmbook_img-1024x417.jpg\" alt=\"\" class=\"wp-image-1263\" srcset=\"https:\/\/www.comau.com\/wp-content\/uploads\/2021\/06\/ppmbook_img-1024x417.jpg 1024w, https:\/\/www.comau.com\/wp-content\/uploads\/2021\/06\/ppmbook_img-300x122.jpg 300w, https:\/\/www.comau.com\/wp-content\/uploads\/2021\/06\/ppmbook_img-768x312.jpg 768w, https:\/\/www.comau.com\/wp-content\/uploads\/2021\/06\/ppmbook_img.jpg 1180w\" sizes=\"(max-width: 1024px) 100vw, 1024px\" \/><\/figure><\/div>\n\n\n\n<h2 class=\"wp-block-heading\">O que os autores dizem<\/h2>\n\n\n\n<p>&#8220;Acreditamos que compartilhar experi\u00eancias \u00e9 a chave para o sucesso de organiza\u00e7\u00f5es de neg\u00f3cios complexas. De fato, sentimos a necessidade de compartilhar com outras organiza\u00e7\u00f5es um percurso que possa promover a mudan\u00e7a, entendida como o desejo de continuar a melhorar, especialmente ao enfrentar desafios novos e desconhecidos. Em particular, gostar\u00edamos de atingir empresas que operam em um mercado global e precisam criar uma equipe de gerentes que possa trabalhar em contextos multiculturais&#8221;.<\/p>\n\n\n\n<p>\u201c<strong>&#8220;Pessoas e projetos s\u00e3o as duas \u00e1reas necess\u00e1rias para realizar o gerenciamento da mudan\u00e7a&#8221;  <\/strong>\u201d<\/p>\n\n\n\n<p>Pessoas gerenciam projetos. Conclui-se, assim, que as pessoas determinam o sucesso de uma empresa.<\/p>\n","protected":false},"excerpt":{"rendered":"<p>Jovens, universidade e empresa: o novo per\u00edmetro da forma\u00e7\u00e3o A prepara\u00e7\u00e3o que os jovens de hoje recebem para enfrentar o mundo do trabalho parece muitas vezes ineficaz. As radicais transforma\u00e7\u00f5es que est\u00e3o caracterizando o atual cen\u00e1rio econ\u00f4mico, social e cultural est\u00e3o levando \u00e0 necessidade de elaborar modelos de forma\u00e7\u00e3o capazes de responder \u00e0s novas exig\u00eancias [&hellip;]<\/p>\n","protected":false},"author":11,"featured_media":6456,"parent":6244,"menu_order":8,"comment_status":"closed","ping_status":"closed","template":"","meta":{"_acf_changed":false,"ep_exclude_from_search":false,"footnotes":""},"class_list":["post-6433","page","type-page","status-publish","has-post-thumbnail","hentry"],"acf":[],"yoast_head":"<!-- This site is optimized with the Yoast SEO plugin v26.9 - https:\/\/yoast.com\/product\/yoast-seo-wordpress\/ -->\n<title>Publica\u00e7\u00f5es e livros - Comau<\/title>\n<meta name=\"description\" content=\"Managing Challenges Across Cultures e Project &amp; People Management s\u00e3o dois livros disponibilizam a experi\u00eancia da Comau para todos. Conhe\u00e7a-os agora no site!\" \/>\n<meta name=\"robots\" content=\"index, follow, max-snippet:-1, max-image-preview:large, max-video-preview:-1\" \/>\n<link rel=\"canonical\" href=\"https:\/\/www.comau.com\/pt-br\/competencies\/systems\/consultancy-education\/publications\/\" \/>\n<meta property=\"og:locale\" content=\"pt_BR\" \/>\n<meta property=\"og:type\" content=\"article\" \/>\n<meta property=\"og:title\" content=\"Publica\u00e7\u00f5es e livros - Comau\" \/>\n<meta property=\"og:description\" content=\"Managing Challenges Across Cultures e Project &amp; People Management s\u00e3o dois livros disponibilizam a experi\u00eancia da Comau para todos. Conhe\u00e7a-os agora no site!\" \/>\n<meta property=\"og:url\" content=\"https:\/\/www.comau.com\/pt-br\/competencies\/systems\/consultancy-education\/publications\/\" \/>\n<meta property=\"og:site_name\" content=\"Comau\" \/>\n<meta property=\"article:publisher\" content=\"https:\/\/www.facebook.com\/COMAU\/\" \/>\n<meta property=\"article:modified_time\" content=\"2021-08-27T16:09:24+00:00\" \/>\n<meta property=\"og:image\" content=\"https:\/\/www.comau.com\/wp-content\/uploads\/2021\/06\/header_Publications.png\" \/>\n\t<meta property=\"og:image:width\" content=\"1280\" \/>\n\t<meta property=\"og:image:height\" content=\"485\" \/>\n\t<meta property=\"og:image:type\" content=\"image\/png\" \/>\n<meta name=\"twitter:card\" content=\"summary_large_image\" \/>\n<meta name=\"twitter:site\" content=\"@comaugroup\" \/>\n<meta name=\"twitter:label1\" content=\"Est. tempo de leitura\" \/>\n\t<meta name=\"twitter:data1\" content=\"6 minutos\" \/>\n<script type=\"application\/ld+json\" class=\"yoast-schema-graph\">{\"@context\":\"https:\/\/schema.org\",\"@graph\":[{\"@type\":\"WebPage\",\"@id\":\"https:\/\/www.comau.com\/pt-br\/competencies\/systems\/consultancy-education\/publications\/\",\"url\":\"https:\/\/www.comau.com\/pt-br\/competencies\/systems\/consultancy-education\/publications\/\",\"name\":\"Publica\u00e7\u00f5es e livros - Comau\",\"isPartOf\":{\"@id\":\"https:\/\/www.comau.com\/pt-br\/#website\"},\"primaryImageOfPage\":{\"@id\":\"https:\/\/www.comau.com\/pt-br\/competencies\/systems\/consultancy-education\/publications\/#primaryimage\"},\"image\":{\"@id\":\"https:\/\/www.comau.com\/pt-br\/competencies\/systems\/consultancy-education\/publications\/#primaryimage\"},\"thumbnailUrl\":\"https:\/\/www.comau.com\/wp-content\/uploads\/2021\/06\/header_Publications.png\",\"datePublished\":\"2021-06-30T23:08:51+00:00\",\"dateModified\":\"2021-08-27T16:09:24+00:00\",\"description\":\"Managing Challenges Across Cultures e Project & People Management s\u00e3o dois livros disponibilizam a experi\u00eancia da Comau para todos. Conhe\u00e7a-os agora no site!\",\"breadcrumb\":{\"@id\":\"https:\/\/www.comau.com\/pt-br\/competencies\/systems\/consultancy-education\/publications\/#breadcrumb\"},\"inLanguage\":\"pt-BR\",\"potentialAction\":[{\"@type\":\"ReadAction\",\"target\":[\"https:\/\/www.comau.com\/pt-br\/competencies\/systems\/consultancy-education\/publications\/\"]}]},{\"@type\":\"ImageObject\",\"inLanguage\":\"pt-BR\",\"@id\":\"https:\/\/www.comau.com\/pt-br\/competencies\/systems\/consultancy-education\/publications\/#primaryimage\",\"url\":\"https:\/\/www.comau.com\/wp-content\/uploads\/2021\/06\/header_Publications.png\",\"contentUrl\":\"https:\/\/www.comau.com\/wp-content\/uploads\/2021\/06\/header_Publications.png\",\"width\":1280,\"height\":485},{\"@type\":\"BreadcrumbList\",\"@id\":\"https:\/\/www.comau.com\/pt-br\/competencies\/systems\/consultancy-education\/publications\/#breadcrumb\",\"itemListElement\":[{\"@type\":\"ListItem\",\"position\":1,\"name\":\"Home\",\"item\":\"https:\/\/www.comau.com\/pt-br\/\"},{\"@type\":\"ListItem\",\"position\":2,\"name\":\"Nossas Compet\u00eancias\",\"item\":\"https:\/\/www.comau.com\/pt-br\/competencies\/\"},{\"@type\":\"ListItem\",\"position\":3,\"name\":\"Consultancy &#038; Education\",\"item\":\"https:\/\/www.comau.com\/pt-br\/competencies\/consultancy-education\/\"},{\"@type\":\"ListItem\",\"position\":4,\"name\":\"Publica\u00e7\u00f5e\"}]},{\"@type\":\"WebSite\",\"@id\":\"https:\/\/www.comau.com\/pt-br\/#website\",\"url\":\"https:\/\/www.comau.com\/pt-br\/\",\"name\":\"Comau\",\"description\":\"Industrial automation and robotics\",\"publisher\":{\"@id\":\"https:\/\/www.comau.com\/pt-br\/#organization\"},\"potentialAction\":[{\"@type\":\"SearchAction\",\"target\":{\"@type\":\"EntryPoint\",\"urlTemplate\":\"https:\/\/www.comau.com\/pt-br\/?s={search_term_string}\"},\"query-input\":{\"@type\":\"PropertyValueSpecification\",\"valueRequired\":true,\"valueName\":\"search_term_string\"}}],\"inLanguage\":\"pt-BR\"},{\"@type\":\"Organization\",\"@id\":\"https:\/\/www.comau.com\/pt-br\/#organization\",\"name\":\"Comau\",\"url\":\"https:\/\/www.comau.com\/pt-br\/\",\"logo\":{\"@type\":\"ImageObject\",\"inLanguage\":\"pt-BR\",\"@id\":\"https:\/\/www.comau.com\/pt-br\/#\/schema\/logo\/image\/\",\"url\":\"https:\/\/www.comau.com\/wp-content\/uploads\/2024\/07\/cropped-Logo-COMAU.png\",\"contentUrl\":\"https:\/\/www.comau.com\/wp-content\/uploads\/2024\/07\/cropped-Logo-COMAU.png\",\"width\":434,\"height\":434,\"caption\":\"Comau\"},\"image\":{\"@id\":\"https:\/\/www.comau.com\/pt-br\/#\/schema\/logo\/image\/\"},\"sameAs\":[\"https:\/\/www.facebook.com\/COMAU\/\",\"https:\/\/x.com\/comaugroup\",\"https:\/\/www.instagram.com\/comaugroup\/\",\"https:\/\/www.linkedin.com\/company\/comau\",\"https:\/\/www.youtube.com\/user\/comau\"]}]}<\/script>\n<!-- \/ Yoast SEO plugin. -->","yoast_head_json":{"title":"Publica\u00e7\u00f5es e livros - Comau","description":"Managing Challenges Across Cultures e Project & People Management s\u00e3o dois livros disponibilizam a experi\u00eancia da Comau para todos. Conhe\u00e7a-os agora no site!","robots":{"index":"index","follow":"follow","max-snippet":"max-snippet:-1","max-image-preview":"max-image-preview:large","max-video-preview":"max-video-preview:-1"},"canonical":"https:\/\/www.comau.com\/pt-br\/competencies\/systems\/consultancy-education\/publications\/","og_locale":"pt_BR","og_type":"article","og_title":"Publica\u00e7\u00f5es e livros - Comau","og_description":"Managing Challenges Across Cultures e Project & People Management s\u00e3o dois livros disponibilizam a experi\u00eancia da Comau para todos. Conhe\u00e7a-os agora no site!","og_url":"https:\/\/www.comau.com\/pt-br\/competencies\/systems\/consultancy-education\/publications\/","og_site_name":"Comau","article_publisher":"https:\/\/www.facebook.com\/COMAU\/","article_modified_time":"2021-08-27T16:09:24+00:00","og_image":[{"width":1280,"height":485,"url":"https:\/\/www.comau.com\/wp-content\/uploads\/2021\/06\/header_Publications.png","type":"image\/png"}],"twitter_card":"summary_large_image","twitter_site":"@comaugroup","twitter_misc":{"Est. tempo de leitura":"6 minutos"},"schema":{"@context":"https:\/\/schema.org","@graph":[{"@type":"WebPage","@id":"https:\/\/www.comau.com\/pt-br\/competencies\/systems\/consultancy-education\/publications\/","url":"https:\/\/www.comau.com\/pt-br\/competencies\/systems\/consultancy-education\/publications\/","name":"Publica\u00e7\u00f5es e livros - Comau","isPartOf":{"@id":"https:\/\/www.comau.com\/pt-br\/#website"},"primaryImageOfPage":{"@id":"https:\/\/www.comau.com\/pt-br\/competencies\/systems\/consultancy-education\/publications\/#primaryimage"},"image":{"@id":"https:\/\/www.comau.com\/pt-br\/competencies\/systems\/consultancy-education\/publications\/#primaryimage"},"thumbnailUrl":"https:\/\/www.comau.com\/wp-content\/uploads\/2021\/06\/header_Publications.png","datePublished":"2021-06-30T23:08:51+00:00","dateModified":"2021-08-27T16:09:24+00:00","description":"Managing Challenges Across Cultures e Project & People Management s\u00e3o dois livros disponibilizam a experi\u00eancia da Comau para todos. Conhe\u00e7a-os agora no site!","breadcrumb":{"@id":"https:\/\/www.comau.com\/pt-br\/competencies\/systems\/consultancy-education\/publications\/#breadcrumb"},"inLanguage":"pt-BR","potentialAction":[{"@type":"ReadAction","target":["https:\/\/www.comau.com\/pt-br\/competencies\/systems\/consultancy-education\/publications\/"]}]},{"@type":"ImageObject","inLanguage":"pt-BR","@id":"https:\/\/www.comau.com\/pt-br\/competencies\/systems\/consultancy-education\/publications\/#primaryimage","url":"https:\/\/www.comau.com\/wp-content\/uploads\/2021\/06\/header_Publications.png","contentUrl":"https:\/\/www.comau.com\/wp-content\/uploads\/2021\/06\/header_Publications.png","width":1280,"height":485},{"@type":"BreadcrumbList","@id":"https:\/\/www.comau.com\/pt-br\/competencies\/systems\/consultancy-education\/publications\/#breadcrumb","itemListElement":[{"@type":"ListItem","position":1,"name":"Home","item":"https:\/\/www.comau.com\/pt-br\/"},{"@type":"ListItem","position":2,"name":"Nossas Compet\u00eancias","item":"https:\/\/www.comau.com\/pt-br\/competencies\/"},{"@type":"ListItem","position":3,"name":"Consultancy &#038; Education","item":"https:\/\/www.comau.com\/pt-br\/competencies\/consultancy-education\/"},{"@type":"ListItem","position":4,"name":"Publica\u00e7\u00f5e"}]},{"@type":"WebSite","@id":"https:\/\/www.comau.com\/pt-br\/#website","url":"https:\/\/www.comau.com\/pt-br\/","name":"Comau","description":"Industrial automation and robotics","publisher":{"@id":"https:\/\/www.comau.com\/pt-br\/#organization"},"potentialAction":[{"@type":"SearchAction","target":{"@type":"EntryPoint","urlTemplate":"https:\/\/www.comau.com\/pt-br\/?s={search_term_string}"},"query-input":{"@type":"PropertyValueSpecification","valueRequired":true,"valueName":"search_term_string"}}],"inLanguage":"pt-BR"},{"@type":"Organization","@id":"https:\/\/www.comau.com\/pt-br\/#organization","name":"Comau","url":"https:\/\/www.comau.com\/pt-br\/","logo":{"@type":"ImageObject","inLanguage":"pt-BR","@id":"https:\/\/www.comau.com\/pt-br\/#\/schema\/logo\/image\/","url":"https:\/\/www.comau.com\/wp-content\/uploads\/2024\/07\/cropped-Logo-COMAU.png","contentUrl":"https:\/\/www.comau.com\/wp-content\/uploads\/2024\/07\/cropped-Logo-COMAU.png","width":434,"height":434,"caption":"Comau"},"image":{"@id":"https:\/\/www.comau.com\/pt-br\/#\/schema\/logo\/image\/"},"sameAs":["https:\/\/www.facebook.com\/COMAU\/","https:\/\/x.com\/comaugroup","https:\/\/www.instagram.com\/comaugroup\/","https:\/\/www.linkedin.com\/company\/comau","https:\/\/www.youtube.com\/user\/comau"]}]}},"_links":{"self":[{"href":"https:\/\/www.comau.com\/pt-br\/wp-json\/wp\/v2\/pages\/6433","targetHints":{"allow":["GET"]}}],"collection":[{"href":"https:\/\/www.comau.com\/pt-br\/wp-json\/wp\/v2\/pages"}],"about":[{"href":"https:\/\/www.comau.com\/pt-br\/wp-json\/wp\/v2\/types\/page"}],"author":[{"embeddable":true,"href":"https:\/\/www.comau.com\/pt-br\/wp-json\/wp\/v2\/users\/11"}],"replies":[{"embeddable":true,"href":"https:\/\/www.comau.com\/pt-br\/wp-json\/wp\/v2\/comments?post=6433"}],"version-history":[{"count":38,"href":"https:\/\/www.comau.com\/pt-br\/wp-json\/wp\/v2\/pages\/6433\/revisions"}],"predecessor-version":[{"id":25161,"href":"https:\/\/www.comau.com\/pt-br\/wp-json\/wp\/v2\/pages\/6433\/revisions\/25161"}],"up":[{"embeddable":true,"href":"https:\/\/www.comau.com\/pt-br\/wp-json\/wp\/v2\/pages\/6244"}],"wp:featuredmedia":[{"embeddable":true,"href":"https:\/\/www.comau.com\/pt-br\/wp-json\/wp\/v2\/media\/6456"}],"wp:attachment":[{"href":"https:\/\/www.comau.com\/pt-br\/wp-json\/wp\/v2\/media?parent=6433"}],"curies":[{"name":"wp","href":"https:\/\/api.w.org\/{rel}","templated":true}]}}