{"id":6382,"date":"2021-07-01T01:05:19","date_gmt":"2021-06-30T23:05:19","guid":{"rendered":"https:\/\/www.comau.com\/?page_id=6382"},"modified":"2023-02-14T18:01:37","modified_gmt":"2023-02-14T17:01:37","slug":"robotics-license","status":"publish","type":"page","link":"https:\/\/www.comau.com\/pt-br\/competencies\/systems\/consultancy-education\/robotics-license\/","title":{"rendered":"Licen\u00e7a em rob\u00f3tica"},"content":{"rendered":"\n<p>\u200bJuntos com a CampuStore, l\u00edder no setor de educa\u00e7\u00e3o, estamos dando a estudantes a possibilidade de obter uma <strong>licen\u00e7a em rob\u00f3tica<\/strong>, uma certifica\u00e7\u00e3o reconhecida internacionalmente.<\/p>\n\n\n\n<div class=\"wp-block-getwid-toggle download-dropdown has-icon-left\">\n<div class=\"wp-block-getwid-toggle__row\"><div class=\"wp-block-getwid-toggle__header-wrapper\"><span class=\"wp-block-getwid-toggle__header\"><a href=\"#\"><span class=\"wp-block-getwid-toggle__header-title\">Download the brochure<\/span><span class=\"wp-block-getwid-toggle__icon is-active\"><i class=\"fas fa-plus\"><\/i><\/span><span class=\"wp-block-getwid-toggle__icon is-passive\"><i class=\"fas fa-minus\"><\/i><\/span><\/a><\/span><\/div><div class=\"wp-block-getwid-toggle__content-wrapper\"><div class=\"wp-block-getwid-toggle__content\">\n<div class=\"wp-block-getwid-button-group\"><div class=\"wp-block-getwid-button-group__wrapper\">\n<div class=\"wp-block-button\"><a class=\"wp-block-button__link\" href=\"https:\/\/www.comau.com\/wp-content\/uploads\/2023\/02\/Brochure-Licenses-ENG-2020.pdf\" target=\"_blank\" rel=\"noreferrer noopener\">ComauAcademy Licenses<\/a><\/div>\n<\/div><\/div>\n<\/div><\/div><\/div>\n<\/div>\n\n\n\n<h2 class=\"wp-block-heading\">Por que uma licen\u00e7a em rob\u00f3tica?<\/h2>\n\n\n\n<p>Para oferecer a professores e escolas um projeto de ensino de excel\u00eancia que incremente sua oferta de forma\u00e7\u00e3o e aos estudantes um passaporte para o mundo do trabalho. <\/p>\n\n\n\n<ol class=\"fancy-numbered-list wp-block-list\"><li><strong><em>O que \u00e9 a licen\u00e7a em rob\u00f3tica?<\/em><\/strong><br>\u00c9 uma <strong>certifica\u00e7\u00e3o de uso e programa\u00e7\u00e3o de rob\u00f4s industriais<\/strong> reconhecida internacionalmente. <\/li><li><strong><em>Por que levar a rob\u00f3tica para dentro da sala de aula?<\/em><\/strong><br>Porque a rob\u00f3tica e a ind\u00fastria 4.0 j\u00e1 fazem <strong>parte de nossas vidased<\/strong>, e \u00e9 essencial oferecer forma\u00e7\u00e3o nesta \u00e1rea \u00e0s novas gera\u00e7\u00f5es.<\/li><li><strong><em>Quais s\u00e3o as vantagens para os estudantes?<\/em><\/strong><br>Os estudantes, depois de tr\u00eas anos, podem obter uma <strong>certifica\u00e7\u00e3o equivalente \u00e0 de profissionais<\/strong> sostenendo fazendo um exame no final de um percurso de treinamento.<\/li><li><strong><em>\u00c9 um percurso oficial escola-trabalho?<\/em><\/strong><br>Esta oferta educacional foi <strong>reconhecida pelo Minist\u00e9rio da Educa\u00e7\u00e3o, Universidades e Pesquisa da It\u00e1lia como um percurso oficial do escola-trabalho<\/strong>, com um total de 100 horas por estudante. <\/li><li><strong><em>Quais s\u00e3o as vantagens para os professores?<\/em><\/strong><br>O projeto envolve um <strong>percurso de treinamento certificado de 40 horas<\/strong> para os professores. Esta compet\u00eancia permanece dispon\u00edvel pessoalmente para professores individuais na escola.<\/li><li><strong><em>Quais s\u00e3o as vantagens para a escola?<\/em><\/strong><br>As escolas <strong>aproveitam um financiamento<\/strong>v destinado a projetos vinculados a ensino digital e rob\u00f3tica. <\/li><\/ol>\n\n\n\n<h2 class=\"wp-block-heading\">O percurso de treinamento para professores e estudantes<\/h2>\n\n\n\n<div class=\"wp-block-columns is-layout-flex wp-container-core-columns-is-layout-9d6595d7 wp-block-columns-is-layout-flex\">\n<div class=\"wp-block-column is-layout-flow wp-block-column-is-layout-flow\">\n<h3 class=\"wp-block-heading\">Professores<\/h3>\n\n\n\n<h3 class=\"wp-block-heading\">Treinamento gratuito de 1 professor da escola<\/h3>\n\n\n\n<p>Por instrutores autorizados pela Academia CampuStore e Comau, para cada turma de cerca de 20 alunos, de cerca de 40 horas em modo misto.<\/p>\n\n\n\n<div class=\"wp-block-buttons is-layout-flex wp-block-buttons-is-layout-flex\"><\/div>\n<\/div>\n\n\n\n<div class=\"wp-block-column is-layout-flow wp-block-column-is-layout-flow\">\n<h3 class=\"wp-block-heading\">Estudantes<\/h3>\n\n\n\n<h3 class=\"wp-block-heading\">Treinamento para estudantes<\/h3>\n\n\n\n<p>Mais de 60 horas de treinamento ass\u00edncrono, a serem utilizadas livremente mais 30 horas em presen\u00e7a, pelos professores da escola (previamente treinados pela Academia CampuStore e Comau), a serem realizadas na escola, durante as horas curriculares ou extracurriculares de acordo com os ritmos e especificidades da escola. <\/p>\n\n\n\n<div class=\"wp-block-buttons is-layout-flex wp-block-buttons-is-layout-flex\"><\/div>\n<\/div>\n<\/div>\n","protected":false},"excerpt":{"rendered":"<p>\u200bJuntos com a CampuStore, l\u00edder no setor de educa\u00e7\u00e3o, estamos dando a estudantes a possibilidade de obter uma licen\u00e7a em rob\u00f3tica, uma certifica\u00e7\u00e3o reconhecida internacionalmente. Por que uma licen\u00e7a em rob\u00f3tica? Para oferecer a professores e escolas um projeto de ensino de excel\u00eancia que incremente sua oferta de forma\u00e7\u00e3o e aos estudantes um passaporte para [&hellip;]<\/p>\n","protected":false},"author":11,"featured_media":6396,"parent":6244,"menu_order":5,"comment_status":"closed","ping_status":"closed","template":"","meta":{"_acf_changed":false,"ep_exclude_from_search":false,"footnotes":""},"class_list":["post-6382","page","type-page","status-publish","has-post-thumbnail","hentry"],"acf":[],"yoast_head":"<!-- This site is optimized with the Yoast SEO plugin v26.9 - https:\/\/yoast.com\/product\/yoast-seo-wordpress\/ -->\n<title>Licen\u00e7a em rob\u00f3tica - Comau<\/title>\n<meta name=\"robots\" content=\"index, follow, max-snippet:-1, max-image-preview:large, max-video-preview:-1\" \/>\n<link rel=\"canonical\" href=\"https:\/\/www.comau.com\/pt-br\/competencies\/systems\/consultancy-education\/robotics-license\/\" \/>\n<meta property=\"og:locale\" content=\"pt_BR\" \/>\n<meta property=\"og:type\" content=\"article\" \/>\n<meta property=\"og:title\" content=\"Licen\u00e7a em rob\u00f3tica - Comau\" \/>\n<meta property=\"og:description\" content=\"\u200bJuntos com a CampuStore, l\u00edder no setor de educa\u00e7\u00e3o, estamos dando a estudantes a possibilidade de obter uma licen\u00e7a em rob\u00f3tica, uma certifica\u00e7\u00e3o reconhecida internacionalmente. Por que uma licen\u00e7a em rob\u00f3tica? Para oferecer a professores e escolas um projeto de ensino de excel\u00eancia que incremente sua oferta de forma\u00e7\u00e3o e aos estudantes um passaporte para [&hellip;]\" \/>\n<meta property=\"og:url\" content=\"https:\/\/www.comau.com\/pt-br\/competencies\/systems\/consultancy-education\/robotics-license\/\" \/>\n<meta property=\"og:site_name\" content=\"Comau\" \/>\n<meta property=\"article:publisher\" content=\"https:\/\/www.facebook.com\/COMAU\/\" \/>\n<meta property=\"article:modified_time\" content=\"2023-02-14T17:01:37+00:00\" \/>\n<meta property=\"og:image\" content=\"https:\/\/www.comau.com\/wp-content\/uploads\/2021\/06\/header_MAT3138.png\" \/>\n\t<meta property=\"og:image:width\" content=\"1280\" \/>\n\t<meta property=\"og:image:height\" content=\"485\" \/>\n\t<meta property=\"og:image:type\" content=\"image\/png\" \/>\n<meta name=\"twitter:card\" content=\"summary_large_image\" \/>\n<meta name=\"twitter:site\" content=\"@comaugroup\" \/>\n<meta name=\"twitter:label1\" content=\"Est. tempo de leitura\" \/>\n\t<meta name=\"twitter:data1\" content=\"2 minutos\" \/>\n<script type=\"application\/ld+json\" class=\"yoast-schema-graph\">{\"@context\":\"https:\/\/schema.org\",\"@graph\":[{\"@type\":\"WebPage\",\"@id\":\"https:\/\/www.comau.com\/pt-br\/competencies\/systems\/consultancy-education\/robotics-license\/\",\"url\":\"https:\/\/www.comau.com\/pt-br\/competencies\/systems\/consultancy-education\/robotics-license\/\",\"name\":\"Licen\u00e7a em rob\u00f3tica - Comau\",\"isPartOf\":{\"@id\":\"https:\/\/www.comau.com\/pt-br\/#website\"},\"primaryImageOfPage\":{\"@id\":\"https:\/\/www.comau.com\/pt-br\/competencies\/systems\/consultancy-education\/robotics-license\/#primaryimage\"},\"image\":{\"@id\":\"https:\/\/www.comau.com\/pt-br\/competencies\/systems\/consultancy-education\/robotics-license\/#primaryimage\"},\"thumbnailUrl\":\"https:\/\/www.comau.com\/wp-content\/uploads\/2021\/06\/header_MAT3138.png\",\"datePublished\":\"2021-06-30T23:05:19+00:00\",\"dateModified\":\"2023-02-14T17:01:37+00:00\",\"breadcrumb\":{\"@id\":\"https:\/\/www.comau.com\/pt-br\/competencies\/systems\/consultancy-education\/robotics-license\/#breadcrumb\"},\"inLanguage\":\"pt-BR\",\"potentialAction\":[{\"@type\":\"ReadAction\",\"target\":[\"https:\/\/www.comau.com\/pt-br\/competencies\/systems\/consultancy-education\/robotics-license\/\"]}]},{\"@type\":\"ImageObject\",\"inLanguage\":\"pt-BR\",\"@id\":\"https:\/\/www.comau.com\/pt-br\/competencies\/systems\/consultancy-education\/robotics-license\/#primaryimage\",\"url\":\"https:\/\/www.comau.com\/wp-content\/uploads\/2021\/06\/header_MAT3138.png\",\"contentUrl\":\"https:\/\/www.comau.com\/wp-content\/uploads\/2021\/06\/header_MAT3138.png\",\"width\":1280,\"height\":485},{\"@type\":\"BreadcrumbList\",\"@id\":\"https:\/\/www.comau.com\/pt-br\/competencies\/systems\/consultancy-education\/robotics-license\/#breadcrumb\",\"itemListElement\":[{\"@type\":\"ListItem\",\"position\":1,\"name\":\"Home\",\"item\":\"https:\/\/www.comau.com\/pt-br\/\"},{\"@type\":\"ListItem\",\"position\":2,\"name\":\"Nossas Compet\u00eancias\",\"item\":\"https:\/\/www.comau.com\/pt-br\/competencies\/\"},{\"@type\":\"ListItem\",\"position\":3,\"name\":\"Consultancy &#038; Education\",\"item\":\"https:\/\/www.comau.com\/pt-br\/competencies\/consultancy-education\/\"},{\"@type\":\"ListItem\",\"position\":4,\"name\":\"Licen\u00e7a em rob\u00f3tica\"}]},{\"@type\":\"WebSite\",\"@id\":\"https:\/\/www.comau.com\/pt-br\/#website\",\"url\":\"https:\/\/www.comau.com\/pt-br\/\",\"name\":\"Comau\",\"description\":\"Industrial automation and robotics\",\"publisher\":{\"@id\":\"https:\/\/www.comau.com\/pt-br\/#organization\"},\"potentialAction\":[{\"@type\":\"SearchAction\",\"target\":{\"@type\":\"EntryPoint\",\"urlTemplate\":\"https:\/\/www.comau.com\/pt-br\/?s={search_term_string}\"},\"query-input\":{\"@type\":\"PropertyValueSpecification\",\"valueRequired\":true,\"valueName\":\"search_term_string\"}}],\"inLanguage\":\"pt-BR\"},{\"@type\":\"Organization\",\"@id\":\"https:\/\/www.comau.com\/pt-br\/#organization\",\"name\":\"Comau\",\"url\":\"https:\/\/www.comau.com\/pt-br\/\",\"logo\":{\"@type\":\"ImageObject\",\"inLanguage\":\"pt-BR\",\"@id\":\"https:\/\/www.comau.com\/pt-br\/#\/schema\/logo\/image\/\",\"url\":\"https:\/\/www.comau.com\/wp-content\/uploads\/2024\/07\/cropped-Logo-COMAU.png\",\"contentUrl\":\"https:\/\/www.comau.com\/wp-content\/uploads\/2024\/07\/cropped-Logo-COMAU.png\",\"width\":434,\"height\":434,\"caption\":\"Comau\"},\"image\":{\"@id\":\"https:\/\/www.comau.com\/pt-br\/#\/schema\/logo\/image\/\"},\"sameAs\":[\"https:\/\/www.facebook.com\/COMAU\/\",\"https:\/\/x.com\/comaugroup\",\"https:\/\/www.instagram.com\/comaugroup\/\",\"https:\/\/www.linkedin.com\/company\/comau\",\"https:\/\/www.youtube.com\/user\/comau\"]}]}<\/script>\n<!-- \/ Yoast SEO plugin. -->","yoast_head_json":{"title":"Licen\u00e7a em rob\u00f3tica - Comau","robots":{"index":"index","follow":"follow","max-snippet":"max-snippet:-1","max-image-preview":"max-image-preview:large","max-video-preview":"max-video-preview:-1"},"canonical":"https:\/\/www.comau.com\/pt-br\/competencies\/systems\/consultancy-education\/robotics-license\/","og_locale":"pt_BR","og_type":"article","og_title":"Licen\u00e7a em rob\u00f3tica - Comau","og_description":"\u200bJuntos com a CampuStore, l\u00edder no setor de educa\u00e7\u00e3o, estamos dando a estudantes a possibilidade de obter uma licen\u00e7a em rob\u00f3tica, uma certifica\u00e7\u00e3o reconhecida internacionalmente. Por que uma licen\u00e7a em rob\u00f3tica? Para oferecer a professores e escolas um projeto de ensino de excel\u00eancia que incremente sua oferta de forma\u00e7\u00e3o e aos estudantes um passaporte para [&hellip;]","og_url":"https:\/\/www.comau.com\/pt-br\/competencies\/systems\/consultancy-education\/robotics-license\/","og_site_name":"Comau","article_publisher":"https:\/\/www.facebook.com\/COMAU\/","article_modified_time":"2023-02-14T17:01:37+00:00","og_image":[{"width":1280,"height":485,"url":"https:\/\/www.comau.com\/wp-content\/uploads\/2021\/06\/header_MAT3138.png","type":"image\/png"}],"twitter_card":"summary_large_image","twitter_site":"@comaugroup","twitter_misc":{"Est. tempo de leitura":"2 minutos"},"schema":{"@context":"https:\/\/schema.org","@graph":[{"@type":"WebPage","@id":"https:\/\/www.comau.com\/pt-br\/competencies\/systems\/consultancy-education\/robotics-license\/","url":"https:\/\/www.comau.com\/pt-br\/competencies\/systems\/consultancy-education\/robotics-license\/","name":"Licen\u00e7a em rob\u00f3tica - Comau","isPartOf":{"@id":"https:\/\/www.comau.com\/pt-br\/#website"},"primaryImageOfPage":{"@id":"https:\/\/www.comau.com\/pt-br\/competencies\/systems\/consultancy-education\/robotics-license\/#primaryimage"},"image":{"@id":"https:\/\/www.comau.com\/pt-br\/competencies\/systems\/consultancy-education\/robotics-license\/#primaryimage"},"thumbnailUrl":"https:\/\/www.comau.com\/wp-content\/uploads\/2021\/06\/header_MAT3138.png","datePublished":"2021-06-30T23:05:19+00:00","dateModified":"2023-02-14T17:01:37+00:00","breadcrumb":{"@id":"https:\/\/www.comau.com\/pt-br\/competencies\/systems\/consultancy-education\/robotics-license\/#breadcrumb"},"inLanguage":"pt-BR","potentialAction":[{"@type":"ReadAction","target":["https:\/\/www.comau.com\/pt-br\/competencies\/systems\/consultancy-education\/robotics-license\/"]}]},{"@type":"ImageObject","inLanguage":"pt-BR","@id":"https:\/\/www.comau.com\/pt-br\/competencies\/systems\/consultancy-education\/robotics-license\/#primaryimage","url":"https:\/\/www.comau.com\/wp-content\/uploads\/2021\/06\/header_MAT3138.png","contentUrl":"https:\/\/www.comau.com\/wp-content\/uploads\/2021\/06\/header_MAT3138.png","width":1280,"height":485},{"@type":"BreadcrumbList","@id":"https:\/\/www.comau.com\/pt-br\/competencies\/systems\/consultancy-education\/robotics-license\/#breadcrumb","itemListElement":[{"@type":"ListItem","position":1,"name":"Home","item":"https:\/\/www.comau.com\/pt-br\/"},{"@type":"ListItem","position":2,"name":"Nossas Compet\u00eancias","item":"https:\/\/www.comau.com\/pt-br\/competencies\/"},{"@type":"ListItem","position":3,"name":"Consultancy &#038; Education","item":"https:\/\/www.comau.com\/pt-br\/competencies\/consultancy-education\/"},{"@type":"ListItem","position":4,"name":"Licen\u00e7a em rob\u00f3tica"}]},{"@type":"WebSite","@id":"https:\/\/www.comau.com\/pt-br\/#website","url":"https:\/\/www.comau.com\/pt-br\/","name":"Comau","description":"Industrial automation and robotics","publisher":{"@id":"https:\/\/www.comau.com\/pt-br\/#organization"},"potentialAction":[{"@type":"SearchAction","target":{"@type":"EntryPoint","urlTemplate":"https:\/\/www.comau.com\/pt-br\/?s={search_term_string}"},"query-input":{"@type":"PropertyValueSpecification","valueRequired":true,"valueName":"search_term_string"}}],"inLanguage":"pt-BR"},{"@type":"Organization","@id":"https:\/\/www.comau.com\/pt-br\/#organization","name":"Comau","url":"https:\/\/www.comau.com\/pt-br\/","logo":{"@type":"ImageObject","inLanguage":"pt-BR","@id":"https:\/\/www.comau.com\/pt-br\/#\/schema\/logo\/image\/","url":"https:\/\/www.comau.com\/wp-content\/uploads\/2024\/07\/cropped-Logo-COMAU.png","contentUrl":"https:\/\/www.comau.com\/wp-content\/uploads\/2024\/07\/cropped-Logo-COMAU.png","width":434,"height":434,"caption":"Comau"},"image":{"@id":"https:\/\/www.comau.com\/pt-br\/#\/schema\/logo\/image\/"},"sameAs":["https:\/\/www.facebook.com\/COMAU\/","https:\/\/x.com\/comaugroup","https:\/\/www.instagram.com\/comaugroup\/","https:\/\/www.linkedin.com\/company\/comau","https:\/\/www.youtube.com\/user\/comau"]}]}},"_links":{"self":[{"href":"https:\/\/www.comau.com\/pt-br\/wp-json\/wp\/v2\/pages\/6382","targetHints":{"allow":["GET"]}}],"collection":[{"href":"https:\/\/www.comau.com\/pt-br\/wp-json\/wp\/v2\/pages"}],"about":[{"href":"https:\/\/www.comau.com\/pt-br\/wp-json\/wp\/v2\/types\/page"}],"author":[{"embeddable":true,"href":"https:\/\/www.comau.com\/pt-br\/wp-json\/wp\/v2\/users\/11"}],"replies":[{"embeddable":true,"href":"https:\/\/www.comau.com\/pt-br\/wp-json\/wp\/v2\/comments?post=6382"}],"version-history":[{"count":31,"href":"https:\/\/www.comau.com\/pt-br\/wp-json\/wp\/v2\/pages\/6382\/revisions"}],"predecessor-version":[{"id":50458,"href":"https:\/\/www.comau.com\/pt-br\/wp-json\/wp\/v2\/pages\/6382\/revisions\/50458"}],"up":[{"embeddable":true,"href":"https:\/\/www.comau.com\/pt-br\/wp-json\/wp\/v2\/pages\/6244"}],"wp:featuredmedia":[{"embeddable":true,"href":"https:\/\/www.comau.com\/pt-br\/wp-json\/wp\/v2\/media\/6396"}],"wp:attachment":[{"href":"https:\/\/www.comau.com\/pt-br\/wp-json\/wp\/v2\/media?parent=6382"}],"curies":[{"name":"wp","href":"https:\/\/api.w.org\/{rel}","templated":true}]}}