{"id":6289,"date":"2021-06-01T01:02:36","date_gmt":"2021-05-31T23:02:36","guid":{"rendered":"https:\/\/www.comau.com\/?page_id=6289"},"modified":"2022-02-08T10:35:52","modified_gmt":"2022-02-08T09:35:52","slug":"schools-education","status":"publish","type":"page","link":"https:\/\/www.comau.com\/pt-br\/competencies\/systems\/consultancy-education\/schools-education\/","title":{"rendered":"Schools &#038; Education"},"content":{"rendered":"\n<h2 class=\"wp-block-heading\" id=\"educacao-inspiradora-e-envolvente\">Educa\u00e7\u00e3o inspiradora e envolvente<\/h2>\n\n\n\n<p>A Comau est\u00e1 empenhada em trabalhar estreitamente com estudantes e educadores para expandir o uso da rob\u00f3tica como uma ferramenta de aprendizagem inovadora, come\u00e7ando por nossa plataforma de rob\u00f3tica e.DO\u2122. <\/p>\n\n\n\n<p>e.DO \u00e9 um rob\u00f4 open-source interativo e flex\u00edvel concebido para estimular a criatividade e a participa\u00e7\u00e3o dentro e fora de uma configura\u00e7\u00e3o de sala de aula. O rob\u00f4, preparado para Industry 4.0, \u00e9 parte de um ecossistema aberto e modular que ajuda os educadores a implementar a rob\u00f3tica para atender a v\u00e1rios interesses e grupos-alvo como parte de um percurso did\u00e1tico moderno e altamente relevante.<\/p>\n\n\n\n<div class=\"wp-block-getwid-toggle download-dropdown has-icon-left\">\n<div class=\"wp-block-getwid-toggle__row\"><div class=\"wp-block-getwid-toggle__header-wrapper\"><span class=\"wp-block-getwid-toggle__header\"><a href=\"#\"><span class=\"wp-block-getwid-toggle__header-title\">Download the brochure<\/span><span class=\"wp-block-getwid-toggle__icon is-active\"><i class=\"fas fa-plus\"><\/i><\/span><span class=\"wp-block-getwid-toggle__icon is-passive\"><i class=\"fas fa-minus\"><\/i><\/span><\/a><\/span><\/div><div class=\"wp-block-getwid-toggle__content-wrapper\"><div class=\"wp-block-getwid-toggle__content\">\n<div class=\"wp-block-getwid-button-group\"><div class=\"wp-block-getwid-button-group__wrapper\">\n<div class=\"wp-block-button\"><a class=\"wp-block-button__link\" href=\"https:\/\/www.comau.com\/wp-content\/uploads\/2021\/06\/Brochure_e.DOExperience.pdf\" target=\"_blank\" rel=\"noreferrer noopener\">Brochure_e.DOExperience_EN<\/a><\/div>\n\n\n\n<div class=\"wp-block-button\"><a class=\"wp-block-button__link\" href=\"https:\/\/www.comau.com\/wp-content\/uploads\/2021\/06\/Comau_e.DOExperience_Brochure_PT.pdf\" target=\"_blank\" rel=\"noreferrer noopener\">Brochure_e.DOExperience_PT<\/a><\/div>\n<\/div><\/div>\n<\/div><\/div><\/div>\n<\/div>\n\n\n\n<h2 class=\"wp-block-heading\" id=\"um-novo-paradigma-em-aprendizagem-interativa\">Um novo paradigma em aprendizagem interativa <\/h2>\n\n\n\n<p>A e.DO\u2122 Experience Suite \u00e9 baseada em uma abordagem interdisciplinar da aprendizagem que integra e consolida \u00e1reas-chave de conhecimento. Elas incluem Rob\u00f3tica, temas de STEM, coopera\u00e7\u00e3o, comunica\u00e7\u00e3o, trabalho em equipe, criatividade e outras compet\u00eancias comportamentais, assim como uma introdu\u00e7\u00e3o \u00e0 solu\u00e7\u00e3o de problemas competitiva, \u00e0 cultura industrial e \u00e0 orienta\u00e7\u00e3o baseada em resultados. <\/p>\n\n\n\n<h2 class=\"wp-block-heading\" id=\"ajudando-educadores-a-alcancar-objetivos-didaticos\">Ajudando educadores a alcan\u00e7ar objetivos did\u00e1ticos <\/h2>\n\n\n\n<p>A e.DO\u2122 Experience Suite foi criada para facilitar uma abordagem pragm\u00e1tica do aprendizado abrangendo m\u00faltiplas disciplinas e grupos de idade. Na sala de aula ou em um evento, e.DO pode ajudar a produzir uma experi\u00eancia pr\u00e1tica que estimula a participa\u00e7\u00e3o, a coopera\u00e7\u00e3o e a inclus\u00e3o entre os participantes. e.DO tamb\u00e9m proporciona uma jornada de aprendizagem envolvente e fora do comum, e desenvolve a capacidade de vincular a aprendizagem disciplinar ao mundo em geral.<\/p>\n\n\n\n<h2 class=\"wp-block-heading\" id=\"todos-podem-viver-a-e-do-experience\">Todos podem viver a e.DO\u2122 Experience <\/h2>\n\n\n\n<p>Desde crian\u00e7as, estudantes e professores a fam\u00edlias, profissionais, amantes de rob\u00f4s, delegados de confer\u00eancias, visitantes de museus e participantes de eventos, a Comau possui uma e.DO\u2122 Experience para satisfazer \u00e0s necessidades espec\u00edficas do p\u00fablico-alvo consistente com os estilos de aprendizagem de cada gera\u00e7\u00e3o. <\/p>\n\n\n\n<div class=\"wp-block-getwid-images-slider has-arrows-inside has-dots-outside has-images-center has-cropped-images\"><div class=\"wp-block-getwid-images-slider__wrapper\" data-effect=\"slide\" data-slides-show=\"1\" data-slides-show-laptop=\"1\" data-slides-show-tablet=\"1\" data-slides-show-mobile=\"1\" data-slides-scroll=\"1\" data-autoplay=\"true\" data-autoplay-speed=\"6000\" data-infinite=\"true\" data-animation-speed=\"800\" data-center-mode=\"false\" data-variable-width=\"false\" data-arrows=\"inside\" data-dots=\"outside\" data-spacing=\"none\"><div class=\"wp-block-getwid-images-slider__item\"><figure><img decoding=\"async\" width=\"800\" height=\"400\" src=\"https:\/\/www.comau.com\/wp-content\/uploads\/2021\/06\/01-3.jpg\" data-id=\"1200\" data-link=\"https:\/\/www.comau.com\/competencies\/consultancy-education\/schools-educatio\/01-3\/\" data-original-link=\"https:\/\/www.comau.com\/wp-content\/uploads\/2021\/06\/01-3.jpg\" class=\"wp-block-getwid-images-slider__image wp-image-6336\" srcset=\"https:\/\/www.comau.com\/wp-content\/uploads\/2021\/06\/01-3.jpg 800w, https:\/\/www.comau.com\/wp-content\/uploads\/2021\/06\/01-3-300x150.jpg 300w, https:\/\/www.comau.com\/wp-content\/uploads\/2021\/06\/01-3-768x384.jpg 768w\" sizes=\"(max-width: 800px) 100vw, 800px\" \/><\/figure><\/div><div class=\"wp-block-getwid-images-slider__item\"><figure><img decoding=\"async\" width=\"800\" height=\"400\" src=\"https:\/\/www.comau.com\/wp-content\/uploads\/2021\/06\/02-1.jpg\" data-id=\"1201\" data-link=\"https:\/\/www.comau.com\/competencies\/consultancy-education\/schools-educatio\/02-3\/\" data-original-link=\"https:\/\/www.comau.com\/wp-content\/uploads\/2021\/06\/02-1.jpg\" class=\"wp-block-getwid-images-slider__image wp-image-6337\" srcset=\"https:\/\/www.comau.com\/wp-content\/uploads\/2021\/06\/02-1.jpg 800w, https:\/\/www.comau.com\/wp-content\/uploads\/2021\/06\/02-1-300x150.jpg 300w, https:\/\/www.comau.com\/wp-content\/uploads\/2021\/06\/02-1-768x384.jpg 768w\" sizes=\"(max-width: 800px) 100vw, 800px\" \/><\/figure><\/div><div class=\"wp-block-getwid-images-slider__item\"><figure><img decoding=\"async\" width=\"800\" height=\"400\" src=\"https:\/\/www.comau.com\/wp-content\/uploads\/2021\/06\/03-1.jpg\" data-id=\"1202\" data-link=\"https:\/\/www.comau.com\/competencies\/consultancy-education\/schools-educatio\/03-3\/\" data-original-link=\"https:\/\/www.comau.com\/wp-content\/uploads\/2021\/06\/03-1.jpg\" class=\"wp-block-getwid-images-slider__image wp-image-6338\" srcset=\"https:\/\/www.comau.com\/wp-content\/uploads\/2021\/06\/03-1.jpg 800w, https:\/\/www.comau.com\/wp-content\/uploads\/2021\/06\/03-1-300x150.jpg 300w, https:\/\/www.comau.com\/wp-content\/uploads\/2021\/06\/03-1-768x384.jpg 768w\" sizes=\"(max-width: 800px) 100vw, 800px\" \/><\/figure><\/div><div class=\"wp-block-getwid-images-slider__item\"><figure><img decoding=\"async\" width=\"800\" height=\"400\" src=\"https:\/\/www.comau.com\/wp-content\/uploads\/2021\/06\/04-1.jpg\" data-id=\"1203\" data-link=\"https:\/\/www.comau.com\/competencies\/consultancy-education\/schools-educatio\/04-3\/\" data-original-link=\"https:\/\/www.comau.com\/wp-content\/uploads\/2021\/06\/04-1.jpg\" class=\"wp-block-getwid-images-slider__image wp-image-6339\" srcset=\"https:\/\/www.comau.com\/wp-content\/uploads\/2021\/06\/04-1.jpg 800w, https:\/\/www.comau.com\/wp-content\/uploads\/2021\/06\/04-1-300x150.jpg 300w, https:\/\/www.comau.com\/wp-content\/uploads\/2021\/06\/04-1-768x384.jpg 768w\" sizes=\"(max-width: 800px) 100vw, 800px\" \/><\/figure><\/div><div class=\"wp-block-getwid-images-slider__item\"><figure><img decoding=\"async\" width=\"800\" height=\"400\" src=\"https:\/\/www.comau.com\/wp-content\/uploads\/2021\/06\/05-1.jpg\" data-id=\"1204\" data-link=\"https:\/\/www.comau.com\/competencies\/consultancy-education\/schools-educatio\/05-3\/\" data-original-link=\"https:\/\/www.comau.com\/wp-content\/uploads\/2021\/06\/05-1.jpg\" class=\"wp-block-getwid-images-slider__image wp-image-6340\" srcset=\"https:\/\/www.comau.com\/wp-content\/uploads\/2021\/06\/05-1.jpg 800w, https:\/\/www.comau.com\/wp-content\/uploads\/2021\/06\/05-1-300x150.jpg 300w, https:\/\/www.comau.com\/wp-content\/uploads\/2021\/06\/05-1-768x384.jpg 768w\" sizes=\"(max-width: 800px) 100vw, 800px\" \/><\/figure><\/div><div class=\"wp-block-getwid-images-slider__item\"><figure><img decoding=\"async\" width=\"800\" height=\"400\" src=\"https:\/\/www.comau.com\/wp-content\/uploads\/2021\/06\/06-1.jpg\" data-id=\"1205\" data-link=\"https:\/\/www.comau.com\/competencies\/consultancy-education\/schools-educatio\/06-3\/\" data-original-link=\"https:\/\/www.comau.com\/wp-content\/uploads\/2021\/06\/06-1.jpg\" class=\"wp-block-getwid-images-slider__image wp-image-6341\" srcset=\"https:\/\/www.comau.com\/wp-content\/uploads\/2021\/06\/06-1.jpg 800w, https:\/\/www.comau.com\/wp-content\/uploads\/2021\/06\/06-1-300x150.jpg 300w, https:\/\/www.comau.com\/wp-content\/uploads\/2021\/06\/06-1-768x384.jpg 768w\" sizes=\"(max-width: 800px) 100vw, 800px\" \/><\/figure><\/div><div class=\"wp-block-getwid-images-slider__item\"><figure><img decoding=\"async\" width=\"800\" height=\"400\" src=\"https:\/\/www.comau.com\/wp-content\/uploads\/2021\/06\/07-1.jpg\" data-id=\"1206\" data-link=\"https:\/\/www.comau.com\/competencies\/consultancy-education\/schools-educatio\/07-3\/\" data-original-link=\"https:\/\/www.comau.com\/wp-content\/uploads\/2021\/06\/07-1.jpg\" class=\"wp-block-getwid-images-slider__image wp-image-6342\" srcset=\"https:\/\/www.comau.com\/wp-content\/uploads\/2021\/06\/07-1.jpg 800w, https:\/\/www.comau.com\/wp-content\/uploads\/2021\/06\/07-1-300x150.jpg 300w, https:\/\/www.comau.com\/wp-content\/uploads\/2021\/06\/07-1-768x384.jpg 768w\" sizes=\"(max-width: 800px) 100vw, 800px\" \/><\/figure><\/div><div class=\"wp-block-getwid-images-slider__item\"><figure><img decoding=\"async\" width=\"800\" height=\"400\" src=\"https:\/\/www.comau.com\/wp-content\/uploads\/2021\/06\/08-1.jpg\" data-id=\"1207\" data-link=\"https:\/\/www.comau.com\/competencies\/consultancy-education\/schools-educatio\/08-2\/\" data-original-link=\"https:\/\/www.comau.com\/wp-content\/uploads\/2021\/06\/08-1.jpg\" class=\"wp-block-getwid-images-slider__image wp-image-6343\" srcset=\"https:\/\/www.comau.com\/wp-content\/uploads\/2021\/06\/08-1.jpg 800w, https:\/\/www.comau.com\/wp-content\/uploads\/2021\/06\/08-1-300x150.jpg 300w, https:\/\/www.comau.com\/wp-content\/uploads\/2021\/06\/08-1-768x384.jpg 768w\" sizes=\"(max-width: 800px) 100vw, 800px\" \/><\/figure><\/div><div class=\"wp-block-getwid-images-slider__item\"><figure><img decoding=\"async\" width=\"800\" height=\"400\" src=\"https:\/\/www.comau.com\/wp-content\/uploads\/2021\/06\/09.jpg\" data-id=\"1208\" data-link=\"https:\/\/www.comau.com\/competencies\/consultancy-education\/schools-educatio\/attachment\/09\/\" data-original-link=\"https:\/\/www.comau.com\/wp-content\/uploads\/2021\/06\/09.jpg\" class=\"wp-block-getwid-images-slider__image wp-image-6344\" srcset=\"https:\/\/www.comau.com\/wp-content\/uploads\/2021\/06\/09.jpg 800w, https:\/\/www.comau.com\/wp-content\/uploads\/2021\/06\/09-300x150.jpg 300w, https:\/\/www.comau.com\/wp-content\/uploads\/2021\/06\/09-768x384.jpg 768w\" sizes=\"(max-width: 800px) 100vw, 800px\" \/><\/figure><\/div><\/div><\/div>\n","protected":false},"excerpt":{"rendered":"<p>Educa\u00e7\u00e3o inspiradora e envolvente A Comau est\u00e1 empenhada em trabalhar estreitamente com estudantes e educadores para expandir o uso da rob\u00f3tica como uma ferramenta de aprendizagem inovadora, come\u00e7ando por nossa plataforma de rob\u00f3tica e.DO\u2122. e.DO \u00e9 um rob\u00f4 open-source interativo e flex\u00edvel concebido para estimular a criatividade e a participa\u00e7\u00e3o dentro e fora de uma [&hellip;]<\/p>\n","protected":false},"author":11,"featured_media":6335,"parent":6244,"menu_order":2,"comment_status":"closed","ping_status":"closed","template":"","meta":{"_acf_changed":false,"ep_exclude_from_search":false,"footnotes":""},"class_list":["post-6289","page","type-page","status-publish","has-post-thumbnail","hentry"],"acf":[],"yoast_head":"<!-- This site is optimized with the Yoast SEO plugin v26.9 - https:\/\/yoast.com\/product\/yoast-seo-wordpress\/ -->\n<title>Rob\u00f4 para ensinar | Comau<\/title>\n<meta name=\"description\" content=\"Conhe\u00e7a as solu\u00e7\u00f5es de rob\u00f4 para ensinar Comau: uma plataforma rob\u00f3tica para estimular o aprendizado com criatividade. Saiba mais sobre este rob\u00f4 aqui.\" \/>\n<meta name=\"robots\" content=\"index, follow, max-snippet:-1, max-image-preview:large, max-video-preview:-1\" \/>\n<link rel=\"canonical\" href=\"https:\/\/www.comau.com\/pt-br\/competencies\/systems\/consultancy-education\/schools-education\/\" \/>\n<meta property=\"og:locale\" content=\"pt_BR\" \/>\n<meta property=\"og:type\" content=\"article\" \/>\n<meta property=\"og:title\" content=\"Rob\u00f4 para ensinar | Comau\" \/>\n<meta property=\"og:description\" content=\"Conhe\u00e7a as solu\u00e7\u00f5es de rob\u00f4 para ensinar Comau: uma plataforma rob\u00f3tica para estimular o aprendizado com criatividade. Saiba mais sobre este rob\u00f4 aqui.\" \/>\n<meta property=\"og:url\" content=\"https:\/\/www.comau.com\/pt-br\/competencies\/systems\/consultancy-education\/schools-education\/\" \/>\n<meta property=\"og:site_name\" content=\"Comau\" \/>\n<meta property=\"article:publisher\" content=\"https:\/\/www.facebook.com\/COMAU\/\" \/>\n<meta property=\"article:modified_time\" content=\"2022-02-08T09:35:52+00:00\" \/>\n<meta property=\"og:image\" content=\"https:\/\/www.comau.com\/wp-content\/uploads\/2021\/06\/e.DoAcademy_header.jpg\" \/>\n\t<meta property=\"og:image:width\" content=\"1280\" \/>\n\t<meta property=\"og:image:height\" content=\"485\" \/>\n\t<meta property=\"og:image:type\" content=\"image\/jpeg\" \/>\n<meta name=\"twitter:card\" content=\"summary_large_image\" \/>\n<meta name=\"twitter:site\" content=\"@comaugroup\" \/>\n<meta name=\"twitter:label1\" content=\"Est. tempo de leitura\" \/>\n\t<meta name=\"twitter:data1\" content=\"4 minutos\" \/>\n<script type=\"application\/ld+json\" class=\"yoast-schema-graph\">{\"@context\":\"https:\/\/schema.org\",\"@graph\":[{\"@type\":\"WebPage\",\"@id\":\"https:\/\/www.comau.com\/pt-br\/competencies\/systems\/consultancy-education\/schools-education\/\",\"url\":\"https:\/\/www.comau.com\/pt-br\/competencies\/systems\/consultancy-education\/schools-education\/\",\"name\":\"Rob\u00f4 para ensinar | Comau\",\"isPartOf\":{\"@id\":\"https:\/\/www.comau.com\/pt-br\/#website\"},\"primaryImageOfPage\":{\"@id\":\"https:\/\/www.comau.com\/pt-br\/competencies\/systems\/consultancy-education\/schools-education\/#primaryimage\"},\"image\":{\"@id\":\"https:\/\/www.comau.com\/pt-br\/competencies\/systems\/consultancy-education\/schools-education\/#primaryimage\"},\"thumbnailUrl\":\"https:\/\/www.comau.com\/wp-content\/uploads\/2021\/06\/e.DoAcademy_header.jpg\",\"datePublished\":\"2021-05-31T23:02:36+00:00\",\"dateModified\":\"2022-02-08T09:35:52+00:00\",\"description\":\"Conhe\u00e7a as solu\u00e7\u00f5es de rob\u00f4 para ensinar Comau: uma plataforma rob\u00f3tica para estimular o aprendizado com criatividade. Saiba mais sobre este rob\u00f4 aqui.\",\"breadcrumb\":{\"@id\":\"https:\/\/www.comau.com\/pt-br\/competencies\/systems\/consultancy-education\/schools-education\/#breadcrumb\"},\"inLanguage\":\"pt-BR\",\"potentialAction\":[{\"@type\":\"ReadAction\",\"target\":[\"https:\/\/www.comau.com\/pt-br\/competencies\/systems\/consultancy-education\/schools-education\/\"]}]},{\"@type\":\"ImageObject\",\"inLanguage\":\"pt-BR\",\"@id\":\"https:\/\/www.comau.com\/pt-br\/competencies\/systems\/consultancy-education\/schools-education\/#primaryimage\",\"url\":\"https:\/\/www.comau.com\/wp-content\/uploads\/2021\/06\/e.DoAcademy_header.jpg\",\"contentUrl\":\"https:\/\/www.comau.com\/wp-content\/uploads\/2021\/06\/e.DoAcademy_header.jpg\",\"width\":1280,\"height\":485},{\"@type\":\"BreadcrumbList\",\"@id\":\"https:\/\/www.comau.com\/pt-br\/competencies\/systems\/consultancy-education\/schools-education\/#breadcrumb\",\"itemListElement\":[{\"@type\":\"ListItem\",\"position\":1,\"name\":\"Home\",\"item\":\"https:\/\/www.comau.com\/pt-br\/\"},{\"@type\":\"ListItem\",\"position\":2,\"name\":\"Nossas Compet\u00eancias\",\"item\":\"https:\/\/www.comau.com\/pt-br\/competencies\/\"},{\"@type\":\"ListItem\",\"position\":3,\"name\":\"Consultancy &#038; Education\",\"item\":\"https:\/\/www.comau.com\/pt-br\/competencies\/consultancy-education\/\"},{\"@type\":\"ListItem\",\"position\":4,\"name\":\"Schools &#038; Education\"}]},{\"@type\":\"WebSite\",\"@id\":\"https:\/\/www.comau.com\/pt-br\/#website\",\"url\":\"https:\/\/www.comau.com\/pt-br\/\",\"name\":\"Comau\",\"description\":\"Industrial automation and robotics\",\"publisher\":{\"@id\":\"https:\/\/www.comau.com\/pt-br\/#organization\"},\"potentialAction\":[{\"@type\":\"SearchAction\",\"target\":{\"@type\":\"EntryPoint\",\"urlTemplate\":\"https:\/\/www.comau.com\/pt-br\/?s={search_term_string}\"},\"query-input\":{\"@type\":\"PropertyValueSpecification\",\"valueRequired\":true,\"valueName\":\"search_term_string\"}}],\"inLanguage\":\"pt-BR\"},{\"@type\":\"Organization\",\"@id\":\"https:\/\/www.comau.com\/pt-br\/#organization\",\"name\":\"Comau\",\"url\":\"https:\/\/www.comau.com\/pt-br\/\",\"logo\":{\"@type\":\"ImageObject\",\"inLanguage\":\"pt-BR\",\"@id\":\"https:\/\/www.comau.com\/pt-br\/#\/schema\/logo\/image\/\",\"url\":\"https:\/\/www.comau.com\/wp-content\/uploads\/2024\/07\/cropped-Logo-COMAU.png\",\"contentUrl\":\"https:\/\/www.comau.com\/wp-content\/uploads\/2024\/07\/cropped-Logo-COMAU.png\",\"width\":434,\"height\":434,\"caption\":\"Comau\"},\"image\":{\"@id\":\"https:\/\/www.comau.com\/pt-br\/#\/schema\/logo\/image\/\"},\"sameAs\":[\"https:\/\/www.facebook.com\/COMAU\/\",\"https:\/\/x.com\/comaugroup\",\"https:\/\/www.instagram.com\/comaugroup\/\",\"https:\/\/www.linkedin.com\/company\/comau\",\"https:\/\/www.youtube.com\/user\/comau\"]}]}<\/script>\n<!-- \/ Yoast SEO plugin. -->","yoast_head_json":{"title":"Rob\u00f4 para ensinar | Comau","description":"Conhe\u00e7a as solu\u00e7\u00f5es de rob\u00f4 para ensinar Comau: uma plataforma rob\u00f3tica para estimular o aprendizado com criatividade. Saiba mais sobre este rob\u00f4 aqui.","robots":{"index":"index","follow":"follow","max-snippet":"max-snippet:-1","max-image-preview":"max-image-preview:large","max-video-preview":"max-video-preview:-1"},"canonical":"https:\/\/www.comau.com\/pt-br\/competencies\/systems\/consultancy-education\/schools-education\/","og_locale":"pt_BR","og_type":"article","og_title":"Rob\u00f4 para ensinar | Comau","og_description":"Conhe\u00e7a as solu\u00e7\u00f5es de rob\u00f4 para ensinar Comau: uma plataforma rob\u00f3tica para estimular o aprendizado com criatividade. Saiba mais sobre este rob\u00f4 aqui.","og_url":"https:\/\/www.comau.com\/pt-br\/competencies\/systems\/consultancy-education\/schools-education\/","og_site_name":"Comau","article_publisher":"https:\/\/www.facebook.com\/COMAU\/","article_modified_time":"2022-02-08T09:35:52+00:00","og_image":[{"width":1280,"height":485,"url":"https:\/\/www.comau.com\/wp-content\/uploads\/2021\/06\/e.DoAcademy_header.jpg","type":"image\/jpeg"}],"twitter_card":"summary_large_image","twitter_site":"@comaugroup","twitter_misc":{"Est. tempo de leitura":"4 minutos"},"schema":{"@context":"https:\/\/schema.org","@graph":[{"@type":"WebPage","@id":"https:\/\/www.comau.com\/pt-br\/competencies\/systems\/consultancy-education\/schools-education\/","url":"https:\/\/www.comau.com\/pt-br\/competencies\/systems\/consultancy-education\/schools-education\/","name":"Rob\u00f4 para ensinar | Comau","isPartOf":{"@id":"https:\/\/www.comau.com\/pt-br\/#website"},"primaryImageOfPage":{"@id":"https:\/\/www.comau.com\/pt-br\/competencies\/systems\/consultancy-education\/schools-education\/#primaryimage"},"image":{"@id":"https:\/\/www.comau.com\/pt-br\/competencies\/systems\/consultancy-education\/schools-education\/#primaryimage"},"thumbnailUrl":"https:\/\/www.comau.com\/wp-content\/uploads\/2021\/06\/e.DoAcademy_header.jpg","datePublished":"2021-05-31T23:02:36+00:00","dateModified":"2022-02-08T09:35:52+00:00","description":"Conhe\u00e7a as solu\u00e7\u00f5es de rob\u00f4 para ensinar Comau: uma plataforma rob\u00f3tica para estimular o aprendizado com criatividade. Saiba mais sobre este rob\u00f4 aqui.","breadcrumb":{"@id":"https:\/\/www.comau.com\/pt-br\/competencies\/systems\/consultancy-education\/schools-education\/#breadcrumb"},"inLanguage":"pt-BR","potentialAction":[{"@type":"ReadAction","target":["https:\/\/www.comau.com\/pt-br\/competencies\/systems\/consultancy-education\/schools-education\/"]}]},{"@type":"ImageObject","inLanguage":"pt-BR","@id":"https:\/\/www.comau.com\/pt-br\/competencies\/systems\/consultancy-education\/schools-education\/#primaryimage","url":"https:\/\/www.comau.com\/wp-content\/uploads\/2021\/06\/e.DoAcademy_header.jpg","contentUrl":"https:\/\/www.comau.com\/wp-content\/uploads\/2021\/06\/e.DoAcademy_header.jpg","width":1280,"height":485},{"@type":"BreadcrumbList","@id":"https:\/\/www.comau.com\/pt-br\/competencies\/systems\/consultancy-education\/schools-education\/#breadcrumb","itemListElement":[{"@type":"ListItem","position":1,"name":"Home","item":"https:\/\/www.comau.com\/pt-br\/"},{"@type":"ListItem","position":2,"name":"Nossas Compet\u00eancias","item":"https:\/\/www.comau.com\/pt-br\/competencies\/"},{"@type":"ListItem","position":3,"name":"Consultancy &#038; Education","item":"https:\/\/www.comau.com\/pt-br\/competencies\/consultancy-education\/"},{"@type":"ListItem","position":4,"name":"Schools &#038; Education"}]},{"@type":"WebSite","@id":"https:\/\/www.comau.com\/pt-br\/#website","url":"https:\/\/www.comau.com\/pt-br\/","name":"Comau","description":"Industrial automation and robotics","publisher":{"@id":"https:\/\/www.comau.com\/pt-br\/#organization"},"potentialAction":[{"@type":"SearchAction","target":{"@type":"EntryPoint","urlTemplate":"https:\/\/www.comau.com\/pt-br\/?s={search_term_string}"},"query-input":{"@type":"PropertyValueSpecification","valueRequired":true,"valueName":"search_term_string"}}],"inLanguage":"pt-BR"},{"@type":"Organization","@id":"https:\/\/www.comau.com\/pt-br\/#organization","name":"Comau","url":"https:\/\/www.comau.com\/pt-br\/","logo":{"@type":"ImageObject","inLanguage":"pt-BR","@id":"https:\/\/www.comau.com\/pt-br\/#\/schema\/logo\/image\/","url":"https:\/\/www.comau.com\/wp-content\/uploads\/2024\/07\/cropped-Logo-COMAU.png","contentUrl":"https:\/\/www.comau.com\/wp-content\/uploads\/2024\/07\/cropped-Logo-COMAU.png","width":434,"height":434,"caption":"Comau"},"image":{"@id":"https:\/\/www.comau.com\/pt-br\/#\/schema\/logo\/image\/"},"sameAs":["https:\/\/www.facebook.com\/COMAU\/","https:\/\/x.com\/comaugroup","https:\/\/www.instagram.com\/comaugroup\/","https:\/\/www.linkedin.com\/company\/comau","https:\/\/www.youtube.com\/user\/comau"]}]}},"_links":{"self":[{"href":"https:\/\/www.comau.com\/pt-br\/wp-json\/wp\/v2\/pages\/6289","targetHints":{"allow":["GET"]}}],"collection":[{"href":"https:\/\/www.comau.com\/pt-br\/wp-json\/wp\/v2\/pages"}],"about":[{"href":"https:\/\/www.comau.com\/pt-br\/wp-json\/wp\/v2\/types\/page"}],"author":[{"embeddable":true,"href":"https:\/\/www.comau.com\/pt-br\/wp-json\/wp\/v2\/users\/11"}],"replies":[{"embeddable":true,"href":"https:\/\/www.comau.com\/pt-br\/wp-json\/wp\/v2\/comments?post=6289"}],"version-history":[{"count":14,"href":"https:\/\/www.comau.com\/pt-br\/wp-json\/wp\/v2\/pages\/6289\/revisions"}],"predecessor-version":[{"id":42171,"href":"https:\/\/www.comau.com\/pt-br\/wp-json\/wp\/v2\/pages\/6289\/revisions\/42171"}],"up":[{"embeddable":true,"href":"https:\/\/www.comau.com\/pt-br\/wp-json\/wp\/v2\/pages\/6244"}],"wp:featuredmedia":[{"embeddable":true,"href":"https:\/\/www.comau.com\/pt-br\/wp-json\/wp\/v2\/media\/6335"}],"wp:attachment":[{"href":"https:\/\/www.comau.com\/pt-br\/wp-json\/wp\/v2\/media?parent=6289"}],"curies":[{"name":"wp","href":"https:\/\/api.w.org\/{rel}","templated":true}]}}