{"id":6274,"date":"2021-07-01T01:01:19","date_gmt":"2021-06-30T23:01:19","guid":{"rendered":"https:\/\/www.comau.com\/?page_id=6274"},"modified":"2021-08-27T17:58:14","modified_gmt":"2021-08-27T15:58:14","slug":"companies-professionals","status":"publish","type":"page","link":"https:\/\/www.comau.com\/pt-br\/competencies\/systems\/consultancy-education\/companies-professionals\/","title":{"rendered":"Companies &#038; Professionals"},"content":{"rendered":"\n<h2 class=\"wp-block-heading\">Ganhe uma vantagem competitiva ou um d\u00ea um salto em sua carreira com o treinamento da Comau para empresas e profissionais<\/h2>\n\n\n\n<p>Nossos programas de treinamento oferecem os mais avan\u00e7ados recursos de aprendizagem para desenvolver as compet\u00eancias t\u00e9cnicas necess\u00e1rias para enfrentar os novos desafios da produ\u00e7\u00e3o.<\/p>\n\n\n\n<p>N\u00e3o \u00e9 mais suficiente ter um melhor produto ou uma tecnologia mais avan\u00e7ada. Hoje, as ind\u00fastrias precisam aprimorar continuamente seus processos produtivos para permanecerem competitivas.<\/p>\n\n\n\n<p>Desfrutando nossa experi\u00eancia \u00fanica de mais de 40 anos em automa\u00e7\u00e3o industrial, empresas de todas as dimens\u00f5es podem aprender a inovar suas tecnologias de linha de produ\u00e7\u00e3o e transformar seus recursos de fabrica\u00e7\u00e3o. <\/p>\n\n\n\n<p>Por meio de cursos de automa\u00e7\u00e3o industrial dirigidos, colocamos nossa cultura de automa\u00e7\u00e3o a servi\u00e7o das empresas no mundo inteiro. Gra\u00e7as \u00e0 nossa exclusiva abordagem pr\u00e1tica, essas organiza\u00e7\u00f5es aumentam a qualidade de sua for\u00e7a de trabalho. Elas tamb\u00e9m podem consolidar sua compet\u00eancia t\u00e9cnica e dominar processos, sistemas e tecnologias inovadores.<\/p>\n\n\n\n<p>A Comau Project Management Academy (Comau PM Academy) utiliza aulas, compartilhamento de conhecimentos e coopera\u00e7\u00e3o com outras institui\u00e7\u00f5es para oferecer treinamento e desenvolvimento profissionais a empresas e pessoas no mundo inteiro. A Comau PM Academy tem a certifica\u00e7\u00e3o REP\u00ae (Provedor Registrado de Educa\u00e7\u00e3o global), e \u00e9 reconhecida oficialmente pelo Instituto de Gerenciamento de Projetos (Project Management Institute &#8211; PMI\u00ae), que \u00e9 a maior associa\u00e7\u00e3o internacional de gerenciamento de projetos profissionais do mundo. Todos os cursos s\u00e3o desenvolvidos internamente e fornecidos por profissionais de gerenciamento de projetos da Comau. Isto nos permite combinar a experi\u00eancia comprovada em campo com projetos complexos (abordagem pragm\u00e1tica) e pr\u00e1ticas de gerenciamento de projetos reconhecidas internacionalmente (abordagem te\u00f3rica).<\/p>\n\n\n\n<p>PMI \u00e9 uma marca registrada do Project Management Institute, Inc..<\/p>\n\n\n\n<div class=\"wp-block-columns columns-bg-dark three-per-row is-layout-flex wp-container-core-columns-is-layout-9d6595d7 wp-block-columns-is-layout-flex\">\n<div class=\"wp-block-column is-layout-flow wp-block-column-is-layout-flow\">\n<h3 class=\"wp-block-heading\">Mestrado em Automa\u00e7\u00e3o de Fabrica\u00e7\u00e3o e Transforma\u00e7\u00e3o Digital<\/h3>\n\n\n\n<p>Obtenha um diploma de Mestrado em Automa\u00e7\u00e3o de Fabrica\u00e7\u00e3o e Transforma\u00e7\u00e3o Digital, adquirindo qualifica\u00e7\u00f5es t\u00e9cnicas e gerenciais necess\u00e1rias para projetar e gerenciar solu\u00e7\u00f5es avan\u00e7adas de automa\u00e7\u00e3o industrial. O programa inovador combina automa\u00e7\u00e3o industrial, gerenciamento de projetos e de pessoal, e trabalhos de projeto centrados em t\u00f3picos de automa\u00e7\u00e3o de ponta.<br><br><strong>Dura\u00e7\u00e3o: 260 horas totais<br>4 m\u00f3dulos em 3 locais internacionais<\/strong><\/p>\n\n\n\n<div class=\"wp-block-buttons is-layout-flex wp-block-buttons-is-layout-flex\">\n<div class=\"wp-block-button\"><a class=\"wp-block-button__link\" href=\"https:\/\/www.comau.com\/pt-br\/competencies\/consultancy-education\/companies-professionals\/executive-master-in-manufacturing-automation-and-digital-transformation\/\">Saiba mais<\/a><\/div>\n<\/div>\n<\/div>\n\n\n\n<div class=\"wp-block-column is-layout-flow wp-block-column-is-layout-flow\">\n<h3 class=\"wp-block-heading\">Workshop \u2013 Industry 4.0<\/h3>\n\n\n\n<p>Voc\u00ea est\u00e1 pronto para explorar as <strong> oportunidades e desafios que acompanham a digitaliza\u00e7\u00e3o progressiva das empresas de hoje <\/strong> em um centro de treinamento reconhecido internacionalmente que foi criado com o objetivo de tornar os 45 anos de experi\u00eancia da Comau dispon\u00edveis para organiza\u00e7\u00f5es e indiv\u00edduos?<\/p>\n\n\n\n<div class=\"wp-block-buttons is-layout-flex wp-block-buttons-is-layout-flex\">\n<div class=\"wp-block-button\"><a class=\"wp-block-button__link\" href=\"https:\/\/www.comau.com\/en\/our-offer\/systems\/consultancy-education\/companies-professionals\/workshop-industry-4-0\/\">Saiba mais<\/a><\/div>\n<\/div>\n<\/div>\n\n\n\n<div class=\"wp-block-column is-layout-flow wp-block-column-is-layout-flow\">\n<h3 class=\"wp-block-heading\">Fundamentos de Gerenciamento de Riscos<\/h3>\n\n\n\n<p>Expanda seus conhecimentos de Gerenciamento de Riscos de Projetos, incluindo como detectar riscos e os passos para eliminar, reduzir e tratar de maneira consciente os riscos, de acordo com a \u00e1rea de conhecimentos relevante &#8220;Um Guia Do Conhecimento Em Gerenciamento De Projetos (Guia PMBOK\u00ae) &#8211; Quinta Edi\u00e7\u00e3o, Project Management Institute, Inc., 2013&#8221;. PMBOK \u00e9 uma marca registrada do Project Management Institute, Inc.<br><br><strong>Dura\u00e7\u00e3o: 16 horas<\/strong><\/p>\n\n\n\n<div class=\"wp-block-buttons is-layout-flex wp-block-buttons-is-layout-flex\">\n<div class=\"wp-block-button\"><a class=\"wp-block-button__link\" href=\"https:\/\/www.comau.com\/pt-br\/competencies\/consultancy-education\/companies-professionals\/risk-management-fundamentals\/\">Saiba mais<\/a><\/div>\n<\/div>\n<\/div>\n<\/div>\n\n\n\n<div class=\"wp-block-columns columns-bg-dark three-per-row is-layout-flex wp-container-core-columns-is-layout-9d6595d7 wp-block-columns-is-layout-flex\">\n<div class=\"wp-block-column is-layout-flow wp-block-column-is-layout-flow\">\n<h3 class=\"wp-block-heading\">PMF &#8211; Gerenciamento de Projetos<\/h3>\n\n\n\n<p>Aumente sua capacidade na aplica\u00e7\u00e3o de processos e pr\u00e1ticas de Gerenciamento de Projetos concentrando-se na defini\u00e7\u00e3o, implementa\u00e7\u00e3o, administra\u00e7\u00e3o, condu\u00e7\u00e3o, monitoramento e controle de projetos e seus componentes.<br><br><strong>Dura\u00e7\u00e3o: 3 dias<br>24 Unidades de Desenvolvimento Profissional ou horas de contato<\/strong><\/p>\n\n\n\n<div class=\"wp-block-buttons is-layout-flex wp-block-buttons-is-layout-flex\">\n<div class=\"wp-block-button\"><a class=\"wp-block-button__link\" href=\"https:\/\/www.comau.com\/pt-br\/competencies\/consultancy-education\/companies-professionals\/pmf-project-management-fundamentals\/\">Saiba mais<\/a><\/div>\n<\/div>\n<\/div>\n\n\n\n<div class=\"wp-block-column is-layout-flow wp-block-column-is-layout-flow\">\n<h3 class=\"wp-block-heading\">Certifica\u00e7\u00e3o Profissional de Gerenciamento de Projetos (PMP)\u00ae<\/h3>\n\n\n\n<p>Treinamento intensivo concebido para cobrir todos os processos do Instituto de Gerenciamento de Projetos (PMI\u00ae), suas entradas, ferramentas, t\u00e9cnicas, resultados, assim como conhecimentos adicionais sobre recursos humanos, teorias de qualidade, \u00e9tica e responsabilidade profissional, exigidas para aprova\u00e7\u00e3o no exame PMP\u00ae. PMP \u00e9 uma marca registrada do Project Management Institute, Inc. <br><br><strong>Dura\u00e7\u00e3o: 6 dias<br>42 Unidades de Desenvolvimento Profissional ou horas de contato<\/strong><\/p>\n\n\n\n<div class=\"wp-block-buttons is-layout-flex wp-block-buttons-is-layout-flex\">\n<div class=\"wp-block-button\"><a class=\"wp-block-button__link\" href=\"https:\/\/www.comau.com\/pt-br\/competencies\/consultancy-education\/companies-professionals\/professional-project-management-with-pmp-certification\/\">Saiba mais<\/a><\/div>\n<\/div>\n<\/div>\n\n\n\n<div class=\"wp-block-column is-layout-flow wp-block-column-is-layout-flow\">\n<h3 class=\"wp-block-heading\">PME- Fundamentos de Gerenciamento de Projetos<\/h3>\n\n\n\n<p>Aprimore sua compreens\u00e3o do ambiente de projetos e melhore sua capacidade para aplicar de maneira eficaz os processos de gerenciamento de projetos.<br><br><strong>Dura\u00e7\u00e3o: 2 dias<br>15 Unidades de Desenvolvimento Profissional ou horas de contato<\/strong><\/p>\n\n\n\n<div class=\"wp-block-buttons is-layout-flex wp-block-buttons-is-layout-flex\">\n<div class=\"wp-block-button\"><a class=\"wp-block-button__link\" href=\"https:\/\/www.comau.com\/pt-br\/competencies\/consultancy-education\/companies-professionals\/project-management-essentials-pme\/\">Saiba mais<\/a><\/div>\n<\/div>\n<\/div>\n<\/div>\n\n\n\n<div class=\"wp-block-columns columns-bg-dark four-per-row is-layout-flex wp-container-core-columns-is-layout-9d6595d7 wp-block-columns-is-layout-flex\">\n<div class=\"wp-block-column is-layout-flow wp-block-column-is-layout-flow\">\n<h3 class=\"wp-block-heading\">Uso e Programa\u00e7\u00e3o<\/h3>\n\n\n\n<p>Aprenda os princ\u00edpios b\u00e1sicos de uso e programa\u00e7\u00e3o de sistemas rob\u00f3ticos.\n<br><br>\n1 curso<br>\n4 m\u00f3dulos<br>\n4 dias<\/p>\n\n\n\n<div class=\"wp-block-buttons is-layout-flex wp-block-buttons-is-layout-flex\">\n<div class=\"wp-block-button\"><a class=\"wp-block-button__link\" href=\"https:\/\/www.comau.com\/pt-br\/competencies\/consultancy-education\/companies-professionals\/robotics-training-use-and-programming\/\">Saiba mais<\/a><\/div>\n<\/div>\n<\/div>\n\n\n\n<div class=\"wp-block-column is-layout-flow wp-block-column-is-layout-flow\">\n<h3 class=\"wp-block-heading\">Programa\u00e7\u00e3o e Integra\u00e7\u00e3o Avan\u00e7adas<\/h3>\n\n\n\n<p>Expanda suas habilidades em programa\u00e7\u00e3o e meios de comunica\u00e7\u00e3o PDL2.\n<br><br>\n2 cursos<br>\n2\/4 m\u00f3dulos<br>\n2\/4 dias <\/p>\n\n\n\n<div class=\"wp-block-buttons is-layout-flex wp-block-buttons-is-layout-flex\">\n<div class=\"wp-block-button\"><a class=\"wp-block-button__link\" href=\"https:\/\/www.comau.com\/pt-br\/competencies\/consultancy-education\/companies-professionals\/robotics-training-advanced-programming-and-integration\/\">Saiba mais<\/a><\/div>\n<\/div>\n<\/div>\n\n\n\n<div class=\"wp-block-column is-layout-flow wp-block-column-is-layout-flow\">\n<h3 class=\"wp-block-heading\">Aplicativos<\/h3>\n\n\n\n<p>Melhore suas habilidades e aprenda-a usar interfaces para programa\u00e7\u00e3o de aplicativos.\n<br><br>\n6 cursos<br>\n2 m\u00f3dulos<br>\n2 dias<\/p>\n\n\n\n<div class=\"wp-block-buttons is-layout-flex wp-block-buttons-is-layout-flex\">\n<div class=\"wp-block-button\"><a class=\"wp-block-button__link\" href=\"https:\/\/www.comau.com\/pt-br\/competencies\/consultancy-education\/companies-professionals\/robotics-training-application\/\">Saiba mais<\/a><\/div>\n<\/div>\n<\/div>\n\n\n\n<div class=\"wp-block-column is-layout-flow wp-block-column-is-layout-flow\">\n<h3 class=\"wp-block-heading\">Manuten\u00e7\u00e3o<\/h3>\n\n\n\n<p>Desenvolva suas habilidades em manuten\u00e7\u00e3o el\u00e9trica e mec\u00e2nica.\n<br><br>\n2 cursos<br>\n3\/4 m\u00f3dulos<br>\n3\/4 dias<\/p>\n\n\n\n<div class=\"wp-block-buttons is-layout-flex wp-block-buttons-is-layout-flex\">\n<div class=\"wp-block-button\"><a class=\"wp-block-button__link\" href=\"https:\/\/www.comau.com\/pt-br\/competencies\/consultancy-education\/companies-professionals\/robotics-training-maintenance\/\">Saiba mais<\/a><\/div>\n<\/div>\n<\/div>\n<\/div>\n","protected":false},"excerpt":{"rendered":"<p>Ganhe uma vantagem competitiva ou um d\u00ea um salto em sua carreira com o treinamento da Comau para empresas e profissionais Nossos programas de treinamento oferecem os mais avan\u00e7ados recursos de aprendizagem para desenvolver as compet\u00eancias t\u00e9cnicas necess\u00e1rias para enfrentar os novos desafios da produ\u00e7\u00e3o. N\u00e3o \u00e9 mais suficiente ter um melhor produto ou uma [&hellip;]<\/p>\n","protected":false},"author":11,"featured_media":6277,"parent":6244,"menu_order":1,"comment_status":"closed","ping_status":"closed","template":"","meta":{"_acf_changed":false,"ep_exclude_from_search":false,"footnotes":""},"class_list":["post-6274","page","type-page","status-publish","has-post-thumbnail","hentry"],"acf":[],"yoast_head":"<!-- This site is optimized with the Yoast SEO plugin v26.9 - https:\/\/yoast.com\/product\/yoast-seo-wordpress\/ -->\n<title>Comau Academy para empresas e profissionais - Comau<\/title>\n<meta name=\"description\" content=\"Adquira uma vantagem competitiva e melhore seu know-how com os cursos de treinamento da Comau Academy, criados para empresas e profissionais.\" \/>\n<meta name=\"robots\" content=\"index, follow, max-snippet:-1, max-image-preview:large, max-video-preview:-1\" \/>\n<link rel=\"canonical\" href=\"https:\/\/www.comau.com\/pt-br\/competencies\/systems\/consultancy-education\/companies-professionals\/\" \/>\n<meta property=\"og:locale\" content=\"pt_BR\" \/>\n<meta property=\"og:type\" content=\"article\" \/>\n<meta property=\"og:title\" content=\"Comau Academy para empresas e profissionais - Comau\" \/>\n<meta property=\"og:description\" content=\"Adquira uma vantagem competitiva e melhore seu know-how com os cursos de treinamento da Comau Academy, criados para empresas e profissionais.\" \/>\n<meta property=\"og:url\" content=\"https:\/\/www.comau.com\/pt-br\/competencies\/systems\/consultancy-education\/companies-professionals\/\" \/>\n<meta property=\"og:site_name\" content=\"Comau\" \/>\n<meta property=\"article:publisher\" content=\"https:\/\/www.facebook.com\/COMAU\/\" \/>\n<meta property=\"article:modified_time\" content=\"2021-08-27T15:58:14+00:00\" \/>\n<meta property=\"og:image\" content=\"https:\/\/www.comau.com\/wp-content\/uploads\/2021\/06\/header_DSC1940.png\" \/>\n\t<meta property=\"og:image:width\" content=\"1280\" \/>\n\t<meta property=\"og:image:height\" content=\"485\" \/>\n\t<meta property=\"og:image:type\" content=\"image\/png\" \/>\n<meta name=\"twitter:card\" content=\"summary_large_image\" \/>\n<meta name=\"twitter:site\" content=\"@comaugroup\" \/>\n<meta name=\"twitter:label1\" content=\"Est. tempo de leitura\" \/>\n\t<meta name=\"twitter:data1\" content=\"4 minutos\" \/>\n<script type=\"application\/ld+json\" class=\"yoast-schema-graph\">{\"@context\":\"https:\/\/schema.org\",\"@graph\":[{\"@type\":\"WebPage\",\"@id\":\"https:\/\/www.comau.com\/pt-br\/competencies\/systems\/consultancy-education\/companies-professionals\/\",\"url\":\"https:\/\/www.comau.com\/pt-br\/competencies\/systems\/consultancy-education\/companies-professionals\/\",\"name\":\"Comau Academy para empresas e profissionais - Comau\",\"isPartOf\":{\"@id\":\"https:\/\/www.comau.com\/pt-br\/#website\"},\"primaryImageOfPage\":{\"@id\":\"https:\/\/www.comau.com\/pt-br\/competencies\/systems\/consultancy-education\/companies-professionals\/#primaryimage\"},\"image\":{\"@id\":\"https:\/\/www.comau.com\/pt-br\/competencies\/systems\/consultancy-education\/companies-professionals\/#primaryimage\"},\"thumbnailUrl\":\"https:\/\/www.comau.com\/wp-content\/uploads\/2021\/06\/header_DSC1940.png\",\"datePublished\":\"2021-06-30T23:01:19+00:00\",\"dateModified\":\"2021-08-27T15:58:14+00:00\",\"description\":\"Adquira uma vantagem competitiva e melhore seu know-how com os cursos de treinamento da Comau Academy, criados para empresas e profissionais.\",\"breadcrumb\":{\"@id\":\"https:\/\/www.comau.com\/pt-br\/competencies\/systems\/consultancy-education\/companies-professionals\/#breadcrumb\"},\"inLanguage\":\"pt-BR\",\"potentialAction\":[{\"@type\":\"ReadAction\",\"target\":[\"https:\/\/www.comau.com\/pt-br\/competencies\/systems\/consultancy-education\/companies-professionals\/\"]}]},{\"@type\":\"ImageObject\",\"inLanguage\":\"pt-BR\",\"@id\":\"https:\/\/www.comau.com\/pt-br\/competencies\/systems\/consultancy-education\/companies-professionals\/#primaryimage\",\"url\":\"https:\/\/www.comau.com\/wp-content\/uploads\/2021\/06\/header_DSC1940.png\",\"contentUrl\":\"https:\/\/www.comau.com\/wp-content\/uploads\/2021\/06\/header_DSC1940.png\",\"width\":1280,\"height\":485},{\"@type\":\"BreadcrumbList\",\"@id\":\"https:\/\/www.comau.com\/pt-br\/competencies\/systems\/consultancy-education\/companies-professionals\/#breadcrumb\",\"itemListElement\":[{\"@type\":\"ListItem\",\"position\":1,\"name\":\"Home\",\"item\":\"https:\/\/www.comau.com\/pt-br\/\"},{\"@type\":\"ListItem\",\"position\":2,\"name\":\"Nossas Compet\u00eancias\",\"item\":\"https:\/\/www.comau.com\/pt-br\/competencies\/\"},{\"@type\":\"ListItem\",\"position\":3,\"name\":\"Consultancy &#038; Education\",\"item\":\"https:\/\/www.comau.com\/pt-br\/competencies\/consultancy-education\/\"},{\"@type\":\"ListItem\",\"position\":4,\"name\":\"Companies &#038; Professionals\"}]},{\"@type\":\"WebSite\",\"@id\":\"https:\/\/www.comau.com\/pt-br\/#website\",\"url\":\"https:\/\/www.comau.com\/pt-br\/\",\"name\":\"Comau\",\"description\":\"Industrial automation and robotics\",\"publisher\":{\"@id\":\"https:\/\/www.comau.com\/pt-br\/#organization\"},\"potentialAction\":[{\"@type\":\"SearchAction\",\"target\":{\"@type\":\"EntryPoint\",\"urlTemplate\":\"https:\/\/www.comau.com\/pt-br\/?s={search_term_string}\"},\"query-input\":{\"@type\":\"PropertyValueSpecification\",\"valueRequired\":true,\"valueName\":\"search_term_string\"}}],\"inLanguage\":\"pt-BR\"},{\"@type\":\"Organization\",\"@id\":\"https:\/\/www.comau.com\/pt-br\/#organization\",\"name\":\"Comau\",\"url\":\"https:\/\/www.comau.com\/pt-br\/\",\"logo\":{\"@type\":\"ImageObject\",\"inLanguage\":\"pt-BR\",\"@id\":\"https:\/\/www.comau.com\/pt-br\/#\/schema\/logo\/image\/\",\"url\":\"https:\/\/www.comau.com\/wp-content\/uploads\/2024\/07\/cropped-Logo-COMAU.png\",\"contentUrl\":\"https:\/\/www.comau.com\/wp-content\/uploads\/2024\/07\/cropped-Logo-COMAU.png\",\"width\":434,\"height\":434,\"caption\":\"Comau\"},\"image\":{\"@id\":\"https:\/\/www.comau.com\/pt-br\/#\/schema\/logo\/image\/\"},\"sameAs\":[\"https:\/\/www.facebook.com\/COMAU\/\",\"https:\/\/x.com\/comaugroup\",\"https:\/\/www.instagram.com\/comaugroup\/\",\"https:\/\/www.linkedin.com\/company\/comau\",\"https:\/\/www.youtube.com\/user\/comau\"]}]}<\/script>\n<!-- \/ Yoast SEO plugin. -->","yoast_head_json":{"title":"Comau Academy para empresas e profissionais - Comau","description":"Adquira uma vantagem competitiva e melhore seu know-how com os cursos de treinamento da Comau Academy, criados para empresas e profissionais.","robots":{"index":"index","follow":"follow","max-snippet":"max-snippet:-1","max-image-preview":"max-image-preview:large","max-video-preview":"max-video-preview:-1"},"canonical":"https:\/\/www.comau.com\/pt-br\/competencies\/systems\/consultancy-education\/companies-professionals\/","og_locale":"pt_BR","og_type":"article","og_title":"Comau Academy para empresas e profissionais - Comau","og_description":"Adquira uma vantagem competitiva e melhore seu know-how com os cursos de treinamento da Comau Academy, criados para empresas e profissionais.","og_url":"https:\/\/www.comau.com\/pt-br\/competencies\/systems\/consultancy-education\/companies-professionals\/","og_site_name":"Comau","article_publisher":"https:\/\/www.facebook.com\/COMAU\/","article_modified_time":"2021-08-27T15:58:14+00:00","og_image":[{"width":1280,"height":485,"url":"https:\/\/www.comau.com\/wp-content\/uploads\/2021\/06\/header_DSC1940.png","type":"image\/png"}],"twitter_card":"summary_large_image","twitter_site":"@comaugroup","twitter_misc":{"Est. tempo de leitura":"4 minutos"},"schema":{"@context":"https:\/\/schema.org","@graph":[{"@type":"WebPage","@id":"https:\/\/www.comau.com\/pt-br\/competencies\/systems\/consultancy-education\/companies-professionals\/","url":"https:\/\/www.comau.com\/pt-br\/competencies\/systems\/consultancy-education\/companies-professionals\/","name":"Comau Academy para empresas e profissionais - Comau","isPartOf":{"@id":"https:\/\/www.comau.com\/pt-br\/#website"},"primaryImageOfPage":{"@id":"https:\/\/www.comau.com\/pt-br\/competencies\/systems\/consultancy-education\/companies-professionals\/#primaryimage"},"image":{"@id":"https:\/\/www.comau.com\/pt-br\/competencies\/systems\/consultancy-education\/companies-professionals\/#primaryimage"},"thumbnailUrl":"https:\/\/www.comau.com\/wp-content\/uploads\/2021\/06\/header_DSC1940.png","datePublished":"2021-06-30T23:01:19+00:00","dateModified":"2021-08-27T15:58:14+00:00","description":"Adquira uma vantagem competitiva e melhore seu know-how com os cursos de treinamento da Comau Academy, criados para empresas e profissionais.","breadcrumb":{"@id":"https:\/\/www.comau.com\/pt-br\/competencies\/systems\/consultancy-education\/companies-professionals\/#breadcrumb"},"inLanguage":"pt-BR","potentialAction":[{"@type":"ReadAction","target":["https:\/\/www.comau.com\/pt-br\/competencies\/systems\/consultancy-education\/companies-professionals\/"]}]},{"@type":"ImageObject","inLanguage":"pt-BR","@id":"https:\/\/www.comau.com\/pt-br\/competencies\/systems\/consultancy-education\/companies-professionals\/#primaryimage","url":"https:\/\/www.comau.com\/wp-content\/uploads\/2021\/06\/header_DSC1940.png","contentUrl":"https:\/\/www.comau.com\/wp-content\/uploads\/2021\/06\/header_DSC1940.png","width":1280,"height":485},{"@type":"BreadcrumbList","@id":"https:\/\/www.comau.com\/pt-br\/competencies\/systems\/consultancy-education\/companies-professionals\/#breadcrumb","itemListElement":[{"@type":"ListItem","position":1,"name":"Home","item":"https:\/\/www.comau.com\/pt-br\/"},{"@type":"ListItem","position":2,"name":"Nossas Compet\u00eancias","item":"https:\/\/www.comau.com\/pt-br\/competencies\/"},{"@type":"ListItem","position":3,"name":"Consultancy &#038; Education","item":"https:\/\/www.comau.com\/pt-br\/competencies\/consultancy-education\/"},{"@type":"ListItem","position":4,"name":"Companies &#038; Professionals"}]},{"@type":"WebSite","@id":"https:\/\/www.comau.com\/pt-br\/#website","url":"https:\/\/www.comau.com\/pt-br\/","name":"Comau","description":"Industrial automation and robotics","publisher":{"@id":"https:\/\/www.comau.com\/pt-br\/#organization"},"potentialAction":[{"@type":"SearchAction","target":{"@type":"EntryPoint","urlTemplate":"https:\/\/www.comau.com\/pt-br\/?s={search_term_string}"},"query-input":{"@type":"PropertyValueSpecification","valueRequired":true,"valueName":"search_term_string"}}],"inLanguage":"pt-BR"},{"@type":"Organization","@id":"https:\/\/www.comau.com\/pt-br\/#organization","name":"Comau","url":"https:\/\/www.comau.com\/pt-br\/","logo":{"@type":"ImageObject","inLanguage":"pt-BR","@id":"https:\/\/www.comau.com\/pt-br\/#\/schema\/logo\/image\/","url":"https:\/\/www.comau.com\/wp-content\/uploads\/2024\/07\/cropped-Logo-COMAU.png","contentUrl":"https:\/\/www.comau.com\/wp-content\/uploads\/2024\/07\/cropped-Logo-COMAU.png","width":434,"height":434,"caption":"Comau"},"image":{"@id":"https:\/\/www.comau.com\/pt-br\/#\/schema\/logo\/image\/"},"sameAs":["https:\/\/www.facebook.com\/COMAU\/","https:\/\/x.com\/comaugroup","https:\/\/www.instagram.com\/comaugroup\/","https:\/\/www.linkedin.com\/company\/comau","https:\/\/www.youtube.com\/user\/comau"]}]}},"_links":{"self":[{"href":"https:\/\/www.comau.com\/pt-br\/wp-json\/wp\/v2\/pages\/6274","targetHints":{"allow":["GET"]}}],"collection":[{"href":"https:\/\/www.comau.com\/pt-br\/wp-json\/wp\/v2\/pages"}],"about":[{"href":"https:\/\/www.comau.com\/pt-br\/wp-json\/wp\/v2\/types\/page"}],"author":[{"embeddable":true,"href":"https:\/\/www.comau.com\/pt-br\/wp-json\/wp\/v2\/users\/11"}],"replies":[{"embeddable":true,"href":"https:\/\/www.comau.com\/pt-br\/wp-json\/wp\/v2\/comments?post=6274"}],"version-history":[{"count":39,"href":"https:\/\/www.comau.com\/pt-br\/wp-json\/wp\/v2\/pages\/6274\/revisions"}],"predecessor-version":[{"id":38641,"href":"https:\/\/www.comau.com\/pt-br\/wp-json\/wp\/v2\/pages\/6274\/revisions\/38641"}],"up":[{"embeddable":true,"href":"https:\/\/www.comau.com\/pt-br\/wp-json\/wp\/v2\/pages\/6244"}],"wp:featuredmedia":[{"embeddable":true,"href":"https:\/\/www.comau.com\/pt-br\/wp-json\/wp\/v2\/media\/6277"}],"wp:attachment":[{"href":"https:\/\/www.comau.com\/pt-br\/wp-json\/wp\/v2\/media?parent=6274"}],"curies":[{"name":"wp","href":"https:\/\/api.w.org\/{rel}","templated":true}]}}