{"id":6244,"date":"2021-07-01T00:06:04","date_gmt":"2021-06-30T22:06:04","guid":{"rendered":"https:\/\/www.comau.com\/?page_id=6244"},"modified":"2021-07-19T18:01:31","modified_gmt":"2021-07-19T16:01:31","slug":"consultancy-education","status":"publish","type":"page","link":"https:\/\/www.comau.com\/pt-br\/competencies\/systems\/consultancy-education\/","title":{"rendered":"Consultancy &#038; Education"},"content":{"rendered":"\n<h2 class=\"wp-block-heading\">Aprendizado atrav\u00e9s da experi\u00eancia<\/h2>\n\n\n\n<p>Nossa empresa \u00e9 feita por pessoas e seus conhecimentos. <\/p>\n\n\n\n<p>N\u00f3s somos a cultura da automa\u00e7\u00e3o e, atrav\u00e9s da Comau Academy, desejamos compartilhar nossos conhecimentos oferecendo mestrados, programas de treinamento, semin\u00e1rios e publica\u00e7\u00f5es a empresas, profissionais e jovens talentos.<\/p>\n\n\n\n<h2 class=\"wp-block-heading\">Cursos<\/h2>\n\n\n\n<p>A Comau Academy oferece um amplo portf\u00f3lio de cursos dedicados a profissionais e jovens talentos. <\/p>\n\n\n\n<p>Descubra nossas ofertas, escolha investir em seu futuro.<\/p>\n\n\n\n<p><em>Adquira as habilidades t\u00e9cnicas e administrativas necess\u00e1rias para projetar e controlar solu\u00e7\u00f5es avan\u00e7adas de automa\u00e7\u00e3o industrial.<\/em><\/p>\n\n\n\n<h2 class=\"wp-block-heading\">Programas de treinamento para Empresas e Profissionais<\/h2>\n\n\n\n<p>O mundo da fabrica\u00e7\u00e3o est\u00e1 mudando. <br>As melhores pessoas s\u00e3o necess\u00e1rias para enfrentar os novos desafios da produ\u00e7\u00e3o.<\/p>\n\n\n\n<figure class=\"wp-block-image size-large\"><img decoding=\"async\" width=\"1024\" height=\"388\" src=\"https:\/\/www.comau.com\/wp-content\/uploads\/2021\/06\/header_DSC1940-1024x388.png\" alt=\"\" class=\"wp-image-1080\" srcset=\"https:\/\/www.comau.com\/wp-content\/uploads\/2021\/06\/header_DSC1940-1024x388.png 1024w, https:\/\/www.comau.com\/wp-content\/uploads\/2021\/06\/header_DSC1940-300x114.png 300w, https:\/\/www.comau.com\/wp-content\/uploads\/2021\/06\/header_DSC1940-768x291.png 768w, https:\/\/www.comau.com\/wp-content\/uploads\/2021\/06\/header_DSC1940.png 1280w\" sizes=\"(max-width: 1024px) 100vw, 1024px\" \/><\/figure>\n\n\n\n<div class=\"wp-block-buttons is-layout-flex wp-block-buttons-is-layout-flex\">\n<div class=\"wp-block-button\"><a class=\"wp-block-button__link\" href=\"https:\/\/www.comau.com\/pt-br\/competencies\/systems\/consultancy-education\/companies-professionals\/\">Descubra mais<\/a><\/div>\n<\/div>\n\n\n\n<h2 class=\"wp-block-heading\">Treinamento em rob\u00f3tica<\/h2>\n\n\n\n<figure class=\"wp-block-image size-large\"><img decoding=\"async\" width=\"1024\" height=\"388\" src=\"https:\/\/www.comau.com\/wp-content\/uploads\/2021\/07\/Edo-per-research.jpg\" alt=\"\" class=\"wp-image-6269\" srcset=\"https:\/\/www.comau.com\/wp-content\/uploads\/2021\/07\/Edo-per-research.jpg 1024w, https:\/\/www.comau.com\/wp-content\/uploads\/2021\/07\/Edo-per-research-300x114.jpg 300w, https:\/\/www.comau.com\/wp-content\/uploads\/2021\/07\/Edo-per-research-768x291.jpg 768w\" sizes=\"(max-width: 1024px) 100vw, 1024px\" \/><\/figure>\n\n\n\n<figure class=\"wp-block-embed is-type-wp-embed is-provider-comau wp-block-embed-comau\"><div class=\"wp-block-embed__wrapper\">\n<blockquote class=\"wp-embedded-content\" data-secret=\"XC5YWGbTBG\"><a href=\"https:\/\/www.comau.com\/en\/competencies\/consultancy-education\/robotics-license\/\">Robotics License<\/a><\/blockquote><iframe class=\"wp-embedded-content\" sandbox=\"allow-scripts\" security=\"restricted\" style=\"position: absolute; clip: rect(1px, 1px, 1px, 1px);\" title=\"&#8220;Robotics License&#8221; &#8212; Comau\" src=\"https:\/\/www.comau.com\/en\/competencies\/consultancy-education\/robotics-license\/embed\/#?secret=oNEVuRiaiy#?secret=XC5YWGbTBG\" data-secret=\"XC5YWGbTBG\" width=\"600\" height=\"338\" frameborder=\"0\" marginwidth=\"0\" marginheight=\"0\" scrolling=\"no\"><\/iframe>\n<\/div><\/figure>\n\n\n\n<div class=\"wp-block-buttons is-layout-flex wp-block-buttons-is-layout-flex\">\n<div class=\"wp-block-button\"><a class=\"wp-block-button__link\" href=\"https:\/\/www.comau.com\/pt-br\/competencies\/systems\/consultancy-education\/robotics-license\/\">Descubra mais<\/a><\/div>\n<\/div>\n\n\n\n<h2 class=\"wp-block-heading\">Programas de treinamento para Jovens talentos<\/h2>\n\n\n\n<p>Aqui na Comau confiamos em jovens talentos e desejamos continuar a investir no futuro.<\/p>\n\n\n\n<figure class=\"wp-block-image size-large\"><img decoding=\"async\" width=\"1024\" height=\"388\" src=\"https:\/\/www.comau.com\/wp-content\/uploads\/2021\/06\/header_DSC1951-1024x388.png\" alt=\"\" class=\"wp-image-1212\" srcset=\"https:\/\/www.comau.com\/wp-content\/uploads\/2021\/06\/header_DSC1951-1024x388.png 1024w, https:\/\/www.comau.com\/wp-content\/uploads\/2021\/06\/header_DSC1951-300x114.png 300w, https:\/\/www.comau.com\/wp-content\/uploads\/2021\/06\/header_DSC1951-768x291.png 768w, https:\/\/www.comau.com\/wp-content\/uploads\/2021\/06\/header_DSC1951.png 1280w\" sizes=\"(max-width: 1024px) 100vw, 1024px\" \/><\/figure>\n\n\n\n<div class=\"wp-block-buttons is-layout-flex wp-block-buttons-is-layout-flex\">\n<div class=\"wp-block-button\"><a class=\"wp-block-button__link\" href=\"https:\/\/www.comau.com\/pt-br\/competencies\/systems\/consultancy-education\/young-talents\/\">Descubra mais<\/a><\/div>\n<\/div>\n\n\n\n<h2 class=\"wp-block-heading\">A experi\u00eancia de inspira\u00e7\u00e3o e envolvimento e.DO\u2122 Experience<\/h2>\n\n\n\n<p>\u200bNa Comau,  <strong>trabalhamos diretamente com estudantes e professores para desenvolver ainda mais o uso da rob\u00f3tica como uma ferramenta inovadora de aprendizagem. <\/strong><\/p>\n\n\n\n<p><strong>e.DO\u2122<\/strong><strong> is a flexible and highly versatile interactive robot<\/strong> designed to stimulate <strong>critical thinking<\/strong> and <strong>problem solving<\/strong> and students\u2019 participation inside and outside the classroom.<\/p>\n\n\n\n<p>From <strong>activity-based Math lessons for primary schools to advanced Mathematics with aspects of Physics and Economics for high school students,<\/strong> e.DO makes learning fun while helping prepare students of all ages for the future.<\/p>\n\n\n\n<p>Our robotics-based learning offering even includes helping high school students acquire an <strong>internationally-recognized robotics certificate<\/strong>. The e.DO educational philosophy is helping more and more teachers deploy robotics within the classroom as part of a modern and highly-relevant school-to-work learning path.<\/p>\n\n\n\n<div class=\"wp-block-buttons is-layout-flex wp-block-buttons-is-layout-flex\">\n<div class=\"wp-block-button\"><a class=\"wp-block-button__link\" href=\"https:\/\/www.comau.com\/pt-br\/competencies\/systems\/consultancy-education\/e-do-experience\/\">Descubra mais<\/a><\/div>\n\n\n\n<div class=\"wp-block-button\"><a class=\"wp-block-button__link\" href=\"https:\/\/edo.cloud\/\" target=\"_blank\" rel=\"noreferrer noopener\">Discover e.DO\u2122 Experience<\/a><\/div>\n<\/div>\n\n\n\n<h2 class=\"wp-block-heading\">Cursos On-line<\/h2>\n\n\n\n<p>Melhore suas habilidades com nossos cursos on-line, diretamente de sua mesa.<\/p>\n\n\n\n<figure class=\"wp-block-image size-large\"><img decoding=\"async\" width=\"1024\" height=\"404\" src=\"https:\/\/www.comau.com\/wp-content\/uploads\/2021\/06\/online-courses-1024x404.jpg\" alt=\"\" class=\"wp-image-1141\" srcset=\"https:\/\/www.comau.com\/wp-content\/uploads\/2021\/06\/online-courses-1024x404.jpg 1024w, https:\/\/www.comau.com\/wp-content\/uploads\/2021\/06\/online-courses-300x118.jpg 300w, https:\/\/www.comau.com\/wp-content\/uploads\/2021\/06\/online-courses-768x303.jpg 768w, https:\/\/www.comau.com\/wp-content\/uploads\/2021\/06\/online-courses.jpg 1180w\" sizes=\"(max-width: 1024px) 100vw, 1024px\" \/><\/figure>\n\n\n\n<div class=\"wp-block-buttons is-layout-flex wp-block-buttons-is-layout-flex\">\n<div class=\"wp-block-button\"><a class=\"wp-block-button__link\" href=\"https:\/\/www.comau.com\/pt-br\/competencies\/systems\/consultancy-education\/web-academy\/\">Descubra mais<\/a><\/div>\n<\/div>\n\n\n\n<div class=\"wp-block-columns align-items-center compact-rows wide-section-light-1 is-layout-flex wp-container-core-columns-is-layout-9d6595d7 wp-block-columns-is-layout-flex\">\n<div class=\"wp-block-column is-layout-flow wp-block-column-is-layout-flow\">\n<h2 class=\"wp-block-heading\">Publica\u00e7\u00f5es<\/h2>\n\n\n\n<p>From 45 years of experience in Industrial Automation, come a set of operational, managerial and practical guides by Comau. <strong>Project &amp; People Management \u2013 An Operational Guide <\/strong>illustrates the experiences, methodologies and practices used globally by Comau Group to manage projects and people.&nbsp;<\/p>\n\n\n\n<p><strong>Managing Challenges Across Cultures \u2013 A Multicultural Project Team Toolbox<\/strong> presents the results of a multi-year programme conducted by the Comau Project Management Academy in collaboration with TCO International.&nbsp;<\/p>\n\n\n\n<p>Published in 2018,<strong> Giovani, Universit\u00e0 e Azienda: il nuovo perimetro formativo- L&#8217;esperienza della Project &amp; People Management School <\/strong>(Young People, Universities and Businesses: the new training perimeter &#8211; The experience of the Project &amp; People Management School) presents the training model of the P&amp;PM School Comau, an expression of strategic collaboration between the academic and business world.<\/p>\n\n\n\n<div class=\"wp-block-buttons is-layout-flex wp-block-buttons-is-layout-flex\">\n<div class=\"wp-block-button\"><a class=\"wp-block-button__link\" href=\"https:\/\/www.comau.com\/pt-br\/competencies\/systems\/consultancy-education\/publications\/\">Saiba mais<\/a><\/div>\n<\/div>\n<\/div>\n\n\n\n<div class=\"wp-block-column is-layout-flow wp-block-column-is-layout-flow\">\n<figure class=\"wp-block-image size-large\"><img decoding=\"async\" width=\"600\" height=\"563\" src=\"https:\/\/www.comau.com\/wp-content\/uploads\/2021\/06\/comau_book_academy.png\" alt=\"\" class=\"wp-image-6268\" srcset=\"https:\/\/www.comau.com\/wp-content\/uploads\/2021\/06\/comau_book_academy.png 600w, https:\/\/www.comau.com\/wp-content\/uploads\/2021\/06\/comau_book_academy-300x282.png 300w\" sizes=\"(max-width: 600px) 100vw, 600px\" \/><\/figure>\n<\/div>\n<\/div>\n\n\n\n<figure class=\"wp-block-embed is-type-video is-provider-youtube wp-block-embed-youtube wp-embed-aspect-16-9 wp-has-aspect-ratio\"><div class=\"wp-block-embed__wrapper\">\n<iframe title=\"Comau. Sharing to educate - Ezio Fregnan\" width=\"640\" height=\"360\" src=\"https:\/\/www.youtube.com\/embed\/aoiU6vYPPJI?feature=oembed\" frameborder=\"0\" allow=\"accelerometer; autoplay; clipboard-write; encrypted-media; gyroscope; picture-in-picture; web-share\" referrerpolicy=\"strict-origin-when-cross-origin\" allowfullscreen><\/iframe>\n<\/div><\/figure>\n","protected":false},"excerpt":{"rendered":"<p>Aprendizado atrav\u00e9s da experi\u00eancia Nossa empresa \u00e9 feita por pessoas e seus conhecimentos. N\u00f3s somos a cultura da automa\u00e7\u00e3o e, atrav\u00e9s da Comau Academy, desejamos compartilhar nossos conhecimentos oferecendo mestrados, programas de treinamento, semin\u00e1rios e publica\u00e7\u00f5es a empresas, profissionais e jovens talentos. Cursos A Comau Academy oferece um amplo portf\u00f3lio de cursos dedicados a profissionais [&hellip;]<\/p>\n","protected":false},"author":11,"featured_media":6266,"parent":65263,"menu_order":6,"comment_status":"closed","ping_status":"closed","template":"","meta":{"_acf_changed":false,"ep_exclude_from_search":false,"footnotes":""},"class_list":["post-6244","page","type-page","status-publish","has-post-thumbnail","hentry"],"acf":[],"yoast_head":"<!-- This site is optimized with the Yoast SEO plugin v26.9 - https:\/\/yoast.com\/product\/yoast-seo-wordpress\/ -->\n<title>Consultancy &amp; Education - Comau<\/title>\n<meta name=\"robots\" content=\"index, follow, max-snippet:-1, max-image-preview:large, max-video-preview:-1\" \/>\n<link rel=\"canonical\" href=\"https:\/\/www.comau.com\/pt-br\/competencies\/systems\/consultancy-education\/\" \/>\n<meta property=\"og:locale\" content=\"pt_BR\" \/>\n<meta property=\"og:type\" content=\"article\" \/>\n<meta property=\"og:title\" content=\"Consultancy &amp; Education - Comau\" \/>\n<meta property=\"og:description\" content=\"Aprendizado atrav\u00e9s da experi\u00eancia Nossa empresa \u00e9 feita por pessoas e seus conhecimentos. N\u00f3s somos a cultura da automa\u00e7\u00e3o e, atrav\u00e9s da Comau Academy, desejamos compartilhar nossos conhecimentos oferecendo mestrados, programas de treinamento, semin\u00e1rios e publica\u00e7\u00f5es a empresas, profissionais e jovens talentos. Cursos A Comau Academy oferece um amplo portf\u00f3lio de cursos dedicados a profissionais [&hellip;]\" \/>\n<meta property=\"og:url\" content=\"https:\/\/www.comau.com\/pt-br\/competencies\/systems\/consultancy-education\/\" \/>\n<meta property=\"og:site_name\" content=\"Comau\" \/>\n<meta property=\"article:publisher\" content=\"https:\/\/www.facebook.com\/COMAU\/\" \/>\n<meta property=\"article:modified_time\" content=\"2021-07-19T16:01:31+00:00\" \/>\n<meta property=\"og:image\" content=\"https:\/\/www.comau.com\/wp-content\/uploads\/2021\/06\/academy-overview_header.jpg\" \/>\n\t<meta property=\"og:image:width\" content=\"1280\" \/>\n\t<meta property=\"og:image:height\" content=\"485\" \/>\n\t<meta property=\"og:image:type\" content=\"image\/jpeg\" \/>\n<meta name=\"twitter:card\" content=\"summary_large_image\" \/>\n<meta name=\"twitter:site\" content=\"@comaugroup\" \/>\n<meta name=\"twitter:label1\" content=\"Est. tempo de leitura\" \/>\n\t<meta name=\"twitter:data1\" content=\"3 minutos\" \/>\n<script type=\"application\/ld+json\" class=\"yoast-schema-graph\">{\"@context\":\"https:\/\/schema.org\",\"@graph\":[{\"@type\":\"WebPage\",\"@id\":\"https:\/\/www.comau.com\/pt-br\/competencies\/systems\/consultancy-education\/\",\"url\":\"https:\/\/www.comau.com\/pt-br\/competencies\/systems\/consultancy-education\/\",\"name\":\"Consultancy & Education - Comau\",\"isPartOf\":{\"@id\":\"https:\/\/www.comau.com\/pt-br\/#website\"},\"primaryImageOfPage\":{\"@id\":\"https:\/\/www.comau.com\/pt-br\/competencies\/systems\/consultancy-education\/#primaryimage\"},\"image\":{\"@id\":\"https:\/\/www.comau.com\/pt-br\/competencies\/systems\/consultancy-education\/#primaryimage\"},\"thumbnailUrl\":\"https:\/\/www.comau.com\/wp-content\/uploads\/2021\/06\/academy-overview_header.jpg\",\"datePublished\":\"2021-06-30T22:06:04+00:00\",\"dateModified\":\"2021-07-19T16:01:31+00:00\",\"breadcrumb\":{\"@id\":\"https:\/\/www.comau.com\/pt-br\/competencies\/systems\/consultancy-education\/#breadcrumb\"},\"inLanguage\":\"pt-BR\",\"potentialAction\":[{\"@type\":\"ReadAction\",\"target\":[\"https:\/\/www.comau.com\/pt-br\/competencies\/systems\/consultancy-education\/\"]}]},{\"@type\":\"ImageObject\",\"inLanguage\":\"pt-BR\",\"@id\":\"https:\/\/www.comau.com\/pt-br\/competencies\/systems\/consultancy-education\/#primaryimage\",\"url\":\"https:\/\/www.comau.com\/wp-content\/uploads\/2021\/06\/academy-overview_header.jpg\",\"contentUrl\":\"https:\/\/www.comau.com\/wp-content\/uploads\/2021\/06\/academy-overview_header.jpg\",\"width\":1280,\"height\":485},{\"@type\":\"BreadcrumbList\",\"@id\":\"https:\/\/www.comau.com\/pt-br\/competencies\/systems\/consultancy-education\/#breadcrumb\",\"itemListElement\":[{\"@type\":\"ListItem\",\"position\":1,\"name\":\"Home\",\"item\":\"https:\/\/www.comau.com\/pt-br\/\"},{\"@type\":\"ListItem\",\"position\":2,\"name\":\"Nossas Compet\u00eancias\",\"item\":\"https:\/\/www.comau.com\/pt-br\/competencies\/\"},{\"@type\":\"ListItem\",\"position\":3,\"name\":\"Consultancy &#038; Education\"}]},{\"@type\":\"WebSite\",\"@id\":\"https:\/\/www.comau.com\/pt-br\/#website\",\"url\":\"https:\/\/www.comau.com\/pt-br\/\",\"name\":\"Comau\",\"description\":\"Industrial automation and robotics\",\"publisher\":{\"@id\":\"https:\/\/www.comau.com\/pt-br\/#organization\"},\"potentialAction\":[{\"@type\":\"SearchAction\",\"target\":{\"@type\":\"EntryPoint\",\"urlTemplate\":\"https:\/\/www.comau.com\/pt-br\/?s={search_term_string}\"},\"query-input\":{\"@type\":\"PropertyValueSpecification\",\"valueRequired\":true,\"valueName\":\"search_term_string\"}}],\"inLanguage\":\"pt-BR\"},{\"@type\":\"Organization\",\"@id\":\"https:\/\/www.comau.com\/pt-br\/#organization\",\"name\":\"Comau\",\"url\":\"https:\/\/www.comau.com\/pt-br\/\",\"logo\":{\"@type\":\"ImageObject\",\"inLanguage\":\"pt-BR\",\"@id\":\"https:\/\/www.comau.com\/pt-br\/#\/schema\/logo\/image\/\",\"url\":\"https:\/\/www.comau.com\/wp-content\/uploads\/2024\/07\/cropped-Logo-COMAU.png\",\"contentUrl\":\"https:\/\/www.comau.com\/wp-content\/uploads\/2024\/07\/cropped-Logo-COMAU.png\",\"width\":434,\"height\":434,\"caption\":\"Comau\"},\"image\":{\"@id\":\"https:\/\/www.comau.com\/pt-br\/#\/schema\/logo\/image\/\"},\"sameAs\":[\"https:\/\/www.facebook.com\/COMAU\/\",\"https:\/\/x.com\/comaugroup\",\"https:\/\/www.instagram.com\/comaugroup\/\",\"https:\/\/www.linkedin.com\/company\/comau\",\"https:\/\/www.youtube.com\/user\/comau\"]}]}<\/script>\n<!-- \/ Yoast SEO plugin. -->","yoast_head_json":{"title":"Consultancy & Education - Comau","robots":{"index":"index","follow":"follow","max-snippet":"max-snippet:-1","max-image-preview":"max-image-preview:large","max-video-preview":"max-video-preview:-1"},"canonical":"https:\/\/www.comau.com\/pt-br\/competencies\/systems\/consultancy-education\/","og_locale":"pt_BR","og_type":"article","og_title":"Consultancy & Education - Comau","og_description":"Aprendizado atrav\u00e9s da experi\u00eancia Nossa empresa \u00e9 feita por pessoas e seus conhecimentos. N\u00f3s somos a cultura da automa\u00e7\u00e3o e, atrav\u00e9s da Comau Academy, desejamos compartilhar nossos conhecimentos oferecendo mestrados, programas de treinamento, semin\u00e1rios e publica\u00e7\u00f5es a empresas, profissionais e jovens talentos. Cursos A Comau Academy oferece um amplo portf\u00f3lio de cursos dedicados a profissionais [&hellip;]","og_url":"https:\/\/www.comau.com\/pt-br\/competencies\/systems\/consultancy-education\/","og_site_name":"Comau","article_publisher":"https:\/\/www.facebook.com\/COMAU\/","article_modified_time":"2021-07-19T16:01:31+00:00","og_image":[{"width":1280,"height":485,"url":"https:\/\/www.comau.com\/wp-content\/uploads\/2021\/06\/academy-overview_header.jpg","type":"image\/jpeg"}],"twitter_card":"summary_large_image","twitter_site":"@comaugroup","twitter_misc":{"Est. tempo de leitura":"3 minutos"},"schema":{"@context":"https:\/\/schema.org","@graph":[{"@type":"WebPage","@id":"https:\/\/www.comau.com\/pt-br\/competencies\/systems\/consultancy-education\/","url":"https:\/\/www.comau.com\/pt-br\/competencies\/systems\/consultancy-education\/","name":"Consultancy & Education - Comau","isPartOf":{"@id":"https:\/\/www.comau.com\/pt-br\/#website"},"primaryImageOfPage":{"@id":"https:\/\/www.comau.com\/pt-br\/competencies\/systems\/consultancy-education\/#primaryimage"},"image":{"@id":"https:\/\/www.comau.com\/pt-br\/competencies\/systems\/consultancy-education\/#primaryimage"},"thumbnailUrl":"https:\/\/www.comau.com\/wp-content\/uploads\/2021\/06\/academy-overview_header.jpg","datePublished":"2021-06-30T22:06:04+00:00","dateModified":"2021-07-19T16:01:31+00:00","breadcrumb":{"@id":"https:\/\/www.comau.com\/pt-br\/competencies\/systems\/consultancy-education\/#breadcrumb"},"inLanguage":"pt-BR","potentialAction":[{"@type":"ReadAction","target":["https:\/\/www.comau.com\/pt-br\/competencies\/systems\/consultancy-education\/"]}]},{"@type":"ImageObject","inLanguage":"pt-BR","@id":"https:\/\/www.comau.com\/pt-br\/competencies\/systems\/consultancy-education\/#primaryimage","url":"https:\/\/www.comau.com\/wp-content\/uploads\/2021\/06\/academy-overview_header.jpg","contentUrl":"https:\/\/www.comau.com\/wp-content\/uploads\/2021\/06\/academy-overview_header.jpg","width":1280,"height":485},{"@type":"BreadcrumbList","@id":"https:\/\/www.comau.com\/pt-br\/competencies\/systems\/consultancy-education\/#breadcrumb","itemListElement":[{"@type":"ListItem","position":1,"name":"Home","item":"https:\/\/www.comau.com\/pt-br\/"},{"@type":"ListItem","position":2,"name":"Nossas Compet\u00eancias","item":"https:\/\/www.comau.com\/pt-br\/competencies\/"},{"@type":"ListItem","position":3,"name":"Consultancy &#038; Education"}]},{"@type":"WebSite","@id":"https:\/\/www.comau.com\/pt-br\/#website","url":"https:\/\/www.comau.com\/pt-br\/","name":"Comau","description":"Industrial automation and robotics","publisher":{"@id":"https:\/\/www.comau.com\/pt-br\/#organization"},"potentialAction":[{"@type":"SearchAction","target":{"@type":"EntryPoint","urlTemplate":"https:\/\/www.comau.com\/pt-br\/?s={search_term_string}"},"query-input":{"@type":"PropertyValueSpecification","valueRequired":true,"valueName":"search_term_string"}}],"inLanguage":"pt-BR"},{"@type":"Organization","@id":"https:\/\/www.comau.com\/pt-br\/#organization","name":"Comau","url":"https:\/\/www.comau.com\/pt-br\/","logo":{"@type":"ImageObject","inLanguage":"pt-BR","@id":"https:\/\/www.comau.com\/pt-br\/#\/schema\/logo\/image\/","url":"https:\/\/www.comau.com\/wp-content\/uploads\/2024\/07\/cropped-Logo-COMAU.png","contentUrl":"https:\/\/www.comau.com\/wp-content\/uploads\/2024\/07\/cropped-Logo-COMAU.png","width":434,"height":434,"caption":"Comau"},"image":{"@id":"https:\/\/www.comau.com\/pt-br\/#\/schema\/logo\/image\/"},"sameAs":["https:\/\/www.facebook.com\/COMAU\/","https:\/\/x.com\/comaugroup","https:\/\/www.instagram.com\/comaugroup\/","https:\/\/www.linkedin.com\/company\/comau","https:\/\/www.youtube.com\/user\/comau"]}]}},"_links":{"self":[{"href":"https:\/\/www.comau.com\/pt-br\/wp-json\/wp\/v2\/pages\/6244","targetHints":{"allow":["GET"]}}],"collection":[{"href":"https:\/\/www.comau.com\/pt-br\/wp-json\/wp\/v2\/pages"}],"about":[{"href":"https:\/\/www.comau.com\/pt-br\/wp-json\/wp\/v2\/types\/page"}],"author":[{"embeddable":true,"href":"https:\/\/www.comau.com\/pt-br\/wp-json\/wp\/v2\/users\/11"}],"replies":[{"embeddable":true,"href":"https:\/\/www.comau.com\/pt-br\/wp-json\/wp\/v2\/comments?post=6244"}],"version-history":[{"count":24,"href":"https:\/\/www.comau.com\/pt-br\/wp-json\/wp\/v2\/pages\/6244\/revisions"}],"predecessor-version":[{"id":28619,"href":"https:\/\/www.comau.com\/pt-br\/wp-json\/wp\/v2\/pages\/6244\/revisions\/28619"}],"up":[{"embeddable":true,"href":"https:\/\/www.comau.com\/pt-br\/wp-json\/wp\/v2\/pages\/65263"}],"wp:featuredmedia":[{"embeddable":true,"href":"https:\/\/www.comau.com\/pt-br\/wp-json\/wp\/v2\/media\/6266"}],"wp:attachment":[{"href":"https:\/\/www.comau.com\/pt-br\/wp-json\/wp\/v2\/media?parent=6244"}],"curies":[{"name":"wp","href":"https:\/\/api.w.org\/{rel}","templated":true}]}}