{"id":6214,"date":"2021-07-01T00:05:48","date_gmt":"2021-06-30T22:05:48","guid":{"rendered":"https:\/\/www.comau.com\/?page_id=6214"},"modified":"2024-10-21T18:37:19","modified_gmt":"2024-10-21T16:37:19","slug":"digital-initiatives","status":"publish","type":"page","link":"https:\/\/www.comau.com\/pt-br\/competencies\/products-solutions\/digital-initiatives\/","title":{"rendered":"Digital initiatives"},"content":{"rendered":"\n<h2 class=\"wp-block-heading\" id=\"aproveitando-a-forca-da-fabricacao-digital\">Aproveitando a for\u00e7a da fabrica\u00e7\u00e3o digital<\/h2>\n\n\n\n<p> \u00c0 medida que o mundo da fabrica\u00e7\u00e3o evolui para melhor responder \u00e0s necessidades dos clientes e aos desafios do mercado, a Comau permanece na lideran\u00e7a. Nossa abordagem de cria\u00e7\u00e3o de rede com seres humanos, processos, equipamentos e sistemas est\u00e1 impulsionando a cria\u00e7\u00e3o de redes de valor capazes de coletar, analisar e utilizar intelig\u00eancia interconectada para sermos mais flex\u00edveis, r\u00e1pidos e proativos. Com o suporte de 50 anos de experi\u00eancia em automa\u00e7\u00e3o industrial e um conhecimento \u00edntimo de processos de fabrica\u00e7\u00e3o, nosso sistema digital \u00e9 concebido para f\u00e1bricas novas ou existentes, e todas as marcas de equipamentos instalados.<\/p>\n\n\n\n<h2 class=\"wp-block-heading\" id=\"o-desafio-da-reconfiguracao\">O desafio da reconfigura\u00e7\u00e3o<\/h2>\n\n\n\n<p>Um dos maiores desafios de uma produ\u00e7\u00e3o personalizada \u00e9 aumentar a escalabilidade e a convertibilidade de diferentes processos de fabrica\u00e7\u00e3o. Isto significa maior integra\u00e7\u00e3o e intera\u00e7\u00e3o ao longo das linhas de fabrica\u00e7\u00e3o e equipamentos, e s\u00e3o necess\u00e1rios diagn\u00f3sticos aprimorados que possam prever e prevenir falhas e discrep\u00e2ncias de qualidade. Para satisfazer a esses desafios, estamos desenvolvendo produtos, solu\u00e7\u00f5es e servi\u00e7os capacitadores que exploram a digitaliza\u00e7\u00e3o e a an\u00e1lise para proporcionar uma visibilidade de 360\u00b0 em todas as opera\u00e7\u00f5es.<\/p>\n\n\n\n<div class=\"wp-block-columns columns-bg-dark is-layout-flex wp-container-core-columns-is-layout-9d6595d7 wp-block-columns-is-layout-flex\">\n<div class=\"wp-block-column is-layout-flow wp-block-column-is-layout-flow\">\n<h3 class=\"wp-block-heading\" id=\"in-grid\">In.Grid Line Monitoring<\/h3>\n\n\n\n<p>Coleta de dados em tempo real dos PLCs na linha de produ\u00e7\u00e3o. Esses dados s\u00e3o usados para monitorar o desempenho geral, principais KPIs das linhas e identificar gargalos ou \u00e1reas que precisam ser melhoradas.<\/p>\n\n\n\n<div class=\"wp-block-buttons is-layout-flex wp-block-buttons-is-layout-flex\">\n<div class=\"wp-block-button\"><a class=\"wp-block-button__link wp-element-button\" href=\"https:\/\/www.comau.com\/en\/our-offer\/products-and-solutions\/digital-iot-platforms\/in-grid-line-monitoring\/\">Saiba mais<\/a><\/div>\n<\/div>\n<\/div>\n<\/div>\n\n\n\n<div class=\"wp-block-columns is-layout-flex wp-container-core-columns-is-layout-9d6595d7 wp-block-columns-is-layout-flex\">\n<div class=\"wp-block-column is-layout-flow wp-block-column-is-layout-flow\"><\/div>\n<\/div>\n\n\n\n<h2 class=\"wp-block-heading\" id=\"a-fabrica-interconectada\">A f\u00e1brica interconectada<\/h2>\n\n\n\n<p>Estamos facilitando a evolu\u00e7\u00e3o no sentido de uma produ\u00e7\u00e3o mais eficiente e orientada pela qualidade atrav\u00e9s de sensorializa\u00e7\u00e3o orientada, an\u00e1lises avan\u00e7adas e a implementa\u00e7\u00e3o de ambientes virtuais que simulam as modifica\u00e7\u00f5es da linha e os par\u00e2metros de fabrica\u00e7\u00e3o em lote.<\/p>\n\n\n\n<p>A digitaliza\u00e7\u00e3o permite a comunica\u00e7\u00e3o em tempo real entre operadores e o sistema de fabrica\u00e7\u00e3o. Ela tamb\u00e9m oferece intelig\u00eancia aprimorada para simplificar processos e otimizar a cadeia de valor. Como resultado, a digitaliza\u00e7\u00e3o pode ajudar voc\u00ea a experimentar uma maior produtividade, tempo at\u00e9 o mercado mais curto e menores custos de opera\u00e7\u00e3o, e evitar o risco de atrasos operacionais. E al\u00e9m disso, a digitaliza\u00e7\u00e3o pode ser aplicada em uma simples m\u00e1quina, linha ou em uma f\u00e1brica inteira.<\/p>\n\n\n\n<h2 class=\"wp-block-heading\" id=\"descubra-nosso-caminho-para-a-digitalizacao\">Descubra nosso caminho para a digitaliza\u00e7\u00e3o<\/h2>\n\n\n\n<figure class=\"wp-block-embed is-type-video is-provider-youtube wp-block-embed-youtube wp-embed-aspect-16-9 wp-has-aspect-ratio\"><div class=\"wp-block-embed__wrapper\">\n<iframe title=\"Comau&#039;s Way to Digitalization\" width=\"640\" height=\"360\" src=\"https:\/\/www.youtube.com\/embed\/DF-KlIRQsJ0?feature=oembed\" frameborder=\"0\" allow=\"accelerometer; autoplay; clipboard-write; encrypted-media; gyroscope; picture-in-picture; web-share\" referrerpolicy=\"strict-origin-when-cross-origin\" allowfullscreen><\/iframe>\n<\/div><\/figure>\n\n\n\n<h2 class=\"wp-block-heading\" id=\"nossa-abordagem-estrategica\">Nossa abordagem estrat\u00e9gica<\/h2>\n\n\n\n<ul class=\"wp-block-list\">\n<li>Identificar necessidades de meta, objetivos estrat\u00e9gicos essenciais e KPIs mensur\u00e1veis<\/li>\n\n\n\n<li>Implantar coleta de dados e criar modelos anal\u00edticos e de neg\u00f3cios para otimizar o desempenho e os custos<\/li>\n\n\n\n<li>Compartilhar intelig\u00eancia em tempo real atrav\u00e9s de ferramentas digitais e tecnologias port\u00e1teis<\/li>\n\n\n\n<li>Aplica\u00e7\u00e3o incremental de solu\u00e7\u00f5es digitais em linhas ou f\u00e1bricas inteiras j\u00e1 existentes<\/li>\n\n\n\n<li>Implementa\u00e7\u00e3o dispon\u00edvel para IoT em novas instala\u00e7\u00f5es<\/li>\n<\/ul>\n\n\n\n<h2 class=\"wp-block-heading\" id=\"resultados-tangiveis\">Resultados tang\u00edveis<\/h2>\n\n\n\n<ul class=\"wp-block-list\">\n<li>Monitoramento de condi\u00e7\u00e3o em tempo real e manuten\u00e7\u00e3o preditiva<\/li>\n\n\n\n<li>Melhorar o MTBF (tempo entre falhas)<\/li>\n\n\n\n<li>Reduzir custos de invent\u00e1rio e manuten\u00e7\u00e3o preventiva<\/li>\n\n\n\n<li>Otimizar a produ\u00e7\u00e3o, aumentar as taxas de produ\u00e7\u00e3o, aumentar a qualidade<\/li>\n<\/ul>\n\n\n\n<div class=\"wp-block-columns columns-bg-dark is-layout-flex wp-container-core-columns-is-layout-9d6595d7 wp-block-columns-is-layout-flex\">\n<div class=\"wp-block-column is-layout-flow wp-block-column-is-layout-flow\">\n<h3 class=\"wp-block-heading\" id=\"research-and-innovation-projects\">Research and innovation Projects<\/h3>\n\n\n\n<p>Trabalhamos ativamente dentro de uma rede internacional formada por empresas, institui\u00e7\u00f5es e universidades para a realiza\u00e7\u00e3o de projetos inovadores capazes de responder \u00e0s exig\u00eancias de um sistema industrial em evolu\u00e7\u00e3o permanente.<\/p>\n\n\n\n<div class=\"wp-block-buttons is-layout-flex wp-block-buttons-is-layout-flex\">\n<div class=\"wp-block-button\"><a class=\"wp-block-button__link wp-element-button\" href=\"https:\/\/www.comau.com\/pt-br\/about-us\/funded-projects\/\">Saiba mais<\/a><\/div>\n<\/div>\n<\/div>\n\n\n\n<div class=\"wp-block-column is-layout-flow wp-block-column-is-layout-flow\">\n<h3 class=\"wp-block-heading\" id=\"technologies\">Technologies<\/h3>\n\n\n\n<p>Na Comau, inova\u00e7\u00e3o \u00e9 um estado de esp\u00edrito e um impulsionador da excel\u00eancia. \u00c9 a \u00e1rea na qual somos considerados muito superiores aos competidores. \u00c9 o que nos desafia a alcan\u00e7ar novos patamares e \u00e9 o que explica porque dedicamos significativos recursos humanos e financeiros em pesquisa e desenvolvimento que permitem que nos mantenhamos na vanguarda da inova\u00e7\u00e3o no campo da produ\u00e7\u00e3o industrial. <\/p>\n\n\n\n<div class=\"wp-block-buttons is-layout-flex wp-block-buttons-is-layout-flex\">\n<div class=\"wp-block-button\"><a class=\"wp-block-button__link wp-element-button\" href=\"https:\/\/www.comau.com\/pt-br\/competencies\/products-solutions\/digital-initiatives\/technologies\/\">Saiba mais<\/a><\/div>\n<\/div>\n<\/div>\n<\/div>\n","protected":false},"excerpt":{"rendered":"<p>Aproveitando a for\u00e7a da fabrica\u00e7\u00e3o digital \u00c0 medida que o mundo da fabrica\u00e7\u00e3o evolui para melhor responder \u00e0s necessidades dos clientes e aos desafios do mercado, a Comau permanece na lideran\u00e7a. Nossa abordagem de cria\u00e7\u00e3o de rede com seres humanos, processos, equipamentos e sistemas est\u00e1 impulsionando a cria\u00e7\u00e3o de redes de valor capazes de coletar, [&hellip;]<\/p>\n","protected":false},"author":11,"featured_media":6229,"parent":65274,"menu_order":5,"comment_status":"closed","ping_status":"closed","template":"","meta":{"_acf_changed":false,"ep_exclude_from_search":false,"footnotes":""},"class_list":["post-6214","page","type-page","status-publish","has-post-thumbnail","hentry"],"acf":[],"yoast_head":"<!-- This site is optimized with the Yoast SEO plugin v26.9 - https:\/\/yoast.com\/product\/yoast-seo-wordpress\/ -->\n<title>Transforma\u00e7\u00e3o digital com digitaliza\u00e7\u00e3o da ind\u00fastria| Comau<\/title>\n<meta name=\"description\" content=\"Descubra o poder da digitaliza\u00e7\u00e3o da ind\u00fastria e veja sua empresa progredir com a aplica\u00e7\u00e3o das melhores pr\u00e1ticas. Saiba mais aqui.\" \/>\n<meta name=\"robots\" content=\"index, follow, max-snippet:-1, max-image-preview:large, max-video-preview:-1\" \/>\n<link rel=\"canonical\" href=\"https:\/\/www.comau.com\/pt-br\/competencies\/products-solutions\/digital-initiatives\/\" \/>\n<meta property=\"og:locale\" content=\"pt_BR\" \/>\n<meta property=\"og:type\" content=\"article\" \/>\n<meta property=\"og:title\" content=\"Transforma\u00e7\u00e3o digital com digitaliza\u00e7\u00e3o da ind\u00fastria| Comau\" \/>\n<meta property=\"og:description\" content=\"Descubra o poder da digitaliza\u00e7\u00e3o da ind\u00fastria e veja sua empresa progredir com a aplica\u00e7\u00e3o das melhores pr\u00e1ticas. Saiba mais aqui.\" \/>\n<meta property=\"og:url\" content=\"https:\/\/www.comau.com\/pt-br\/competencies\/products-solutions\/digital-initiatives\/\" \/>\n<meta property=\"og:site_name\" content=\"Comau\" \/>\n<meta property=\"article:publisher\" content=\"https:\/\/www.facebook.com\/COMAU\/\" \/>\n<meta property=\"article:modified_time\" content=\"2024-10-21T16:37:19+00:00\" \/>\n<meta property=\"og:image\" content=\"https:\/\/www.comau.com\/wp-content\/uploads\/2021\/06\/Heder_DigitalSolutions.jpg\" \/>\n\t<meta property=\"og:image:width\" content=\"1280\" \/>\n\t<meta property=\"og:image:height\" content=\"485\" \/>\n\t<meta property=\"og:image:type\" content=\"image\/jpeg\" \/>\n<meta name=\"twitter:card\" content=\"summary_large_image\" \/>\n<meta name=\"twitter:site\" content=\"@comaugroup\" \/>\n<meta name=\"twitter:label1\" content=\"Est. tempo de leitura\" \/>\n\t<meta name=\"twitter:data1\" content=\"4 minutos\" \/>\n<script type=\"application\/ld+json\" class=\"yoast-schema-graph\">{\"@context\":\"https:\/\/schema.org\",\"@graph\":[{\"@type\":\"WebPage\",\"@id\":\"https:\/\/www.comau.com\/pt-br\/competencies\/products-solutions\/digital-initiatives\/\",\"url\":\"https:\/\/www.comau.com\/pt-br\/competencies\/products-solutions\/digital-initiatives\/\",\"name\":\"Transforma\u00e7\u00e3o digital com digitaliza\u00e7\u00e3o da ind\u00fastria| Comau\",\"isPartOf\":{\"@id\":\"https:\/\/www.comau.com\/pt-br\/#website\"},\"primaryImageOfPage\":{\"@id\":\"https:\/\/www.comau.com\/pt-br\/competencies\/products-solutions\/digital-initiatives\/#primaryimage\"},\"image\":{\"@id\":\"https:\/\/www.comau.com\/pt-br\/competencies\/products-solutions\/digital-initiatives\/#primaryimage\"},\"thumbnailUrl\":\"https:\/\/www.comau.com\/wp-content\/uploads\/2021\/06\/Heder_DigitalSolutions.jpg\",\"datePublished\":\"2021-06-30T22:05:48+00:00\",\"dateModified\":\"2024-10-21T16:37:19+00:00\",\"description\":\"Descubra o poder da digitaliza\u00e7\u00e3o da ind\u00fastria e veja sua empresa progredir com a aplica\u00e7\u00e3o das melhores pr\u00e1ticas. Saiba mais aqui.\",\"breadcrumb\":{\"@id\":\"https:\/\/www.comau.com\/pt-br\/competencies\/products-solutions\/digital-initiatives\/#breadcrumb\"},\"inLanguage\":\"pt-BR\",\"potentialAction\":[{\"@type\":\"ReadAction\",\"target\":[\"https:\/\/www.comau.com\/pt-br\/competencies\/products-solutions\/digital-initiatives\/\"]}]},{\"@type\":\"ImageObject\",\"inLanguage\":\"pt-BR\",\"@id\":\"https:\/\/www.comau.com\/pt-br\/competencies\/products-solutions\/digital-initiatives\/#primaryimage\",\"url\":\"https:\/\/www.comau.com\/wp-content\/uploads\/2021\/06\/Heder_DigitalSolutions.jpg\",\"contentUrl\":\"https:\/\/www.comau.com\/wp-content\/uploads\/2021\/06\/Heder_DigitalSolutions.jpg\",\"width\":1280,\"height\":485},{\"@type\":\"BreadcrumbList\",\"@id\":\"https:\/\/www.comau.com\/pt-br\/competencies\/products-solutions\/digital-initiatives\/#breadcrumb\",\"itemListElement\":[{\"@type\":\"ListItem\",\"position\":1,\"name\":\"Home\",\"item\":\"https:\/\/www.comau.com\/pt-br\/\"},{\"@type\":\"ListItem\",\"position\":2,\"name\":\"Nossas Compet\u00eancias\",\"item\":\"https:\/\/www.comau.com\/pt-br\/competencies\/\"},{\"@type\":\"ListItem\",\"position\":3,\"name\":\"Products &amp; Solutions\",\"item\":\"https:\/\/www.comau.com\/pt-br\/competencies\/products-solutions\/\"},{\"@type\":\"ListItem\",\"position\":4,\"name\":\"Digital initiatives\"}]},{\"@type\":\"WebSite\",\"@id\":\"https:\/\/www.comau.com\/pt-br\/#website\",\"url\":\"https:\/\/www.comau.com\/pt-br\/\",\"name\":\"Comau\",\"description\":\"Industrial automation and robotics\",\"publisher\":{\"@id\":\"https:\/\/www.comau.com\/pt-br\/#organization\"},\"potentialAction\":[{\"@type\":\"SearchAction\",\"target\":{\"@type\":\"EntryPoint\",\"urlTemplate\":\"https:\/\/www.comau.com\/pt-br\/?s={search_term_string}\"},\"query-input\":{\"@type\":\"PropertyValueSpecification\",\"valueRequired\":true,\"valueName\":\"search_term_string\"}}],\"inLanguage\":\"pt-BR\"},{\"@type\":\"Organization\",\"@id\":\"https:\/\/www.comau.com\/pt-br\/#organization\",\"name\":\"Comau\",\"url\":\"https:\/\/www.comau.com\/pt-br\/\",\"logo\":{\"@type\":\"ImageObject\",\"inLanguage\":\"pt-BR\",\"@id\":\"https:\/\/www.comau.com\/pt-br\/#\/schema\/logo\/image\/\",\"url\":\"https:\/\/www.comau.com\/wp-content\/uploads\/2024\/07\/cropped-Logo-COMAU.png\",\"contentUrl\":\"https:\/\/www.comau.com\/wp-content\/uploads\/2024\/07\/cropped-Logo-COMAU.png\",\"width\":434,\"height\":434,\"caption\":\"Comau\"},\"image\":{\"@id\":\"https:\/\/www.comau.com\/pt-br\/#\/schema\/logo\/image\/\"},\"sameAs\":[\"https:\/\/www.facebook.com\/COMAU\/\",\"https:\/\/x.com\/comaugroup\",\"https:\/\/www.instagram.com\/comaugroup\/\",\"https:\/\/www.linkedin.com\/company\/comau\",\"https:\/\/www.youtube.com\/user\/comau\"]}]}<\/script>\n<!-- \/ Yoast SEO plugin. -->","yoast_head_json":{"title":"Transforma\u00e7\u00e3o digital com digitaliza\u00e7\u00e3o da ind\u00fastria| Comau","description":"Descubra o poder da digitaliza\u00e7\u00e3o da ind\u00fastria e veja sua empresa progredir com a aplica\u00e7\u00e3o das melhores pr\u00e1ticas. Saiba mais aqui.","robots":{"index":"index","follow":"follow","max-snippet":"max-snippet:-1","max-image-preview":"max-image-preview:large","max-video-preview":"max-video-preview:-1"},"canonical":"https:\/\/www.comau.com\/pt-br\/competencies\/products-solutions\/digital-initiatives\/","og_locale":"pt_BR","og_type":"article","og_title":"Transforma\u00e7\u00e3o digital com digitaliza\u00e7\u00e3o da ind\u00fastria| Comau","og_description":"Descubra o poder da digitaliza\u00e7\u00e3o da ind\u00fastria e veja sua empresa progredir com a aplica\u00e7\u00e3o das melhores pr\u00e1ticas. Saiba mais aqui.","og_url":"https:\/\/www.comau.com\/pt-br\/competencies\/products-solutions\/digital-initiatives\/","og_site_name":"Comau","article_publisher":"https:\/\/www.facebook.com\/COMAU\/","article_modified_time":"2024-10-21T16:37:19+00:00","og_image":[{"width":1280,"height":485,"url":"https:\/\/www.comau.com\/wp-content\/uploads\/2021\/06\/Heder_DigitalSolutions.jpg","type":"image\/jpeg"}],"twitter_card":"summary_large_image","twitter_site":"@comaugroup","twitter_misc":{"Est. tempo de leitura":"4 minutos"},"schema":{"@context":"https:\/\/schema.org","@graph":[{"@type":"WebPage","@id":"https:\/\/www.comau.com\/pt-br\/competencies\/products-solutions\/digital-initiatives\/","url":"https:\/\/www.comau.com\/pt-br\/competencies\/products-solutions\/digital-initiatives\/","name":"Transforma\u00e7\u00e3o digital com digitaliza\u00e7\u00e3o da ind\u00fastria| Comau","isPartOf":{"@id":"https:\/\/www.comau.com\/pt-br\/#website"},"primaryImageOfPage":{"@id":"https:\/\/www.comau.com\/pt-br\/competencies\/products-solutions\/digital-initiatives\/#primaryimage"},"image":{"@id":"https:\/\/www.comau.com\/pt-br\/competencies\/products-solutions\/digital-initiatives\/#primaryimage"},"thumbnailUrl":"https:\/\/www.comau.com\/wp-content\/uploads\/2021\/06\/Heder_DigitalSolutions.jpg","datePublished":"2021-06-30T22:05:48+00:00","dateModified":"2024-10-21T16:37:19+00:00","description":"Descubra o poder da digitaliza\u00e7\u00e3o da ind\u00fastria e veja sua empresa progredir com a aplica\u00e7\u00e3o das melhores pr\u00e1ticas. Saiba mais aqui.","breadcrumb":{"@id":"https:\/\/www.comau.com\/pt-br\/competencies\/products-solutions\/digital-initiatives\/#breadcrumb"},"inLanguage":"pt-BR","potentialAction":[{"@type":"ReadAction","target":["https:\/\/www.comau.com\/pt-br\/competencies\/products-solutions\/digital-initiatives\/"]}]},{"@type":"ImageObject","inLanguage":"pt-BR","@id":"https:\/\/www.comau.com\/pt-br\/competencies\/products-solutions\/digital-initiatives\/#primaryimage","url":"https:\/\/www.comau.com\/wp-content\/uploads\/2021\/06\/Heder_DigitalSolutions.jpg","contentUrl":"https:\/\/www.comau.com\/wp-content\/uploads\/2021\/06\/Heder_DigitalSolutions.jpg","width":1280,"height":485},{"@type":"BreadcrumbList","@id":"https:\/\/www.comau.com\/pt-br\/competencies\/products-solutions\/digital-initiatives\/#breadcrumb","itemListElement":[{"@type":"ListItem","position":1,"name":"Home","item":"https:\/\/www.comau.com\/pt-br\/"},{"@type":"ListItem","position":2,"name":"Nossas Compet\u00eancias","item":"https:\/\/www.comau.com\/pt-br\/competencies\/"},{"@type":"ListItem","position":3,"name":"Products &amp; Solutions","item":"https:\/\/www.comau.com\/pt-br\/competencies\/products-solutions\/"},{"@type":"ListItem","position":4,"name":"Digital initiatives"}]},{"@type":"WebSite","@id":"https:\/\/www.comau.com\/pt-br\/#website","url":"https:\/\/www.comau.com\/pt-br\/","name":"Comau","description":"Industrial automation and robotics","publisher":{"@id":"https:\/\/www.comau.com\/pt-br\/#organization"},"potentialAction":[{"@type":"SearchAction","target":{"@type":"EntryPoint","urlTemplate":"https:\/\/www.comau.com\/pt-br\/?s={search_term_string}"},"query-input":{"@type":"PropertyValueSpecification","valueRequired":true,"valueName":"search_term_string"}}],"inLanguage":"pt-BR"},{"@type":"Organization","@id":"https:\/\/www.comau.com\/pt-br\/#organization","name":"Comau","url":"https:\/\/www.comau.com\/pt-br\/","logo":{"@type":"ImageObject","inLanguage":"pt-BR","@id":"https:\/\/www.comau.com\/pt-br\/#\/schema\/logo\/image\/","url":"https:\/\/www.comau.com\/wp-content\/uploads\/2024\/07\/cropped-Logo-COMAU.png","contentUrl":"https:\/\/www.comau.com\/wp-content\/uploads\/2024\/07\/cropped-Logo-COMAU.png","width":434,"height":434,"caption":"Comau"},"image":{"@id":"https:\/\/www.comau.com\/pt-br\/#\/schema\/logo\/image\/"},"sameAs":["https:\/\/www.facebook.com\/COMAU\/","https:\/\/x.com\/comaugroup","https:\/\/www.instagram.com\/comaugroup\/","https:\/\/www.linkedin.com\/company\/comau","https:\/\/www.youtube.com\/user\/comau"]}]}},"_links":{"self":[{"href":"https:\/\/www.comau.com\/pt-br\/wp-json\/wp\/v2\/pages\/6214","targetHints":{"allow":["GET"]}}],"collection":[{"href":"https:\/\/www.comau.com\/pt-br\/wp-json\/wp\/v2\/pages"}],"about":[{"href":"https:\/\/www.comau.com\/pt-br\/wp-json\/wp\/v2\/types\/page"}],"author":[{"embeddable":true,"href":"https:\/\/www.comau.com\/pt-br\/wp-json\/wp\/v2\/users\/11"}],"replies":[{"embeddable":true,"href":"https:\/\/www.comau.com\/pt-br\/wp-json\/wp\/v2\/comments?post=6214"}],"version-history":[{"count":45,"href":"https:\/\/www.comau.com\/pt-br\/wp-json\/wp\/v2\/pages\/6214\/revisions"}],"predecessor-version":[{"id":69664,"href":"https:\/\/www.comau.com\/pt-br\/wp-json\/wp\/v2\/pages\/6214\/revisions\/69664"}],"up":[{"embeddable":true,"href":"https:\/\/www.comau.com\/pt-br\/wp-json\/wp\/v2\/pages\/65274"}],"wp:featuredmedia":[{"embeddable":true,"href":"https:\/\/www.comau.com\/pt-br\/wp-json\/wp\/v2\/media\/6229"}],"wp:attachment":[{"href":"https:\/\/www.comau.com\/pt-br\/wp-json\/wp\/v2\/media?parent=6214"}],"curies":[{"name":"wp","href":"https:\/\/api.w.org\/{rel}","templated":true}]}}