{"id":6189,"date":"2021-07-01T01:03:10","date_gmt":"2021-06-30T23:03:10","guid":{"rendered":"https:\/\/www.comau.com\/?page_id=6189"},"modified":"2024-03-27T04:53:09","modified_gmt":"2024-03-27T03:53:09","slug":"e-drives-and-transmission-assembly","status":"publish","type":"page","link":"https:\/\/www.comau.com\/pt-br\/competencies\/electromobility\/e-drives-and-transmission-assembly\/","title":{"rendered":"E-Drives and transmission assembly"},"content":{"rendered":"\n<h2 class=\"wp-block-heading\" id=\"rotores-e-estatores-para-motores-e-trens-de-forca-eletricos\">Rotores e estatores para motores e trens de for\u00e7a el\u00e9tricos<\/h2>\n\n\n\n<p>Estamos comprometidos em fornecer a mistura certa de experi\u00eancia em processos, flexibilidade de sistemas e efici\u00eancia de desempenho para apoiar seu projeto ao longo do processo inteiro de produ\u00e7\u00e3o de trens de for\u00e7a el\u00e9tricos. Nossas linhas de produ\u00e7\u00e3o de tra\u00e7\u00e3o el\u00e9trica podem lidar com pequenos e grandes volumes de produ\u00e7\u00e3o, cobrindo todas as suas necessidades de fabrica\u00e7\u00e3o:<\/p>\n\n\n\n<ul class=\"wp-block-list\">\n<li>Montagem de rotores e estatores<\/li>\n\n\n\n<li>Montagem final de motores el\u00e9tricos<\/li>\n\n\n\n<li>Montagem de eixos el\u00e9tricos<\/li>\n\n\n\n<li>Montagem final de trens de for\u00e7a el\u00e9tricos e transmiss\u00f5es<\/li>\n\n\n\n<li>Testes de fim de linha (EOL)<\/li>\n<\/ul>\n\n\n\n<h2 class=\"wp-block-heading\" id=\"fornecedor-completo-de-servicos\">Fornecedor completo de servi\u00e7os\/Full service provider<\/h2>\n\n\n\n<div class=\"wp-block-getwid-table has-table-layout-fixed has-border-collapse-separate\"><table class=\"has-background has-text-color has-white-color\" style=\"background-color:#f4f4f4\"><tbody><tr><td style=\"background-color:#0046ad;padding-left:10px;padding-top:10px;padding-right:10px;padding-bottom:10px\"><strong>ROTOR ASSEMBLY<br>TECHNOLOGIES<\/strong><\/td><td style=\"background-color:#0046ad;padding-top:10px;padding-right:10px;padding-bottom:10px;padding-left:10px\"><strong>STATOR ASSEMBLY<br>TECHNOLOGIES<\/strong><\/td><td style=\"background-color:#0046ad;padding-top:10px;padding-right:10px;padding-bottom:10px;padding-left:10px\"><strong>E-MOTOR\/TRANSMISSION<br>HOUSING MACHINING<\/strong><\/td><td style=\"background-color:#0046ad;padding-top:10px;padding-bottom:10px;padding-left:10px;padding-right:10px\"><strong>EDS<br>FINAL ASSEMBLY<\/strong><\/td><\/tr><tr><td style=\"color:#000000;text-align:left;vertical-align:top;padding-top:10px;padding-right:10px;padding-bottom:10px;padding-left:10px;border-left-color:#8ed1fc;border-left-width:2px;border-style:dotted;background-color:#f4f4f4\">Gluing<br><br>Magnet Insertion<br><br>Stack and End Plate Forming<br><br>Rotor Stack Heating<br><br>Shaft Cooling<br><br>Shaft Insertion<br><br>Balancing<br><br>Magnetizing<br><br>E-Performance Test<\/td><td style=\"color:#000000;text-align:left;vertical-align:top;padding-top:5px;padding-right:5px;padding-bottom:5px;padding-left:10px;border-left-color:#8ed1fc;border-left-width:2px;border-style:dotted;background-color:#f4f4f4\">Wire Preparation<br><br>Slot Insultation Paper<br>Insertion &amp; Swaging<br><br>Wire Insertion<br><br>Wire Widening<br><br>Wire Twisting<br><br>Wire Terminal Cutting<br><br>Wire Terminal Laser<br>Welding<br><br>Trickling &amp; <br>Impregnation<br><br>Busbar Welding<br><br>Coating<br><br>E-Performance Test<br><\/td><td style=\"color:#000000;text-align:left;vertical-align:top;padding-left:10px;padding-top:10px;padding-right:10px;padding-bottom:10px;border-left-color:#8ed1fc;border-left-width:2px;border-style:dotted\">High speed cutting<br><br>Accurate axes with<br>linear drives<br><br>Accurate rotary tables<br>with direct torque motor<br><br>Milling\/Drilling operation<\/td><td style=\"color:#000000;text-align:left;vertical-align:top;padding-left:10px;padding-top:10px;padding-right:10px;padding-bottom:10px;border-left-color:#8ed1fc;border-left-width:2px;border-style:dotted\">Sealant and Lubricant<br>applications<br><br>Press fitting<br><br>2D\/3D vision systems<br><br>Plasma treatment<br><br>Leak Test<br><br>Material Handling<br><br>End of Line Tests (EOL)<\/td><\/tr><\/tbody><\/table><\/div>\n\n\n\n<div style=\"height:var(--wp--preset--spacing--40)\" aria-hidden=\"true\" class=\"wp-block-spacer\"><\/div>\n\n\n\n<h2 class=\"wp-block-heading\" id=\"beneficios\">Benef\u00edcios<\/h2>\n\n\n\n<p>Com mais de quatro d\u00e9cadas de experi\u00eancia em transmiss\u00f5es e acionamentos, temos o que voc\u00ea precisa para satisfazer \u00e0s suas necessidades de produ\u00e7\u00e3o de tra\u00e7\u00e3o el\u00e9trica e oferecer as seguintes vantagens:<\/p>\n\n\n\n<ul class=\"wp-block-list\">\n<li>Capacidade de integra\u00e7\u00e3o com fornecedores de tecnologia l\u00edderes da ind\u00fastria<\/li>\n\n\n\n<li>Gerenciamento de programas<\/li>\n\n\n\n<li>Tempo at\u00e9 o mercado curto<\/li>\n\n\n\n<li>Din\u00e2mica e produtividade elevadas<\/li>\n\n\n\n<li>Precis\u00e3o est\u00e1vel a longo prazo<\/li>\n\n\n\n<li>Flexibilidade e capacidade de reutiliza\u00e7\u00e3o<\/li>\n<\/ul>\n","protected":false},"excerpt":{"rendered":"<p>Rotores e estatores para motores e trens de for\u00e7a el\u00e9tricos Estamos comprometidos em fornecer a mistura certa de experi\u00eancia em processos, flexibilidade de sistemas e efici\u00eancia de desempenho para apoiar seu projeto ao longo do processo inteiro de produ\u00e7\u00e3o de trens de for\u00e7a el\u00e9tricos. Nossas linhas de produ\u00e7\u00e3o de tra\u00e7\u00e3o el\u00e9trica podem lidar com pequenos [&hellip;]<\/p>\n","protected":false},"author":11,"featured_media":5971,"parent":6169,"menu_order":3,"comment_status":"closed","ping_status":"closed","template":"","meta":{"_acf_changed":false,"ep_exclude_from_search":false,"footnotes":""},"class_list":["post-6189","page","type-page","status-publish","has-post-thumbnail","hentry"],"acf":[],"yoast_head":"<!-- This site is optimized with the Yoast SEO plugin v26.9 - https:\/\/yoast.com\/product\/yoast-seo-wordpress\/ -->\n<title>Rotores para motores el\u00e9tricos: Linha de montagem | Comau<\/title>\n<meta name=\"description\" content=\"Conhe\u00e7a as linhas de montagem de rotores para motores el\u00e9tricos da Comau. Escolha a melhor solu\u00e7\u00e3o para as necessidades de sua empresa.\" \/>\n<meta name=\"robots\" content=\"index, follow, max-snippet:-1, max-image-preview:large, max-video-preview:-1\" \/>\n<link rel=\"canonical\" href=\"https:\/\/www.comau.com\/pt-br\/competencies\/electromobility\/e-drives-and-transmission-assembly\/\" \/>\n<meta property=\"og:locale\" content=\"pt_BR\" \/>\n<meta property=\"og:type\" content=\"article\" \/>\n<meta property=\"og:title\" content=\"Rotores para motores el\u00e9tricos: Linha de montagem | Comau\" \/>\n<meta property=\"og:description\" content=\"Conhe\u00e7a as linhas de montagem de rotores para motores el\u00e9tricos da Comau. Escolha a melhor solu\u00e7\u00e3o para as necessidades de sua empresa.\" \/>\n<meta property=\"og:url\" content=\"https:\/\/www.comau.com\/pt-br\/competencies\/electromobility\/e-drives-and-transmission-assembly\/\" \/>\n<meta property=\"og:site_name\" content=\"Comau\" \/>\n<meta property=\"article:publisher\" content=\"https:\/\/www.facebook.com\/COMAU\/\" \/>\n<meta property=\"article:modified_time\" content=\"2024-03-27T03:53:09+00:00\" \/>\n<meta property=\"og:image\" content=\"https:\/\/www.comau.com\/wp-content\/uploads\/2021\/06\/emobility_header2.png\" \/>\n\t<meta property=\"og:image:width\" content=\"1280\" \/>\n\t<meta property=\"og:image:height\" content=\"485\" \/>\n\t<meta property=\"og:image:type\" content=\"image\/png\" \/>\n<meta name=\"twitter:card\" content=\"summary_large_image\" \/>\n<meta name=\"twitter:site\" content=\"@comaugroup\" \/>\n<meta name=\"twitter:label1\" content=\"Est. tempo de leitura\" \/>\n\t<meta name=\"twitter:data1\" content=\"2 minutos\" \/>\n<script type=\"application\/ld+json\" class=\"yoast-schema-graph\">{\"@context\":\"https:\/\/schema.org\",\"@graph\":[{\"@type\":\"WebPage\",\"@id\":\"https:\/\/www.comau.com\/pt-br\/competencies\/electromobility\/e-drives-and-transmission-assembly\/\",\"url\":\"https:\/\/www.comau.com\/pt-br\/competencies\/electromobility\/e-drives-and-transmission-assembly\/\",\"name\":\"Rotores para motores el\u00e9tricos: Linha de montagem | Comau\",\"isPartOf\":{\"@id\":\"https:\/\/www.comau.com\/pt-br\/#website\"},\"primaryImageOfPage\":{\"@id\":\"https:\/\/www.comau.com\/pt-br\/competencies\/electromobility\/e-drives-and-transmission-assembly\/#primaryimage\"},\"image\":{\"@id\":\"https:\/\/www.comau.com\/pt-br\/competencies\/electromobility\/e-drives-and-transmission-assembly\/#primaryimage\"},\"thumbnailUrl\":\"https:\/\/www.comau.com\/wp-content\/uploads\/2021\/06\/emobility_header2.png\",\"datePublished\":\"2021-06-30T23:03:10+00:00\",\"dateModified\":\"2024-03-27T03:53:09+00:00\",\"description\":\"Conhe\u00e7a as linhas de montagem de rotores para motores el\u00e9tricos da Comau. Escolha a melhor solu\u00e7\u00e3o para as necessidades de sua empresa.\",\"breadcrumb\":{\"@id\":\"https:\/\/www.comau.com\/pt-br\/competencies\/electromobility\/e-drives-and-transmission-assembly\/#breadcrumb\"},\"inLanguage\":\"pt-BR\",\"potentialAction\":[{\"@type\":\"ReadAction\",\"target\":[\"https:\/\/www.comau.com\/pt-br\/competencies\/electromobility\/e-drives-and-transmission-assembly\/\"]}]},{\"@type\":\"ImageObject\",\"inLanguage\":\"pt-BR\",\"@id\":\"https:\/\/www.comau.com\/pt-br\/competencies\/electromobility\/e-drives-and-transmission-assembly\/#primaryimage\",\"url\":\"https:\/\/www.comau.com\/wp-content\/uploads\/2021\/06\/emobility_header2.png\",\"contentUrl\":\"https:\/\/www.comau.com\/wp-content\/uploads\/2021\/06\/emobility_header2.png\",\"width\":1280,\"height\":485},{\"@type\":\"BreadcrumbList\",\"@id\":\"https:\/\/www.comau.com\/pt-br\/competencies\/electromobility\/e-drives-and-transmission-assembly\/#breadcrumb\",\"itemListElement\":[{\"@type\":\"ListItem\",\"position\":1,\"name\":\"Home\",\"item\":\"https:\/\/www.comau.com\/pt-br\/\"},{\"@type\":\"ListItem\",\"position\":2,\"name\":\"Nossas Compet\u00eancias\",\"item\":\"https:\/\/www.comau.com\/pt-br\/competencies\/\"},{\"@type\":\"ListItem\",\"position\":3,\"name\":\"Electromobility\",\"item\":\"https:\/\/www.comau.com\/pt-br\/competencies\/electromobility\/\"},{\"@type\":\"ListItem\",\"position\":4,\"name\":\"E-Drives and transmission assembly\"}]},{\"@type\":\"WebSite\",\"@id\":\"https:\/\/www.comau.com\/pt-br\/#website\",\"url\":\"https:\/\/www.comau.com\/pt-br\/\",\"name\":\"Comau\",\"description\":\"Industrial automation and robotics\",\"publisher\":{\"@id\":\"https:\/\/www.comau.com\/pt-br\/#organization\"},\"potentialAction\":[{\"@type\":\"SearchAction\",\"target\":{\"@type\":\"EntryPoint\",\"urlTemplate\":\"https:\/\/www.comau.com\/pt-br\/?s={search_term_string}\"},\"query-input\":{\"@type\":\"PropertyValueSpecification\",\"valueRequired\":true,\"valueName\":\"search_term_string\"}}],\"inLanguage\":\"pt-BR\"},{\"@type\":\"Organization\",\"@id\":\"https:\/\/www.comau.com\/pt-br\/#organization\",\"name\":\"Comau\",\"url\":\"https:\/\/www.comau.com\/pt-br\/\",\"logo\":{\"@type\":\"ImageObject\",\"inLanguage\":\"pt-BR\",\"@id\":\"https:\/\/www.comau.com\/pt-br\/#\/schema\/logo\/image\/\",\"url\":\"https:\/\/www.comau.com\/wp-content\/uploads\/2024\/07\/cropped-Logo-COMAU.png\",\"contentUrl\":\"https:\/\/www.comau.com\/wp-content\/uploads\/2024\/07\/cropped-Logo-COMAU.png\",\"width\":434,\"height\":434,\"caption\":\"Comau\"},\"image\":{\"@id\":\"https:\/\/www.comau.com\/pt-br\/#\/schema\/logo\/image\/\"},\"sameAs\":[\"https:\/\/www.facebook.com\/COMAU\/\",\"https:\/\/x.com\/comaugroup\",\"https:\/\/www.instagram.com\/comaugroup\/\",\"https:\/\/www.linkedin.com\/company\/comau\",\"https:\/\/www.youtube.com\/user\/comau\"]}]}<\/script>\n<!-- \/ Yoast SEO plugin. -->","yoast_head_json":{"title":"Rotores para motores el\u00e9tricos: Linha de montagem | Comau","description":"Conhe\u00e7a as linhas de montagem de rotores para motores el\u00e9tricos da Comau. Escolha a melhor solu\u00e7\u00e3o para as necessidades de sua empresa.","robots":{"index":"index","follow":"follow","max-snippet":"max-snippet:-1","max-image-preview":"max-image-preview:large","max-video-preview":"max-video-preview:-1"},"canonical":"https:\/\/www.comau.com\/pt-br\/competencies\/electromobility\/e-drives-and-transmission-assembly\/","og_locale":"pt_BR","og_type":"article","og_title":"Rotores para motores el\u00e9tricos: Linha de montagem | Comau","og_description":"Conhe\u00e7a as linhas de montagem de rotores para motores el\u00e9tricos da Comau. Escolha a melhor solu\u00e7\u00e3o para as necessidades de sua empresa.","og_url":"https:\/\/www.comau.com\/pt-br\/competencies\/electromobility\/e-drives-and-transmission-assembly\/","og_site_name":"Comau","article_publisher":"https:\/\/www.facebook.com\/COMAU\/","article_modified_time":"2024-03-27T03:53:09+00:00","og_image":[{"width":1280,"height":485,"url":"https:\/\/www.comau.com\/wp-content\/uploads\/2021\/06\/emobility_header2.png","type":"image\/png"}],"twitter_card":"summary_large_image","twitter_site":"@comaugroup","twitter_misc":{"Est. tempo de leitura":"2 minutos"},"schema":{"@context":"https:\/\/schema.org","@graph":[{"@type":"WebPage","@id":"https:\/\/www.comau.com\/pt-br\/competencies\/electromobility\/e-drives-and-transmission-assembly\/","url":"https:\/\/www.comau.com\/pt-br\/competencies\/electromobility\/e-drives-and-transmission-assembly\/","name":"Rotores para motores el\u00e9tricos: Linha de montagem | Comau","isPartOf":{"@id":"https:\/\/www.comau.com\/pt-br\/#website"},"primaryImageOfPage":{"@id":"https:\/\/www.comau.com\/pt-br\/competencies\/electromobility\/e-drives-and-transmission-assembly\/#primaryimage"},"image":{"@id":"https:\/\/www.comau.com\/pt-br\/competencies\/electromobility\/e-drives-and-transmission-assembly\/#primaryimage"},"thumbnailUrl":"https:\/\/www.comau.com\/wp-content\/uploads\/2021\/06\/emobility_header2.png","datePublished":"2021-06-30T23:03:10+00:00","dateModified":"2024-03-27T03:53:09+00:00","description":"Conhe\u00e7a as linhas de montagem de rotores para motores el\u00e9tricos da Comau. Escolha a melhor solu\u00e7\u00e3o para as necessidades de sua empresa.","breadcrumb":{"@id":"https:\/\/www.comau.com\/pt-br\/competencies\/electromobility\/e-drives-and-transmission-assembly\/#breadcrumb"},"inLanguage":"pt-BR","potentialAction":[{"@type":"ReadAction","target":["https:\/\/www.comau.com\/pt-br\/competencies\/electromobility\/e-drives-and-transmission-assembly\/"]}]},{"@type":"ImageObject","inLanguage":"pt-BR","@id":"https:\/\/www.comau.com\/pt-br\/competencies\/electromobility\/e-drives-and-transmission-assembly\/#primaryimage","url":"https:\/\/www.comau.com\/wp-content\/uploads\/2021\/06\/emobility_header2.png","contentUrl":"https:\/\/www.comau.com\/wp-content\/uploads\/2021\/06\/emobility_header2.png","width":1280,"height":485},{"@type":"BreadcrumbList","@id":"https:\/\/www.comau.com\/pt-br\/competencies\/electromobility\/e-drives-and-transmission-assembly\/#breadcrumb","itemListElement":[{"@type":"ListItem","position":1,"name":"Home","item":"https:\/\/www.comau.com\/pt-br\/"},{"@type":"ListItem","position":2,"name":"Nossas Compet\u00eancias","item":"https:\/\/www.comau.com\/pt-br\/competencies\/"},{"@type":"ListItem","position":3,"name":"Electromobility","item":"https:\/\/www.comau.com\/pt-br\/competencies\/electromobility\/"},{"@type":"ListItem","position":4,"name":"E-Drives and transmission assembly"}]},{"@type":"WebSite","@id":"https:\/\/www.comau.com\/pt-br\/#website","url":"https:\/\/www.comau.com\/pt-br\/","name":"Comau","description":"Industrial automation and robotics","publisher":{"@id":"https:\/\/www.comau.com\/pt-br\/#organization"},"potentialAction":[{"@type":"SearchAction","target":{"@type":"EntryPoint","urlTemplate":"https:\/\/www.comau.com\/pt-br\/?s={search_term_string}"},"query-input":{"@type":"PropertyValueSpecification","valueRequired":true,"valueName":"search_term_string"}}],"inLanguage":"pt-BR"},{"@type":"Organization","@id":"https:\/\/www.comau.com\/pt-br\/#organization","name":"Comau","url":"https:\/\/www.comau.com\/pt-br\/","logo":{"@type":"ImageObject","inLanguage":"pt-BR","@id":"https:\/\/www.comau.com\/pt-br\/#\/schema\/logo\/image\/","url":"https:\/\/www.comau.com\/wp-content\/uploads\/2024\/07\/cropped-Logo-COMAU.png","contentUrl":"https:\/\/www.comau.com\/wp-content\/uploads\/2024\/07\/cropped-Logo-COMAU.png","width":434,"height":434,"caption":"Comau"},"image":{"@id":"https:\/\/www.comau.com\/pt-br\/#\/schema\/logo\/image\/"},"sameAs":["https:\/\/www.facebook.com\/COMAU\/","https:\/\/x.com\/comaugroup","https:\/\/www.instagram.com\/comaugroup\/","https:\/\/www.linkedin.com\/company\/comau","https:\/\/www.youtube.com\/user\/comau"]}]}},"_links":{"self":[{"href":"https:\/\/www.comau.com\/pt-br\/wp-json\/wp\/v2\/pages\/6189","targetHints":{"allow":["GET"]}}],"collection":[{"href":"https:\/\/www.comau.com\/pt-br\/wp-json\/wp\/v2\/pages"}],"about":[{"href":"https:\/\/www.comau.com\/pt-br\/wp-json\/wp\/v2\/types\/page"}],"author":[{"embeddable":true,"href":"https:\/\/www.comau.com\/pt-br\/wp-json\/wp\/v2\/users\/11"}],"replies":[{"embeddable":true,"href":"https:\/\/www.comau.com\/pt-br\/wp-json\/wp\/v2\/comments?post=6189"}],"version-history":[{"count":23,"href":"https:\/\/www.comau.com\/pt-br\/wp-json\/wp\/v2\/pages\/6189\/revisions"}],"predecessor-version":[{"id":61737,"href":"https:\/\/www.comau.com\/pt-br\/wp-json\/wp\/v2\/pages\/6189\/revisions\/61737"}],"up":[{"embeddable":true,"href":"https:\/\/www.comau.com\/pt-br\/wp-json\/wp\/v2\/pages\/6169"}],"wp:featuredmedia":[{"embeddable":true,"href":"https:\/\/www.comau.com\/pt-br\/wp-json\/wp\/v2\/media\/5971"}],"wp:attachment":[{"href":"https:\/\/www.comau.com\/pt-br\/wp-json\/wp\/v2\/media?parent=6189"}],"curies":[{"name":"wp","href":"https:\/\/api.w.org\/{rel}","templated":true}]}}