{"id":61857,"date":"2024-03-31T16:25:10","date_gmt":"2024-03-31T14:25:10","guid":{"rendered":"https:\/\/www.comau.com\/?page_id=61857"},"modified":"2024-03-31T16:25:16","modified_gmt":"2024-03-31T14:25:16","slug":"diversidade-inclusao","status":"publish","type":"page","link":"https:\/\/www.comau.com\/pt-br\/diversidade-inclusao\/","title":{"rendered":"Diversidade &amp; Inclus\u00e3o"},"content":{"rendered":"\n<h2 class=\"wp-block-heading has-text-color has-link-color wp-elements-0efd58739b55b71b2f560fd7f6305cd3\" style=\"color:#0046ad;text-transform:none\">Na Comau, N\u00f3s Pensamos de Forma Global e Compartilhamos Experi\u00eancias<\/h2>\n\n\n\n<p>A Comau \u00e9 composta por uma rede global de colaboradores em 12 pa\u00edses em quatro regi\u00f5es do mundo, que compartilham suas perspectivas e experi\u00eancias para criar ambientes de trabalho mais diversos e inclusivos.<\/p>\n\n\n\n<p>Acreditamos que todas as pessoas devem se sentir valorizadas e respeitadas, por isso incentivamos um ambiente de inclus\u00e3o, celebrando as diferen\u00e7as que nossos colaboradores trazem para o trabalho todos os dias.<\/p>\n\n\n\n<p>Equipes diversas s\u00e3o essenciais para sustentar o compromisso cont\u00ednuo da Comau de projetar e desenvolver tecnologias inovadoras, sustent\u00e1veis e f\u00e1ceis de usar, alinhadas com as necessidades de diversos setores industriais em produzir com mais qualidade, efici\u00eancia, em menos tempo e com custos menores.<\/p>\n\n\n\n<p>Nossos princ\u00edpios est\u00e3o alinhados com a estrat\u00e9gia de Diversidade e Inclus\u00e3o do Grupo Stellantis, que \u00e9 sustentada por tr\u00eas fatores-chave:<\/p>\n\n\n\n<ul class=\"wp-block-list\">\n<li>Potencializar a diversidade com meritocracia<\/li>\n\n\n\n<li>Respeitar as tradi\u00e7\u00f5es e o contexto local<\/li>\n\n\n\n<li>Encontrar pontos em comum, considerando as especificidades regionais<\/li>\n<\/ul>\n\n\n\n<div style=\"height:var(--wp--preset--spacing--30)\" aria-hidden=\"true\" class=\"wp-block-spacer\"><\/div>\n\n\n\n<h2 class=\"wp-block-heading has-text-color has-link-color wp-elements-52a83bc698cfb302b3d6ebc30d381faa\" style=\"color:#0046ad;text-transform:capitalize\"><strong>Nossa abordagem<\/strong><\/h2>\n\n\n\n<p>Ao compartilharmos experi\u00eancias, opini\u00f5es e ideias para alcan\u00e7armos objetivos m\u00fatuos no dia a dia da empresa, tamb\u00e9m aumentamos a conscientiza\u00e7\u00e3o dos colaboradores a respeito do compromisso da Comau e outras empresas do grupo com rela\u00e7\u00e3o a diversidade e inclus\u00e3o. Fornecemos ferramentas e canais para compartilhar percep\u00e7\u00f5es e apoiar a diversidade e inclus\u00e3o em v\u00e1rias \u00e1reas.<\/p>\n\n\n\n<p>Desenvolvemos treinamentos para incentivar a aprendizagem e conscientiza\u00e7\u00e3o das pessoas em t\u00f3picos de Diversidade e Inclus\u00e3o, destacando a import\u00e2ncia desta pauta.<\/p>\n\n\n\n<p>Exemplo:<\/p>\n\n\n\n<p>Treinamento obrigat\u00f3rio de D&amp;I: Em 2023 foi lan\u00e7ado o treinamento obrigat\u00f3rio para todos os nossos colaboradores horistas e mensalistas, onde abordamos sobre os conceitos sobre diversidade e inclus\u00e3o, comportamentos esperados dos nossos colaboradores e nosso compromisso \u00e9tico contra a discrimina\u00e7\u00e3o.<\/p>\n\n\n\n<div style=\"height:var(--wp--preset--spacing--30)\" aria-hidden=\"true\" class=\"wp-block-spacer\"><\/div>\n\n\n\n<h2 class=\"wp-block-heading has-text-color has-link-color wp-elements-a9b3b70af963fcb71019d03fb2a1e96f\" style=\"color:#0046ad;text-transform:capitalize\"><strong>Nosso processo de recrutamento e sele\u00e7\u00e3o<\/strong><\/h2>\n\n\n\n<p>Compartilhamos as nossas oportunidades de emprego para atrair profissionais experientes e novos talentos, a partir de um vasto leque de candidatos diversos. Estabelecer equipes com diversidade de pensamentos e habilidades nos ajuda a realizar os nossos neg\u00f3cios e projetos de uma maneira mais eficiente e sustent\u00e1vel.<\/p>\n\n\n\n<p>Incentivamos todos os colaboradores a detalharem suas aspira\u00e7\u00f5es, planos de desenvolvimento e a discutirem com sua lideran\u00e7a, de forma aberta, suas expectativas de crescimento de curto, m\u00e9dio e longo prazo.<\/p>\n\n\n\n<p>N\u00e3o menos importante, concentramos esfor\u00e7os em mapear os talentos da organiza\u00e7\u00e3o, atrav\u00e9s de planos de sucess\u00e3o da lideran\u00e7a, sempre prezando pela representatividade de mulheres em tais planos, que geram a\u00e7\u00f5es de desenvolvimento a fim de prepar\u00e1-las para oportunidades futuras.<\/p>\n\n\n\n<div style=\"height:var(--wp--preset--spacing--30)\" aria-hidden=\"true\" class=\"wp-block-spacer\"><\/div>\n\n\n\n<h2 class=\"wp-block-heading has-text-color has-link-color wp-elements-f99e7aac68509d01291a7374dd8b5ace\" style=\"color:#0046ad;text-transform:capitalize\"><strong>Toler\u00e2ncia zero<\/strong><\/h2>\n\n\n\n<p>Estamos empenhados em manter um ambiente de trabalho livre de intimida\u00e7\u00e3o, ass\u00e9dio e discrimina\u00e7\u00e3o. Quaisquer colaboradores que tenham experimentado ou testemunhado tais situa\u00e7\u00f5es s\u00e3o encorajados a relatar essas a\u00e7\u00f5es atrav\u00e9s de v\u00e1rias vias, como o <a href=\"https:\/\/secure.ethicspoint.eu\/domain\/media\/pt\/gui\/102375\/index.html\" target=\"_blank\" rel=\"noreferrer noopener\">Stellantis Integrity Helpline<\/a>, a lideran\u00e7a direta, ou nossos departamentos de Recursos Humanos, Compliance e Jur\u00eddico.<\/p>\n\n\n\n<p>O canal Integrity Helpline, por exemplo, permite que empregados, fornecedores, clientes e outras partes interessadas possam se manifestar quando observarem qualquer conduta que n\u00e3o esteja de acordo com os padr\u00f5es defendidos pela Comau, inclusive, o C\u00f3digo de \u00c9tica e Conduta em que todos os colaboradores fazem um treinamento de reciclagem anual. Qualquer pessoa v\u00edtima de ass\u00e9dio ou que presencie algu\u00e9m sendo assediado, deve relatar a situa\u00e7\u00e3o e fazer sua den\u00fancia por meio dos contatos disponibilizados nos canais internos da empresa.<\/p>\n\n\n\n<div style=\"height:var(--wp--preset--spacing--30)\" aria-hidden=\"true\" class=\"wp-block-spacer\"><\/div>\n\n\n\n<h2 class=\"wp-block-heading has-text-color has-link-color wp-elements-4015b0985fcbab82da640ece54ae8e94\" style=\"color:#0046ad\"><strong>Relat\u00f3rio de Transpar\u00eancia e Igualdade Salarial de Mulheres e Homens<\/strong><\/h2>\n\n\n\n<p>Em cumprimento \u00e0 Lei n\u00ba 14.611 de 04 de julho de 2023 e em linha com os compromissos da Comau, divulgamos o Relat\u00f3rio de Igualdade Salarial da Comau do Brasil Automa\u00e7\u00e3o e Servi\u00e7os Industriais Ltda (CNPJ 40.331.350\/0001-55).<\/p>\n\n\n\n<p>Refor\u00e7amos que os dados do Relat\u00f3rio, emitidos pelo Minist\u00e9rio do Trabalho e Emprego, n\u00e3o levam em considera\u00e7\u00e3o a separa\u00e7\u00e3o de fun\u00e7\u00f5es\/cargos, responsabilidades, tempo de empresa, de fun\u00e7\u00e3o e\/ou diferen\u00e7a de \u00e1reas ou outros fatores espec\u00edficos existentes que s\u00e3o dimens\u00f5es explic\u00e1veis das diferen\u00e7as salariais. Desta forma, n\u00e3o representa o cen\u00e1rio geral da Comau, que preza por igualdade salarial em trabalhos de iguais valores e seguindo os ditames legais j\u00e1 existentes.<\/p>\n\n\n\n<p>Toda legisla\u00e7\u00e3o vigente \u00e9 amplamente atendida pela Empresa, que possu\u00ed elevados padr\u00f5es de Compliance em suas atividades. Todos os resultados relativos ao relat\u00f3rio abaixo devem ser analisados de em conjunto com outros dados, para que se obtenha a real condi\u00e7\u00e3o.<\/p>\n\n\n\n<p>O Relat\u00f3rio utiliza a mediana e a m\u00e9dia dos sal\u00e1rios para calcular a raz\u00e3o entre o que \u00e9 pago a mulheres e homens, sem revelar valores absolutos. Se a raz\u00e3o for menor que 100%, indica que mulheres ganham menos; se maior, ganham mais.<\/p>\n\n\n\n<p>Os dados gerados pelo MTE n\u00e3o comparam os sal\u00e1rios de mulheres e homens pelo cargo, n\u00edvel, responsabilidade, categoria, \u00e1rea ou tempo de empresa. Os dados 1 e 2 consideram toda a popula\u00e7\u00e3o de empregados do estabelecimento. J\u00e1 os dados 3 e 4 consideram grandes grupos de ocupa\u00e7\u00e3o definidos pela CBO e classificados pelo MTE, sem diferenciar o cargo ou o n\u00edvel.<\/p>\n\n\n\n<p>O relat\u00f3rio detalha:<\/p>\n\n\n\n<p>1 . Sal\u00e1rio Mediano Contratual (2022): valor do contrato de trabalho, independente do que foi efetivamente pago<\/p>\n\n\n\n<p>2 . Sal\u00e1rio M\u00e9dio Efetivamente Pago (2022): o que realmente foi pago, considerando b\u00f4nus e descontos.<\/p>\n\n\n\n<p>3 e 4. Sal\u00e1rios por grandes grupos ocupacionais (2022) \u2013 Grandes Grupos de CBO (Classifica\u00e7\u00e3o Brasileira de Ocupa\u00e7\u00f5es): medianas e m\u00e9dias salariais divididas por categorias de trabalho. As empresas tamb\u00e9m reportam crit\u00e9rios de remunera\u00e7\u00e3o adotados.<\/p>\n\n\n\n<div class=\"wp-block-getwid-toggle download-dropdown has-icon-left\">\n<div class=\"wp-block-getwid-toggle__row\"><div class=\"wp-block-getwid-toggle__header-wrapper\"><span class=\"wp-block-getwid-toggle__header\"><a href=\"#\"><span class=\"wp-block-getwid-toggle__header-title\">Acessar o relat\u00f3rio<\/span><span class=\"wp-block-getwid-toggle__icon is-active\"><i class=\"fas fa-plus\"><\/i><\/span><span class=\"wp-block-getwid-toggle__icon is-passive\"><i class=\"fas fa-minus\"><\/i><\/span><\/a><\/span><\/div><div class=\"wp-block-getwid-toggle__content-wrapper\"><div class=\"wp-block-getwid-toggle__content\">\n<div class=\"wp-block-getwid-button-group\"><div class=\"wp-block-getwid-button-group__wrapper\">\n<div class=\"wp-block-button\"><a class=\"wp-block-button__link wp-element-button\" href=\"https:\/\/www.comau.com\/wp-content\/uploads\/2024\/03\/Relatorio-de-Transparencia-e-Igualdade-Salarial-1\u00b0-Semestre-2024.pdf\">Relat\u00f3rio de Transpar\u00eancia e Igualdade Salarial<\/a><\/div>\n<\/div><\/div>\n\n\n\n<p><\/p>\n<\/div><\/div><\/div>\n<\/div>\n\n\n\n<p>Fonte: eSocial. Rais 2022 e Portal Emprega Brasil (Compet\u00eancia: primeiro semestre de 2024)<\/p>\n","protected":false},"excerpt":{"rendered":"<p>Na Comau, N\u00f3s Pensamos de Forma Global e Compartilhamos Experi\u00eancias A Comau \u00e9 composta por uma rede global de colaboradores em 12 pa\u00edses em quatro regi\u00f5es do mundo, que compartilham suas perspectivas e experi\u00eancias para criar ambientes de trabalho mais diversos e inclusivos. Acreditamos que todas as pessoas devem se sentir valorizadas e respeitadas, por [&hellip;]<\/p>\n","protected":false},"author":21,"featured_media":43231,"parent":0,"menu_order":0,"comment_status":"closed","ping_status":"closed","template":"","meta":{"_acf_changed":false,"ep_exclude_from_search":false,"footnotes":""},"class_list":["post-61857","page","type-page","status-publish","has-post-thumbnail","hentry"],"acf":[],"yoast_head":"<!-- This site is optimized with the Yoast SEO plugin v26.9 - https:\/\/yoast.com\/product\/yoast-seo-wordpress\/ -->\n<title>Diversidade &amp; Inclus\u00e3o - Comau<\/title>\n<meta name=\"description\" content=\"A Comau \u00e9 composta por uma rede de 12 pa\u00edses em quatro regi\u00f5es que compartilham experi\u00eancias e ambientes de trabalho diversos e inclusivos.\" \/>\n<meta name=\"robots\" content=\"index, follow, max-snippet:-1, max-image-preview:large, max-video-preview:-1\" \/>\n<link rel=\"canonical\" href=\"https:\/\/www.comau.com\/pt-br\/diversidade-inclusao\/\" \/>\n<meta property=\"og:locale\" content=\"pt_BR\" \/>\n<meta property=\"og:type\" content=\"article\" \/>\n<meta property=\"og:title\" content=\"Diversidade &amp; Inclus\u00e3o - Comau\" \/>\n<meta property=\"og:description\" content=\"A Comau \u00e9 composta por uma rede de 12 pa\u00edses em quatro regi\u00f5es que compartilham experi\u00eancias e ambientes de trabalho diversos e inclusivos.\" \/>\n<meta property=\"og:url\" content=\"https:\/\/www.comau.com\/pt-br\/diversidade-inclusao\/\" \/>\n<meta property=\"og:site_name\" content=\"Comau\" \/>\n<meta property=\"article:publisher\" content=\"https:\/\/www.facebook.com\/COMAU\/\" \/>\n<meta property=\"article:modified_time\" content=\"2024-03-31T14:25:16+00:00\" \/>\n<meta property=\"og:image\" content=\"https:\/\/www.comau.com\/wp-content\/uploads\/2022\/02\/Sustainability_HERO.jpg\" \/>\n\t<meta property=\"og:image:width\" content=\"1450\" \/>\n\t<meta property=\"og:image:height\" content=\"450\" \/>\n\t<meta property=\"og:image:type\" content=\"image\/jpeg\" \/>\n<meta name=\"twitter:card\" content=\"summary_large_image\" \/>\n<meta name=\"twitter:site\" content=\"@comaugroup\" \/>\n<meta name=\"twitter:label1\" content=\"Est. tempo de leitura\" \/>\n\t<meta name=\"twitter:data1\" content=\"5 minutos\" \/>\n<script type=\"application\/ld+json\" class=\"yoast-schema-graph\">{\"@context\":\"https:\/\/schema.org\",\"@graph\":[{\"@type\":\"WebPage\",\"@id\":\"https:\/\/www.comau.com\/pt-br\/diversidade-inclusao\/\",\"url\":\"https:\/\/www.comau.com\/pt-br\/diversidade-inclusao\/\",\"name\":\"Diversidade &amp; Inclus\u00e3o - Comau\",\"isPartOf\":{\"@id\":\"https:\/\/www.comau.com\/pt-br\/#website\"},\"primaryImageOfPage\":{\"@id\":\"https:\/\/www.comau.com\/pt-br\/diversidade-inclusao\/#primaryimage\"},\"image\":{\"@id\":\"https:\/\/www.comau.com\/pt-br\/diversidade-inclusao\/#primaryimage\"},\"thumbnailUrl\":\"https:\/\/www.comau.com\/wp-content\/uploads\/2022\/02\/Sustainability_HERO.jpg\",\"datePublished\":\"2024-03-31T14:25:10+00:00\",\"dateModified\":\"2024-03-31T14:25:16+00:00\",\"description\":\"A Comau \u00e9 composta por uma rede de 12 pa\u00edses em quatro regi\u00f5es que compartilham experi\u00eancias e ambientes de trabalho diversos e inclusivos.\",\"breadcrumb\":{\"@id\":\"https:\/\/www.comau.com\/pt-br\/diversidade-inclusao\/#breadcrumb\"},\"inLanguage\":\"pt-BR\",\"potentialAction\":[{\"@type\":\"ReadAction\",\"target\":[\"https:\/\/www.comau.com\/pt-br\/diversidade-inclusao\/\"]}]},{\"@type\":\"ImageObject\",\"inLanguage\":\"pt-BR\",\"@id\":\"https:\/\/www.comau.com\/pt-br\/diversidade-inclusao\/#primaryimage\",\"url\":\"https:\/\/www.comau.com\/wp-content\/uploads\/2022\/02\/Sustainability_HERO.jpg\",\"contentUrl\":\"https:\/\/www.comau.com\/wp-content\/uploads\/2022\/02\/Sustainability_HERO.jpg\",\"width\":1450,\"height\":450},{\"@type\":\"BreadcrumbList\",\"@id\":\"https:\/\/www.comau.com\/pt-br\/diversidade-inclusao\/#breadcrumb\",\"itemListElement\":[{\"@type\":\"ListItem\",\"position\":1,\"name\":\"Home\",\"item\":\"https:\/\/www.comau.com\/pt-br\/\"},{\"@type\":\"ListItem\",\"position\":2,\"name\":\"Diversidade &amp; Inclus\u00e3o\"}]},{\"@type\":\"WebSite\",\"@id\":\"https:\/\/www.comau.com\/pt-br\/#website\",\"url\":\"https:\/\/www.comau.com\/pt-br\/\",\"name\":\"Comau\",\"description\":\"Industrial automation and robotics\",\"publisher\":{\"@id\":\"https:\/\/www.comau.com\/pt-br\/#organization\"},\"potentialAction\":[{\"@type\":\"SearchAction\",\"target\":{\"@type\":\"EntryPoint\",\"urlTemplate\":\"https:\/\/www.comau.com\/pt-br\/?s={search_term_string}\"},\"query-input\":{\"@type\":\"PropertyValueSpecification\",\"valueRequired\":true,\"valueName\":\"search_term_string\"}}],\"inLanguage\":\"pt-BR\"},{\"@type\":\"Organization\",\"@id\":\"https:\/\/www.comau.com\/pt-br\/#organization\",\"name\":\"Comau\",\"url\":\"https:\/\/www.comau.com\/pt-br\/\",\"logo\":{\"@type\":\"ImageObject\",\"inLanguage\":\"pt-BR\",\"@id\":\"https:\/\/www.comau.com\/pt-br\/#\/schema\/logo\/image\/\",\"url\":\"https:\/\/www.comau.com\/wp-content\/uploads\/2024\/07\/cropped-Logo-COMAU.png\",\"contentUrl\":\"https:\/\/www.comau.com\/wp-content\/uploads\/2024\/07\/cropped-Logo-COMAU.png\",\"width\":434,\"height\":434,\"caption\":\"Comau\"},\"image\":{\"@id\":\"https:\/\/www.comau.com\/pt-br\/#\/schema\/logo\/image\/\"},\"sameAs\":[\"https:\/\/www.facebook.com\/COMAU\/\",\"https:\/\/x.com\/comaugroup\",\"https:\/\/www.instagram.com\/comaugroup\/\",\"https:\/\/www.linkedin.com\/company\/comau\",\"https:\/\/www.youtube.com\/user\/comau\"]}]}<\/script>\n<!-- \/ Yoast SEO plugin. -->","yoast_head_json":{"title":"Diversidade &amp; Inclus\u00e3o - Comau","description":"A Comau \u00e9 composta por uma rede de 12 pa\u00edses em quatro regi\u00f5es que compartilham experi\u00eancias e ambientes de trabalho diversos e inclusivos.","robots":{"index":"index","follow":"follow","max-snippet":"max-snippet:-1","max-image-preview":"max-image-preview:large","max-video-preview":"max-video-preview:-1"},"canonical":"https:\/\/www.comau.com\/pt-br\/diversidade-inclusao\/","og_locale":"pt_BR","og_type":"article","og_title":"Diversidade &amp; Inclus\u00e3o - Comau","og_description":"A Comau \u00e9 composta por uma rede de 12 pa\u00edses em quatro regi\u00f5es que compartilham experi\u00eancias e ambientes de trabalho diversos e inclusivos.","og_url":"https:\/\/www.comau.com\/pt-br\/diversidade-inclusao\/","og_site_name":"Comau","article_publisher":"https:\/\/www.facebook.com\/COMAU\/","article_modified_time":"2024-03-31T14:25:16+00:00","og_image":[{"width":1450,"height":450,"url":"https:\/\/www.comau.com\/wp-content\/uploads\/2022\/02\/Sustainability_HERO.jpg","type":"image\/jpeg"}],"twitter_card":"summary_large_image","twitter_site":"@comaugroup","twitter_misc":{"Est. tempo de leitura":"5 minutos"},"schema":{"@context":"https:\/\/schema.org","@graph":[{"@type":"WebPage","@id":"https:\/\/www.comau.com\/pt-br\/diversidade-inclusao\/","url":"https:\/\/www.comau.com\/pt-br\/diversidade-inclusao\/","name":"Diversidade &amp; Inclus\u00e3o - Comau","isPartOf":{"@id":"https:\/\/www.comau.com\/pt-br\/#website"},"primaryImageOfPage":{"@id":"https:\/\/www.comau.com\/pt-br\/diversidade-inclusao\/#primaryimage"},"image":{"@id":"https:\/\/www.comau.com\/pt-br\/diversidade-inclusao\/#primaryimage"},"thumbnailUrl":"https:\/\/www.comau.com\/wp-content\/uploads\/2022\/02\/Sustainability_HERO.jpg","datePublished":"2024-03-31T14:25:10+00:00","dateModified":"2024-03-31T14:25:16+00:00","description":"A Comau \u00e9 composta por uma rede de 12 pa\u00edses em quatro regi\u00f5es que compartilham experi\u00eancias e ambientes de trabalho diversos e inclusivos.","breadcrumb":{"@id":"https:\/\/www.comau.com\/pt-br\/diversidade-inclusao\/#breadcrumb"},"inLanguage":"pt-BR","potentialAction":[{"@type":"ReadAction","target":["https:\/\/www.comau.com\/pt-br\/diversidade-inclusao\/"]}]},{"@type":"ImageObject","inLanguage":"pt-BR","@id":"https:\/\/www.comau.com\/pt-br\/diversidade-inclusao\/#primaryimage","url":"https:\/\/www.comau.com\/wp-content\/uploads\/2022\/02\/Sustainability_HERO.jpg","contentUrl":"https:\/\/www.comau.com\/wp-content\/uploads\/2022\/02\/Sustainability_HERO.jpg","width":1450,"height":450},{"@type":"BreadcrumbList","@id":"https:\/\/www.comau.com\/pt-br\/diversidade-inclusao\/#breadcrumb","itemListElement":[{"@type":"ListItem","position":1,"name":"Home","item":"https:\/\/www.comau.com\/pt-br\/"},{"@type":"ListItem","position":2,"name":"Diversidade &amp; Inclus\u00e3o"}]},{"@type":"WebSite","@id":"https:\/\/www.comau.com\/pt-br\/#website","url":"https:\/\/www.comau.com\/pt-br\/","name":"Comau","description":"Industrial automation and robotics","publisher":{"@id":"https:\/\/www.comau.com\/pt-br\/#organization"},"potentialAction":[{"@type":"SearchAction","target":{"@type":"EntryPoint","urlTemplate":"https:\/\/www.comau.com\/pt-br\/?s={search_term_string}"},"query-input":{"@type":"PropertyValueSpecification","valueRequired":true,"valueName":"search_term_string"}}],"inLanguage":"pt-BR"},{"@type":"Organization","@id":"https:\/\/www.comau.com\/pt-br\/#organization","name":"Comau","url":"https:\/\/www.comau.com\/pt-br\/","logo":{"@type":"ImageObject","inLanguage":"pt-BR","@id":"https:\/\/www.comau.com\/pt-br\/#\/schema\/logo\/image\/","url":"https:\/\/www.comau.com\/wp-content\/uploads\/2024\/07\/cropped-Logo-COMAU.png","contentUrl":"https:\/\/www.comau.com\/wp-content\/uploads\/2024\/07\/cropped-Logo-COMAU.png","width":434,"height":434,"caption":"Comau"},"image":{"@id":"https:\/\/www.comau.com\/pt-br\/#\/schema\/logo\/image\/"},"sameAs":["https:\/\/www.facebook.com\/COMAU\/","https:\/\/x.com\/comaugroup","https:\/\/www.instagram.com\/comaugroup\/","https:\/\/www.linkedin.com\/company\/comau","https:\/\/www.youtube.com\/user\/comau"]}]}},"_links":{"self":[{"href":"https:\/\/www.comau.com\/pt-br\/wp-json\/wp\/v2\/pages\/61857","targetHints":{"allow":["GET"]}}],"collection":[{"href":"https:\/\/www.comau.com\/pt-br\/wp-json\/wp\/v2\/pages"}],"about":[{"href":"https:\/\/www.comau.com\/pt-br\/wp-json\/wp\/v2\/types\/page"}],"author":[{"embeddable":true,"href":"https:\/\/www.comau.com\/pt-br\/wp-json\/wp\/v2\/users\/21"}],"replies":[{"embeddable":true,"href":"https:\/\/www.comau.com\/pt-br\/wp-json\/wp\/v2\/comments?post=61857"}],"version-history":[{"count":14,"href":"https:\/\/www.comau.com\/pt-br\/wp-json\/wp\/v2\/pages\/61857\/revisions"}],"predecessor-version":[{"id":61887,"href":"https:\/\/www.comau.com\/pt-br\/wp-json\/wp\/v2\/pages\/61857\/revisions\/61887"}],"wp:featuredmedia":[{"embeddable":true,"href":"https:\/\/www.comau.com\/pt-br\/wp-json\/wp\/v2\/media\/43231"}],"wp:attachment":[{"href":"https:\/\/www.comau.com\/pt-br\/wp-json\/wp\/v2\/media?parent=61857"}],"curies":[{"name":"wp","href":"https:\/\/api.w.org\/{rel}","templated":true}]}}