{"id":6184,"date":"2021-07-01T01:02:53","date_gmt":"2021-06-30T23:02:53","guid":{"rendered":"https:\/\/www.comau.com\/?page_id=6184"},"modified":"2024-03-27T03:52:13","modified_gmt":"2024-03-27T02:52:13","slug":"battery-manufacturing","status":"publish","type":"page","link":"https:\/\/www.comau.com\/pt-br\/competencies\/electromobility\/battery-manufacturing\/","title":{"rendered":"Fabrica\u00e7\u00e3o de baterias"},"content":{"rendered":"\n<h2 class=\"wp-block-heading\" id=\"celulas-modulos-grupos-caixas-etc\">C\u00e9lulas, m\u00f3dulos, grupos, caixas, etc.<\/h2>\n\n\n\n<p>Compreendemos a complexidade inerente das op\u00e7\u00f5es de energia baseadas em baterias, e podemos contribuir na evolu\u00e7\u00e3o de seu produto desde os primeiros est\u00e1gios. Como fornecedor \u00fanico para o sistema inteiro de produ\u00e7\u00e3o de baterias, nossa oferta inclui solu\u00e7\u00f5es dedicadas para:<\/p>\n\n\n\n<ul class=\"wp-block-list\">\n<li>Testes e forma\u00e7\u00e3o de c\u00e9lulas de bateria<\/li>\n\n\n\n<li>Montagem de m\u00f3dulos de bateria<\/li>\n\n\n\n<li>Montagem de grupos de bateria<\/li>\n\n\n\n<li>Montagem de grupos de armazenamento estacion\u00e1rio<\/li>\n\n\n\n<li>Testes de fim de linha<\/li>\n\n\n\n<li>Usinagem de caixas de bateria<\/li>\n<\/ul>\n\n\n\n<h2 class=\"wp-block-heading\" id=\"fornecedor-completo-de-servicos\">Fornecedor completo de servi\u00e7os<\/h2>\n\n\n\n<p>Nosso portf\u00f3lio de solu\u00e7\u00f5es para baterias \u00e9 baseado em tecnologia propriet\u00e1ria e produtos Comau. Nossos sistemas podem trabalhar facilmente com configura\u00e7\u00f5es de c\u00e9lulas prism\u00e1ticas, cil\u00edndricas ou tipo bolsa, o que ajuda a proteger seu investimento, dando a voc\u00ea liberdade de escolha. <\/p>\n\n\n<div class=\"wp-block-image\">\n<figure class=\"aligncenter size-large\"><img decoding=\"async\" width=\"768\" height=\"656\" src=\"https:\/\/www.comau.com\/wp-content\/uploads\/2021\/06\/E-Batteries.png\" alt=\"\" class=\"wp-image-6204\" srcset=\"https:\/\/www.comau.com\/wp-content\/uploads\/2021\/06\/E-Batteries.png 768w, https:\/\/www.comau.com\/wp-content\/uploads\/2021\/06\/E-Batteries-300x256.png 300w\" sizes=\"(max-width: 768px) 100vw, 768px\" \/><\/figure>\n<\/div>\n\n\n<h2 class=\"wp-block-heading\" id=\"beneficios\">Benef\u00edcios<\/h2>\n\n\n\n<p>Deixe a vantagem Comau trabalhar para voc\u00ea. Com o know-how certo, agora mesmo, podemos ajudar voc\u00ea a lidar com qualquer opera\u00e7\u00e3o de montagem de baterias e alcan\u00e7ar osseguintes resultados de excel\u00eancia que melhoram:<\/p>\n\n\n\n<ul class=\"wp-block-list\">\n<li>Tempo at\u00e9 o mercado curto<\/li>\n\n\n\n<li>Suporte ao desenvolvimento de processos para um produto em evolu\u00e7\u00e3o<\/li>\n\n\n\n<li>Laborat\u00f3rio de soldagem a laser interno da Comau para valida\u00e7\u00e3o e configura\u00e7\u00e3o de processos<\/li>\n\n\n\n<li>Laborat\u00f3rio de produ\u00e7\u00e3o de prot\u00f3tipos de bateria<\/li>\n\n\n\n<li>Modularidade da linha de montagem e f\u00e1cil reconfigura\u00e7\u00e3o<\/li>\n<\/ul>\n","protected":false},"excerpt":{"rendered":"<p>C\u00e9lulas, m\u00f3dulos, grupos, caixas, etc. Compreendemos a complexidade inerente das op\u00e7\u00f5es de energia baseadas em baterias, e podemos contribuir na evolu\u00e7\u00e3o de seu produto desde os primeiros est\u00e1gios. Como fornecedor \u00fanico para o sistema inteiro de produ\u00e7\u00e3o de baterias, nossa oferta inclui solu\u00e7\u00f5es dedicadas para: Fornecedor completo de servi\u00e7os Nosso portf\u00f3lio de solu\u00e7\u00f5es para baterias [&hellip;]<\/p>\n","protected":false},"author":11,"featured_media":5971,"parent":6169,"menu_order":2,"comment_status":"closed","ping_status":"closed","template":"","meta":{"_acf_changed":false,"ep_exclude_from_search":false,"footnotes":""},"class_list":["post-6184","page","type-page","status-publish","has-post-thumbnail","hentry"],"acf":[],"yoast_head":"<!-- This site is optimized with the Yoast SEO plugin v26.9 - https:\/\/yoast.com\/product\/yoast-seo-wordpress\/ -->\n<title>Bateria de carro el\u00e9trico: produ\u00e7\u00e3o e montagem | Comau<\/title>\n<meta name=\"description\" content=\"Descubra o sistema de produ\u00e7\u00e3o de bateria de carro el\u00e9trico e pack de baterias Comau. Somos especialistas em fabrica\u00e7\u00e3o de baterias.\" \/>\n<meta name=\"robots\" content=\"index, follow, max-snippet:-1, max-image-preview:large, max-video-preview:-1\" \/>\n<link rel=\"canonical\" href=\"https:\/\/www.comau.com\/pt-br\/competencies\/electromobility\/battery-manufacturing\/\" \/>\n<meta property=\"og:locale\" content=\"pt_BR\" \/>\n<meta property=\"og:type\" content=\"article\" \/>\n<meta property=\"og:title\" content=\"Bateria de carro el\u00e9trico: produ\u00e7\u00e3o e montagem | Comau\" \/>\n<meta property=\"og:description\" content=\"Descubra o sistema de produ\u00e7\u00e3o de bateria de carro el\u00e9trico e pack de baterias Comau. Somos especialistas em fabrica\u00e7\u00e3o de baterias.\" \/>\n<meta property=\"og:url\" content=\"https:\/\/www.comau.com\/pt-br\/competencies\/electromobility\/battery-manufacturing\/\" \/>\n<meta property=\"og:site_name\" content=\"Comau\" \/>\n<meta property=\"article:publisher\" content=\"https:\/\/www.facebook.com\/COMAU\/\" \/>\n<meta property=\"article:modified_time\" content=\"2024-03-27T02:52:13+00:00\" \/>\n<meta property=\"og:image\" content=\"https:\/\/www.comau.com\/wp-content\/uploads\/2021\/06\/emobility_header2.png\" \/>\n\t<meta property=\"og:image:width\" content=\"1280\" \/>\n\t<meta property=\"og:image:height\" content=\"485\" \/>\n\t<meta property=\"og:image:type\" content=\"image\/png\" \/>\n<meta name=\"twitter:card\" content=\"summary_large_image\" \/>\n<meta name=\"twitter:site\" content=\"@comaugroup\" \/>\n<meta name=\"twitter:label1\" content=\"Est. tempo de leitura\" \/>\n\t<meta name=\"twitter:data1\" content=\"2 minutos\" \/>\n<script type=\"application\/ld+json\" class=\"yoast-schema-graph\">{\"@context\":\"https:\/\/schema.org\",\"@graph\":[{\"@type\":\"WebPage\",\"@id\":\"https:\/\/www.comau.com\/pt-br\/competencies\/electromobility\/battery-manufacturing\/\",\"url\":\"https:\/\/www.comau.com\/pt-br\/competencies\/electromobility\/battery-manufacturing\/\",\"name\":\"Bateria de carro el\u00e9trico: produ\u00e7\u00e3o e montagem | Comau\",\"isPartOf\":{\"@id\":\"https:\/\/www.comau.com\/pt-br\/#website\"},\"primaryImageOfPage\":{\"@id\":\"https:\/\/www.comau.com\/pt-br\/competencies\/electromobility\/battery-manufacturing\/#primaryimage\"},\"image\":{\"@id\":\"https:\/\/www.comau.com\/pt-br\/competencies\/electromobility\/battery-manufacturing\/#primaryimage\"},\"thumbnailUrl\":\"https:\/\/www.comau.com\/wp-content\/uploads\/2021\/06\/emobility_header2.png\",\"datePublished\":\"2021-06-30T23:02:53+00:00\",\"dateModified\":\"2024-03-27T02:52:13+00:00\",\"description\":\"Descubra o sistema de produ\u00e7\u00e3o de bateria de carro el\u00e9trico e pack de baterias Comau. Somos especialistas em fabrica\u00e7\u00e3o de baterias.\",\"breadcrumb\":{\"@id\":\"https:\/\/www.comau.com\/pt-br\/competencies\/electromobility\/battery-manufacturing\/#breadcrumb\"},\"inLanguage\":\"pt-BR\",\"potentialAction\":[{\"@type\":\"ReadAction\",\"target\":[\"https:\/\/www.comau.com\/pt-br\/competencies\/electromobility\/battery-manufacturing\/\"]}]},{\"@type\":\"ImageObject\",\"inLanguage\":\"pt-BR\",\"@id\":\"https:\/\/www.comau.com\/pt-br\/competencies\/electromobility\/battery-manufacturing\/#primaryimage\",\"url\":\"https:\/\/www.comau.com\/wp-content\/uploads\/2021\/06\/emobility_header2.png\",\"contentUrl\":\"https:\/\/www.comau.com\/wp-content\/uploads\/2021\/06\/emobility_header2.png\",\"width\":1280,\"height\":485},{\"@type\":\"BreadcrumbList\",\"@id\":\"https:\/\/www.comau.com\/pt-br\/competencies\/electromobility\/battery-manufacturing\/#breadcrumb\",\"itemListElement\":[{\"@type\":\"ListItem\",\"position\":1,\"name\":\"Home\",\"item\":\"https:\/\/www.comau.com\/pt-br\/\"},{\"@type\":\"ListItem\",\"position\":2,\"name\":\"Nossas Compet\u00eancias\",\"item\":\"https:\/\/www.comau.com\/pt-br\/competencies\/\"},{\"@type\":\"ListItem\",\"position\":3,\"name\":\"Electromobility\",\"item\":\"https:\/\/www.comau.com\/pt-br\/competencies\/electromobility\/\"},{\"@type\":\"ListItem\",\"position\":4,\"name\":\"Fabrica\u00e7\u00e3o de baterias\"}]},{\"@type\":\"WebSite\",\"@id\":\"https:\/\/www.comau.com\/pt-br\/#website\",\"url\":\"https:\/\/www.comau.com\/pt-br\/\",\"name\":\"Comau\",\"description\":\"Industrial automation and robotics\",\"publisher\":{\"@id\":\"https:\/\/www.comau.com\/pt-br\/#organization\"},\"potentialAction\":[{\"@type\":\"SearchAction\",\"target\":{\"@type\":\"EntryPoint\",\"urlTemplate\":\"https:\/\/www.comau.com\/pt-br\/?s={search_term_string}\"},\"query-input\":{\"@type\":\"PropertyValueSpecification\",\"valueRequired\":true,\"valueName\":\"search_term_string\"}}],\"inLanguage\":\"pt-BR\"},{\"@type\":\"Organization\",\"@id\":\"https:\/\/www.comau.com\/pt-br\/#organization\",\"name\":\"Comau\",\"url\":\"https:\/\/www.comau.com\/pt-br\/\",\"logo\":{\"@type\":\"ImageObject\",\"inLanguage\":\"pt-BR\",\"@id\":\"https:\/\/www.comau.com\/pt-br\/#\/schema\/logo\/image\/\",\"url\":\"https:\/\/www.comau.com\/wp-content\/uploads\/2024\/07\/cropped-Logo-COMAU.png\",\"contentUrl\":\"https:\/\/www.comau.com\/wp-content\/uploads\/2024\/07\/cropped-Logo-COMAU.png\",\"width\":434,\"height\":434,\"caption\":\"Comau\"},\"image\":{\"@id\":\"https:\/\/www.comau.com\/pt-br\/#\/schema\/logo\/image\/\"},\"sameAs\":[\"https:\/\/www.facebook.com\/COMAU\/\",\"https:\/\/x.com\/comaugroup\",\"https:\/\/www.instagram.com\/comaugroup\/\",\"https:\/\/www.linkedin.com\/company\/comau\",\"https:\/\/www.youtube.com\/user\/comau\"]}]}<\/script>\n<!-- \/ Yoast SEO plugin. -->","yoast_head_json":{"title":"Bateria de carro el\u00e9trico: produ\u00e7\u00e3o e montagem | Comau","description":"Descubra o sistema de produ\u00e7\u00e3o de bateria de carro el\u00e9trico e pack de baterias Comau. Somos especialistas em fabrica\u00e7\u00e3o de baterias.","robots":{"index":"index","follow":"follow","max-snippet":"max-snippet:-1","max-image-preview":"max-image-preview:large","max-video-preview":"max-video-preview:-1"},"canonical":"https:\/\/www.comau.com\/pt-br\/competencies\/electromobility\/battery-manufacturing\/","og_locale":"pt_BR","og_type":"article","og_title":"Bateria de carro el\u00e9trico: produ\u00e7\u00e3o e montagem | Comau","og_description":"Descubra o sistema de produ\u00e7\u00e3o de bateria de carro el\u00e9trico e pack de baterias Comau. Somos especialistas em fabrica\u00e7\u00e3o de baterias.","og_url":"https:\/\/www.comau.com\/pt-br\/competencies\/electromobility\/battery-manufacturing\/","og_site_name":"Comau","article_publisher":"https:\/\/www.facebook.com\/COMAU\/","article_modified_time":"2024-03-27T02:52:13+00:00","og_image":[{"width":1280,"height":485,"url":"https:\/\/www.comau.com\/wp-content\/uploads\/2021\/06\/emobility_header2.png","type":"image\/png"}],"twitter_card":"summary_large_image","twitter_site":"@comaugroup","twitter_misc":{"Est. tempo de leitura":"2 minutos"},"schema":{"@context":"https:\/\/schema.org","@graph":[{"@type":"WebPage","@id":"https:\/\/www.comau.com\/pt-br\/competencies\/electromobility\/battery-manufacturing\/","url":"https:\/\/www.comau.com\/pt-br\/competencies\/electromobility\/battery-manufacturing\/","name":"Bateria de carro el\u00e9trico: produ\u00e7\u00e3o e montagem | Comau","isPartOf":{"@id":"https:\/\/www.comau.com\/pt-br\/#website"},"primaryImageOfPage":{"@id":"https:\/\/www.comau.com\/pt-br\/competencies\/electromobility\/battery-manufacturing\/#primaryimage"},"image":{"@id":"https:\/\/www.comau.com\/pt-br\/competencies\/electromobility\/battery-manufacturing\/#primaryimage"},"thumbnailUrl":"https:\/\/www.comau.com\/wp-content\/uploads\/2021\/06\/emobility_header2.png","datePublished":"2021-06-30T23:02:53+00:00","dateModified":"2024-03-27T02:52:13+00:00","description":"Descubra o sistema de produ\u00e7\u00e3o de bateria de carro el\u00e9trico e pack de baterias Comau. Somos especialistas em fabrica\u00e7\u00e3o de baterias.","breadcrumb":{"@id":"https:\/\/www.comau.com\/pt-br\/competencies\/electromobility\/battery-manufacturing\/#breadcrumb"},"inLanguage":"pt-BR","potentialAction":[{"@type":"ReadAction","target":["https:\/\/www.comau.com\/pt-br\/competencies\/electromobility\/battery-manufacturing\/"]}]},{"@type":"ImageObject","inLanguage":"pt-BR","@id":"https:\/\/www.comau.com\/pt-br\/competencies\/electromobility\/battery-manufacturing\/#primaryimage","url":"https:\/\/www.comau.com\/wp-content\/uploads\/2021\/06\/emobility_header2.png","contentUrl":"https:\/\/www.comau.com\/wp-content\/uploads\/2021\/06\/emobility_header2.png","width":1280,"height":485},{"@type":"BreadcrumbList","@id":"https:\/\/www.comau.com\/pt-br\/competencies\/electromobility\/battery-manufacturing\/#breadcrumb","itemListElement":[{"@type":"ListItem","position":1,"name":"Home","item":"https:\/\/www.comau.com\/pt-br\/"},{"@type":"ListItem","position":2,"name":"Nossas Compet\u00eancias","item":"https:\/\/www.comau.com\/pt-br\/competencies\/"},{"@type":"ListItem","position":3,"name":"Electromobility","item":"https:\/\/www.comau.com\/pt-br\/competencies\/electromobility\/"},{"@type":"ListItem","position":4,"name":"Fabrica\u00e7\u00e3o de baterias"}]},{"@type":"WebSite","@id":"https:\/\/www.comau.com\/pt-br\/#website","url":"https:\/\/www.comau.com\/pt-br\/","name":"Comau","description":"Industrial automation and robotics","publisher":{"@id":"https:\/\/www.comau.com\/pt-br\/#organization"},"potentialAction":[{"@type":"SearchAction","target":{"@type":"EntryPoint","urlTemplate":"https:\/\/www.comau.com\/pt-br\/?s={search_term_string}"},"query-input":{"@type":"PropertyValueSpecification","valueRequired":true,"valueName":"search_term_string"}}],"inLanguage":"pt-BR"},{"@type":"Organization","@id":"https:\/\/www.comau.com\/pt-br\/#organization","name":"Comau","url":"https:\/\/www.comau.com\/pt-br\/","logo":{"@type":"ImageObject","inLanguage":"pt-BR","@id":"https:\/\/www.comau.com\/pt-br\/#\/schema\/logo\/image\/","url":"https:\/\/www.comau.com\/wp-content\/uploads\/2024\/07\/cropped-Logo-COMAU.png","contentUrl":"https:\/\/www.comau.com\/wp-content\/uploads\/2024\/07\/cropped-Logo-COMAU.png","width":434,"height":434,"caption":"Comau"},"image":{"@id":"https:\/\/www.comau.com\/pt-br\/#\/schema\/logo\/image\/"},"sameAs":["https:\/\/www.facebook.com\/COMAU\/","https:\/\/x.com\/comaugroup","https:\/\/www.instagram.com\/comaugroup\/","https:\/\/www.linkedin.com\/company\/comau","https:\/\/www.youtube.com\/user\/comau"]}]}},"_links":{"self":[{"href":"https:\/\/www.comau.com\/pt-br\/wp-json\/wp\/v2\/pages\/6184","targetHints":{"allow":["GET"]}}],"collection":[{"href":"https:\/\/www.comau.com\/pt-br\/wp-json\/wp\/v2\/pages"}],"about":[{"href":"https:\/\/www.comau.com\/pt-br\/wp-json\/wp\/v2\/types\/page"}],"author":[{"embeddable":true,"href":"https:\/\/www.comau.com\/pt-br\/wp-json\/wp\/v2\/users\/11"}],"replies":[{"embeddable":true,"href":"https:\/\/www.comau.com\/pt-br\/wp-json\/wp\/v2\/comments?post=6184"}],"version-history":[{"count":23,"href":"https:\/\/www.comau.com\/pt-br\/wp-json\/wp\/v2\/pages\/6184\/revisions"}],"predecessor-version":[{"id":61710,"href":"https:\/\/www.comau.com\/pt-br\/wp-json\/wp\/v2\/pages\/6184\/revisions\/61710"}],"up":[{"embeddable":true,"href":"https:\/\/www.comau.com\/pt-br\/wp-json\/wp\/v2\/pages\/6169"}],"wp:featuredmedia":[{"embeddable":true,"href":"https:\/\/www.comau.com\/pt-br\/wp-json\/wp\/v2\/media\/5971"}],"wp:attachment":[{"href":"https:\/\/www.comau.com\/pt-br\/wp-json\/wp\/v2\/media?parent=6184"}],"curies":[{"name":"wp","href":"https:\/\/api.w.org\/{rel}","templated":true}]}}