{"id":6179,"date":"2022-05-13T09:44:44","date_gmt":"2022-05-13T07:44:44","guid":{"rendered":"https:\/\/www.comau.com\/?page_id=6179"},"modified":"2023-02-17T14:53:02","modified_gmt":"2023-02-17T13:53:02","slug":"real-solutions-for-real-projects","status":"publish","type":"page","link":"https:\/\/www.comau.com\/pt-br\/competencies\/electromobility\/real-solutions-for-real-projects\/","title":{"rendered":"Solu\u00e7\u00f5es reais para projetos reais"},"content":{"rendered":"\n<h2 class=\"wp-block-heading\">Ser bom n\u00e3o \u00e9 o bastante<\/h2>\n\n\n\n<p>Quando se fala em automa\u00e7\u00e3o, poucos podem alcan\u00e7ar a experi\u00eancia e o hist\u00f3rico de sucessos da Comau. A eletrifica\u00e7\u00e3o ainda \u00e9 um novo campo, no qual ser bom \u00e9 apenas o primeiro passo. \u00c9 por isso que alavancamos o DNA da Comau e a abordagem orientada a equipes para cobrirmos a cadeia de valor inteira da eletrifica\u00e7\u00e3o com respostas reais a uma ampla gama de cen\u00e1rios de projetos reais.<\/p>\n\n\n\n<p>Com um portf\u00f3lio inteiro de produtos e tecnologias de processo inovadores para apoiar a transforma\u00e7\u00e3o e a utiliza\u00e7\u00e3o da alimenta\u00e7\u00e3o de eletricidade, estamos abrindo o caminho da eletrifica\u00e7\u00e3o com solu\u00e7\u00f5es modulares, escal\u00e1veis e com retorno do investimento. Al\u00e9m disso, nossa equipe mundial, com mais de 200 colaboradores dedicados e 3 centros de pesquisa, tem ajudado mais de 40 empresas no mundo inteiro a promover suas estrat\u00e9gias de eletrifica\u00e7\u00e3o.<\/p>\n\n\n\n<h2 class=\"wp-block-heading\">Garantia baseada em IA<\/h2>\n\n\n\n<p>\u200bWhen it comes to verifying the efficiency of E-power solutions, Comau&#8217;s proprietary automated testing and control paradigm is without equal. The non-invasive process, which is based on the in-line acquisition of thermal images, accurately verifies electrical resistance and joint quality of each single joint in a fast and efficient manner. By assessing the quality of each joint before final assembly, manufacturers can ensure battery safety and prevent waste. And because the solution does not require its own power source, it can be added to any industrial battery manufacturing line without affecting cycle time or the manufacturing layout.<\/p>\n\n\n<div class=\"wp-block-image\">\n<figure class=\"aligncenter size-large\"><img decoding=\"async\" width=\"790\" height=\"300\" src=\"https:\/\/www.comau.com\/wp-content\/uploads\/2021\/06\/Comau_Real-solutions-for-real-projects_Image1.jpg\" alt=\"\" class=\"wp-image-23683\" srcset=\"https:\/\/www.comau.com\/wp-content\/uploads\/2021\/06\/Comau_Real-solutions-for-real-projects_Image1.jpg 790w, https:\/\/www.comau.com\/wp-content\/uploads\/2021\/06\/Comau_Real-solutions-for-real-projects_Image1-300x114.jpg 300w, https:\/\/www.comau.com\/wp-content\/uploads\/2021\/06\/Comau_Real-solutions-for-real-projects_Image1-768x292.jpg 768w\" sizes=\"(max-width: 790px) 100vw, 790px\" \/><\/figure>\n<\/div>\n\n\n<h2 class=\"wp-block-heading\">Automatiza\u00e7\u00e3o de instala\u00e7\u00e3o externa<\/h2>\n\n\n\n<p>Uma das melhores coisas da engenharia inovadora \u00e9 encontrar solu\u00e7\u00f5es para problemas antes n\u00e3o identificados. Tomemos o Hyperion por exemplo, um sistema de instala\u00e7\u00e3o externa m\u00f3vel exclusiva que a Comau projetou para transportar, manipular e instalar de maneira aut\u00f4noma pain\u00e9is solares de 30 kg ao ar livre virtualmente sob qualquer condi\u00e7\u00e3o.<\/p>\n\n\n\n<p>A solu\u00e7\u00e3o \u00e9 um exemplo perfeito da abordagem da Comau em rela\u00e7\u00e3o \u00e0 automa\u00e7\u00e3o ao ar livre. Ao reconhecer a possibilidade de industrializar um processo manual, a Comau trabalhou de perto com o cliente para projetar, desenvolver e implantar um sistema de instala\u00e7\u00e3o m\u00f3vel \u2013 apresentando um ve\u00edculo de esteiras automatizado e um rob\u00f4 articulado para cargas \u00fateis pesadas \u2013 em menos de 7 meses. Hoje, o sistema de instala\u00e7\u00e3o m\u00f3vel completo e pronto para usar pode ser implantado facilmente dentro de fazendas solares novas e existentes para simplificar a implanta\u00e7\u00e3o de usinas fotovoltaicas e limitar as opera\u00e7\u00f5es que os trabalhadores deveriam executar em condi\u00e7\u00f5es ambientais dif\u00edceis, como fortes chuvas e altas\/baixas temperaturas.<\/p>\n\n\n<div class=\"wp-block-image\">\n<figure class=\"aligncenter size-large\"><img decoding=\"async\" width=\"790\" height=\"300\" src=\"https:\/\/www.comau.com\/wp-content\/uploads\/2021\/06\/Comau_Real-solutions-for-real-projects_Image2.jpg\" alt=\"\" class=\"wp-image-23688\" srcset=\"https:\/\/www.comau.com\/wp-content\/uploads\/2021\/06\/Comau_Real-solutions-for-real-projects_Image2.jpg 790w, https:\/\/www.comau.com\/wp-content\/uploads\/2021\/06\/Comau_Real-solutions-for-real-projects_Image2-300x114.jpg 300w, https:\/\/www.comau.com\/wp-content\/uploads\/2021\/06\/Comau_Real-solutions-for-real-projects_Image2-768x292.jpg 768w\" sizes=\"(max-width: 790px) 100vw, 790px\" \/><\/figure>\n<\/div>\n\n\n<h2 class=\"wp-block-heading\">Baterias para navios<\/h2>\n\n\n\n<p>Ao contr\u00e1rio da automa\u00e7\u00e3o padronizada de alto volume da ind\u00fastria automotiva, a fabrica\u00e7\u00e3o de baterias \u00e9 similar \u00e0 produ\u00e7\u00e3o de nicho, na qual dois m\u00f3dulos n\u00e3o s\u00e3o exatamente iguais. At\u00e9 recentemente, a fabrica\u00e7\u00e3o de baterias para transporte pesado, naval e ferrovi\u00e1rio era um processo majoritariamente manual, conduzido pela necessidade de atender a uma s\u00e9rie de varia\u00e7\u00f5es inerentes resultantes dos requisitos da utiliza\u00e7\u00e3o final.<\/p>\n\n\n\n<p>Trabalhando com um dos fornecedores l\u00edderes mundiais em solu\u00e7\u00f5es de energia el\u00e9trica naval, a Comau industrializou o processo de fabrica\u00e7\u00e3o de c\u00e9lulas de baterias de \u00edons de l\u00edtio com automa\u00e7\u00e3o de ponta a ponta com base em um inovador ambiente de soldagem no qual rob\u00f3tica, soldagem a laser, IA e a valida\u00e7\u00e3o autom\u00e1tica da resist\u00eancia el\u00e9trica e mec\u00e2nica se combinam para garantir flexibilidade de configura\u00e7\u00e3o de m\u00faltiplos m\u00f3dulos de m\u00f3dulos de bateria de alto desempenho.<\/p>\n","protected":false},"excerpt":{"rendered":"<p>Ser bom n\u00e3o \u00e9 o bastante Quando se fala em automa\u00e7\u00e3o, poucos podem alcan\u00e7ar a experi\u00eancia e o hist\u00f3rico de sucessos da Comau. A eletrifica\u00e7\u00e3o ainda \u00e9 um novo campo, no qual ser bom \u00e9 apenas o primeiro passo. \u00c9 por isso que alavancamos o DNA da Comau e a abordagem orientada a equipes para [&hellip;]<\/p>\n","protected":false},"author":11,"featured_media":5971,"parent":6169,"menu_order":1,"comment_status":"closed","ping_status":"closed","template":"","meta":{"_acf_changed":false,"ep_exclude_from_search":false,"footnotes":""},"class_list":["post-6179","page","type-page","status-publish","has-post-thumbnail","hentry"],"acf":[],"yoast_head":"<!-- This site is optimized with the Yoast SEO plugin v26.9 - https:\/\/yoast.com\/product\/yoast-seo-wordpress\/ -->\n<title>Solu\u00e7\u00f5es reais para projetos reais - Comau<\/title>\n<meta name=\"robots\" content=\"index, follow, max-snippet:-1, max-image-preview:large, max-video-preview:-1\" \/>\n<link rel=\"canonical\" href=\"https:\/\/www.comau.com\/pt-br\/competencies\/electromobility\/real-solutions-for-real-projects\/\" \/>\n<meta property=\"og:locale\" content=\"pt_BR\" \/>\n<meta property=\"og:type\" content=\"article\" \/>\n<meta property=\"og:title\" content=\"Solu\u00e7\u00f5es reais para projetos reais - Comau\" \/>\n<meta property=\"og:description\" content=\"Ser bom n\u00e3o \u00e9 o bastante Quando se fala em automa\u00e7\u00e3o, poucos podem alcan\u00e7ar a experi\u00eancia e o hist\u00f3rico de sucessos da Comau. A eletrifica\u00e7\u00e3o ainda \u00e9 um novo campo, no qual ser bom \u00e9 apenas o primeiro passo. \u00c9 por isso que alavancamos o DNA da Comau e a abordagem orientada a equipes para [&hellip;]\" \/>\n<meta property=\"og:url\" content=\"https:\/\/www.comau.com\/pt-br\/competencies\/electromobility\/real-solutions-for-real-projects\/\" \/>\n<meta property=\"og:site_name\" content=\"Comau\" \/>\n<meta property=\"article:publisher\" content=\"https:\/\/www.facebook.com\/COMAU\/\" \/>\n<meta property=\"article:modified_time\" content=\"2023-02-17T13:53:02+00:00\" \/>\n<meta property=\"og:image\" content=\"https:\/\/www.comau.com\/wp-content\/uploads\/2021\/06\/emobility_header2.png\" \/>\n\t<meta property=\"og:image:width\" content=\"1280\" \/>\n\t<meta property=\"og:image:height\" content=\"485\" \/>\n\t<meta property=\"og:image:type\" content=\"image\/png\" \/>\n<meta name=\"twitter:card\" content=\"summary_large_image\" \/>\n<meta name=\"twitter:site\" content=\"@comaugroup\" \/>\n<meta name=\"twitter:label1\" content=\"Est. tempo de leitura\" \/>\n\t<meta name=\"twitter:data1\" content=\"3 minutos\" \/>\n<script type=\"application\/ld+json\" class=\"yoast-schema-graph\">{\"@context\":\"https:\/\/schema.org\",\"@graph\":[{\"@type\":\"WebPage\",\"@id\":\"https:\/\/www.comau.com\/pt-br\/competencies\/electromobility\/real-solutions-for-real-projects\/\",\"url\":\"https:\/\/www.comau.com\/pt-br\/competencies\/electromobility\/real-solutions-for-real-projects\/\",\"name\":\"Solu\u00e7\u00f5es reais para projetos reais - Comau\",\"isPartOf\":{\"@id\":\"https:\/\/www.comau.com\/pt-br\/#website\"},\"primaryImageOfPage\":{\"@id\":\"https:\/\/www.comau.com\/pt-br\/competencies\/electromobility\/real-solutions-for-real-projects\/#primaryimage\"},\"image\":{\"@id\":\"https:\/\/www.comau.com\/pt-br\/competencies\/electromobility\/real-solutions-for-real-projects\/#primaryimage\"},\"thumbnailUrl\":\"https:\/\/www.comau.com\/wp-content\/uploads\/2021\/06\/emobility_header2.png\",\"datePublished\":\"2022-05-13T07:44:44+00:00\",\"dateModified\":\"2023-02-17T13:53:02+00:00\",\"breadcrumb\":{\"@id\":\"https:\/\/www.comau.com\/pt-br\/competencies\/electromobility\/real-solutions-for-real-projects\/#breadcrumb\"},\"inLanguage\":\"pt-BR\",\"potentialAction\":[{\"@type\":\"ReadAction\",\"target\":[\"https:\/\/www.comau.com\/pt-br\/competencies\/electromobility\/real-solutions-for-real-projects\/\"]}]},{\"@type\":\"ImageObject\",\"inLanguage\":\"pt-BR\",\"@id\":\"https:\/\/www.comau.com\/pt-br\/competencies\/electromobility\/real-solutions-for-real-projects\/#primaryimage\",\"url\":\"https:\/\/www.comau.com\/wp-content\/uploads\/2021\/06\/emobility_header2.png\",\"contentUrl\":\"https:\/\/www.comau.com\/wp-content\/uploads\/2021\/06\/emobility_header2.png\",\"width\":1280,\"height\":485},{\"@type\":\"BreadcrumbList\",\"@id\":\"https:\/\/www.comau.com\/pt-br\/competencies\/electromobility\/real-solutions-for-real-projects\/#breadcrumb\",\"itemListElement\":[{\"@type\":\"ListItem\",\"position\":1,\"name\":\"Home\",\"item\":\"https:\/\/www.comau.com\/pt-br\/\"},{\"@type\":\"ListItem\",\"position\":2,\"name\":\"Nossas Compet\u00eancias\",\"item\":\"https:\/\/www.comau.com\/pt-br\/competencies\/\"},{\"@type\":\"ListItem\",\"position\":3,\"name\":\"Electromobility\",\"item\":\"https:\/\/www.comau.com\/pt-br\/competencies\/electromobility\/\"},{\"@type\":\"ListItem\",\"position\":4,\"name\":\"Solu\u00e7\u00f5es reais para projetos reais\"}]},{\"@type\":\"WebSite\",\"@id\":\"https:\/\/www.comau.com\/pt-br\/#website\",\"url\":\"https:\/\/www.comau.com\/pt-br\/\",\"name\":\"Comau\",\"description\":\"Industrial automation and robotics\",\"publisher\":{\"@id\":\"https:\/\/www.comau.com\/pt-br\/#organization\"},\"potentialAction\":[{\"@type\":\"SearchAction\",\"target\":{\"@type\":\"EntryPoint\",\"urlTemplate\":\"https:\/\/www.comau.com\/pt-br\/?s={search_term_string}\"},\"query-input\":{\"@type\":\"PropertyValueSpecification\",\"valueRequired\":true,\"valueName\":\"search_term_string\"}}],\"inLanguage\":\"pt-BR\"},{\"@type\":\"Organization\",\"@id\":\"https:\/\/www.comau.com\/pt-br\/#organization\",\"name\":\"Comau\",\"url\":\"https:\/\/www.comau.com\/pt-br\/\",\"logo\":{\"@type\":\"ImageObject\",\"inLanguage\":\"pt-BR\",\"@id\":\"https:\/\/www.comau.com\/pt-br\/#\/schema\/logo\/image\/\",\"url\":\"https:\/\/www.comau.com\/wp-content\/uploads\/2024\/07\/cropped-Logo-COMAU.png\",\"contentUrl\":\"https:\/\/www.comau.com\/wp-content\/uploads\/2024\/07\/cropped-Logo-COMAU.png\",\"width\":434,\"height\":434,\"caption\":\"Comau\"},\"image\":{\"@id\":\"https:\/\/www.comau.com\/pt-br\/#\/schema\/logo\/image\/\"},\"sameAs\":[\"https:\/\/www.facebook.com\/COMAU\/\",\"https:\/\/x.com\/comaugroup\",\"https:\/\/www.instagram.com\/comaugroup\/\",\"https:\/\/www.linkedin.com\/company\/comau\",\"https:\/\/www.youtube.com\/user\/comau\"]}]}<\/script>\n<!-- \/ Yoast SEO plugin. -->","yoast_head_json":{"title":"Solu\u00e7\u00f5es reais para projetos reais - Comau","robots":{"index":"index","follow":"follow","max-snippet":"max-snippet:-1","max-image-preview":"max-image-preview:large","max-video-preview":"max-video-preview:-1"},"canonical":"https:\/\/www.comau.com\/pt-br\/competencies\/electromobility\/real-solutions-for-real-projects\/","og_locale":"pt_BR","og_type":"article","og_title":"Solu\u00e7\u00f5es reais para projetos reais - Comau","og_description":"Ser bom n\u00e3o \u00e9 o bastante Quando se fala em automa\u00e7\u00e3o, poucos podem alcan\u00e7ar a experi\u00eancia e o hist\u00f3rico de sucessos da Comau. A eletrifica\u00e7\u00e3o ainda \u00e9 um novo campo, no qual ser bom \u00e9 apenas o primeiro passo. \u00c9 por isso que alavancamos o DNA da Comau e a abordagem orientada a equipes para [&hellip;]","og_url":"https:\/\/www.comau.com\/pt-br\/competencies\/electromobility\/real-solutions-for-real-projects\/","og_site_name":"Comau","article_publisher":"https:\/\/www.facebook.com\/COMAU\/","article_modified_time":"2023-02-17T13:53:02+00:00","og_image":[{"width":1280,"height":485,"url":"https:\/\/www.comau.com\/wp-content\/uploads\/2021\/06\/emobility_header2.png","type":"image\/png"}],"twitter_card":"summary_large_image","twitter_site":"@comaugroup","twitter_misc":{"Est. tempo de leitura":"3 minutos"},"schema":{"@context":"https:\/\/schema.org","@graph":[{"@type":"WebPage","@id":"https:\/\/www.comau.com\/pt-br\/competencies\/electromobility\/real-solutions-for-real-projects\/","url":"https:\/\/www.comau.com\/pt-br\/competencies\/electromobility\/real-solutions-for-real-projects\/","name":"Solu\u00e7\u00f5es reais para projetos reais - Comau","isPartOf":{"@id":"https:\/\/www.comau.com\/pt-br\/#website"},"primaryImageOfPage":{"@id":"https:\/\/www.comau.com\/pt-br\/competencies\/electromobility\/real-solutions-for-real-projects\/#primaryimage"},"image":{"@id":"https:\/\/www.comau.com\/pt-br\/competencies\/electromobility\/real-solutions-for-real-projects\/#primaryimage"},"thumbnailUrl":"https:\/\/www.comau.com\/wp-content\/uploads\/2021\/06\/emobility_header2.png","datePublished":"2022-05-13T07:44:44+00:00","dateModified":"2023-02-17T13:53:02+00:00","breadcrumb":{"@id":"https:\/\/www.comau.com\/pt-br\/competencies\/electromobility\/real-solutions-for-real-projects\/#breadcrumb"},"inLanguage":"pt-BR","potentialAction":[{"@type":"ReadAction","target":["https:\/\/www.comau.com\/pt-br\/competencies\/electromobility\/real-solutions-for-real-projects\/"]}]},{"@type":"ImageObject","inLanguage":"pt-BR","@id":"https:\/\/www.comau.com\/pt-br\/competencies\/electromobility\/real-solutions-for-real-projects\/#primaryimage","url":"https:\/\/www.comau.com\/wp-content\/uploads\/2021\/06\/emobility_header2.png","contentUrl":"https:\/\/www.comau.com\/wp-content\/uploads\/2021\/06\/emobility_header2.png","width":1280,"height":485},{"@type":"BreadcrumbList","@id":"https:\/\/www.comau.com\/pt-br\/competencies\/electromobility\/real-solutions-for-real-projects\/#breadcrumb","itemListElement":[{"@type":"ListItem","position":1,"name":"Home","item":"https:\/\/www.comau.com\/pt-br\/"},{"@type":"ListItem","position":2,"name":"Nossas Compet\u00eancias","item":"https:\/\/www.comau.com\/pt-br\/competencies\/"},{"@type":"ListItem","position":3,"name":"Electromobility","item":"https:\/\/www.comau.com\/pt-br\/competencies\/electromobility\/"},{"@type":"ListItem","position":4,"name":"Solu\u00e7\u00f5es reais para projetos reais"}]},{"@type":"WebSite","@id":"https:\/\/www.comau.com\/pt-br\/#website","url":"https:\/\/www.comau.com\/pt-br\/","name":"Comau","description":"Industrial automation and robotics","publisher":{"@id":"https:\/\/www.comau.com\/pt-br\/#organization"},"potentialAction":[{"@type":"SearchAction","target":{"@type":"EntryPoint","urlTemplate":"https:\/\/www.comau.com\/pt-br\/?s={search_term_string}"},"query-input":{"@type":"PropertyValueSpecification","valueRequired":true,"valueName":"search_term_string"}}],"inLanguage":"pt-BR"},{"@type":"Organization","@id":"https:\/\/www.comau.com\/pt-br\/#organization","name":"Comau","url":"https:\/\/www.comau.com\/pt-br\/","logo":{"@type":"ImageObject","inLanguage":"pt-BR","@id":"https:\/\/www.comau.com\/pt-br\/#\/schema\/logo\/image\/","url":"https:\/\/www.comau.com\/wp-content\/uploads\/2024\/07\/cropped-Logo-COMAU.png","contentUrl":"https:\/\/www.comau.com\/wp-content\/uploads\/2024\/07\/cropped-Logo-COMAU.png","width":434,"height":434,"caption":"Comau"},"image":{"@id":"https:\/\/www.comau.com\/pt-br\/#\/schema\/logo\/image\/"},"sameAs":["https:\/\/www.facebook.com\/COMAU\/","https:\/\/x.com\/comaugroup","https:\/\/www.instagram.com\/comaugroup\/","https:\/\/www.linkedin.com\/company\/comau","https:\/\/www.youtube.com\/user\/comau"]}]}},"_links":{"self":[{"href":"https:\/\/www.comau.com\/pt-br\/wp-json\/wp\/v2\/pages\/6179","targetHints":{"allow":["GET"]}}],"collection":[{"href":"https:\/\/www.comau.com\/pt-br\/wp-json\/wp\/v2\/pages"}],"about":[{"href":"https:\/\/www.comau.com\/pt-br\/wp-json\/wp\/v2\/types\/page"}],"author":[{"embeddable":true,"href":"https:\/\/www.comau.com\/pt-br\/wp-json\/wp\/v2\/users\/11"}],"replies":[{"embeddable":true,"href":"https:\/\/www.comau.com\/pt-br\/wp-json\/wp\/v2\/comments?post=6179"}],"version-history":[{"count":23,"href":"https:\/\/www.comau.com\/pt-br\/wp-json\/wp\/v2\/pages\/6179\/revisions"}],"predecessor-version":[{"id":50536,"href":"https:\/\/www.comau.com\/pt-br\/wp-json\/wp\/v2\/pages\/6179\/revisions\/50536"}],"up":[{"embeddable":true,"href":"https:\/\/www.comau.com\/pt-br\/wp-json\/wp\/v2\/pages\/6169"}],"wp:featuredmedia":[{"embeddable":true,"href":"https:\/\/www.comau.com\/pt-br\/wp-json\/wp\/v2\/media\/5971"}],"wp:attachment":[{"href":"https:\/\/www.comau.com\/pt-br\/wp-json\/wp\/v2\/media?parent=6179"}],"curies":[{"name":"wp","href":"https:\/\/api.w.org\/{rel}","templated":true}]}}