{"id":6169,"date":"2021-07-01T00:04:28","date_gmt":"2021-06-30T22:04:28","guid":{"rendered":"https:\/\/www.comau.com\/?page_id=6169"},"modified":"2022-03-28T10:33:27","modified_gmt":"2022-03-28T08:33:27","slug":"electromobility","status":"publish","type":"page","link":"https:\/\/www.comau.com\/pt-br\/competencies\/electromobility\/","title":{"rendered":"Electromobility"},"content":{"rendered":"\n<h2 class=\"wp-block-heading\" id=\"know-how-agora-mesmo\">Know-how agora mesmo<\/h2>\n\n\n\n<p>Nossa especializa\u00e7\u00e3o comprovada no campo em automa\u00e7\u00e3o, digitaliza\u00e7\u00e3o e tecnologias inteligentes cobre a cadeia de valor inteira da eletrifica\u00e7\u00e3o, com a utiliza\u00e7\u00e3o de um conjunto exclusivo de compet\u00eancias que derivam da experi\u00eancia pr\u00e1tica em dezenas de projetos executados em n\u00edvel global. Estamos ajudando empresas emergentes e j\u00e1 estabelecidas a come\u00e7ar e desenvolver seus passos em eletrifica\u00e7\u00e3o. E o que \u00e9 mais importante, nossa cultura de excel\u00eancia inovadora nos permite projetar solu\u00e7\u00f5es sob medida, concretas e sustent\u00e1veis, que ajudar\u00e3o voc\u00ea a acelerar rapidamente o seu neg\u00f3cio.<\/p>\n\n\n\n\n\n<h2 class=\"wp-block-heading\" id=\"inovacao-no-projeto\">Inova\u00e7\u00e3o no projeto<\/h2>\n\n\n\n<p>\u200bAl\u00e9m das solu\u00e7\u00f5es comprovadas no campo e a tecnologia propriet\u00e1ria, nos especializamos em ajudar a descobrir suas necessidades, determinando quais n\u00e3o est\u00e3o satisfeitas e, em seguida, projetar solu\u00e7\u00f5es de automa\u00e7\u00e3o sustent\u00e1veis, concretas e de valor agregado para resolv\u00ea-las. Ajudando voc\u00ea a desenvolver suas ideias, a Comau se transforma em um catalisador para o sucesso de projetos revolucion\u00e1rios.<\/p>\n\n\n\n<figure class=\"wp-block-embed is-type-video is-provider-youtube wp-block-embed-youtube wp-embed-aspect-16-9 wp-has-aspect-ratio\"><div class=\"wp-block-embed__wrapper\">\n<iframe title=\"Know How Right Now\" width=\"640\" height=\"360\" src=\"https:\/\/www.youtube.com\/embed\/3Wk4GSaRjGE?feature=oembed\" frameborder=\"0\" allow=\"accelerometer; autoplay; clipboard-write; encrypted-media; gyroscope; picture-in-picture; web-share\" referrerpolicy=\"strict-origin-when-cross-origin\" allowfullscreen><\/iframe>\n<\/div><\/figure>\n\n\n\n<h2 class=\"wp-block-heading\" id=\"sistemas-flexiveis\">Sistemas flex\u00edveis<\/h2>\n\n\n\n<p>Quando a previsibilidade do mercado \u00e9 baixa e o tempo at\u00e9 o mercado conta, a alta padroniza\u00e7\u00e3o e a elevada capacidade de reutiliza\u00e7\u00e3o de nossas solu\u00e7\u00f5es de fabrica\u00e7\u00e3o flex\u00edveis e baseadas em arqu\u00e9tipos oferecem a voc\u00ea uma vantagem competitiva. Com uma abordagem de blocos de constru\u00e7\u00e3o para a escalabilidade projetada, ajudamos voc\u00ea a satisfazer, de maneira economicamente compensadora, as demandas vari\u00e1veis do mercado de eletrifica\u00e7\u00e3o em um cronograma altamente competitivo. Al\u00e9m disso, entendemos que a flexibilidade e a adaptabilidade dentro de nosso ambiente de produ\u00e7\u00e3o \u00e9 um fator-chave para o sucesso, raz\u00e3o pela qual nos posicionamos com exclusividade para responder \u00e0s suas necessidades atuais e futuras com solu\u00e7\u00f5es confi\u00e1veis.<\/p>\n\n\n\n<ul class=\"wp-block-list\"><li>Sistemas enxutos de usinagem e montagem modulares e escal\u00e1veis<\/li><li>Tecnologias de processo<\/li><li>Produtos padr\u00e3o Comau<\/li><li>Solu\u00e7\u00f5es digitais e arquiteturas Industry 4.0<\/li><li>Solu\u00e7\u00f5es log\u00edsticas integradas<\/li><\/ul>\n\n\n\n<h2 class=\"wp-block-heading\" id=\"solucoes-reais-para-projetos-reais\">Solu\u00e7\u00f5es reais para projetos reais<\/h2>\n\n\n\n<p>\u200bComo cada cliente tem necessidades diferentes, nossa equipe de engenharia trabalha estreitamente com voc\u00ea para identificar a melhor solu\u00e7\u00e3o de produto e de processo para o projeto em quest\u00e3o. Esta abordagem nos permite dar sentido e m\u00e9todo a um mundo da eletrifica\u00e7\u00e3o em r\u00e1pida evolu\u00e7\u00e3o, criando solu\u00e7\u00f5es avan\u00e7adas, recursos sob medida e novas tecnologias com uma abordagem centrada na inova\u00e7\u00e3o.<\/p>\n\n\n\n<div class=\"wp-block-buttons is-layout-flex wp-block-buttons-is-layout-flex\">\n<div class=\"wp-block-button\"><a class=\"wp-block-button__link\" href=\"https:\/\/www.comau.com\/en\/our-offer\/systems\/battery-manufacturing-and-assembly\/electromobility\/real-solutions-for-real-projects\/\">Descubra mais<\/a><\/div>\n<\/div>\n\n\n\n<h2 class=\"wp-block-heading\" id=\"fornecedor-unico\">Fornecedor \u00fanico<\/h2>\n\n\n\n<p>Como seu parceiro em eletrifica\u00e7\u00e3o, atuamos como um parceiro chave-na-m\u00e3o para harmonizar a colabora\u00e7\u00e3o entre especialistas, empresas de tecnologia e integradores de sistemas e colocar sobre a mesa inova\u00e7\u00f5es e novos processos. De fontes de energia ao armazenamento e \u00e0 transforma\u00e7\u00e3o, cobrimos tudo que voc\u00ea precisa.<\/p>\n\n\n\n<h2 class=\"wp-block-heading\" id=\"ofertas-totalmente-integradas\">Ofertas totalmente integradas<\/h2>\n\n\n\n<div class=\"wp-block-columns columns-bg-dark is-layout-flex wp-container-core-columns-is-layout-9d6595d7 wp-block-columns-is-layout-flex\">\n<div class=\"wp-block-column is-layout-flow wp-block-column-is-layout-flow\">\n<h3 class=\"wp-block-heading\" id=\"celulas-de-fabricacao-de-baterias\">C\u00e9lulas de fabrica\u00e7\u00e3o de baterias<\/h3>\n\n\n\n<p>Ajudamos voc\u00ea a passar rapidamente dos processos de prototipagem e valida\u00e7\u00e3o \u00e0 industrializa\u00e7\u00e3o completa. Confie em nossos sistemas de montagem comprovados no campo para grupos e m\u00f3dulos de bateria para acelerar seu tempo at\u00e9 o mercado. <\/p>\n\n\n\n<div class=\"wp-block-buttons is-layout-flex wp-block-buttons-is-layout-flex\">\n<div class=\"wp-block-button\"><a class=\"wp-block-button__link\" href=\"https:\/\/www.comau.com\/pt-br\/competencies\/electromobility\/battery-manufacturing\/\">Saiba mais<\/a><\/div>\n<\/div>\n<\/div>\n\n\n\n<div class=\"wp-block-column is-layout-flow wp-block-column-is-layout-flow\">\n<h3 class=\"wp-block-heading\" id=\"fabricacao-de-tracao-eletrica\">Fabrica\u00e7\u00e3o de tra\u00e7\u00e3o el\u00e9trica<\/h3>\n\n\n\n<p>Fornecemos sistemas potentes para o trem de for\u00e7a inteiro, da montagem e balanceamento at\u00e9 a usinagem, montagem e testes completos de motores el\u00e9tricos e transmiss\u00f5es el\u00e9tricas.<\/p>\n\n\n\n<div class=\"wp-block-buttons is-layout-flex wp-block-buttons-is-layout-flex\">\n<div class=\"wp-block-button\"><a class=\"wp-block-button__link\" href=\"https:\/\/www.comau.com\/pt-br\/competencies\/electromobility\/e-drives-and-transmission-assembly\/\">Saiba mais<\/a><\/div>\n<\/div>\n<\/div>\n<\/div>\n","protected":false},"excerpt":{"rendered":"<p>Know-how agora mesmo Nossa especializa\u00e7\u00e3o comprovada no campo em automa\u00e7\u00e3o, digitaliza\u00e7\u00e3o e tecnologias inteligentes cobre a cadeia de valor inteira da eletrifica\u00e7\u00e3o, com a utiliza\u00e7\u00e3o de um conjunto exclusivo de compet\u00eancias que derivam da experi\u00eancia pr\u00e1tica em dezenas de projetos executados em n\u00edvel global. Estamos ajudando empresas emergentes e j\u00e1 estabelecidas a come\u00e7ar e desenvolver [&hellip;]<\/p>\n","protected":false},"author":11,"featured_media":5971,"parent":4801,"menu_order":4,"comment_status":"closed","ping_status":"closed","template":"","meta":{"_acf_changed":false,"ep_exclude_from_search":false,"footnotes":""},"class_list":["post-6169","page","type-page","status-publish","has-post-thumbnail","hentry"],"acf":[],"yoast_head":"<!-- This site is optimized with the Yoast SEO plugin v26.9 - https:\/\/yoast.com\/product\/yoast-seo-wordpress\/ -->\n<title>Mobilidade el\u00e9trica: eMobility e automa\u00e7\u00e3o el\u00e9trica | Comau<\/title>\n<meta name=\"description\" content=\"Conhe\u00e7a as solu\u00e7\u00f5es Comau no sector autom\u00f3vel para a mobilidade el\u00e9trica e automa\u00e7\u00e3o el\u00e9trica. A eMobility est\u00e1 a mudar o mundo e n\u00f3s fazemos parte da mudan\u00e7a.\" \/>\n<meta name=\"robots\" content=\"index, follow, max-snippet:-1, max-image-preview:large, max-video-preview:-1\" \/>\n<link rel=\"canonical\" href=\"https:\/\/www.comau.com\/pt-br\/competencies\/electromobility\/\" \/>\n<meta property=\"og:locale\" content=\"pt_BR\" \/>\n<meta property=\"og:type\" content=\"article\" \/>\n<meta property=\"og:title\" content=\"Mobilidade el\u00e9trica: eMobility e automa\u00e7\u00e3o el\u00e9trica | Comau\" \/>\n<meta property=\"og:description\" content=\"Conhe\u00e7a as solu\u00e7\u00f5es Comau no sector autom\u00f3vel para a mobilidade el\u00e9trica e automa\u00e7\u00e3o el\u00e9trica. A eMobility est\u00e1 a mudar o mundo e n\u00f3s fazemos parte da mudan\u00e7a.\" \/>\n<meta property=\"og:url\" content=\"https:\/\/www.comau.com\/pt-br\/competencies\/electromobility\/\" \/>\n<meta property=\"og:site_name\" content=\"Comau\" \/>\n<meta property=\"article:publisher\" content=\"https:\/\/www.facebook.com\/COMAU\/\" \/>\n<meta property=\"article:modified_time\" content=\"2022-03-28T08:33:27+00:00\" \/>\n<meta property=\"og:image\" content=\"https:\/\/www.comau.com\/wp-content\/uploads\/2021\/06\/emobility_header2.png\" \/>\n\t<meta property=\"og:image:width\" content=\"1280\" \/>\n\t<meta property=\"og:image:height\" content=\"485\" \/>\n\t<meta property=\"og:image:type\" content=\"image\/png\" \/>\n<meta name=\"twitter:card\" content=\"summary_large_image\" \/>\n<meta name=\"twitter:site\" content=\"@comaugroup\" \/>\n<meta name=\"twitter:label1\" content=\"Est. tempo de leitura\" \/>\n\t<meta name=\"twitter:data1\" content=\"3 minutos\" \/>\n<script type=\"application\/ld+json\" class=\"yoast-schema-graph\">{\"@context\":\"https:\/\/schema.org\",\"@graph\":[{\"@type\":\"WebPage\",\"@id\":\"https:\/\/www.comau.com\/pt-br\/competencies\/electromobility\/\",\"url\":\"https:\/\/www.comau.com\/pt-br\/competencies\/electromobility\/\",\"name\":\"Mobilidade el\u00e9trica: eMobility e automa\u00e7\u00e3o el\u00e9trica | Comau\",\"isPartOf\":{\"@id\":\"https:\/\/www.comau.com\/pt-br\/#website\"},\"primaryImageOfPage\":{\"@id\":\"https:\/\/www.comau.com\/pt-br\/competencies\/electromobility\/#primaryimage\"},\"image\":{\"@id\":\"https:\/\/www.comau.com\/pt-br\/competencies\/electromobility\/#primaryimage\"},\"thumbnailUrl\":\"https:\/\/www.comau.com\/wp-content\/uploads\/2021\/06\/emobility_header2.png\",\"datePublished\":\"2021-06-30T22:04:28+00:00\",\"dateModified\":\"2022-03-28T08:33:27+00:00\",\"description\":\"Conhe\u00e7a as solu\u00e7\u00f5es Comau no sector autom\u00f3vel para a mobilidade el\u00e9trica e automa\u00e7\u00e3o el\u00e9trica. A eMobility est\u00e1 a mudar o mundo e n\u00f3s fazemos parte da mudan\u00e7a.\",\"breadcrumb\":{\"@id\":\"https:\/\/www.comau.com\/pt-br\/competencies\/electromobility\/#breadcrumb\"},\"inLanguage\":\"pt-BR\",\"potentialAction\":[{\"@type\":\"ReadAction\",\"target\":[\"https:\/\/www.comau.com\/pt-br\/competencies\/electromobility\/\"]}]},{\"@type\":\"ImageObject\",\"inLanguage\":\"pt-BR\",\"@id\":\"https:\/\/www.comau.com\/pt-br\/competencies\/electromobility\/#primaryimage\",\"url\":\"https:\/\/www.comau.com\/wp-content\/uploads\/2021\/06\/emobility_header2.png\",\"contentUrl\":\"https:\/\/www.comau.com\/wp-content\/uploads\/2021\/06\/emobility_header2.png\",\"width\":1280,\"height\":485},{\"@type\":\"BreadcrumbList\",\"@id\":\"https:\/\/www.comau.com\/pt-br\/competencies\/electromobility\/#breadcrumb\",\"itemListElement\":[{\"@type\":\"ListItem\",\"position\":1,\"name\":\"Home\",\"item\":\"https:\/\/www.comau.com\/pt-br\/\"},{\"@type\":\"ListItem\",\"position\":2,\"name\":\"Nossas Compet\u00eancias\",\"item\":\"https:\/\/www.comau.com\/pt-br\/competencies\/\"},{\"@type\":\"ListItem\",\"position\":3,\"name\":\"Electromobility\"}]},{\"@type\":\"WebSite\",\"@id\":\"https:\/\/www.comau.com\/pt-br\/#website\",\"url\":\"https:\/\/www.comau.com\/pt-br\/\",\"name\":\"Comau\",\"description\":\"Industrial automation and robotics\",\"publisher\":{\"@id\":\"https:\/\/www.comau.com\/pt-br\/#organization\"},\"potentialAction\":[{\"@type\":\"SearchAction\",\"target\":{\"@type\":\"EntryPoint\",\"urlTemplate\":\"https:\/\/www.comau.com\/pt-br\/?s={search_term_string}\"},\"query-input\":{\"@type\":\"PropertyValueSpecification\",\"valueRequired\":true,\"valueName\":\"search_term_string\"}}],\"inLanguage\":\"pt-BR\"},{\"@type\":\"Organization\",\"@id\":\"https:\/\/www.comau.com\/pt-br\/#organization\",\"name\":\"Comau\",\"url\":\"https:\/\/www.comau.com\/pt-br\/\",\"logo\":{\"@type\":\"ImageObject\",\"inLanguage\":\"pt-BR\",\"@id\":\"https:\/\/www.comau.com\/pt-br\/#\/schema\/logo\/image\/\",\"url\":\"https:\/\/www.comau.com\/wp-content\/uploads\/2024\/07\/cropped-Logo-COMAU.png\",\"contentUrl\":\"https:\/\/www.comau.com\/wp-content\/uploads\/2024\/07\/cropped-Logo-COMAU.png\",\"width\":434,\"height\":434,\"caption\":\"Comau\"},\"image\":{\"@id\":\"https:\/\/www.comau.com\/pt-br\/#\/schema\/logo\/image\/\"},\"sameAs\":[\"https:\/\/www.facebook.com\/COMAU\/\",\"https:\/\/x.com\/comaugroup\",\"https:\/\/www.instagram.com\/comaugroup\/\",\"https:\/\/www.linkedin.com\/company\/comau\",\"https:\/\/www.youtube.com\/user\/comau\"]}]}<\/script>\n<!-- \/ Yoast SEO plugin. -->","yoast_head_json":{"title":"Mobilidade el\u00e9trica: eMobility e automa\u00e7\u00e3o el\u00e9trica | Comau","description":"Conhe\u00e7a as solu\u00e7\u00f5es Comau no sector autom\u00f3vel para a mobilidade el\u00e9trica e automa\u00e7\u00e3o el\u00e9trica. A eMobility est\u00e1 a mudar o mundo e n\u00f3s fazemos parte da mudan\u00e7a.","robots":{"index":"index","follow":"follow","max-snippet":"max-snippet:-1","max-image-preview":"max-image-preview:large","max-video-preview":"max-video-preview:-1"},"canonical":"https:\/\/www.comau.com\/pt-br\/competencies\/electromobility\/","og_locale":"pt_BR","og_type":"article","og_title":"Mobilidade el\u00e9trica: eMobility e automa\u00e7\u00e3o el\u00e9trica | Comau","og_description":"Conhe\u00e7a as solu\u00e7\u00f5es Comau no sector autom\u00f3vel para a mobilidade el\u00e9trica e automa\u00e7\u00e3o el\u00e9trica. A eMobility est\u00e1 a mudar o mundo e n\u00f3s fazemos parte da mudan\u00e7a.","og_url":"https:\/\/www.comau.com\/pt-br\/competencies\/electromobility\/","og_site_name":"Comau","article_publisher":"https:\/\/www.facebook.com\/COMAU\/","article_modified_time":"2022-03-28T08:33:27+00:00","og_image":[{"width":1280,"height":485,"url":"https:\/\/www.comau.com\/wp-content\/uploads\/2021\/06\/emobility_header2.png","type":"image\/png"}],"twitter_card":"summary_large_image","twitter_site":"@comaugroup","twitter_misc":{"Est. tempo de leitura":"3 minutos"},"schema":{"@context":"https:\/\/schema.org","@graph":[{"@type":"WebPage","@id":"https:\/\/www.comau.com\/pt-br\/competencies\/electromobility\/","url":"https:\/\/www.comau.com\/pt-br\/competencies\/electromobility\/","name":"Mobilidade el\u00e9trica: eMobility e automa\u00e7\u00e3o el\u00e9trica | Comau","isPartOf":{"@id":"https:\/\/www.comau.com\/pt-br\/#website"},"primaryImageOfPage":{"@id":"https:\/\/www.comau.com\/pt-br\/competencies\/electromobility\/#primaryimage"},"image":{"@id":"https:\/\/www.comau.com\/pt-br\/competencies\/electromobility\/#primaryimage"},"thumbnailUrl":"https:\/\/www.comau.com\/wp-content\/uploads\/2021\/06\/emobility_header2.png","datePublished":"2021-06-30T22:04:28+00:00","dateModified":"2022-03-28T08:33:27+00:00","description":"Conhe\u00e7a as solu\u00e7\u00f5es Comau no sector autom\u00f3vel para a mobilidade el\u00e9trica e automa\u00e7\u00e3o el\u00e9trica. A eMobility est\u00e1 a mudar o mundo e n\u00f3s fazemos parte da mudan\u00e7a.","breadcrumb":{"@id":"https:\/\/www.comau.com\/pt-br\/competencies\/electromobility\/#breadcrumb"},"inLanguage":"pt-BR","potentialAction":[{"@type":"ReadAction","target":["https:\/\/www.comau.com\/pt-br\/competencies\/electromobility\/"]}]},{"@type":"ImageObject","inLanguage":"pt-BR","@id":"https:\/\/www.comau.com\/pt-br\/competencies\/electromobility\/#primaryimage","url":"https:\/\/www.comau.com\/wp-content\/uploads\/2021\/06\/emobility_header2.png","contentUrl":"https:\/\/www.comau.com\/wp-content\/uploads\/2021\/06\/emobility_header2.png","width":1280,"height":485},{"@type":"BreadcrumbList","@id":"https:\/\/www.comau.com\/pt-br\/competencies\/electromobility\/#breadcrumb","itemListElement":[{"@type":"ListItem","position":1,"name":"Home","item":"https:\/\/www.comau.com\/pt-br\/"},{"@type":"ListItem","position":2,"name":"Nossas Compet\u00eancias","item":"https:\/\/www.comau.com\/pt-br\/competencies\/"},{"@type":"ListItem","position":3,"name":"Electromobility"}]},{"@type":"WebSite","@id":"https:\/\/www.comau.com\/pt-br\/#website","url":"https:\/\/www.comau.com\/pt-br\/","name":"Comau","description":"Industrial automation and robotics","publisher":{"@id":"https:\/\/www.comau.com\/pt-br\/#organization"},"potentialAction":[{"@type":"SearchAction","target":{"@type":"EntryPoint","urlTemplate":"https:\/\/www.comau.com\/pt-br\/?s={search_term_string}"},"query-input":{"@type":"PropertyValueSpecification","valueRequired":true,"valueName":"search_term_string"}}],"inLanguage":"pt-BR"},{"@type":"Organization","@id":"https:\/\/www.comau.com\/pt-br\/#organization","name":"Comau","url":"https:\/\/www.comau.com\/pt-br\/","logo":{"@type":"ImageObject","inLanguage":"pt-BR","@id":"https:\/\/www.comau.com\/pt-br\/#\/schema\/logo\/image\/","url":"https:\/\/www.comau.com\/wp-content\/uploads\/2024\/07\/cropped-Logo-COMAU.png","contentUrl":"https:\/\/www.comau.com\/wp-content\/uploads\/2024\/07\/cropped-Logo-COMAU.png","width":434,"height":434,"caption":"Comau"},"image":{"@id":"https:\/\/www.comau.com\/pt-br\/#\/schema\/logo\/image\/"},"sameAs":["https:\/\/www.facebook.com\/COMAU\/","https:\/\/x.com\/comaugroup","https:\/\/www.instagram.com\/comaugroup\/","https:\/\/www.linkedin.com\/company\/comau","https:\/\/www.youtube.com\/user\/comau"]}]}},"_links":{"self":[{"href":"https:\/\/www.comau.com\/pt-br\/wp-json\/wp\/v2\/pages\/6169","targetHints":{"allow":["GET"]}}],"collection":[{"href":"https:\/\/www.comau.com\/pt-br\/wp-json\/wp\/v2\/pages"}],"about":[{"href":"https:\/\/www.comau.com\/pt-br\/wp-json\/wp\/v2\/types\/page"}],"author":[{"embeddable":true,"href":"https:\/\/www.comau.com\/pt-br\/wp-json\/wp\/v2\/users\/11"}],"replies":[{"embeddable":true,"href":"https:\/\/www.comau.com\/pt-br\/wp-json\/wp\/v2\/comments?post=6169"}],"version-history":[{"count":37,"href":"https:\/\/www.comau.com\/pt-br\/wp-json\/wp\/v2\/pages\/6169\/revisions"}],"predecessor-version":[{"id":44111,"href":"https:\/\/www.comau.com\/pt-br\/wp-json\/wp\/v2\/pages\/6169\/revisions\/44111"}],"up":[{"embeddable":true,"href":"https:\/\/www.comau.com\/pt-br\/wp-json\/wp\/v2\/pages\/4801"}],"wp:featuredmedia":[{"embeddable":true,"href":"https:\/\/www.comau.com\/pt-br\/wp-json\/wp\/v2\/media\/5971"}],"wp:attachment":[{"href":"https:\/\/www.comau.com\/pt-br\/wp-json\/wp\/v2\/media?parent=6169"}],"curies":[{"name":"wp","href":"https:\/\/api.w.org\/{rel}","templated":true}]}}