{"id":6126,"date":"2021-07-01T01:10:46","date_gmt":"2021-06-30T23:10:46","guid":{"rendered":"https:\/\/www.comau.com\/?page_id=6126"},"modified":"2024-10-28T11:42:32","modified_gmt":"2024-10-28T10:42:32","slug":"after-sales","status":"publish","type":"page","link":"https:\/\/www.comau.com\/pt-br\/competencies\/services\/after-sales\/","title":{"rendered":"Servi\u00e7os P\u00f3s-venda"},"content":{"rendered":"\n<h2 class=\"wp-block-heading\">Nosso neg\u00f3cio \u00e9 cuidar de seu neg\u00f3cio<\/h2>\n\n\n\n<p>A satisfa\u00e7\u00e3o do cliente \u00e9 sempre a principal prioridade da estrat\u00e9gia da Comau Robotics.<\/p>\n\n\n\n<p>Fornecemos um servi\u00e7o r\u00e1pido e \ufb02ex\u00edvel perto dos clientes ao longo de todo o ciclo de vida de seus equipamentos. Oferecemos um portf\u00f3lio completo de servi\u00e7os para maximizar o desempenho das solu\u00e7\u00f5es da Comau.<\/p>\n\n\n\n<div class=\"wp-block-columns row-buttons is-layout-flex wp-container-core-columns-is-layout-9d6595d7 wp-block-columns-is-layout-flex\">\n<div class=\"wp-block-column is-layout-flow wp-block-column-is-layout-flow\" style=\"flex-basis:33.33%\">\n<div class=\"wp-block-getwid-toggle download-dropdown has-icon-left\">\n<div class=\"wp-block-getwid-toggle__row\"><div class=\"wp-block-getwid-toggle__header-wrapper\"><span class=\"wp-block-getwid-toggle__header\"><a href=\"#\"><span class=\"wp-block-getwid-toggle__header-title\">Download the brochure<\/span><span class=\"wp-block-getwid-toggle__icon is-active\"><i class=\"fas fa-plus\"><\/i><\/span><span class=\"wp-block-getwid-toggle__icon is-passive\"><i class=\"fas fa-minus\"><\/i><\/span><\/a><\/span><\/div><div class=\"wp-block-getwid-toggle__content-wrapper\"><div class=\"wp-block-getwid-toggle__content\">\n<div class=\"wp-block-getwid-button-group\"><div class=\"wp-block-getwid-button-group__wrapper\">\n<div class=\"wp-block-button\"><a class=\"wp-block-button__link\" href=\"https:\/\/www.comau.com\/wp-content\/uploads\/2021\/06\/Comau_Customer-Service_Brochure_EN.pdf\" target=\"_blank\" rel=\"noreferrer noopener\">Comau_Customer Service_Brochure_EN<\/a><\/div>\n\n\n\n<div class=\"wp-block-button\"><a class=\"wp-block-button__link\" href=\"https:\/\/www.comau.com\/wp-content\/uploads\/2021\/06\/Comau_Trainig-Catalogue_Brochure_EN.pdf\" target=\"_blank\" rel=\"noreferrer noopener\">Comau_Training Catalogue_Brochure_EN<\/a><\/div>\n<\/div><\/div>\n<\/div><\/div><\/div>\n<\/div>\n<\/div>\n\n\n\n<div class=\"wp-block-column is-layout-flow wp-block-column-is-layout-flow\" style=\"flex-basis:66.66%\">\n<div class=\"wp-block-buttons is-layout-flex wp-block-buttons-is-layout-flex\">\n<div class=\"wp-block-button\"><a class=\"wp-block-button__link\" href=\"https:\/\/www.comau.com\/en\/contact-us\/after-sales\/\">Descubra mais<\/a><\/div>\n<\/div>\n<\/div>\n<\/div>\n\n\n\n<h2 class=\"wp-block-heading\">Pe\u00e7as de reposi\u00e7\u00e3o e log\u00edstica<\/h2>\n\n\n\n<p>Consultoria profissional e solu\u00e7\u00f5es flex\u00edveis para sua log\u00edstica e estoque de pe\u00e7as de reposi\u00e7\u00e3o.<\/p>\n\n\n\n<p>Suporte e gerenciamento de pe\u00e7as, unidades de troca e reparos com um tempo de resposta confi\u00e1vel para garantir a continuidade da produ\u00e7\u00e3o.<\/p>\n\n\n\n<h2 class=\"wp-block-heading\">Assist\u00eancia t\u00e9cnica e contratos<\/h2>\n\n\n\n<p>Equipes locais para apoiar os clientes, proporcionar confiabilidade aos processos, melhorar o desempenho dos produtos e manter o valor dos investimentos.<\/p>\n\n\n\n<p>Suporte de Help Desk, diagn\u00f3sticos e an\u00e1lise de falhas remotos atrav\u00e9s de engenheiros altamente qualificados para apoiar a solu\u00e7\u00e3o de falhas e resolver situa\u00e7\u00f5es cr\u00edticas de emerg\u00eancia.<\/p>\n\n\n\n<p>Um portf\u00f3lio de solu\u00e7\u00f5es de contrato de servi\u00e7o para cobrir qualquer necessidade espec\u00edfica.<\/p>\n\n\n\n<h2 class=\"wp-block-heading\">Treinamento<\/h2>\n\n\n\n<p>Education and training with learning paths ranging from \u00abbasic\u00bb to \u00abadvanced\u00bb levels supplied at our Training Center, at the customer premises and with our new web-base interactive platform.<\/p>\n\n\n\n<p>A complete training catalogue including basic use and programming, advanced programming, diagnostics and maintenance, application packages and more.<\/p>\n\n\n\n<h2 class=\"wp-block-heading\">Servi\u00e7os avan\u00e7ados, recondicionamento e atualiza\u00e7\u00f5es<\/h2>\n\n\n\n<p>An\u00e1lise de necessidades do cliente e pacotes de melhoria de processos que combinam experi\u00eancia e conhecimentos com novas tecnologias para aumentar o desempenho dos sistemas ou reconfigurar os aplicativos existentes<\/p>\n\n\n\n<p><strong>Suporte de engenharia industrial, atualiza\u00e7\u00f5es, novas vers\u00f5es de software e renova\u00e7\u00e3o e recondicionamento de hardware.<\/strong>.<\/p>\n","protected":false},"excerpt":{"rendered":"<p>Nosso neg\u00f3cio \u00e9 cuidar de seu neg\u00f3cio A satisfa\u00e7\u00e3o do cliente \u00e9 sempre a principal prioridade da estrat\u00e9gia da Comau Robotics. Fornecemos um servi\u00e7o r\u00e1pido e \ufb02ex\u00edvel perto dos clientes ao longo de todo o ciclo de vida de seus equipamentos. Oferecemos um portf\u00f3lio completo de servi\u00e7os para maximizar o desempenho das solu\u00e7\u00f5es da Comau. [&hellip;]<\/p>\n","protected":false},"author":11,"featured_media":69174,"parent":65284,"menu_order":10,"comment_status":"closed","ping_status":"closed","template":"","meta":{"_acf_changed":false,"ep_exclude_from_search":false,"footnotes":""},"class_list":["post-6126","page","type-page","status-publish","has-post-thumbnail","hentry"],"acf":[],"yoast_head":"<!-- This site is optimized with the Yoast SEO plugin v26.9 - https:\/\/yoast.com\/product\/yoast-seo-wordpress\/ -->\n<title>Servi\u00e7os de automa\u00e7\u00e3o para empresas - Comau<\/title>\n<meta name=\"description\" content=\"Desde servi\u00e7os de suporte \u00e0 produ\u00e7\u00e3o at\u00e9 consultoria direcionada, a Comau \u00e9 capaz de melhorar os processos de produ\u00e7\u00e3o em qualquer setor.\" \/>\n<meta name=\"robots\" content=\"index, follow, max-snippet:-1, max-image-preview:large, max-video-preview:-1\" \/>\n<link rel=\"canonical\" href=\"https:\/\/www.comau.com\/pt-br\/competencies\/services\/after-sales\/\" \/>\n<meta property=\"og:locale\" content=\"pt_BR\" \/>\n<meta property=\"og:type\" content=\"article\" \/>\n<meta property=\"og:title\" content=\"Servi\u00e7os de automa\u00e7\u00e3o para empresas - Comau\" \/>\n<meta property=\"og:description\" content=\"Desde servi\u00e7os de suporte \u00e0 produ\u00e7\u00e3o at\u00e9 consultoria direcionada, a Comau \u00e9 capaz de melhorar os processos de produ\u00e7\u00e3o em qualquer setor.\" \/>\n<meta property=\"og:url\" content=\"https:\/\/www.comau.com\/pt-br\/competencies\/services\/after-sales\/\" \/>\n<meta property=\"og:site_name\" content=\"Comau\" \/>\n<meta property=\"article:publisher\" content=\"https:\/\/www.facebook.com\/COMAU\/\" \/>\n<meta property=\"article:modified_time\" content=\"2024-10-28T10:42:32+00:00\" \/>\n<meta property=\"og:image\" content=\"https:\/\/www.comau.com\/wp-content\/uploads\/2024\/10\/header-after-sales.jpeg\" \/>\n\t<meta property=\"og:image:width\" content=\"1425\" \/>\n\t<meta property=\"og:image:height\" content=\"450\" \/>\n\t<meta property=\"og:image:type\" content=\"image\/jpeg\" \/>\n<meta name=\"twitter:card\" content=\"summary_large_image\" \/>\n<meta name=\"twitter:site\" content=\"@comaugroup\" \/>\n<meta name=\"twitter:label1\" content=\"Est. tempo de leitura\" \/>\n\t<meta name=\"twitter:data1\" content=\"2 minutos\" \/>\n<script type=\"application\/ld+json\" class=\"yoast-schema-graph\">{\"@context\":\"https:\/\/schema.org\",\"@graph\":[{\"@type\":\"WebPage\",\"@id\":\"https:\/\/www.comau.com\/pt-br\/competencies\/services\/after-sales\/\",\"url\":\"https:\/\/www.comau.com\/pt-br\/competencies\/services\/after-sales\/\",\"name\":\"Servi\u00e7os de automa\u00e7\u00e3o para empresas - Comau\",\"isPartOf\":{\"@id\":\"https:\/\/www.comau.com\/pt-br\/#website\"},\"primaryImageOfPage\":{\"@id\":\"https:\/\/www.comau.com\/pt-br\/competencies\/services\/after-sales\/#primaryimage\"},\"image\":{\"@id\":\"https:\/\/www.comau.com\/pt-br\/competencies\/services\/after-sales\/#primaryimage\"},\"thumbnailUrl\":\"https:\/\/www.comau.com\/wp-content\/uploads\/2024\/10\/header-after-sales.jpeg\",\"datePublished\":\"2021-06-30T23:10:46+00:00\",\"dateModified\":\"2024-10-28T10:42:32+00:00\",\"description\":\"Desde servi\u00e7os de suporte \u00e0 produ\u00e7\u00e3o at\u00e9 consultoria direcionada, a Comau \u00e9 capaz de melhorar os processos de produ\u00e7\u00e3o em qualquer setor.\",\"breadcrumb\":{\"@id\":\"https:\/\/www.comau.com\/pt-br\/competencies\/services\/after-sales\/#breadcrumb\"},\"inLanguage\":\"pt-BR\",\"potentialAction\":[{\"@type\":\"ReadAction\",\"target\":[\"https:\/\/www.comau.com\/pt-br\/competencies\/services\/after-sales\/\"]}]},{\"@type\":\"ImageObject\",\"inLanguage\":\"pt-BR\",\"@id\":\"https:\/\/www.comau.com\/pt-br\/competencies\/services\/after-sales\/#primaryimage\",\"url\":\"https:\/\/www.comau.com\/wp-content\/uploads\/2024\/10\/header-after-sales.jpeg\",\"contentUrl\":\"https:\/\/www.comau.com\/wp-content\/uploads\/2024\/10\/header-after-sales.jpeg\",\"width\":1425,\"height\":450,\"caption\":\"man handling a robot controller\"},{\"@type\":\"BreadcrumbList\",\"@id\":\"https:\/\/www.comau.com\/pt-br\/competencies\/services\/after-sales\/#breadcrumb\",\"itemListElement\":[{\"@type\":\"ListItem\",\"position\":1,\"name\":\"Home\",\"item\":\"https:\/\/www.comau.com\/pt-br\/\"},{\"@type\":\"ListItem\",\"position\":2,\"name\":\"Nossas Compet\u00eancias\",\"item\":\"https:\/\/www.comau.com\/pt-br\/competencies\/\"},{\"@type\":\"ListItem\",\"position\":3,\"name\":\"Services\",\"item\":\"https:\/\/www.comau.com\/pt-br\/competencies\/services\/\"},{\"@type\":\"ListItem\",\"position\":4,\"name\":\"Servi\u00e7os P\u00f3s-venda\"}]},{\"@type\":\"WebSite\",\"@id\":\"https:\/\/www.comau.com\/pt-br\/#website\",\"url\":\"https:\/\/www.comau.com\/pt-br\/\",\"name\":\"Comau\",\"description\":\"Industrial automation and robotics\",\"publisher\":{\"@id\":\"https:\/\/www.comau.com\/pt-br\/#organization\"},\"potentialAction\":[{\"@type\":\"SearchAction\",\"target\":{\"@type\":\"EntryPoint\",\"urlTemplate\":\"https:\/\/www.comau.com\/pt-br\/?s={search_term_string}\"},\"query-input\":{\"@type\":\"PropertyValueSpecification\",\"valueRequired\":true,\"valueName\":\"search_term_string\"}}],\"inLanguage\":\"pt-BR\"},{\"@type\":\"Organization\",\"@id\":\"https:\/\/www.comau.com\/pt-br\/#organization\",\"name\":\"Comau\",\"url\":\"https:\/\/www.comau.com\/pt-br\/\",\"logo\":{\"@type\":\"ImageObject\",\"inLanguage\":\"pt-BR\",\"@id\":\"https:\/\/www.comau.com\/pt-br\/#\/schema\/logo\/image\/\",\"url\":\"https:\/\/www.comau.com\/wp-content\/uploads\/2024\/07\/cropped-Logo-COMAU.png\",\"contentUrl\":\"https:\/\/www.comau.com\/wp-content\/uploads\/2024\/07\/cropped-Logo-COMAU.png\",\"width\":434,\"height\":434,\"caption\":\"Comau\"},\"image\":{\"@id\":\"https:\/\/www.comau.com\/pt-br\/#\/schema\/logo\/image\/\"},\"sameAs\":[\"https:\/\/www.facebook.com\/COMAU\/\",\"https:\/\/x.com\/comaugroup\",\"https:\/\/www.instagram.com\/comaugroup\/\",\"https:\/\/www.linkedin.com\/company\/comau\",\"https:\/\/www.youtube.com\/user\/comau\"]}]}<\/script>\n<!-- \/ Yoast SEO plugin. -->","yoast_head_json":{"title":"Servi\u00e7os de automa\u00e7\u00e3o para empresas - Comau","description":"Desde servi\u00e7os de suporte \u00e0 produ\u00e7\u00e3o at\u00e9 consultoria direcionada, a Comau \u00e9 capaz de melhorar os processos de produ\u00e7\u00e3o em qualquer setor.","robots":{"index":"index","follow":"follow","max-snippet":"max-snippet:-1","max-image-preview":"max-image-preview:large","max-video-preview":"max-video-preview:-1"},"canonical":"https:\/\/www.comau.com\/pt-br\/competencies\/services\/after-sales\/","og_locale":"pt_BR","og_type":"article","og_title":"Servi\u00e7os de automa\u00e7\u00e3o para empresas - Comau","og_description":"Desde servi\u00e7os de suporte \u00e0 produ\u00e7\u00e3o at\u00e9 consultoria direcionada, a Comau \u00e9 capaz de melhorar os processos de produ\u00e7\u00e3o em qualquer setor.","og_url":"https:\/\/www.comau.com\/pt-br\/competencies\/services\/after-sales\/","og_site_name":"Comau","article_publisher":"https:\/\/www.facebook.com\/COMAU\/","article_modified_time":"2024-10-28T10:42:32+00:00","og_image":[{"width":1425,"height":450,"url":"https:\/\/www.comau.com\/wp-content\/uploads\/2024\/10\/header-after-sales.jpeg","type":"image\/jpeg"}],"twitter_card":"summary_large_image","twitter_site":"@comaugroup","twitter_misc":{"Est. tempo de leitura":"2 minutos"},"schema":{"@context":"https:\/\/schema.org","@graph":[{"@type":"WebPage","@id":"https:\/\/www.comau.com\/pt-br\/competencies\/services\/after-sales\/","url":"https:\/\/www.comau.com\/pt-br\/competencies\/services\/after-sales\/","name":"Servi\u00e7os de automa\u00e7\u00e3o para empresas - Comau","isPartOf":{"@id":"https:\/\/www.comau.com\/pt-br\/#website"},"primaryImageOfPage":{"@id":"https:\/\/www.comau.com\/pt-br\/competencies\/services\/after-sales\/#primaryimage"},"image":{"@id":"https:\/\/www.comau.com\/pt-br\/competencies\/services\/after-sales\/#primaryimage"},"thumbnailUrl":"https:\/\/www.comau.com\/wp-content\/uploads\/2024\/10\/header-after-sales.jpeg","datePublished":"2021-06-30T23:10:46+00:00","dateModified":"2024-10-28T10:42:32+00:00","description":"Desde servi\u00e7os de suporte \u00e0 produ\u00e7\u00e3o at\u00e9 consultoria direcionada, a Comau \u00e9 capaz de melhorar os processos de produ\u00e7\u00e3o em qualquer setor.","breadcrumb":{"@id":"https:\/\/www.comau.com\/pt-br\/competencies\/services\/after-sales\/#breadcrumb"},"inLanguage":"pt-BR","potentialAction":[{"@type":"ReadAction","target":["https:\/\/www.comau.com\/pt-br\/competencies\/services\/after-sales\/"]}]},{"@type":"ImageObject","inLanguage":"pt-BR","@id":"https:\/\/www.comau.com\/pt-br\/competencies\/services\/after-sales\/#primaryimage","url":"https:\/\/www.comau.com\/wp-content\/uploads\/2024\/10\/header-after-sales.jpeg","contentUrl":"https:\/\/www.comau.com\/wp-content\/uploads\/2024\/10\/header-after-sales.jpeg","width":1425,"height":450,"caption":"man handling a robot controller"},{"@type":"BreadcrumbList","@id":"https:\/\/www.comau.com\/pt-br\/competencies\/services\/after-sales\/#breadcrumb","itemListElement":[{"@type":"ListItem","position":1,"name":"Home","item":"https:\/\/www.comau.com\/pt-br\/"},{"@type":"ListItem","position":2,"name":"Nossas Compet\u00eancias","item":"https:\/\/www.comau.com\/pt-br\/competencies\/"},{"@type":"ListItem","position":3,"name":"Services","item":"https:\/\/www.comau.com\/pt-br\/competencies\/services\/"},{"@type":"ListItem","position":4,"name":"Servi\u00e7os P\u00f3s-venda"}]},{"@type":"WebSite","@id":"https:\/\/www.comau.com\/pt-br\/#website","url":"https:\/\/www.comau.com\/pt-br\/","name":"Comau","description":"Industrial automation and robotics","publisher":{"@id":"https:\/\/www.comau.com\/pt-br\/#organization"},"potentialAction":[{"@type":"SearchAction","target":{"@type":"EntryPoint","urlTemplate":"https:\/\/www.comau.com\/pt-br\/?s={search_term_string}"},"query-input":{"@type":"PropertyValueSpecification","valueRequired":true,"valueName":"search_term_string"}}],"inLanguage":"pt-BR"},{"@type":"Organization","@id":"https:\/\/www.comau.com\/pt-br\/#organization","name":"Comau","url":"https:\/\/www.comau.com\/pt-br\/","logo":{"@type":"ImageObject","inLanguage":"pt-BR","@id":"https:\/\/www.comau.com\/pt-br\/#\/schema\/logo\/image\/","url":"https:\/\/www.comau.com\/wp-content\/uploads\/2024\/07\/cropped-Logo-COMAU.png","contentUrl":"https:\/\/www.comau.com\/wp-content\/uploads\/2024\/07\/cropped-Logo-COMAU.png","width":434,"height":434,"caption":"Comau"},"image":{"@id":"https:\/\/www.comau.com\/pt-br\/#\/schema\/logo\/image\/"},"sameAs":["https:\/\/www.facebook.com\/COMAU\/","https:\/\/x.com\/comaugroup","https:\/\/www.instagram.com\/comaugroup\/","https:\/\/www.linkedin.com\/company\/comau","https:\/\/www.youtube.com\/user\/comau"]}]}},"_links":{"self":[{"href":"https:\/\/www.comau.com\/pt-br\/wp-json\/wp\/v2\/pages\/6126","targetHints":{"allow":["GET"]}}],"collection":[{"href":"https:\/\/www.comau.com\/pt-br\/wp-json\/wp\/v2\/pages"}],"about":[{"href":"https:\/\/www.comau.com\/pt-br\/wp-json\/wp\/v2\/types\/page"}],"author":[{"embeddable":true,"href":"https:\/\/www.comau.com\/pt-br\/wp-json\/wp\/v2\/users\/11"}],"replies":[{"embeddable":true,"href":"https:\/\/www.comau.com\/pt-br\/wp-json\/wp\/v2\/comments?post=6126"}],"version-history":[{"count":24,"href":"https:\/\/www.comau.com\/pt-br\/wp-json\/wp\/v2\/pages\/6126\/revisions"}],"predecessor-version":[{"id":70077,"href":"https:\/\/www.comau.com\/pt-br\/wp-json\/wp\/v2\/pages\/6126\/revisions\/70077"}],"up":[{"embeddable":true,"href":"https:\/\/www.comau.com\/pt-br\/wp-json\/wp\/v2\/pages\/65284"}],"wp:featuredmedia":[{"embeddable":true,"href":"https:\/\/www.comau.com\/pt-br\/wp-json\/wp\/v2\/media\/69174"}],"wp:attachment":[{"href":"https:\/\/www.comau.com\/pt-br\/wp-json\/wp\/v2\/media?parent=6126"}],"curies":[{"name":"wp","href":"https:\/\/api.w.org\/{rel}","templated":true}]}}