{"id":6105,"date":"2021-07-01T01:07:29","date_gmt":"2021-06-30T23:07:29","guid":{"rendered":"https:\/\/www.comau.com\/?page_id=6105"},"modified":"2022-02-08T09:33:30","modified_gmt":"2022-02-08T08:33:30","slug":"automation-products","status":"publish","type":"page","link":"https:\/\/www.comau.com\/pt-br\/competencies\/products-solutions\/automation-products\/","title":{"rendered":"Produtos Automatizados"},"content":{"rendered":"\n<h2 class=\"wp-block-heading\" id=\"laser-source\">Laser Source<\/h2>\n\n\n\n<p>\u200bAn absolute new concept on the market. Comau presents LHYTE, Laser HYbrid TEchnology, the innovative multi-function laser source conceived to enhance \ufb02exibility and to reduce Total Cost of Ownership.<\/p>\n\n\n\n<div class=\"wp-block-columns is-layout-flex wp-container-core-columns-is-layout-9d6595d7 wp-block-columns-is-layout-flex\">\n<div class=\"wp-block-column is-layout-flow wp-block-column-is-layout-flow\">\n<div class=\"wp-block-getwid-image-box has-text-left has-mobile-layout-default has-mobile-alignment-default\"><div class=\"wp-block-getwid-image-box__image-container is-position-top\"><a href=\"https:\/\/www.comau.com\/pt-br\/?page_id=22890\" class=\"wp-block-getwid-image-box__image-wrapper\"><img decoding=\"async\" width=\"387\" height=\"150\" src=\"https:\/\/www.comau.com\/wp-content\/uploads\/2021\/06\/Lhyte_selettore.jpg\" alt=\"\" class=\"wp-block-getwid-image-box__image wp-image-968\" srcset=\"https:\/\/www.comau.com\/wp-content\/uploads\/2021\/06\/Lhyte_selettore.jpg 387w, https:\/\/www.comau.com\/wp-content\/uploads\/2021\/06\/Lhyte_selettore-300x116.jpg 300w\" sizes=\"(max-width: 387px) 100vw, 387px\" \/><\/a><\/div><div class=\"wp-block-getwid-image-box__content\">\n<h3 class=\"wp-block-heading\">LHYTE (Laser Hybrid Technology)<\/h3>\n\n\n\n<p>The stand-alone laser source solution that can handle any laser application.<\/p>\n<\/div><\/div>\n<\/div>\n\n\n\n<div class=\"wp-block-column is-layout-flow wp-block-column-is-layout-flow\"><\/div>\n\n\n\n<div class=\"wp-block-column is-layout-flow wp-block-column-is-layout-flow\"><\/div>\n<\/div>\n\n\n\n<h2 class=\"wp-block-heading\" id=\"welding-guns\">Welding Guns<\/h2>\n\n\n\n<ul class=\"wp-block-list\"><li>\u200b<strong>Compact C-type \/ X-type \/ CXR<\/strong> (steel joint)<\/li><li><strong>Compact high-force C-type \/ X-type<\/strong> (aluminum joint)<\/li><li><strong>Versa B-type \/ C-type \/ X-type \/ CXR-type <\/strong>(steel &amp; aluminum joint)<\/li><li><strong>Manual C-type \/ X-type<\/strong> (steel joint) &nbsp;<\/li><\/ul>\n\n\n\n<p>Comau welding guns are the result of our capability to listen to the customer: what really counts is to guarantee functionality, quality, cost effectiveness and process efficiency. Our welding guns are modularly and symmetrically designed to reduce spare parts, overall weight and procurement lead time, and are available for steel and aluminum welding.<br><br>The new Comau Compact gun weighs less than those of competitors and is about 300 mm more compact. All these new characteristics do not alter its performances. It can handle any welding application and enables the use of smaller Robots in high density stations.<\/p>\n\n\n\n<div class=\"wp-block-columns is-layout-flex wp-container-core-columns-is-layout-9d6595d7 wp-block-columns-is-layout-flex\">\n<div class=\"wp-block-column is-layout-flow wp-block-column-is-layout-flow\">\n<div class=\"wp-block-getwid-image-box has-text-left has-mobile-layout-default has-mobile-alignment-default\"><div class=\"wp-block-getwid-image-box__image-container is-position-top\"><a href=\"https:\/\/www.comau.com\/pt-br\/competencies\/systems\/products\/compact-welding-gun\/\" class=\"wp-block-getwid-image-box__image-wrapper\"><img decoding=\"async\" width=\"387\" height=\"150\" src=\"https:\/\/www.comau.com\/wp-content\/uploads\/2021\/06\/compact-welding-guns.jpg\" alt=\"\" class=\"wp-block-getwid-image-box__image wp-image-537\" srcset=\"https:\/\/www.comau.com\/wp-content\/uploads\/2021\/06\/compact-welding-guns.jpg 387w, https:\/\/www.comau.com\/wp-content\/uploads\/2021\/06\/compact-welding-guns-300x116.jpg 300w\" sizes=\"(max-width: 387px) 100vw, 387px\" \/><\/a><\/div><div class=\"wp-block-getwid-image-box__content\">\n<h3 class=\"wp-block-heading\">M\u00e1quina de soldar compacta <\/h3>\n\n\n\n<p>A lighter more compact welding gun with the best performance for steel or aluminum joining.<\/p>\n<\/div><\/div>\n<\/div>\n\n\n\n<div class=\"wp-block-column is-layout-flow wp-block-column-is-layout-flow\">\n<div class=\"wp-block-getwid-image-box has-text-left has-mobile-layout-default has-mobile-alignment-default\"><div class=\"wp-block-getwid-image-box__image-container is-position-top\"><a href=\"https:\/\/www.comau.com\/pt-br\/competencies\/systems\/products\/versa-welding-gun\/\" class=\"wp-block-getwid-image-box__image-wrapper\"><img decoding=\"async\" width=\"387\" height=\"150\" src=\"https:\/\/www.comau.com\/wp-content\/uploads\/2021\/06\/versa-welding-guns.jpg\" alt=\"\" class=\"wp-block-getwid-image-box__image wp-image-551\" srcset=\"https:\/\/www.comau.com\/wp-content\/uploads\/2021\/06\/versa-welding-guns.jpg 387w, https:\/\/www.comau.com\/wp-content\/uploads\/2021\/06\/versa-welding-guns-300x116.jpg 300w\" sizes=\"(max-width: 387px) 100vw, 387px\" \/><\/a><\/div><div class=\"wp-block-getwid-image-box__content\">\n<h3 class=\"wp-block-heading\">Versa Welding Guns<\/h3>\n\n\n\n<p>Robustness and reliability are the key sucess factors of this product from several years.<\/p>\n<\/div><\/div>\n<\/div>\n\n\n\n<div class=\"wp-block-column is-layout-flow wp-block-column-is-layout-flow\">\n<div class=\"wp-block-getwid-image-box has-text-left has-mobile-layout-default has-mobile-alignment-default\"><div class=\"wp-block-getwid-image-box__image-container is-position-top\"><a href=\"https:\/\/www.comau.com\/pt-br\/competencies\/systems\/products\/welding-guns\/\" class=\"wp-block-getwid-image-box__image-wrapper\"><img decoding=\"async\" width=\"387\" height=\"150\" src=\"https:\/\/www.comau.com\/wp-content\/uploads\/2021\/06\/welding-guns.jpg\" alt=\"\" class=\"wp-block-getwid-image-box__image wp-image-549\" srcset=\"https:\/\/www.comau.com\/wp-content\/uploads\/2021\/06\/welding-guns.jpg 387w, https:\/\/www.comau.com\/wp-content\/uploads\/2021\/06\/welding-guns-300x116.jpg 300w\" sizes=\"(max-width: 387px) 100vw, 387px\" \/><\/a><\/div><div class=\"wp-block-getwid-image-box__content\">\n<h3 class=\"wp-block-heading\">Manual Welding Guns<\/h3>\n\n\n\n<p>Based on the robot welding gun concept, a single size for all the applications.<\/p>\n<\/div><\/div>\n<\/div>\n<\/div>\n\n\n\n<h2 class=\"wp-block-heading\" id=\"spot-welding-machine\">Spot Welding Machine<\/h2>\n\n\n\n<p>When talking about spot welding application we think with the Customers\u2019 mind-set.<\/p>\n\n\n\n<p>The request is to reach efficient results in the simplest way. The answer is what we call the Comau Spot Welding Machine: a package designed to multiply the advantages of integrated solutions.<\/p>\n\n\n\n<div class=\"wp-block-columns is-layout-flex wp-container-core-columns-is-layout-9d6595d7 wp-block-columns-is-layout-flex\">\n<div class=\"wp-block-column is-layout-flow wp-block-column-is-layout-flow\">\n<div class=\"wp-block-getwid-image-box has-text-left has-mobile-layout-default has-mobile-alignment-default\"><div class=\"wp-block-getwid-image-box__image-container is-position-top\"><a href=\"https:\/\/www.comau.com\/pt-br\/competencies\/systems\/products\/spot-welding-machine\/\" class=\"wp-block-getwid-image-box__image-wrapper\"><img decoding=\"async\" width=\"387\" height=\"150\" src=\"https:\/\/www.comau.com\/wp-content\/uploads\/2021\/06\/spot-welding-machine.jpg\" alt=\"\" class=\"wp-block-getwid-image-box__image wp-image-546\" srcset=\"https:\/\/www.comau.com\/wp-content\/uploads\/2021\/06\/spot-welding-machine.jpg 387w, https:\/\/www.comau.com\/wp-content\/uploads\/2021\/06\/spot-welding-machine-300x116.jpg 300w\" sizes=\"(max-width: 387px) 100vw, 387px\" \/><\/a><\/div><div class=\"wp-block-getwid-image-box__content\">\n<h3 class=\"wp-block-heading\">Spot Welding Machine<\/h3>\n\n\n\n<p>O Rob\u00f4 e a M\u00e1quina de solda se tornaram um s\u00f3. Essa combina\u00e7\u00e3o exclusiva proporciona uma nova dimens\u00e3o em soldadura de ponto.<\/p>\n<\/div><\/div>\n<\/div>\n\n\n\n<div class=\"wp-block-column is-layout-flow wp-block-column-is-layout-flow\"><\/div>\n\n\n\n<div class=\"wp-block-column is-layout-flow wp-block-column-is-layout-flow\"><\/div>\n<\/div>\n","protected":false},"excerpt":{"rendered":"<p>Laser Source \u200bAn absolute new concept on the market. Comau presents LHYTE, Laser HYbrid TEchnology, the innovative multi-function laser source conceived to enhance \ufb02exibility and to reduce Total Cost of Ownership. Welding Guns \u200bCompact C-type \/ X-type \/ CXR (steel joint) Compact high-force C-type \/ X-type (aluminum joint) Versa B-type \/ C-type \/ X-type \/ [&hellip;]<\/p>\n","protected":false},"author":11,"featured_media":78034,"parent":65274,"menu_order":7,"comment_status":"closed","ping_status":"closed","template":"","meta":{"_acf_changed":false,"ep_exclude_from_search":false,"footnotes":""},"class_list":["post-6105","page","type-page","status-publish","has-post-thumbnail","hentry"],"acf":[],"yoast_head":"<!-- This site is optimized with the Yoast SEO plugin v26.9 - https:\/\/yoast.com\/product\/yoast-seo-wordpress\/ -->\n<title>M\u00e1quinas de solda a laser, rob\u00f4s e automatiza\u00e7\u00f5es | Comau<\/title>\n<meta name=\"description\" content=\"Encontre uma grande variedade de m\u00e1quinas de solda a laser, rob\u00f4s e produtos automatizados Comau. Tudo com um selo de qualidade elevado.\" \/>\n<meta name=\"robots\" content=\"index, follow, max-snippet:-1, max-image-preview:large, max-video-preview:-1\" \/>\n<link rel=\"canonical\" href=\"https:\/\/www.comau.com\/pt-br\/competencies\/products-solutions\/automation-products\/\" \/>\n<meta property=\"og:locale\" content=\"pt_BR\" \/>\n<meta property=\"og:type\" content=\"article\" \/>\n<meta property=\"og:title\" content=\"M\u00e1quinas de solda a laser, rob\u00f4s e automatiza\u00e7\u00f5es | Comau\" \/>\n<meta property=\"og:description\" content=\"Encontre uma grande variedade de m\u00e1quinas de solda a laser, rob\u00f4s e produtos automatizados Comau. Tudo com um selo de qualidade elevado.\" \/>\n<meta property=\"og:url\" content=\"https:\/\/www.comau.com\/pt-br\/competencies\/products-solutions\/automation-products\/\" \/>\n<meta property=\"og:site_name\" content=\"Comau\" \/>\n<meta property=\"article:publisher\" content=\"https:\/\/www.facebook.com\/COMAU\/\" \/>\n<meta property=\"article:modified_time\" content=\"2022-02-08T08:33:30+00:00\" \/>\n<meta property=\"og:image\" content=\"https:\/\/www.comau.com\/wp-content\/uploads\/2021\/06\/AutomationProducts_Header.png\" \/>\n\t<meta property=\"og:image:width\" content=\"1280\" \/>\n\t<meta property=\"og:image:height\" content=\"485\" \/>\n\t<meta property=\"og:image:type\" content=\"image\/png\" \/>\n<meta name=\"twitter:card\" content=\"summary_large_image\" \/>\n<meta name=\"twitter:site\" content=\"@comaugroup\" \/>\n<meta name=\"twitter:label1\" content=\"Est. tempo de leitura\" \/>\n\t<meta name=\"twitter:data1\" content=\"3 minutos\" \/>\n<script type=\"application\/ld+json\" class=\"yoast-schema-graph\">{\"@context\":\"https:\/\/schema.org\",\"@graph\":[{\"@type\":\"WebPage\",\"@id\":\"https:\/\/www.comau.com\/pt-br\/competencies\/products-solutions\/automation-products\/\",\"url\":\"https:\/\/www.comau.com\/pt-br\/competencies\/products-solutions\/automation-products\/\",\"name\":\"M\u00e1quinas de solda a laser, rob\u00f4s e automatiza\u00e7\u00f5es | Comau\",\"isPartOf\":{\"@id\":\"https:\/\/www.comau.com\/pt-br\/#website\"},\"primaryImageOfPage\":{\"@id\":\"https:\/\/www.comau.com\/pt-br\/competencies\/products-solutions\/automation-products\/#primaryimage\"},\"image\":{\"@id\":\"https:\/\/www.comau.com\/pt-br\/competencies\/products-solutions\/automation-products\/#primaryimage\"},\"thumbnailUrl\":\"https:\/\/www.comau.com\/wp-content\/uploads\/2025\/06\/Header-Image-1920x606-Spot-Welding-Machine.jpg\",\"datePublished\":\"2021-06-30T23:07:29+00:00\",\"dateModified\":\"2022-02-08T08:33:30+00:00\",\"description\":\"Encontre uma grande variedade de m\u00e1quinas de solda a laser, rob\u00f4s e produtos automatizados Comau. Tudo com um selo de qualidade elevado.\",\"breadcrumb\":{\"@id\":\"https:\/\/www.comau.com\/pt-br\/competencies\/products-solutions\/automation-products\/#breadcrumb\"},\"inLanguage\":\"pt-BR\",\"potentialAction\":[{\"@type\":\"ReadAction\",\"target\":[\"https:\/\/www.comau.com\/pt-br\/competencies\/products-solutions\/automation-products\/\"]}]},{\"@type\":\"ImageObject\",\"inLanguage\":\"pt-BR\",\"@id\":\"https:\/\/www.comau.com\/pt-br\/competencies\/products-solutions\/automation-products\/#primaryimage\",\"url\":\"https:\/\/www.comau.com\/wp-content\/uploads\/2025\/06\/Header-Image-1920x606-Spot-Welding-Machine.jpg\",\"contentUrl\":\"https:\/\/www.comau.com\/wp-content\/uploads\/2025\/06\/Header-Image-1920x606-Spot-Welding-Machine.jpg\",\"width\":1920,\"height\":606},{\"@type\":\"BreadcrumbList\",\"@id\":\"https:\/\/www.comau.com\/pt-br\/competencies\/products-solutions\/automation-products\/#breadcrumb\",\"itemListElement\":[{\"@type\":\"ListItem\",\"position\":1,\"name\":\"Home\",\"item\":\"https:\/\/www.comau.com\/pt-br\/\"},{\"@type\":\"ListItem\",\"position\":2,\"name\":\"Nossas Compet\u00eancias\",\"item\":\"https:\/\/www.comau.com\/pt-br\/competencies\/\"},{\"@type\":\"ListItem\",\"position\":3,\"name\":\"Robotics &amp; Automation\",\"item\":\"https:\/\/www.comau.com\/pt-br\/competencies\/robotics-automation\/\"},{\"@type\":\"ListItem\",\"position\":4,\"name\":\"Produtos Automatizados\"}]},{\"@type\":\"WebSite\",\"@id\":\"https:\/\/www.comau.com\/pt-br\/#website\",\"url\":\"https:\/\/www.comau.com\/pt-br\/\",\"name\":\"Comau\",\"description\":\"Industrial automation and robotics\",\"publisher\":{\"@id\":\"https:\/\/www.comau.com\/pt-br\/#organization\"},\"potentialAction\":[{\"@type\":\"SearchAction\",\"target\":{\"@type\":\"EntryPoint\",\"urlTemplate\":\"https:\/\/www.comau.com\/pt-br\/?s={search_term_string}\"},\"query-input\":{\"@type\":\"PropertyValueSpecification\",\"valueRequired\":true,\"valueName\":\"search_term_string\"}}],\"inLanguage\":\"pt-BR\"},{\"@type\":\"Organization\",\"@id\":\"https:\/\/www.comau.com\/pt-br\/#organization\",\"name\":\"Comau\",\"url\":\"https:\/\/www.comau.com\/pt-br\/\",\"logo\":{\"@type\":\"ImageObject\",\"inLanguage\":\"pt-BR\",\"@id\":\"https:\/\/www.comau.com\/pt-br\/#\/schema\/logo\/image\/\",\"url\":\"https:\/\/www.comau.com\/wp-content\/uploads\/2024\/07\/cropped-Logo-COMAU.png\",\"contentUrl\":\"https:\/\/www.comau.com\/wp-content\/uploads\/2024\/07\/cropped-Logo-COMAU.png\",\"width\":434,\"height\":434,\"caption\":\"Comau\"},\"image\":{\"@id\":\"https:\/\/www.comau.com\/pt-br\/#\/schema\/logo\/image\/\"},\"sameAs\":[\"https:\/\/www.facebook.com\/COMAU\/\",\"https:\/\/x.com\/comaugroup\",\"https:\/\/www.instagram.com\/comaugroup\/\",\"https:\/\/www.linkedin.com\/company\/comau\",\"https:\/\/www.youtube.com\/user\/comau\"]}]}<\/script>\n<!-- \/ Yoast SEO plugin. -->","yoast_head_json":{"title":"M\u00e1quinas de solda a laser, rob\u00f4s e automatiza\u00e7\u00f5es | Comau","description":"Encontre uma grande variedade de m\u00e1quinas de solda a laser, rob\u00f4s e produtos automatizados Comau. Tudo com um selo de qualidade elevado.","robots":{"index":"index","follow":"follow","max-snippet":"max-snippet:-1","max-image-preview":"max-image-preview:large","max-video-preview":"max-video-preview:-1"},"canonical":"https:\/\/www.comau.com\/pt-br\/competencies\/products-solutions\/automation-products\/","og_locale":"pt_BR","og_type":"article","og_title":"M\u00e1quinas de solda a laser, rob\u00f4s e automatiza\u00e7\u00f5es | Comau","og_description":"Encontre uma grande variedade de m\u00e1quinas de solda a laser, rob\u00f4s e produtos automatizados Comau. Tudo com um selo de qualidade elevado.","og_url":"https:\/\/www.comau.com\/pt-br\/competencies\/products-solutions\/automation-products\/","og_site_name":"Comau","article_publisher":"https:\/\/www.facebook.com\/COMAU\/","article_modified_time":"2022-02-08T08:33:30+00:00","og_image":[{"width":1280,"height":485,"url":"https:\/\/www.comau.com\/wp-content\/uploads\/2021\/06\/AutomationProducts_Header.png","type":"image\/png"}],"twitter_card":"summary_large_image","twitter_site":"@comaugroup","twitter_misc":{"Est. tempo de leitura":"3 minutos"},"schema":{"@context":"https:\/\/schema.org","@graph":[{"@type":"WebPage","@id":"https:\/\/www.comau.com\/pt-br\/competencies\/products-solutions\/automation-products\/","url":"https:\/\/www.comau.com\/pt-br\/competencies\/products-solutions\/automation-products\/","name":"M\u00e1quinas de solda a laser, rob\u00f4s e automatiza\u00e7\u00f5es | Comau","isPartOf":{"@id":"https:\/\/www.comau.com\/pt-br\/#website"},"primaryImageOfPage":{"@id":"https:\/\/www.comau.com\/pt-br\/competencies\/products-solutions\/automation-products\/#primaryimage"},"image":{"@id":"https:\/\/www.comau.com\/pt-br\/competencies\/products-solutions\/automation-products\/#primaryimage"},"thumbnailUrl":"https:\/\/www.comau.com\/wp-content\/uploads\/2025\/06\/Header-Image-1920x606-Spot-Welding-Machine.jpg","datePublished":"2021-06-30T23:07:29+00:00","dateModified":"2022-02-08T08:33:30+00:00","description":"Encontre uma grande variedade de m\u00e1quinas de solda a laser, rob\u00f4s e produtos automatizados Comau. Tudo com um selo de qualidade elevado.","breadcrumb":{"@id":"https:\/\/www.comau.com\/pt-br\/competencies\/products-solutions\/automation-products\/#breadcrumb"},"inLanguage":"pt-BR","potentialAction":[{"@type":"ReadAction","target":["https:\/\/www.comau.com\/pt-br\/competencies\/products-solutions\/automation-products\/"]}]},{"@type":"ImageObject","inLanguage":"pt-BR","@id":"https:\/\/www.comau.com\/pt-br\/competencies\/products-solutions\/automation-products\/#primaryimage","url":"https:\/\/www.comau.com\/wp-content\/uploads\/2025\/06\/Header-Image-1920x606-Spot-Welding-Machine.jpg","contentUrl":"https:\/\/www.comau.com\/wp-content\/uploads\/2025\/06\/Header-Image-1920x606-Spot-Welding-Machine.jpg","width":1920,"height":606},{"@type":"BreadcrumbList","@id":"https:\/\/www.comau.com\/pt-br\/competencies\/products-solutions\/automation-products\/#breadcrumb","itemListElement":[{"@type":"ListItem","position":1,"name":"Home","item":"https:\/\/www.comau.com\/pt-br\/"},{"@type":"ListItem","position":2,"name":"Nossas Compet\u00eancias","item":"https:\/\/www.comau.com\/pt-br\/competencies\/"},{"@type":"ListItem","position":3,"name":"Robotics &amp; Automation","item":"https:\/\/www.comau.com\/pt-br\/competencies\/robotics-automation\/"},{"@type":"ListItem","position":4,"name":"Produtos Automatizados"}]},{"@type":"WebSite","@id":"https:\/\/www.comau.com\/pt-br\/#website","url":"https:\/\/www.comau.com\/pt-br\/","name":"Comau","description":"Industrial automation and robotics","publisher":{"@id":"https:\/\/www.comau.com\/pt-br\/#organization"},"potentialAction":[{"@type":"SearchAction","target":{"@type":"EntryPoint","urlTemplate":"https:\/\/www.comau.com\/pt-br\/?s={search_term_string}"},"query-input":{"@type":"PropertyValueSpecification","valueRequired":true,"valueName":"search_term_string"}}],"inLanguage":"pt-BR"},{"@type":"Organization","@id":"https:\/\/www.comau.com\/pt-br\/#organization","name":"Comau","url":"https:\/\/www.comau.com\/pt-br\/","logo":{"@type":"ImageObject","inLanguage":"pt-BR","@id":"https:\/\/www.comau.com\/pt-br\/#\/schema\/logo\/image\/","url":"https:\/\/www.comau.com\/wp-content\/uploads\/2024\/07\/cropped-Logo-COMAU.png","contentUrl":"https:\/\/www.comau.com\/wp-content\/uploads\/2024\/07\/cropped-Logo-COMAU.png","width":434,"height":434,"caption":"Comau"},"image":{"@id":"https:\/\/www.comau.com\/pt-br\/#\/schema\/logo\/image\/"},"sameAs":["https:\/\/www.facebook.com\/COMAU\/","https:\/\/x.com\/comaugroup","https:\/\/www.instagram.com\/comaugroup\/","https:\/\/www.linkedin.com\/company\/comau","https:\/\/www.youtube.com\/user\/comau"]}]}},"_links":{"self":[{"href":"https:\/\/www.comau.com\/pt-br\/wp-json\/wp\/v2\/pages\/6105","targetHints":{"allow":["GET"]}}],"collection":[{"href":"https:\/\/www.comau.com\/pt-br\/wp-json\/wp\/v2\/pages"}],"about":[{"href":"https:\/\/www.comau.com\/pt-br\/wp-json\/wp\/v2\/types\/page"}],"author":[{"embeddable":true,"href":"https:\/\/www.comau.com\/pt-br\/wp-json\/wp\/v2\/users\/11"}],"replies":[{"embeddable":true,"href":"https:\/\/www.comau.com\/pt-br\/wp-json\/wp\/v2\/comments?post=6105"}],"version-history":[{"count":12,"href":"https:\/\/www.comau.com\/pt-br\/wp-json\/wp\/v2\/pages\/6105\/revisions"}],"predecessor-version":[{"id":42092,"href":"https:\/\/www.comau.com\/pt-br\/wp-json\/wp\/v2\/pages\/6105\/revisions\/42092"}],"up":[{"embeddable":true,"href":"https:\/\/www.comau.com\/pt-br\/wp-json\/wp\/v2\/pages\/65274"}],"wp:featuredmedia":[{"embeddable":true,"href":"https:\/\/www.comau.com\/pt-br\/wp-json\/wp\/v2\/media\/78034"}],"wp:attachment":[{"href":"https:\/\/www.comau.com\/pt-br\/wp-json\/wp\/v2\/media?parent=6105"}],"curies":[{"name":"wp","href":"https:\/\/api.w.org\/{rel}","templated":true}]}}