{"id":6085,"date":"2021-07-01T01:05:36","date_gmt":"2021-06-30T23:05:36","guid":{"rendered":"https:\/\/www.comau.com\/?page_id=6085"},"modified":"2022-02-08T10:27:46","modified_gmt":"2022-02-08T09:27:46","slug":"integrated-robotics","status":"publish","type":"page","link":"https:\/\/www.comau.com\/pt-br\/competencies\/robotics-automation\/integrated-robotics\/","title":{"rendered":"Rob\u00f3tica integrada"},"content":{"rendered":"\n<h2 class=\"wp-block-heading\" id=\"prontos-para-trabalhar\">Prontos para trabalhar<\/h2>\n\n\n\n<p>Nossos rob\u00f4s s\u00e3o totalmente integrados com o software e os controladores que voc\u00ea j\u00e1 utiliza.<\/p>\n\n\n\n<p>Nosso compromisso \u00e9 ajudar voc\u00ea a obter o m\u00e1ximo de nosso amplo portf\u00f3lio de rob\u00f4s de alta qualidade, proporcionando acesso integral a controles de processo e funcionalidades avan\u00e7adas. Este n\u00edvel de integra\u00e7\u00e3o sem rupturas se traduz em maior efici\u00eancia global. Tudo que voc\u00ea precisa para tornar suas solu\u00e7\u00f5es de digitaliza\u00e7\u00e3o avan\u00e7ada ainda melhores.<\/p>\n\n\n\n<div class=\"wp-block-image\"><figure class=\"aligncenter size-large\"><img decoding=\"async\" width=\"1024\" height=\"129\" src=\"https:\/\/www.comau.com\/wp-content\/uploads\/2021\/06\/IntegratedRobotics_img_test-1024x129.png\" alt=\"\" class=\"wp-image-957\" srcset=\"https:\/\/www.comau.com\/wp-content\/uploads\/2021\/06\/IntegratedRobotics_img_test-1024x129.png 1024w, https:\/\/www.comau.com\/wp-content\/uploads\/2021\/06\/IntegratedRobotics_img_test-300x38.png 300w, https:\/\/www.comau.com\/wp-content\/uploads\/2021\/06\/IntegratedRobotics_img_test-768x96.png 768w, https:\/\/www.comau.com\/wp-content\/uploads\/2021\/06\/IntegratedRobotics_img_test-1536x193.png 1536w, https:\/\/www.comau.com\/wp-content\/uploads\/2021\/06\/IntegratedRobotics_img_test.png 1839w\" sizes=\"(max-width: 1024px) 100vw, 1024px\" \/><\/figure><\/div>\n\n\n\n<div class=\"wp-block-columns columns-bg-dark is-layout-flex wp-container-core-columns-is-layout-9d6595d7 wp-block-columns-is-layout-flex\">\n<div class=\"wp-block-column is-layout-flow wp-block-column-is-layout-flow\">\n<h3 class=\"wp-block-heading\" id=\"siemens-sinumerik\">SIEMENS Sinumerik<\/h3>\n\n\n\n<p>Otimizamos as solu\u00e7\u00f5es inteligentes da Siemens para que as m\u00e1quinas de processamento se integrem totalmente com nossos rob\u00f4s no sistema Siemens Sinumerik CNC Direct Control. Com o Siemens Run MyRobot\/Direct Control, voc\u00ea pode sincronizar totalmente nossos bra\u00e7os rob\u00f3ticos com suas c\u00e9lulas de usinagem de uma maneira direta e abrangente. Controle preciso de percurso, monitoramento de custo compensador e diagn\u00f3stico remoto do processo inteiro representam apenas o in\u00edcio.<\/p>\n\n\n\n<div class=\"wp-block-buttons is-layout-flex wp-block-buttons-is-layout-flex\">\n<div class=\"wp-block-button\"><a class=\"wp-block-button__link\" href=\"\/wp-content\/uploads\/2021\/06\/INTEGRATED-Sinumerick-Double-Page.pdf\" target=\"_blank\" rel=\"noreferrer noopener\">BAIXE O FOLHETO<\/a><\/div>\n<\/div>\n<\/div>\n\n\n\n<div class=\"wp-block-column is-layout-flow wp-block-column-is-layout-flow\">\n<h3 class=\"wp-block-heading\" id=\"b-r-openrobotics\">B&amp;R openRobotics<\/h3>\n\n\n\n<p>Gra\u00e7as \u00e0 B&amp;R Industrial Automation, a cinem\u00e1tica que opera nossos rob\u00f4s agora \u00e9 gerenciada pela mesma CPU que controla os equipamentos existentes em uma f\u00e1brica automatizada usando a tecnologia de aplicativos modulares, MAPP (modular application technology) integrada. Desta maneira, os rob\u00f4s sem controladores da Comau podem se integrar sem dificuldades com qualquer sistema automatizado, aproveitando a mesma funcionalidade de software pronto para uso das CPUs que j\u00e1 est\u00e3o instaladas em uma infraestrutura de automa\u00e7\u00e3o de f\u00e1brica. Al\u00e9m do mais, como o rob\u00f4 \u00e9 controlado pelo CLP da m\u00e1quina openRobotics e a programa\u00e7\u00e3o \u00e9 feita com bibliotecas de componentes MAPP integrados, voc\u00ea pode usufruir de um tempo de programa\u00e7\u00e3o menor, al\u00e9m da sincroniza\u00e7\u00e3o completa e da facilidade de diagn\u00f3stico das linhas automatizadas.<\/p>\n\n\n\n<div class=\"wp-block-buttons is-layout-flex wp-block-buttons-is-layout-flex\">\n<div class=\"wp-block-button\"><a class=\"wp-block-button__link\" href=\"\/wp-content\/uploads\/2021\/06\/INTEGRATED-Open-Robotics-Double-Page.pdf\" target=\"_blank\" rel=\"noreferrer noopener\">BAIXE O FOLHETO<\/a><\/div>\n<\/div>\n<\/div>\n<\/div>\n\n\n\n<div class=\"wp-block-columns columns-bg-dark is-layout-flex wp-container-core-columns-is-layout-9d6595d7 wp-block-columns-is-layout-flex\">\n<div class=\"wp-block-column is-layout-flow wp-block-column-is-layout-flow\">\n<h3 class=\"wp-block-heading\" id=\"keba-kemotion\">KEBA KeMotion<\/h3>\n\n\n\n<p>Agora, nossos rob\u00f4s s\u00e3o integrados com KEBA KeMotion, permitindo acesso \u00e0 for\u00e7a completa desta solu\u00e7\u00e3o de automa\u00e7\u00e3o chave na m\u00e3o. Fornecemos o bra\u00e7o rob\u00f3tico e os cabos, tudo o mais est\u00e1 pronto para funcionar gra\u00e7as ao gabinete de controle composto por componentes KeMotion, que combinam movimento, rob\u00f3tica, tecnologia de acionamento, tecnologia de seguran\u00e7a e uma interface do usu\u00e1rio de f\u00e1cil utiliza\u00e7\u00e3o dentro de um sistema compacto, modular e escal\u00e1vel. Finalmente, a solu\u00e7\u00e3o integrada permite que voc\u00ea implemente tarefas de automa\u00e7\u00e3o em uma plataforma \u00fanica e comum de hardware e software para prepara\u00e7\u00f5es mais r\u00e1pidas, maior desempenho e maior efici\u00eancia.<\/p>\n\n\n\n<div class=\"wp-block-buttons is-layout-flex wp-block-buttons-is-layout-flex\">\n<div class=\"wp-block-button\"><a class=\"wp-block-button__link\" href=\"\/wp-content\/uploads\/2021\/06\/INTEGRATED-Keba-Double-Page.pdf\" target=\"_blank\" rel=\"noreferrer noopener\">BAIXE O FOLHETO<\/a><\/div>\n<\/div>\n<\/div>\n\n\n\n<div class=\"wp-block-column is-layout-flow wp-block-column-is-layout-flow\">\n<h3 class=\"wp-block-heading\" id=\"rockwell-automation\">Rockwell Automation<\/h3>\n\n\n\n<p>Gra\u00e7as a um sistema de controle unificado, desenvolvido em colabora\u00e7\u00e3o com a Rockwell Automation, nossos rob\u00f4s podem ser configurados junto com outros sistemas industriais em um \u00fanico ambiente de programa\u00e7\u00e3o. Este sistema, atrav\u00e9s do software de projeto Studio 5000\u00ae da Rockwell Automation, facilita as opera\u00e7\u00f5es necess\u00e1rias para coordenar o sistema de controle rob\u00f3tico com o das m\u00e1quinas-ferramenta, tornando o percurso requerido mais simples, r\u00e1pido e intuitivo. As vantagens s\u00e3o tang\u00edveis: dessa maneira, as empresas podem simplificar o gerenciamento dos processos de fabrica\u00e7\u00e3o, melhorar o desempenho das m\u00e1quinas, poupar tempo e reduzir os custos de fabrica\u00e7\u00e3o.<\/p>\n\n\n\n<div class=\"wp-block-buttons is-layout-flex wp-block-buttons-is-layout-flex\"><\/div>\n<\/div>\n<\/div>\n","protected":false},"excerpt":{"rendered":"<p>Prontos para trabalhar Nossos rob\u00f4s s\u00e3o totalmente integrados com o software e os controladores que voc\u00ea j\u00e1 utiliza. Nosso compromisso \u00e9 ajudar voc\u00ea a obter o m\u00e1ximo de nosso amplo portf\u00f3lio de rob\u00f4s de alta qualidade, proporcionando acesso integral a controles de processo e funcionalidades avan\u00e7adas. Este n\u00edvel de integra\u00e7\u00e3o sem rupturas se traduz em [&hellip;]<\/p>\n","protected":false},"author":11,"featured_media":6099,"parent":5718,"menu_order":5,"comment_status":"closed","ping_status":"closed","template":"","meta":{"_acf_changed":false,"ep_exclude_from_search":false,"footnotes":""},"class_list":["post-6085","page","type-page","status-publish","has-post-thumbnail","hentry"],"acf":[],"yoast_head":"<!-- This site is optimized with the Yoast SEO plugin v26.9 - https:\/\/yoast.com\/product\/yoast-seo-wordpress\/ -->\n<title>M\u00e1quinas de automa\u00e7\u00e3o rob\u00f3tica integrada | Comau<\/title>\n<meta name=\"description\" content=\"Conhe\u00e7a as m\u00e1quinas autom\u00e1ticas de alta qualidade da Comau integradas com softwares de recursos avan\u00e7ados. A automo\u00e7\u00e3o rob\u00f3tica integrada nunca foi t\u00e3o f\u00e1cil!\" \/>\n<meta name=\"robots\" content=\"index, follow, max-snippet:-1, max-image-preview:large, max-video-preview:-1\" \/>\n<link rel=\"canonical\" href=\"https:\/\/www.comau.com\/pt-br\/competencies\/robotics-automation\/integrated-robotics\/\" \/>\n<meta property=\"og:locale\" content=\"pt_BR\" \/>\n<meta property=\"og:type\" content=\"article\" \/>\n<meta property=\"og:title\" content=\"M\u00e1quinas de automa\u00e7\u00e3o rob\u00f3tica integrada | Comau\" \/>\n<meta property=\"og:description\" content=\"Conhe\u00e7a as m\u00e1quinas autom\u00e1ticas de alta qualidade da Comau integradas com softwares de recursos avan\u00e7ados. A automo\u00e7\u00e3o rob\u00f3tica integrada nunca foi t\u00e3o f\u00e1cil!\" \/>\n<meta property=\"og:url\" content=\"https:\/\/www.comau.com\/pt-br\/competencies\/robotics-automation\/integrated-robotics\/\" \/>\n<meta property=\"og:site_name\" content=\"Comau\" \/>\n<meta property=\"article:publisher\" content=\"https:\/\/www.facebook.com\/COMAU\/\" \/>\n<meta property=\"article:modified_time\" content=\"2022-02-08T09:27:46+00:00\" \/>\n<meta property=\"og:image\" content=\"https:\/\/www.comau.com\/wp-content\/uploads\/2021\/06\/IntegratedRobotics_header.jpg\" \/>\n\t<meta property=\"og:image:width\" content=\"1280\" \/>\n\t<meta property=\"og:image:height\" content=\"485\" \/>\n\t<meta property=\"og:image:type\" content=\"image\/jpeg\" \/>\n<meta name=\"twitter:card\" content=\"summary_large_image\" \/>\n<meta name=\"twitter:site\" content=\"@comaugroup\" \/>\n<meta name=\"twitter:label1\" content=\"Est. tempo de leitura\" \/>\n\t<meta name=\"twitter:data1\" content=\"3 minutos\" \/>\n<script type=\"application\/ld+json\" class=\"yoast-schema-graph\">{\"@context\":\"https:\/\/schema.org\",\"@graph\":[{\"@type\":\"WebPage\",\"@id\":\"https:\/\/www.comau.com\/pt-br\/competencies\/robotics-automation\/integrated-robotics\/\",\"url\":\"https:\/\/www.comau.com\/pt-br\/competencies\/robotics-automation\/integrated-robotics\/\",\"name\":\"M\u00e1quinas de automa\u00e7\u00e3o rob\u00f3tica integrada | Comau\",\"isPartOf\":{\"@id\":\"https:\/\/www.comau.com\/pt-br\/#website\"},\"primaryImageOfPage\":{\"@id\":\"https:\/\/www.comau.com\/pt-br\/competencies\/robotics-automation\/integrated-robotics\/#primaryimage\"},\"image\":{\"@id\":\"https:\/\/www.comau.com\/pt-br\/competencies\/robotics-automation\/integrated-robotics\/#primaryimage\"},\"thumbnailUrl\":\"https:\/\/www.comau.com\/wp-content\/uploads\/2021\/06\/IntegratedRobotics_header.jpg\",\"datePublished\":\"2021-06-30T23:05:36+00:00\",\"dateModified\":\"2022-02-08T09:27:46+00:00\",\"description\":\"Conhe\u00e7a as m\u00e1quinas autom\u00e1ticas de alta qualidade da Comau integradas com softwares de recursos avan\u00e7ados. A automo\u00e7\u00e3o rob\u00f3tica integrada nunca foi t\u00e3o f\u00e1cil!\",\"breadcrumb\":{\"@id\":\"https:\/\/www.comau.com\/pt-br\/competencies\/robotics-automation\/integrated-robotics\/#breadcrumb\"},\"inLanguage\":\"pt-BR\",\"potentialAction\":[{\"@type\":\"ReadAction\",\"target\":[\"https:\/\/www.comau.com\/pt-br\/competencies\/robotics-automation\/integrated-robotics\/\"]}]},{\"@type\":\"ImageObject\",\"inLanguage\":\"pt-BR\",\"@id\":\"https:\/\/www.comau.com\/pt-br\/competencies\/robotics-automation\/integrated-robotics\/#primaryimage\",\"url\":\"https:\/\/www.comau.com\/wp-content\/uploads\/2021\/06\/IntegratedRobotics_header.jpg\",\"contentUrl\":\"https:\/\/www.comau.com\/wp-content\/uploads\/2021\/06\/IntegratedRobotics_header.jpg\",\"width\":1280,\"height\":485},{\"@type\":\"BreadcrumbList\",\"@id\":\"https:\/\/www.comau.com\/pt-br\/competencies\/robotics-automation\/integrated-robotics\/#breadcrumb\",\"itemListElement\":[{\"@type\":\"ListItem\",\"position\":1,\"name\":\"Home\",\"item\":\"https:\/\/www.comau.com\/pt-br\/\"},{\"@type\":\"ListItem\",\"position\":2,\"name\":\"Nossas Compet\u00eancias\",\"item\":\"https:\/\/www.comau.com\/pt-br\/competencies\/\"},{\"@type\":\"ListItem\",\"position\":3,\"name\":\"Robotics &amp; Automation\",\"item\":\"https:\/\/www.comau.com\/pt-br\/competencies\/robotics-automation\/\"},{\"@type\":\"ListItem\",\"position\":4,\"name\":\"Rob\u00f3tica integrada\"}]},{\"@type\":\"WebSite\",\"@id\":\"https:\/\/www.comau.com\/pt-br\/#website\",\"url\":\"https:\/\/www.comau.com\/pt-br\/\",\"name\":\"Comau\",\"description\":\"Industrial automation and robotics\",\"publisher\":{\"@id\":\"https:\/\/www.comau.com\/pt-br\/#organization\"},\"potentialAction\":[{\"@type\":\"SearchAction\",\"target\":{\"@type\":\"EntryPoint\",\"urlTemplate\":\"https:\/\/www.comau.com\/pt-br\/?s={search_term_string}\"},\"query-input\":{\"@type\":\"PropertyValueSpecification\",\"valueRequired\":true,\"valueName\":\"search_term_string\"}}],\"inLanguage\":\"pt-BR\"},{\"@type\":\"Organization\",\"@id\":\"https:\/\/www.comau.com\/pt-br\/#organization\",\"name\":\"Comau\",\"url\":\"https:\/\/www.comau.com\/pt-br\/\",\"logo\":{\"@type\":\"ImageObject\",\"inLanguage\":\"pt-BR\",\"@id\":\"https:\/\/www.comau.com\/pt-br\/#\/schema\/logo\/image\/\",\"url\":\"https:\/\/www.comau.com\/wp-content\/uploads\/2024\/07\/cropped-Logo-COMAU.png\",\"contentUrl\":\"https:\/\/www.comau.com\/wp-content\/uploads\/2024\/07\/cropped-Logo-COMAU.png\",\"width\":434,\"height\":434,\"caption\":\"Comau\"},\"image\":{\"@id\":\"https:\/\/www.comau.com\/pt-br\/#\/schema\/logo\/image\/\"},\"sameAs\":[\"https:\/\/www.facebook.com\/COMAU\/\",\"https:\/\/x.com\/comaugroup\",\"https:\/\/www.instagram.com\/comaugroup\/\",\"https:\/\/www.linkedin.com\/company\/comau\",\"https:\/\/www.youtube.com\/user\/comau\"]}]}<\/script>\n<!-- \/ Yoast SEO plugin. -->","yoast_head_json":{"title":"M\u00e1quinas de automa\u00e7\u00e3o rob\u00f3tica integrada | Comau","description":"Conhe\u00e7a as m\u00e1quinas autom\u00e1ticas de alta qualidade da Comau integradas com softwares de recursos avan\u00e7ados. A automo\u00e7\u00e3o rob\u00f3tica integrada nunca foi t\u00e3o f\u00e1cil!","robots":{"index":"index","follow":"follow","max-snippet":"max-snippet:-1","max-image-preview":"max-image-preview:large","max-video-preview":"max-video-preview:-1"},"canonical":"https:\/\/www.comau.com\/pt-br\/competencies\/robotics-automation\/integrated-robotics\/","og_locale":"pt_BR","og_type":"article","og_title":"M\u00e1quinas de automa\u00e7\u00e3o rob\u00f3tica integrada | Comau","og_description":"Conhe\u00e7a as m\u00e1quinas autom\u00e1ticas de alta qualidade da Comau integradas com softwares de recursos avan\u00e7ados. A automo\u00e7\u00e3o rob\u00f3tica integrada nunca foi t\u00e3o f\u00e1cil!","og_url":"https:\/\/www.comau.com\/pt-br\/competencies\/robotics-automation\/integrated-robotics\/","og_site_name":"Comau","article_publisher":"https:\/\/www.facebook.com\/COMAU\/","article_modified_time":"2022-02-08T09:27:46+00:00","og_image":[{"width":1280,"height":485,"url":"https:\/\/www.comau.com\/wp-content\/uploads\/2021\/06\/IntegratedRobotics_header.jpg","type":"image\/jpeg"}],"twitter_card":"summary_large_image","twitter_site":"@comaugroup","twitter_misc":{"Est. tempo de leitura":"3 minutos"},"schema":{"@context":"https:\/\/schema.org","@graph":[{"@type":"WebPage","@id":"https:\/\/www.comau.com\/pt-br\/competencies\/robotics-automation\/integrated-robotics\/","url":"https:\/\/www.comau.com\/pt-br\/competencies\/robotics-automation\/integrated-robotics\/","name":"M\u00e1quinas de automa\u00e7\u00e3o rob\u00f3tica integrada | Comau","isPartOf":{"@id":"https:\/\/www.comau.com\/pt-br\/#website"},"primaryImageOfPage":{"@id":"https:\/\/www.comau.com\/pt-br\/competencies\/robotics-automation\/integrated-robotics\/#primaryimage"},"image":{"@id":"https:\/\/www.comau.com\/pt-br\/competencies\/robotics-automation\/integrated-robotics\/#primaryimage"},"thumbnailUrl":"https:\/\/www.comau.com\/wp-content\/uploads\/2021\/06\/IntegratedRobotics_header.jpg","datePublished":"2021-06-30T23:05:36+00:00","dateModified":"2022-02-08T09:27:46+00:00","description":"Conhe\u00e7a as m\u00e1quinas autom\u00e1ticas de alta qualidade da Comau integradas com softwares de recursos avan\u00e7ados. A automo\u00e7\u00e3o rob\u00f3tica integrada nunca foi t\u00e3o f\u00e1cil!","breadcrumb":{"@id":"https:\/\/www.comau.com\/pt-br\/competencies\/robotics-automation\/integrated-robotics\/#breadcrumb"},"inLanguage":"pt-BR","potentialAction":[{"@type":"ReadAction","target":["https:\/\/www.comau.com\/pt-br\/competencies\/robotics-automation\/integrated-robotics\/"]}]},{"@type":"ImageObject","inLanguage":"pt-BR","@id":"https:\/\/www.comau.com\/pt-br\/competencies\/robotics-automation\/integrated-robotics\/#primaryimage","url":"https:\/\/www.comau.com\/wp-content\/uploads\/2021\/06\/IntegratedRobotics_header.jpg","contentUrl":"https:\/\/www.comau.com\/wp-content\/uploads\/2021\/06\/IntegratedRobotics_header.jpg","width":1280,"height":485},{"@type":"BreadcrumbList","@id":"https:\/\/www.comau.com\/pt-br\/competencies\/robotics-automation\/integrated-robotics\/#breadcrumb","itemListElement":[{"@type":"ListItem","position":1,"name":"Home","item":"https:\/\/www.comau.com\/pt-br\/"},{"@type":"ListItem","position":2,"name":"Nossas Compet\u00eancias","item":"https:\/\/www.comau.com\/pt-br\/competencies\/"},{"@type":"ListItem","position":3,"name":"Robotics &amp; Automation","item":"https:\/\/www.comau.com\/pt-br\/competencies\/robotics-automation\/"},{"@type":"ListItem","position":4,"name":"Rob\u00f3tica integrada"}]},{"@type":"WebSite","@id":"https:\/\/www.comau.com\/pt-br\/#website","url":"https:\/\/www.comau.com\/pt-br\/","name":"Comau","description":"Industrial automation and robotics","publisher":{"@id":"https:\/\/www.comau.com\/pt-br\/#organization"},"potentialAction":[{"@type":"SearchAction","target":{"@type":"EntryPoint","urlTemplate":"https:\/\/www.comau.com\/pt-br\/?s={search_term_string}"},"query-input":{"@type":"PropertyValueSpecification","valueRequired":true,"valueName":"search_term_string"}}],"inLanguage":"pt-BR"},{"@type":"Organization","@id":"https:\/\/www.comau.com\/pt-br\/#organization","name":"Comau","url":"https:\/\/www.comau.com\/pt-br\/","logo":{"@type":"ImageObject","inLanguage":"pt-BR","@id":"https:\/\/www.comau.com\/pt-br\/#\/schema\/logo\/image\/","url":"https:\/\/www.comau.com\/wp-content\/uploads\/2024\/07\/cropped-Logo-COMAU.png","contentUrl":"https:\/\/www.comau.com\/wp-content\/uploads\/2024\/07\/cropped-Logo-COMAU.png","width":434,"height":434,"caption":"Comau"},"image":{"@id":"https:\/\/www.comau.com\/pt-br\/#\/schema\/logo\/image\/"},"sameAs":["https:\/\/www.facebook.com\/COMAU\/","https:\/\/x.com\/comaugroup","https:\/\/www.instagram.com\/comaugroup\/","https:\/\/www.linkedin.com\/company\/comau","https:\/\/www.youtube.com\/user\/comau"]}]}},"_links":{"self":[{"href":"https:\/\/www.comau.com\/pt-br\/wp-json\/wp\/v2\/pages\/6085","targetHints":{"allow":["GET"]}}],"collection":[{"href":"https:\/\/www.comau.com\/pt-br\/wp-json\/wp\/v2\/pages"}],"about":[{"href":"https:\/\/www.comau.com\/pt-br\/wp-json\/wp\/v2\/types\/page"}],"author":[{"embeddable":true,"href":"https:\/\/www.comau.com\/pt-br\/wp-json\/wp\/v2\/users\/11"}],"replies":[{"embeddable":true,"href":"https:\/\/www.comau.com\/pt-br\/wp-json\/wp\/v2\/comments?post=6085"}],"version-history":[{"count":14,"href":"https:\/\/www.comau.com\/pt-br\/wp-json\/wp\/v2\/pages\/6085\/revisions"}],"predecessor-version":[{"id":42147,"href":"https:\/\/www.comau.com\/pt-br\/wp-json\/wp\/v2\/pages\/6085\/revisions\/42147"}],"up":[{"embeddable":true,"href":"https:\/\/www.comau.com\/pt-br\/wp-json\/wp\/v2\/pages\/5718"}],"wp:featuredmedia":[{"embeddable":true,"href":"https:\/\/www.comau.com\/pt-br\/wp-json\/wp\/v2\/media\/6099"}],"wp:attachment":[{"href":"https:\/\/www.comau.com\/pt-br\/wp-json\/wp\/v2\/media?parent=6085"}],"curies":[{"name":"wp","href":"https:\/\/api.w.org\/{rel}","templated":true}]}}