{"id":59929,"date":"2024-02-05T14:56:46","date_gmt":"2024-02-05T13:56:46","guid":{"rendered":"https:\/\/www.comau.com\/?page_id=59929"},"modified":"2024-12-04T11:37:57","modified_gmt":"2024-12-04T10:37:57","slug":"wearable-robotics-exoskeletons","status":"publish","type":"page","link":"https:\/\/www.comau.com\/pt-br\/competencies\/products-solutions\/wearable-robotics-exoskeletons\/","title":{"rendered":"Exoesqueletos Rob\u00f3ticos"},"content":{"rendered":"\n<div class=\"wp-block-group wide-section-dark\"><div class=\"wp-block-group__inner-container is-layout-constrained wp-block-group-is-layout-constrained\">\n<h2 class=\"wp-block-heading\" style=\"text-transform:none\">Exoesqueletos rob\u00f3ticos para ergonomia aprimorada<\/h2>\n\n\n\n<p>A nova<strong> fam\u00edlia de exoesqueletos rob\u00f3ticos da Comau<\/strong>, MATE (<em>Muscular Aiding Tech Exoskeletons<\/em>), busca aumentar o potencial humano ao reduzir o esfor\u00e7o f\u00edsico excessivo durante o trabalho e simplifica as atividades di\u00e1rias, trazendo solu\u00e7\u00f5es tecnol\u00f3gicas personalizadas e eficazes.<\/p>\n\n\n\n<p>Os <strong>exoesqueletos MATE <\/strong>geram uma redu\u00e7\u00e3o constante na ativa\u00e7\u00e3o do m\u00fasculo lombar ou do ombro durante atividades a\u00e9reas e manuseio de cargas, <strong>melhorando a ergonomia, a postura e reduzindo a tens\u00e3o muscular<\/strong>.<\/p>\n\n\n\n<p><\/p>\n\n\n\n<h2 class=\"wp-block-heading h3 text-reset\" id=\"the-right-solution-for-your-market\">Descubra os modelos de exoesqueletos dispon\u00edveis<\/h2>\n\n\n\n<div class=\"wp-block-columns is-layout-flex wp-container-core-columns-is-layout-9d6595d7 wp-block-columns-is-layout-flex\">\n<div class=\"wp-block-column is-layout-flow wp-block-column-is-layout-flow\">\n<h2 class=\"wp-block-heading has-text-align-center\">MATE-XT<\/h2>\n\n\n\n<figure class=\"wp-block-image size-medium is-resized\"><img decoding=\"async\" width=\"300\" height=\"300\" src=\"https:\/\/www.comau.com\/wp-content\/uploads\/2024\/06\/mate-xt-300x300.png\" alt=\"\" class=\"wp-image-64403\" style=\"width:auto;height:300px\" srcset=\"https:\/\/www.comau.com\/wp-content\/uploads\/2024\/06\/mate-xt-300x300.png 300w, https:\/\/www.comau.com\/wp-content\/uploads\/2024\/06\/mate-xt-150x150.png 150w, https:\/\/www.comau.com\/wp-content\/uploads\/2024\/06\/mate-xt.png 352w\" sizes=\"(max-width: 300px) 100vw, 300px\" \/><\/figure>\n\n\n\n<p class=\"has-text-align-center\">Exoesqueleto rob\u00f3tico acionado mecanicamente (sem baterias e sem motores) para aliviar o esfor\u00e7o muscular na regi\u00e3o dos ombros de pessoas que trabalham com bra\u00e7o(s) elevado(s), fornecendo assist\u00eancia f\u00edsica em tarefas repetitivas e est\u00e1ticas.<\/p>\n\n\n\n<div class=\"wp-block-buttons is-content-justification-center is-layout-flex wp-container-core-buttons-is-layout-16018d1d wp-block-buttons-is-layout-flex\">\n<div class=\"wp-block-button\"><a class=\"wp-block-button__link wp-element-button\" href=\"https:\/\/www.comau.com\/en\/competencies\/robotics-automation\/wearable-robotics-mate-xt-exoskeleton\/\">Descubra MATE-XT<\/a><\/div>\n<\/div>\n<\/div>\n\n\n\n<div class=\"wp-block-column is-layout-flow wp-block-column-is-layout-flow\">\n<h2 class=\"wp-block-heading has-text-align-center\">MATE-XT 4.0<\/h2>\n\n\n\n<figure class=\"wp-block-image size-medium is-resized\"><img decoding=\"async\" width=\"269\" height=\"300\" src=\"https:\/\/www.comau.com\/wp-content\/uploads\/2024\/06\/mate-xt4-269x300.png\" alt=\"\" class=\"wp-image-64409\" style=\"width:auto;height:300px\" srcset=\"https:\/\/www.comau.com\/wp-content\/uploads\/2024\/06\/mate-xt4-269x300.png 269w, https:\/\/www.comau.com\/wp-content\/uploads\/2024\/06\/mate-xt4.png 334w\" sizes=\"(max-width: 269px) 100vw, 269px\" \/><\/figure>\n\n\n\n<p class=\"has-text-align-center\">Combina a assist\u00eancia para a regi\u00e3o dos ombros do MATE-XT com sensores avan\u00e7ados, conectados por Wi-Fi. Permite a coleta de dados, quase em tempo real, para um painel digital intuitivo, e potencializao os benef\u00edcios da internet industrial.<\/p>\n\n\n\n<p><\/p>\n\n\n\n<div class=\"wp-block-buttons is-content-justification-center is-layout-flex wp-container-core-buttons-is-layout-16018d1d wp-block-buttons-is-layout-flex\">\n<div class=\"wp-block-button\"><a class=\"wp-block-button__link wp-element-button\" href=\"https:\/\/www.comau.com\/en\/competencies\/robotics-automation\/mate-xt-4-0-exoskeleton-data-analytics\/\">Saiba mais MATE-XT 4.0<\/a><\/div>\n<\/div>\n<\/div>\n\n\n\n<div class=\"wp-block-column is-layout-flow wp-block-column-is-layout-flow\">\n<h2 class=\"wp-block-heading has-text-align-center\">MATE-XB<\/h2>\n\n\n\n<figure class=\"wp-block-image size-medium is-resized\"><img decoding=\"async\" width=\"185\" height=\"300\" src=\"https:\/\/www.comau.com\/wp-content\/uploads\/2024\/06\/mate-xb-185x300.png\" alt=\"\" class=\"wp-image-64415\" style=\"width:auto;height:300px\" srcset=\"https:\/\/www.comau.com\/wp-content\/uploads\/2024\/06\/mate-xb-185x300.png 185w, https:\/\/www.comau.com\/wp-content\/uploads\/2024\/06\/mate-xb.png 317w\" sizes=\"(max-width: 185px) 100vw, 185px\" \/><\/figure>\n\n\n\n<p class=\"has-text-align-center\">Exoesqueleto n\u00e3o motorizado para reduzir a fadiga na regi\u00e3o lombar de trabalhadores envolvidos na movimenta\u00e7\u00e3o de pesos. Ele oferece suporte ao usu\u00e1rio durante o trabalho em diferentes posi\u00e7\u00f5es est\u00e1ticas ou durante o levantamento repetitivo de cargas.<\/p>\n\n\n\n<div class=\"wp-block-buttons is-content-justification-center is-layout-flex wp-container-core-buttons-is-layout-16018d1d wp-block-buttons-is-layout-flex\">\n<div class=\"wp-block-button\"><a class=\"wp-block-button__link wp-element-button\" href=\"https:\/\/www.comau.com\/en\/competencies\/robotics-automation\/mate-xb-exoskeleton\/\">Descubra MATE-XB<\/a><\/div>\n<\/div>\n<\/div>\n<\/div>\n<\/div><\/div>\n\n\n\n<div class=\"wp-block-group wide-section-light-1 py-4\"><div class=\"wp-block-group__inner-container is-layout-constrained wp-block-group-is-layout-constrained\">\n<div class=\"wp-block-columns align-items-center justify-content-between is-layout-flex wp-container-core-columns-is-layout-9d6595d7 wp-block-columns-is-layout-flex\">\n<div class=\"wp-block-column is-layout-flow wp-block-column-is-layout-flow\">\n<h2 class=\"wp-block-heading has-text-align-left\">Tecnologia vest\u00edvel:<br>exoesqueletos rob\u00f3ticos <em>MATE<\/em><\/h2>\n\n\n\n<p class=\"lead\">Como l\u00edder mundial em<strong> solu\u00e7\u00f5es avan\u00e7adas de automa\u00e7\u00e3o<\/strong>, a Comau sempre procurou <strong>melhorar os cen\u00e1rios de fabrica\u00e7\u00e3o por meio de tecnologias <\/strong>atualizadas e centradas no ser humano, capazes de aprimorar a sustentabilidade social e ambiental dos locais de trabalho.<\/p>\n\n\n\n<p><\/p>\n\n\n\n<h3 class=\"wp-block-heading\">Porque escolher o <em>MATE<\/em>?<\/h3>\n\n\n\n<p>Os Exoesqueletos foram projetados para <strong>priorizar o bem-estar dos trabalhadores,<\/strong> aumentar a efici\u00eancia das f\u00e1bricas e melhorar a qualidade de vida no trabalho.<\/p>\n\n\n\n<p>Nossos trajes inovadores de exoesqueleto oferecem assist\u00eancia consistente e avan\u00e7ada aos movimentos durante tarefas repetitivas e di\u00e1rias. H\u00e1 solu\u00e7\u00f5es distintas que mant\u00eam os m\u00fasculos em repouso e ajudam a reduzir os riscos ergon\u00f4micos.<\/p>\n<\/div>\n\n\n\n<div class=\"wp-block-column is-vertically-aligned-center is-layout-flow wp-block-column-is-layout-flow\">\n<figure class=\"wp-block-image size-full\"><img decoding=\"async\" width=\"906\" height=\"1024\" src=\"https:\/\/www.comau.com\/wp-content\/uploads\/2024\/06\/Image-illustrata@2x-906x1024-1.webp\" alt=\"\" class=\"wp-image-64378\" srcset=\"https:\/\/www.comau.com\/wp-content\/uploads\/2024\/06\/Image-illustrata@2x-906x1024-1.webp 906w, https:\/\/www.comau.com\/wp-content\/uploads\/2024\/06\/Image-illustrata@2x-906x1024-1-265x300.webp 265w, https:\/\/www.comau.com\/wp-content\/uploads\/2024\/06\/Image-illustrata@2x-906x1024-1-768x868.webp 768w\" sizes=\"(max-width: 906px) 100vw, 906px\" \/><\/figure>\n<\/div>\n<\/div>\n<\/div><\/div>\n\n\n\n<div style=\"height:50px\" aria-hidden=\"true\" class=\"wp-block-spacer\"><\/div>\n\n\n\n<h2 class=\"wp-block-heading has-text-align-center\">Mais sobre os exoesqueletos da Comau<\/h2>\n\n\n\n<div class=\"wp-block-columns is-layout-flex wp-container-core-columns-is-layout-9d6595d7 wp-block-columns-is-layout-flex\">\n<div class=\"wp-block-column is-layout-flow wp-block-column-is-layout-flow\">\n<div class=\"wp-block-getwid-image-box getwid-animation has-text-center has-mobile-layout-default has-mobile-alignment-center\" data-animation=\"zoomSmall\"><div class=\"wp-block-getwid-image-box__image-container is-position-top\"><a href=\"https:\/\/www.comau.com\/en\/our-offer\/products-and-solutions\/wearable-robotics-exoskeletons\/mate-xb-exoskeleton\/\" target=\"_blank\" rel=\"noreferrer noopener\" class=\"wp-block-getwid-image-box__image-wrapper\"><img decoding=\"async\" width=\"1458\" height=\"1040\" src=\"https:\/\/www.comau.com\/wp-content\/uploads\/2024\/02\/Img_Featured_MATE-XB_Wearable-exoskeleton.jpg\" alt=\"\" class=\"wp-block-getwid-image-box__image wp-image-60155\" srcset=\"https:\/\/www.comau.com\/wp-content\/uploads\/2024\/02\/Img_Featured_MATE-XB_Wearable-exoskeleton.jpg 1458w, https:\/\/www.comau.com\/wp-content\/uploads\/2024\/02\/Img_Featured_MATE-XB_Wearable-exoskeleton-300x214.jpg 300w, https:\/\/www.comau.com\/wp-content\/uploads\/2024\/02\/Img_Featured_MATE-XB_Wearable-exoskeleton-1024x730.jpg 1024w, https:\/\/www.comau.com\/wp-content\/uploads\/2024\/02\/Img_Featured_MATE-XB_Wearable-exoskeleton-768x548.jpg 768w\" sizes=\"(max-width: 1458px) 100vw, 1458px\" \/><\/a><\/div><div class=\"wp-block-getwid-image-box__content\">\n<p>Reduza a fadiga da regi\u00e3o lombar durante tarefas repetitivas e de levantamento de peso com um dispositivo que auxilia os m\u00fasculos das costas<\/p>\n\n\n\n<div class=\"wp-block-buttons is-content-justification-center is-layout-flex wp-container-core-buttons-is-layout-16018d1d wp-block-buttons-is-layout-flex\">\n<div class=\"wp-block-button\"><a class=\"wp-block-button__link wp-element-button\" href=\"https:\/\/www.comau.com\/en\/our-offer\/products-and-solutions\/wearable-robotics-exoskeletons\/mate-xb-exoskeleton\/\" target=\"_blank\" rel=\"noreferrer noopener\">Leia Mais<\/a><\/div>\n<\/div>\n<\/div><\/div>\n<\/div>\n\n\n\n<div class=\"wp-block-column is-layout-flow wp-block-column-is-layout-flow\">\n<div class=\"wp-block-getwid-image-box getwid-animation has-text-center has-mobile-layout-default has-mobile-alignment-default\" data-animation=\"zoomSmall\"><div class=\"wp-block-getwid-image-box__image-container is-position-top\"><a href=\"https:\/\/www.comau.com\/en\/our-offer\/products-and-solutions\/wearable-robotics-exoskeletons\/wearable-robotics-mate-xt-exoskeleton\/\" target=\"_blank\" rel=\"noreferrer noopener\" class=\"wp-block-getwid-image-box__image-wrapper\"><img decoding=\"async\" width=\"1458\" height=\"1040\" src=\"https:\/\/www.comau.com\/wp-content\/uploads\/2024\/02\/Img_Featured_MATE-XT_Wearable-exoskeleton.jpg\" alt=\"\" class=\"wp-block-getwid-image-box__image wp-image-60149\" srcset=\"https:\/\/www.comau.com\/wp-content\/uploads\/2024\/02\/Img_Featured_MATE-XT_Wearable-exoskeleton.jpg 1458w, https:\/\/www.comau.com\/wp-content\/uploads\/2024\/02\/Img_Featured_MATE-XT_Wearable-exoskeleton-300x214.jpg 300w, https:\/\/www.comau.com\/wp-content\/uploads\/2024\/02\/Img_Featured_MATE-XT_Wearable-exoskeleton-1024x730.jpg 1024w, https:\/\/www.comau.com\/wp-content\/uploads\/2024\/02\/Img_Featured_MATE-XT_Wearable-exoskeleton-768x548.jpg 768w\" sizes=\"(max-width: 1458px) 100vw, 1458px\" \/><\/a><\/div><div class=\"wp-block-getwid-image-box__content\">\n<p>Minimize o esfor\u00e7o muscular durante tarefas extenuantes em ambientes internos e externos, aplica\u00e7\u00f5es e ambientes dif\u00edceis<\/p>\n\n\n\n<div class=\"wp-block-buttons is-content-justification-center is-layout-flex wp-container-core-buttons-is-layout-16018d1d wp-block-buttons-is-layout-flex\">\n<div class=\"wp-block-button\"><a class=\"wp-block-button__link wp-element-button\" href=\"https:\/\/www.comau.com\/en\/our-offer\/products-and-solutions\/wearable-robotics-exoskeletons\/wearable-robotics-mate-xt-exoskeleton\/\" target=\"_blank\" rel=\"noreferrer noopener\">Leia Mais<\/a><\/div>\n<\/div>\n<\/div><\/div>\n<\/div>\n\n\n\n<div class=\"wp-block-column is-layout-flow wp-block-column-is-layout-flow\">\n<div class=\"wp-block-getwid-image-box getwid-animation has-text-center has-mobile-layout-default has-mobile-alignment-default\" data-animation=\"zoomSmall\"><div class=\"wp-block-getwid-image-box__image-container is-position-top\"><a href=\"\/en?page_id=59846\" target=\"_blank\" rel=\"noreferrer noopener\" class=\"wp-block-getwid-image-box__image-wrapper\"><img decoding=\"async\" width=\"1458\" height=\"1040\" src=\"https:\/\/www.comau.com\/wp-content\/uploads\/2024\/02\/Img_Featured_MATE-XT_4-0_Wearable-exoskeleton.jpg\" alt=\"\" class=\"wp-block-getwid-image-box__image wp-image-60143\" srcset=\"https:\/\/www.comau.com\/wp-content\/uploads\/2024\/02\/Img_Featured_MATE-XT_4-0_Wearable-exoskeleton.jpg 1458w, https:\/\/www.comau.com\/wp-content\/uploads\/2024\/02\/Img_Featured_MATE-XT_4-0_Wearable-exoskeleton-300x214.jpg 300w, https:\/\/www.comau.com\/wp-content\/uploads\/2024\/02\/Img_Featured_MATE-XT_4-0_Wearable-exoskeleton-1024x730.jpg 1024w, https:\/\/www.comau.com\/wp-content\/uploads\/2024\/02\/Img_Featured_MATE-XT_4-0_Wearable-exoskeleton-768x548.jpg 768w\" sizes=\"(max-width: 1458px) 100vw, 1458px\" \/><\/a><\/div><div class=\"wp-block-getwid-image-box__content\">\n<p>Combine suporte muscular leve com dados de m\u00e9tricas operacionais digitalizados<\/p>\n\n\n\n<div class=\"wp-block-buttons is-content-justification-center is-layout-flex wp-container-core-buttons-is-layout-16018d1d wp-block-buttons-is-layout-flex\">\n<div class=\"wp-block-button\"><a class=\"wp-block-button__link wp-element-button\" href=\"\/en?page_id=59846\" target=\"_blank\" rel=\"noreferrer noopener\">Leia Mais<\/a><\/div>\n<\/div>\n<\/div><\/div>\n<\/div>\n<\/div>\n","protected":false},"excerpt":{"rendered":"<p>Exoesqueletos rob\u00f3ticos para ergonomia aprimorada A nova fam\u00edlia de exoesqueletos rob\u00f3ticos da Comau, MATE (Muscular Aiding Tech Exoskeletons), busca aumentar o potencial humano ao reduzir o esfor\u00e7o f\u00edsico excessivo durante o trabalho e simplifica as atividades di\u00e1rias, trazendo solu\u00e7\u00f5es tecnol\u00f3gicas personalizadas e eficazes. Os exoesqueletos MATE geram uma redu\u00e7\u00e3o constante na ativa\u00e7\u00e3o do m\u00fasculo lombar [&hellip;]<\/p>\n","protected":false},"author":21,"featured_media":64395,"parent":65274,"menu_order":2,"comment_status":"closed","ping_status":"closed","template":"","meta":{"_acf_changed":false,"ep_exclude_from_search":false,"footnotes":""},"class_list":["post-59929","page","type-page","status-publish","has-post-thumbnail","hentry"],"acf":[],"yoast_head":"<!-- This site is optimized with the Yoast SEO plugin v26.9 - https:\/\/yoast.com\/product\/yoast-seo-wordpress\/ -->\n<title>Exoesqueletos Rob\u00f3ticos | Tecnologia de Aux\u00edlio Muscular | Comau<\/title>\n<meta name=\"description\" content=\"Descubra como os exoesqueletos rob\u00f3ticos da Comau est\u00e3o revolucionando a maneira como trabalhamos; aumentando a seguran\u00e7a e a produtividade.\" \/>\n<meta name=\"robots\" content=\"index, follow, max-snippet:-1, max-image-preview:large, max-video-preview:-1\" \/>\n<link rel=\"canonical\" href=\"https:\/\/www.comau.com\/pt-br\/competencies\/products-solutions\/wearable-robotics-exoskeletons\/\" \/>\n<meta property=\"og:locale\" content=\"pt_BR\" \/>\n<meta property=\"og:type\" content=\"article\" \/>\n<meta property=\"og:title\" content=\"Exoesqueletos Rob\u00f3ticos | Tecnologia de Aux\u00edlio Muscular | Comau\" \/>\n<meta property=\"og:description\" content=\"Descubra como os exoesqueletos rob\u00f3ticos da Comau est\u00e3o revolucionando a maneira como trabalhamos; aumentando a seguran\u00e7a e a produtividade.\" \/>\n<meta property=\"og:url\" content=\"https:\/\/www.comau.com\/pt-br\/competencies\/products-solutions\/wearable-robotics-exoskeletons\/\" \/>\n<meta property=\"og:site_name\" content=\"Comau\" \/>\n<meta property=\"article:publisher\" content=\"https:\/\/www.facebook.com\/COMAU\/\" \/>\n<meta property=\"article:modified_time\" content=\"2024-12-04T10:37:57+00:00\" \/>\n<meta property=\"og:image\" content=\"https:\/\/www.comau.com\/wp-content\/uploads\/2024\/06\/Hero-Mate@2x@2x-scaled.webp\" \/>\n\t<meta property=\"og:image:width\" content=\"2560\" \/>\n\t<meta property=\"og:image:height\" content=\"795\" \/>\n\t<meta property=\"og:image:type\" content=\"image\/webp\" \/>\n<meta name=\"twitter:card\" content=\"summary_large_image\" \/>\n<meta name=\"twitter:site\" content=\"@comaugroup\" \/>\n<meta name=\"twitter:label1\" content=\"Est. tempo de leitura\" \/>\n\t<meta name=\"twitter:data1\" content=\"4 minutos\" \/>\n<script type=\"application\/ld+json\" class=\"yoast-schema-graph\">{\"@context\":\"https:\/\/schema.org\",\"@graph\":[{\"@type\":\"WebPage\",\"@id\":\"https:\/\/www.comau.com\/pt-br\/competencies\/products-solutions\/wearable-robotics-exoskeletons\/\",\"url\":\"https:\/\/www.comau.com\/pt-br\/competencies\/products-solutions\/wearable-robotics-exoskeletons\/\",\"name\":\"Exoesqueletos Rob\u00f3ticos | Tecnologia de Aux\u00edlio Muscular | Comau\",\"isPartOf\":{\"@id\":\"https:\/\/www.comau.com\/pt-br\/#website\"},\"primaryImageOfPage\":{\"@id\":\"https:\/\/www.comau.com\/pt-br\/competencies\/products-solutions\/wearable-robotics-exoskeletons\/#primaryimage\"},\"image\":{\"@id\":\"https:\/\/www.comau.com\/pt-br\/competencies\/products-solutions\/wearable-robotics-exoskeletons\/#primaryimage\"},\"thumbnailUrl\":\"https:\/\/www.comau.com\/wp-content\/uploads\/2024\/06\/Hero-Mate@2x@2x-scaled.webp\",\"datePublished\":\"2024-02-05T13:56:46+00:00\",\"dateModified\":\"2024-12-04T10:37:57+00:00\",\"description\":\"Descubra como os exoesqueletos rob\u00f3ticos da Comau est\u00e3o revolucionando a maneira como trabalhamos; aumentando a seguran\u00e7a e a produtividade.\",\"breadcrumb\":{\"@id\":\"https:\/\/www.comau.com\/pt-br\/competencies\/products-solutions\/wearable-robotics-exoskeletons\/#breadcrumb\"},\"inLanguage\":\"pt-BR\",\"potentialAction\":[{\"@type\":\"ReadAction\",\"target\":[\"https:\/\/www.comau.com\/pt-br\/competencies\/products-solutions\/wearable-robotics-exoskeletons\/\"]}]},{\"@type\":\"ImageObject\",\"inLanguage\":\"pt-BR\",\"@id\":\"https:\/\/www.comau.com\/pt-br\/competencies\/products-solutions\/wearable-robotics-exoskeletons\/#primaryimage\",\"url\":\"https:\/\/www.comau.com\/wp-content\/uploads\/2024\/06\/Hero-Mate@2x@2x-scaled.webp\",\"contentUrl\":\"https:\/\/www.comau.com\/wp-content\/uploads\/2024\/06\/Hero-Mate@2x@2x-scaled.webp\",\"width\":2560,\"height\":795,\"caption\":\"Worker using robotic exoskeleton for overhead assembly\"},{\"@type\":\"BreadcrumbList\",\"@id\":\"https:\/\/www.comau.com\/pt-br\/competencies\/products-solutions\/wearable-robotics-exoskeletons\/#breadcrumb\",\"itemListElement\":[{\"@type\":\"ListItem\",\"position\":1,\"name\":\"Home\",\"item\":\"https:\/\/www.comau.com\/pt-br\/\"},{\"@type\":\"ListItem\",\"position\":2,\"name\":\"Nossas Compet\u00eancias\",\"item\":\"https:\/\/www.comau.com\/pt-br\/competencies\/\"},{\"@type\":\"ListItem\",\"position\":3,\"name\":\"Products &amp; Solutions\",\"item\":\"https:\/\/www.comau.com\/pt-br\/competencies\/products-solutions\/\"},{\"@type\":\"ListItem\",\"position\":4,\"name\":\"Exoesqueletos Rob\u00f3ticos\"}]},{\"@type\":\"WebSite\",\"@id\":\"https:\/\/www.comau.com\/pt-br\/#website\",\"url\":\"https:\/\/www.comau.com\/pt-br\/\",\"name\":\"Comau\",\"description\":\"Industrial automation and robotics\",\"publisher\":{\"@id\":\"https:\/\/www.comau.com\/pt-br\/#organization\"},\"potentialAction\":[{\"@type\":\"SearchAction\",\"target\":{\"@type\":\"EntryPoint\",\"urlTemplate\":\"https:\/\/www.comau.com\/pt-br\/?s={search_term_string}\"},\"query-input\":{\"@type\":\"PropertyValueSpecification\",\"valueRequired\":true,\"valueName\":\"search_term_string\"}}],\"inLanguage\":\"pt-BR\"},{\"@type\":\"Organization\",\"@id\":\"https:\/\/www.comau.com\/pt-br\/#organization\",\"name\":\"Comau\",\"url\":\"https:\/\/www.comau.com\/pt-br\/\",\"logo\":{\"@type\":\"ImageObject\",\"inLanguage\":\"pt-BR\",\"@id\":\"https:\/\/www.comau.com\/pt-br\/#\/schema\/logo\/image\/\",\"url\":\"https:\/\/www.comau.com\/wp-content\/uploads\/2024\/07\/cropped-Logo-COMAU.png\",\"contentUrl\":\"https:\/\/www.comau.com\/wp-content\/uploads\/2024\/07\/cropped-Logo-COMAU.png\",\"width\":434,\"height\":434,\"caption\":\"Comau\"},\"image\":{\"@id\":\"https:\/\/www.comau.com\/pt-br\/#\/schema\/logo\/image\/\"},\"sameAs\":[\"https:\/\/www.facebook.com\/COMAU\/\",\"https:\/\/x.com\/comaugroup\",\"https:\/\/www.instagram.com\/comaugroup\/\",\"https:\/\/www.linkedin.com\/company\/comau\",\"https:\/\/www.youtube.com\/user\/comau\"]}]}<\/script>\n<!-- \/ Yoast SEO plugin. -->","yoast_head_json":{"title":"Exoesqueletos Rob\u00f3ticos | Tecnologia de Aux\u00edlio Muscular | Comau","description":"Descubra como os exoesqueletos rob\u00f3ticos da Comau est\u00e3o revolucionando a maneira como trabalhamos; aumentando a seguran\u00e7a e a produtividade.","robots":{"index":"index","follow":"follow","max-snippet":"max-snippet:-1","max-image-preview":"max-image-preview:large","max-video-preview":"max-video-preview:-1"},"canonical":"https:\/\/www.comau.com\/pt-br\/competencies\/products-solutions\/wearable-robotics-exoskeletons\/","og_locale":"pt_BR","og_type":"article","og_title":"Exoesqueletos Rob\u00f3ticos | Tecnologia de Aux\u00edlio Muscular | Comau","og_description":"Descubra como os exoesqueletos rob\u00f3ticos da Comau est\u00e3o revolucionando a maneira como trabalhamos; aumentando a seguran\u00e7a e a produtividade.","og_url":"https:\/\/www.comau.com\/pt-br\/competencies\/products-solutions\/wearable-robotics-exoskeletons\/","og_site_name":"Comau","article_publisher":"https:\/\/www.facebook.com\/COMAU\/","article_modified_time":"2024-12-04T10:37:57+00:00","og_image":[{"width":2560,"height":795,"url":"https:\/\/www.comau.com\/wp-content\/uploads\/2024\/06\/Hero-Mate@2x@2x-scaled.webp","type":"image\/webp"}],"twitter_card":"summary_large_image","twitter_site":"@comaugroup","twitter_misc":{"Est. tempo de leitura":"4 minutos"},"schema":{"@context":"https:\/\/schema.org","@graph":[{"@type":"WebPage","@id":"https:\/\/www.comau.com\/pt-br\/competencies\/products-solutions\/wearable-robotics-exoskeletons\/","url":"https:\/\/www.comau.com\/pt-br\/competencies\/products-solutions\/wearable-robotics-exoskeletons\/","name":"Exoesqueletos Rob\u00f3ticos | Tecnologia de Aux\u00edlio Muscular | Comau","isPartOf":{"@id":"https:\/\/www.comau.com\/pt-br\/#website"},"primaryImageOfPage":{"@id":"https:\/\/www.comau.com\/pt-br\/competencies\/products-solutions\/wearable-robotics-exoskeletons\/#primaryimage"},"image":{"@id":"https:\/\/www.comau.com\/pt-br\/competencies\/products-solutions\/wearable-robotics-exoskeletons\/#primaryimage"},"thumbnailUrl":"https:\/\/www.comau.com\/wp-content\/uploads\/2024\/06\/Hero-Mate@2x@2x-scaled.webp","datePublished":"2024-02-05T13:56:46+00:00","dateModified":"2024-12-04T10:37:57+00:00","description":"Descubra como os exoesqueletos rob\u00f3ticos da Comau est\u00e3o revolucionando a maneira como trabalhamos; aumentando a seguran\u00e7a e a produtividade.","breadcrumb":{"@id":"https:\/\/www.comau.com\/pt-br\/competencies\/products-solutions\/wearable-robotics-exoskeletons\/#breadcrumb"},"inLanguage":"pt-BR","potentialAction":[{"@type":"ReadAction","target":["https:\/\/www.comau.com\/pt-br\/competencies\/products-solutions\/wearable-robotics-exoskeletons\/"]}]},{"@type":"ImageObject","inLanguage":"pt-BR","@id":"https:\/\/www.comau.com\/pt-br\/competencies\/products-solutions\/wearable-robotics-exoskeletons\/#primaryimage","url":"https:\/\/www.comau.com\/wp-content\/uploads\/2024\/06\/Hero-Mate@2x@2x-scaled.webp","contentUrl":"https:\/\/www.comau.com\/wp-content\/uploads\/2024\/06\/Hero-Mate@2x@2x-scaled.webp","width":2560,"height":795,"caption":"Worker using robotic exoskeleton for overhead assembly"},{"@type":"BreadcrumbList","@id":"https:\/\/www.comau.com\/pt-br\/competencies\/products-solutions\/wearable-robotics-exoskeletons\/#breadcrumb","itemListElement":[{"@type":"ListItem","position":1,"name":"Home","item":"https:\/\/www.comau.com\/pt-br\/"},{"@type":"ListItem","position":2,"name":"Nossas Compet\u00eancias","item":"https:\/\/www.comau.com\/pt-br\/competencies\/"},{"@type":"ListItem","position":3,"name":"Products &amp; Solutions","item":"https:\/\/www.comau.com\/pt-br\/competencies\/products-solutions\/"},{"@type":"ListItem","position":4,"name":"Exoesqueletos Rob\u00f3ticos"}]},{"@type":"WebSite","@id":"https:\/\/www.comau.com\/pt-br\/#website","url":"https:\/\/www.comau.com\/pt-br\/","name":"Comau","description":"Industrial automation and robotics","publisher":{"@id":"https:\/\/www.comau.com\/pt-br\/#organization"},"potentialAction":[{"@type":"SearchAction","target":{"@type":"EntryPoint","urlTemplate":"https:\/\/www.comau.com\/pt-br\/?s={search_term_string}"},"query-input":{"@type":"PropertyValueSpecification","valueRequired":true,"valueName":"search_term_string"}}],"inLanguage":"pt-BR"},{"@type":"Organization","@id":"https:\/\/www.comau.com\/pt-br\/#organization","name":"Comau","url":"https:\/\/www.comau.com\/pt-br\/","logo":{"@type":"ImageObject","inLanguage":"pt-BR","@id":"https:\/\/www.comau.com\/pt-br\/#\/schema\/logo\/image\/","url":"https:\/\/www.comau.com\/wp-content\/uploads\/2024\/07\/cropped-Logo-COMAU.png","contentUrl":"https:\/\/www.comau.com\/wp-content\/uploads\/2024\/07\/cropped-Logo-COMAU.png","width":434,"height":434,"caption":"Comau"},"image":{"@id":"https:\/\/www.comau.com\/pt-br\/#\/schema\/logo\/image\/"},"sameAs":["https:\/\/www.facebook.com\/COMAU\/","https:\/\/x.com\/comaugroup","https:\/\/www.instagram.com\/comaugroup\/","https:\/\/www.linkedin.com\/company\/comau","https:\/\/www.youtube.com\/user\/comau"]}]}},"_links":{"self":[{"href":"https:\/\/www.comau.com\/pt-br\/wp-json\/wp\/v2\/pages\/59929","targetHints":{"allow":["GET"]}}],"collection":[{"href":"https:\/\/www.comau.com\/pt-br\/wp-json\/wp\/v2\/pages"}],"about":[{"href":"https:\/\/www.comau.com\/pt-br\/wp-json\/wp\/v2\/types\/page"}],"author":[{"embeddable":true,"href":"https:\/\/www.comau.com\/pt-br\/wp-json\/wp\/v2\/users\/21"}],"replies":[{"embeddable":true,"href":"https:\/\/www.comau.com\/pt-br\/wp-json\/wp\/v2\/comments?post=59929"}],"version-history":[{"count":15,"href":"https:\/\/www.comau.com\/pt-br\/wp-json\/wp\/v2\/pages\/59929\/revisions"}],"predecessor-version":[{"id":71176,"href":"https:\/\/www.comau.com\/pt-br\/wp-json\/wp\/v2\/pages\/59929\/revisions\/71176"}],"up":[{"embeddable":true,"href":"https:\/\/www.comau.com\/pt-br\/wp-json\/wp\/v2\/pages\/65274"}],"wp:featuredmedia":[{"embeddable":true,"href":"https:\/\/www.comau.com\/pt-br\/wp-json\/wp\/v2\/media\/64395"}],"wp:attachment":[{"href":"https:\/\/www.comau.com\/pt-br\/wp-json\/wp\/v2\/media?parent=59929"}],"curies":[{"name":"wp","href":"https:\/\/api.w.org\/{rel}","templated":true}]}}