{"id":5979,"date":"2021-07-01T01:03:47","date_gmt":"2021-06-30T23:03:47","guid":{"rendered":"https:\/\/www.comau.com\/?page_id=5979"},"modified":"2022-02-08T10:07:23","modified_gmt":"2022-02-08T09:07:23","slug":"controls-auxiliary-equipment","status":"publish","type":"page","link":"https:\/\/www.comau.com\/pt-br\/competencies\/products-solutions\/controls-auxiliary-equipment\/","title":{"rendered":"Controls e Equipamentos auxiliaries"},"content":{"rendered":"\n<h2 class=\"wp-block-heading\" id=\"controls\">Controls<\/h2>\n\n\n\n<div class=\"wp-block-columns is-layout-flex wp-container-core-columns-is-layout-9d6595d7 wp-block-columns-is-layout-flex\">\n<div class=\"wp-block-column is-layout-flow wp-block-column-is-layout-flow\">\n<div class=\"wp-block-getwid-image-box has-text-left has-mobile-layout-default has-mobile-alignment-default\"><div class=\"wp-block-getwid-image-box__image-container is-position-top\"><a href=\"https:\/\/www.comau.com\/pt-br\/competencies\/products-solutions\/controls-auxiliary-equipment\/c5g\/\" class=\"wp-block-getwid-image-box__image-wrapper\"><img decoding=\"async\" width=\"1280\" height=\"485\" src=\"https:\/\/www.comau.com\/wp-content\/uploads\/2021\/06\/controls_header.jpg\" alt=\"\" class=\"wp-block-getwid-image-box__image wp-image-905\" srcset=\"https:\/\/www.comau.com\/wp-content\/uploads\/2021\/06\/controls_header.jpg 1280w, https:\/\/www.comau.com\/wp-content\/uploads\/2021\/06\/controls_header-300x114.jpg 300w, https:\/\/www.comau.com\/wp-content\/uploads\/2021\/06\/controls_header-1024x388.jpg 1024w, https:\/\/www.comau.com\/wp-content\/uploads\/2021\/06\/controls_header-768x291.jpg 768w\" sizes=\"(max-width: 1280px) 100vw, 1280px\" \/><\/a><\/div><div class=\"wp-block-getwid-image-box__content\">\n<h3 class=\"wp-block-heading\">C5G<\/h3>\n\n\n\n<p><\/p>\n<\/div><\/div>\n<\/div>\n\n\n\n<div class=\"wp-block-column is-layout-flow wp-block-column-is-layout-flow\">\n<div class=\"wp-block-getwid-image-box has-text-left has-mobile-layout-default has-mobile-alignment-default\"><div class=\"wp-block-getwid-image-box__image-container is-position-top\"><a href=\"https:\/\/www.comau.com\/pt-br\/competencies\/products-solutions\/controls-auxiliary-equipment\/r1c\/\" class=\"wp-block-getwid-image-box__image-wrapper\"><img decoding=\"async\" width=\"1280\" height=\"485\" src=\"https:\/\/www.comau.com\/wp-content\/uploads\/2021\/06\/R1C_header.jpg\" alt=\"\" class=\"wp-block-getwid-image-box__image wp-image-906\" srcset=\"https:\/\/www.comau.com\/wp-content\/uploads\/2021\/06\/R1C_header.jpg 1280w, https:\/\/www.comau.com\/wp-content\/uploads\/2021\/06\/R1C_header-300x114.jpg 300w, https:\/\/www.comau.com\/wp-content\/uploads\/2021\/06\/R1C_header-1024x388.jpg 1024w, https:\/\/www.comau.com\/wp-content\/uploads\/2021\/06\/R1C_header-768x291.jpg 768w\" sizes=\"(max-width: 1280px) 100vw, 1280px\" \/><\/a><\/div><div class=\"wp-block-getwid-image-box__content\">\n<h3 class=\"wp-block-heading\">R1C<\/h3>\n\n\n\n<p><\/p>\n<\/div><\/div>\n<\/div>\n\n\n\n<div class=\"wp-block-column is-layout-flow wp-block-column-is-layout-flow\">\n<div class=\"wp-block-getwid-image-box has-text-left has-mobile-layout-default has-mobile-alignment-default\"><div class=\"wp-block-getwid-image-box__image-container is-position-top\"><a href=\"https:\/\/www.comau.com\/pt-br\/competencies\/products-solutions\/controls-auxiliary-equipment\/r1c-4\/\" class=\"wp-block-getwid-image-box__image-wrapper\"><img decoding=\"async\" width=\"1280\" height=\"485\" src=\"https:\/\/www.comau.com\/wp-content\/uploads\/2021\/06\/R1C_header.jpg\" alt=\"\" class=\"wp-block-getwid-image-box__image wp-image-906\" srcset=\"https:\/\/www.comau.com\/wp-content\/uploads\/2021\/06\/R1C_header.jpg 1280w, https:\/\/www.comau.com\/wp-content\/uploads\/2021\/06\/R1C_header-300x114.jpg 300w, https:\/\/www.comau.com\/wp-content\/uploads\/2021\/06\/R1C_header-1024x388.jpg 1024w, https:\/\/www.comau.com\/wp-content\/uploads\/2021\/06\/R1C_header-768x291.jpg 768w\" sizes=\"(max-width: 1280px) 100vw, 1280px\" \/><\/a><\/div><div class=\"wp-block-getwid-image-box__content\">\n<h3 class=\"wp-block-heading\">R1C-4<\/h3>\n\n\n\n<p><\/p>\n<\/div><\/div>\n<\/div>\n\n\n\n<div class=\"wp-block-column is-layout-flow wp-block-column-is-layout-flow\">\n<div class=\"wp-block-getwid-image-box has-text-left has-mobile-layout-default has-mobile-alignment-default\"><div class=\"wp-block-getwid-image-box__image-container is-position-top\"><a href=\"https:\/\/www.comau.com\/pt-br\/competencies\/products-solutions\/controls-auxiliary-equipment\/teach-pendant\/\" class=\"wp-block-getwid-image-box__image-wrapper\"><img decoding=\"async\" width=\"1280\" height=\"485\" src=\"https:\/\/www.comau.com\/wp-content\/uploads\/2021\/06\/tech-pendant_header.jpg\" alt=\"\" class=\"wp-block-getwid-image-box__image wp-image-907\" srcset=\"https:\/\/www.comau.com\/wp-content\/uploads\/2021\/06\/tech-pendant_header.jpg 1280w, https:\/\/www.comau.com\/wp-content\/uploads\/2021\/06\/tech-pendant_header-300x114.jpg 300w, https:\/\/www.comau.com\/wp-content\/uploads\/2021\/06\/tech-pendant_header-1024x388.jpg 1024w, https:\/\/www.comau.com\/wp-content\/uploads\/2021\/06\/tech-pendant_header-768x291.jpg 768w\" sizes=\"(max-width: 1280px) 100vw, 1280px\" \/><\/a><\/div><div class=\"wp-block-getwid-image-box__content\">\n<h3 class=\"wp-block-heading\">TP5<\/h3>\n\n\n\n<p><\/p>\n<\/div><\/div>\n<\/div>\n<\/div>\n\n\n\n<h2 class=\"wp-block-heading\" id=\"equipamentos-auxiliaries\">Equipamentos auxiliaries<\/h2>\n\n\n\n<div class=\"wp-block-columns is-layout-flex wp-container-core-columns-is-layout-9d6595d7 wp-block-columns-is-layout-flex\">\n<div class=\"wp-block-column is-layout-flow wp-block-column-is-layout-flow\">\n<div class=\"wp-block-getwid-image-box has-text-left has-mobile-layout-default has-mobile-alignment-default\"><div class=\"wp-block-getwid-image-box__image-container is-position-top\"><div class=\"wp-block-getwid-image-box__image-wrapper\"><img decoding=\"async\" width=\"392\" height=\"181\" src=\"https:\/\/www.comau.com\/wp-content\/uploads\/2021\/06\/positioners.jpg\" alt=\"\" class=\"wp-block-getwid-image-box__image wp-image-2590\" srcset=\"https:\/\/www.comau.com\/wp-content\/uploads\/2021\/06\/positioners.jpg 392w, https:\/\/www.comau.com\/wp-content\/uploads\/2021\/06\/positioners-300x139.jpg 300w\" sizes=\"(max-width: 392px) 100vw, 392px\" \/><\/div><\/div><div class=\"wp-block-getwid-image-box__content\">\n<h3 class=\"wp-block-heading\">Posicionadores<\/h3>\n\n\n\n<p>Posicionadores integrados s\u00e3o comandados diretamente pela unidade de controle e permitem ao rob\u00f4 maximizar o processo de aplica\u00e7\u00e3o de qualquer componente, independentemente de seu tamanho ou formato.<\/p>\n<\/div><\/div>\n<\/div>\n\n\n\n<div class=\"wp-block-column is-layout-flow wp-block-column-is-layout-flow\">\n<div class=\"wp-block-getwid-image-box has-text-left has-mobile-layout-default has-mobile-alignment-default\"><div class=\"wp-block-getwid-image-box__image-container is-position-top\"><div class=\"wp-block-getwid-image-box__image-wrapper\"><img decoding=\"async\" width=\"392\" height=\"181\" src=\"https:\/\/www.comau.com\/wp-content\/uploads\/2021\/06\/slides.jpg\" alt=\"\" class=\"wp-block-getwid-image-box__image wp-image-2591\" srcset=\"https:\/\/www.comau.com\/wp-content\/uploads\/2021\/06\/slides.jpg 392w, https:\/\/www.comau.com\/wp-content\/uploads\/2021\/06\/slides-300x139.jpg 300w\" sizes=\"(max-width: 392px) 100vw, 392px\" \/><\/div><\/div><div class=\"wp-block-getwid-image-box__content\">\n<h3 class=\"wp-block-heading\">Deslizadores<\/h3>\n\n\n\n<p>Deslizadores r\u00e1pidos e precisos, que s\u00e3o perfeitamente administrados com o controlador C5G, garantem flexibilidade m\u00e1xima ao ampliar a \u00e1rea operacional do rob\u00f4.<\/p>\n<\/div><\/div>\n<\/div>\n\n\n\n<div class=\"wp-block-column is-layout-flow wp-block-column-is-layout-flow\">\n<div class=\"wp-block-getwid-image-box has-text-left has-mobile-layout-default has-mobile-alignment-default\"><div class=\"wp-block-getwid-image-box__image-container is-position-top\"><div class=\"wp-block-getwid-image-box__image-wrapper\"><img decoding=\"async\" width=\"392\" height=\"181\" src=\"https:\/\/www.comau.com\/wp-content\/uploads\/2021\/06\/external-axis.jpg\" alt=\"\" class=\"wp-block-getwid-image-box__image wp-image-2592\" srcset=\"https:\/\/www.comau.com\/wp-content\/uploads\/2021\/06\/external-axis.jpg 392w, https:\/\/www.comau.com\/wp-content\/uploads\/2021\/06\/external-axis-300x139.jpg 300w\" sizes=\"(max-width: 392px) 100vw, 392px\" \/><\/div><\/div><div class=\"wp-block-getwid-image-box__content\">\n<h3 class=\"wp-block-heading\">Eixo Externo<\/h3>\n\n\n\n<p>Uma ampla variedade de eixos externos com motores de 0,75 Nm at\u00e9 33 Nm, perfeitamente integrados com o controlador C5G, permitem que voc\u00ea gerencie totalmente suas necessidades de automa\u00e7\u00e3o.<\/p>\n<\/div><\/div>\n<\/div>\n<\/div>\n","protected":false},"excerpt":{"rendered":"<p>Controls Equipamentos auxiliaries<\/p>\n","protected":false},"author":11,"featured_media":6034,"parent":65274,"menu_order":3,"comment_status":"closed","ping_status":"closed","template":"","meta":{"_acf_changed":false,"ep_exclude_from_search":false,"footnotes":""},"class_list":["post-5979","page","type-page","status-publish","has-post-thumbnail","hentry"],"acf":[],"yoast_head":"<!-- This site is optimized with the Yoast SEO plugin v26.9 - https:\/\/yoast.com\/product\/yoast-seo-wordpress\/ -->\n<title>Equipamento auxiliar para automa\u00e7\u00e3o integrada | Comau<\/title>\n<meta name=\"description\" content=\"Consulte a gama de equipamento auxiliar Comau: estes equipamentos permitem aumentar a funcionalidade de m\u00e1quinas e rob\u00f4s. Automatize sua empresa!\" \/>\n<meta name=\"robots\" content=\"index, follow, max-snippet:-1, max-image-preview:large, max-video-preview:-1\" \/>\n<link rel=\"canonical\" href=\"https:\/\/www.comau.com\/pt-br\/competencies\/products-solutions\/controls-auxiliary-equipment\/\" \/>\n<meta property=\"og:locale\" content=\"pt_BR\" \/>\n<meta property=\"og:type\" content=\"article\" \/>\n<meta property=\"og:title\" content=\"Equipamento auxiliar para automa\u00e7\u00e3o integrada | Comau\" \/>\n<meta property=\"og:description\" content=\"Consulte a gama de equipamento auxiliar Comau: estes equipamentos permitem aumentar a funcionalidade de m\u00e1quinas e rob\u00f4s. Automatize sua empresa!\" \/>\n<meta property=\"og:url\" content=\"https:\/\/www.comau.com\/pt-br\/competencies\/products-solutions\/controls-auxiliary-equipment\/\" \/>\n<meta property=\"og:site_name\" content=\"Comau\" \/>\n<meta property=\"article:publisher\" content=\"https:\/\/www.facebook.com\/COMAU\/\" \/>\n<meta property=\"article:modified_time\" content=\"2022-02-08T09:07:23+00:00\" \/>\n<meta property=\"og:image\" content=\"https:\/\/www.comau.com\/wp-content\/uploads\/2021\/06\/Header_controls.jpg\" \/>\n\t<meta property=\"og:image:width\" content=\"1280\" \/>\n\t<meta property=\"og:image:height\" content=\"485\" \/>\n\t<meta property=\"og:image:type\" content=\"image\/jpeg\" \/>\n<meta name=\"twitter:card\" content=\"summary_large_image\" \/>\n<meta name=\"twitter:site\" content=\"@comaugroup\" \/>\n<meta name=\"twitter:label1\" content=\"Est. tempo de leitura\" \/>\n\t<meta name=\"twitter:data1\" content=\"2 minutos\" \/>\n<script type=\"application\/ld+json\" class=\"yoast-schema-graph\">{\"@context\":\"https:\/\/schema.org\",\"@graph\":[{\"@type\":\"WebPage\",\"@id\":\"https:\/\/www.comau.com\/pt-br\/competencies\/products-solutions\/controls-auxiliary-equipment\/\",\"url\":\"https:\/\/www.comau.com\/pt-br\/competencies\/products-solutions\/controls-auxiliary-equipment\/\",\"name\":\"Equipamento auxiliar para automa\u00e7\u00e3o integrada | Comau\",\"isPartOf\":{\"@id\":\"https:\/\/www.comau.com\/pt-br\/#website\"},\"primaryImageOfPage\":{\"@id\":\"https:\/\/www.comau.com\/pt-br\/competencies\/products-solutions\/controls-auxiliary-equipment\/#primaryimage\"},\"image\":{\"@id\":\"https:\/\/www.comau.com\/pt-br\/competencies\/products-solutions\/controls-auxiliary-equipment\/#primaryimage\"},\"thumbnailUrl\":\"https:\/\/www.comau.com\/wp-content\/uploads\/2021\/06\/Header_controls.jpg\",\"datePublished\":\"2021-06-30T23:03:47+00:00\",\"dateModified\":\"2022-02-08T09:07:23+00:00\",\"description\":\"Consulte a gama de equipamento auxiliar Comau: estes equipamentos permitem aumentar a funcionalidade de m\u00e1quinas e rob\u00f4s. Automatize sua empresa!\",\"breadcrumb\":{\"@id\":\"https:\/\/www.comau.com\/pt-br\/competencies\/products-solutions\/controls-auxiliary-equipment\/#breadcrumb\"},\"inLanguage\":\"pt-BR\",\"potentialAction\":[{\"@type\":\"ReadAction\",\"target\":[\"https:\/\/www.comau.com\/pt-br\/competencies\/products-solutions\/controls-auxiliary-equipment\/\"]}]},{\"@type\":\"ImageObject\",\"inLanguage\":\"pt-BR\",\"@id\":\"https:\/\/www.comau.com\/pt-br\/competencies\/products-solutions\/controls-auxiliary-equipment\/#primaryimage\",\"url\":\"https:\/\/www.comau.com\/wp-content\/uploads\/2021\/06\/Header_controls.jpg\",\"contentUrl\":\"https:\/\/www.comau.com\/wp-content\/uploads\/2021\/06\/Header_controls.jpg\",\"width\":1280,\"height\":485},{\"@type\":\"BreadcrumbList\",\"@id\":\"https:\/\/www.comau.com\/pt-br\/competencies\/products-solutions\/controls-auxiliary-equipment\/#breadcrumb\",\"itemListElement\":[{\"@type\":\"ListItem\",\"position\":1,\"name\":\"Home\",\"item\":\"https:\/\/www.comau.com\/pt-br\/\"},{\"@type\":\"ListItem\",\"position\":2,\"name\":\"Nossas Compet\u00eancias\",\"item\":\"https:\/\/www.comau.com\/pt-br\/competencies\/\"},{\"@type\":\"ListItem\",\"position\":3,\"name\":\"Robotics &amp; Automation\",\"item\":\"https:\/\/www.comau.com\/pt-br\/competencies\/robotics-automation\/\"},{\"@type\":\"ListItem\",\"position\":4,\"name\":\"Controls e Equipamentos auxiliaries\"}]},{\"@type\":\"WebSite\",\"@id\":\"https:\/\/www.comau.com\/pt-br\/#website\",\"url\":\"https:\/\/www.comau.com\/pt-br\/\",\"name\":\"Comau\",\"description\":\"Industrial automation and robotics\",\"publisher\":{\"@id\":\"https:\/\/www.comau.com\/pt-br\/#organization\"},\"potentialAction\":[{\"@type\":\"SearchAction\",\"target\":{\"@type\":\"EntryPoint\",\"urlTemplate\":\"https:\/\/www.comau.com\/pt-br\/?s={search_term_string}\"},\"query-input\":{\"@type\":\"PropertyValueSpecification\",\"valueRequired\":true,\"valueName\":\"search_term_string\"}}],\"inLanguage\":\"pt-BR\"},{\"@type\":\"Organization\",\"@id\":\"https:\/\/www.comau.com\/pt-br\/#organization\",\"name\":\"Comau\",\"url\":\"https:\/\/www.comau.com\/pt-br\/\",\"logo\":{\"@type\":\"ImageObject\",\"inLanguage\":\"pt-BR\",\"@id\":\"https:\/\/www.comau.com\/pt-br\/#\/schema\/logo\/image\/\",\"url\":\"https:\/\/www.comau.com\/wp-content\/uploads\/2024\/07\/cropped-Logo-COMAU.png\",\"contentUrl\":\"https:\/\/www.comau.com\/wp-content\/uploads\/2024\/07\/cropped-Logo-COMAU.png\",\"width\":434,\"height\":434,\"caption\":\"Comau\"},\"image\":{\"@id\":\"https:\/\/www.comau.com\/pt-br\/#\/schema\/logo\/image\/\"},\"sameAs\":[\"https:\/\/www.facebook.com\/COMAU\/\",\"https:\/\/x.com\/comaugroup\",\"https:\/\/www.instagram.com\/comaugroup\/\",\"https:\/\/www.linkedin.com\/company\/comau\",\"https:\/\/www.youtube.com\/user\/comau\"]}]}<\/script>\n<!-- \/ Yoast SEO plugin. -->","yoast_head_json":{"title":"Equipamento auxiliar para automa\u00e7\u00e3o integrada | Comau","description":"Consulte a gama de equipamento auxiliar Comau: estes equipamentos permitem aumentar a funcionalidade de m\u00e1quinas e rob\u00f4s. Automatize sua empresa!","robots":{"index":"index","follow":"follow","max-snippet":"max-snippet:-1","max-image-preview":"max-image-preview:large","max-video-preview":"max-video-preview:-1"},"canonical":"https:\/\/www.comau.com\/pt-br\/competencies\/products-solutions\/controls-auxiliary-equipment\/","og_locale":"pt_BR","og_type":"article","og_title":"Equipamento auxiliar para automa\u00e7\u00e3o integrada | Comau","og_description":"Consulte a gama de equipamento auxiliar Comau: estes equipamentos permitem aumentar a funcionalidade de m\u00e1quinas e rob\u00f4s. Automatize sua empresa!","og_url":"https:\/\/www.comau.com\/pt-br\/competencies\/products-solutions\/controls-auxiliary-equipment\/","og_site_name":"Comau","article_publisher":"https:\/\/www.facebook.com\/COMAU\/","article_modified_time":"2022-02-08T09:07:23+00:00","og_image":[{"width":1280,"height":485,"url":"https:\/\/www.comau.com\/wp-content\/uploads\/2021\/06\/Header_controls.jpg","type":"image\/jpeg"}],"twitter_card":"summary_large_image","twitter_site":"@comaugroup","twitter_misc":{"Est. tempo de leitura":"2 minutos"},"schema":{"@context":"https:\/\/schema.org","@graph":[{"@type":"WebPage","@id":"https:\/\/www.comau.com\/pt-br\/competencies\/products-solutions\/controls-auxiliary-equipment\/","url":"https:\/\/www.comau.com\/pt-br\/competencies\/products-solutions\/controls-auxiliary-equipment\/","name":"Equipamento auxiliar para automa\u00e7\u00e3o integrada | Comau","isPartOf":{"@id":"https:\/\/www.comau.com\/pt-br\/#website"},"primaryImageOfPage":{"@id":"https:\/\/www.comau.com\/pt-br\/competencies\/products-solutions\/controls-auxiliary-equipment\/#primaryimage"},"image":{"@id":"https:\/\/www.comau.com\/pt-br\/competencies\/products-solutions\/controls-auxiliary-equipment\/#primaryimage"},"thumbnailUrl":"https:\/\/www.comau.com\/wp-content\/uploads\/2021\/06\/Header_controls.jpg","datePublished":"2021-06-30T23:03:47+00:00","dateModified":"2022-02-08T09:07:23+00:00","description":"Consulte a gama de equipamento auxiliar Comau: estes equipamentos permitem aumentar a funcionalidade de m\u00e1quinas e rob\u00f4s. Automatize sua empresa!","breadcrumb":{"@id":"https:\/\/www.comau.com\/pt-br\/competencies\/products-solutions\/controls-auxiliary-equipment\/#breadcrumb"},"inLanguage":"pt-BR","potentialAction":[{"@type":"ReadAction","target":["https:\/\/www.comau.com\/pt-br\/competencies\/products-solutions\/controls-auxiliary-equipment\/"]}]},{"@type":"ImageObject","inLanguage":"pt-BR","@id":"https:\/\/www.comau.com\/pt-br\/competencies\/products-solutions\/controls-auxiliary-equipment\/#primaryimage","url":"https:\/\/www.comau.com\/wp-content\/uploads\/2021\/06\/Header_controls.jpg","contentUrl":"https:\/\/www.comau.com\/wp-content\/uploads\/2021\/06\/Header_controls.jpg","width":1280,"height":485},{"@type":"BreadcrumbList","@id":"https:\/\/www.comau.com\/pt-br\/competencies\/products-solutions\/controls-auxiliary-equipment\/#breadcrumb","itemListElement":[{"@type":"ListItem","position":1,"name":"Home","item":"https:\/\/www.comau.com\/pt-br\/"},{"@type":"ListItem","position":2,"name":"Nossas Compet\u00eancias","item":"https:\/\/www.comau.com\/pt-br\/competencies\/"},{"@type":"ListItem","position":3,"name":"Robotics &amp; Automation","item":"https:\/\/www.comau.com\/pt-br\/competencies\/robotics-automation\/"},{"@type":"ListItem","position":4,"name":"Controls e Equipamentos auxiliaries"}]},{"@type":"WebSite","@id":"https:\/\/www.comau.com\/pt-br\/#website","url":"https:\/\/www.comau.com\/pt-br\/","name":"Comau","description":"Industrial automation and robotics","publisher":{"@id":"https:\/\/www.comau.com\/pt-br\/#organization"},"potentialAction":[{"@type":"SearchAction","target":{"@type":"EntryPoint","urlTemplate":"https:\/\/www.comau.com\/pt-br\/?s={search_term_string}"},"query-input":{"@type":"PropertyValueSpecification","valueRequired":true,"valueName":"search_term_string"}}],"inLanguage":"pt-BR"},{"@type":"Organization","@id":"https:\/\/www.comau.com\/pt-br\/#organization","name":"Comau","url":"https:\/\/www.comau.com\/pt-br\/","logo":{"@type":"ImageObject","inLanguage":"pt-BR","@id":"https:\/\/www.comau.com\/pt-br\/#\/schema\/logo\/image\/","url":"https:\/\/www.comau.com\/wp-content\/uploads\/2024\/07\/cropped-Logo-COMAU.png","contentUrl":"https:\/\/www.comau.com\/wp-content\/uploads\/2024\/07\/cropped-Logo-COMAU.png","width":434,"height":434,"caption":"Comau"},"image":{"@id":"https:\/\/www.comau.com\/pt-br\/#\/schema\/logo\/image\/"},"sameAs":["https:\/\/www.facebook.com\/COMAU\/","https:\/\/x.com\/comaugroup","https:\/\/www.instagram.com\/comaugroup\/","https:\/\/www.linkedin.com\/company\/comau","https:\/\/www.youtube.com\/user\/comau"]}]}},"_links":{"self":[{"href":"https:\/\/www.comau.com\/pt-br\/wp-json\/wp\/v2\/pages\/5979","targetHints":{"allow":["GET"]}}],"collection":[{"href":"https:\/\/www.comau.com\/pt-br\/wp-json\/wp\/v2\/pages"}],"about":[{"href":"https:\/\/www.comau.com\/pt-br\/wp-json\/wp\/v2\/types\/page"}],"author":[{"embeddable":true,"href":"https:\/\/www.comau.com\/pt-br\/wp-json\/wp\/v2\/users\/11"}],"replies":[{"embeddable":true,"href":"https:\/\/www.comau.com\/pt-br\/wp-json\/wp\/v2\/comments?post=5979"}],"version-history":[{"count":16,"href":"https:\/\/www.comau.com\/pt-br\/wp-json\/wp\/v2\/pages\/5979\/revisions"}],"predecessor-version":[{"id":42120,"href":"https:\/\/www.comau.com\/pt-br\/wp-json\/wp\/v2\/pages\/5979\/revisions\/42120"}],"up":[{"embeddable":true,"href":"https:\/\/www.comau.com\/pt-br\/wp-json\/wp\/v2\/pages\/65274"}],"wp:featuredmedia":[{"embeddable":true,"href":"https:\/\/www.comau.com\/pt-br\/wp-json\/wp\/v2\/media\/6034"}],"wp:attachment":[{"href":"https:\/\/www.comau.com\/pt-br\/wp-json\/wp\/v2\/media?parent=5979"}],"curies":[{"name":"wp","href":"https:\/\/api.w.org\/{rel}","templated":true}]}}