{"id":5949,"date":"2021-07-01T00:02:15","date_gmt":"2021-06-30T22:02:15","guid":{"rendered":"https:\/\/www.comau.com\/?page_id=5949"},"modified":"2022-02-08T10:22:57","modified_gmt":"2022-02-08T09:22:57","slug":"power-system-products","status":"publish","type":"page","link":"https:\/\/www.comau.com\/pt-br\/competencies\/products-solutions\/powertrain-machining\/power-system-products\/","title":{"rendered":"Power System &#038; Products"},"content":{"rendered":"\n<h2 class=\"wp-block-heading\" id=\"solucoes-potentes-para-aplicacoes-tradicionais-e-de-electrification\">Solu\u00e7\u00f5es potentes para aplica\u00e7\u00f5es tradicionais e de Electrification<\/h2>\n\n\n\n<p>N\u00e3o \u00e9 dif\u00edcil entender porque empresas do mundo inteiro escolhem a Comau como o fornecedor \u00fanico para tudo, de linhas-piloto a sistemas de produ\u00e7\u00e3o de massa.<\/p>\n\n\n\n<p>Voc\u00ea pode contar com a Comau para o fornecimento de produtos e tecnologias baseadas em padr\u00f5es para aplica\u00e7\u00f5es de sistemas de pot\u00eancia tradicionais e el\u00e9tricos que combinam modularidade completa com flexibilidade escal\u00e1vel. <\/p>\n\n\n\n<ul class=\"wp-block-list\"><li>Sistemas enxutos de usinagem e montagem modulares e escal\u00e1veis<\/li><li>Tecnologias de processo<\/li><li>Produtos padr\u00e3o Comau<\/li><li>Solu\u00e7\u00f5es digitais e arquiteturas Industry 4.0<\/li><li>Solu\u00e7\u00f5es log\u00edsticas integradas<\/li><\/ul>\n\n\n\n<div class=\"wp-block-getwid-toggle download-dropdown has-icon-left\">\n<div class=\"wp-block-getwid-toggle__row\"><div class=\"wp-block-getwid-toggle__header-wrapper\"><span class=\"wp-block-getwid-toggle__header\"><a href=\"#\"><span class=\"wp-block-getwid-toggle__header-title\">Download the brochure<\/span><span class=\"wp-block-getwid-toggle__icon is-active\"><i class=\"fas fa-plus\"><\/i><\/span><span class=\"wp-block-getwid-toggle__icon is-passive\"><i class=\"fas fa-minus\"><\/i><\/span><\/a><\/span><\/div><div class=\"wp-block-getwid-toggle__content-wrapper\"><div class=\"wp-block-getwid-toggle__content\">\n<div class=\"wp-block-getwid-button-group\"><div class=\"wp-block-getwid-button-group__wrapper\">\n<div class=\"wp-block-button\"><a class=\"wp-block-button__link\" href=\"https:\/\/www.comau.com\/wp-content\/uploads\/2021\/06\/COMAU_scheda_emobility.pdf\" target=\"_blank\" rel=\"noreferrer noopener\">COMAU scheda electrification<\/a><\/div>\n<\/div><\/div>\n<\/div><\/div><\/div>\n<\/div>\n\n\n\n<h2 class=\"wp-block-heading\" id=\"ofertas-totalmente-integradas\">Ofertas totalmente integradas<\/h2>\n\n\n\n<div class=\"wp-block-columns columns-bg-dark is-layout-flex wp-container-core-columns-is-layout-9d6595d7 wp-block-columns-is-layout-flex\">\n<div class=\"wp-block-column is-layout-flow wp-block-column-is-layout-flow\">\n<h3 class=\"wp-block-heading\" id=\"montagem-de-motores-de-combustao-interna-e-transmissoes\">Montagem de motores de combust\u00e3o interna e transmiss\u00f5es<\/h3>\n\n\n\n<p>De cabe\u00e7otes de cilindro a motores e transmiss\u00f5es, nossas linhas de montagem altamente eficazes podem ajudar voc\u00ea a aumentar o desempenho de sua produ\u00e7\u00e3o.<\/p>\n\n\n\n<div class=\"wp-block-buttons is-layout-flex wp-block-buttons-is-layout-flex\">\n<div class=\"wp-block-button\"><a class=\"wp-block-button__link\" href=\"https:\/\/www.comau.com\/pt-br\/competencies\/products-solutions\/powertrain-machining\/power-system-products\/internal-combustion-engine-assembly\/\">Saiba mais<\/a><\/div>\n<\/div>\n<\/div>\n\n\n\n<div class=\"wp-block-column is-layout-flow wp-block-column-is-layout-flow\">\n<h3 class=\"wp-block-heading\" id=\"montagem-de-baterias\">Montagem de baterias<\/h3>\n\n\n\n<p>Nossos sistemas de montagem comprovados no campo para grupos e m\u00f3dulos de bateria s\u00e3o projetados para ajudar voc\u00ea a passar rapidamente da valida\u00e7\u00e3o de prot\u00f3tipos e processos \u00e0 industrializa\u00e7\u00e3o completa<\/p>\n<\/div>\n<\/div>\n\n\n\n<div class=\"wp-block-columns columns-bg-dark is-layout-flex wp-container-core-columns-is-layout-9d6595d7 wp-block-columns-is-layout-flex\">\n<div class=\"wp-block-column is-layout-flow wp-block-column-is-layout-flow\">\n<h3 class=\"wp-block-heading\" id=\"montagem-de-acionamentos-eletricos-e-transmissoes\">Montagem de acionamentos el\u00e9tricos e transmiss\u00f5es <\/h3>\n\n\n\n<p>Fornecemos sistemas de montagem potentes para o trem de for\u00e7a inteiro. Da montagem de rotores e estatores a motores el\u00e9tricos e transmiss\u00f5es el\u00e9tricas completos.<\/p>\n\n\n\n<div class=\"wp-block-buttons is-layout-flex wp-block-buttons-is-layout-flex\">\n<div class=\"wp-block-button\"><a class=\"wp-block-button__link\" href=\"https:\/\/www.comau.com\/pt-br\/competencies\/products-solutions\/powertrain-machining\/power-system-products\/e-drive-and-transmission-assembly\/\">Saiba mais<\/a><\/div>\n<\/div>\n<\/div>\n\n\n\n<div class=\"wp-block-column is-layout-flow wp-block-column-is-layout-flow\">\n<h3 class=\"wp-block-heading\" id=\"usinagem-de-motores-e-transmissoes\">Usinagem de motores e transmiss\u00f5es<\/h3>\n\n\n\n<p>Para apoiar suas necessidades de usinagem de motores e transmiss\u00f5es, nossos potentes sistemas asseguram precis\u00e3o din\u00e2mica, alta produtividade e precis\u00e3o a longo prazo.<\/p>\n\n\n\n<div class=\"wp-block-buttons is-layout-flex wp-block-buttons-is-layout-flex\">\n<div class=\"wp-block-button\"><a class=\"wp-block-button__link\" href=\"https:\/\/www.comau.com\/pt-br\/competencies\/products-solutions\/machining-system-products\/\">Saiba mais<\/a><\/div>\n<\/div>\n<\/div>\n<\/div>\n\n\n\n<p>N\u00e3o importa a maneira como voc\u00ea observa, a Comau \u00e9 seu parceiro confi\u00e1vel quando se trata de gera\u00e7\u00e3o de energia para seus ve\u00edculos.<\/p>\n\n\n\n<h2 class=\"wp-block-heading\" id=\"montagem-automatizada-facilitada\">Montagem automatizada facilitada<\/h2>\n\n\n\n<p>\u200bQuando se trata de satisfazer \u00e0s necessidades de montagem de motores tradicionais e trens de for\u00e7a el\u00e9tricos, a Comau oferece uma ampla variedade de op\u00e7\u00f5es para maximizar seu fluxo de produ\u00e7\u00e3o. Nossos potentes m\u00f3dulos de montagem para motores, baterias, transmiss\u00f5es e componentes permitem que organiza\u00e7\u00f5es de qualquer dimens\u00e3o implementem solu\u00e7\u00f5es de fabrica\u00e7\u00e3o enxuta com efici\u00eancia de custos que podem completar o processo inteiro de montagem em menos de um minuto. Eles tamb\u00e9m podem ser facilmente reconfigurados para montar uma pe\u00e7a ou tipo de transmiss\u00e3o diferente em poucos dias, dando a voc\u00ea elevada flexibilidade e ajudando a permanecer competitivo em um mercado em constante mudan\u00e7a.<\/p>\n\n\n\n<h2 class=\"wp-block-heading\" id=\"centros-de-montagem\">Centros de montagem<\/h2>\n\n\n\n<p>\u200bDe sistemas de montagem manuais, semi-automatizados a totalmente automatizados, voc\u00ea pode confiar na Comau para fazer da precis\u00e3o e da exatid\u00e3o uma garantia di\u00e1ria<\/p>\n\n\n\n<div class=\"wp-block-columns is-layout-flex wp-container-core-columns-is-layout-9d6595d7 wp-block-columns-is-layout-flex\">\n<div class=\"wp-block-column is-layout-flow wp-block-column-is-layout-flow\">\n<div class=\"wp-block-getwid-image-box has-text-left has-mobile-layout-default has-mobile-alignment-default\"><div class=\"wp-block-getwid-image-box__image-container is-position-top\"><a href=\"https:\/\/www.comau.com\/pt-br\/competencies\/products-solutions\/powertrain-machining\/power-system-products\/smartcellcomau\/\" class=\"wp-block-getwid-image-box__image-wrapper\"><img decoding=\"async\" width=\"1280\" height=\"485\" src=\"https:\/\/www.comau.com\/wp-content\/uploads\/2021\/06\/smartcellcomau_header.jpg\" alt=\"\" class=\"wp-block-getwid-image-box__image wp-image-709\" srcset=\"https:\/\/www.comau.com\/wp-content\/uploads\/2021\/06\/smartcellcomau_header.jpg 1280w, https:\/\/www.comau.com\/wp-content\/uploads\/2021\/06\/smartcellcomau_header-300x114.jpg 300w, https:\/\/www.comau.com\/wp-content\/uploads\/2021\/06\/smartcellcomau_header-1024x388.jpg 1024w, https:\/\/www.comau.com\/wp-content\/uploads\/2021\/06\/smartcellcomau_header-768x291.jpg 768w\" sizes=\"(max-width: 1280px) 100vw, 1280px\" \/><\/a><\/div><div class=\"wp-block-getwid-image-box__content\">\n<h3 class=\"wp-block-heading\">SmartCellComau<\/h3>\n\n\n\n<p>A esta\u00e7\u00e3o de montagem paralela constru\u00edda para a montagem automatizada de componentes que exigem toler\u00e2ncias rigorosas<\/p>\n<\/div><\/div>\n<\/div>\n\n\n\n<div class=\"wp-block-column is-layout-flow wp-block-column-is-layout-flow\">\n<div class=\"wp-block-getwid-image-box has-text-left has-mobile-layout-default has-mobile-alignment-default\"><div class=\"wp-block-getwid-image-box__image-container is-position-top\"><a href=\"https:\/\/www.comau.com\/pt-br\/competencies\/products-solutions\/powertrain-machining\/power-system-products\/smartmancomau\/\" class=\"wp-block-getwid-image-box__image-wrapper\"><img decoding=\"async\" width=\"1280\" height=\"485\" src=\"https:\/\/www.comau.com\/wp-content\/uploads\/2021\/06\/smartmancomau_header.jpg\" alt=\"\" class=\"wp-block-getwid-image-box__image wp-image-710\" srcset=\"https:\/\/www.comau.com\/wp-content\/uploads\/2021\/06\/smartmancomau_header.jpg 1280w, https:\/\/www.comau.com\/wp-content\/uploads\/2021\/06\/smartmancomau_header-300x114.jpg 300w, https:\/\/www.comau.com\/wp-content\/uploads\/2021\/06\/smartmancomau_header-1024x388.jpg 1024w, https:\/\/www.comau.com\/wp-content\/uploads\/2021\/06\/smartmancomau_header-768x291.jpg 768w\" sizes=\"(max-width: 1280px) 100vw, 1280px\" \/><\/a><\/div><div class=\"wp-block-getwid-image-box__content\">\n<h3 class=\"wp-block-heading\">SmartManComau<\/h3>\n\n\n\n<p>Fabrica\u00e7\u00e3o manual avan\u00e7ada que aumenta a produtividade e reduz os custos globais de produ\u00e7\u00e3o\u200b<\/p>\n<\/div><\/div>\n<\/div>\n\n\n\n<div class=\"wp-block-column is-layout-flow wp-block-column-is-layout-flow\">\n<div class=\"wp-block-getwid-image-box has-text-left has-mobile-layout-default has-mobile-alignment-default\"><div class=\"wp-block-getwid-image-box__image-container is-position-top\"><a href=\"https:\/\/www.comau.com\/pt-br\/competencies\/products-solutions\/powertrain-machining\/power-system-products\/smartrobcomau-automated\/\" class=\"wp-block-getwid-image-box__image-wrapper\"><img decoding=\"async\" width=\"1280\" height=\"485\" src=\"https:\/\/www.comau.com\/wp-content\/uploads\/2021\/06\/smartrobcomau-automated_header.jpg\" alt=\"\" class=\"wp-block-getwid-image-box__image wp-image-711\" srcset=\"https:\/\/www.comau.com\/wp-content\/uploads\/2021\/06\/smartrobcomau-automated_header.jpg 1280w, https:\/\/www.comau.com\/wp-content\/uploads\/2021\/06\/smartrobcomau-automated_header-300x114.jpg 300w, https:\/\/www.comau.com\/wp-content\/uploads\/2021\/06\/smartrobcomau-automated_header-1024x388.jpg 1024w, https:\/\/www.comau.com\/wp-content\/uploads\/2021\/06\/smartrobcomau-automated_header-768x291.jpg 768w\" sizes=\"(max-width: 1280px) 100vw, 1280px\" \/><\/a><\/div><div class=\"wp-block-getwid-image-box__content\">\n<h3 class=\"wp-block-heading\">SmartRobComau Automated<\/h3>\n\n\n\n<p>Leve seus processos de montagem a um n\u00edvel praticamente aut\u00f4nomo e mantenha os custos ao m\u00ednimo<\/p>\n<\/div><\/div>\n<\/div>\n<\/div>\n\n\n\n<h2 class=\"wp-block-heading\" id=\"valor-agregado\">Valor agregado<\/h2>\n\n\n\n<ul class=\"wp-block-list\"><li>Integra\u00e7\u00e3o de processos seriais e paralelos<\/li><li>Escalabilidade modular para alinhar o investimento em capital \u00e0s demandas do mercado<\/li><li>Reconfigura\u00e7\u00e3o e reequipamento r\u00e1pidos<\/li><li>Espa\u00e7o compacto<\/li><li>Conceito de fabrica\u00e7\u00e3o enxuta com log\u00edstica de materiais otimizada<\/li><li>Preparado para IoT (conex\u00e3o eletr\u00f4nica, documenta\u00e7\u00e3o eletr\u00f4nica, manuten\u00e7\u00e3o preditiva, comissionamento virtual, usinagem virtual)<\/li><\/ul>\n\n\n\n<h2 class=\"wp-block-heading\" id=\"beneficios\">Benef\u00edcios<\/h2>\n\n\n\n<ul class=\"wp-block-list\"><li>Gerenciamento de modos de economia de energia<\/li><li>Consumo reduzido de fluidos<\/li><li>Componentes de \u00faltima gera\u00e7\u00e3o com baixo consumo de energia<\/li><li>Espa\u00e7o compacto<\/li><\/ul>\n","protected":false},"excerpt":{"rendered":"<p>Solu\u00e7\u00f5es potentes para aplica\u00e7\u00f5es tradicionais e de Electrification N\u00e3o \u00e9 dif\u00edcil entender porque empresas do mundo inteiro escolhem a Comau como o fornecedor \u00fanico para tudo, de linhas-piloto a sistemas de produ\u00e7\u00e3o de massa. Voc\u00ea pode contar com a Comau para o fornecimento de produtos e tecnologias baseadas em padr\u00f5es para aplica\u00e7\u00f5es de sistemas de [&hellip;]<\/p>\n","protected":false},"author":11,"featured_media":5971,"parent":4808,"menu_order":2,"comment_status":"closed","ping_status":"closed","template":"","meta":{"_acf_changed":false,"ep_exclude_from_search":false,"footnotes":""},"class_list":["post-5949","page","type-page","status-publish","has-post-thumbnail","hentry"],"acf":[],"yoast_head":"<!-- This site is optimized with the Yoast SEO plugin v26.9 - https:\/\/yoast.com\/product\/yoast-seo-wordpress\/ -->\n<title>Sistemas de produ\u00e7\u00e3o de motores el\u00e9tricos | Comau<\/title>\n<meta name=\"description\" content=\"Descubra as solu\u00e7\u00f5es Comau para motores el\u00e9tricos: sistemas de produ\u00e7\u00e3o e solu\u00e7\u00f5es log\u00edsticas em uma \u00fanica empresa. Conhe\u00e7a aqui nossos servi\u00e7os em detalhe.\" \/>\n<meta name=\"robots\" content=\"index, follow, max-snippet:-1, max-image-preview:large, max-video-preview:-1\" \/>\n<link rel=\"canonical\" href=\"https:\/\/www.comau.com\/pt-br\/competencies\/products-solutions\/powertrain-machining\/power-system-products\/\" \/>\n<meta property=\"og:locale\" content=\"pt_BR\" \/>\n<meta property=\"og:type\" content=\"article\" \/>\n<meta property=\"og:title\" content=\"Sistemas de produ\u00e7\u00e3o de motores el\u00e9tricos | Comau\" \/>\n<meta property=\"og:description\" content=\"Descubra as solu\u00e7\u00f5es Comau para motores el\u00e9tricos: sistemas de produ\u00e7\u00e3o e solu\u00e7\u00f5es log\u00edsticas em uma \u00fanica empresa. Conhe\u00e7a aqui nossos servi\u00e7os em detalhe.\" \/>\n<meta property=\"og:url\" content=\"https:\/\/www.comau.com\/pt-br\/competencies\/products-solutions\/powertrain-machining\/power-system-products\/\" \/>\n<meta property=\"og:site_name\" content=\"Comau\" \/>\n<meta property=\"article:publisher\" content=\"https:\/\/www.facebook.com\/COMAU\/\" \/>\n<meta property=\"article:modified_time\" content=\"2022-02-08T09:22:57+00:00\" \/>\n<meta property=\"og:image\" content=\"https:\/\/www.comau.com\/wp-content\/uploads\/2021\/06\/emobility_header2.png\" \/>\n\t<meta property=\"og:image:width\" content=\"1280\" \/>\n\t<meta property=\"og:image:height\" content=\"485\" \/>\n\t<meta property=\"og:image:type\" content=\"image\/png\" \/>\n<meta name=\"twitter:card\" content=\"summary_large_image\" \/>\n<meta name=\"twitter:site\" content=\"@comaugroup\" \/>\n<meta name=\"twitter:label1\" content=\"Est. tempo de leitura\" \/>\n\t<meta name=\"twitter:data1\" content=\"3 minutos\" \/>\n<script type=\"application\/ld+json\" class=\"yoast-schema-graph\">{\"@context\":\"https:\/\/schema.org\",\"@graph\":[{\"@type\":\"WebPage\",\"@id\":\"https:\/\/www.comau.com\/pt-br\/competencies\/products-solutions\/powertrain-machining\/power-system-products\/\",\"url\":\"https:\/\/www.comau.com\/pt-br\/competencies\/products-solutions\/powertrain-machining\/power-system-products\/\",\"name\":\"Sistemas de produ\u00e7\u00e3o de motores el\u00e9tricos | Comau\",\"isPartOf\":{\"@id\":\"https:\/\/www.comau.com\/pt-br\/#website\"},\"primaryImageOfPage\":{\"@id\":\"https:\/\/www.comau.com\/pt-br\/competencies\/products-solutions\/powertrain-machining\/power-system-products\/#primaryimage\"},\"image\":{\"@id\":\"https:\/\/www.comau.com\/pt-br\/competencies\/products-solutions\/powertrain-machining\/power-system-products\/#primaryimage\"},\"thumbnailUrl\":\"https:\/\/www.comau.com\/wp-content\/uploads\/2021\/06\/emobility_header2.png\",\"datePublished\":\"2021-06-30T22:02:15+00:00\",\"dateModified\":\"2022-02-08T09:22:57+00:00\",\"description\":\"Descubra as solu\u00e7\u00f5es Comau para motores el\u00e9tricos: sistemas de produ\u00e7\u00e3o e solu\u00e7\u00f5es log\u00edsticas em uma \u00fanica empresa. Conhe\u00e7a aqui nossos servi\u00e7os em detalhe.\",\"breadcrumb\":{\"@id\":\"https:\/\/www.comau.com\/pt-br\/competencies\/products-solutions\/powertrain-machining\/power-system-products\/#breadcrumb\"},\"inLanguage\":\"pt-BR\",\"potentialAction\":[{\"@type\":\"ReadAction\",\"target\":[\"https:\/\/www.comau.com\/pt-br\/competencies\/products-solutions\/powertrain-machining\/power-system-products\/\"]}]},{\"@type\":\"ImageObject\",\"inLanguage\":\"pt-BR\",\"@id\":\"https:\/\/www.comau.com\/pt-br\/competencies\/products-solutions\/powertrain-machining\/power-system-products\/#primaryimage\",\"url\":\"https:\/\/www.comau.com\/wp-content\/uploads\/2021\/06\/emobility_header2.png\",\"contentUrl\":\"https:\/\/www.comau.com\/wp-content\/uploads\/2021\/06\/emobility_header2.png\",\"width\":1280,\"height\":485},{\"@type\":\"BreadcrumbList\",\"@id\":\"https:\/\/www.comau.com\/pt-br\/competencies\/products-solutions\/powertrain-machining\/power-system-products\/#breadcrumb\",\"itemListElement\":[{\"@type\":\"ListItem\",\"position\":1,\"name\":\"Home\",\"item\":\"https:\/\/www.comau.com\/pt-br\/\"},{\"@type\":\"ListItem\",\"position\":2,\"name\":\"Nossas Compet\u00eancias\",\"item\":\"https:\/\/www.comau.com\/pt-br\/competencies\/\"},{\"@type\":\"ListItem\",\"position\":3,\"name\":\"Powertrain &#038; Machining\",\"item\":\"https:\/\/www.comau.com\/pt-br\/competencies\/powertrain-machining\/\"},{\"@type\":\"ListItem\",\"position\":4,\"name\":\"Power System &#038; Products\"}]},{\"@type\":\"WebSite\",\"@id\":\"https:\/\/www.comau.com\/pt-br\/#website\",\"url\":\"https:\/\/www.comau.com\/pt-br\/\",\"name\":\"Comau\",\"description\":\"Industrial automation and robotics\",\"publisher\":{\"@id\":\"https:\/\/www.comau.com\/pt-br\/#organization\"},\"potentialAction\":[{\"@type\":\"SearchAction\",\"target\":{\"@type\":\"EntryPoint\",\"urlTemplate\":\"https:\/\/www.comau.com\/pt-br\/?s={search_term_string}\"},\"query-input\":{\"@type\":\"PropertyValueSpecification\",\"valueRequired\":true,\"valueName\":\"search_term_string\"}}],\"inLanguage\":\"pt-BR\"},{\"@type\":\"Organization\",\"@id\":\"https:\/\/www.comau.com\/pt-br\/#organization\",\"name\":\"Comau\",\"url\":\"https:\/\/www.comau.com\/pt-br\/\",\"logo\":{\"@type\":\"ImageObject\",\"inLanguage\":\"pt-BR\",\"@id\":\"https:\/\/www.comau.com\/pt-br\/#\/schema\/logo\/image\/\",\"url\":\"https:\/\/www.comau.com\/wp-content\/uploads\/2024\/07\/cropped-Logo-COMAU.png\",\"contentUrl\":\"https:\/\/www.comau.com\/wp-content\/uploads\/2024\/07\/cropped-Logo-COMAU.png\",\"width\":434,\"height\":434,\"caption\":\"Comau\"},\"image\":{\"@id\":\"https:\/\/www.comau.com\/pt-br\/#\/schema\/logo\/image\/\"},\"sameAs\":[\"https:\/\/www.facebook.com\/COMAU\/\",\"https:\/\/x.com\/comaugroup\",\"https:\/\/www.instagram.com\/comaugroup\/\",\"https:\/\/www.linkedin.com\/company\/comau\",\"https:\/\/www.youtube.com\/user\/comau\"]}]}<\/script>\n<!-- \/ Yoast SEO plugin. -->","yoast_head_json":{"title":"Sistemas de produ\u00e7\u00e3o de motores el\u00e9tricos | Comau","description":"Descubra as solu\u00e7\u00f5es Comau para motores el\u00e9tricos: sistemas de produ\u00e7\u00e3o e solu\u00e7\u00f5es log\u00edsticas em uma \u00fanica empresa. Conhe\u00e7a aqui nossos servi\u00e7os em detalhe.","robots":{"index":"index","follow":"follow","max-snippet":"max-snippet:-1","max-image-preview":"max-image-preview:large","max-video-preview":"max-video-preview:-1"},"canonical":"https:\/\/www.comau.com\/pt-br\/competencies\/products-solutions\/powertrain-machining\/power-system-products\/","og_locale":"pt_BR","og_type":"article","og_title":"Sistemas de produ\u00e7\u00e3o de motores el\u00e9tricos | Comau","og_description":"Descubra as solu\u00e7\u00f5es Comau para motores el\u00e9tricos: sistemas de produ\u00e7\u00e3o e solu\u00e7\u00f5es log\u00edsticas em uma \u00fanica empresa. Conhe\u00e7a aqui nossos servi\u00e7os em detalhe.","og_url":"https:\/\/www.comau.com\/pt-br\/competencies\/products-solutions\/powertrain-machining\/power-system-products\/","og_site_name":"Comau","article_publisher":"https:\/\/www.facebook.com\/COMAU\/","article_modified_time":"2022-02-08T09:22:57+00:00","og_image":[{"width":1280,"height":485,"url":"https:\/\/www.comau.com\/wp-content\/uploads\/2021\/06\/emobility_header2.png","type":"image\/png"}],"twitter_card":"summary_large_image","twitter_site":"@comaugroup","twitter_misc":{"Est. tempo de leitura":"3 minutos"},"schema":{"@context":"https:\/\/schema.org","@graph":[{"@type":"WebPage","@id":"https:\/\/www.comau.com\/pt-br\/competencies\/products-solutions\/powertrain-machining\/power-system-products\/","url":"https:\/\/www.comau.com\/pt-br\/competencies\/products-solutions\/powertrain-machining\/power-system-products\/","name":"Sistemas de produ\u00e7\u00e3o de motores el\u00e9tricos | Comau","isPartOf":{"@id":"https:\/\/www.comau.com\/pt-br\/#website"},"primaryImageOfPage":{"@id":"https:\/\/www.comau.com\/pt-br\/competencies\/products-solutions\/powertrain-machining\/power-system-products\/#primaryimage"},"image":{"@id":"https:\/\/www.comau.com\/pt-br\/competencies\/products-solutions\/powertrain-machining\/power-system-products\/#primaryimage"},"thumbnailUrl":"https:\/\/www.comau.com\/wp-content\/uploads\/2021\/06\/emobility_header2.png","datePublished":"2021-06-30T22:02:15+00:00","dateModified":"2022-02-08T09:22:57+00:00","description":"Descubra as solu\u00e7\u00f5es Comau para motores el\u00e9tricos: sistemas de produ\u00e7\u00e3o e solu\u00e7\u00f5es log\u00edsticas em uma \u00fanica empresa. Conhe\u00e7a aqui nossos servi\u00e7os em detalhe.","breadcrumb":{"@id":"https:\/\/www.comau.com\/pt-br\/competencies\/products-solutions\/powertrain-machining\/power-system-products\/#breadcrumb"},"inLanguage":"pt-BR","potentialAction":[{"@type":"ReadAction","target":["https:\/\/www.comau.com\/pt-br\/competencies\/products-solutions\/powertrain-machining\/power-system-products\/"]}]},{"@type":"ImageObject","inLanguage":"pt-BR","@id":"https:\/\/www.comau.com\/pt-br\/competencies\/products-solutions\/powertrain-machining\/power-system-products\/#primaryimage","url":"https:\/\/www.comau.com\/wp-content\/uploads\/2021\/06\/emobility_header2.png","contentUrl":"https:\/\/www.comau.com\/wp-content\/uploads\/2021\/06\/emobility_header2.png","width":1280,"height":485},{"@type":"BreadcrumbList","@id":"https:\/\/www.comau.com\/pt-br\/competencies\/products-solutions\/powertrain-machining\/power-system-products\/#breadcrumb","itemListElement":[{"@type":"ListItem","position":1,"name":"Home","item":"https:\/\/www.comau.com\/pt-br\/"},{"@type":"ListItem","position":2,"name":"Nossas Compet\u00eancias","item":"https:\/\/www.comau.com\/pt-br\/competencies\/"},{"@type":"ListItem","position":3,"name":"Powertrain &#038; Machining","item":"https:\/\/www.comau.com\/pt-br\/competencies\/powertrain-machining\/"},{"@type":"ListItem","position":4,"name":"Power System &#038; Products"}]},{"@type":"WebSite","@id":"https:\/\/www.comau.com\/pt-br\/#website","url":"https:\/\/www.comau.com\/pt-br\/","name":"Comau","description":"Industrial automation and robotics","publisher":{"@id":"https:\/\/www.comau.com\/pt-br\/#organization"},"potentialAction":[{"@type":"SearchAction","target":{"@type":"EntryPoint","urlTemplate":"https:\/\/www.comau.com\/pt-br\/?s={search_term_string}"},"query-input":{"@type":"PropertyValueSpecification","valueRequired":true,"valueName":"search_term_string"}}],"inLanguage":"pt-BR"},{"@type":"Organization","@id":"https:\/\/www.comau.com\/pt-br\/#organization","name":"Comau","url":"https:\/\/www.comau.com\/pt-br\/","logo":{"@type":"ImageObject","inLanguage":"pt-BR","@id":"https:\/\/www.comau.com\/pt-br\/#\/schema\/logo\/image\/","url":"https:\/\/www.comau.com\/wp-content\/uploads\/2024\/07\/cropped-Logo-COMAU.png","contentUrl":"https:\/\/www.comau.com\/wp-content\/uploads\/2024\/07\/cropped-Logo-COMAU.png","width":434,"height":434,"caption":"Comau"},"image":{"@id":"https:\/\/www.comau.com\/pt-br\/#\/schema\/logo\/image\/"},"sameAs":["https:\/\/www.facebook.com\/COMAU\/","https:\/\/x.com\/comaugroup","https:\/\/www.instagram.com\/comaugroup\/","https:\/\/www.linkedin.com\/company\/comau","https:\/\/www.youtube.com\/user\/comau"]}]}},"_links":{"self":[{"href":"https:\/\/www.comau.com\/pt-br\/wp-json\/wp\/v2\/pages\/5949","targetHints":{"allow":["GET"]}}],"collection":[{"href":"https:\/\/www.comau.com\/pt-br\/wp-json\/wp\/v2\/pages"}],"about":[{"href":"https:\/\/www.comau.com\/pt-br\/wp-json\/wp\/v2\/types\/page"}],"author":[{"embeddable":true,"href":"https:\/\/www.comau.com\/pt-br\/wp-json\/wp\/v2\/users\/11"}],"replies":[{"embeddable":true,"href":"https:\/\/www.comau.com\/pt-br\/wp-json\/wp\/v2\/comments?post=5949"}],"version-history":[{"count":45,"href":"https:\/\/www.comau.com\/pt-br\/wp-json\/wp\/v2\/pages\/5949\/revisions"}],"predecessor-version":[{"id":42140,"href":"https:\/\/www.comau.com\/pt-br\/wp-json\/wp\/v2\/pages\/5949\/revisions\/42140"}],"up":[{"embeddable":true,"href":"https:\/\/www.comau.com\/pt-br\/wp-json\/wp\/v2\/pages\/4808"}],"wp:featuredmedia":[{"embeddable":true,"href":"https:\/\/www.comau.com\/pt-br\/wp-json\/wp\/v2\/media\/5971"}],"wp:attachment":[{"href":"https:\/\/www.comau.com\/pt-br\/wp-json\/wp\/v2\/media?parent=5949"}],"curies":[{"name":"wp","href":"https:\/\/api.w.org\/{rel}","templated":true}]}}