{"id":58802,"date":"2023-12-12T17:35:11","date_gmt":"2023-12-12T16:35:11","guid":{"rendered":"https:\/\/www.comau.com\/?page_id=58802"},"modified":"2023-12-18T23:04:02","modified_gmt":"2023-12-18T22:04:02","slug":"linhas-de-montagem-de-transmissoes-hibridas-hycet","status":"publish","type":"page","link":"https:\/\/www.comau.com\/pt-br\/about-us\/success-stories\/linhas-de-montagem-de-transmissoes-hibridas-hycet\/","title":{"rendered":"Comau desenvolve e instala linhas de montagem dedicadas para a produ\u00e7\u00e3o de transmiss\u00f5es h\u00edbridas da Hycet"},"content":{"rendered":"\n<p>Com o avan\u00e7o r\u00e1pido das tecnologias h\u00edbridas e a expans\u00e3o global de novas pol\u00edticas energ\u00e9ticas, os fabricantes de autom\u00f3veis t\u00eam explorado novas possibilidades para ve\u00edculos h\u00edbridos, <strong>mais eficientes em termos de consumo e de emiss\u00f5es<\/strong>. A tecnologia DHT (Transmiss\u00e3o H\u00edbrida Dedicada) \u00e9 um facilitador importante para este mercado em crescimento, pois os ve\u00edculos equipados com DHT n\u00e3o s\u00e3o afetados pelo tempo de recarga, garantindo com isso uma experi\u00eancia mais confi\u00e1vel para o usu\u00e1rio. <strong>Esta tecnologia tamb\u00e9m permite o uso simult\u00e2neo de motores a gasolina e motores el\u00e9tricos, permitindo uma divis\u00e3o eficiente da energia entre eles.<\/strong> Os ve\u00edculos h\u00edbridos que usam a tecnologia DHT superam os ve\u00edculos a gasolina tradicionais em termos de desempenho, efici\u00eancia de combust\u00edvel e redu\u00e7\u00e3o de emiss\u00f5es. <\/p>\n\n\n\n<p>A HYCET, uma subsidi\u00e1ria integral da Great Wall Motor, desempenha um papel fundamental no campo da tecnologia h\u00edbrida, com foco especial em dispositivos de sistemas de transmiss\u00e3o. Para aumentar a capacidade de produ\u00e7\u00e3o e atender \u00e0s crescentes demandas do mercado por seu sistema DHT h\u00edbrido L.E.M.O.N. a equipe de engenharia da HYCET escolheu a Comau para desenvolver uma <strong>solu\u00e7\u00e3o de fabrica\u00e7\u00e3o automatizada de alta velocidade e que garanta qualidade absoluta, al\u00e9m de efici\u00eancia e escalabilidade<\/strong>. <\/p>\n\n\n\n<p><\/p>\n\n\n\n<div class=\"wp-block-group wide-section-light-1 py-5 my-5\"><div class=\"wp-block-group__inner-container is-layout-flow wp-block-group-is-layout-flow\">\n<blockquote class=\"wp-block-quote is-layout-flow wp-block-quote-is-layout-flow\">\n<p><em>A tecnologia DHT da HYCET constitui uma inova\u00e7\u00e3o de ponta no setor dos ve\u00edculos h\u00edbridos e oferece desempenho excepcional para o sistema DHT da Great Wall Motor. Como nosso parceiro de tecnologia, as compet\u00eancias de projetos e engenharia da Comau confirmam sua posi\u00e7\u00e3o excepcional nesse campo. Durante toda a fase de implementa\u00e7\u00e3o do projeto, a Comau cumpriu o cronograma apesar dos impactos recorrentes da pandemia e garantiu uma qualidade de fabrica\u00e7\u00e3o consistente. Essa estabilidade foi e ainda \u00e9 fundamental para nossas metas de produ\u00e7\u00e3o, nos permitindo atender \u00e0s demandas do mercado e manter a efici\u00eancia de fabrica\u00e7\u00e3o.<\/em><\/p>\n<cite>Wu Hongchao, Vice Presidente da HYCET Technology Co., Ltd.<\/cite><\/blockquote>\n<\/div><\/div>\n\n\n\n<div class=\"wp-block-columns is-layout-flex wp-container-core-columns-is-layout-9d6595d7 wp-block-columns-is-layout-flex\">\n<div class=\"wp-block-column is-layout-flow wp-block-column-is-layout-flow\">\n<h2 class=\"wp-block-heading h3\" id=\"the-challenge\">O Desafio<\/h2>\n\n\n\n<p>No in\u00edcio de 2021, a HYCET procurava um parceiro confi\u00e1vel para construir o sistema propriet\u00e1rio DHT L.E.M.O.N. e que fosse capaz de apoi\u00e1-los na produ\u00e7\u00e3o em grande escala. Com a miss\u00e3o de impulsionar a inova\u00e7\u00e3o em ve\u00edculos h\u00edbridos e estabelecer uma base s\u00f3lida para o Grupo Great Wall Motor em sua jornada de transi\u00e7\u00e3o para novas energias, a HYCET atribuiu o projeto \u00e0 Comau, com base na <strong>experi\u00eancia consolidada da empresa de automa\u00e7\u00e3o e o hist\u00f3rico de inova\u00e7\u00e3o em e-Mobility<\/strong>.<\/p>\n\n\n\n<p>A Comau recebeu o desafio de <strong>projetar uma linha de montagem automatizada de alto volume<\/strong>, capaz de garantir precis\u00e3o e atender aos requisitos de qualidade do produto, integrando a intelig\u00eancia e adaptabilidade do sistema DHT L.E.M.O.N.<\/p>\n\n\n\n<p>O design da linha de montagem tamb\u00e9m devia ser <strong>flex\u00edvel e escal\u00e1vel para se adaptar mudan\u00e7as e atualiza\u00e7\u00f5es no futuro<\/strong>. Ou seja, a Comau precisaria atender aos requisitos de produ\u00e7\u00e3o atuais, bem como se preparar para atualiza\u00e7\u00f5es futuras.<br>Ao mesmo tempo, devido a alta competitividade, a Comau precisava ajudar a HYCET a alcan\u00e7ar seus objetivos estrat\u00e9gicos de participa\u00e7\u00e3o de mercado. Para isso, a equipe deveria <strong>aperfei\u00e7oar a linha de produ\u00e7\u00e3o para permitir aumentar o volume<\/strong>, garantindo a qualidade do produto e atendendo \u00e0 demanda crescente pelo DHT L.E.M.O.N.<\/p>\n<\/div>\n\n\n\n<div class=\"wp-block-column is-layout-flow wp-block-column-is-layout-flow\">\n<h2 class=\"wp-block-heading h3\" id=\"the-solution\">A Solu\u00e7\u00e3o<\/h2>\n\n\n\n<p>O projeto de montagem DHT compreende um total de seis linhas de produ\u00e7\u00e3o. A Comau projetou e implantou todos os componentes, incluindo as linhas de montagem de motores el\u00e9tricos, linhas de montagem de engrenagens e eixos, as linhas de montagem principais e as linhas de teste de montagem. O sistema tamb\u00e9m abrange processos cr\u00edticos como: inser\u00e7\u00e3o, engate e uni\u00e3o, prensagem do conjunto do eixo e testes de final de linha (End of Line). Trata-se da montagem completa do processo, desde os componentes at\u00e9 unidades totalmente funcionais.<\/p>\n\n\n\n<p>A aplica\u00e7\u00e3o de tecnologias avan\u00e7adas de automa\u00e7\u00e3o aumenta consideravelmente a efici\u00eancia da produ\u00e7\u00e3o. A solu\u00e7\u00e3o da Comau, por exemplo, utiliza um sistema rob\u00f3tico de vis\u00e3o no processo de montagem do eixo para fazer a carca\u00e7a da embreagem e opera\u00e7\u00f5es autom\u00e1ticas, reduzindo os tempos de espera e o tempo de inatividade da linha de produ\u00e7\u00e3o e melhorando assim a efici\u00eancia do processo. Para garantir que as pe\u00e7as atendam \u00e0s especifica\u00e7\u00f5es com \u00e2ngulos precisos, a Comau adotou a tecnologia de medi\u00e7\u00e3o autom\u00e1tica e aplica um processo de dupla verifica\u00e7\u00e3o na esta\u00e7\u00e3o de inser\u00e7\u00e3o do conjunto de eixos. Como resultado, a efici\u00eancia da produ\u00e7\u00e3o \u00e9 aumentada e a ocorr\u00eancia de erros de montagem \u00e9 minimizada. Al\u00e9m disso, o processo automatizado de encaixe dos cinco eixos na carca\u00e7a reduz significativamente a necessidade de interven\u00e7\u00e3o manual, melhorando ainda mais a precis\u00e3o da montagem e a efici\u00eancia geral.<\/p>\n\n\n\n<p>A Comau integrou a esta\u00e7\u00e3o aos processos para garantir estabilidade e qualidade na linha de produ\u00e7\u00e3o. No conjunto de motor el\u00e9trico, por exemplo, a Comau aplicou uma metodologia espec\u00edfica ao subconjunto do rotor e \u00e0s esta\u00e7\u00f5es de encaixe de inser\u00e7\u00e3o e alojamento do rotor duplo. Este m\u00e9todo economiza espa\u00e7o e preserva recursos na linha de produ\u00e7\u00e3o. Mais especificamente, a automa\u00e7\u00e3o completa do gerenciamento dos componentes desde a linha do subconjunto do rotor at\u00e9 \u00e0 linha principal elimina os riscos do manuseio manual e garante maior precis\u00e3o e qualidade do produto. As prensas s\u00e3o amplamente utilizadas durante o projeto para monitorar par\u00e2metros do processo, como for\u00e7a e deslocamento, garantindo o controle de qualidade durante todo o processo de produ\u00e7\u00e3o e apoiando a rastreabilidade dos dados.<\/p>\n\n\n\n<p>Para melhorar a escalabilidade e reduzir os custos de produ\u00e7\u00e3o para futuras atualiza\u00e7\u00f5es de produtos DHT, a Comau desenvolveu esta\u00e7\u00f5es flex\u00edveis que garantem melhor adaptabilidade e efici\u00eancia de toda a linha de produ\u00e7\u00e3o. No total, a Comau adicionou 12 <a href=\"https:\/\/www.comau.com\/pt-br\/competencies\/products-solutions\/robot-team\/\" target=\"_blank\" rel=\"noreferrer noopener\">rob\u00f4s<\/a> equipados com garras autom\u00e1ticas e troca autom\u00e1tica de ferramentas, permitindo ajuste r\u00e1pido a diferentes tamanhos de produtos e pe\u00e7as de trabalho. Al\u00e9m disso, ela permite uma transi\u00e7\u00e3o perfeita entre v\u00e1rios tipos de acess\u00f3rios durante o processo, facilitando assim a personaliza\u00e7\u00e3o da linha para atender \u00e0s diferentes necessidades do mercado.<\/p>\n<\/div>\n<\/div>\n\n\n\n<div class=\"wp-block-group wide-section-light-1 py-5 my-5\"><div class=\"wp-block-group__inner-container is-layout-flow wp-block-group-is-layout-flow\">\n<div class=\"wp-block-group wide-section-light-1 py-5 my-5\"><div class=\"wp-block-group__inner-container is-layout-flow wp-block-group-is-layout-flow\">\n<h2 class=\"wp-block-heading h2\" id=\"the-results\">Os Resultados<\/h2>\n\n\n\n<p>A entrega bem-sucedida deste projeto altamente tecnol\u00f3gico, marca uma etapa fundamental no desenvolvimento de tecnologias de novas energias em larga escala entre as duas empresas. Ao priorizar flexibilidade, efici\u00eancia de automa\u00e7\u00e3o e alta qualidade em sua metodologia de manufatura, a Comau permitiu que a <a href=\"https:\/\/en.hycet.com\/\" target=\"_blank\" rel=\"noreferrer noopener\">HYCET<\/a> alcan\u00e7asse uma meta desafiadora de capacidade de produ\u00e7\u00e3o: 150.000 unidades por ano em uma \u00fanica linha, com um tempo de ciclo inferior a 113 segundos. Esses resultados impressionantes s\u00e3o sustentados pela integra\u00e7\u00e3o de tecnologias avan\u00e7adas, como sistemas de vis\u00e3o avan\u00e7ados e monitoramento por sensores. <\/p>\n\n\n\n<p>Al\u00e9m disso, a Comau tamb\u00e9m implementou um MES (Sistema de Execu\u00e7\u00e3o de Manufatura) para o gerenciamento e a programa\u00e7\u00e3o da linha de produ\u00e7\u00e3o. Este sistema garante o cumprimento rigoroso dos padr\u00f5es de fabrica\u00e7\u00e3o e protocolos de gest\u00e3o, proporcionando assim, qualidade de excel\u00eancia para o DHT h\u00edbrido L.E.M.O.N.<\/p>\n\n\n\n<div class=\"wp-block-columns is-layout-flex wp-container-core-columns-is-layout-9d6595d7 wp-block-columns-is-layout-flex\">\n<div class=\"wp-block-column is-layout-flow wp-block-column-is-layout-flow\">\n<div class=\"wp-block-getwid-counter \u00b0\"><div class=\"wp-block-getwid-counter__wrapper\" data-start=\"0\" data-end=\"150\" data-decimal-places=\"0\" data-duration=\"\" data-use-easing=\"true\" data-use-grouping=\"true\" data-separator=\",\" data-decimal=\".\" data-easing-fn=\"outExpo\" data-numerals=\"default\"><span class=\"wp-block-getwid-counter__number\">0<\/span><p class=\"wp-block-getwid-counter__suffix\">K<\/p><\/div><\/div>\n\n\n\n<p>Capacidade de produ\u00e7\u00e3o anual em uma \u00fanica linha<\/p>\n<\/div>\n\n\n\n<div class=\"wp-block-column is-layout-flow wp-block-column-is-layout-flow\">\n<div class=\"wp-block-getwid-counter\"><div class=\"wp-block-getwid-counter__wrapper\" data-start=\"0\" data-end=\"90\" data-decimal-places=\"0\" data-duration=\"3\" data-use-easing=\"true\" data-use-grouping=\"true\" data-separator=\",\" data-decimal=\".\" data-easing-fn=\"outExpo\" data-numerals=\"default\"><span class=\"wp-block-getwid-counter__number\">0<\/span><p class=\"wp-block-getwid-counter__suffix\">%<\/p><\/div><\/div>\n\n\n\n<p>disponibilidade de equipamentos<\/p>\n<\/div>\n\n\n\n<div class=\"wp-block-column is-layout-flow wp-block-column-is-layout-flow\">\n<div class=\"wp-block-getwid-counter\"><div class=\"wp-block-getwid-counter__wrapper\" data-start=\"0\" data-end=\"113\" data-decimal-places=\"0\" data-duration=\"3\" data-use-easing=\"true\" data-use-grouping=\"true\" data-separator=\",\" data-decimal=\".\" data-easing-fn=\"outExpo\" data-numerals=\"default\"><p class=\"wp-block-getwid-counter__prefix\"><strong>\u2264<\/strong><\/p><span class=\"wp-block-getwid-counter__number\">0<\/span><p class=\"wp-block-getwid-counter__suffix\"> s<\/p><\/div><\/div>\n\n\n\n<p>tempo de ciclo<\/p>\n<\/div>\n\n\n\n<div class=\"wp-block-column is-layout-flow wp-block-column-is-layout-flow\"><\/div>\n<\/div>\n<\/div><\/div>\n\n\n\n<div class=\"wp-block-columns is-layout-flex wp-container-core-columns-is-layout-9d6595d7 wp-block-columns-is-layout-flex\">\n<div class=\"wp-block-column is-layout-flow wp-block-column-is-layout-flow\"><\/div>\n\n\n\n<div class=\"wp-block-column is-layout-flow wp-block-column-is-layout-flow\"><\/div>\n<\/div>\n<\/div><\/div>\n\n\n\n<div class=\"wp-block-group\"><div class=\"wp-block-group__inner-container is-layout-flow wp-block-group-is-layout-flow\"><\/div><\/div>\n\n\n\n<div class=\"wp-block-columns is-layout-flex wp-container-core-columns-is-layout-9d6595d7 wp-block-columns-is-layout-flex\">\n<div class=\"wp-block-column is-layout-flow wp-block-column-is-layout-flow\"><\/div>\n<\/div>\n","protected":false},"excerpt":{"rendered":"<p>Com o avan\u00e7o r\u00e1pido das tecnologias h\u00edbridas e a expans\u00e3o global de novas pol\u00edticas energ\u00e9ticas, os fabricantes de autom\u00f3veis t\u00eam explorado novas possibilidades para ve\u00edculos h\u00edbridos, mais eficientes em termos de consumo e de emiss\u00f5es. A tecnologia DHT (Transmiss\u00e3o H\u00edbrida Dedicada) \u00e9 um facilitador importante para este mercado em crescimento, pois os ve\u00edculos equipados com [&hellip;]<\/p>\n","protected":false},"author":19,"featured_media":58734,"parent":41300,"menu_order":1,"comment_status":"closed","ping_status":"closed","template":"","meta":{"_acf_changed":false,"ep_exclude_from_search":false,"footnotes":""},"class_list":["post-58802","page","type-page","status-publish","has-post-thumbnail","hentry"],"acf":[],"yoast_head":"<!-- This site is optimized with the Yoast SEO plugin v26.9 - https:\/\/yoast.com\/product\/yoast-seo-wordpress\/ -->\n<title>Comau instala linhas de montagem de transmiss\u00f5es h\u00edbridas<\/title>\n<meta name=\"description\" content=\"A Comau desenvolveu uma solu\u00e7\u00e3o de manufatura de alta velocidade para garantir a produ\u00e7\u00e3o eficiente e escal\u00e1vel de transmiss\u00f5es h\u00edbridas\" \/>\n<meta name=\"robots\" content=\"index, follow, max-snippet:-1, max-image-preview:large, max-video-preview:-1\" \/>\n<link rel=\"canonical\" href=\"https:\/\/www.comau.com\/pt-br\/about-us\/success-stories\/linhas-de-montagem-de-transmissoes-hibridas-hycet\/\" \/>\n<meta property=\"og:locale\" content=\"pt_BR\" \/>\n<meta property=\"og:type\" content=\"article\" \/>\n<meta property=\"og:title\" content=\"Comau instala linhas de montagem de transmiss\u00f5es h\u00edbridas\" \/>\n<meta property=\"og:description\" content=\"A Comau desenvolveu uma solu\u00e7\u00e3o de manufatura de alta velocidade para garantir a produ\u00e7\u00e3o eficiente e escal\u00e1vel de transmiss\u00f5es h\u00edbridas\" \/>\n<meta property=\"og:url\" content=\"https:\/\/www.comau.com\/pt-br\/about-us\/success-stories\/linhas-de-montagem-de-transmissoes-hibridas-hycet\/\" \/>\n<meta property=\"og:site_name\" content=\"Comau\" \/>\n<meta property=\"article:publisher\" content=\"https:\/\/www.facebook.com\/COMAU\/\" \/>\n<meta property=\"article:modified_time\" content=\"2023-12-18T22:04:02+00:00\" \/>\n<meta property=\"og:image\" content=\"https:\/\/www.comau.com\/wp-content\/uploads\/2023\/12\/Shell-Press-Fit.jpg\" \/>\n\t<meta property=\"og:image:width\" content=\"2434\" \/>\n\t<meta property=\"og:image:height\" content=\"1623\" \/>\n\t<meta property=\"og:image:type\" content=\"image\/jpeg\" \/>\n<meta name=\"twitter:card\" content=\"summary_large_image\" \/>\n<meta name=\"twitter:site\" content=\"@comaugroup\" \/>\n<meta name=\"twitter:label1\" content=\"Est. tempo de leitura\" \/>\n\t<meta name=\"twitter:data1\" content=\"5 minutos\" \/>\n<script type=\"application\/ld+json\" class=\"yoast-schema-graph\">{\"@context\":\"https:\/\/schema.org\",\"@graph\":[{\"@type\":\"WebPage\",\"@id\":\"https:\/\/www.comau.com\/pt-br\/about-us\/success-stories\/linhas-de-montagem-de-transmissoes-hibridas-hycet\/\",\"url\":\"https:\/\/www.comau.com\/pt-br\/about-us\/success-stories\/linhas-de-montagem-de-transmissoes-hibridas-hycet\/\",\"name\":\"Comau instala linhas de montagem de transmiss\u00f5es h\u00edbridas\",\"isPartOf\":{\"@id\":\"https:\/\/www.comau.com\/pt-br\/#website\"},\"primaryImageOfPage\":{\"@id\":\"https:\/\/www.comau.com\/pt-br\/about-us\/success-stories\/linhas-de-montagem-de-transmissoes-hibridas-hycet\/#primaryimage\"},\"image\":{\"@id\":\"https:\/\/www.comau.com\/pt-br\/about-us\/success-stories\/linhas-de-montagem-de-transmissoes-hibridas-hycet\/#primaryimage\"},\"thumbnailUrl\":\"https:\/\/www.comau.com\/wp-content\/uploads\/2023\/12\/Shell-Press-Fit.jpg\",\"datePublished\":\"2023-12-12T16:35:11+00:00\",\"dateModified\":\"2023-12-18T22:04:02+00:00\",\"description\":\"A Comau desenvolveu uma solu\u00e7\u00e3o de manufatura de alta velocidade para garantir a produ\u00e7\u00e3o eficiente e escal\u00e1vel de transmiss\u00f5es h\u00edbridas\",\"breadcrumb\":{\"@id\":\"https:\/\/www.comau.com\/pt-br\/about-us\/success-stories\/linhas-de-montagem-de-transmissoes-hibridas-hycet\/#breadcrumb\"},\"inLanguage\":\"pt-BR\",\"potentialAction\":[{\"@type\":\"ReadAction\",\"target\":[\"https:\/\/www.comau.com\/pt-br\/about-us\/success-stories\/linhas-de-montagem-de-transmissoes-hibridas-hycet\/\"]}]},{\"@type\":\"ImageObject\",\"inLanguage\":\"pt-BR\",\"@id\":\"https:\/\/www.comau.com\/pt-br\/about-us\/success-stories\/linhas-de-montagem-de-transmissoes-hibridas-hycet\/#primaryimage\",\"url\":\"https:\/\/www.comau.com\/wp-content\/uploads\/2023\/12\/Shell-Press-Fit.jpg\",\"contentUrl\":\"https:\/\/www.comau.com\/wp-content\/uploads\/2023\/12\/Shell-Press-Fit.jpg\",\"width\":2434,\"height\":1623},{\"@type\":\"BreadcrumbList\",\"@id\":\"https:\/\/www.comau.com\/pt-br\/about-us\/success-stories\/linhas-de-montagem-de-transmissoes-hibridas-hycet\/#breadcrumb\",\"itemListElement\":[{\"@type\":\"ListItem\",\"position\":1,\"name\":\"Home\",\"item\":\"https:\/\/www.comau.com\/pt-br\/\"},{\"@type\":\"ListItem\",\"position\":2,\"name\":\"Sobre a Comau\",\"item\":\"https:\/\/www.comau.com\/pt-br\/about-us\/\"},{\"@type\":\"ListItem\",\"position\":3,\"name\":\"Hist\u00f3rias de sucesso\",\"item\":\"https:\/\/www.comau.com\/pt-br\/about-us\/success-stories\/\"},{\"@type\":\"ListItem\",\"position\":4,\"name\":\"Comau desenvolve e instala linhas de montagem dedicadas para a produ\u00e7\u00e3o de transmiss\u00f5es h\u00edbridas da Hycet\"}]},{\"@type\":\"WebSite\",\"@id\":\"https:\/\/www.comau.com\/pt-br\/#website\",\"url\":\"https:\/\/www.comau.com\/pt-br\/\",\"name\":\"Comau\",\"description\":\"Industrial automation and robotics\",\"publisher\":{\"@id\":\"https:\/\/www.comau.com\/pt-br\/#organization\"},\"potentialAction\":[{\"@type\":\"SearchAction\",\"target\":{\"@type\":\"EntryPoint\",\"urlTemplate\":\"https:\/\/www.comau.com\/pt-br\/?s={search_term_string}\"},\"query-input\":{\"@type\":\"PropertyValueSpecification\",\"valueRequired\":true,\"valueName\":\"search_term_string\"}}],\"inLanguage\":\"pt-BR\"},{\"@type\":\"Organization\",\"@id\":\"https:\/\/www.comau.com\/pt-br\/#organization\",\"name\":\"Comau\",\"url\":\"https:\/\/www.comau.com\/pt-br\/\",\"logo\":{\"@type\":\"ImageObject\",\"inLanguage\":\"pt-BR\",\"@id\":\"https:\/\/www.comau.com\/pt-br\/#\/schema\/logo\/image\/\",\"url\":\"https:\/\/www.comau.com\/wp-content\/uploads\/2024\/07\/cropped-Logo-COMAU.png\",\"contentUrl\":\"https:\/\/www.comau.com\/wp-content\/uploads\/2024\/07\/cropped-Logo-COMAU.png\",\"width\":434,\"height\":434,\"caption\":\"Comau\"},\"image\":{\"@id\":\"https:\/\/www.comau.com\/pt-br\/#\/schema\/logo\/image\/\"},\"sameAs\":[\"https:\/\/www.facebook.com\/COMAU\/\",\"https:\/\/x.com\/comaugroup\",\"https:\/\/www.instagram.com\/comaugroup\/\",\"https:\/\/www.linkedin.com\/company\/comau\",\"https:\/\/www.youtube.com\/user\/comau\"]}]}<\/script>\n<!-- \/ Yoast SEO plugin. -->","yoast_head_json":{"title":"Comau instala linhas de montagem de transmiss\u00f5es h\u00edbridas","description":"A Comau desenvolveu uma solu\u00e7\u00e3o de manufatura de alta velocidade para garantir a produ\u00e7\u00e3o eficiente e escal\u00e1vel de transmiss\u00f5es h\u00edbridas","robots":{"index":"index","follow":"follow","max-snippet":"max-snippet:-1","max-image-preview":"max-image-preview:large","max-video-preview":"max-video-preview:-1"},"canonical":"https:\/\/www.comau.com\/pt-br\/about-us\/success-stories\/linhas-de-montagem-de-transmissoes-hibridas-hycet\/","og_locale":"pt_BR","og_type":"article","og_title":"Comau instala linhas de montagem de transmiss\u00f5es h\u00edbridas","og_description":"A Comau desenvolveu uma solu\u00e7\u00e3o de manufatura de alta velocidade para garantir a produ\u00e7\u00e3o eficiente e escal\u00e1vel de transmiss\u00f5es h\u00edbridas","og_url":"https:\/\/www.comau.com\/pt-br\/about-us\/success-stories\/linhas-de-montagem-de-transmissoes-hibridas-hycet\/","og_site_name":"Comau","article_publisher":"https:\/\/www.facebook.com\/COMAU\/","article_modified_time":"2023-12-18T22:04:02+00:00","og_image":[{"width":2434,"height":1623,"url":"https:\/\/www.comau.com\/wp-content\/uploads\/2023\/12\/Shell-Press-Fit.jpg","type":"image\/jpeg"}],"twitter_card":"summary_large_image","twitter_site":"@comaugroup","twitter_misc":{"Est. tempo de leitura":"5 minutos"},"schema":{"@context":"https:\/\/schema.org","@graph":[{"@type":"WebPage","@id":"https:\/\/www.comau.com\/pt-br\/about-us\/success-stories\/linhas-de-montagem-de-transmissoes-hibridas-hycet\/","url":"https:\/\/www.comau.com\/pt-br\/about-us\/success-stories\/linhas-de-montagem-de-transmissoes-hibridas-hycet\/","name":"Comau instala linhas de montagem de transmiss\u00f5es h\u00edbridas","isPartOf":{"@id":"https:\/\/www.comau.com\/pt-br\/#website"},"primaryImageOfPage":{"@id":"https:\/\/www.comau.com\/pt-br\/about-us\/success-stories\/linhas-de-montagem-de-transmissoes-hibridas-hycet\/#primaryimage"},"image":{"@id":"https:\/\/www.comau.com\/pt-br\/about-us\/success-stories\/linhas-de-montagem-de-transmissoes-hibridas-hycet\/#primaryimage"},"thumbnailUrl":"https:\/\/www.comau.com\/wp-content\/uploads\/2023\/12\/Shell-Press-Fit.jpg","datePublished":"2023-12-12T16:35:11+00:00","dateModified":"2023-12-18T22:04:02+00:00","description":"A Comau desenvolveu uma solu\u00e7\u00e3o de manufatura de alta velocidade para garantir a produ\u00e7\u00e3o eficiente e escal\u00e1vel de transmiss\u00f5es h\u00edbridas","breadcrumb":{"@id":"https:\/\/www.comau.com\/pt-br\/about-us\/success-stories\/linhas-de-montagem-de-transmissoes-hibridas-hycet\/#breadcrumb"},"inLanguage":"pt-BR","potentialAction":[{"@type":"ReadAction","target":["https:\/\/www.comau.com\/pt-br\/about-us\/success-stories\/linhas-de-montagem-de-transmissoes-hibridas-hycet\/"]}]},{"@type":"ImageObject","inLanguage":"pt-BR","@id":"https:\/\/www.comau.com\/pt-br\/about-us\/success-stories\/linhas-de-montagem-de-transmissoes-hibridas-hycet\/#primaryimage","url":"https:\/\/www.comau.com\/wp-content\/uploads\/2023\/12\/Shell-Press-Fit.jpg","contentUrl":"https:\/\/www.comau.com\/wp-content\/uploads\/2023\/12\/Shell-Press-Fit.jpg","width":2434,"height":1623},{"@type":"BreadcrumbList","@id":"https:\/\/www.comau.com\/pt-br\/about-us\/success-stories\/linhas-de-montagem-de-transmissoes-hibridas-hycet\/#breadcrumb","itemListElement":[{"@type":"ListItem","position":1,"name":"Home","item":"https:\/\/www.comau.com\/pt-br\/"},{"@type":"ListItem","position":2,"name":"Sobre a Comau","item":"https:\/\/www.comau.com\/pt-br\/about-us\/"},{"@type":"ListItem","position":3,"name":"Hist\u00f3rias de sucesso","item":"https:\/\/www.comau.com\/pt-br\/about-us\/success-stories\/"},{"@type":"ListItem","position":4,"name":"Comau desenvolve e instala linhas de montagem dedicadas para a produ\u00e7\u00e3o de transmiss\u00f5es h\u00edbridas da Hycet"}]},{"@type":"WebSite","@id":"https:\/\/www.comau.com\/pt-br\/#website","url":"https:\/\/www.comau.com\/pt-br\/","name":"Comau","description":"Industrial automation and robotics","publisher":{"@id":"https:\/\/www.comau.com\/pt-br\/#organization"},"potentialAction":[{"@type":"SearchAction","target":{"@type":"EntryPoint","urlTemplate":"https:\/\/www.comau.com\/pt-br\/?s={search_term_string}"},"query-input":{"@type":"PropertyValueSpecification","valueRequired":true,"valueName":"search_term_string"}}],"inLanguage":"pt-BR"},{"@type":"Organization","@id":"https:\/\/www.comau.com\/pt-br\/#organization","name":"Comau","url":"https:\/\/www.comau.com\/pt-br\/","logo":{"@type":"ImageObject","inLanguage":"pt-BR","@id":"https:\/\/www.comau.com\/pt-br\/#\/schema\/logo\/image\/","url":"https:\/\/www.comau.com\/wp-content\/uploads\/2024\/07\/cropped-Logo-COMAU.png","contentUrl":"https:\/\/www.comau.com\/wp-content\/uploads\/2024\/07\/cropped-Logo-COMAU.png","width":434,"height":434,"caption":"Comau"},"image":{"@id":"https:\/\/www.comau.com\/pt-br\/#\/schema\/logo\/image\/"},"sameAs":["https:\/\/www.facebook.com\/COMAU\/","https:\/\/x.com\/comaugroup","https:\/\/www.instagram.com\/comaugroup\/","https:\/\/www.linkedin.com\/company\/comau","https:\/\/www.youtube.com\/user\/comau"]}]}},"_links":{"self":[{"href":"https:\/\/www.comau.com\/pt-br\/wp-json\/wp\/v2\/pages\/58802","targetHints":{"allow":["GET"]}}],"collection":[{"href":"https:\/\/www.comau.com\/pt-br\/wp-json\/wp\/v2\/pages"}],"about":[{"href":"https:\/\/www.comau.com\/pt-br\/wp-json\/wp\/v2\/types\/page"}],"author":[{"embeddable":true,"href":"https:\/\/www.comau.com\/pt-br\/wp-json\/wp\/v2\/users\/19"}],"replies":[{"embeddable":true,"href":"https:\/\/www.comau.com\/pt-br\/wp-json\/wp\/v2\/comments?post=58802"}],"version-history":[{"count":10,"href":"https:\/\/www.comau.com\/pt-br\/wp-json\/wp\/v2\/pages\/58802\/revisions"}],"predecessor-version":[{"id":59093,"href":"https:\/\/www.comau.com\/pt-br\/wp-json\/wp\/v2\/pages\/58802\/revisions\/59093"}],"up":[{"embeddable":true,"href":"https:\/\/www.comau.com\/pt-br\/wp-json\/wp\/v2\/pages\/41300"}],"wp:featuredmedia":[{"embeddable":true,"href":"https:\/\/www.comau.com\/pt-br\/wp-json\/wp\/v2\/media\/58734"}],"wp:attachment":[{"href":"https:\/\/www.comau.com\/pt-br\/wp-json\/wp\/v2\/media?parent=58802"}],"curies":[{"name":"wp","href":"https:\/\/api.w.org\/{rel}","templated":true}]}}