{"id":5426,"date":"2021-05-31T00:04:49","date_gmt":"2021-05-30T22:04:49","guid":{"rendered":"https:\/\/www.comau.com\/?page_id=5426"},"modified":"2024-08-22T16:38:12","modified_gmt":"2024-08-22T14:38:12","slug":"newsroom","status":"publish","type":"page","link":"https:\/\/www.comau.com\/pt-br\/newsroom\/","title":{"rendered":"Newsroom"},"content":{"rendered":"\n<h2 class=\"wp-block-heading\">Not\u00edcias da empresa e ferramentas de m\u00eddia<\/h2>\n\n\n\n<p class=\"lead\">Conhe\u00e7a nossos artigos, kits de imprensa, insights e eventos para se manter em contato com o mundo Comau.<\/p>\n\n\n\n<div class=\"wp-block-columns is-layout-flex wp-container-core-columns-is-layout-9d6595d7 wp-block-columns-is-layout-flex\">\n<div class=\"wp-block-column is-layout-flow wp-block-column-is-layout-flow\">\n<h3 class=\"wp-block-heading h3\">Highlights<\/h3>\n\n\n\n<figure class=\"wp-block-image size-large\"><img decoding=\"async\" width=\"1024\" height=\"683\" src=\"https:\/\/www.comau.com\/wp-content\/uploads\/2024\/07\/Comau_Battery-cell-formation-1024x683.jpg\" alt=\"\" class=\"wp-image-66566\" srcset=\"https:\/\/www.comau.com\/wp-content\/uploads\/2024\/07\/Comau_Battery-cell-formation-1024x683.jpg 1024w, https:\/\/www.comau.com\/wp-content\/uploads\/2024\/07\/Comau_Battery-cell-formation-300x200.jpg 300w, https:\/\/www.comau.com\/wp-content\/uploads\/2024\/07\/Comau_Battery-cell-formation-768x512.jpg 768w, https:\/\/www.comau.com\/wp-content\/uploads\/2024\/07\/Comau_Battery-cell-formation-1536x1024.jpg 1536w, https:\/\/www.comau.com\/wp-content\/uploads\/2024\/07\/Comau_Battery-cell-formation.jpg 1920w\" sizes=\"(max-width: 1024px) 100vw, 1024px\" \/><\/figure>\n\n\n\n<p>Fique por dentro das \u00faltimas novidades da empresa sobre todos os nossos projetos e solu\u00e7\u00f5es inovadoras.<\/p>\n\n\n\n<div class=\"wp-block-buttons is-layout-flex wp-block-buttons-is-layout-flex\">\n<div class=\"wp-block-button\"><a class=\"wp-block-button__link wp-element-button\" href=\"https:\/\/www.comau.com\/en\/media-and-news\/highlights\/\">V\u00e1 para a se\u00e7\u00e3o<\/a><\/div>\n<\/div>\n<\/div>\n\n\n\n<div class=\"wp-block-column is-layout-flow wp-block-column-is-layout-flow\">\n<h3 class=\"wp-block-heading h3\">Comunicado de imprensa<\/h3>\n\n\n\n<figure class=\"wp-block-image size-full\"><img decoding=\"async\" width=\"1024\" height=\"683\" src=\"https:\/\/www.comau.com\/wp-content\/uploads\/2021\/07\/Comau_newsroom_Press-release.jpg\" alt=\"\" class=\"wp-image-37385\" srcset=\"https:\/\/www.comau.com\/wp-content\/uploads\/2021\/07\/Comau_newsroom_Press-release.jpg 1024w, https:\/\/www.comau.com\/wp-content\/uploads\/2021\/07\/Comau_newsroom_Press-release-300x200.jpg 300w, https:\/\/www.comau.com\/wp-content\/uploads\/2021\/07\/Comau_newsroom_Press-release-768x512.jpg 768w\" sizes=\"(max-width: 1024px) 100vw, 1024px\" \/><\/figure>\n\n\n\n<p>Veja todas as nossas comunica\u00e7\u00f5es corporativas para canais de m\u00eddia.<br><br><\/p>\n\n\n\n<div class=\"wp-block-buttons is-layout-flex wp-block-buttons-is-layout-flex\">\n<div class=\"wp-block-button\"><a class=\"wp-block-button__link wp-element-button\" href=\"https:\/\/www.comau.com\/en\/media-and-news\/press-release\/\">V\u00e1 para a se\u00e7\u00e3o<\/a><\/div>\n<\/div>\n<\/div>\n<\/div>\n\n\n\n<div class=\"wp-block-columns is-layout-flex wp-container-core-columns-is-layout-9d6595d7 wp-block-columns-is-layout-flex\">\n<div class=\"wp-block-column is-layout-flow wp-block-column-is-layout-flow\">\n<h3 class=\"wp-block-heading h3\">Galeria<\/h3>\n\n\n\n<figure class=\"wp-block-image size-large\"><img decoding=\"async\" width=\"1024\" height=\"683\" src=\"https:\/\/www.comau.com\/wp-content\/uploads\/2021\/07\/Comau_Racer-5_COBOT-1024x683.jpg\" alt=\"\" class=\"wp-image-33668\" srcset=\"https:\/\/www.comau.com\/wp-content\/uploads\/2021\/07\/Comau_Racer-5_COBOT-1024x683.jpg 1024w, https:\/\/www.comau.com\/wp-content\/uploads\/2021\/07\/Comau_Racer-5_COBOT-300x200.jpg 300w, https:\/\/www.comau.com\/wp-content\/uploads\/2021\/07\/Comau_Racer-5_COBOT-768x512.jpg 768w, https:\/\/www.comau.com\/wp-content\/uploads\/2021\/07\/Comau_Racer-5_COBOT.jpg 1500w\" sizes=\"(max-width: 1024px) 100vw, 1024px\" \/><\/figure>\n\n\n\n<p>Baixe v\u00eddeos, fotos e multim\u00eddia para saber mais sobre n\u00f3s.<br><br><\/p>\n\n\n\n<div class=\"wp-block-buttons is-layout-flex wp-block-buttons-is-layout-flex\">\n<div class=\"wp-block-button\"><a class=\"wp-block-button__link wp-element-button\" href=\"https:\/\/www.comau.com\/en\/media-and-news\/gallery\/\">V\u00e1 para a se\u00e7\u00e3o<\/a><\/div>\n<\/div>\n<\/div>\n\n\n\n<div class=\"wp-block-column is-layout-flow wp-block-column-is-layout-flow\">\n<h3 class=\"wp-block-heading h3\">Eventos<\/h3>\n\n\n\n<figure class=\"wp-block-image size-large\"><img decoding=\"async\" width=\"1024\" height=\"683\" src=\"https:\/\/www.comau.com\/wp-content\/uploads\/2021\/07\/Automatica-1024x683.jpg\" alt=\"\" class=\"wp-image-33675\" srcset=\"https:\/\/www.comau.com\/wp-content\/uploads\/2021\/07\/Automatica-1024x683.jpg 1024w, https:\/\/www.comau.com\/wp-content\/uploads\/2021\/07\/Automatica-300x200.jpg 300w, https:\/\/www.comau.com\/wp-content\/uploads\/2021\/07\/Automatica-768x512.jpg 768w, https:\/\/www.comau.com\/wp-content\/uploads\/2021\/07\/Automatica.jpg 1500w\" sizes=\"(max-width: 1024px) 100vw, 1024px\" \/><\/figure>\n\n\n\n<p>Fique por dentro de nossas iniciativas, feiras, eventos de imprensa e muito mais.<\/p>\n\n\n\n<div class=\"wp-block-buttons is-layout-flex wp-block-buttons-is-layout-flex\">\n<div class=\"wp-block-button\"><a class=\"wp-block-button__link wp-element-button\" href=\"https:\/\/www.comau.com\/en\/media-and-news\/events\/\">V\u00e1 para a se\u00e7\u00e3o<\/a><\/div>\n<\/div>\n<\/div>\n<\/div>\n\n\n\n<h2 class=\"wp-block-heading\">Contatos<\/h2>\n\n\n\n<div class=\"wp-block-group my-5\"><div class=\"wp-block-group__inner-container is-layout-flow wp-block-group-is-layout-flow\">\n<div class=\"wp-block-columns four-per-row compact-rows is-layout-flex wp-container-core-columns-is-layout-9d6595d7 wp-block-columns-is-layout-flex\">\n<div class=\"wp-block-column is-layout-flow wp-block-column-is-layout-flow\">\n<div class=\"wp-block-getwid-person is-image-cropped\"><div class=\"wp-block-getwid-person__image\"><img decoding=\"async\" width=\"522\" height=\"648\" src=\"https:\/\/www.comau.com\/wp-content\/uploads\/2021\/06\/Immagine-2021-06-08-152848.jpg\" class=\"wp-image-5797\" srcset=\"https:\/\/www.comau.com\/wp-content\/uploads\/2021\/06\/Immagine-2021-06-08-152848.jpg 522w, https:\/\/www.comau.com\/wp-content\/uploads\/2021\/06\/Immagine-2021-06-08-152848-242x300.jpg 242w\" sizes=\"(max-width: 522px) 100vw, 522px\" \/><\/div><div class=\"wp-block-getwid-person__content-wrapper\"><span class=\"wp-block-getwid-person__title\">Giuseppe Costabile<\/span><span class=\"wp-block-getwid-person__subtitle\">Corporate Communication Manager<\/span>\n\n<div class=\"wp-block-getwid-social-links has-default-spacing\"><ul class=\"wp-block-getwid-social-links__list getwid-justify-content-center\"><\/ul><\/div>\n\n<\/div><\/div>\n<\/div>\n\n\n\n<div class=\"wp-block-column is-layout-flow wp-block-column-is-layout-flow\">\n<div class=\"wp-block-getwid-person is-image-cropped\"><div class=\"wp-block-getwid-person__image\"><img decoding=\"async\" width=\"522\" height=\"648\" src=\"https:\/\/www.comau.com\/wp-content\/uploads\/2021\/06\/Immagine-2021-06-08-152848.jpg\" class=\"wp-image-5797\" srcset=\"https:\/\/www.comau.com\/wp-content\/uploads\/2021\/06\/Immagine-2021-06-08-152848.jpg 522w, https:\/\/www.comau.com\/wp-content\/uploads\/2021\/06\/Immagine-2021-06-08-152848-242x300.jpg 242w\" sizes=\"(max-width: 522px) 100vw, 522px\" \/><\/div><div class=\"wp-block-getwid-person__content-wrapper\"><span class=\"wp-block-getwid-person__title\">Serena Dal Piaz<\/span><span class=\"wp-block-getwid-person__subtitle\">Corporate Communication<br><br><\/span>\n\n<div class=\"wp-block-getwid-social-links has-default-spacing\"><ul class=\"wp-block-getwid-social-links__list getwid-justify-content-center\"><\/ul><\/div>\n\n<\/div><\/div>\n<\/div>\n\n\n\n<div class=\"wp-block-column is-layout-flow wp-block-column-is-layout-flow\"><\/div>\n\n\n\n<div class=\"wp-block-column is-layout-flow wp-block-column-is-layout-flow\"><\/div>\n<\/div>\n<\/div><\/div>\n\n\n\n<div class=\"wp-block-buttons is-layout-flex wp-block-buttons-is-layout-flex\">\n<div class=\"wp-block-button\"><a class=\"wp-block-button__link wp-element-button\" href=\"https:\/\/www.comau.com\/en\/contact-us\/media-area\/\">Go to section<\/a><\/div>\n<\/div>\n\n\n\n<p><\/p>\n","protected":false},"excerpt":{"rendered":"<p>Not\u00edcias da empresa e ferramentas de m\u00eddia Conhe\u00e7a nossos artigos, kits de imprensa, insights e eventos para se manter em contato com o mundo Comau. Highlights Fique por dentro das \u00faltimas novidades da empresa sobre todos os nossos projetos e solu\u00e7\u00f5es inovadoras. Comunicado de imprensa Veja todas as nossas comunica\u00e7\u00f5es corporativas para canais de m\u00eddia. [&hellip;]<\/p>\n","protected":false},"author":11,"featured_media":5452,"parent":0,"menu_order":4,"comment_status":"closed","ping_status":"closed","template":"","meta":{"_acf_changed":false,"ep_exclude_from_search":false,"footnotes":""},"class_list":["post-5426","page","type-page","status-publish","has-post-thumbnail","hentry"],"acf":[],"yoast_head":"<!-- This site is optimized with the Yoast SEO plugin v26.9 - https:\/\/yoast.com\/product\/yoast-seo-wordpress\/ -->\n<title>News: artigos sobre automa\u00e7\u00e3o industrial e rob\u00f3tica - Comau<\/title>\n<meta name=\"description\" content=\"Descubra as novidades em automa\u00e7\u00e3o industrial e as mais recentes tecnologias da Comau. Mantenha-se atualizado sobre todas as novidades da ind\u00fastria, visitando o nosso site.\" \/>\n<meta name=\"robots\" content=\"index, follow, max-snippet:-1, max-image-preview:large, max-video-preview:-1\" \/>\n<link rel=\"canonical\" href=\"https:\/\/www.comau.com\/pt-br\/newsroom\/\" \/>\n<meta property=\"og:locale\" content=\"pt_BR\" \/>\n<meta property=\"og:type\" content=\"article\" \/>\n<meta property=\"og:title\" content=\"News: artigos sobre automa\u00e7\u00e3o industrial e rob\u00f3tica - Comau\" \/>\n<meta property=\"og:description\" content=\"Descubra as novidades em automa\u00e7\u00e3o industrial e as mais recentes tecnologias da Comau. Mantenha-se atualizado sobre todas as novidades da ind\u00fastria, visitando o nosso site.\" \/>\n<meta property=\"og:url\" content=\"https:\/\/www.comau.com\/pt-br\/newsroom\/\" \/>\n<meta property=\"og:site_name\" content=\"Comau\" \/>\n<meta property=\"article:publisher\" content=\"https:\/\/www.facebook.com\/COMAU\/\" \/>\n<meta property=\"article:modified_time\" content=\"2024-08-22T14:38:12+00:00\" \/>\n<meta property=\"og:image\" content=\"https:\/\/www.comau.com\/wp-content\/uploads\/2021\/06\/Main-Image-Newsroom@1x.jpg\" \/>\n\t<meta property=\"og:image:width\" content=\"1425\" \/>\n\t<meta property=\"og:image:height\" content=\"450\" \/>\n\t<meta property=\"og:image:type\" content=\"image\/jpeg\" \/>\n<meta name=\"twitter:card\" content=\"summary_large_image\" \/>\n<meta name=\"twitter:site\" content=\"@comaugroup\" \/>\n<meta name=\"twitter:label1\" content=\"Est. tempo de leitura\" \/>\n\t<meta name=\"twitter:data1\" content=\"2 minutos\" \/>\n<script type=\"application\/ld+json\" class=\"yoast-schema-graph\">{\"@context\":\"https:\/\/schema.org\",\"@graph\":[{\"@type\":\"WebPage\",\"@id\":\"https:\/\/www.comau.com\/pt-br\/newsroom\/\",\"url\":\"https:\/\/www.comau.com\/pt-br\/newsroom\/\",\"name\":\"News: artigos sobre automa\u00e7\u00e3o industrial e rob\u00f3tica - Comau\",\"isPartOf\":{\"@id\":\"https:\/\/www.comau.com\/pt-br\/#website\"},\"primaryImageOfPage\":{\"@id\":\"https:\/\/www.comau.com\/pt-br\/newsroom\/#primaryimage\"},\"image\":{\"@id\":\"https:\/\/www.comau.com\/pt-br\/newsroom\/#primaryimage\"},\"thumbnailUrl\":\"https:\/\/www.comau.com\/wp-content\/uploads\/2021\/06\/Main-Image-Newsroom@1x.jpg\",\"datePublished\":\"2021-05-30T22:04:49+00:00\",\"dateModified\":\"2024-08-22T14:38:12+00:00\",\"description\":\"Descubra as novidades em automa\u00e7\u00e3o industrial e as mais recentes tecnologias da Comau. Mantenha-se atualizado sobre todas as novidades da ind\u00fastria, visitando o nosso site.\",\"breadcrumb\":{\"@id\":\"https:\/\/www.comau.com\/pt-br\/newsroom\/#breadcrumb\"},\"inLanguage\":\"pt-BR\",\"potentialAction\":[{\"@type\":\"ReadAction\",\"target\":[\"https:\/\/www.comau.com\/pt-br\/newsroom\/\"]}]},{\"@type\":\"ImageObject\",\"inLanguage\":\"pt-BR\",\"@id\":\"https:\/\/www.comau.com\/pt-br\/newsroom\/#primaryimage\",\"url\":\"https:\/\/www.comau.com\/wp-content\/uploads\/2021\/06\/Main-Image-Newsroom@1x.jpg\",\"contentUrl\":\"https:\/\/www.comau.com\/wp-content\/uploads\/2021\/06\/Main-Image-Newsroom@1x.jpg\",\"width\":1425,\"height\":450},{\"@type\":\"BreadcrumbList\",\"@id\":\"https:\/\/www.comau.com\/pt-br\/newsroom\/#breadcrumb\",\"itemListElement\":[{\"@type\":\"ListItem\",\"position\":1,\"name\":\"Home\",\"item\":\"https:\/\/www.comau.com\/pt-br\/\"},{\"@type\":\"ListItem\",\"position\":2,\"name\":\"Newsroom\"}]},{\"@type\":\"WebSite\",\"@id\":\"https:\/\/www.comau.com\/pt-br\/#website\",\"url\":\"https:\/\/www.comau.com\/pt-br\/\",\"name\":\"Comau\",\"description\":\"Industrial automation and robotics\",\"publisher\":{\"@id\":\"https:\/\/www.comau.com\/pt-br\/#organization\"},\"potentialAction\":[{\"@type\":\"SearchAction\",\"target\":{\"@type\":\"EntryPoint\",\"urlTemplate\":\"https:\/\/www.comau.com\/pt-br\/?s={search_term_string}\"},\"query-input\":{\"@type\":\"PropertyValueSpecification\",\"valueRequired\":true,\"valueName\":\"search_term_string\"}}],\"inLanguage\":\"pt-BR\"},{\"@type\":\"Organization\",\"@id\":\"https:\/\/www.comau.com\/pt-br\/#organization\",\"name\":\"Comau\",\"url\":\"https:\/\/www.comau.com\/pt-br\/\",\"logo\":{\"@type\":\"ImageObject\",\"inLanguage\":\"pt-BR\",\"@id\":\"https:\/\/www.comau.com\/pt-br\/#\/schema\/logo\/image\/\",\"url\":\"https:\/\/www.comau.com\/wp-content\/uploads\/2024\/07\/cropped-Logo-COMAU.png\",\"contentUrl\":\"https:\/\/www.comau.com\/wp-content\/uploads\/2024\/07\/cropped-Logo-COMAU.png\",\"width\":434,\"height\":434,\"caption\":\"Comau\"},\"image\":{\"@id\":\"https:\/\/www.comau.com\/pt-br\/#\/schema\/logo\/image\/\"},\"sameAs\":[\"https:\/\/www.facebook.com\/COMAU\/\",\"https:\/\/x.com\/comaugroup\",\"https:\/\/www.instagram.com\/comaugroup\/\",\"https:\/\/www.linkedin.com\/company\/comau\",\"https:\/\/www.youtube.com\/user\/comau\"]}]}<\/script>\n<!-- \/ Yoast SEO plugin. -->","yoast_head_json":{"title":"News: artigos sobre automa\u00e7\u00e3o industrial e rob\u00f3tica - Comau","description":"Descubra as novidades em automa\u00e7\u00e3o industrial e as mais recentes tecnologias da Comau. Mantenha-se atualizado sobre todas as novidades da ind\u00fastria, visitando o nosso site.","robots":{"index":"index","follow":"follow","max-snippet":"max-snippet:-1","max-image-preview":"max-image-preview:large","max-video-preview":"max-video-preview:-1"},"canonical":"https:\/\/www.comau.com\/pt-br\/newsroom\/","og_locale":"pt_BR","og_type":"article","og_title":"News: artigos sobre automa\u00e7\u00e3o industrial e rob\u00f3tica - Comau","og_description":"Descubra as novidades em automa\u00e7\u00e3o industrial e as mais recentes tecnologias da Comau. Mantenha-se atualizado sobre todas as novidades da ind\u00fastria, visitando o nosso site.","og_url":"https:\/\/www.comau.com\/pt-br\/newsroom\/","og_site_name":"Comau","article_publisher":"https:\/\/www.facebook.com\/COMAU\/","article_modified_time":"2024-08-22T14:38:12+00:00","og_image":[{"width":1425,"height":450,"url":"https:\/\/www.comau.com\/wp-content\/uploads\/2021\/06\/Main-Image-Newsroom@1x.jpg","type":"image\/jpeg"}],"twitter_card":"summary_large_image","twitter_site":"@comaugroup","twitter_misc":{"Est. tempo de leitura":"2 minutos"},"schema":{"@context":"https:\/\/schema.org","@graph":[{"@type":"WebPage","@id":"https:\/\/www.comau.com\/pt-br\/newsroom\/","url":"https:\/\/www.comau.com\/pt-br\/newsroom\/","name":"News: artigos sobre automa\u00e7\u00e3o industrial e rob\u00f3tica - Comau","isPartOf":{"@id":"https:\/\/www.comau.com\/pt-br\/#website"},"primaryImageOfPage":{"@id":"https:\/\/www.comau.com\/pt-br\/newsroom\/#primaryimage"},"image":{"@id":"https:\/\/www.comau.com\/pt-br\/newsroom\/#primaryimage"},"thumbnailUrl":"https:\/\/www.comau.com\/wp-content\/uploads\/2021\/06\/Main-Image-Newsroom@1x.jpg","datePublished":"2021-05-30T22:04:49+00:00","dateModified":"2024-08-22T14:38:12+00:00","description":"Descubra as novidades em automa\u00e7\u00e3o industrial e as mais recentes tecnologias da Comau. Mantenha-se atualizado sobre todas as novidades da ind\u00fastria, visitando o nosso site.","breadcrumb":{"@id":"https:\/\/www.comau.com\/pt-br\/newsroom\/#breadcrumb"},"inLanguage":"pt-BR","potentialAction":[{"@type":"ReadAction","target":["https:\/\/www.comau.com\/pt-br\/newsroom\/"]}]},{"@type":"ImageObject","inLanguage":"pt-BR","@id":"https:\/\/www.comau.com\/pt-br\/newsroom\/#primaryimage","url":"https:\/\/www.comau.com\/wp-content\/uploads\/2021\/06\/Main-Image-Newsroom@1x.jpg","contentUrl":"https:\/\/www.comau.com\/wp-content\/uploads\/2021\/06\/Main-Image-Newsroom@1x.jpg","width":1425,"height":450},{"@type":"BreadcrumbList","@id":"https:\/\/www.comau.com\/pt-br\/newsroom\/#breadcrumb","itemListElement":[{"@type":"ListItem","position":1,"name":"Home","item":"https:\/\/www.comau.com\/pt-br\/"},{"@type":"ListItem","position":2,"name":"Newsroom"}]},{"@type":"WebSite","@id":"https:\/\/www.comau.com\/pt-br\/#website","url":"https:\/\/www.comau.com\/pt-br\/","name":"Comau","description":"Industrial automation and robotics","publisher":{"@id":"https:\/\/www.comau.com\/pt-br\/#organization"},"potentialAction":[{"@type":"SearchAction","target":{"@type":"EntryPoint","urlTemplate":"https:\/\/www.comau.com\/pt-br\/?s={search_term_string}"},"query-input":{"@type":"PropertyValueSpecification","valueRequired":true,"valueName":"search_term_string"}}],"inLanguage":"pt-BR"},{"@type":"Organization","@id":"https:\/\/www.comau.com\/pt-br\/#organization","name":"Comau","url":"https:\/\/www.comau.com\/pt-br\/","logo":{"@type":"ImageObject","inLanguage":"pt-BR","@id":"https:\/\/www.comau.com\/pt-br\/#\/schema\/logo\/image\/","url":"https:\/\/www.comau.com\/wp-content\/uploads\/2024\/07\/cropped-Logo-COMAU.png","contentUrl":"https:\/\/www.comau.com\/wp-content\/uploads\/2024\/07\/cropped-Logo-COMAU.png","width":434,"height":434,"caption":"Comau"},"image":{"@id":"https:\/\/www.comau.com\/pt-br\/#\/schema\/logo\/image\/"},"sameAs":["https:\/\/www.facebook.com\/COMAU\/","https:\/\/x.com\/comaugroup","https:\/\/www.instagram.com\/comaugroup\/","https:\/\/www.linkedin.com\/company\/comau","https:\/\/www.youtube.com\/user\/comau"]}]}},"_links":{"self":[{"href":"https:\/\/www.comau.com\/pt-br\/wp-json\/wp\/v2\/pages\/5426","targetHints":{"allow":["GET"]}}],"collection":[{"href":"https:\/\/www.comau.com\/pt-br\/wp-json\/wp\/v2\/pages"}],"about":[{"href":"https:\/\/www.comau.com\/pt-br\/wp-json\/wp\/v2\/types\/page"}],"author":[{"embeddable":true,"href":"https:\/\/www.comau.com\/pt-br\/wp-json\/wp\/v2\/users\/11"}],"replies":[{"embeddable":true,"href":"https:\/\/www.comau.com\/pt-br\/wp-json\/wp\/v2\/comments?post=5426"}],"version-history":[{"count":36,"href":"https:\/\/www.comau.com\/pt-br\/wp-json\/wp\/v2\/pages\/5426\/revisions"}],"predecessor-version":[{"id":67722,"href":"https:\/\/www.comau.com\/pt-br\/wp-json\/wp\/v2\/pages\/5426\/revisions\/67722"}],"wp:featuredmedia":[{"embeddable":true,"href":"https:\/\/www.comau.com\/pt-br\/wp-json\/wp\/v2\/media\/5452"}],"wp:attachment":[{"href":"https:\/\/www.comau.com\/pt-br\/wp-json\/wp\/v2\/media?parent=5426"}],"curies":[{"name":"wp","href":"https:\/\/api.w.org\/{rel}","templated":true}]}}