{"id":5356,"date":"2021-06-01T00:09:04","date_gmt":"2021-05-31T22:09:04","guid":{"rendered":"https:\/\/www.comau.com\/?page_id=5356"},"modified":"2022-02-24T16:03:11","modified_gmt":"2022-02-24T15:03:11","slug":"funded-projects","status":"publish","type":"page","link":"https:\/\/www.comau.com\/pt-br\/about-us\/funded-projects\/","title":{"rendered":"Funded Projects"},"content":{"rendered":"\n<h2 class=\"wp-block-heading\" id=\"projects\">Projetos<\/h2>\n\n<p>O cen\u00e1rio industrial est\u00e1 em constante evolu\u00e7\u00e3o. Por este motivo, a Comau \u00e9 colaboradora ativa de uma rede internacional que pesquisa e implementa diversos projetos que procuram promover inova\u00e7\u00e3o e competitividade em setores estrat\u00e9gicos da sociedade. Juntamente com institui\u00e7\u00f5es p\u00fablicas, universidades e empresas privadas, utilizamos nossa vasta experi\u00eancia e know-how em Rob\u00f3tica, Automa\u00e7\u00e3o, Eletrifica\u00e7\u00e3o, Transmiss\u00f5es e Usinagem para ajudar grandes f\u00e1bricas, pequenas e m\u00e9dias empresas a acompanharem as mudan\u00e7as das demandas globais.<\/p>\n\n<div class=\"wp-block-columns is-layout-flex wp-container-core-columns-is-layout-9d6595d7 wp-block-columns-is-layout-flex\">\n<div class=\"wp-block-column is-layout-flow wp-block-column-is-layout-flow\">\n<h3 class=\"h3 wp-block-heading\" id=\"powertrain-machining\">Transmiss\u00f5es e Usinagem<\/h3>\n\n\n\n<figure class=\"wp-block-image size-large\"><img decoding=\"async\" width=\"1024\" height=\"683\" src=\"https:\/\/www.comau.com\/wp-content\/uploads\/2021\/12\/d0c58795a0c559f14c2baffd7655fcd2-1024x683.jpg\" alt=\"\" class=\"wp-image-40205\" srcset=\"https:\/\/www.comau.com\/wp-content\/uploads\/2021\/12\/d0c58795a0c559f14c2baffd7655fcd2-1024x683.jpg 1024w, https:\/\/www.comau.com\/wp-content\/uploads\/2021\/12\/d0c58795a0c559f14c2baffd7655fcd2-300x200.jpg 300w, https:\/\/www.comau.com\/wp-content\/uploads\/2021\/12\/d0c58795a0c559f14c2baffd7655fcd2-768x512.jpg 768w, https:\/\/www.comau.com\/wp-content\/uploads\/2021\/12\/d0c58795a0c559f14c2baffd7655fcd2.jpg 1236w\" sizes=\"(max-width: 1024px) 100vw, 1024px\" \/><\/figure>\n\n\n\n<p>Ao longo dos anos, a experi\u00eancia da Comau em Transmiss\u00f5es e Usinagem tem sido um recurso importante para o desenvolvimento de muitos pelo mundo.<\/p>\n\n\n\n<div class=\"wp-block-buttons is-layout-flex wp-block-buttons-is-layout-flex\">\n<div class=\"wp-block-button\"><a class=\"wp-block-button__link\" href=\"https:\/\/www.comau.com\/en\/our-offer\/systems\/powertrain-machining\/\">Leia mais<\/a><\/div>\n<\/div>\n<\/div>\n\n\n\n<div class=\"wp-block-column is-layout-flow wp-block-column-is-layout-flow\">\n<h3 class=\"h3 wp-block-heading\" id=\"robotics\">Rob\u00f3tica<\/h3>\n\n\n\n<figure class=\"wp-block-image size-large\"><img decoding=\"async\" width=\"1024\" height=\"683\" src=\"https:\/\/www.comau.com\/wp-content\/uploads\/2021\/12\/2ad4c4d31a97ac7de034a3a4d3908fde-1024x683.jpg\" alt=\"\" class=\"wp-image-40218\" srcset=\"https:\/\/www.comau.com\/wp-content\/uploads\/2021\/12\/2ad4c4d31a97ac7de034a3a4d3908fde-1024x683.jpg 1024w, https:\/\/www.comau.com\/wp-content\/uploads\/2021\/12\/2ad4c4d31a97ac7de034a3a4d3908fde-300x200.jpg 300w, https:\/\/www.comau.com\/wp-content\/uploads\/2021\/12\/2ad4c4d31a97ac7de034a3a4d3908fde-768x512.jpg 768w, https:\/\/www.comau.com\/wp-content\/uploads\/2021\/12\/2ad4c4d31a97ac7de034a3a4d3908fde.jpg 1236w\" sizes=\"(max-width: 1024px) 100vw, 1024px\" \/><\/figure>\n\n\n\n<p>D\u00e9cadas de experi\u00eancia tornaram a Comau uma refer\u00eancia na ind\u00fastria da rob\u00f3tica.<br\/><br\/><\/p>\n\n\n\n<div class=\"wp-block-buttons is-layout-flex wp-block-buttons-is-layout-flex\">\n<div class=\"wp-block-button\"><a class=\"wp-block-button__link\" href=\"https:\/\/www.comau.com\/en\/about-us\/funded-projects\/robotics\/\">Leia mais<\/a><\/div>\n<\/div>\n<\/div>\n<\/div>\n\n<div class=\"wp-block-columns is-layout-flex wp-container-core-columns-is-layout-9d6595d7 wp-block-columns-is-layout-flex\">\n<div class=\"wp-block-column is-layout-flow wp-block-column-is-layout-flow\">\n<h3 class=\"h3 wp-block-heading\" id=\"electrification\">Eletrifica\u00e7\u00e3o<\/h3>\n\n\n\n<figure class=\"wp-block-image size-large\"><img decoding=\"async\" width=\"1024\" height=\"683\" src=\"https:\/\/www.comau.com\/wp-content\/uploads\/2021\/12\/bab347429023515b276770d624beb964-1024x683.jpg\" alt=\"\" class=\"wp-image-40225\" srcset=\"https:\/\/www.comau.com\/wp-content\/uploads\/2021\/12\/bab347429023515b276770d624beb964-1024x683.jpg 1024w, https:\/\/www.comau.com\/wp-content\/uploads\/2021\/12\/bab347429023515b276770d624beb964-300x200.jpg 300w, https:\/\/www.comau.com\/wp-content\/uploads\/2021\/12\/bab347429023515b276770d624beb964-768x512.jpg 768w, https:\/\/www.comau.com\/wp-content\/uploads\/2021\/12\/bab347429023515b276770d624beb964.jpg 1236w\" sizes=\"(max-width: 1024px) 100vw, 1024px\" \/><\/figure>\n\n\n\n<p>Da mobilidade \u00e0 manufatura, a eletrifica\u00e7\u00e3o est\u00e1 remodelando os par\u00e2metros industriais.<br\/><br\/><\/p>\n\n\n\n<div class=\"wp-block-buttons is-layout-flex wp-block-buttons-is-layout-flex\">\n<div class=\"wp-block-button\"><a class=\"wp-block-button__link\" href=\"https:\/\/www.comau.com\/en\/about-us\/funded-projects\/electrification\/\">Leia mais<\/a><\/div>\n<\/div>\n<\/div>\n\n\n\n<div class=\"wp-block-column is-layout-flow wp-block-column-is-layout-flow\">\n<h3 class=\"h3 wp-block-heading\" id=\"automation-system\">Sistemas de automa\u00e7\u00e3o<\/h3>\n\n\n\n<figure class=\"wp-block-image size-full\"><img decoding=\"async\" width=\"1024\" height=\"683\" src=\"https:\/\/www.comau.com\/wp-content\/uploads\/2021\/12\/Automation-System-1.jpg\" alt=\"\" class=\"wp-image-40980\" srcset=\"https:\/\/www.comau.com\/wp-content\/uploads\/2021\/12\/Automation-System-1.jpg 1024w, https:\/\/www.comau.com\/wp-content\/uploads\/2021\/12\/Automation-System-1-300x200.jpg 300w, https:\/\/www.comau.com\/wp-content\/uploads\/2021\/12\/Automation-System-1-768x512.jpg 768w\" sizes=\"(max-width: 1024px) 100vw, 1024px\" \/><\/figure>\n\n\n\n<p>Gra\u00e7as ao extenso portf\u00f3lio de solu\u00e7\u00f5es avan\u00e7adas em Sistemas de Automa\u00e7\u00e3o, a Comau \u00e9 uma parceira importante em projetos nacionais e internacionais.<\/p>\n\n\n\n<div class=\"wp-block-buttons is-layout-flex wp-block-buttons-is-layout-flex\">\n<div class=\"wp-block-button\"><a class=\"wp-block-button__link\" href=\"https:\/\/www.comau.com\/en\/about-us\/funded-projects\/automation-system\/\">Leia mais<\/a><\/div>\n<\/div>\n<\/div>\n<\/div>\n\n<div class=\"wp-block-columns is-layout-flex wp-container-core-columns-is-layout-9d6595d7 wp-block-columns-is-layout-flex\">\n<div class=\"wp-block-column is-layout-flow wp-block-column-is-layout-flow\">\n<h3 class=\"h3 wp-block-heading\" id=\"digital-innovation\">Inova\u00e7\u00e3o Digital<\/h3>\n\n\n\n<figure class=\"wp-block-image size-large\"><img decoding=\"async\" width=\"1024\" height=\"683\" src=\"https:\/\/www.comau.com\/wp-content\/uploads\/2021\/12\/aca627849905f30cd9d164fe07c8fd25-1024x683.jpg\" alt=\"\" class=\"wp-image-40237\" srcset=\"https:\/\/www.comau.com\/wp-content\/uploads\/2021\/12\/aca627849905f30cd9d164fe07c8fd25-1024x683.jpg 1024w, https:\/\/www.comau.com\/wp-content\/uploads\/2021\/12\/aca627849905f30cd9d164fe07c8fd25-300x200.jpg 300w, https:\/\/www.comau.com\/wp-content\/uploads\/2021\/12\/aca627849905f30cd9d164fe07c8fd25-768x512.jpg 768w, https:\/\/www.comau.com\/wp-content\/uploads\/2021\/12\/aca627849905f30cd9d164fe07c8fd25.jpg 1236w\" sizes=\"(max-width: 1024px) 100vw, 1024px\" \/><\/figure>\n\n\n\n<p>A expertise da Comau em digitaliza\u00e7\u00e3o industrial tem sido essencial para projetos nos \u00faltimos anos.<\/p>\n\n\n\n<div class=\"wp-block-buttons is-layout-flex wp-block-buttons-is-layout-flex\">\n<div class=\"wp-block-button\"><a class=\"wp-block-button__link\" href=\"https:\/\/www.comau.com\/en\/about-us\/funded-projects\/digital-innovation-projects\/\">Leia mais<\/a><\/div>\n<\/div>\n<\/div>\n\n\n\n<div class=\"wp-block-column is-layout-flow wp-block-column-is-layout-flow\"><\/div>\n<\/div>\n","protected":false},"excerpt":{"rendered":"<p>Projetos O cen\u00e1rio industrial est\u00e1 em constante evolu\u00e7\u00e3o. Por este motivo, a Comau \u00e9 colaboradora ativa de uma rede internacional que pesquisa e implementa diversos projetos que procuram promover inova\u00e7\u00e3o e competitividade em setores estrat\u00e9gicos da sociedade. Juntamente com institui\u00e7\u00f5es p\u00fablicas, universidades e empresas privadas, utilizamos nossa vasta experi\u00eancia e know-how em Rob\u00f3tica, Automa\u00e7\u00e3o, Eletrifica\u00e7\u00e3o, [&hellip;]<\/p>\n","protected":false},"author":11,"featured_media":40212,"parent":5217,"menu_order":9,"comment_status":"closed","ping_status":"closed","template":"","meta":{"_acf_changed":false,"ep_exclude_from_search":false,"footnotes":""},"class_list":["post-5356","page","type-page","status-publish","has-post-thumbnail","hentry"],"acf":[],"yoast_head":"<!-- This site is optimized with the Yoast SEO plugin v26.9 - https:\/\/yoast.com\/product\/yoast-seo-wordpress\/ -->\n<title>Projeto de m\u00e1quinas de automa\u00e7\u00e3o industrial | Comau<\/title>\n<meta name=\"description\" content=\"Descubra os projetos de automa\u00e7\u00e3o industrial realizados pela Comau e encontre aquele que se encontra mais pr\u00f3ximo de suas necessidades. Veja agora!\" \/>\n<meta name=\"robots\" content=\"index, follow, max-snippet:-1, max-image-preview:large, max-video-preview:-1\" \/>\n<link rel=\"canonical\" href=\"https:\/\/www.comau.com\/pt-br\/about-us\/funded-projects\/\" \/>\n<meta property=\"og:locale\" content=\"pt_BR\" \/>\n<meta property=\"og:type\" content=\"article\" \/>\n<meta property=\"og:title\" content=\"Projeto de m\u00e1quinas de automa\u00e7\u00e3o industrial | Comau\" \/>\n<meta property=\"og:description\" content=\"Descubra os projetos de automa\u00e7\u00e3o industrial realizados pela Comau e encontre aquele que se encontra mais pr\u00f3ximo de suas necessidades. Veja agora!\" \/>\n<meta property=\"og:url\" content=\"https:\/\/www.comau.com\/pt-br\/about-us\/funded-projects\/\" \/>\n<meta property=\"og:site_name\" content=\"Comau\" \/>\n<meta property=\"article:publisher\" content=\"https:\/\/www.facebook.com\/COMAU\/\" \/>\n<meta property=\"article:modified_time\" content=\"2022-02-24T15:03:11+00:00\" \/>\n<meta property=\"og:image\" content=\"https:\/\/www.comau.com\/wp-content\/uploads\/2021\/12\/shutterstock_1708245121-scaled.jpg\" \/>\n\t<meta property=\"og:image:width\" content=\"2560\" \/>\n\t<meta property=\"og:image:height\" content=\"808\" \/>\n\t<meta property=\"og:image:type\" content=\"image\/jpeg\" \/>\n<meta name=\"twitter:card\" content=\"summary_large_image\" \/>\n<meta name=\"twitter:site\" content=\"@comaugroup\" \/>\n<meta name=\"twitter:label1\" content=\"Est. tempo de leitura\" \/>\n\t<meta name=\"twitter:data1\" content=\"2 minutos\" \/>\n<script type=\"application\/ld+json\" class=\"yoast-schema-graph\">{\"@context\":\"https:\/\/schema.org\",\"@graph\":[{\"@type\":\"WebPage\",\"@id\":\"https:\/\/www.comau.com\/pt-br\/about-us\/funded-projects\/\",\"url\":\"https:\/\/www.comau.com\/pt-br\/about-us\/funded-projects\/\",\"name\":\"Projeto de m\u00e1quinas de automa\u00e7\u00e3o industrial | Comau\",\"isPartOf\":{\"@id\":\"https:\/\/www.comau.com\/pt-br\/#website\"},\"primaryImageOfPage\":{\"@id\":\"https:\/\/www.comau.com\/pt-br\/about-us\/funded-projects\/#primaryimage\"},\"image\":{\"@id\":\"https:\/\/www.comau.com\/pt-br\/about-us\/funded-projects\/#primaryimage\"},\"thumbnailUrl\":\"https:\/\/www.comau.com\/wp-content\/uploads\/2021\/12\/shutterstock_1708245121-scaled.jpg\",\"datePublished\":\"2021-05-31T22:09:04+00:00\",\"dateModified\":\"2022-02-24T15:03:11+00:00\",\"description\":\"Descubra os projetos de automa\u00e7\u00e3o industrial realizados pela Comau e encontre aquele que se encontra mais pr\u00f3ximo de suas necessidades. Veja agora!\",\"breadcrumb\":{\"@id\":\"https:\/\/www.comau.com\/pt-br\/about-us\/funded-projects\/#breadcrumb\"},\"inLanguage\":\"pt-BR\",\"potentialAction\":[{\"@type\":\"ReadAction\",\"target\":[\"https:\/\/www.comau.com\/pt-br\/about-us\/funded-projects\/\"]}]},{\"@type\":\"ImageObject\",\"inLanguage\":\"pt-BR\",\"@id\":\"https:\/\/www.comau.com\/pt-br\/about-us\/funded-projects\/#primaryimage\",\"url\":\"https:\/\/www.comau.com\/wp-content\/uploads\/2021\/12\/shutterstock_1708245121-scaled.jpg\",\"contentUrl\":\"https:\/\/www.comau.com\/wp-content\/uploads\/2021\/12\/shutterstock_1708245121-scaled.jpg\",\"width\":2560,\"height\":808},{\"@type\":\"BreadcrumbList\",\"@id\":\"https:\/\/www.comau.com\/pt-br\/about-us\/funded-projects\/#breadcrumb\",\"itemListElement\":[{\"@type\":\"ListItem\",\"position\":1,\"name\":\"Home\",\"item\":\"https:\/\/www.comau.com\/pt-br\/\"},{\"@type\":\"ListItem\",\"position\":2,\"name\":\"Sobre a Comau\",\"item\":\"https:\/\/www.comau.com\/pt-br\/about-us\/\"},{\"@type\":\"ListItem\",\"position\":3,\"name\":\"Funded Projects\"}]},{\"@type\":\"WebSite\",\"@id\":\"https:\/\/www.comau.com\/pt-br\/#website\",\"url\":\"https:\/\/www.comau.com\/pt-br\/\",\"name\":\"Comau\",\"description\":\"Industrial automation and robotics\",\"publisher\":{\"@id\":\"https:\/\/www.comau.com\/pt-br\/#organization\"},\"potentialAction\":[{\"@type\":\"SearchAction\",\"target\":{\"@type\":\"EntryPoint\",\"urlTemplate\":\"https:\/\/www.comau.com\/pt-br\/?s={search_term_string}\"},\"query-input\":{\"@type\":\"PropertyValueSpecification\",\"valueRequired\":true,\"valueName\":\"search_term_string\"}}],\"inLanguage\":\"pt-BR\"},{\"@type\":\"Organization\",\"@id\":\"https:\/\/www.comau.com\/pt-br\/#organization\",\"name\":\"Comau\",\"url\":\"https:\/\/www.comau.com\/pt-br\/\",\"logo\":{\"@type\":\"ImageObject\",\"inLanguage\":\"pt-BR\",\"@id\":\"https:\/\/www.comau.com\/pt-br\/#\/schema\/logo\/image\/\",\"url\":\"https:\/\/www.comau.com\/wp-content\/uploads\/2024\/07\/cropped-Logo-COMAU.png\",\"contentUrl\":\"https:\/\/www.comau.com\/wp-content\/uploads\/2024\/07\/cropped-Logo-COMAU.png\",\"width\":434,\"height\":434,\"caption\":\"Comau\"},\"image\":{\"@id\":\"https:\/\/www.comau.com\/pt-br\/#\/schema\/logo\/image\/\"},\"sameAs\":[\"https:\/\/www.facebook.com\/COMAU\/\",\"https:\/\/x.com\/comaugroup\",\"https:\/\/www.instagram.com\/comaugroup\/\",\"https:\/\/www.linkedin.com\/company\/comau\",\"https:\/\/www.youtube.com\/user\/comau\"]}]}<\/script>\n<!-- \/ Yoast SEO plugin. -->","yoast_head_json":{"title":"Projeto de m\u00e1quinas de automa\u00e7\u00e3o industrial | Comau","description":"Descubra os projetos de automa\u00e7\u00e3o industrial realizados pela Comau e encontre aquele que se encontra mais pr\u00f3ximo de suas necessidades. Veja agora!","robots":{"index":"index","follow":"follow","max-snippet":"max-snippet:-1","max-image-preview":"max-image-preview:large","max-video-preview":"max-video-preview:-1"},"canonical":"https:\/\/www.comau.com\/pt-br\/about-us\/funded-projects\/","og_locale":"pt_BR","og_type":"article","og_title":"Projeto de m\u00e1quinas de automa\u00e7\u00e3o industrial | Comau","og_description":"Descubra os projetos de automa\u00e7\u00e3o industrial realizados pela Comau e encontre aquele que se encontra mais pr\u00f3ximo de suas necessidades. Veja agora!","og_url":"https:\/\/www.comau.com\/pt-br\/about-us\/funded-projects\/","og_site_name":"Comau","article_publisher":"https:\/\/www.facebook.com\/COMAU\/","article_modified_time":"2022-02-24T15:03:11+00:00","og_image":[{"width":2560,"height":808,"url":"https:\/\/www.comau.com\/wp-content\/uploads\/2021\/12\/shutterstock_1708245121-scaled.jpg","type":"image\/jpeg"}],"twitter_card":"summary_large_image","twitter_site":"@comaugroup","twitter_misc":{"Est. tempo de leitura":"2 minutos"},"schema":{"@context":"https:\/\/schema.org","@graph":[{"@type":"WebPage","@id":"https:\/\/www.comau.com\/pt-br\/about-us\/funded-projects\/","url":"https:\/\/www.comau.com\/pt-br\/about-us\/funded-projects\/","name":"Projeto de m\u00e1quinas de automa\u00e7\u00e3o industrial | Comau","isPartOf":{"@id":"https:\/\/www.comau.com\/pt-br\/#website"},"primaryImageOfPage":{"@id":"https:\/\/www.comau.com\/pt-br\/about-us\/funded-projects\/#primaryimage"},"image":{"@id":"https:\/\/www.comau.com\/pt-br\/about-us\/funded-projects\/#primaryimage"},"thumbnailUrl":"https:\/\/www.comau.com\/wp-content\/uploads\/2021\/12\/shutterstock_1708245121-scaled.jpg","datePublished":"2021-05-31T22:09:04+00:00","dateModified":"2022-02-24T15:03:11+00:00","description":"Descubra os projetos de automa\u00e7\u00e3o industrial realizados pela Comau e encontre aquele que se encontra mais pr\u00f3ximo de suas necessidades. Veja agora!","breadcrumb":{"@id":"https:\/\/www.comau.com\/pt-br\/about-us\/funded-projects\/#breadcrumb"},"inLanguage":"pt-BR","potentialAction":[{"@type":"ReadAction","target":["https:\/\/www.comau.com\/pt-br\/about-us\/funded-projects\/"]}]},{"@type":"ImageObject","inLanguage":"pt-BR","@id":"https:\/\/www.comau.com\/pt-br\/about-us\/funded-projects\/#primaryimage","url":"https:\/\/www.comau.com\/wp-content\/uploads\/2021\/12\/shutterstock_1708245121-scaled.jpg","contentUrl":"https:\/\/www.comau.com\/wp-content\/uploads\/2021\/12\/shutterstock_1708245121-scaled.jpg","width":2560,"height":808},{"@type":"BreadcrumbList","@id":"https:\/\/www.comau.com\/pt-br\/about-us\/funded-projects\/#breadcrumb","itemListElement":[{"@type":"ListItem","position":1,"name":"Home","item":"https:\/\/www.comau.com\/pt-br\/"},{"@type":"ListItem","position":2,"name":"Sobre a Comau","item":"https:\/\/www.comau.com\/pt-br\/about-us\/"},{"@type":"ListItem","position":3,"name":"Funded Projects"}]},{"@type":"WebSite","@id":"https:\/\/www.comau.com\/pt-br\/#website","url":"https:\/\/www.comau.com\/pt-br\/","name":"Comau","description":"Industrial automation and robotics","publisher":{"@id":"https:\/\/www.comau.com\/pt-br\/#organization"},"potentialAction":[{"@type":"SearchAction","target":{"@type":"EntryPoint","urlTemplate":"https:\/\/www.comau.com\/pt-br\/?s={search_term_string}"},"query-input":{"@type":"PropertyValueSpecification","valueRequired":true,"valueName":"search_term_string"}}],"inLanguage":"pt-BR"},{"@type":"Organization","@id":"https:\/\/www.comau.com\/pt-br\/#organization","name":"Comau","url":"https:\/\/www.comau.com\/pt-br\/","logo":{"@type":"ImageObject","inLanguage":"pt-BR","@id":"https:\/\/www.comau.com\/pt-br\/#\/schema\/logo\/image\/","url":"https:\/\/www.comau.com\/wp-content\/uploads\/2024\/07\/cropped-Logo-COMAU.png","contentUrl":"https:\/\/www.comau.com\/wp-content\/uploads\/2024\/07\/cropped-Logo-COMAU.png","width":434,"height":434,"caption":"Comau"},"image":{"@id":"https:\/\/www.comau.com\/pt-br\/#\/schema\/logo\/image\/"},"sameAs":["https:\/\/www.facebook.com\/COMAU\/","https:\/\/x.com\/comaugroup","https:\/\/www.instagram.com\/comaugroup\/","https:\/\/www.linkedin.com\/company\/comau","https:\/\/www.youtube.com\/user\/comau"]}]}},"_links":{"self":[{"href":"https:\/\/www.comau.com\/pt-br\/wp-json\/wp\/v2\/pages\/5356","targetHints":{"allow":["GET"]}}],"collection":[{"href":"https:\/\/www.comau.com\/pt-br\/wp-json\/wp\/v2\/pages"}],"about":[{"href":"https:\/\/www.comau.com\/pt-br\/wp-json\/wp\/v2\/types\/page"}],"author":[{"embeddable":true,"href":"https:\/\/www.comau.com\/pt-br\/wp-json\/wp\/v2\/users\/11"}],"replies":[{"embeddable":true,"href":"https:\/\/www.comau.com\/pt-br\/wp-json\/wp\/v2\/comments?post=5356"}],"version-history":[{"count":67,"href":"https:\/\/www.comau.com\/pt-br\/wp-json\/wp\/v2\/pages\/5356\/revisions"}],"predecessor-version":[{"id":43131,"href":"https:\/\/www.comau.com\/pt-br\/wp-json\/wp\/v2\/pages\/5356\/revisions\/43131"}],"up":[{"embeddable":true,"href":"https:\/\/www.comau.com\/pt-br\/wp-json\/wp\/v2\/pages\/5217"}],"wp:featuredmedia":[{"embeddable":true,"href":"https:\/\/www.comau.com\/pt-br\/wp-json\/wp\/v2\/media\/40212"}],"wp:attachment":[{"href":"https:\/\/www.comau.com\/pt-br\/wp-json\/wp\/v2\/media?parent=5356"}],"curies":[{"name":"wp","href":"https:\/\/api.w.org\/{rel}","templated":true}]}}