{"id":5348,"date":"2021-06-01T00:08:19","date_gmt":"2021-05-31T22:08:19","guid":{"rendered":"https:\/\/www.comau.com\/?page_id=5348"},"modified":"2025-04-07T09:48:25","modified_gmt":"2025-04-07T07:48:25","slug":"suppliers","status":"publish","type":"page","link":"https:\/\/www.comau.com\/pt-br\/about-us\/suppliers\/","title":{"rendered":"Fornecedores"},"content":{"rendered":"\n<p>A Comau entende o papel importante que nossos parceiros t\u00eam, em ajudar-nos a ajudar nossos clientes.<\/p>\n\n\n\n<p>Aqui na Comau, n\u00f3s vemos nossos fornecedores como parceiros. Parceiros importantes com quem podemos contar para proteger nosso desempenho e a qualidade s\u00f3lida pela qual a Comau \u00e9 conhecida. \u00c9 por isso que n\u00f3s trabalhamos duro para fornecer a voc\u00ea as ferramentas e servi\u00e7os para melhorar seu conhecimento, apoiar com mais efici\u00eancia suas atividades e estimular um relacionamento pr\u00f3ximo e produtivo com a Comau. <\/p>\n\n\n\n<p>N\u00f3s nos comprometemos a ajud\u00e1-lo a:<\/p>\n\n\n\n<ul class=\"wp-block-list\">\n<li>Acessar informa\u00e7\u00e3o atualizada<\/li>\n\n\n\n<li>Criar e rever facilmente ordens de compra e faturas<\/li>\n\n\n\n<li>Reduza os custos operacionais, simplificando os processos<\/li>\n\n\n\n<li>Facilitar a comunica\u00e7\u00e3o em caso de d\u00favidas<\/li>\n\n\n\n<li>Informa\u00e7\u00e3o da fonte sobre nossas pr\u00e1ticas de neg\u00f3cios e requisitos de suprimento<\/li>\n<\/ul>\n\n\n\n<div class=\"wp-block-getwid-toggle download-dropdown has-icon-left\">\n<div class=\"wp-block-getwid-toggle__row\"><div class=\"wp-block-getwid-toggle__header-wrapper\"><span class=\"wp-block-getwid-toggle__header\"><a href=\"#\"><span class=\"wp-block-getwid-toggle__header-title\">Download<\/span><span class=\"wp-block-getwid-toggle__icon is-active\"><i class=\"fas fa-plus\"><\/i><\/span><span class=\"wp-block-getwid-toggle__icon is-passive\"><i class=\"fas fa-minus\"><\/i><\/span><\/a><\/span><\/div><div class=\"wp-block-getwid-toggle__content-wrapper\"><div class=\"wp-block-getwid-toggle__content\">\n<div class=\"wp-block-getwid-button-group\"><div class=\"wp-block-getwid-button-group__wrapper\">\n<div class=\"wp-block-button\"><a class=\"wp-block-button__link wp-element-button\" href=\"https:\/\/www.comau.com\/wp-content\/uploads\/2021\/06\/EN_supplierstermsconditions_usa.pdf\" target=\"_blank\" rel=\"noreferrer noopener\">Termos e Condi\u00e7\u00f5es \u2013 EUA<\/a><\/div>\n\n\n\n<div class=\"wp-block-button\"><a class=\"wp-block-button__link wp-element-button\" href=\"https:\/\/www.comau.com\/wp-content\/uploads\/2021\/06\/EN_routinginstructions_suppliers_mexico.pdf\" target=\"_blank\" rel=\"noreferrer noopener\">Instru\u00e7\u00f5es de Encaminhamento Fornecedores Comau \u2013 M\u00e9xico<\/a><\/div>\n\n\n\n<div class=\"wp-block-button\"><a class=\"wp-block-button__link wp-element-button\" href=\"\/wp-content\/uploads\/2022\/09\/COMAU-AT___Termos-e-Condicoes-Gerais-para-a-Compra-de-Bens-e-Produtos__v1.10.2021.pdf\" target=\"_blank\" rel=\"noreferrer noopener\">Termos e Condi\u00e7\u00f5es &#8211; Brazil<\/a><\/div>\n\n\n\n<div class=\"wp-block-button\"><a class=\"wp-block-button__link wp-element-button\" href=\"https:\/\/www.comau.com\/wp-content\/uploads\/2025\/04\/EN_routinginstructions_suppliers_usa-april-2025.pdf\" target=\"_blank\" rel=\"noreferrer noopener\">Instru\u00e7\u00f5es de Encaminhamento Fornecedores Comau \u2013 EUA<\/a><\/div>\n\n\n\n<div class=\"wp-block-button\"><a class=\"wp-block-button__link wp-element-button\" href=\"https:\/\/www.comau.com\/wp-content\/uploads\/2021\/06\/EN_ES_supplierstermsconditions_mexico.pdf\" target=\"_blank\" rel=\"noreferrer noopener\">Termos e Condi\u00e7\u00f5es &#8211; M\u00e9xico (Vers\u00e3o em Ingl\u00eas e Espanhol)<\/a><\/div>\n\n\n\n<div class=\"wp-block-button\"><a class=\"wp-block-button__link wp-element-button\" href=\"https:\/\/www.comau.com\/wp-content\/uploads\/2021\/06\/Comau_California_Transparency_SupplyChains_Act.pdf\" target=\"_blank\" rel=\"noreferrer noopener\">\u201cCalifornia Transparency in Supply Chains Act\u201d Statement<\/a><\/div>\n<\/div><\/div>\n<\/div><\/div><\/div>\n<\/div>\n\n\n\n<h2 class=\"wp-block-heading\">Pol\u00edtica de Privacidade<\/h2>\n\n\n\n<p>A Comau do Brasil Automa\u00e7\u00e3o e Servi\u00e7os Industriais est\u00e1 comprometida com a conscientiza\u00e7\u00e3o de seus prestadores de servi\u00e7o, visitantes, fornecedores, terceiros, testemunhas, ex-colaboradores, parceiros, bem como respectivos s\u00f3cios e demais representantes em rela\u00e7\u00e3o \u00e0s suas informa\u00e7\u00f5es coletadas, utilizadas, armazenadas ou de outra forma tratadas no contexto da contrata\u00e7\u00e3o e presta\u00e7\u00e3o de servi\u00e7os e da rela\u00e7\u00e3o empregat\u00edcia com a Comau. Por isso, apresentamos nossa pol\u00edtica de privacidade, que tem por objetivo fornecer informa\u00e7\u00f5es claras e precisas aos Terceiros acerca do tratamento de dados pessoais realizado pela Comau.<\/p>\n\n\n\n<div class=\"wp-block-buttons is-layout-flex wp-block-buttons-is-layout-flex\">\n<div class=\"wp-block-button is-style-fill\"><a class=\"wp-block-button__link wp-element-button\" href=\"\/wp-content\/uploads\/2022\/09\/COMAU-AT-Politica-de-Privacidade-de-Terceiros.pdf\" target=\"_blank\" rel=\"noreferrer noopener\"><strong><strong>POL\u00cdTICA DE PRIVACIDADE: TERCEIROS<\/strong><\/strong><\/a><\/div>\n<\/div>\n","protected":false},"excerpt":{"rendered":"<p>A Comau entende o papel importante que nossos parceiros t\u00eam, em ajudar-nos a ajudar nossos clientes. Aqui na Comau, n\u00f3s vemos nossos fornecedores como parceiros. Parceiros importantes com quem podemos contar para proteger nosso desempenho e a qualidade s\u00f3lida pela qual a Comau \u00e9 conhecida. \u00c9 por isso que n\u00f3s trabalhamos duro para fornecer a [&hellip;]<\/p>\n","protected":false},"author":11,"featured_media":4168,"parent":5217,"menu_order":8,"comment_status":"closed","ping_status":"closed","template":"","meta":{"_acf_changed":false,"ep_exclude_from_search":false,"footnotes":""},"class_list":["post-5348","page","type-page","status-publish","has-post-thumbnail","hentry"],"acf":[],"yoast_head":"<!-- This site is optimized with the Yoast SEO plugin v26.9 - https:\/\/yoast.com\/product\/yoast-seo-wordpress\/ -->\n<title>Torne-se um fornecedor - Comau<\/title>\n<meta name=\"description\" content=\"Junte-se \u00e0 rede global da Comau, torne-se um fornecedor. Assist\u00eancia garantida, know-how compartilhado e gerenciamento simplificado de processos s\u00e3o apenas algumas das vantagens.\" \/>\n<meta name=\"robots\" content=\"index, follow, max-snippet:-1, max-image-preview:large, max-video-preview:-1\" \/>\n<link rel=\"canonical\" href=\"https:\/\/www.comau.com\/pt-br\/about-us\/suppliers\/\" \/>\n<meta property=\"og:locale\" content=\"pt_BR\" \/>\n<meta property=\"og:type\" content=\"article\" \/>\n<meta property=\"og:title\" content=\"Torne-se um fornecedor - Comau\" \/>\n<meta property=\"og:description\" content=\"Junte-se \u00e0 rede global da Comau, torne-se um fornecedor. Assist\u00eancia garantida, know-how compartilhado e gerenciamento simplificado de processos s\u00e3o apenas algumas das vantagens.\" \/>\n<meta property=\"og:url\" content=\"https:\/\/www.comau.com\/pt-br\/about-us\/suppliers\/\" \/>\n<meta property=\"og:site_name\" content=\"Comau\" \/>\n<meta property=\"article:publisher\" content=\"https:\/\/www.facebook.com\/COMAU\/\" \/>\n<meta property=\"article:modified_time\" content=\"2025-04-07T07:48:25+00:00\" \/>\n<meta property=\"og:image\" content=\"https:\/\/www.comau.com\/wp-content\/uploads\/2021\/06\/suppliers_header.jpg\" \/>\n\t<meta property=\"og:image:width\" content=\"1280\" \/>\n\t<meta property=\"og:image:height\" content=\"485\" \/>\n\t<meta property=\"og:image:type\" content=\"image\/jpeg\" \/>\n<meta name=\"twitter:card\" content=\"summary_large_image\" \/>\n<meta name=\"twitter:site\" content=\"@comaugroup\" \/>\n<meta name=\"twitter:label1\" content=\"Est. tempo de leitura\" \/>\n\t<meta name=\"twitter:data1\" content=\"2 minutos\" \/>\n<script type=\"application\/ld+json\" class=\"yoast-schema-graph\">{\"@context\":\"https:\/\/schema.org\",\"@graph\":[{\"@type\":\"WebPage\",\"@id\":\"https:\/\/www.comau.com\/pt-br\/about-us\/suppliers\/\",\"url\":\"https:\/\/www.comau.com\/pt-br\/about-us\/suppliers\/\",\"name\":\"Torne-se um fornecedor - Comau\",\"isPartOf\":{\"@id\":\"https:\/\/www.comau.com\/pt-br\/#website\"},\"primaryImageOfPage\":{\"@id\":\"https:\/\/www.comau.com\/pt-br\/about-us\/suppliers\/#primaryimage\"},\"image\":{\"@id\":\"https:\/\/www.comau.com\/pt-br\/about-us\/suppliers\/#primaryimage\"},\"thumbnailUrl\":\"https:\/\/www.comau.com\/wp-content\/uploads\/2021\/06\/suppliers_header.jpg\",\"datePublished\":\"2021-05-31T22:08:19+00:00\",\"dateModified\":\"2025-04-07T07:48:25+00:00\",\"description\":\"Junte-se \u00e0 rede global da Comau, torne-se um fornecedor. Assist\u00eancia garantida, know-how compartilhado e gerenciamento simplificado de processos s\u00e3o apenas algumas das vantagens.\",\"breadcrumb\":{\"@id\":\"https:\/\/www.comau.com\/pt-br\/about-us\/suppliers\/#breadcrumb\"},\"inLanguage\":\"pt-BR\",\"potentialAction\":[{\"@type\":\"ReadAction\",\"target\":[\"https:\/\/www.comau.com\/pt-br\/about-us\/suppliers\/\"]}]},{\"@type\":\"ImageObject\",\"inLanguage\":\"pt-BR\",\"@id\":\"https:\/\/www.comau.com\/pt-br\/about-us\/suppliers\/#primaryimage\",\"url\":\"https:\/\/www.comau.com\/wp-content\/uploads\/2021\/06\/suppliers_header.jpg\",\"contentUrl\":\"https:\/\/www.comau.com\/wp-content\/uploads\/2021\/06\/suppliers_header.jpg\",\"width\":1280,\"height\":485},{\"@type\":\"BreadcrumbList\",\"@id\":\"https:\/\/www.comau.com\/pt-br\/about-us\/suppliers\/#breadcrumb\",\"itemListElement\":[{\"@type\":\"ListItem\",\"position\":1,\"name\":\"Home\",\"item\":\"https:\/\/www.comau.com\/pt-br\/\"},{\"@type\":\"ListItem\",\"position\":2,\"name\":\"Sobre a Comau\",\"item\":\"https:\/\/www.comau.com\/pt-br\/about-us\/\"},{\"@type\":\"ListItem\",\"position\":3,\"name\":\"Fornecedores\"}]},{\"@type\":\"WebSite\",\"@id\":\"https:\/\/www.comau.com\/pt-br\/#website\",\"url\":\"https:\/\/www.comau.com\/pt-br\/\",\"name\":\"Comau\",\"description\":\"Industrial automation and robotics\",\"publisher\":{\"@id\":\"https:\/\/www.comau.com\/pt-br\/#organization\"},\"potentialAction\":[{\"@type\":\"SearchAction\",\"target\":{\"@type\":\"EntryPoint\",\"urlTemplate\":\"https:\/\/www.comau.com\/pt-br\/?s={search_term_string}\"},\"query-input\":{\"@type\":\"PropertyValueSpecification\",\"valueRequired\":true,\"valueName\":\"search_term_string\"}}],\"inLanguage\":\"pt-BR\"},{\"@type\":\"Organization\",\"@id\":\"https:\/\/www.comau.com\/pt-br\/#organization\",\"name\":\"Comau\",\"url\":\"https:\/\/www.comau.com\/pt-br\/\",\"logo\":{\"@type\":\"ImageObject\",\"inLanguage\":\"pt-BR\",\"@id\":\"https:\/\/www.comau.com\/pt-br\/#\/schema\/logo\/image\/\",\"url\":\"https:\/\/www.comau.com\/wp-content\/uploads\/2024\/07\/cropped-Logo-COMAU.png\",\"contentUrl\":\"https:\/\/www.comau.com\/wp-content\/uploads\/2024\/07\/cropped-Logo-COMAU.png\",\"width\":434,\"height\":434,\"caption\":\"Comau\"},\"image\":{\"@id\":\"https:\/\/www.comau.com\/pt-br\/#\/schema\/logo\/image\/\"},\"sameAs\":[\"https:\/\/www.facebook.com\/COMAU\/\",\"https:\/\/x.com\/comaugroup\",\"https:\/\/www.instagram.com\/comaugroup\/\",\"https:\/\/www.linkedin.com\/company\/comau\",\"https:\/\/www.youtube.com\/user\/comau\"]}]}<\/script>\n<!-- \/ Yoast SEO plugin. -->","yoast_head_json":{"title":"Torne-se um fornecedor - Comau","description":"Junte-se \u00e0 rede global da Comau, torne-se um fornecedor. Assist\u00eancia garantida, know-how compartilhado e gerenciamento simplificado de processos s\u00e3o apenas algumas das vantagens.","robots":{"index":"index","follow":"follow","max-snippet":"max-snippet:-1","max-image-preview":"max-image-preview:large","max-video-preview":"max-video-preview:-1"},"canonical":"https:\/\/www.comau.com\/pt-br\/about-us\/suppliers\/","og_locale":"pt_BR","og_type":"article","og_title":"Torne-se um fornecedor - Comau","og_description":"Junte-se \u00e0 rede global da Comau, torne-se um fornecedor. Assist\u00eancia garantida, know-how compartilhado e gerenciamento simplificado de processos s\u00e3o apenas algumas das vantagens.","og_url":"https:\/\/www.comau.com\/pt-br\/about-us\/suppliers\/","og_site_name":"Comau","article_publisher":"https:\/\/www.facebook.com\/COMAU\/","article_modified_time":"2025-04-07T07:48:25+00:00","og_image":[{"width":1280,"height":485,"url":"https:\/\/www.comau.com\/wp-content\/uploads\/2021\/06\/suppliers_header.jpg","type":"image\/jpeg"}],"twitter_card":"summary_large_image","twitter_site":"@comaugroup","twitter_misc":{"Est. tempo de leitura":"2 minutos"},"schema":{"@context":"https:\/\/schema.org","@graph":[{"@type":"WebPage","@id":"https:\/\/www.comau.com\/pt-br\/about-us\/suppliers\/","url":"https:\/\/www.comau.com\/pt-br\/about-us\/suppliers\/","name":"Torne-se um fornecedor - Comau","isPartOf":{"@id":"https:\/\/www.comau.com\/pt-br\/#website"},"primaryImageOfPage":{"@id":"https:\/\/www.comau.com\/pt-br\/about-us\/suppliers\/#primaryimage"},"image":{"@id":"https:\/\/www.comau.com\/pt-br\/about-us\/suppliers\/#primaryimage"},"thumbnailUrl":"https:\/\/www.comau.com\/wp-content\/uploads\/2021\/06\/suppliers_header.jpg","datePublished":"2021-05-31T22:08:19+00:00","dateModified":"2025-04-07T07:48:25+00:00","description":"Junte-se \u00e0 rede global da Comau, torne-se um fornecedor. Assist\u00eancia garantida, know-how compartilhado e gerenciamento simplificado de processos s\u00e3o apenas algumas das vantagens.","breadcrumb":{"@id":"https:\/\/www.comau.com\/pt-br\/about-us\/suppliers\/#breadcrumb"},"inLanguage":"pt-BR","potentialAction":[{"@type":"ReadAction","target":["https:\/\/www.comau.com\/pt-br\/about-us\/suppliers\/"]}]},{"@type":"ImageObject","inLanguage":"pt-BR","@id":"https:\/\/www.comau.com\/pt-br\/about-us\/suppliers\/#primaryimage","url":"https:\/\/www.comau.com\/wp-content\/uploads\/2021\/06\/suppliers_header.jpg","contentUrl":"https:\/\/www.comau.com\/wp-content\/uploads\/2021\/06\/suppliers_header.jpg","width":1280,"height":485},{"@type":"BreadcrumbList","@id":"https:\/\/www.comau.com\/pt-br\/about-us\/suppliers\/#breadcrumb","itemListElement":[{"@type":"ListItem","position":1,"name":"Home","item":"https:\/\/www.comau.com\/pt-br\/"},{"@type":"ListItem","position":2,"name":"Sobre a Comau","item":"https:\/\/www.comau.com\/pt-br\/about-us\/"},{"@type":"ListItem","position":3,"name":"Fornecedores"}]},{"@type":"WebSite","@id":"https:\/\/www.comau.com\/pt-br\/#website","url":"https:\/\/www.comau.com\/pt-br\/","name":"Comau","description":"Industrial automation and robotics","publisher":{"@id":"https:\/\/www.comau.com\/pt-br\/#organization"},"potentialAction":[{"@type":"SearchAction","target":{"@type":"EntryPoint","urlTemplate":"https:\/\/www.comau.com\/pt-br\/?s={search_term_string}"},"query-input":{"@type":"PropertyValueSpecification","valueRequired":true,"valueName":"search_term_string"}}],"inLanguage":"pt-BR"},{"@type":"Organization","@id":"https:\/\/www.comau.com\/pt-br\/#organization","name":"Comau","url":"https:\/\/www.comau.com\/pt-br\/","logo":{"@type":"ImageObject","inLanguage":"pt-BR","@id":"https:\/\/www.comau.com\/pt-br\/#\/schema\/logo\/image\/","url":"https:\/\/www.comau.com\/wp-content\/uploads\/2024\/07\/cropped-Logo-COMAU.png","contentUrl":"https:\/\/www.comau.com\/wp-content\/uploads\/2024\/07\/cropped-Logo-COMAU.png","width":434,"height":434,"caption":"Comau"},"image":{"@id":"https:\/\/www.comau.com\/pt-br\/#\/schema\/logo\/image\/"},"sameAs":["https:\/\/www.facebook.com\/COMAU\/","https:\/\/x.com\/comaugroup","https:\/\/www.instagram.com\/comaugroup\/","https:\/\/www.linkedin.com\/company\/comau","https:\/\/www.youtube.com\/user\/comau"]}]}},"_links":{"self":[{"href":"https:\/\/www.comau.com\/pt-br\/wp-json\/wp\/v2\/pages\/5348","targetHints":{"allow":["GET"]}}],"collection":[{"href":"https:\/\/www.comau.com\/pt-br\/wp-json\/wp\/v2\/pages"}],"about":[{"href":"https:\/\/www.comau.com\/pt-br\/wp-json\/wp\/v2\/types\/page"}],"author":[{"embeddable":true,"href":"https:\/\/www.comau.com\/pt-br\/wp-json\/wp\/v2\/users\/11"}],"replies":[{"embeddable":true,"href":"https:\/\/www.comau.com\/pt-br\/wp-json\/wp\/v2\/comments?post=5348"}],"version-history":[{"count":28,"href":"https:\/\/www.comau.com\/pt-br\/wp-json\/wp\/v2\/pages\/5348\/revisions"}],"predecessor-version":[{"id":75298,"href":"https:\/\/www.comau.com\/pt-br\/wp-json\/wp\/v2\/pages\/5348\/revisions\/75298"}],"up":[{"embeddable":true,"href":"https:\/\/www.comau.com\/pt-br\/wp-json\/wp\/v2\/pages\/5217"}],"wp:featuredmedia":[{"embeddable":true,"href":"https:\/\/www.comau.com\/pt-br\/wp-json\/wp\/v2\/media\/4168"}],"wp:attachment":[{"href":"https:\/\/www.comau.com\/pt-br\/wp-json\/wp\/v2\/media?parent=5348"}],"curies":[{"name":"wp","href":"https:\/\/api.w.org\/{rel}","templated":true}]}}