{"id":5305,"date":"2021-06-01T00:05:31","date_gmt":"2021-05-31T22:05:31","guid":{"rendered":"https:\/\/www.comau.com\/?page_id=5305"},"modified":"2026-02-12T16:07:53","modified_gmt":"2026-02-12T15:07:53","slug":"quality-and-sustainability","status":"publish","type":"page","link":"https:\/\/www.comau.com\/pt-br\/about-us\/quality-and-sustainability\/","title":{"rendered":"Qualidade"},"content":{"rendered":"\n<h2 class=\"wp-block-heading has-text-color has-link-color wp-elements-fa88951963179ea0c6799b6420553781\" style=\"color:#0046ad\">Objetivos da Comau na gest\u00e3o da qualidade<\/h2>\n\n\n\n<p><strong>O sistema de gest\u00e3o da qualidade da Comau satisfaz aos mais recentes padr\u00f5es internacionais<\/strong>, dentre os quais ISO 9001:2015, ISO 14001:2015, ISO 50001 e OHSAS 18001, e cobre todas as sedes da empresa em n\u00edvel global.<\/p>\n\n\n\n<p>Assim a <strong>Comau demonstra a grande import\u00e2ncia e a aten\u00e7\u00e3o constante dedicada aos temas de qualidade e sustentabilidade<\/strong> que afetam cada aspecto de sua atividade empresarial.<\/p>\n\n\n\n<p>O ponto de partida das melhores pr\u00e1ticas \u00e9 sempre o cliente, os parceiros, os fornecedores e todas as pessoas que trabalham em sua equipe. <strong>Cada pol\u00edtica adotada, para Qualidade, Ambiente, Seguran\u00e7a e Energia, \u00e9 a express\u00e3o dos valores que identificam a filosofia empresarial da Comau<\/strong>, voltada sempre \u00e0 excel\u00eancia produtiva e \u00e0 inova\u00e7\u00e3o tecnol\u00f3gica, para garantir produtos e servi\u00e7os que satisfa\u00e7am plenamente \u00e0s necessidades dos clientes, respeitando de maneira integral o meio ambiente, o ser humano e seu trabalho.<\/p>\n\n\n\n<h2 class=\"wp-block-heading has-text-color has-link-color wp-elements-38de88bd3ac722478e0f590612a1ef23\" style=\"color:#0046ad\">Pol\u00edtica de Qualidade da Comau<\/h2>\n\n\n\n<p>Leia nossas pol\u00edticas sobre Qualidade, Energia, Sustentabilidade, Sa\u00fade e Seguran\u00e7a:<\/p>\n\n\n\n<div class=\"wp-block-buttons is-layout-flex wp-block-buttons-is-layout-flex\">\n<div class=\"wp-block-button is-style-outline is-style-outline--1\"><a class=\"wp-block-button__link has-text-color has-link-color wp-element-button\" href=\"https:\/\/www.comau.com\/wp-content\/uploads\/2022\/06\/2022-05-Quality-Policy-signed.pdf\" style=\"border-radius:100px;color:#414141\" target=\"_blank\" rel=\"noreferrer noopener\">Pol\u00edtica de Qualidade<\/a><\/div>\n\n\n\n<div class=\"wp-block-button is-style-outline is-style-outline--2\"><a class=\"wp-block-button__link has-text-color has-link-color wp-element-button\" href=\"https:\/\/www.comau.com\/wp-content\/uploads\/2025\/03\/Comau-Global-Energy-policy.pdf\" style=\"border-radius:100px;color:#414141\" target=\"_blank\" rel=\"noreferrer noopener\">Pol\u00edtica de Energia<\/a><\/div>\n\n\n\n<div class=\"wp-block-button is-style-outline is-style-outline--3\"><a class=\"wp-block-button__link has-text-color has-link-color wp-element-button\" href=\"https:\/\/www.comau.com\/wp-content\/uploads\/2022\/10\/COMAU_PoliticaDeSustentabilidade_2022-11-01_rev11.pdf\" style=\"border-radius:100px;color:#414141\" target=\"_blank\" rel=\"noreferrer noopener\">Pol\u00edtica de Sustentabilidade<\/a><\/div>\n\n\n\n<div class=\"wp-block-button is-style-outline is-style-outline--4\"><a class=\"wp-block-button__link has-text-color has-link-color wp-element-button\" href=\"https:\/\/www.comau.com\/wp-content\/uploads\/2026\/02\/HS-Policy.pdf\" style=\"border-radius:100px;color:#414141\" target=\"_blank\" rel=\"noreferrer noopener\">Pol\u00edtica de Sa\u00fade e Seguran\u00e7a<\/a><\/div>\n<\/div>\n\n\n\n<div style=\"height:25px\" aria-hidden=\"true\" class=\"wp-block-spacer\"><\/div>\n\n\n\n<h2 class=\"wp-block-heading has-text-color has-link-color wp-elements-ebcd729c223386f53d6be6c094bf927b\" style=\"color:#0046ad\">Certifica\u00e7\u00e3o do Sistema de Gest\u00e3o da Qualidade da Comau<\/h2>\n\n\n\n<p>Leia os certificados que atestam a ado\u00e7\u00e3o, por parte da Comau, dos requisitos exigidos pelos sistemas ISO:<\/p>\n\n\n\n<div class=\"wp-block-buttons is-layout-flex wp-block-buttons-is-layout-flex\">\n<div class=\"wp-block-button is-style-outline is-style-outline--5\"><a class=\"wp-block-button__link has-text-color has-link-color wp-element-button\" href=\"https:\/\/www.comau.com\/wp-content\/uploads\/2025\/07\/COMAU_ISO_9001-ENG-C572635-5-20250707.pdf\" style=\"border-radius:100px;color:#414141\" target=\"_blank\" rel=\"noreferrer noopener\">CERTIFICADO CORPORATIVO ISO 9001:2015<\/a><\/div>\n\n\n\n<div class=\"wp-block-button is-style-outline is-style-outline--6\"><a class=\"wp-block-button__link has-text-color has-link-color wp-element-button\" href=\"https:\/\/www.comau.com\/wp-content\/uploads\/2021\/12\/ISO-50001-10000438276-MSC-ACCREDIA-BRA-0-en-US-20210830-20210830142833.pdf\" style=\"border-radius:100px;color:#414141\" target=\"_blank\" rel=\"noreferrer noopener\">CERTIFICADO ISO 50001: 2018<\/a><\/div>\n\n\n\n<div class=\"wp-block-button is-style-outline is-style-outline--7\"><a class=\"wp-block-button__link has-text-color has-link-color wp-element-button\" href=\"https:\/\/www.comau.com\/wp-content\/uploads\/2021\/12\/ISO-45001.pdf\" style=\"border-radius:100px;color:#414141\" target=\"_blank\" rel=\"noreferrer noopener\">CERTIFICADO ISO 45001: 2018<\/a><\/div>\n\n\n\n<div class=\"wp-block-button is-style-outline is-style-outline--8\"><a class=\"wp-block-button__link has-text-color has-link-color wp-element-button\" href=\"https:\/\/www.comau.com\/wp-content\/uploads\/2021\/12\/ISO-14001.pdf\" style=\"border-radius:100px;color:#414141\" target=\"_blank\" rel=\"noreferrer noopener\">CERTIFICADO ISO 14001: 2015<\/a><\/div>\n<\/div>\n\n\n\n<div style=\"height:25px\" aria-hidden=\"true\" class=\"wp-block-spacer\"><\/div>\n\n\n\n<h2 class=\"wp-block-heading has-text-color has-link-color wp-elements-070b794c12aa0f101f706f2e650085ef\" style=\"color:#0046ad\">Desempenho Ambiental<\/h2>\n\n\n\n<p>A Comau, em acordo com os compromissos assumidos em sua pol\u00edtica ambiental, atua na redu\u00e7\u00e3o dos impactos no meio ambiente em seus processos, destacando: o consumo de energia el\u00e9trica e \u00e1gua; gera\u00e7\u00e3o de res\u00edduos ao longo dos \u00faltimos 10 anos. Destaca-se tamb\u00e9m que a empresa tem a pol\u00edtica \u201cAterro Zero\u201d, n\u00e3o sendo destinado nenhum tipo de res\u00edduo para aterros sanit\u00e1rios ou lix\u00f5es.<br>Para mais informa\u00e7\u00f5es, sugest\u00f5es ou reclama\u00e7\u00f5es sobre seguran\u00e7a, meio ambiente e energia:<br>sesmt@comau.com<\/p>\n\n\n\n<div style=\"height:25px\" aria-hidden=\"true\" class=\"wp-block-spacer\"><\/div>\n\n\n\n<h2 class=\"wp-block-heading has-text-color has-link-color wp-elements-07a0a8c7ab541d3e807a75a8b497a89d\" style=\"color:#0046ad\">Gerenciamento de Seguran\u00e7a da Informa\u00e7\u00e3o<\/h2>\n\n\n\n<p>A Comau est\u00e1 comprometida em proteger a confidencialidade, integridade e disponibilidade de nossas informa\u00e7\u00f5es e das informa\u00e7\u00f5es que nos s\u00e3o confiadas por nossos clientes, parceiros e funcion\u00e1rios. Esta Pol\u00edtica de Seguran\u00e7a da Informa\u00e7\u00e3o descreve nosso compromisso e fornece a estrutura para gerenciar os riscos de seguran\u00e7a da informa\u00e7\u00e3o em conformidade com as normas internacionalmente reconhecidas, incluindo ISO\/IEC 27001 e TISAX (Trusted Information Security Assessment Exchange).<\/p>\n\n\n\n<p>A Comau revisa e aprimora regularmente o Sistema de Gest\u00e3o de Seguran\u00e7a da Informa\u00e7\u00e3o (ISMS) para lidar com amea\u00e7as e tecnologias em constante evolu\u00e7\u00e3o.<\/p>\n\n\n\n<p>Esta pol\u00edtica se aplica a todas as informa\u00e7\u00f5es em qualquer formato (digital, f\u00edsico, verbal) e a todos os ativos de processamento de informa\u00e7\u00f5es de propriedade ou usados pela Comau. Ela abrange todos os funcion\u00e1rios, contratados e terceiros que t\u00eam acesso aos nossos sistemas de informa\u00e7\u00e3o.<\/p>\n\n\n\n<p>Nosso ISMS est\u00e1 estruturado para atender aos requisitos da ISO\/IEC 27001:2022. Estabelecemos uma abordagem baseada em riscos para a seguran\u00e7a da informa\u00e7\u00e3o, e nossos controles de seguran\u00e7a s\u00e3o derivados dos controles do Anexo A da ISO 27001. Al\u00e9m disso, como participantes da cadeia de suprimentos automotiva, estamos comprometidos em atender aos requisitos de seguran\u00e7a da informa\u00e7\u00e3o da TISAX.<\/p>\n\n\n\n<div class=\"wp-block-buttons is-layout-flex wp-block-buttons-is-layout-flex\">\n<div class=\"wp-block-button is-style-outline is-style-outline--9\"><a class=\"wp-block-button__link has-text-color has-link-color wp-element-button\" href=\"https:\/\/www.comau.com\/wp-content\/uploads\/2025\/10\/MSC-Certificate-1.pdf\" style=\"border-radius:100px;color:#414141\" target=\"_blank\" rel=\"\">CERTIFICADO ISO\/IEC 27001:2022<\/a><\/div>\n<\/div>\n\n\n\n<p><\/p>\n\n\n\n<p>A certifica\u00e7\u00e3o ISO \/ IEC 27001: 2022 representa um valor para a empresa e seus clientes, pois \u00e9 uma ferramenta \u00fatil para garantir a confidencialidade, integridade e disponibilidade dos dados que a Comau gereA este respeito, a Comau decidiu implementar um sistema ISMS com o objetivo de garantir n\u00edveis adequados de confidencialidade, integridade e disponibilidade das informa\u00e7\u00f5es.<\/p>\n\n\n\n<p><\/p>\n\n\n\n<p class=\"has-medium-font-size\"><strong>Acesso \u00e0 nossa Pol\u00edtica de Seguran\u00e7a da Informa\u00e7\u00e3o<\/strong><\/p>\n\n\n\n<p>A documenta\u00e7\u00e3o completa relativa \u00e0 nossa Pol\u00edtica de Seguran\u00e7a da Informa\u00e7\u00e3o \u00e9 p\u00fablica e est\u00e1 dispon\u00edvel mediante solicita\u00e7\u00e3o. Entre em contato com <strong>isms@comau.com<\/strong> para obter mais informa\u00e7\u00f5es.<\/p>\n","protected":false},"excerpt":{"rendered":"<p>Objetivos da Comau na gest\u00e3o da qualidade O sistema de gest\u00e3o da qualidade da Comau satisfaz aos mais recentes padr\u00f5es internacionais, dentre os quais ISO 9001:2015, ISO 14001:2015, ISO 50001 e OHSAS 18001, e cobre todas as sedes da empresa em n\u00edvel global. Assim a Comau demonstra a grande import\u00e2ncia e a aten\u00e7\u00e3o constante dedicada [&hellip;]<\/p>\n","protected":false},"author":11,"featured_media":4335,"parent":5217,"menu_order":5,"comment_status":"closed","ping_status":"closed","template":"","meta":{"_acf_changed":false,"ep_exclude_from_search":false,"footnotes":""},"class_list":["post-5305","page","type-page","status-publish","has-post-thumbnail","hentry"],"acf":[],"yoast_head":"<!-- This site is optimized with the Yoast SEO plugin v26.9 - https:\/\/yoast.com\/product\/yoast-seo-wordpress\/ -->\n<title>Qualidade<\/title>\n<meta name=\"description\" content=\"Qualidade e sustentabilidade s\u00e3o bases fundamentais de todas as atividades da Comau: descubra nossas pol\u00edticas e certificados em nosso site oficial!\" \/>\n<meta name=\"robots\" content=\"index, follow, max-snippet:-1, max-image-preview:large, max-video-preview:-1\" \/>\n<link rel=\"canonical\" href=\"https:\/\/www.comau.com\/pt-br\/about-us\/quality-and-sustainability\/\" \/>\n<meta property=\"og:locale\" content=\"pt_BR\" \/>\n<meta property=\"og:type\" content=\"article\" \/>\n<meta property=\"og:title\" content=\"Qualidade\" \/>\n<meta property=\"og:description\" content=\"Qualidade e sustentabilidade s\u00e3o bases fundamentais de todas as atividades da Comau: descubra nossas pol\u00edticas e certificados em nosso site oficial!\" \/>\n<meta property=\"og:url\" content=\"https:\/\/www.comau.com\/pt-br\/about-us\/quality-and-sustainability\/\" \/>\n<meta property=\"og:site_name\" content=\"Comau\" \/>\n<meta property=\"article:publisher\" content=\"https:\/\/www.facebook.com\/COMAU\/\" \/>\n<meta property=\"article:modified_time\" content=\"2026-02-12T15:07:53+00:00\" \/>\n<meta property=\"og:image\" content=\"https:\/\/www.comau.com\/wp-content\/uploads\/2021\/06\/sustainabily_header.jpg\" \/>\n\t<meta property=\"og:image:width\" content=\"1280\" \/>\n\t<meta property=\"og:image:height\" content=\"485\" \/>\n\t<meta property=\"og:image:type\" content=\"image\/jpeg\" \/>\n<meta name=\"twitter:card\" content=\"summary_large_image\" \/>\n<meta name=\"twitter:site\" content=\"@comaugroup\" \/>\n<meta name=\"twitter:label1\" content=\"Est. tempo de leitura\" \/>\n\t<meta name=\"twitter:data1\" content=\"3 minutos\" \/>\n<script type=\"application\/ld+json\" class=\"yoast-schema-graph\">{\"@context\":\"https:\/\/schema.org\",\"@graph\":[{\"@type\":\"WebPage\",\"@id\":\"https:\/\/www.comau.com\/pt-br\/about-us\/quality-and-sustainability\/\",\"url\":\"https:\/\/www.comau.com\/pt-br\/about-us\/quality-and-sustainability\/\",\"name\":\"Qualidade\",\"isPartOf\":{\"@id\":\"https:\/\/www.comau.com\/pt-br\/#website\"},\"primaryImageOfPage\":{\"@id\":\"https:\/\/www.comau.com\/pt-br\/about-us\/quality-and-sustainability\/#primaryimage\"},\"image\":{\"@id\":\"https:\/\/www.comau.com\/pt-br\/about-us\/quality-and-sustainability\/#primaryimage\"},\"thumbnailUrl\":\"https:\/\/www.comau.com\/wp-content\/uploads\/2021\/06\/sustainabily_header.jpg\",\"datePublished\":\"2021-05-31T22:05:31+00:00\",\"dateModified\":\"2026-02-12T15:07:53+00:00\",\"description\":\"Qualidade e sustentabilidade s\u00e3o bases fundamentais de todas as atividades da Comau: descubra nossas pol\u00edticas e certificados em nosso site oficial!\",\"breadcrumb\":{\"@id\":\"https:\/\/www.comau.com\/pt-br\/about-us\/quality-and-sustainability\/#breadcrumb\"},\"inLanguage\":\"pt-BR\",\"potentialAction\":[{\"@type\":\"ReadAction\",\"target\":[\"https:\/\/www.comau.com\/pt-br\/about-us\/quality-and-sustainability\/\"]}]},{\"@type\":\"ImageObject\",\"inLanguage\":\"pt-BR\",\"@id\":\"https:\/\/www.comau.com\/pt-br\/about-us\/quality-and-sustainability\/#primaryimage\",\"url\":\"https:\/\/www.comau.com\/wp-content\/uploads\/2021\/06\/sustainabily_header.jpg\",\"contentUrl\":\"https:\/\/www.comau.com\/wp-content\/uploads\/2021\/06\/sustainabily_header.jpg\",\"width\":1280,\"height\":485},{\"@type\":\"BreadcrumbList\",\"@id\":\"https:\/\/www.comau.com\/pt-br\/about-us\/quality-and-sustainability\/#breadcrumb\",\"itemListElement\":[{\"@type\":\"ListItem\",\"position\":1,\"name\":\"Home\",\"item\":\"https:\/\/www.comau.com\/pt-br\/\"},{\"@type\":\"ListItem\",\"position\":2,\"name\":\"Sobre a Comau\",\"item\":\"https:\/\/www.comau.com\/pt-br\/about-us\/\"},{\"@type\":\"ListItem\",\"position\":3,\"name\":\"Qualidade\"}]},{\"@type\":\"WebSite\",\"@id\":\"https:\/\/www.comau.com\/pt-br\/#website\",\"url\":\"https:\/\/www.comau.com\/pt-br\/\",\"name\":\"Comau\",\"description\":\"Industrial automation and robotics\",\"publisher\":{\"@id\":\"https:\/\/www.comau.com\/pt-br\/#organization\"},\"potentialAction\":[{\"@type\":\"SearchAction\",\"target\":{\"@type\":\"EntryPoint\",\"urlTemplate\":\"https:\/\/www.comau.com\/pt-br\/?s={search_term_string}\"},\"query-input\":{\"@type\":\"PropertyValueSpecification\",\"valueRequired\":true,\"valueName\":\"search_term_string\"}}],\"inLanguage\":\"pt-BR\"},{\"@type\":\"Organization\",\"@id\":\"https:\/\/www.comau.com\/pt-br\/#organization\",\"name\":\"Comau\",\"url\":\"https:\/\/www.comau.com\/pt-br\/\",\"logo\":{\"@type\":\"ImageObject\",\"inLanguage\":\"pt-BR\",\"@id\":\"https:\/\/www.comau.com\/pt-br\/#\/schema\/logo\/image\/\",\"url\":\"https:\/\/www.comau.com\/wp-content\/uploads\/2024\/07\/cropped-Logo-COMAU.png\",\"contentUrl\":\"https:\/\/www.comau.com\/wp-content\/uploads\/2024\/07\/cropped-Logo-COMAU.png\",\"width\":434,\"height\":434,\"caption\":\"Comau\"},\"image\":{\"@id\":\"https:\/\/www.comau.com\/pt-br\/#\/schema\/logo\/image\/\"},\"sameAs\":[\"https:\/\/www.facebook.com\/COMAU\/\",\"https:\/\/x.com\/comaugroup\",\"https:\/\/www.instagram.com\/comaugroup\/\",\"https:\/\/www.linkedin.com\/company\/comau\",\"https:\/\/www.youtube.com\/user\/comau\"]}]}<\/script>\n<!-- \/ Yoast SEO plugin. -->","yoast_head_json":{"title":"Qualidade","description":"Qualidade e sustentabilidade s\u00e3o bases fundamentais de todas as atividades da Comau: descubra nossas pol\u00edticas e certificados em nosso site oficial!","robots":{"index":"index","follow":"follow","max-snippet":"max-snippet:-1","max-image-preview":"max-image-preview:large","max-video-preview":"max-video-preview:-1"},"canonical":"https:\/\/www.comau.com\/pt-br\/about-us\/quality-and-sustainability\/","og_locale":"pt_BR","og_type":"article","og_title":"Qualidade","og_description":"Qualidade e sustentabilidade s\u00e3o bases fundamentais de todas as atividades da Comau: descubra nossas pol\u00edticas e certificados em nosso site oficial!","og_url":"https:\/\/www.comau.com\/pt-br\/about-us\/quality-and-sustainability\/","og_site_name":"Comau","article_publisher":"https:\/\/www.facebook.com\/COMAU\/","article_modified_time":"2026-02-12T15:07:53+00:00","og_image":[{"width":1280,"height":485,"url":"https:\/\/www.comau.com\/wp-content\/uploads\/2021\/06\/sustainabily_header.jpg","type":"image\/jpeg"}],"twitter_card":"summary_large_image","twitter_site":"@comaugroup","twitter_misc":{"Est. tempo de leitura":"3 minutos"},"schema":{"@context":"https:\/\/schema.org","@graph":[{"@type":"WebPage","@id":"https:\/\/www.comau.com\/pt-br\/about-us\/quality-and-sustainability\/","url":"https:\/\/www.comau.com\/pt-br\/about-us\/quality-and-sustainability\/","name":"Qualidade","isPartOf":{"@id":"https:\/\/www.comau.com\/pt-br\/#website"},"primaryImageOfPage":{"@id":"https:\/\/www.comau.com\/pt-br\/about-us\/quality-and-sustainability\/#primaryimage"},"image":{"@id":"https:\/\/www.comau.com\/pt-br\/about-us\/quality-and-sustainability\/#primaryimage"},"thumbnailUrl":"https:\/\/www.comau.com\/wp-content\/uploads\/2021\/06\/sustainabily_header.jpg","datePublished":"2021-05-31T22:05:31+00:00","dateModified":"2026-02-12T15:07:53+00:00","description":"Qualidade e sustentabilidade s\u00e3o bases fundamentais de todas as atividades da Comau: descubra nossas pol\u00edticas e certificados em nosso site oficial!","breadcrumb":{"@id":"https:\/\/www.comau.com\/pt-br\/about-us\/quality-and-sustainability\/#breadcrumb"},"inLanguage":"pt-BR","potentialAction":[{"@type":"ReadAction","target":["https:\/\/www.comau.com\/pt-br\/about-us\/quality-and-sustainability\/"]}]},{"@type":"ImageObject","inLanguage":"pt-BR","@id":"https:\/\/www.comau.com\/pt-br\/about-us\/quality-and-sustainability\/#primaryimage","url":"https:\/\/www.comau.com\/wp-content\/uploads\/2021\/06\/sustainabily_header.jpg","contentUrl":"https:\/\/www.comau.com\/wp-content\/uploads\/2021\/06\/sustainabily_header.jpg","width":1280,"height":485},{"@type":"BreadcrumbList","@id":"https:\/\/www.comau.com\/pt-br\/about-us\/quality-and-sustainability\/#breadcrumb","itemListElement":[{"@type":"ListItem","position":1,"name":"Home","item":"https:\/\/www.comau.com\/pt-br\/"},{"@type":"ListItem","position":2,"name":"Sobre a Comau","item":"https:\/\/www.comau.com\/pt-br\/about-us\/"},{"@type":"ListItem","position":3,"name":"Qualidade"}]},{"@type":"WebSite","@id":"https:\/\/www.comau.com\/pt-br\/#website","url":"https:\/\/www.comau.com\/pt-br\/","name":"Comau","description":"Industrial automation and robotics","publisher":{"@id":"https:\/\/www.comau.com\/pt-br\/#organization"},"potentialAction":[{"@type":"SearchAction","target":{"@type":"EntryPoint","urlTemplate":"https:\/\/www.comau.com\/pt-br\/?s={search_term_string}"},"query-input":{"@type":"PropertyValueSpecification","valueRequired":true,"valueName":"search_term_string"}}],"inLanguage":"pt-BR"},{"@type":"Organization","@id":"https:\/\/www.comau.com\/pt-br\/#organization","name":"Comau","url":"https:\/\/www.comau.com\/pt-br\/","logo":{"@type":"ImageObject","inLanguage":"pt-BR","@id":"https:\/\/www.comau.com\/pt-br\/#\/schema\/logo\/image\/","url":"https:\/\/www.comau.com\/wp-content\/uploads\/2024\/07\/cropped-Logo-COMAU.png","contentUrl":"https:\/\/www.comau.com\/wp-content\/uploads\/2024\/07\/cropped-Logo-COMAU.png","width":434,"height":434,"caption":"Comau"},"image":{"@id":"https:\/\/www.comau.com\/pt-br\/#\/schema\/logo\/image\/"},"sameAs":["https:\/\/www.facebook.com\/COMAU\/","https:\/\/x.com\/comaugroup","https:\/\/www.instagram.com\/comaugroup\/","https:\/\/www.linkedin.com\/company\/comau","https:\/\/www.youtube.com\/user\/comau"]}]}},"_links":{"self":[{"href":"https:\/\/www.comau.com\/pt-br\/wp-json\/wp\/v2\/pages\/5305","targetHints":{"allow":["GET"]}}],"collection":[{"href":"https:\/\/www.comau.com\/pt-br\/wp-json\/wp\/v2\/pages"}],"about":[{"href":"https:\/\/www.comau.com\/pt-br\/wp-json\/wp\/v2\/types\/page"}],"author":[{"embeddable":true,"href":"https:\/\/www.comau.com\/pt-br\/wp-json\/wp\/v2\/users\/11"}],"replies":[{"embeddable":true,"href":"https:\/\/www.comau.com\/pt-br\/wp-json\/wp\/v2\/comments?post=5305"}],"version-history":[{"count":59,"href":"https:\/\/www.comau.com\/pt-br\/wp-json\/wp\/v2\/pages\/5305\/revisions"}],"predecessor-version":[{"id":85777,"href":"https:\/\/www.comau.com\/pt-br\/wp-json\/wp\/v2\/pages\/5305\/revisions\/85777"}],"up":[{"embeddable":true,"href":"https:\/\/www.comau.com\/pt-br\/wp-json\/wp\/v2\/pages\/5217"}],"wp:featuredmedia":[{"embeddable":true,"href":"https:\/\/www.comau.com\/pt-br\/wp-json\/wp\/v2\/media\/4335"}],"wp:attachment":[{"href":"https:\/\/www.comau.com\/pt-br\/wp-json\/wp\/v2\/media?parent=5305"}],"curies":[{"name":"wp","href":"https:\/\/api.w.org\/{rel}","templated":true}]}}