{"id":5293,"date":"2021-06-01T00:04:13","date_gmt":"2021-05-31T22:04:13","guid":{"rendered":"https:\/\/www.comau.com\/?page_id=5293"},"modified":"2025-10-23T23:47:46","modified_gmt":"2025-10-23T21:47:46","slug":"corporate-governance","status":"publish","type":"page","link":"https:\/\/www.comau.com\/pt-br\/about-us\/corporate-governance\/","title":{"rendered":"Governan\u00e7a Corporativa"},"content":{"rendered":"\n<h1 class=\"wp-block-heading has-text-color has-link-color has-x-large-font-size wp-elements-1137d4bd1d96ff121fb6abaf62c4cac0\" style=\"color:#0046ad\">Os mais altos padr\u00f5es de integridade, transpar\u00eancia e responsabilidade, em todas as nossas atividades<\/h1>\n\n\n\n<div class=\"wp-block-getwid-advanced-spacer\" style=\"height:20px\" aria-hidden=\"true\"><\/div>\n\n\n\n<p>\u200b\u200bNa Comau, a governan\u00e7a corporativa \u00e9 essencial para manter nossos <strong>padr\u00f5es de transpar\u00eancia, integridade e responsabilidade em todas as opera\u00e7\u00f5es<\/strong>. Uma governan\u00e7a corporativa forte fomenta uma cultura de <strong>comportamento \u00e9tico<\/strong>, impulsiona um <strong>desempenho aprimorado<\/strong> e garante a<strong> conformidade com os requisitos regulat\u00f3rios<\/strong>.<\/p>\n\n\n\n<p>O Grupo Comau est\u00e1 comprometido em<strong> conduzir suas atividades em todo o mundo em conformidade com as leis<\/strong>, normas e regulamentos aplic\u00e1veis, mantendo os mais altos padr\u00f5es de \u00e9tica e integridade.<\/p>\n\n\n\n<div class=\"wp-block-buttons is-layout-flex wp-block-buttons-is-layout-flex\">\n<div class=\"wp-block-button is-style-outline is-style-outline--1\"><a class=\"wp-block-button__link has-text-color has-link-color wp-element-button\" href=\"#comau-governance-framework\" style=\"border-radius:100px;color:#3f3f3f\">Estrutura<\/a><\/div>\n\n\n\n<div class=\"wp-block-button is-style-outline is-style-outline--2\"><a class=\"wp-block-button__link has-text-color has-link-color wp-element-button\" href=\"#executive-team\" style=\"border-radius:100px;color:#3f3f3f\">Executivos<\/a><\/div>\n\n\n\n<div class=\"wp-block-button is-style-outline is-style-outline--3\"><a class=\"wp-block-button__link has-text-color has-link-color wp-element-button\" href=\"#comau-code-of-conduct\" style=\"border-radius:100px;color:#3f3f3f\">C\u00f3digo de Conduta<\/a><\/div>\n\n\n\n<div class=\"wp-block-button is-style-outline is-style-outline--4\"><a class=\"wp-block-button__link has-text-color has-link-color wp-element-button\" href=\"#comau-esg-commitment\" style=\"border-radius:100px;color:#3f3f3f\">Compromisso ESG<\/a><\/div>\n<\/div>\n\n\n\n<div class=\"wp-block-getwid-advanced-spacer\" style=\"height:50px\" aria-hidden=\"true\"><\/div>\n\n\n\n<div class=\"wp-block-getwid-anchor\" id=\"comau-governance-framework\"><\/div>\n\n\n\n<h2 class=\"wp-block-heading has-text-color has-link-color has-large-font-size wp-elements-aaab197498ae69813c9a46461b05b045\" style=\"color:#0046ad\">Estrutura de governan\u00e7a<\/h2>\n\n\n\n<div class=\"wp-block-getwid-advanced-spacer\" style=\"height:20px\" aria-hidden=\"true\"><\/div>\n\n\n\n<p>A estrutura de governan\u00e7a da Comau<strong> gerencia efetivamente tanto riscos quanto oportunidades para garantir um crescimento sustent\u00e1vel<\/strong>. O Conselho de Administra\u00e7\u00e3o supervisiona a estrutura de governan\u00e7a corporativa, com um comit\u00ea executivo concentrando-se em diversas \u00e1reas, incluindo pa\u00edses, opera\u00e7\u00f5es, fun\u00e7\u00f5es e lideran\u00e7a global.<\/p>\n\n\n\n<p>O Comit\u00ea Executivo da Comau compreende uma <strong>equipe de lideran\u00e7a altamente experiente e dedicada<\/strong>, que compartilha uma vis\u00e3o compartilhada de crescimento e re\u00fane experi\u00eancias de diversos setores empresariais. O Conselho \u00e9 respons\u00e1vel por <strong>estabelecer a dire\u00e7\u00e3o estrat\u00e9gica<\/strong>, supervisionar a gest\u00e3o e garantir a ades\u00e3o aos princ\u00edpios de governan\u00e7a.<\/p>\n\n\n\n<div class=\"wp-block-getwid-anchor\" id=\"executive-team\"><\/div>\n\n\n\n<div style=\"height:60px\" aria-hidden=\"true\" class=\"wp-block-spacer\"><\/div>\n\n\n\n<div class=\"wp-block-getwid-section getwid-section-content-full-width\"><div class=\"wp-block-getwid-section__wrapper getwid-padding-top-large getwid-padding-bottom-large getwid-padding-left-large getwid-padding-right-large getwid-padding-tablet-top-large getwid-padding-tablet-bottom-large getwid-padding-mobile-top-large getwid-padding-mobile-bottom-large getwid-padding-mobile-left-medium getwid-padding-mobile-right-medium getwid-justify-content-flex-end getwid-justify-content-tablet-flex-end getwid-justify-content-mobile-flex-end\"><div class=\"wp-block-getwid-section__inner-wrapper\"><div class=\"wp-block-getwid-section__background-holder\"><div class=\"wp-block-getwid-section__background\" style=\"background-image:url('https:\/\/www.comau.com\/wp-content\/uploads\/2025\/01\/Comau_CEO-Gorlier-and-Chairman_Nasi-scaled.jpeg')\"><div class=\"wp-block-getwid-section__background-image-wrapper\"><img decoding=\"async\" class=\"wp-block-getwid-section__background-image\" src=\"https:\/\/www.comau.com\/wp-content\/uploads\/2025\/01\/Comau_CEO-Gorlier-and-Chairman_Nasi-scaled.jpeg\" alt=\"Comau CEO and Chairman\"\/><\/div><\/div><div class=\"wp-block-getwid-section__foreground\"><\/div><\/div><div class=\"wp-block-getwid-section__content\"><div class=\"wp-block-getwid-section__inner-content\">\n<h2 class=\"wp-block-heading mb-3 has-white-color has-text-color has-link-color wp-elements-f68a3defd9329f70f08059fec820c944\" id=\"success-stories\">Conhe\u00e7a nossos executivos<\/h2>\n\n\n\n<p class=\"lead has-white-color has-text-color has-link-color wp-elements-e3420139ff0b05308562af58745c348e\">L\u00edderes comprometidos e com uma compartilhada de crescimento<\/p>\n\n\n\n<div class=\"wp-block-buttons is-layout-flex wp-block-buttons-is-layout-flex\">\n<div class=\"wp-block-button\"><a class=\"wp-block-button__link has-white-color has-text-color has-background has-link-color wp-element-button\" href=\"https:\/\/www.comau.com\/pt-br\/about-us\/corporate-governance\/executive-committee\/\" style=\"border-radius:100px;background-color:#0046ad\">Comit\u00ea Executivo<\/a><\/div>\n\n\n\n<div class=\"wp-block-button\"><a class=\"wp-block-button__link has-white-color has-text-color has-background has-link-color wp-element-button\" href=\"https:\/\/www.comau.com\/en\/about-us\/corporate-governance\/board-of-directors\/\" style=\"border-radius:100px;background-color:#0046ad\">Conselho de Administra\u00e7\u00e3o<\/a><\/div>\n<\/div>\n<\/div><\/div><\/div><\/div><\/div>\n\n\n\n<div style=\"height:50px\" aria-hidden=\"true\" class=\"wp-block-spacer\"><\/div>\n\n\n\n<div class=\"wp-block-getwid-anchor\" id=\"comau-code-of-conduct\"><\/div>\n\n\n\n<h3 class=\"wp-block-heading has-text-color has-link-color has-large-font-size wp-elements-2ed6d3f86678e4ce69d6fbbb4c69f5be\" style=\"color:#0046ad\">C\u00f3digo de Conduta: o pilar da integridade<\/h3>\n\n\n<div class=\"wp-block-image\">\n<figure class=\"alignleft size-full is-resized\"><a href=\"https:\/\/www.comau.com\/wp-content\/uploads\/2025\/03\/Comu_Code-of-Conduct_ENG.pdf\" target=\"_blank\" rel=\" noreferrer noopener\"><img decoding=\"async\" width=\"760\" height=\"1071\" src=\"https:\/\/www.comau.com\/wp-content\/uploads\/2025\/03\/comau-code-of-conduct-cover.jpg\" alt=\"\" class=\"wp-image-74405\" style=\"width:200px\" srcset=\"https:\/\/www.comau.com\/wp-content\/uploads\/2025\/03\/comau-code-of-conduct-cover.jpg 760w, https:\/\/www.comau.com\/wp-content\/uploads\/2025\/03\/comau-code-of-conduct-cover-213x300.jpg 213w, https:\/\/www.comau.com\/wp-content\/uploads\/2025\/03\/comau-code-of-conduct-cover-727x1024.jpg 727w\" sizes=\"(max-width: 760px) 100vw, 760px\" \/><\/a><\/figure>\n<\/div>\n\n\n<p>Na Comau, a integridade e o comportamento \u00e9tico s\u00e3o valores fundamentais. Nosso C\u00f3digo de Conduta estabelece diretrizes para <strong>garantir que todas as nossas a\u00e7\u00f5es, decis\u00f5es e comportamentos estejam alinhados com os mais altos padr\u00f5es \u00e9ticos <\/strong>e profissionais esperados de todos os colaboradores, stakeholders e parceiros.<\/p>\n\n\n\n<p>Todos os dias somos chamados a fazer escolhas que afetam n\u00e3o apenas os resultados de neg\u00f3cios, mas tamb\u00e9m como os alcan\u00e7amos, e<strong> este c\u00f3digo tem como objetivo ser uma ferramenta para garantir que as decis\u00f5es que tomamos estejam alinhadas com os valores<\/strong> que nos definem.<\/p>\n\n\n\n<p><\/p>\n\n\n\n<div class=\"wp-block-buttons is-layout-flex wp-block-buttons-is-layout-flex\">\n<div class=\"wp-block-button\"><a class=\"wp-block-button__link wp-element-button\" href=\"https:\/\/www.comau.com\/wp-content\/uploads\/2025\/04\/Comau-Codigo-de-Conduta-PT-BR.pdf\" style=\"border-radius:100px\" target=\"_blank\" rel=\"noreferrer noopener\">Baixar o C\u00f3digo de Conduta da Comau<\/a><\/div>\n<\/div>\n\n\n\n<div style=\"height:10px\" aria-hidden=\"true\" class=\"wp-block-spacer\"><\/div>\n\n\n\n<div style=\"height:50px\" aria-hidden=\"true\" class=\"wp-block-spacer\"><\/div>\n\n\n\n<p>O C\u00f3digo de Conduta tamb\u00e9m <strong>se aplica a todos os funcion\u00e1rios, gerentes, consultores, fornecedores e todas as pessoas que trabalham em nome do Grupo Comau<\/strong>, incluindo membros do conselho e parceiros de neg\u00f3cios. Qualquer pessoa que tenha um relacionamento profissional com o Grupo Comau deve fazer o poss\u00edvel para <strong>garantir que seu C\u00f3digo seja considerado uma melhor pr\u00e1tica de conduta empresarial e seja observado por terceiros<\/strong>, em particular no que diz respeito \u00e0 transpar\u00eancia nas transa\u00e7\u00f5es comerciais.<\/p>\n\n\n\n<div style=\"height:50px\" aria-hidden=\"true\" class=\"wp-block-spacer\"><\/div>\n\n\n\n<p><\/p>\n\n\n\n<div class=\"wp-block-getwid-anchor\" id=\"comau-esg-commitment\"><\/div>\n\n\n\n<h4 class=\"wp-block-heading has-text-color has-link-color has-large-font-size wp-elements-c72bb5d45e80acc096dedbbbdf68c7be\" style=\"color:#0046ad\">Compromisso ESG: Construindo um Futuro Sustent\u00e1vel<\/h4>\n\n\n\n<div class=\"wp-block-getwid-advanced-spacer\" style=\"height:20px\" aria-hidden=\"true\"><\/div>\n\n\n\n<p>A Comau se dedica \u00e0 sustentabilidade e \u00e0<strong> responsabilidade corporativa.<\/strong> Contribu\u00edmos para as ind\u00fastrias e a sociedade por meio de uma variedade de projetos e iniciativas em quatro \u00e1reas espec\u00edficas:<\/p>\n\n\n\n<div class=\"wp-block-columns is-layout-flex wp-container-core-columns-is-layout-9d6595d7 wp-block-columns-is-layout-flex\">\n<div class=\"wp-block-column is-layout-flow wp-block-column-is-layout-flow\">\n<div class=\"wp-block-getwid-image-box getwid-animation has-text-center has-mobile-layout-default has-mobile-alignment-default\" data-animation=\"slideBottom\"><div class=\"wp-block-getwid-image-box__image-container is-position-top\"><div class=\"wp-block-getwid-image-box__image-wrapper\"><img decoding=\"async\" src=\"https:\/\/www.comau.com\/wp-content\/uploads\/2022\/02\/Box-Product-PT.jpg\" alt=\"\" class=\"wp-block-getwid-image-box__image wp-image-43184\"\/><\/div><\/div><div class=\"wp-block-getwid-image-box__content\">\n<h3 class=\"wp-block-heading has-medium-font-size\">Produto<\/h3>\n\n\n\n<p style=\"font-size:16px;font-style:normal;font-weight:400\">Ferramentas projetadas para aumentar a produtividade, reduzir as emiss\u00f5es de gases de efeito estufa e promover o uso respons\u00e1vel de materiais.<\/p>\n<\/div><\/div>\n<\/div>\n\n\n\n<div class=\"wp-block-column is-layout-flow wp-block-column-is-layout-flow\">\n<div class=\"wp-block-getwid-image-box getwid-animation has-text-center has-mobile-layout-default has-mobile-alignment-default\" data-animation=\"slideBottom\"><div class=\"wp-block-getwid-image-box__image-container is-position-top\"><div class=\"wp-block-getwid-image-box__image-wrapper\"><img decoding=\"async\" src=\"https:\/\/www.comau.com\/wp-content\/uploads\/2022\/02\/Box-Environmental-PT.jpg\" alt=\"\" class=\"wp-block-getwid-image-box__image wp-image-43172\"\/><\/div><\/div><div class=\"wp-block-getwid-image-box__content\">\n<h3 class=\"wp-block-heading has-medium-font-size\">Meio ambiente<\/h3>\n\n\n\n<p style=\"font-size:16px\">Desenvolvimento de tecnologias e processos de produ\u00e7\u00e3o ecologicamente corretos.<\/p>\n<\/div><\/div>\n<\/div>\n\n\n\n<div class=\"wp-block-column is-layout-flow wp-block-column-is-layout-flow\">\n<div class=\"wp-block-getwid-image-box getwid-animation has-text-center has-mobile-layout-default has-mobile-alignment-default\" data-animation=\"slideBottom\"><div class=\"wp-block-getwid-image-box__image-container is-position-top\"><div class=\"wp-block-getwid-image-box__image-wrapper\"><img decoding=\"async\" src=\"https:\/\/www.comau.com\/wp-content\/uploads\/2022\/02\/Box-Social-PT.jpg\" alt=\"\" class=\"wp-block-getwid-image-box__image wp-image-43178\"\/><\/div><\/div><div class=\"wp-block-getwid-image-box__content\">\n<h3 class=\"wp-block-heading has-medium-font-size\">Social<\/h3>\n\n\n\n<p style=\"font-size:16px\">Recrutamento de talentos, cria\u00e7\u00e3o de um ambiente de trabalho justo, inclusivo e seguro, e contribui\u00e7\u00e3o para o progresso social.<\/p>\n<\/div><\/div>\n<\/div>\n\n\n\n<div class=\"wp-block-column is-layout-flow wp-block-column-is-layout-flow\">\n<div class=\"wp-block-getwid-image-box getwid-animation has-text-center has-mobile-layout-default has-mobile-alignment-default\" data-animation=\"slideBottom\"><div class=\"wp-block-getwid-image-box__image-container is-position-top\"><div class=\"wp-block-getwid-image-box__image-wrapper\"><img decoding=\"async\" src=\"https:\/\/www.comau.com\/wp-content\/uploads\/2022\/02\/Box-Governance-PT.jpg\" alt=\"\" class=\"wp-block-getwid-image-box__image wp-image-43190\"\/><\/div><\/div><div class=\"wp-block-getwid-image-box__content\">\n<h3 class=\"wp-block-heading\">Governan\u00e7a<\/h3>\n\n\n\n<p style=\"font-size:16px\">Pr\u00e1ticas de aquisi\u00e7\u00e3o respons\u00e1veis com engajamento aberto com nossos stakeholders.<\/p>\n<\/div><\/div>\n<\/div>\n<\/div>\n\n\n\n<hr class=\"wp-block-separator has-text-color has-cyan-bluish-gray-color has-alpha-channel-opacity has-cyan-bluish-gray-background-color has-background is-style-wide\"\/>\n\n\n\n<p>Integramos crit\u00e9rios ESG em nossas decis\u00f5es de neg\u00f3cios para<strong> criar valor a longo prazo para nossos stakeholders<\/strong>. Os esfor\u00e7os de sustentabilidade da Comau levaram a <strong>conquistas significativas em efici\u00eancia energ\u00e9tica, redu\u00e7\u00e3o de emiss\u00f5es, desenvolvimento de produtos e engajamento com a comunidade<\/strong>. N\u00f3s nos esfor\u00e7amos continuamente para inovar e implementar pr\u00e1ticas sustent\u00e1veis que beneficiem tanto nossos neg\u00f3cios quanto o meio ambiente.<\/p>\n\n\n\n<div class=\"wp-block-buttons is-layout-flex wp-block-buttons-is-layout-flex\">\n<div class=\"wp-block-button\"><a class=\"wp-block-button__link wp-element-button\" href=\"https:\/\/www.comau.com\/en\/about-us\/sustainability\/\" style=\"border-radius:100px\">Saiba mais sobre Sustentabilidade na Comau.<\/a><\/div>\n<\/div>\n\n\n\n<p><\/p>\n","protected":false},"excerpt":{"rendered":"<p>Os mais altos padr\u00f5es de integridade, transpar\u00eancia e responsabilidade, em todas as nossas atividades \u200b\u200bNa Comau, a governan\u00e7a corporativa \u00e9 essencial para manter nossos padr\u00f5es de transpar\u00eancia, integridade e responsabilidade em todas as opera\u00e7\u00f5es. Uma governan\u00e7a corporativa forte fomenta uma cultura de comportamento \u00e9tico, impulsiona um desempenho aprimorado e garante a conformidade com os requisitos [&hellip;]<\/p>\n","protected":false},"author":11,"featured_media":71554,"parent":5217,"menu_order":4,"comment_status":"closed","ping_status":"closed","template":"","meta":{"_acf_changed":false,"ep_exclude_from_search":false,"footnotes":""},"class_list":["post-5293","page","type-page","status-publish","has-post-thumbnail","hentry"],"acf":[],"yoast_head":"<!-- This site is optimized with the Yoast SEO plugin v26.9 - https:\/\/yoast.com\/product\/yoast-seo-wordpress\/ -->\n<title>Governan\u00e7a corporativa, c\u00f3digo de conduta - Comau<\/title>\n<meta name=\"description\" content=\"A Comau se compromete a conduzir suas atividades em conformidade com as leis: descubra o c\u00f3digo de conduta adotado!\" \/>\n<meta name=\"robots\" content=\"index, follow, max-snippet:-1, max-image-preview:large, max-video-preview:-1\" \/>\n<link rel=\"canonical\" href=\"https:\/\/www.comau.com\/pt-br\/about-us\/corporate-governance\/\" \/>\n<meta property=\"og:locale\" content=\"pt_BR\" \/>\n<meta property=\"og:type\" content=\"article\" \/>\n<meta property=\"og:title\" content=\"Governan\u00e7a corporativa, c\u00f3digo de conduta - Comau\" \/>\n<meta property=\"og:description\" content=\"A Comau se compromete a conduzir suas atividades em conformidade com as leis: descubra o c\u00f3digo de conduta adotado!\" \/>\n<meta property=\"og:url\" content=\"https:\/\/www.comau.com\/pt-br\/about-us\/corporate-governance\/\" \/>\n<meta property=\"og:site_name\" content=\"Comau\" \/>\n<meta property=\"article:publisher\" content=\"https:\/\/www.facebook.com\/COMAU\/\" \/>\n<meta property=\"article:modified_time\" content=\"2025-10-23T21:47:46+00:00\" \/>\n<meta property=\"og:image\" content=\"https:\/\/www.comau.com\/wp-content\/uploads\/2024\/12\/corporate-governance-header.jpg\" \/>\n\t<meta property=\"og:image:width\" content=\"1920\" \/>\n\t<meta property=\"og:image:height\" content=\"960\" \/>\n\t<meta property=\"og:image:type\" content=\"image\/jpeg\" \/>\n<meta name=\"twitter:card\" content=\"summary_large_image\" \/>\n<meta name=\"twitter:site\" content=\"@comaugroup\" \/>\n<meta name=\"twitter:label1\" content=\"Est. tempo de leitura\" \/>\n\t<meta name=\"twitter:data1\" content=\"4 minutos\" \/>\n<script type=\"application\/ld+json\" class=\"yoast-schema-graph\">{\"@context\":\"https:\/\/schema.org\",\"@graph\":[{\"@type\":\"WebPage\",\"@id\":\"https:\/\/www.comau.com\/pt-br\/about-us\/corporate-governance\/\",\"url\":\"https:\/\/www.comau.com\/pt-br\/about-us\/corporate-governance\/\",\"name\":\"Governan\u00e7a corporativa, c\u00f3digo de conduta - Comau\",\"isPartOf\":{\"@id\":\"https:\/\/www.comau.com\/pt-br\/#website\"},\"primaryImageOfPage\":{\"@id\":\"https:\/\/www.comau.com\/pt-br\/about-us\/corporate-governance\/#primaryimage\"},\"image\":{\"@id\":\"https:\/\/www.comau.com\/pt-br\/about-us\/corporate-governance\/#primaryimage\"},\"thumbnailUrl\":\"https:\/\/www.comau.com\/wp-content\/uploads\/2024\/12\/corporate-governance-header.jpg\",\"datePublished\":\"2021-05-31T22:04:13+00:00\",\"dateModified\":\"2025-10-23T21:47:46+00:00\",\"description\":\"A Comau se compromete a conduzir suas atividades em conformidade com as leis: descubra o c\u00f3digo de conduta adotado!\",\"breadcrumb\":{\"@id\":\"https:\/\/www.comau.com\/pt-br\/about-us\/corporate-governance\/#breadcrumb\"},\"inLanguage\":\"pt-BR\",\"potentialAction\":[{\"@type\":\"ReadAction\",\"target\":[\"https:\/\/www.comau.com\/pt-br\/about-us\/corporate-governance\/\"]}]},{\"@type\":\"ImageObject\",\"inLanguage\":\"pt-BR\",\"@id\":\"https:\/\/www.comau.com\/pt-br\/about-us\/corporate-governance\/#primaryimage\",\"url\":\"https:\/\/www.comau.com\/wp-content\/uploads\/2024\/12\/corporate-governance-header.jpg\",\"contentUrl\":\"https:\/\/www.comau.com\/wp-content\/uploads\/2024\/12\/corporate-governance-header.jpg\",\"width\":1920,\"height\":960},{\"@type\":\"BreadcrumbList\",\"@id\":\"https:\/\/www.comau.com\/pt-br\/about-us\/corporate-governance\/#breadcrumb\",\"itemListElement\":[{\"@type\":\"ListItem\",\"position\":1,\"name\":\"Home\",\"item\":\"https:\/\/www.comau.com\/pt-br\/\"},{\"@type\":\"ListItem\",\"position\":2,\"name\":\"Sobre a Comau\",\"item\":\"https:\/\/www.comau.com\/pt-br\/about-us\/\"},{\"@type\":\"ListItem\",\"position\":3,\"name\":\"Governan\u00e7a Corporativa\"}]},{\"@type\":\"WebSite\",\"@id\":\"https:\/\/www.comau.com\/pt-br\/#website\",\"url\":\"https:\/\/www.comau.com\/pt-br\/\",\"name\":\"Comau\",\"description\":\"Industrial automation and robotics\",\"publisher\":{\"@id\":\"https:\/\/www.comau.com\/pt-br\/#organization\"},\"potentialAction\":[{\"@type\":\"SearchAction\",\"target\":{\"@type\":\"EntryPoint\",\"urlTemplate\":\"https:\/\/www.comau.com\/pt-br\/?s={search_term_string}\"},\"query-input\":{\"@type\":\"PropertyValueSpecification\",\"valueRequired\":true,\"valueName\":\"search_term_string\"}}],\"inLanguage\":\"pt-BR\"},{\"@type\":\"Organization\",\"@id\":\"https:\/\/www.comau.com\/pt-br\/#organization\",\"name\":\"Comau\",\"url\":\"https:\/\/www.comau.com\/pt-br\/\",\"logo\":{\"@type\":\"ImageObject\",\"inLanguage\":\"pt-BR\",\"@id\":\"https:\/\/www.comau.com\/pt-br\/#\/schema\/logo\/image\/\",\"url\":\"https:\/\/www.comau.com\/wp-content\/uploads\/2024\/07\/cropped-Logo-COMAU.png\",\"contentUrl\":\"https:\/\/www.comau.com\/wp-content\/uploads\/2024\/07\/cropped-Logo-COMAU.png\",\"width\":434,\"height\":434,\"caption\":\"Comau\"},\"image\":{\"@id\":\"https:\/\/www.comau.com\/pt-br\/#\/schema\/logo\/image\/\"},\"sameAs\":[\"https:\/\/www.facebook.com\/COMAU\/\",\"https:\/\/x.com\/comaugroup\",\"https:\/\/www.instagram.com\/comaugroup\/\",\"https:\/\/www.linkedin.com\/company\/comau\",\"https:\/\/www.youtube.com\/user\/comau\"]}]}<\/script>\n<!-- \/ Yoast SEO plugin. -->","yoast_head_json":{"title":"Governan\u00e7a corporativa, c\u00f3digo de conduta - Comau","description":"A Comau se compromete a conduzir suas atividades em conformidade com as leis: descubra o c\u00f3digo de conduta adotado!","robots":{"index":"index","follow":"follow","max-snippet":"max-snippet:-1","max-image-preview":"max-image-preview:large","max-video-preview":"max-video-preview:-1"},"canonical":"https:\/\/www.comau.com\/pt-br\/about-us\/corporate-governance\/","og_locale":"pt_BR","og_type":"article","og_title":"Governan\u00e7a corporativa, c\u00f3digo de conduta - Comau","og_description":"A Comau se compromete a conduzir suas atividades em conformidade com as leis: descubra o c\u00f3digo de conduta adotado!","og_url":"https:\/\/www.comau.com\/pt-br\/about-us\/corporate-governance\/","og_site_name":"Comau","article_publisher":"https:\/\/www.facebook.com\/COMAU\/","article_modified_time":"2025-10-23T21:47:46+00:00","og_image":[{"width":1920,"height":960,"url":"https:\/\/www.comau.com\/wp-content\/uploads\/2024\/12\/corporate-governance-header.jpg","type":"image\/jpeg"}],"twitter_card":"summary_large_image","twitter_site":"@comaugroup","twitter_misc":{"Est. tempo de leitura":"4 minutos"},"schema":{"@context":"https:\/\/schema.org","@graph":[{"@type":"WebPage","@id":"https:\/\/www.comau.com\/pt-br\/about-us\/corporate-governance\/","url":"https:\/\/www.comau.com\/pt-br\/about-us\/corporate-governance\/","name":"Governan\u00e7a corporativa, c\u00f3digo de conduta - Comau","isPartOf":{"@id":"https:\/\/www.comau.com\/pt-br\/#website"},"primaryImageOfPage":{"@id":"https:\/\/www.comau.com\/pt-br\/about-us\/corporate-governance\/#primaryimage"},"image":{"@id":"https:\/\/www.comau.com\/pt-br\/about-us\/corporate-governance\/#primaryimage"},"thumbnailUrl":"https:\/\/www.comau.com\/wp-content\/uploads\/2024\/12\/corporate-governance-header.jpg","datePublished":"2021-05-31T22:04:13+00:00","dateModified":"2025-10-23T21:47:46+00:00","description":"A Comau se compromete a conduzir suas atividades em conformidade com as leis: descubra o c\u00f3digo de conduta adotado!","breadcrumb":{"@id":"https:\/\/www.comau.com\/pt-br\/about-us\/corporate-governance\/#breadcrumb"},"inLanguage":"pt-BR","potentialAction":[{"@type":"ReadAction","target":["https:\/\/www.comau.com\/pt-br\/about-us\/corporate-governance\/"]}]},{"@type":"ImageObject","inLanguage":"pt-BR","@id":"https:\/\/www.comau.com\/pt-br\/about-us\/corporate-governance\/#primaryimage","url":"https:\/\/www.comau.com\/wp-content\/uploads\/2024\/12\/corporate-governance-header.jpg","contentUrl":"https:\/\/www.comau.com\/wp-content\/uploads\/2024\/12\/corporate-governance-header.jpg","width":1920,"height":960},{"@type":"BreadcrumbList","@id":"https:\/\/www.comau.com\/pt-br\/about-us\/corporate-governance\/#breadcrumb","itemListElement":[{"@type":"ListItem","position":1,"name":"Home","item":"https:\/\/www.comau.com\/pt-br\/"},{"@type":"ListItem","position":2,"name":"Sobre a Comau","item":"https:\/\/www.comau.com\/pt-br\/about-us\/"},{"@type":"ListItem","position":3,"name":"Governan\u00e7a Corporativa"}]},{"@type":"WebSite","@id":"https:\/\/www.comau.com\/pt-br\/#website","url":"https:\/\/www.comau.com\/pt-br\/","name":"Comau","description":"Industrial automation and robotics","publisher":{"@id":"https:\/\/www.comau.com\/pt-br\/#organization"},"potentialAction":[{"@type":"SearchAction","target":{"@type":"EntryPoint","urlTemplate":"https:\/\/www.comau.com\/pt-br\/?s={search_term_string}"},"query-input":{"@type":"PropertyValueSpecification","valueRequired":true,"valueName":"search_term_string"}}],"inLanguage":"pt-BR"},{"@type":"Organization","@id":"https:\/\/www.comau.com\/pt-br\/#organization","name":"Comau","url":"https:\/\/www.comau.com\/pt-br\/","logo":{"@type":"ImageObject","inLanguage":"pt-BR","@id":"https:\/\/www.comau.com\/pt-br\/#\/schema\/logo\/image\/","url":"https:\/\/www.comau.com\/wp-content\/uploads\/2024\/07\/cropped-Logo-COMAU.png","contentUrl":"https:\/\/www.comau.com\/wp-content\/uploads\/2024\/07\/cropped-Logo-COMAU.png","width":434,"height":434,"caption":"Comau"},"image":{"@id":"https:\/\/www.comau.com\/pt-br\/#\/schema\/logo\/image\/"},"sameAs":["https:\/\/www.facebook.com\/COMAU\/","https:\/\/x.com\/comaugroup","https:\/\/www.instagram.com\/comaugroup\/","https:\/\/www.linkedin.com\/company\/comau","https:\/\/www.youtube.com\/user\/comau"]}]}},"_links":{"self":[{"href":"https:\/\/www.comau.com\/pt-br\/wp-json\/wp\/v2\/pages\/5293","targetHints":{"allow":["GET"]}}],"collection":[{"href":"https:\/\/www.comau.com\/pt-br\/wp-json\/wp\/v2\/pages"}],"about":[{"href":"https:\/\/www.comau.com\/pt-br\/wp-json\/wp\/v2\/types\/page"}],"author":[{"embeddable":true,"href":"https:\/\/www.comau.com\/pt-br\/wp-json\/wp\/v2\/users\/11"}],"replies":[{"embeddable":true,"href":"https:\/\/www.comau.com\/pt-br\/wp-json\/wp\/v2\/comments?post=5293"}],"version-history":[{"count":37,"href":"https:\/\/www.comau.com\/pt-br\/wp-json\/wp\/v2\/pages\/5293\/revisions"}],"predecessor-version":[{"id":82337,"href":"https:\/\/www.comau.com\/pt-br\/wp-json\/wp\/v2\/pages\/5293\/revisions\/82337"}],"up":[{"embeddable":true,"href":"https:\/\/www.comau.com\/pt-br\/wp-json\/wp\/v2\/pages\/5217"}],"wp:featuredmedia":[{"embeddable":true,"href":"https:\/\/www.comau.com\/pt-br\/wp-json\/wp\/v2\/media\/71554"}],"wp:attachment":[{"href":"https:\/\/www.comau.com\/pt-br\/wp-json\/wp\/v2\/media?parent=5293"}],"curies":[{"name":"wp","href":"https:\/\/api.w.org\/{rel}","templated":true}]}}