{"id":5217,"date":"2021-05-31T00:01:48","date_gmt":"2021-05-30T22:01:48","guid":{"rendered":"https:\/\/www.comau.com\/?page_id=5217"},"modified":"2025-10-24T00:00:42","modified_gmt":"2025-10-23T22:00:42","slug":"about-us","status":"publish","type":"page","link":"https:\/\/www.comau.com\/pt-br\/about-us\/","title":{"rendered":"Sobre a Comau"},"content":{"rendered":"\n<h2 class=\"wp-block-heading\">Quem somos<\/h2>\n\n\n\n<p class=\"lead\"><strong>A Comau \u00e9 l\u00edder mundial no campo da automa\u00e7\u00e3o industrial<\/strong>.<\/p>\n\n\n\n<p>Combinando s<strong>olu\u00e7\u00f5es inovadoras de engenharia<\/strong> com <strong>tecnologias facilitadoras<\/strong> e <strong>uma automa\u00e7\u00e3o &#8220;aberta&#8221; e f\u00e1cil de usar<\/strong>, a Comau ajuda as empresas de qualquer dimens\u00e3o e segmento industrial a desfrutar as potencialidades da digital manufacturing. A compet\u00eancia da Comau \u00e9 fruto de <strong>50 anos de experi\u00eancia comprovada no campo e da forte presen\u00e7a em todos os principais pa\u00edses industrializados<\/strong>.<\/p>\n\n\n\n<h2 class=\"wp-block-heading\">O que fazemos<\/h2>\n\n\n\n<p class=\"lead\"><strong>A Comau desenvolve sistemas, produtos  e servi\u00e7os compat\u00edveis com a Ind\u00fastria 4.0.<\/strong>.<\/p>\n\n\n\n<p>O portf\u00f3lio completo inclui: solu\u00e7\u00f5es para jun\u00e7\u00f5es, montagem e trabalhos mec\u00e2nicos estudadas para ve\u00edculos tradicionais e el\u00e9tricos, sistemas de produ\u00e7\u00e3o robotizados, uma fam\u00edlia completa de rob\u00f4s (incluindo solu\u00e7\u00f5es de rob\u00f3tica colaborativa e de vestir) com uma ampla variedade de modelos e m\u00faltiplas configura\u00e7\u00f5es de carga \u00fatil, equipamentos de log\u00edstica com condu\u00e7\u00e3o aut\u00f4noma e servi\u00e7os de otimiza\u00e7\u00e3o de recursos, com funcionalidades de monitoramento e de controle em tempo real. A oferta se estende tamb\u00e9m ao project management e \u00e0 consultoria, servi\u00e7os IoT e \u00e0 manuten\u00e7\u00e3o e forma\u00e7\u00e3o, destinada uma grande variedade de segmentos industriais. As solu\u00e7\u00f5es oferecidas respondem \u00e0s exig\u00eancias da produ\u00e7\u00e3o automotiva, da ind\u00fastria pesada, ferrovi\u00e1ria, de energia renov\u00e1vel e a uma ampla gama de setores da general industry.<\/p>\n\n\n\n<div class=\"wp-block-buttons is-layout-flex wp-block-buttons-is-layout-flex\">\n<div class=\"wp-block-button is-style-fill\"><a class=\"wp-block-button__link wp-element-button\" href=\"https:\/\/www.comau.com\/wp-content\/uploads\/2022\/07\/COMAU_company_profile_ENG_2022.pdf\" target=\"_blank\" rel=\"noreferrer noopener\">Descubra mais<\/a><\/div>\n<\/div>\n\n\n\n<h2 class=\"wp-block-heading\">Estar pr\u00f3ximo do cliente<\/h2>\n\n\n\n<p class=\"lead\">N\u00f3s respondemos rapidamente \u00e0s demandas do mercado e do cliente, com uma presen\u00e7a global crescente e uma abordagem intercultural.<\/p>\n\n\n\n<div class=\"wp-block-getwid-image-box has-text-center has-mobile-layout-default has-mobile-alignment-default\"><div class=\"wp-block-getwid-image-box__image-container is-position-top\"><div class=\"wp-block-getwid-image-box__image-wrapper\"><img decoding=\"async\" width=\"144\" height=\"89\" src=\"https:\/\/www.comau.com\/wp-content\/uploads\/2021\/06\/plants.png\" alt=\"\" class=\"wp-block-getwid-image-box__image wp-image-229\"\/><\/div><\/div><div class=\"wp-block-getwid-image-box__content\">\n<h3 class=\"wp-block-heading\"><\/h3>\n\n\n\n<p><strong>12<\/strong> plantas industriais<\/p>\n<\/div><\/div>\n\n\n\n<div class=\"wp-block-buttons is-layout-flex wp-block-buttons-is-layout-flex\">\n<div class=\"wp-block-button\"><a class=\"wp-block-button__link wp-element-button\" href=\"https:\/\/www.comau.com\/pt-br\/about-us\/global-presence\/\">Presen\u00e7a global<\/a><\/div>\n<\/div>\n\n\n\n<h2 class=\"wp-block-heading\">Construir solu\u00e7\u00f5es guiadas por valores<\/h2>\n\n\n\n<p class=\"lead\">N\u00f3s somos inspirados pela busca cont\u00ednua pela cria\u00e7\u00e3o de valor para o Cliente, ouvindo e respondendo com compet\u00eancia e precis\u00e3o.<\/p>\n\n\n\n<div class=\"wp-block-columns is-layout-flex wp-container-core-columns-is-layout-9d6595d7 wp-block-columns-is-layout-flex\"><\/div>\n\n\n\n<h2 class=\"wp-block-heading\">Pensar de forma inovadora<\/h2>\n\n\n\n<p class=\"lead\">Quebrar as regras, investigar novas \u00e1reas de desenvolvimento e trabalhar com coragem e imagina\u00e7\u00e3o, \u00e9 nosso caminho em dire\u00e7\u00e3o \u00e0 inova\u00e7\u00e3o.<\/p>\n\n\n\n<div class=\"wp-block-columns is-layout-flex wp-container-core-columns-is-layout-9d6595d7 wp-block-columns-is-layout-flex\">\n<div class=\"wp-block-column is-layout-flow wp-block-column-is-layout-flow\">\n<div class=\"wp-block-getwid-image-box has-text-center has-mobile-layout-default has-mobile-alignment-default\"><div class=\"wp-block-getwid-image-box__image-container is-position-top\"><div class=\"wp-block-getwid-image-box__image-wrapper\"><img decoding=\"async\" width=\"184\" height=\"130\" src=\"https:\/\/www.comau.com\/wp-content\/uploads\/2021\/06\/innovationCenters.png\" alt=\"\" class=\"wp-block-getwid-image-box__image wp-image-241\"\/><\/div><\/div><div class=\"wp-block-getwid-image-box__content\">\n<h3 class=\"wp-block-heading\"><\/h3>\n\n\n\n<p><strong>7<\/strong> Centros de inova\u00e7\u00e3o<\/p>\n<\/div><\/div>\n<\/div>\n\n\n\n<div class=\"wp-block-column is-layout-flow wp-block-column-is-layout-flow\">\n<div class=\"wp-block-getwid-image-box has-text-center has-mobile-layout-default has-mobile-alignment-default\"><div class=\"wp-block-getwid-image-box__image-container is-position-top\"><div class=\"wp-block-getwid-image-box__image-wrapper\"><img decoding=\"async\" width=\"184\" height=\"130\" src=\"https:\/\/www.comau.com\/wp-content\/uploads\/2021\/06\/patents.jpg\" alt=\"\" class=\"wp-block-getwid-image-box__image wp-image-240\"\/><\/div><\/div><div class=\"wp-block-getwid-image-box__content\">\n<h3 class=\"wp-block-heading\"><\/h3>\n\n\n\n<p><strong>1,200+<\/strong> Patentes<\/p>\n<\/div><\/div>\n<\/div>\n<\/div>\n\n\n\n<div class=\"wp-block-buttons is-layout-flex wp-block-buttons-is-layout-flex\">\n<div class=\"wp-block-button\"><a class=\"wp-block-button__link wp-element-button\" href=\"https:\/\/www.comau.com\/pt-br\/about-us\/our-vision-humanufacturing\/\">Nossa ideia de inova\u00e7\u00e3o<\/a><\/div>\n<\/div>\n\n\n\n<h2 class=\"wp-block-heading\">Ouse e aprenda <\/h2>\n\n\n\n<p class=\"lead\">Aceitar desafios e aprender a ir al\u00e9m deles \u00e9 nossa atitude.<\/p>\n\n\n\n<div class=\"wp-block-getwid-image-box has-text-center has-mobile-layout-default has-mobile-alignment-default\"><div class=\"wp-block-getwid-image-box__image-container is-position-top\"><div class=\"wp-block-getwid-image-box__image-wrapper\"><img decoding=\"async\" src=\"https:\/\/www.comau.com\/wp-content\/uploads\/2023\/05\/Comau-50-color@4x-e1721651758518.png\" alt=\"\" class=\"wp-block-getwid-image-box__image wp-image-52838\"\/><\/div><\/div><div class=\"wp-block-getwid-image-box__content\">\n<h3 class=\"wp-block-heading\"><\/h3>\n\n\n\n<p>+<strong>50<\/strong> anos de hist\u00f3ria<\/p>\n<\/div><\/div>\n\n\n\n<div class=\"wp-block-buttons is-layout-flex wp-block-buttons-is-layout-flex\">\n<div class=\"wp-block-button\"><a class=\"wp-block-button__link wp-element-button\" href=\"https:\/\/www.comau.com\/pt-br\/about-us\/history\/\">Uma longa hist\u00f3ria de resultados<\/a><\/div>\n<\/div>\n\n\n\n<div style=\"height:25px\" aria-hidden=\"true\" class=\"wp-block-spacer\"><\/div>\n\n\n\n<h2 class=\"wp-block-heading\">Assumir responsabilidade<\/h2>\n\n\n\n<p class=\"lead\">N\u00f3s trabalhamos seriamente e assumimos a responsabilidade, garantindo solu\u00e7\u00f5es e aprimorando valores. N\u00f3s fazemos o que pregamos.<\/p>\n\n\n\n<div class=\"wp-block-buttons is-layout-flex wp-block-buttons-is-layout-flex\">\n<div class=\"wp-block-button\"><a class=\"wp-block-button__link has-background wp-element-button\" href=\"https:\/\/www.comau.com\/pt-br\/about-us\/corporate-governance\/\" style=\"background-color:#0046ad\">Nosso c\u00f3digo de conduta<\/a><\/div>\n\n\n\n<div class=\"wp-block-button\"><a class=\"wp-block-button__link has-background wp-element-button\" href=\"https:\/\/www.comau.com\/wp-content\/uploads\/2025\/10\/COMAU_AT_Termos-e-Condicoes-Gerais-de-Vendas-e-ou-Fornecimento_v1.03.2022.pdf\" style=\"background-color:#0046ad\" target=\"_blank\" rel=\"noreferrer noopener\">Termos e condi\u00e7\u00f5es gerais de vendas<\/a><\/div>\n<\/div>\n\n\n\n<div style=\"height:25px\" aria-hidden=\"true\" class=\"wp-block-spacer\"><\/div>\n\n\n\n<h2 class=\"wp-block-heading\">Agir como uma rede<\/h2>\n\n\n\n<p class=\"lead\">N\u00f3s pensamos globalmente, agimos localmente e compartilhamos experi\u00eancias.<\/p>\n\n\n\n<div class=\"wp-block-getwid-image-box has-text-center has-mobile-layout-default has-mobile-alignment-default\"><div class=\"wp-block-getwid-image-box__image-container is-position-top\"><div class=\"wp-block-getwid-image-box__image-wrapper\"><img decoding=\"async\" width=\"142\" height=\"68\" src=\"https:\/\/www.comau.com\/wp-content\/uploads\/2021\/06\/employees-idea.png\" alt=\"\" class=\"wp-block-getwid-image-box__image wp-image-238\"\/><\/div><\/div><div class=\"wp-block-getwid-image-box__content\">\n<h3 class=\"wp-block-heading\"><\/h3>\n\n\n\n<p>Mais de <strong>3,800<\/strong> colaboradores<\/p>\n<\/div><\/div>\n\n\n\n<div style=\"height:25px\" aria-hidden=\"true\" class=\"wp-block-spacer\"><\/div>\n\n\n\n<h2 class=\"wp-block-heading\">Ser simples, enxuto e transparente<\/h2>\n\n\n\n<p class=\"lead\">Plug and Play: Automa\u00e7\u00e3o \u00e9 efici\u00eancia quando ela simplifica e otimiza, integrando-se aos processos de produ\u00e7\u00e3o de uma forma aberta, \u00e1gil e inteligente.<\/p>\n\n\n\n<div class=\"wp-block-columns is-layout-flex wp-container-core-columns-is-layout-9d6595d7 wp-block-columns-is-layout-flex\">\n<div class=\"wp-block-column is-layout-flow wp-block-column-is-layout-flow\">\n<div class=\"wp-block-getwid-image-box has-text-center has-mobile-layout-default has-mobile-alignment-default\"><div class=\"wp-block-getwid-image-box__image-container is-position-top\"><div class=\"wp-block-getwid-image-box__image-wrapper\"><img decoding=\"async\" width=\"184\" height=\"130\" src=\"https:\/\/www.comau.com\/wp-content\/uploads\/2021\/06\/World_Class_Manufacturing.jpg\" alt=\"\" class=\"wp-block-getwid-image-box__image wp-image-236\"\/><\/div><\/div><div class=\"wp-block-getwid-image-box__content\">\n<h3 class=\"wp-block-heading\"><\/h3>\n\n\n\n<p><strong>1<\/strong> Manufatura de Classe Mundial<\/p>\n<\/div><\/div>\n<\/div>\n\n\n\n<div class=\"wp-block-column is-layout-flow wp-block-column-is-layout-flow\">\n<div class=\"wp-block-getwid-image-box has-text-center has-mobile-layout-default has-mobile-alignment-default\"><div class=\"wp-block-getwid-image-box__image-container is-position-top\"><div class=\"wp-block-getwid-image-box__image-wrapper\"><img decoding=\"async\" width=\"184\" height=\"130\" src=\"https:\/\/www.comau.com\/wp-content\/uploads\/2021\/06\/Pioneering_vision.jpg\" alt=\"\" class=\"wp-block-getwid-image-box__image wp-image-235\"\/><\/div><\/div><div class=\"wp-block-getwid-image-box__content\">\n<h3 class=\"wp-block-heading\"><\/h3>\n\n\n\n<p><strong>1<\/strong> Vis\u00e3o pioneira<\/p>\n<\/div><\/div>\n<\/div>\n<\/div>\n\n\n\n<h2 class=\"wp-block-heading\">Comunicar de forma aberta <\/h2>\n\n\n\n<p class=\"lead\">N\u00f3s trazemos \u00e0 tona nossa experi\u00eancia. Compartilhamos opini\u00f5es e ideias para atingir objetivos m\u00fatuos \u00e9 nossa maneira de garantir transpar\u00eancia.<\/p>\n\n\n\n<div class=\"wp-block-columns is-layout-flex wp-container-core-columns-is-layout-9d6595d7 wp-block-columns-is-layout-flex\">\n<div class=\"wp-block-column is-layout-flow wp-block-column-is-layout-flow\">\n<div class=\"wp-block-getwid-image-box has-text-center has-mobile-layout-default has-mobile-alignment-default\"><div class=\"wp-block-getwid-image-box__image-container is-position-top\"><div class=\"wp-block-getwid-image-box__image-wrapper\"><img decoding=\"async\" width=\"184\" height=\"130\" src=\"https:\/\/www.comau.com\/wp-content\/uploads\/2021\/06\/common_vision.jpg\" alt=\"\" class=\"wp-block-getwid-image-box__image wp-image-234\"\/><\/div><\/div><div class=\"wp-block-getwid-image-box__content\">\n<h3 class=\"wp-block-heading\"><\/h3>\n\n\n\n<p><strong>1<\/strong> Vis\u00e3o comum<\/p>\n<\/div><\/div>\n<\/div>\n\n\n\n<div class=\"wp-block-column is-layout-flow wp-block-column-is-layout-flow\">\n<div class=\"wp-block-getwid-image-box has-text-center has-mobile-layout-default has-mobile-alignment-default\"><div class=\"wp-block-getwid-image-box__image-container is-position-top\"><div class=\"wp-block-getwid-image-box__image-wrapper\"><img decoding=\"async\" width=\"184\" height=\"130\" src=\"https:\/\/www.comau.com\/wp-content\/uploads\/2021\/06\/shared_knowledge.jpg\" alt=\"\" class=\"wp-block-getwid-image-box__image wp-image-233\"\/><\/div><\/div><div class=\"wp-block-getwid-image-box__content\">\n<h3 class=\"wp-block-heading\"><\/h3>\n\n\n\n<p><strong>1<\/strong> Conhecimento compartilhado<\/p>\n<\/div><\/div>\n<\/div>\n\n\n\n<div class=\"wp-block-column is-layout-flow wp-block-column-is-layout-flow\">\n<div class=\"wp-block-getwid-image-box has-text-center has-mobile-layout-default has-mobile-alignment-default\"><div class=\"wp-block-getwid-image-box__image-container is-position-top\"><div class=\"wp-block-getwid-image-box__image-wrapper\"><img decoding=\"async\" width=\"184\" height=\"130\" src=\"https:\/\/www.comau.com\/wp-content\/uploads\/2021\/06\/objective_create_solutions.jpg\" alt=\"\" class=\"wp-block-getwid-image-box__image wp-image-232\"\/><\/div><\/div><div class=\"wp-block-getwid-image-box__content\">\n<h3 class=\"wp-block-heading\"><\/h3>\n\n\n\n<p><strong>1<\/strong> Objetivo: criar solu\u00e7\u00f5es<\/p>\n<\/div><\/div>\n<\/div>\n<\/div>\n\n\n\n<div class=\"wp-block-buttons is-layout-flex wp-block-buttons-is-layout-flex\">\n<div class=\"wp-block-button\"><a class=\"wp-block-button__link wp-element-button\" href=\"https:\/\/www.comau.com\/pt-br\/contact-us\/media-area\/\">Mural de midia<\/a><\/div>\n<\/div>\n\n\n\n<h2 class=\"wp-block-heading\">Next is Automated<\/h2>\n\n\n\n<p>Descubra como a Comau est\u00e1 redefinindo o futuro da automa\u00e7\u00e3o, atrav\u00e9s da inova\u00e7\u00e3o inteligente, flex\u00edvel  e humana. De rob\u00f4s colaborativos \u00e0 sistemas de montagem com IA, de log\u00edstica integrada \u00e0 rob\u00f3tica vest\u00edvel, estamos ampliando horizontes do que a automa\u00e7\u00e3o pode fazer: ajudar empresas a produzirem de forma mais eficiente, segura e sustent\u00e1vel, independentemente da ind\u00fastria.<\/p>\n\n\n\n<figure class=\"wp-block-embed is-type-video is-provider-youtube wp-block-embed-youtube wp-embed-aspect-16-9 wp-has-aspect-ratio\"><div class=\"wp-block-embed__wrapper\">\n<iframe title=\"COMAU Next is Automated\" width=\"640\" height=\"360\" src=\"https:\/\/www.youtube.com\/embed\/7bBceS3sdWQ?start=50&#038;feature=oembed\" frameborder=\"0\" allow=\"accelerometer; autoplay; clipboard-write; encrypted-media; gyroscope; picture-in-picture; web-share\" referrerpolicy=\"strict-origin-when-cross-origin\" allowfullscreen><\/iframe>\n<\/div><\/figure>\n","protected":false},"excerpt":{"rendered":"<p>Quem somos A Comau \u00e9 l\u00edder mundial no campo da automa\u00e7\u00e3o industrial. Combinando solu\u00e7\u00f5es inovadoras de engenharia com tecnologias facilitadoras e uma automa\u00e7\u00e3o &#8220;aberta&#8221; e f\u00e1cil de usar, a Comau ajuda as empresas de qualquer dimens\u00e3o e segmento industrial a desfrutar as potencialidades da digital manufacturing. A compet\u00eancia da Comau \u00e9 fruto de 50 anos [&hellip;]<\/p>\n","protected":false},"author":11,"featured_media":3815,"parent":0,"menu_order":1,"comment_status":"closed","ping_status":"closed","template":"","meta":{"_acf_changed":false,"ep_exclude_from_search":false,"footnotes":""},"class_list":["post-5217","page","type-page","status-publish","has-post-thumbnail","hentry"],"acf":[],"yoast_head":"<!-- This site is optimized with the Yoast SEO plugin v26.9 - https:\/\/yoast.com\/product\/yoast-seo-wordpress\/ -->\n<title>Sobre a Comau - Comau<\/title>\n<meta name=\"description\" content=\"A Comau \u00e9 l\u00edder mundial no campo da automa\u00e7\u00e3o industrial com experi\u00eancia comprovada em f\u00e1brica e presen\u00e7a global.\" \/>\n<meta name=\"robots\" content=\"index, follow, max-snippet:-1, max-image-preview:large, max-video-preview:-1\" \/>\n<link rel=\"canonical\" href=\"https:\/\/www.comau.com\/pt-br\/about-us\/\" \/>\n<meta property=\"og:locale\" content=\"pt_BR\" \/>\n<meta property=\"og:type\" content=\"article\" \/>\n<meta property=\"og:title\" content=\"Sobre a Comau - Comau\" \/>\n<meta property=\"og:description\" content=\"A Comau \u00e9 l\u00edder mundial no campo da automa\u00e7\u00e3o industrial com experi\u00eancia comprovada em f\u00e1brica e presen\u00e7a global.\" \/>\n<meta property=\"og:url\" content=\"https:\/\/www.comau.com\/pt-br\/about-us\/\" \/>\n<meta property=\"og:site_name\" content=\"Comau\" \/>\n<meta property=\"article:publisher\" content=\"https:\/\/www.facebook.com\/COMAU\/\" \/>\n<meta property=\"article:modified_time\" content=\"2025-10-23T22:00:42+00:00\" \/>\n<meta property=\"og:image\" content=\"https:\/\/www.comau.com\/wp-content\/uploads\/2021\/06\/manifesto_header.jpg\" \/>\n\t<meta property=\"og:image:width\" content=\"1280\" \/>\n\t<meta property=\"og:image:height\" content=\"485\" \/>\n\t<meta property=\"og:image:type\" content=\"image\/jpeg\" \/>\n<meta name=\"twitter:card\" content=\"summary_large_image\" \/>\n<meta name=\"twitter:site\" content=\"@comaugroup\" \/>\n<meta name=\"twitter:label1\" content=\"Est. tempo de leitura\" \/>\n\t<meta name=\"twitter:data1\" content=\"5 minutos\" \/>\n<script type=\"application\/ld+json\" class=\"yoast-schema-graph\">{\"@context\":\"https:\/\/schema.org\",\"@graph\":[{\"@type\":\"WebPage\",\"@id\":\"https:\/\/www.comau.com\/pt-br\/about-us\/\",\"url\":\"https:\/\/www.comau.com\/pt-br\/about-us\/\",\"name\":\"Sobre a Comau - Comau\",\"isPartOf\":{\"@id\":\"https:\/\/www.comau.com\/pt-br\/#website\"},\"primaryImageOfPage\":{\"@id\":\"https:\/\/www.comau.com\/pt-br\/about-us\/#primaryimage\"},\"image\":{\"@id\":\"https:\/\/www.comau.com\/pt-br\/about-us\/#primaryimage\"},\"thumbnailUrl\":\"https:\/\/www.comau.com\/wp-content\/uploads\/2021\/06\/manifesto_header.jpg\",\"datePublished\":\"2021-05-30T22:01:48+00:00\",\"dateModified\":\"2025-10-23T22:00:42+00:00\",\"description\":\"A Comau \u00e9 l\u00edder mundial no campo da automa\u00e7\u00e3o industrial com experi\u00eancia comprovada em f\u00e1brica e presen\u00e7a global.\",\"breadcrumb\":{\"@id\":\"https:\/\/www.comau.com\/pt-br\/about-us\/#breadcrumb\"},\"inLanguage\":\"pt-BR\",\"potentialAction\":[{\"@type\":\"ReadAction\",\"target\":[\"https:\/\/www.comau.com\/pt-br\/about-us\/\"]}]},{\"@type\":\"ImageObject\",\"inLanguage\":\"pt-BR\",\"@id\":\"https:\/\/www.comau.com\/pt-br\/about-us\/#primaryimage\",\"url\":\"https:\/\/www.comau.com\/wp-content\/uploads\/2021\/06\/manifesto_header.jpg\",\"contentUrl\":\"https:\/\/www.comau.com\/wp-content\/uploads\/2021\/06\/manifesto_header.jpg\",\"width\":1280,\"height\":485},{\"@type\":\"BreadcrumbList\",\"@id\":\"https:\/\/www.comau.com\/pt-br\/about-us\/#breadcrumb\",\"itemListElement\":[{\"@type\":\"ListItem\",\"position\":1,\"name\":\"Home\",\"item\":\"https:\/\/www.comau.com\/pt-br\/\"},{\"@type\":\"ListItem\",\"position\":2,\"name\":\"Sobre a Comau\"}]},{\"@type\":\"WebSite\",\"@id\":\"https:\/\/www.comau.com\/pt-br\/#website\",\"url\":\"https:\/\/www.comau.com\/pt-br\/\",\"name\":\"Comau\",\"description\":\"Industrial automation and robotics\",\"publisher\":{\"@id\":\"https:\/\/www.comau.com\/pt-br\/#organization\"},\"potentialAction\":[{\"@type\":\"SearchAction\",\"target\":{\"@type\":\"EntryPoint\",\"urlTemplate\":\"https:\/\/www.comau.com\/pt-br\/?s={search_term_string}\"},\"query-input\":{\"@type\":\"PropertyValueSpecification\",\"valueRequired\":true,\"valueName\":\"search_term_string\"}}],\"inLanguage\":\"pt-BR\"},{\"@type\":\"Organization\",\"@id\":\"https:\/\/www.comau.com\/pt-br\/#organization\",\"name\":\"Comau\",\"url\":\"https:\/\/www.comau.com\/pt-br\/\",\"logo\":{\"@type\":\"ImageObject\",\"inLanguage\":\"pt-BR\",\"@id\":\"https:\/\/www.comau.com\/pt-br\/#\/schema\/logo\/image\/\",\"url\":\"https:\/\/www.comau.com\/wp-content\/uploads\/2024\/07\/cropped-Logo-COMAU.png\",\"contentUrl\":\"https:\/\/www.comau.com\/wp-content\/uploads\/2024\/07\/cropped-Logo-COMAU.png\",\"width\":434,\"height\":434,\"caption\":\"Comau\"},\"image\":{\"@id\":\"https:\/\/www.comau.com\/pt-br\/#\/schema\/logo\/image\/\"},\"sameAs\":[\"https:\/\/www.facebook.com\/COMAU\/\",\"https:\/\/x.com\/comaugroup\",\"https:\/\/www.instagram.com\/comaugroup\/\",\"https:\/\/www.linkedin.com\/company\/comau\",\"https:\/\/www.youtube.com\/user\/comau\"]}]}<\/script>\n<!-- \/ Yoast SEO plugin. -->","yoast_head_json":{"title":"Sobre a Comau - Comau","description":"A Comau \u00e9 l\u00edder mundial no campo da automa\u00e7\u00e3o industrial com experi\u00eancia comprovada em f\u00e1brica e presen\u00e7a global.","robots":{"index":"index","follow":"follow","max-snippet":"max-snippet:-1","max-image-preview":"max-image-preview:large","max-video-preview":"max-video-preview:-1"},"canonical":"https:\/\/www.comau.com\/pt-br\/about-us\/","og_locale":"pt_BR","og_type":"article","og_title":"Sobre a Comau - Comau","og_description":"A Comau \u00e9 l\u00edder mundial no campo da automa\u00e7\u00e3o industrial com experi\u00eancia comprovada em f\u00e1brica e presen\u00e7a global.","og_url":"https:\/\/www.comau.com\/pt-br\/about-us\/","og_site_name":"Comau","article_publisher":"https:\/\/www.facebook.com\/COMAU\/","article_modified_time":"2025-10-23T22:00:42+00:00","og_image":[{"width":1280,"height":485,"url":"https:\/\/www.comau.com\/wp-content\/uploads\/2021\/06\/manifesto_header.jpg","type":"image\/jpeg"}],"twitter_card":"summary_large_image","twitter_site":"@comaugroup","twitter_misc":{"Est. tempo de leitura":"5 minutos"},"schema":{"@context":"https:\/\/schema.org","@graph":[{"@type":"WebPage","@id":"https:\/\/www.comau.com\/pt-br\/about-us\/","url":"https:\/\/www.comau.com\/pt-br\/about-us\/","name":"Sobre a Comau - Comau","isPartOf":{"@id":"https:\/\/www.comau.com\/pt-br\/#website"},"primaryImageOfPage":{"@id":"https:\/\/www.comau.com\/pt-br\/about-us\/#primaryimage"},"image":{"@id":"https:\/\/www.comau.com\/pt-br\/about-us\/#primaryimage"},"thumbnailUrl":"https:\/\/www.comau.com\/wp-content\/uploads\/2021\/06\/manifesto_header.jpg","datePublished":"2021-05-30T22:01:48+00:00","dateModified":"2025-10-23T22:00:42+00:00","description":"A Comau \u00e9 l\u00edder mundial no campo da automa\u00e7\u00e3o industrial com experi\u00eancia comprovada em f\u00e1brica e presen\u00e7a global.","breadcrumb":{"@id":"https:\/\/www.comau.com\/pt-br\/about-us\/#breadcrumb"},"inLanguage":"pt-BR","potentialAction":[{"@type":"ReadAction","target":["https:\/\/www.comau.com\/pt-br\/about-us\/"]}]},{"@type":"ImageObject","inLanguage":"pt-BR","@id":"https:\/\/www.comau.com\/pt-br\/about-us\/#primaryimage","url":"https:\/\/www.comau.com\/wp-content\/uploads\/2021\/06\/manifesto_header.jpg","contentUrl":"https:\/\/www.comau.com\/wp-content\/uploads\/2021\/06\/manifesto_header.jpg","width":1280,"height":485},{"@type":"BreadcrumbList","@id":"https:\/\/www.comau.com\/pt-br\/about-us\/#breadcrumb","itemListElement":[{"@type":"ListItem","position":1,"name":"Home","item":"https:\/\/www.comau.com\/pt-br\/"},{"@type":"ListItem","position":2,"name":"Sobre a Comau"}]},{"@type":"WebSite","@id":"https:\/\/www.comau.com\/pt-br\/#website","url":"https:\/\/www.comau.com\/pt-br\/","name":"Comau","description":"Industrial automation and robotics","publisher":{"@id":"https:\/\/www.comau.com\/pt-br\/#organization"},"potentialAction":[{"@type":"SearchAction","target":{"@type":"EntryPoint","urlTemplate":"https:\/\/www.comau.com\/pt-br\/?s={search_term_string}"},"query-input":{"@type":"PropertyValueSpecification","valueRequired":true,"valueName":"search_term_string"}}],"inLanguage":"pt-BR"},{"@type":"Organization","@id":"https:\/\/www.comau.com\/pt-br\/#organization","name":"Comau","url":"https:\/\/www.comau.com\/pt-br\/","logo":{"@type":"ImageObject","inLanguage":"pt-BR","@id":"https:\/\/www.comau.com\/pt-br\/#\/schema\/logo\/image\/","url":"https:\/\/www.comau.com\/wp-content\/uploads\/2024\/07\/cropped-Logo-COMAU.png","contentUrl":"https:\/\/www.comau.com\/wp-content\/uploads\/2024\/07\/cropped-Logo-COMAU.png","width":434,"height":434,"caption":"Comau"},"image":{"@id":"https:\/\/www.comau.com\/pt-br\/#\/schema\/logo\/image\/"},"sameAs":["https:\/\/www.facebook.com\/COMAU\/","https:\/\/x.com\/comaugroup","https:\/\/www.instagram.com\/comaugroup\/","https:\/\/www.linkedin.com\/company\/comau","https:\/\/www.youtube.com\/user\/comau"]}]}},"_links":{"self":[{"href":"https:\/\/www.comau.com\/pt-br\/wp-json\/wp\/v2\/pages\/5217","targetHints":{"allow":["GET"]}}],"collection":[{"href":"https:\/\/www.comau.com\/pt-br\/wp-json\/wp\/v2\/pages"}],"about":[{"href":"https:\/\/www.comau.com\/pt-br\/wp-json\/wp\/v2\/types\/page"}],"author":[{"embeddable":true,"href":"https:\/\/www.comau.com\/pt-br\/wp-json\/wp\/v2\/users\/11"}],"replies":[{"embeddable":true,"href":"https:\/\/www.comau.com\/pt-br\/wp-json\/wp\/v2\/comments?post=5217"}],"version-history":[{"count":77,"href":"https:\/\/www.comau.com\/pt-br\/wp-json\/wp\/v2\/pages\/5217\/revisions"}],"predecessor-version":[{"id":82350,"href":"https:\/\/www.comau.com\/pt-br\/wp-json\/wp\/v2\/pages\/5217\/revisions\/82350"}],"wp:featuredmedia":[{"embeddable":true,"href":"https:\/\/www.comau.com\/pt-br\/wp-json\/wp\/v2\/media\/3815"}],"wp:attachment":[{"href":"https:\/\/www.comau.com\/pt-br\/wp-json\/wp\/v2\/media?parent=5217"}],"curies":[{"name":"wp","href":"https:\/\/api.w.org\/{rel}","templated":true}]}}