{"id":51816,"date":"2023-04-19T15:59:55","date_gmt":"2023-04-19T13:59:55","guid":{"rendered":"https:\/\/www.comau.com\/?page_id=51816"},"modified":"2023-08-08T21:27:26","modified_gmt":"2023-08-08T19:27:26","slug":"john-deere-implementa-robotica-vestivel-da-comau","status":"publish","type":"page","link":"https:\/\/www.comau.com\/pt-br\/about-us\/success-stories\/john-deere-implementa-robotica-vestivel-da-comau\/","title":{"rendered":"John Deere implementa rob\u00f3tica vest\u00edvel da Comau no Brasil para garantir bem-estar ergon\u00f4mico durante opera\u00e7\u00f5es manuais"},"content":{"rendered":"\n<p>Fundada em 1837, a John Deere \u00e9 uma empresa global de tecnologia que fornece, principalmente, software e equipamentos para os setores agr\u00edcola, de constru\u00e7\u00e3o e florestal. Com uma base de clientes impressionante, que abrange todo o mundo, a reputa\u00e7\u00e3o da empresa foi constru\u00edda sobre produtos inovadores e de qualidade superior, que refletem seus 186 anos de tradi\u00e7\u00e3o e integridade. Esse mesmo esp\u00edrito pioneiro levou os gerentes do centro de distribui\u00e7\u00e3o de pe\u00e7as a come\u00e7ar a pesquisar maneiras de melhorar a seguran\u00e7a, a sa\u00fade e a sustentabilidade da for\u00e7a de trabalho.<\/p>\n\n\n<div class=\"wp-block-image\">\n<figure class=\"alignright size-large is-resized\"><img decoding=\"async\" src=\"https:\/\/www.comau.com\/wp-content\/uploads\/2023\/04\/IMG_9599-1024x683.jpg\" alt=\"\" class=\"wp-image-52496\" width=\"512\" height=\"342\" srcset=\"https:\/\/www.comau.com\/wp-content\/uploads\/2023\/04\/IMG_9599-1024x683.jpg 1024w, https:\/\/www.comau.com\/wp-content\/uploads\/2023\/04\/IMG_9599-300x200.jpg 300w, https:\/\/www.comau.com\/wp-content\/uploads\/2023\/04\/IMG_9599-768x512.jpg 768w, https:\/\/www.comau.com\/wp-content\/uploads\/2023\/04\/IMG_9599-1536x1024.jpg 1536w, https:\/\/www.comau.com\/wp-content\/uploads\/2023\/04\/IMG_9599-2048x1365.jpg 2048w\" sizes=\"(max-width: 512px) 100vw, 512px\" \/><\/figure>\n<\/div>\n\n\n<p>O servi\u00e7o de log\u00edstica de pe\u00e7as da John Deere desempenha um papel fundamental em ajudar a suprir rapidamente as demandas de concession\u00e1rios e clientes finais. Para gerenciar as mais de 150.000 pe\u00e7as diferentes necess\u00e1rias para atender o Brasil e a Am\u00e9rica do Sul, a empresa construiu um centro de distribui\u00e7\u00e3o de 75.000 m\u00b2 em Campinas, no estado de S\u00e3o Paulo. No entanto, o tamanho \u00e9 apenas uma parte do todo. ara atender plenamente seus clientes, velocidade e efici\u00eancia s\u00e3o pilares essenciais, pois muitas vezes s\u00e3o necess\u00e1rias pe\u00e7as para entrega no dia seguinte. Para conseguir isso, os funcion\u00e1rios da John Deere devem selecionar, classificar e embalar manualmente centenas de pe\u00e7as por dia, uma tarefa que envolve movimentos repetitivos de bra\u00e7os, ombros e costas.<\/p>\n\n\n\n<p>No in\u00edcio de 2022, a equipe de EHS contatou a Comau para explorar at\u00e9 que ponto o exoesqueleto da empresa poderia melhorar o bem-estar e a motiva\u00e7\u00e3o dos colaboradores, respons\u00e1veis por manusear, movimentar e coletar pe\u00e7as de formas, tamanhos e pesos diferentes.<\/p>\n\n\n\n<div class=\"wp-block-group wide-section-light-1 py-5 my-5\"><div class=\"wp-block-group__inner-container is-layout-flow wp-block-group-is-layout-flow\">\n<blockquote class=\"wp-block-quote has-text-align-left success-story-quote is-layout-flow wp-block-quote-is-layout-flow\" style=\"font-size:16px\">\n<p style=\"font-size:16px\">\u201cNossos esfor\u00e7os para fornecer aos clientes tecnologias de automa\u00e7\u00e3o inovadoras est\u00e3o tamb\u00e9m em encontrar maneiras de garantir que seus colaboradores permane\u00e7am seguros durante as atividades di\u00e1rias, em diferentes aplica\u00e7\u00f5es e ind\u00fastrias. O MATE-XT \u00e9 um exoesqueleto vest\u00edvel, f\u00e1cil de usar, que permite \u00e0 John Deere fornecer maior valor agregado e benef\u00edcios mensur\u00e1veis ao reduzir a fadiga muscular percebida e o estresse mec\u00e2nico nas costas, regi\u00e3o lombar, bra\u00e7os e ombros. \u00c9 mais um exemplo do valor que a rob\u00f3tica pode trazer.\u201d<\/p>\n<cite><strong><strong><strong><strong>Laerte Scarpitta, Comau L\u00edder da Comau para as Am\u00e9ricas<\/strong><\/strong><\/strong><\/strong><\/cite><\/blockquote>\n<\/div><\/div>\n\n\n\n<div class=\"wp-block-columns is-layout-flex wp-container-core-columns-is-layout-9d6595d7 wp-block-columns-is-layout-flex\">\n<div class=\"wp-block-column is-layout-flow wp-block-column-is-layout-flow\">\n<h2 class=\"wp-block-heading h3\" id=\"the-challenge\">O Desafio<\/h2>\n\n\n\n<p>Com o objetivo de melhorar o bem-estar dos colaboradores e facilitar a sustentabilidade ergon\u00f4mica, a John Deere estava buscando uma solu\u00e7\u00e3o vi\u00e1vel para aliviar o esfor\u00e7o f\u00edsico de sua for\u00e7a de trabalho. Melhorar a postura e a qualidade eram outras metas, uma vez que a empresa tamb\u00e9m buscava reduzir o risco ergon\u00f4mico relacionado \u00e0 opera\u00e7\u00e3o de log\u00edstica de pe\u00e7as.<\/p>\n\n\n\n<p>A Comau teve a oportunidade de demonstrar o desempenho ergon\u00f4mico do exoesqueleto rob\u00f3tico passivo MATE-XT em termos de efic\u00e1cia na redu\u00e7\u00e3o do risco de sobrecarga biomec\u00e2nica dos membros superiores. Garantir o conforto e a adaptabilidade eram dois requisitos adicionais, j\u00e1 que os colaboradores usariam o exoesqueleto inovador por at\u00e9 8 horas por dia.<\/p>\n<\/div>\n\n\n\n<div class=\"wp-block-column is-layout-flow wp-block-column-is-layout-flow\">\n<h2 class=\"wp-block-heading h3\" id=\"the-solution\">A Solu\u00e7\u00e3o<\/h2>\n\n\n\n<p>O exoesqueleto da Comau se mostrou a solu\u00e7\u00e3o perfeita, tanto pela sua efic\u00e1cia como pelo seu formato inovador. Al\u00e9m de ser leve e f\u00e1cil de usar, o <a href=\"https:\/\/mate.comau.com\" target=\"_blank\" rel=\"noreferrer noopener\">exoesqueleto MATE-XT<\/a> replica com precis\u00e3o todos os movimentos do ombro, ajudando os colaboradores a realizar suas atividades confortavelmente, reduzindo a fadiga muscular sem limitar a mobilidade ou aumentar o volume junto ao corpo. Al\u00e9m disso, seu design ergon\u00f4mico pode ser facilmente adequado para pessoas e biotipos diferentes \u2013 atrav\u00e9s de ajustes simples e r\u00e1pidos no comprimento das al\u00e7as e no n\u00edvel de assist\u00eancia necess\u00e1rio, com base no colaborador ou no tipo de tarefa.<\/p>\n\n\n\n<p>Al\u00e9m de oferecer suporte postural altamente eficaz, o MATE-XT \u00e9 certificado pelo EAWS (Ergonomic Assessment Work-Sheet). Ao fornecer \u00e0 John Deere uma mensura\u00e7\u00e3o objetiva da melhoria ergon\u00f4mica, a equipe conjunta da Comau e John Deere conseguiu calcular facilmente os benef\u00edcios projetados em termos de redu\u00e7\u00e3o da fadiga muscular, velocidade de execu\u00e7\u00e3o e ROI projetado.<\/p>\n\n\n\n<p>A Comau tamb\u00e9m ajudou a John Deere a desmistificar o uso do exoesqueleto em suas opera\u00e7\u00f5es di\u00e1rias, oferecendo um treinamento pr\u00e1tico realizado no centro de distribui\u00e7\u00e3o de pe\u00e7as em Campinas. Os especialistas em ergonomia da Comau trabalharam em parceria com o cliente para monitorar o desequil\u00edbrio muscular e o gasto de energia dos trabalhadores durante suas atividades rotineiras.<\/p>\n\n\n\n<p>Depois de receber o primeiro exoesqueleto MATE-XT em meados de 2022, a John Deere voltou a comprar tr\u00eas unidades adicionais do equipamento seis meses depois. Atualmente, todos os quatro exoesqueletos est\u00e3o sendo usados para apoiar as opera\u00e7\u00f5es de embalagem, com unidades adicionais sendo testadas em outras \u00e1reas.<\/p>\n<\/div>\n<\/div>\n\n\n\n<div class=\"wp-block-group wide-section-light-1 py-5 my-5\"><div class=\"wp-block-group__inner-container is-layout-flow wp-block-group-is-layout-flow\">\n<div class=\"wp-block-group wide-section-light-1 py-5 my-5\"><div class=\"wp-block-group__inner-container is-layout-flow wp-block-group-is-layout-flow\">\n<h2 class=\"wp-block-heading h2\" id=\"the-results\">Os Resultados<\/h2>\n\n\n\n<p>Depois de implantar o exoesqueleto nas opera\u00e7\u00f5es di\u00e1rias, os funcion\u00e1rios da John Deere aceitaram prontamente o sistema e gostam de trabalhar com ele. Com uma estrutura de fibra de carbono fina e leve que \u00e9 usada como uma mochila, o exoesqueleto MATE-XT oferece 8 n\u00edveis de suporte que podem ser ajustados e alterados de forma r\u00e1pida e f\u00e1cil conforme necess\u00e1rio, sem interromper a continuidade da atividade.<\/p>\n\n\n\n<p>Mesmo manuseando objetos pequenos e leves, o esfor\u00e7o aparentemente m\u00ednimo de movimentos manuais repetidos pode afetar o corpo. Para ajudar a John Deere a quantificar os benef\u00edcios do uso do MATE-XT, a Comau realizou uma an\u00e1lise eletromiogr\u00e1fica do fator de risco ergon\u00f4mico. Como resultado, MATE-XT manteve o m\u00fasculo em repouso por 98,5% do tempo de atividade, enquanto os esfor\u00e7os musculares em um est\u00e1gio de repouso sem o MATE-XT foram limitados a apenas 2,4% do tempo.<\/p>\n\n\n\n<p>Em rela\u00e7\u00e3o \u00e0 postura, o MATE-XT garante um equil\u00edbrio muscular adequado, otimizando o gasto de energia necess\u00e1rio para estabilizar e sustentar o peso do bra\u00e7o. Usando o exoesqueleto da Comau, a estabilidade do bra\u00e7o pode ser mantida usando apenas 10% da capacidade m\u00e1xima de for\u00e7a do colaborador. Isso se traduz em uma maior sensa\u00e7\u00e3o de bem-estar, al\u00e9m de gerar resultados tang\u00edveis baseados em desempenho, como a otimiza\u00e7\u00e3o de processos e ganhos de produtividade. Dito isso, o MATE-XT est\u00e1 ajudando a John Deere a mitigar o risco ergon\u00f4mico e alcan\u00e7ar uma redu\u00e7\u00e3o de 68% na sobrecarga muscular.<\/p>\n\n\n\n<div class=\"wp-block-columns is-layout-flex wp-container-core-columns-is-layout-9d6595d7 wp-block-columns-is-layout-flex\">\n<div class=\"wp-block-column is-layout-flow wp-block-column-is-layout-flow\">\n<div class=\"wp-block-getwid-counter\"><div class=\"wp-block-getwid-counter__wrapper\" data-start=\"0\" data-end=\"68\" data-decimal-places=\"0\" data-duration=\"3\" data-use-easing=\"true\" data-use-grouping=\"true\" data-separator=\",\" data-decimal=\".\" data-easing-fn=\"outExpo\" data-numerals=\"default\"><span class=\"wp-block-getwid-counter__number\">0<\/span><p class=\"wp-block-getwid-counter__suffix\">%<\/p><\/div><\/div>\n\n\n\n<p>redu\u00e7\u00e3o de sobrecarga muscular<\/p>\n<\/div>\n\n\n\n<div class=\"wp-block-column is-layout-flow wp-block-column-is-layout-flow\">\n<div class=\"wp-block-getwid-counter\"><div class=\"wp-block-getwid-counter__wrapper\" data-start=\"0\" data-end=\"98\" data-decimal-places=\"0\" data-duration=\"3\" data-use-easing=\"true\" data-use-grouping=\"true\" data-separator=\",\" data-decimal=\".\" data-easing-fn=\"outExpo\" data-numerals=\"default\"><span class=\"wp-block-getwid-counter__number\">0<\/span><p class=\"wp-block-getwid-counter__suffix\">%<\/p><\/div><\/div>\n\n\n\n<p>Musculatura mantida em est\u00e1gio de repouso por 98.5% do tempo da atividade<\/p>\n<\/div>\n\n\n\n<div class=\"wp-block-column is-vertically-aligned-center is-layout-flow wp-block-column-is-layout-flow\">\n<div class=\"wp-block-group\"><div class=\"wp-block-group__inner-container is-layout-constrained wp-block-group-is-layout-constrained\">\n<h2 class=\"wp-block-heading has-text-color\" style=\"color:#095ffb\">Risco ergon\u00f4mico mitigado<\/h2>\n<\/div><\/div>\n<\/div>\n<\/div>\n<\/div><\/div>\n\n\n\n<div class=\"wp-block-columns is-layout-flex wp-container-core-columns-is-layout-9d6595d7 wp-block-columns-is-layout-flex\">\n<div class=\"wp-block-column is-layout-flow wp-block-column-is-layout-flow\"><\/div>\n\n\n\n<div class=\"wp-block-column is-layout-flow wp-block-column-is-layout-flow\"><\/div>\n<\/div>\n<\/div><\/div>\n\n\n\n<p><\/p>\n","protected":false},"excerpt":{"rendered":"<p>Fundada em 1837, a John Deere \u00e9 uma empresa global de tecnologia que fornece, principalmente, software e equipamentos para os setores agr\u00edcola, de constru\u00e7\u00e3o e florestal. Com uma base de clientes impressionante, que abrange todo o mundo, a reputa\u00e7\u00e3o da empresa foi constru\u00edda sobre produtos inovadores e de qualidade superior, que refletem seus 186 anos [&hellip;]<\/p>\n","protected":false},"author":21,"featured_media":54110,"parent":41300,"menu_order":5,"comment_status":"closed","ping_status":"closed","template":"","meta":{"_acf_changed":false,"ep_exclude_from_search":false,"footnotes":""},"class_list":["post-51816","page","type-page","status-publish","has-post-thumbnail","hentry"],"acf":[],"yoast_head":"<!-- This site is optimized with the Yoast SEO plugin v26.9 - https:\/\/yoast.com\/product\/yoast-seo-wordpress\/ -->\n<title>John Deere implementa rob\u00f3tica vest\u00edvel da Comau<\/title>\n<meta name=\"description\" content=\"John Deere implementa rob\u00f3tica vest\u00edvel da Comau no Brasil para garantir bem-estar ergon\u00f4mico no Centro de Distribui\u00e7\u00e3o de Pe\u00e7as, em Campinas\" \/>\n<meta name=\"robots\" content=\"index, follow, max-snippet:-1, max-image-preview:large, max-video-preview:-1\" \/>\n<link rel=\"canonical\" href=\"https:\/\/www.comau.com\/pt-br\/about-us\/success-stories\/john-deere-implementa-robotica-vestivel-da-comau\/\" \/>\n<meta property=\"og:locale\" content=\"pt_BR\" \/>\n<meta property=\"og:type\" content=\"article\" \/>\n<meta property=\"og:title\" content=\"John Deere implementa rob\u00f3tica vest\u00edvel da Comau\" \/>\n<meta property=\"og:description\" content=\"John Deere implementa rob\u00f3tica vest\u00edvel da Comau no Brasil para garantir bem-estar ergon\u00f4mico no Centro de Distribui\u00e7\u00e3o de Pe\u00e7as, em Campinas\" \/>\n<meta property=\"og:url\" content=\"https:\/\/www.comau.com\/pt-br\/about-us\/success-stories\/john-deere-implementa-robotica-vestivel-da-comau\/\" \/>\n<meta property=\"og:site_name\" content=\"Comau\" \/>\n<meta property=\"article:publisher\" content=\"https:\/\/www.facebook.com\/COMAU\/\" \/>\n<meta property=\"article:modified_time\" content=\"2023-08-08T19:27:26+00:00\" \/>\n<meta property=\"og:image\" content=\"https:\/\/www.comau.com\/wp-content\/uploads\/2023\/05\/Comau_Exoskeleton_Ergonomics_JohnDeere_header.jpg\" \/>\n\t<meta property=\"og:image:width\" content=\"1425\" \/>\n\t<meta property=\"og:image:height\" content=\"450\" \/>\n\t<meta property=\"og:image:type\" content=\"image\/jpeg\" \/>\n<meta name=\"twitter:card\" content=\"summary_large_image\" \/>\n<meta name=\"twitter:site\" content=\"@comaugroup\" \/>\n<meta name=\"twitter:label1\" content=\"Est. tempo de leitura\" \/>\n\t<meta name=\"twitter:data1\" content=\"5 minutos\" \/>\n<script type=\"application\/ld+json\" class=\"yoast-schema-graph\">{\"@context\":\"https:\/\/schema.org\",\"@graph\":[{\"@type\":\"WebPage\",\"@id\":\"https:\/\/www.comau.com\/pt-br\/about-us\/success-stories\/john-deere-implementa-robotica-vestivel-da-comau\/\",\"url\":\"https:\/\/www.comau.com\/pt-br\/about-us\/success-stories\/john-deere-implementa-robotica-vestivel-da-comau\/\",\"name\":\"John Deere implementa rob\u00f3tica vest\u00edvel da Comau\",\"isPartOf\":{\"@id\":\"https:\/\/www.comau.com\/pt-br\/#website\"},\"primaryImageOfPage\":{\"@id\":\"https:\/\/www.comau.com\/pt-br\/about-us\/success-stories\/john-deere-implementa-robotica-vestivel-da-comau\/#primaryimage\"},\"image\":{\"@id\":\"https:\/\/www.comau.com\/pt-br\/about-us\/success-stories\/john-deere-implementa-robotica-vestivel-da-comau\/#primaryimage\"},\"thumbnailUrl\":\"https:\/\/www.comau.com\/wp-content\/uploads\/2023\/05\/Comau_Exoskeleton_Ergonomics_JohnDeere_header.jpg\",\"datePublished\":\"2023-04-19T13:59:55+00:00\",\"dateModified\":\"2023-08-08T19:27:26+00:00\",\"description\":\"John Deere implementa rob\u00f3tica vest\u00edvel da Comau no Brasil para garantir bem-estar ergon\u00f4mico no Centro de Distribui\u00e7\u00e3o de Pe\u00e7as, em Campinas\",\"breadcrumb\":{\"@id\":\"https:\/\/www.comau.com\/pt-br\/about-us\/success-stories\/john-deere-implementa-robotica-vestivel-da-comau\/#breadcrumb\"},\"inLanguage\":\"pt-BR\",\"potentialAction\":[{\"@type\":\"ReadAction\",\"target\":[\"https:\/\/www.comau.com\/pt-br\/about-us\/success-stories\/john-deere-implementa-robotica-vestivel-da-comau\/\"]}]},{\"@type\":\"ImageObject\",\"inLanguage\":\"pt-BR\",\"@id\":\"https:\/\/www.comau.com\/pt-br\/about-us\/success-stories\/john-deere-implementa-robotica-vestivel-da-comau\/#primaryimage\",\"url\":\"https:\/\/www.comau.com\/wp-content\/uploads\/2023\/05\/Comau_Exoskeleton_Ergonomics_JohnDeere_header.jpg\",\"contentUrl\":\"https:\/\/www.comau.com\/wp-content\/uploads\/2023\/05\/Comau_Exoskeleton_Ergonomics_JohnDeere_header.jpg\",\"width\":1425,\"height\":450,\"caption\":\"Upper-limb fiber carbon exoskeleton\"},{\"@type\":\"BreadcrumbList\",\"@id\":\"https:\/\/www.comau.com\/pt-br\/about-us\/success-stories\/john-deere-implementa-robotica-vestivel-da-comau\/#breadcrumb\",\"itemListElement\":[{\"@type\":\"ListItem\",\"position\":1,\"name\":\"Home\",\"item\":\"https:\/\/www.comau.com\/pt-br\/\"},{\"@type\":\"ListItem\",\"position\":2,\"name\":\"Sobre a Comau\",\"item\":\"https:\/\/www.comau.com\/pt-br\/about-us\/\"},{\"@type\":\"ListItem\",\"position\":3,\"name\":\"Hist\u00f3rias de sucesso\",\"item\":\"https:\/\/www.comau.com\/pt-br\/about-us\/success-stories\/\"},{\"@type\":\"ListItem\",\"position\":4,\"name\":\"John Deere implementa rob\u00f3tica vest\u00edvel da Comau no Brasil para garantir bem-estar ergon\u00f4mico durante opera\u00e7\u00f5es manuais\"}]},{\"@type\":\"WebSite\",\"@id\":\"https:\/\/www.comau.com\/pt-br\/#website\",\"url\":\"https:\/\/www.comau.com\/pt-br\/\",\"name\":\"Comau\",\"description\":\"Industrial automation and robotics\",\"publisher\":{\"@id\":\"https:\/\/www.comau.com\/pt-br\/#organization\"},\"potentialAction\":[{\"@type\":\"SearchAction\",\"target\":{\"@type\":\"EntryPoint\",\"urlTemplate\":\"https:\/\/www.comau.com\/pt-br\/?s={search_term_string}\"},\"query-input\":{\"@type\":\"PropertyValueSpecification\",\"valueRequired\":true,\"valueName\":\"search_term_string\"}}],\"inLanguage\":\"pt-BR\"},{\"@type\":\"Organization\",\"@id\":\"https:\/\/www.comau.com\/pt-br\/#organization\",\"name\":\"Comau\",\"url\":\"https:\/\/www.comau.com\/pt-br\/\",\"logo\":{\"@type\":\"ImageObject\",\"inLanguage\":\"pt-BR\",\"@id\":\"https:\/\/www.comau.com\/pt-br\/#\/schema\/logo\/image\/\",\"url\":\"https:\/\/www.comau.com\/wp-content\/uploads\/2024\/07\/cropped-Logo-COMAU.png\",\"contentUrl\":\"https:\/\/www.comau.com\/wp-content\/uploads\/2024\/07\/cropped-Logo-COMAU.png\",\"width\":434,\"height\":434,\"caption\":\"Comau\"},\"image\":{\"@id\":\"https:\/\/www.comau.com\/pt-br\/#\/schema\/logo\/image\/\"},\"sameAs\":[\"https:\/\/www.facebook.com\/COMAU\/\",\"https:\/\/x.com\/comaugroup\",\"https:\/\/www.instagram.com\/comaugroup\/\",\"https:\/\/www.linkedin.com\/company\/comau\",\"https:\/\/www.youtube.com\/user\/comau\"]}]}<\/script>\n<!-- \/ Yoast SEO plugin. -->","yoast_head_json":{"title":"John Deere implementa rob\u00f3tica vest\u00edvel da Comau","description":"John Deere implementa rob\u00f3tica vest\u00edvel da Comau no Brasil para garantir bem-estar ergon\u00f4mico no Centro de Distribui\u00e7\u00e3o de Pe\u00e7as, em Campinas","robots":{"index":"index","follow":"follow","max-snippet":"max-snippet:-1","max-image-preview":"max-image-preview:large","max-video-preview":"max-video-preview:-1"},"canonical":"https:\/\/www.comau.com\/pt-br\/about-us\/success-stories\/john-deere-implementa-robotica-vestivel-da-comau\/","og_locale":"pt_BR","og_type":"article","og_title":"John Deere implementa rob\u00f3tica vest\u00edvel da Comau","og_description":"John Deere implementa rob\u00f3tica vest\u00edvel da Comau no Brasil para garantir bem-estar ergon\u00f4mico no Centro de Distribui\u00e7\u00e3o de Pe\u00e7as, em Campinas","og_url":"https:\/\/www.comau.com\/pt-br\/about-us\/success-stories\/john-deere-implementa-robotica-vestivel-da-comau\/","og_site_name":"Comau","article_publisher":"https:\/\/www.facebook.com\/COMAU\/","article_modified_time":"2023-08-08T19:27:26+00:00","og_image":[{"width":1425,"height":450,"url":"https:\/\/www.comau.com\/wp-content\/uploads\/2023\/05\/Comau_Exoskeleton_Ergonomics_JohnDeere_header.jpg","type":"image\/jpeg"}],"twitter_card":"summary_large_image","twitter_site":"@comaugroup","twitter_misc":{"Est. tempo de leitura":"5 minutos"},"schema":{"@context":"https:\/\/schema.org","@graph":[{"@type":"WebPage","@id":"https:\/\/www.comau.com\/pt-br\/about-us\/success-stories\/john-deere-implementa-robotica-vestivel-da-comau\/","url":"https:\/\/www.comau.com\/pt-br\/about-us\/success-stories\/john-deere-implementa-robotica-vestivel-da-comau\/","name":"John Deere implementa rob\u00f3tica vest\u00edvel da Comau","isPartOf":{"@id":"https:\/\/www.comau.com\/pt-br\/#website"},"primaryImageOfPage":{"@id":"https:\/\/www.comau.com\/pt-br\/about-us\/success-stories\/john-deere-implementa-robotica-vestivel-da-comau\/#primaryimage"},"image":{"@id":"https:\/\/www.comau.com\/pt-br\/about-us\/success-stories\/john-deere-implementa-robotica-vestivel-da-comau\/#primaryimage"},"thumbnailUrl":"https:\/\/www.comau.com\/wp-content\/uploads\/2023\/05\/Comau_Exoskeleton_Ergonomics_JohnDeere_header.jpg","datePublished":"2023-04-19T13:59:55+00:00","dateModified":"2023-08-08T19:27:26+00:00","description":"John Deere implementa rob\u00f3tica vest\u00edvel da Comau no Brasil para garantir bem-estar ergon\u00f4mico no Centro de Distribui\u00e7\u00e3o de Pe\u00e7as, em Campinas","breadcrumb":{"@id":"https:\/\/www.comau.com\/pt-br\/about-us\/success-stories\/john-deere-implementa-robotica-vestivel-da-comau\/#breadcrumb"},"inLanguage":"pt-BR","potentialAction":[{"@type":"ReadAction","target":["https:\/\/www.comau.com\/pt-br\/about-us\/success-stories\/john-deere-implementa-robotica-vestivel-da-comau\/"]}]},{"@type":"ImageObject","inLanguage":"pt-BR","@id":"https:\/\/www.comau.com\/pt-br\/about-us\/success-stories\/john-deere-implementa-robotica-vestivel-da-comau\/#primaryimage","url":"https:\/\/www.comau.com\/wp-content\/uploads\/2023\/05\/Comau_Exoskeleton_Ergonomics_JohnDeere_header.jpg","contentUrl":"https:\/\/www.comau.com\/wp-content\/uploads\/2023\/05\/Comau_Exoskeleton_Ergonomics_JohnDeere_header.jpg","width":1425,"height":450,"caption":"Upper-limb fiber carbon exoskeleton"},{"@type":"BreadcrumbList","@id":"https:\/\/www.comau.com\/pt-br\/about-us\/success-stories\/john-deere-implementa-robotica-vestivel-da-comau\/#breadcrumb","itemListElement":[{"@type":"ListItem","position":1,"name":"Home","item":"https:\/\/www.comau.com\/pt-br\/"},{"@type":"ListItem","position":2,"name":"Sobre a Comau","item":"https:\/\/www.comau.com\/pt-br\/about-us\/"},{"@type":"ListItem","position":3,"name":"Hist\u00f3rias de sucesso","item":"https:\/\/www.comau.com\/pt-br\/about-us\/success-stories\/"},{"@type":"ListItem","position":4,"name":"John Deere implementa rob\u00f3tica vest\u00edvel da Comau no Brasil para garantir bem-estar ergon\u00f4mico durante opera\u00e7\u00f5es manuais"}]},{"@type":"WebSite","@id":"https:\/\/www.comau.com\/pt-br\/#website","url":"https:\/\/www.comau.com\/pt-br\/","name":"Comau","description":"Industrial automation and robotics","publisher":{"@id":"https:\/\/www.comau.com\/pt-br\/#organization"},"potentialAction":[{"@type":"SearchAction","target":{"@type":"EntryPoint","urlTemplate":"https:\/\/www.comau.com\/pt-br\/?s={search_term_string}"},"query-input":{"@type":"PropertyValueSpecification","valueRequired":true,"valueName":"search_term_string"}}],"inLanguage":"pt-BR"},{"@type":"Organization","@id":"https:\/\/www.comau.com\/pt-br\/#organization","name":"Comau","url":"https:\/\/www.comau.com\/pt-br\/","logo":{"@type":"ImageObject","inLanguage":"pt-BR","@id":"https:\/\/www.comau.com\/pt-br\/#\/schema\/logo\/image\/","url":"https:\/\/www.comau.com\/wp-content\/uploads\/2024\/07\/cropped-Logo-COMAU.png","contentUrl":"https:\/\/www.comau.com\/wp-content\/uploads\/2024\/07\/cropped-Logo-COMAU.png","width":434,"height":434,"caption":"Comau"},"image":{"@id":"https:\/\/www.comau.com\/pt-br\/#\/schema\/logo\/image\/"},"sameAs":["https:\/\/www.facebook.com\/COMAU\/","https:\/\/x.com\/comaugroup","https:\/\/www.instagram.com\/comaugroup\/","https:\/\/www.linkedin.com\/company\/comau","https:\/\/www.youtube.com\/user\/comau"]}]}},"_links":{"self":[{"href":"https:\/\/www.comau.com\/pt-br\/wp-json\/wp\/v2\/pages\/51816","targetHints":{"allow":["GET"]}}],"collection":[{"href":"https:\/\/www.comau.com\/pt-br\/wp-json\/wp\/v2\/pages"}],"about":[{"href":"https:\/\/www.comau.com\/pt-br\/wp-json\/wp\/v2\/types\/page"}],"author":[{"embeddable":true,"href":"https:\/\/www.comau.com\/pt-br\/wp-json\/wp\/v2\/users\/21"}],"replies":[{"embeddable":true,"href":"https:\/\/www.comau.com\/pt-br\/wp-json\/wp\/v2\/comments?post=51816"}],"version-history":[{"count":10,"href":"https:\/\/www.comau.com\/pt-br\/wp-json\/wp\/v2\/pages\/51816\/revisions"}],"predecessor-version":[{"id":56705,"href":"https:\/\/www.comau.com\/pt-br\/wp-json\/wp\/v2\/pages\/51816\/revisions\/56705"}],"up":[{"embeddable":true,"href":"https:\/\/www.comau.com\/pt-br\/wp-json\/wp\/v2\/pages\/41300"}],"wp:featuredmedia":[{"embeddable":true,"href":"https:\/\/www.comau.com\/pt-br\/wp-json\/wp\/v2\/media\/54110"}],"wp:attachment":[{"href":"https:\/\/www.comau.com\/pt-br\/wp-json\/wp\/v2\/media?parent=51816"}],"curies":[{"name":"wp","href":"https:\/\/api.w.org\/{rel}","templated":true}]}}