{"id":5156,"date":"2021-06-07T18:22:19","date_gmt":"2021-06-07T16:22:19","guid":{"rendered":"https:\/\/www.comau.com\/?page_id=5156"},"modified":"2022-02-08T09:32:16","modified_gmt":"2022-02-08T08:32:16","slug":"laser-technology","status":"publish","type":"page","link":"https:\/\/www.comau.com\/pt-br\/competencies\/body-assembly\/technologies\/laser-technology\/","title":{"rendered":"Tecnologia Laser"},"content":{"rendered":"\n<h2 class=\"wp-block-heading\" id=\"expertise\">Expertise<\/h2>\n\n\n\n<p>Com mais de 4 d\u00e9cadas de experi\u00eancia em Automa\u00e7\u00e3o Industrial avan\u00e7ada, o foco da Comau em inova\u00e7\u00e3o inclui estandardiza\u00e7\u00e3o dos sistemas de laser flex\u00edveis que aumentam a qualidade dos processos e n\u00edveis de produtividade.<\/p>\n\n\n\n<p>A compet\u00eancia na defini\u00e7\u00e3o dos processos e no design espec\u00edfico de ferramentas amplia o nosso portif\u00f3lio de solu\u00e7\u00f5es, capaz de atender \u00e0 necessidades espec\u00edficas de materiais avan\u00e7ados, incluindo alto volume de soldadura a laser para pe\u00e7as de alum\u00ednio.<\/p>\n\n\n\n<p>Nossa tecnologia para corte e soldadura \u2013f\u00e1cil de usar- \u00e9 uma resposta direta \u00e0s necessidades de efici\u00eancia, produtividade e qualidade da produ\u00e7\u00e3o em alto volume de hoje.<\/p>\n\n\n\n<h2 class=\"wp-block-heading\" id=\"referencias\">Referencias<\/h2>\n\n\n\n<p>A Comau tem participado de aplica\u00e7\u00f5es em laser desde 1985. Hoje, existem mais de 120 sistemas em laser instalados por 13 pa\u00edses diferentes, que contribuem para a produ\u00e7\u00e3o de dezenas de milhares de pe\u00e7as por ano.<\/p>\n\n\n\n<p>Nosso time global conta com Engenheiros experientes nos Estados Unidos, Europa e China junto com 3 laborat\u00f3rios completos na It\u00e1lia, China e Estados Unidos para testes e prot\u00f3tipos.<\/p>\n\n\n\n<h2 class=\"wp-block-heading\" id=\"solucoes\">Solu\u00e7\u00f5es<\/h2>\n\n\n\n<p>A Comau oferece solu\u00e7\u00f5es para soldadura e corte \u00e0 laser integrando um padr\u00e3o de produto e equipamentos tecnologicamente avan\u00e7ados.<\/p>\n\n\n\n<div class=\"wp-block-getwid-images-slider has-arrows-inside has-dots-outside has-images-center has-cropped-images\"><div class=\"wp-block-getwid-images-slider__wrapper\" data-effect=\"slide\" data-slides-show=\"1\" data-slides-show-laptop=\"1\" data-slides-show-tablet=\"1\" data-slides-show-mobile=\"1\" data-slides-scroll=\"1\" data-autoplay=\"true\" data-autoplay-speed=\"6000\" data-infinite=\"true\" data-animation-speed=\"800\" data-center-mode=\"false\" data-variable-width=\"false\" data-arrows=\"inside\" data-dots=\"outside\" data-spacing=\"none\"><div class=\"wp-block-getwid-images-slider__item\"><figure><img decoding=\"async\" width=\"1180\" height=\"606\" src=\"https:\/\/www.comau.com\/wp-content\/uploads\/2021\/06\/laser-technology-1.jpg\" data-id=\"505\" data-link=\"https:\/\/www.comau.com\/competencies\/body-assembly\/technologies\/laser-technology\/laser-technology-1\/\" data-original-link=\"https:\/\/www.comau.com\/wp-content\/uploads\/2021\/06\/laser-technology-1.jpg\" class=\"wp-block-getwid-images-slider__image wp-image-5189\" srcset=\"https:\/\/www.comau.com\/wp-content\/uploads\/2021\/06\/laser-technology-1.jpg 1180w, https:\/\/www.comau.com\/wp-content\/uploads\/2021\/06\/laser-technology-1-300x154.jpg 300w, https:\/\/www.comau.com\/wp-content\/uploads\/2021\/06\/laser-technology-1-1024x526.jpg 1024w, https:\/\/www.comau.com\/wp-content\/uploads\/2021\/06\/laser-technology-1-768x394.jpg 768w\" sizes=\"(max-width: 1180px) 100vw, 1180px\" \/><\/figure><\/div><div class=\"wp-block-getwid-images-slider__item\"><figure><img decoding=\"async\" width=\"1180\" height=\"606\" src=\"https:\/\/www.comau.com\/wp-content\/uploads\/2021\/06\/laser-technology-2.jpg\" data-id=\"506\" data-link=\"https:\/\/www.comau.com\/competencies\/body-assembly\/technologies\/laser-technology\/laser-technology-2\/\" data-original-link=\"https:\/\/www.comau.com\/wp-content\/uploads\/2021\/06\/laser-technology-2.jpg\" class=\"wp-block-getwid-images-slider__image wp-image-5190\" srcset=\"https:\/\/www.comau.com\/wp-content\/uploads\/2021\/06\/laser-technology-2.jpg 1180w, https:\/\/www.comau.com\/wp-content\/uploads\/2021\/06\/laser-technology-2-300x154.jpg 300w, https:\/\/www.comau.com\/wp-content\/uploads\/2021\/06\/laser-technology-2-1024x526.jpg 1024w, https:\/\/www.comau.com\/wp-content\/uploads\/2021\/06\/laser-technology-2-768x394.jpg 768w\" sizes=\"(max-width: 1180px) 100vw, 1180px\" \/><\/figure><\/div><div class=\"wp-block-getwid-images-slider__item\"><figure><img decoding=\"async\" width=\"1180\" height=\"606\" src=\"https:\/\/www.comau.com\/wp-content\/uploads\/2021\/06\/laser-technology-3.jpg\" data-id=\"507\" data-link=\"https:\/\/www.comau.com\/competencies\/body-assembly\/technologies\/laser-technology\/laser-technology-3\/\" data-original-link=\"https:\/\/www.comau.com\/wp-content\/uploads\/2021\/06\/laser-technology-3.jpg\" class=\"wp-block-getwid-images-slider__image wp-image-5191\" srcset=\"https:\/\/www.comau.com\/wp-content\/uploads\/2021\/06\/laser-technology-3.jpg 1180w, https:\/\/www.comau.com\/wp-content\/uploads\/2021\/06\/laser-technology-3-300x154.jpg 300w, https:\/\/www.comau.com\/wp-content\/uploads\/2021\/06\/laser-technology-3-1024x526.jpg 1024w, https:\/\/www.comau.com\/wp-content\/uploads\/2021\/06\/laser-technology-3-768x394.jpg 768w\" sizes=\"(max-width: 1180px) 100vw, 1180px\" \/><\/figure><\/div><\/div><\/div>\n\n\n\n<figure class=\"wp-block-embed is-type-video is-provider-youtube wp-block-embed-youtube wp-embed-aspect-16-9 wp-has-aspect-ratio\"><div class=\"wp-block-embed__wrapper\">\n<iframe title=\"Comau 2014 Front End Line FCA SATA Plant Melfi\" width=\"640\" height=\"360\" src=\"https:\/\/www.youtube.com\/embed\/hTVCNBMAzHc?feature=oembed\" frameborder=\"0\" allow=\"accelerometer; autoplay; clipboard-write; encrypted-media; gyroscope; picture-in-picture; web-share\" referrerpolicy=\"strict-origin-when-cross-origin\" allowfullscreen><\/iframe>\n<\/div><\/figure>\n\n\n\n<figure class=\"wp-block-embed is-type-video is-provider-youtube wp-block-embed-youtube wp-embed-aspect-16-9 wp-has-aspect-ratio\"><div class=\"wp-block-embed__wrapper\">\n<iframe title=\"Comau 2014 Tail Gate FCA SATA Plant Melfi\" width=\"640\" height=\"360\" src=\"https:\/\/www.youtube.com\/embed\/SbhMUhM2eUo?feature=oembed\" frameborder=\"0\" allow=\"accelerometer; autoplay; clipboard-write; encrypted-media; gyroscope; picture-in-picture; web-share\" referrerpolicy=\"strict-origin-when-cross-origin\" allowfullscreen><\/iframe>\n<\/div><\/figure>\n\n\n\n<figure class=\"wp-block-embed is-type-video is-provider-youtube wp-block-embed-youtube wp-embed-aspect-16-9 wp-has-aspect-ratio\"><div class=\"wp-block-embed__wrapper\">\n<iframe title=\"Comau 2014 SmartLaser FCA SATA Plant Melfi\" width=\"640\" height=\"360\" src=\"https:\/\/www.youtube.com\/embed\/j8FJbOx12h0?feature=oembed\" frameborder=\"0\" allow=\"accelerometer; autoplay; clipboard-write; encrypted-media; gyroscope; picture-in-picture; web-share\" referrerpolicy=\"strict-origin-when-cross-origin\" allowfullscreen><\/iframe>\n<\/div><\/figure>\n","protected":false},"excerpt":{"rendered":"<p>Expertise Com mais de 4 d\u00e9cadas de experi\u00eancia em Automa\u00e7\u00e3o Industrial avan\u00e7ada, o foco da Comau em inova\u00e7\u00e3o inclui estandardiza\u00e7\u00e3o dos sistemas de laser flex\u00edveis que aumentam a qualidade dos processos e n\u00edveis de produtividade. A compet\u00eancia na defini\u00e7\u00e3o dos processos e no design espec\u00edfico de ferramentas amplia o nosso portif\u00f3lio de solu\u00e7\u00f5es, capaz de [&hellip;]<\/p>\n","protected":false},"author":11,"featured_media":5188,"parent":5151,"menu_order":0,"comment_status":"closed","ping_status":"closed","template":"","meta":{"_acf_changed":false,"ep_exclude_from_search":false,"footnotes":""},"class_list":["post-5156","page","type-page","status-publish","has-post-thumbnail","hentry"],"acf":[],"yoast_head":"<!-- This site is optimized with the Yoast SEO plugin v26.9 - https:\/\/yoast.com\/product\/yoast-seo-wordpress\/ -->\n<title>Soldagem a laser: tecnologia e sistema patenteado | Comau<\/title>\n<meta name=\"description\" content=\"Supreenda-se com a tecnologia de soldagem a laser patenteada da Comau. Nossa aplica\u00e7\u00e3o de laser \u00e9 vers\u00e1til, reduz o tempo e aumenta a qualidade da soldagem\" \/>\n<meta name=\"robots\" content=\"index, follow, max-snippet:-1, max-image-preview:large, max-video-preview:-1\" \/>\n<link rel=\"canonical\" href=\"https:\/\/www.comau.com\/pt-br\/competencies\/body-assembly\/technologies\/laser-technology\/\" \/>\n<meta property=\"og:locale\" content=\"pt_BR\" \/>\n<meta property=\"og:type\" content=\"article\" \/>\n<meta property=\"og:title\" content=\"Soldagem a laser: tecnologia e sistema patenteado | Comau\" \/>\n<meta property=\"og:description\" content=\"Supreenda-se com a tecnologia de soldagem a laser patenteada da Comau. Nossa aplica\u00e7\u00e3o de laser \u00e9 vers\u00e1til, reduz o tempo e aumenta a qualidade da soldagem\" \/>\n<meta property=\"og:url\" content=\"https:\/\/www.comau.com\/pt-br\/competencies\/body-assembly\/technologies\/laser-technology\/\" \/>\n<meta property=\"og:site_name\" content=\"Comau\" \/>\n<meta property=\"article:publisher\" content=\"https:\/\/www.facebook.com\/COMAU\/\" \/>\n<meta property=\"article:modified_time\" content=\"2022-02-08T08:32:16+00:00\" \/>\n<meta property=\"og:image\" content=\"https:\/\/www.comau.com\/wp-content\/uploads\/2021\/06\/laser-tech_header.jpg\" \/>\n\t<meta property=\"og:image:width\" content=\"1280\" \/>\n\t<meta property=\"og:image:height\" content=\"485\" \/>\n\t<meta property=\"og:image:type\" content=\"image\/jpeg\" \/>\n<meta name=\"twitter:card\" content=\"summary_large_image\" \/>\n<meta name=\"twitter:site\" content=\"@comaugroup\" \/>\n<meta name=\"twitter:label1\" content=\"Est. tempo de leitura\" \/>\n\t<meta name=\"twitter:data1\" content=\"2 minutos\" \/>\n<script type=\"application\/ld+json\" class=\"yoast-schema-graph\">{\"@context\":\"https:\/\/schema.org\",\"@graph\":[{\"@type\":\"WebPage\",\"@id\":\"https:\/\/www.comau.com\/pt-br\/competencies\/body-assembly\/technologies\/laser-technology\/\",\"url\":\"https:\/\/www.comau.com\/pt-br\/competencies\/body-assembly\/technologies\/laser-technology\/\",\"name\":\"Soldagem a laser: tecnologia e sistema patenteado | Comau\",\"isPartOf\":{\"@id\":\"https:\/\/www.comau.com\/pt-br\/#website\"},\"primaryImageOfPage\":{\"@id\":\"https:\/\/www.comau.com\/pt-br\/competencies\/body-assembly\/technologies\/laser-technology\/#primaryimage\"},\"image\":{\"@id\":\"https:\/\/www.comau.com\/pt-br\/competencies\/body-assembly\/technologies\/laser-technology\/#primaryimage\"},\"thumbnailUrl\":\"https:\/\/www.comau.com\/wp-content\/uploads\/2021\/06\/laser-tech_header.jpg\",\"datePublished\":\"2021-06-07T16:22:19+00:00\",\"dateModified\":\"2022-02-08T08:32:16+00:00\",\"description\":\"Supreenda-se com a tecnologia de soldagem a laser patenteada da Comau. Nossa aplica\u00e7\u00e3o de laser \u00e9 vers\u00e1til, reduz o tempo e aumenta a qualidade da soldagem\",\"breadcrumb\":{\"@id\":\"https:\/\/www.comau.com\/pt-br\/competencies\/body-assembly\/technologies\/laser-technology\/#breadcrumb\"},\"inLanguage\":\"pt-BR\",\"potentialAction\":[{\"@type\":\"ReadAction\",\"target\":[\"https:\/\/www.comau.com\/pt-br\/competencies\/body-assembly\/technologies\/laser-technology\/\"]}]},{\"@type\":\"ImageObject\",\"inLanguage\":\"pt-BR\",\"@id\":\"https:\/\/www.comau.com\/pt-br\/competencies\/body-assembly\/technologies\/laser-technology\/#primaryimage\",\"url\":\"https:\/\/www.comau.com\/wp-content\/uploads\/2021\/06\/laser-tech_header.jpg\",\"contentUrl\":\"https:\/\/www.comau.com\/wp-content\/uploads\/2021\/06\/laser-tech_header.jpg\",\"width\":1280,\"height\":485},{\"@type\":\"BreadcrumbList\",\"@id\":\"https:\/\/www.comau.com\/pt-br\/competencies\/body-assembly\/technologies\/laser-technology\/#breadcrumb\",\"itemListElement\":[{\"@type\":\"ListItem\",\"position\":1,\"name\":\"Home\",\"item\":\"https:\/\/www.comau.com\/pt-br\/\"},{\"@type\":\"ListItem\",\"position\":2,\"name\":\"Nossas Compet\u00eancias\",\"item\":\"https:\/\/www.comau.com\/pt-br\/competencies\/\"},{\"@type\":\"ListItem\",\"position\":3,\"name\":\"Body Assembly\",\"item\":\"https:\/\/www.comau.com\/pt-br\/competencies\/body-assembly\/\"},{\"@type\":\"ListItem\",\"position\":4,\"name\":\"Tecnologias\",\"item\":\"https:\/\/www.comau.com\/pt-br\/competencies\/body-assembly\/technologies\/\"},{\"@type\":\"ListItem\",\"position\":5,\"name\":\"Tecnologia Laser\"}]},{\"@type\":\"WebSite\",\"@id\":\"https:\/\/www.comau.com\/pt-br\/#website\",\"url\":\"https:\/\/www.comau.com\/pt-br\/\",\"name\":\"Comau\",\"description\":\"Industrial automation and robotics\",\"publisher\":{\"@id\":\"https:\/\/www.comau.com\/pt-br\/#organization\"},\"potentialAction\":[{\"@type\":\"SearchAction\",\"target\":{\"@type\":\"EntryPoint\",\"urlTemplate\":\"https:\/\/www.comau.com\/pt-br\/?s={search_term_string}\"},\"query-input\":{\"@type\":\"PropertyValueSpecification\",\"valueRequired\":true,\"valueName\":\"search_term_string\"}}],\"inLanguage\":\"pt-BR\"},{\"@type\":\"Organization\",\"@id\":\"https:\/\/www.comau.com\/pt-br\/#organization\",\"name\":\"Comau\",\"url\":\"https:\/\/www.comau.com\/pt-br\/\",\"logo\":{\"@type\":\"ImageObject\",\"inLanguage\":\"pt-BR\",\"@id\":\"https:\/\/www.comau.com\/pt-br\/#\/schema\/logo\/image\/\",\"url\":\"https:\/\/www.comau.com\/wp-content\/uploads\/2024\/07\/cropped-Logo-COMAU.png\",\"contentUrl\":\"https:\/\/www.comau.com\/wp-content\/uploads\/2024\/07\/cropped-Logo-COMAU.png\",\"width\":434,\"height\":434,\"caption\":\"Comau\"},\"image\":{\"@id\":\"https:\/\/www.comau.com\/pt-br\/#\/schema\/logo\/image\/\"},\"sameAs\":[\"https:\/\/www.facebook.com\/COMAU\/\",\"https:\/\/x.com\/comaugroup\",\"https:\/\/www.instagram.com\/comaugroup\/\",\"https:\/\/www.linkedin.com\/company\/comau\",\"https:\/\/www.youtube.com\/user\/comau\"]}]}<\/script>\n<!-- \/ Yoast SEO plugin. -->","yoast_head_json":{"title":"Soldagem a laser: tecnologia e sistema patenteado | Comau","description":"Supreenda-se com a tecnologia de soldagem a laser patenteada da Comau. Nossa aplica\u00e7\u00e3o de laser \u00e9 vers\u00e1til, reduz o tempo e aumenta a qualidade da soldagem","robots":{"index":"index","follow":"follow","max-snippet":"max-snippet:-1","max-image-preview":"max-image-preview:large","max-video-preview":"max-video-preview:-1"},"canonical":"https:\/\/www.comau.com\/pt-br\/competencies\/body-assembly\/technologies\/laser-technology\/","og_locale":"pt_BR","og_type":"article","og_title":"Soldagem a laser: tecnologia e sistema patenteado | Comau","og_description":"Supreenda-se com a tecnologia de soldagem a laser patenteada da Comau. Nossa aplica\u00e7\u00e3o de laser \u00e9 vers\u00e1til, reduz o tempo e aumenta a qualidade da soldagem","og_url":"https:\/\/www.comau.com\/pt-br\/competencies\/body-assembly\/technologies\/laser-technology\/","og_site_name":"Comau","article_publisher":"https:\/\/www.facebook.com\/COMAU\/","article_modified_time":"2022-02-08T08:32:16+00:00","og_image":[{"width":1280,"height":485,"url":"https:\/\/www.comau.com\/wp-content\/uploads\/2021\/06\/laser-tech_header.jpg","type":"image\/jpeg"}],"twitter_card":"summary_large_image","twitter_site":"@comaugroup","twitter_misc":{"Est. tempo de leitura":"2 minutos"},"schema":{"@context":"https:\/\/schema.org","@graph":[{"@type":"WebPage","@id":"https:\/\/www.comau.com\/pt-br\/competencies\/body-assembly\/technologies\/laser-technology\/","url":"https:\/\/www.comau.com\/pt-br\/competencies\/body-assembly\/technologies\/laser-technology\/","name":"Soldagem a laser: tecnologia e sistema patenteado | Comau","isPartOf":{"@id":"https:\/\/www.comau.com\/pt-br\/#website"},"primaryImageOfPage":{"@id":"https:\/\/www.comau.com\/pt-br\/competencies\/body-assembly\/technologies\/laser-technology\/#primaryimage"},"image":{"@id":"https:\/\/www.comau.com\/pt-br\/competencies\/body-assembly\/technologies\/laser-technology\/#primaryimage"},"thumbnailUrl":"https:\/\/www.comau.com\/wp-content\/uploads\/2021\/06\/laser-tech_header.jpg","datePublished":"2021-06-07T16:22:19+00:00","dateModified":"2022-02-08T08:32:16+00:00","description":"Supreenda-se com a tecnologia de soldagem a laser patenteada da Comau. Nossa aplica\u00e7\u00e3o de laser \u00e9 vers\u00e1til, reduz o tempo e aumenta a qualidade da soldagem","breadcrumb":{"@id":"https:\/\/www.comau.com\/pt-br\/competencies\/body-assembly\/technologies\/laser-technology\/#breadcrumb"},"inLanguage":"pt-BR","potentialAction":[{"@type":"ReadAction","target":["https:\/\/www.comau.com\/pt-br\/competencies\/body-assembly\/technologies\/laser-technology\/"]}]},{"@type":"ImageObject","inLanguage":"pt-BR","@id":"https:\/\/www.comau.com\/pt-br\/competencies\/body-assembly\/technologies\/laser-technology\/#primaryimage","url":"https:\/\/www.comau.com\/wp-content\/uploads\/2021\/06\/laser-tech_header.jpg","contentUrl":"https:\/\/www.comau.com\/wp-content\/uploads\/2021\/06\/laser-tech_header.jpg","width":1280,"height":485},{"@type":"BreadcrumbList","@id":"https:\/\/www.comau.com\/pt-br\/competencies\/body-assembly\/technologies\/laser-technology\/#breadcrumb","itemListElement":[{"@type":"ListItem","position":1,"name":"Home","item":"https:\/\/www.comau.com\/pt-br\/"},{"@type":"ListItem","position":2,"name":"Nossas Compet\u00eancias","item":"https:\/\/www.comau.com\/pt-br\/competencies\/"},{"@type":"ListItem","position":3,"name":"Body Assembly","item":"https:\/\/www.comau.com\/pt-br\/competencies\/body-assembly\/"},{"@type":"ListItem","position":4,"name":"Tecnologias","item":"https:\/\/www.comau.com\/pt-br\/competencies\/body-assembly\/technologies\/"},{"@type":"ListItem","position":5,"name":"Tecnologia Laser"}]},{"@type":"WebSite","@id":"https:\/\/www.comau.com\/pt-br\/#website","url":"https:\/\/www.comau.com\/pt-br\/","name":"Comau","description":"Industrial automation and robotics","publisher":{"@id":"https:\/\/www.comau.com\/pt-br\/#organization"},"potentialAction":[{"@type":"SearchAction","target":{"@type":"EntryPoint","urlTemplate":"https:\/\/www.comau.com\/pt-br\/?s={search_term_string}"},"query-input":{"@type":"PropertyValueSpecification","valueRequired":true,"valueName":"search_term_string"}}],"inLanguage":"pt-BR"},{"@type":"Organization","@id":"https:\/\/www.comau.com\/pt-br\/#organization","name":"Comau","url":"https:\/\/www.comau.com\/pt-br\/","logo":{"@type":"ImageObject","inLanguage":"pt-BR","@id":"https:\/\/www.comau.com\/pt-br\/#\/schema\/logo\/image\/","url":"https:\/\/www.comau.com\/wp-content\/uploads\/2024\/07\/cropped-Logo-COMAU.png","contentUrl":"https:\/\/www.comau.com\/wp-content\/uploads\/2024\/07\/cropped-Logo-COMAU.png","width":434,"height":434,"caption":"Comau"},"image":{"@id":"https:\/\/www.comau.com\/pt-br\/#\/schema\/logo\/image\/"},"sameAs":["https:\/\/www.facebook.com\/COMAU\/","https:\/\/x.com\/comaugroup","https:\/\/www.instagram.com\/comaugroup\/","https:\/\/www.linkedin.com\/company\/comau","https:\/\/www.youtube.com\/user\/comau"]}]}},"_links":{"self":[{"href":"https:\/\/www.comau.com\/pt-br\/wp-json\/wp\/v2\/pages\/5156","targetHints":{"allow":["GET"]}}],"collection":[{"href":"https:\/\/www.comau.com\/pt-br\/wp-json\/wp\/v2\/pages"}],"about":[{"href":"https:\/\/www.comau.com\/pt-br\/wp-json\/wp\/v2\/types\/page"}],"author":[{"embeddable":true,"href":"https:\/\/www.comau.com\/pt-br\/wp-json\/wp\/v2\/users\/11"}],"replies":[{"embeddable":true,"href":"https:\/\/www.comau.com\/pt-br\/wp-json\/wp\/v2\/comments?post=5156"}],"version-history":[{"count":14,"href":"https:\/\/www.comau.com\/pt-br\/wp-json\/wp\/v2\/pages\/5156\/revisions"}],"predecessor-version":[{"id":42090,"href":"https:\/\/www.comau.com\/pt-br\/wp-json\/wp\/v2\/pages\/5156\/revisions\/42090"}],"up":[{"embeddable":true,"href":"https:\/\/www.comau.com\/pt-br\/wp-json\/wp\/v2\/pages\/5151"}],"wp:featuredmedia":[{"embeddable":true,"href":"https:\/\/www.comau.com\/pt-br\/wp-json\/wp\/v2\/media\/5188"}],"wp:attachment":[{"href":"https:\/\/www.comau.com\/pt-br\/wp-json\/wp\/v2\/media?parent=5156"}],"curies":[{"name":"wp","href":"https:\/\/api.w.org\/{rel}","templated":true}]}}