{"id":5151,"date":"2021-07-01T01:02:40","date_gmt":"2021-06-30T23:02:40","guid":{"rendered":"https:\/\/www.comau.com\/?page_id=5151"},"modified":"2022-02-08T09:31:55","modified_gmt":"2022-02-08T08:31:55","slug":"technologies","status":"publish","type":"page","link":"https:\/\/www.comau.com\/pt-br\/competencies\/body-assembly\/technologies\/","title":{"rendered":"Tecnologias"},"content":{"rendered":"\n<h2 class=\"wp-block-heading\" id=\"montagem-de-alta-performance\">Montagem de alta-performance<\/h2>\n\n\n\n<p>Estabelecer a refer\u00eancia em sistemas avan\u00e7ados de automa\u00e7\u00e3o para empresas de todos os tamanhos \u00e9 o que a Comau faz melhor. Desde sistemas vers\u00e1teis \u00e0 laser em 3D e processos de corte robotizados, at\u00e9 solu\u00e7\u00f5es avan\u00e7adas de jun\u00e7\u00e3o, e de roller hemming at\u00e9 paletiza\u00e7\u00e3o e sistemas de transfer\u00eancia, as tecnologias inovadoras da Comau fornecem efici\u00eancia, flexibilidade, durabilidade e um r\u00e1pido retorno do investimento.<\/p>\n\n\n\n<h3 class=\"wp-block-heading\" id=\"nossa-expertise\">Nossa expertise:<\/h3>\n\n\n\n<ul class=\"wp-block-list\"><li><strong>Tecnologia a Laser<\/strong><br>Solda a laser, brasagem e tecnologias de corte combinam velocidade, precis\u00e3o e flexibilidade com facilidade de uso e alto rendimento, permitindo que voc\u00ea atinja metas de produ\u00e7\u00e3o cada vez mais apertadas e padr\u00f5es de qualidade mais rigorosos. Nossa tecnologia a laser tamb\u00e9m garante \u00f3tima produtividade ao lidar com objetos complexos ou tridimensionais.<\/li><li><strong>Solda de ponto<\/strong><br>Solda de alta densidade (HDW) permite at\u00e9 18 rob\u00f4s, que soldam simultaneamente em uma esta\u00e7\u00e3o, dispensando a mais alta quantidade de pontos com o menor impacto operacional.<\/li><li><strong>Tecnologia de Arco<\/strong><br>Nossas 4 d\u00e9cadas de experi\u00eancia em Automotivos fazem da Comau o parceiro certo para fornecer solu\u00e7\u00f5es rob\u00f3ticas autom\u00e1ticas prontas para uso para aplica\u00e7\u00f5es de brasagem MIG, soldagem MAG e corte de plasma. Nossos Engenheiros S\u00eaniores (IW, IWT) d\u00e3o suporte aos nossos Clientes no desenvolvimento de sistemas flex\u00edveis e inovadores, com alta produtividade e qualidade de processo.<\/li><li><strong>Rebitagem e Fixa\u00e7\u00e3o<\/strong><br>Solu\u00e7\u00f5es autom\u00e1ticas, semiautom\u00e1ticas e manuais que lhe permitem acrescentar rapidamente novos materiais leves e tecnologias inovadoras de  jun\u00e7\u00e3o ao seu processo de fabrica\u00e7\u00e3o. <\/li><li><strong>Vis\u00e3o e Controle<\/strong><br>De rob\u00f4s com orienta\u00e7\u00e3o 2D\/3D com reconhecimento visual real, at\u00e9 medi\u00e7\u00e3o melhorada e controle dimensional avan\u00e7ado e em linha. Nossa tecnologia em sistemas de vis\u00e3o incorpora algoritmos poderosos baseados em objetos e processadores, para melhorar a manipula\u00e7\u00e3o, o monitoramento da qualidade, an\u00e1lises de gap &amp; flush, inspe\u00e7\u00e3o geom\u00e9trica e mais. <\/li><\/ul>\n\n\n\n<h2 class=\"wp-block-heading\" id=\"paletizacao-e-transferencia\">Paletiza\u00e7\u00e3o e Transfer\u00eancia<\/h2>\n\n\n\n<p>Mais velocidade, mais desempenho, menos consumo de combust\u00edvel. De transportadores aut\u00f4nomos e sistemas de transfer\u00eancia de paletes e at\u00e9 solu\u00e7\u00f5es de transfer\u00eancia automatizadas em linha, inova\u00e7\u00e3o e excel\u00eancia andam de m\u00e3os dadas. <\/p>\n\n\n\n<h3 class=\"wp-block-heading\" id=\"nossa-expertise\">Nossa expertise:<\/h3>\n\n\n\n<ul class=\"wp-block-list\"><li><strong>Transportadores padr\u00e3o<\/strong><\/li><li><strong>Transportadores de paletes Acumulados<\/strong><\/li><li><strong>Alimenta\u00e7\u00e3o autom\u00e1tica de linha<\/strong><\/li><li><strong>Sistemas de transfer\u00eancia em linha<\/strong><\/li><\/ul>\n\n\n\n<h2 class=\"wp-block-heading\" id=\"lightweight-manufacturing\">Lightweight Manufacturing<\/h2>\n\n\n\n<p>Nossa compet\u00eancia de classe mundial e inova\u00e7\u00e3o tecnol\u00f3gica na fabrica\u00e7\u00e3o de materiais leves \u00e9 atualmente a raz\u00e3o porque os mais importantes fabricantes de autom\u00f3veis escolhem a Comau como sua parceira de confian\u00e7a para manufatura.  <\/p>\n\n\n\n<h3 class=\"wp-block-heading\" id=\"nossa-expertise\">Nossa expertise:<\/h3>\n\n\n\n<ul class=\"wp-block-list\"><li><strong>Flexibilidade de modelos com sequenciamento aleat\u00f3rio de constru\u00e7\u00e3o<\/strong><\/li><li><strong>Flexibilidade de volume<\/strong><\/li><li><strong>V\u00e1rios materiais e m\u00e9todos de jun\u00e7\u00e3o<\/strong><\/li><li><strong>Log\u00edstica otimizada e reduzido fluxo de tr\u00e1fego<\/strong><\/li><li><strong>Consolida\u00e7\u00e3o de coloca\u00e7\u00e3o de m\u00e3o de obra direta<\/strong><\/li><li><strong>Programa de tempo comprimido<\/strong><\/li><li><strong>Impacto nas instala\u00e7\u00f5es reduzido<\/strong><\/li><\/ul>\n\n\n\n<div class=\"wp-block-columns columns-bg-dark is-layout-flex wp-container-core-columns-is-layout-9d6595d7 wp-block-columns-is-layout-flex\">\n<div class=\"wp-block-column is-layout-flow wp-block-column-is-layout-flow\">\n<h2 class=\"wp-block-heading\" id=\"foco-em-roller-hemming\">Foco em: Roller Hemming<\/h2>\n\n\n\n<p>Oferecendo flexibilidade avan\u00e7ada e for\u00e7a de push-pull em costura, o RHEvo solu\u00e7\u00e3o em roller hemming completa consistentemente e confiavelmente todo o ciclo de costura em apenas dois passos, sem sacrif\u00edcio de velocidade ou precis\u00e3o.<\/p>\n\n\n\n<div class=\"wp-block-buttons is-layout-flex wp-block-buttons-is-layout-flex\">\n<div class=\"wp-block-button\"><a class=\"wp-block-button__link\" href=\"https:\/\/www.comau.com\/pt-br\/competencies\/body-assembly\/products\/rhevo\/\">Saiba mais<\/a><\/div>\n<\/div>\n<\/div>\n\n\n\n<div class=\"wp-block-column is-layout-flow wp-block-column-is-layout-flow\">\n<h2 class=\"wp-block-heading\" id=\"foco-em-tecnologia-a-laser\">Foco em: Tecnologia a Laser<\/h2>\n\n\n\n<p>Nossa tecnologia a laser patenteada combina a precis\u00e3o e a versatilidade da rob\u00f3tica com a alta velocidade e extrema precis\u00e3o dos lasers para desempenho otimizado, flexibilidade e qualidade.<\/p>\n\n\n\n<div class=\"wp-block-buttons is-layout-flex wp-block-buttons-is-layout-flex\">\n<div class=\"wp-block-button\"><a class=\"wp-block-button__link\" href=\"https:\/\/www.comau.com\/pt-br\/competencies\/body-assembly\/technologies\/laser-technology\/\">Saiba mais<\/a><\/div>\n<\/div>\n<\/div>\n\n\n\n<div class=\"wp-block-column is-layout-flow wp-block-column-is-layout-flow\">\n<h2 class=\"wp-block-heading\" id=\"foco-em-tecnologia-de-solda-de-pontos\">Foco em: tecnologia de solda de pontos<\/h2>\n\n\n\n<p>Produtividade, confiabilidade e elementos integrados s\u00e3o os elementos chave que nossa tecnologia de solta de pontos oferece, o que inclui um sistema leve e compacto, capaz de sustentar cargas altas, a altas velocidades.<\/p>\n\n\n\n<div class=\"wp-block-buttons is-layout-flex wp-block-buttons-is-layout-flex\">\n<div class=\"wp-block-button\"><a class=\"wp-block-button__link\" href=\"https:\/\/www.comau.com\/pt-br\/competencies\/body-assembly\/products\/spot-welding-machine\/\">Saiba mais<\/a><\/div>\n<\/div>\n<\/div>\n<\/div>\n","protected":false},"excerpt":{"rendered":"<p>Montagem de alta-performance Estabelecer a refer\u00eancia em sistemas avan\u00e7ados de automa\u00e7\u00e3o para empresas de todos os tamanhos \u00e9 o que a Comau faz melhor. Desde sistemas vers\u00e1teis \u00e0 laser em 3D e processos de corte robotizados, at\u00e9 solu\u00e7\u00f5es avan\u00e7adas de jun\u00e7\u00e3o, e de roller hemming at\u00e9 paletiza\u00e7\u00e3o e sistemas de transfer\u00eancia, as tecnologias inovadoras da [&hellip;]<\/p>\n","protected":false},"author":11,"featured_media":5166,"parent":4813,"menu_order":2,"comment_status":"closed","ping_status":"closed","template":"","meta":{"_acf_changed":false,"ep_exclude_from_search":false,"footnotes":""},"class_list":["post-5151","page","type-page","status-publish","has-post-thumbnail","hentry"],"acf":[],"yoast_head":"<!-- This site is optimized with the Yoast SEO plugin v26.9 - https:\/\/yoast.com\/product\/yoast-seo-wordpress\/ -->\n<title>Tecnologias: soldagem a arco e linhas de soldagem | Comau<\/title>\n<meta name=\"description\" content=\"Encontre nossa se\u00e7\u00e3o dedicada a tecnologias para processos de produ\u00e7\u00e3o avan\u00e7ados, inclui linhas de soldagem automatizadas e soldagem a arco.\" \/>\n<meta name=\"robots\" content=\"index, follow, max-snippet:-1, max-image-preview:large, max-video-preview:-1\" \/>\n<link rel=\"canonical\" href=\"https:\/\/www.comau.com\/pt-br\/competencies\/body-assembly\/technologies\/\" \/>\n<meta property=\"og:locale\" content=\"pt_BR\" \/>\n<meta property=\"og:type\" content=\"article\" \/>\n<meta property=\"og:title\" content=\"Tecnologias: soldagem a arco e linhas de soldagem | Comau\" \/>\n<meta property=\"og:description\" content=\"Encontre nossa se\u00e7\u00e3o dedicada a tecnologias para processos de produ\u00e7\u00e3o avan\u00e7ados, inclui linhas de soldagem automatizadas e soldagem a arco.\" \/>\n<meta property=\"og:url\" content=\"https:\/\/www.comau.com\/pt-br\/competencies\/body-assembly\/technologies\/\" \/>\n<meta property=\"og:site_name\" content=\"Comau\" \/>\n<meta property=\"article:publisher\" content=\"https:\/\/www.facebook.com\/COMAU\/\" \/>\n<meta property=\"article:modified_time\" content=\"2022-02-08T08:31:55+00:00\" \/>\n<meta property=\"og:image\" content=\"https:\/\/www.comau.com\/wp-content\/uploads\/2021\/06\/BA_header-1.jpg\" \/>\n\t<meta property=\"og:image:width\" content=\"1280\" \/>\n\t<meta property=\"og:image:height\" content=\"485\" \/>\n\t<meta property=\"og:image:type\" content=\"image\/jpeg\" \/>\n<meta name=\"twitter:card\" content=\"summary_large_image\" \/>\n<meta name=\"twitter:site\" content=\"@comaugroup\" \/>\n<meta name=\"twitter:label1\" content=\"Est. tempo de leitura\" \/>\n\t<meta name=\"twitter:data1\" content=\"3 minutos\" \/>\n<script type=\"application\/ld+json\" class=\"yoast-schema-graph\">{\"@context\":\"https:\/\/schema.org\",\"@graph\":[{\"@type\":\"WebPage\",\"@id\":\"https:\/\/www.comau.com\/pt-br\/competencies\/body-assembly\/technologies\/\",\"url\":\"https:\/\/www.comau.com\/pt-br\/competencies\/body-assembly\/technologies\/\",\"name\":\"Tecnologias: soldagem a arco e linhas de soldagem | Comau\",\"isPartOf\":{\"@id\":\"https:\/\/www.comau.com\/pt-br\/#website\"},\"primaryImageOfPage\":{\"@id\":\"https:\/\/www.comau.com\/pt-br\/competencies\/body-assembly\/technologies\/#primaryimage\"},\"image\":{\"@id\":\"https:\/\/www.comau.com\/pt-br\/competencies\/body-assembly\/technologies\/#primaryimage\"},\"thumbnailUrl\":\"https:\/\/www.comau.com\/wp-content\/uploads\/2021\/06\/BA_header-1.jpg\",\"datePublished\":\"2021-06-30T23:02:40+00:00\",\"dateModified\":\"2022-02-08T08:31:55+00:00\",\"description\":\"Encontre nossa se\u00e7\u00e3o dedicada a tecnologias para processos de produ\u00e7\u00e3o avan\u00e7ados, inclui linhas de soldagem automatizadas e soldagem a arco.\",\"breadcrumb\":{\"@id\":\"https:\/\/www.comau.com\/pt-br\/competencies\/body-assembly\/technologies\/#breadcrumb\"},\"inLanguage\":\"pt-BR\",\"potentialAction\":[{\"@type\":\"ReadAction\",\"target\":[\"https:\/\/www.comau.com\/pt-br\/competencies\/body-assembly\/technologies\/\"]}]},{\"@type\":\"ImageObject\",\"inLanguage\":\"pt-BR\",\"@id\":\"https:\/\/www.comau.com\/pt-br\/competencies\/body-assembly\/technologies\/#primaryimage\",\"url\":\"https:\/\/www.comau.com\/wp-content\/uploads\/2021\/06\/BA_header-1.jpg\",\"contentUrl\":\"https:\/\/www.comau.com\/wp-content\/uploads\/2021\/06\/BA_header-1.jpg\",\"width\":1280,\"height\":485},{\"@type\":\"BreadcrumbList\",\"@id\":\"https:\/\/www.comau.com\/pt-br\/competencies\/body-assembly\/technologies\/#breadcrumb\",\"itemListElement\":[{\"@type\":\"ListItem\",\"position\":1,\"name\":\"Home\",\"item\":\"https:\/\/www.comau.com\/pt-br\/\"},{\"@type\":\"ListItem\",\"position\":2,\"name\":\"Nossas Compet\u00eancias\",\"item\":\"https:\/\/www.comau.com\/pt-br\/competencies\/\"},{\"@type\":\"ListItem\",\"position\":3,\"name\":\"Body Assembly\",\"item\":\"https:\/\/www.comau.com\/pt-br\/competencies\/body-assembly\/\"},{\"@type\":\"ListItem\",\"position\":4,\"name\":\"Tecnologias\"}]},{\"@type\":\"WebSite\",\"@id\":\"https:\/\/www.comau.com\/pt-br\/#website\",\"url\":\"https:\/\/www.comau.com\/pt-br\/\",\"name\":\"Comau\",\"description\":\"Industrial automation and robotics\",\"publisher\":{\"@id\":\"https:\/\/www.comau.com\/pt-br\/#organization\"},\"potentialAction\":[{\"@type\":\"SearchAction\",\"target\":{\"@type\":\"EntryPoint\",\"urlTemplate\":\"https:\/\/www.comau.com\/pt-br\/?s={search_term_string}\"},\"query-input\":{\"@type\":\"PropertyValueSpecification\",\"valueRequired\":true,\"valueName\":\"search_term_string\"}}],\"inLanguage\":\"pt-BR\"},{\"@type\":\"Organization\",\"@id\":\"https:\/\/www.comau.com\/pt-br\/#organization\",\"name\":\"Comau\",\"url\":\"https:\/\/www.comau.com\/pt-br\/\",\"logo\":{\"@type\":\"ImageObject\",\"inLanguage\":\"pt-BR\",\"@id\":\"https:\/\/www.comau.com\/pt-br\/#\/schema\/logo\/image\/\",\"url\":\"https:\/\/www.comau.com\/wp-content\/uploads\/2024\/07\/cropped-Logo-COMAU.png\",\"contentUrl\":\"https:\/\/www.comau.com\/wp-content\/uploads\/2024\/07\/cropped-Logo-COMAU.png\",\"width\":434,\"height\":434,\"caption\":\"Comau\"},\"image\":{\"@id\":\"https:\/\/www.comau.com\/pt-br\/#\/schema\/logo\/image\/\"},\"sameAs\":[\"https:\/\/www.facebook.com\/COMAU\/\",\"https:\/\/x.com\/comaugroup\",\"https:\/\/www.instagram.com\/comaugroup\/\",\"https:\/\/www.linkedin.com\/company\/comau\",\"https:\/\/www.youtube.com\/user\/comau\"]}]}<\/script>\n<!-- \/ Yoast SEO plugin. -->","yoast_head_json":{"title":"Tecnologias: soldagem a arco e linhas de soldagem | Comau","description":"Encontre nossa se\u00e7\u00e3o dedicada a tecnologias para processos de produ\u00e7\u00e3o avan\u00e7ados, inclui linhas de soldagem automatizadas e soldagem a arco.","robots":{"index":"index","follow":"follow","max-snippet":"max-snippet:-1","max-image-preview":"max-image-preview:large","max-video-preview":"max-video-preview:-1"},"canonical":"https:\/\/www.comau.com\/pt-br\/competencies\/body-assembly\/technologies\/","og_locale":"pt_BR","og_type":"article","og_title":"Tecnologias: soldagem a arco e linhas de soldagem | Comau","og_description":"Encontre nossa se\u00e7\u00e3o dedicada a tecnologias para processos de produ\u00e7\u00e3o avan\u00e7ados, inclui linhas de soldagem automatizadas e soldagem a arco.","og_url":"https:\/\/www.comau.com\/pt-br\/competencies\/body-assembly\/technologies\/","og_site_name":"Comau","article_publisher":"https:\/\/www.facebook.com\/COMAU\/","article_modified_time":"2022-02-08T08:31:55+00:00","og_image":[{"width":1280,"height":485,"url":"https:\/\/www.comau.com\/wp-content\/uploads\/2021\/06\/BA_header-1.jpg","type":"image\/jpeg"}],"twitter_card":"summary_large_image","twitter_site":"@comaugroup","twitter_misc":{"Est. tempo de leitura":"3 minutos"},"schema":{"@context":"https:\/\/schema.org","@graph":[{"@type":"WebPage","@id":"https:\/\/www.comau.com\/pt-br\/competencies\/body-assembly\/technologies\/","url":"https:\/\/www.comau.com\/pt-br\/competencies\/body-assembly\/technologies\/","name":"Tecnologias: soldagem a arco e linhas de soldagem | Comau","isPartOf":{"@id":"https:\/\/www.comau.com\/pt-br\/#website"},"primaryImageOfPage":{"@id":"https:\/\/www.comau.com\/pt-br\/competencies\/body-assembly\/technologies\/#primaryimage"},"image":{"@id":"https:\/\/www.comau.com\/pt-br\/competencies\/body-assembly\/technologies\/#primaryimage"},"thumbnailUrl":"https:\/\/www.comau.com\/wp-content\/uploads\/2021\/06\/BA_header-1.jpg","datePublished":"2021-06-30T23:02:40+00:00","dateModified":"2022-02-08T08:31:55+00:00","description":"Encontre nossa se\u00e7\u00e3o dedicada a tecnologias para processos de produ\u00e7\u00e3o avan\u00e7ados, inclui linhas de soldagem automatizadas e soldagem a arco.","breadcrumb":{"@id":"https:\/\/www.comau.com\/pt-br\/competencies\/body-assembly\/technologies\/#breadcrumb"},"inLanguage":"pt-BR","potentialAction":[{"@type":"ReadAction","target":["https:\/\/www.comau.com\/pt-br\/competencies\/body-assembly\/technologies\/"]}]},{"@type":"ImageObject","inLanguage":"pt-BR","@id":"https:\/\/www.comau.com\/pt-br\/competencies\/body-assembly\/technologies\/#primaryimage","url":"https:\/\/www.comau.com\/wp-content\/uploads\/2021\/06\/BA_header-1.jpg","contentUrl":"https:\/\/www.comau.com\/wp-content\/uploads\/2021\/06\/BA_header-1.jpg","width":1280,"height":485},{"@type":"BreadcrumbList","@id":"https:\/\/www.comau.com\/pt-br\/competencies\/body-assembly\/technologies\/#breadcrumb","itemListElement":[{"@type":"ListItem","position":1,"name":"Home","item":"https:\/\/www.comau.com\/pt-br\/"},{"@type":"ListItem","position":2,"name":"Nossas Compet\u00eancias","item":"https:\/\/www.comau.com\/pt-br\/competencies\/"},{"@type":"ListItem","position":3,"name":"Body Assembly","item":"https:\/\/www.comau.com\/pt-br\/competencies\/body-assembly\/"},{"@type":"ListItem","position":4,"name":"Tecnologias"}]},{"@type":"WebSite","@id":"https:\/\/www.comau.com\/pt-br\/#website","url":"https:\/\/www.comau.com\/pt-br\/","name":"Comau","description":"Industrial automation and robotics","publisher":{"@id":"https:\/\/www.comau.com\/pt-br\/#organization"},"potentialAction":[{"@type":"SearchAction","target":{"@type":"EntryPoint","urlTemplate":"https:\/\/www.comau.com\/pt-br\/?s={search_term_string}"},"query-input":{"@type":"PropertyValueSpecification","valueRequired":true,"valueName":"search_term_string"}}],"inLanguage":"pt-BR"},{"@type":"Organization","@id":"https:\/\/www.comau.com\/pt-br\/#organization","name":"Comau","url":"https:\/\/www.comau.com\/pt-br\/","logo":{"@type":"ImageObject","inLanguage":"pt-BR","@id":"https:\/\/www.comau.com\/pt-br\/#\/schema\/logo\/image\/","url":"https:\/\/www.comau.com\/wp-content\/uploads\/2024\/07\/cropped-Logo-COMAU.png","contentUrl":"https:\/\/www.comau.com\/wp-content\/uploads\/2024\/07\/cropped-Logo-COMAU.png","width":434,"height":434,"caption":"Comau"},"image":{"@id":"https:\/\/www.comau.com\/pt-br\/#\/schema\/logo\/image\/"},"sameAs":["https:\/\/www.facebook.com\/COMAU\/","https:\/\/x.com\/comaugroup","https:\/\/www.instagram.com\/comaugroup\/","https:\/\/www.linkedin.com\/company\/comau","https:\/\/www.youtube.com\/user\/comau"]}]}},"_links":{"self":[{"href":"https:\/\/www.comau.com\/pt-br\/wp-json\/wp\/v2\/pages\/5151","targetHints":{"allow":["GET"]}}],"collection":[{"href":"https:\/\/www.comau.com\/pt-br\/wp-json\/wp\/v2\/pages"}],"about":[{"href":"https:\/\/www.comau.com\/pt-br\/wp-json\/wp\/v2\/types\/page"}],"author":[{"embeddable":true,"href":"https:\/\/www.comau.com\/pt-br\/wp-json\/wp\/v2\/users\/11"}],"replies":[{"embeddable":true,"href":"https:\/\/www.comau.com\/pt-br\/wp-json\/wp\/v2\/comments?post=5151"}],"version-history":[{"count":41,"href":"https:\/\/www.comau.com\/pt-br\/wp-json\/wp\/v2\/pages\/5151\/revisions"}],"predecessor-version":[{"id":42088,"href":"https:\/\/www.comau.com\/pt-br\/wp-json\/wp\/v2\/pages\/5151\/revisions\/42088"}],"up":[{"embeddable":true,"href":"https:\/\/www.comau.com\/pt-br\/wp-json\/wp\/v2\/pages\/4813"}],"wp:featuredmedia":[{"embeddable":true,"href":"https:\/\/www.comau.com\/pt-br\/wp-json\/wp\/v2\/media\/5166"}],"wp:attachment":[{"href":"https:\/\/www.comau.com\/pt-br\/wp-json\/wp\/v2\/media?parent=5151"}],"curies":[{"name":"wp","href":"https:\/\/api.w.org\/{rel}","templated":true}]}}