{"id":50564,"date":"2023-03-31T05:52:15","date_gmt":"2023-03-31T03:52:15","guid":{"rendered":"https:\/\/www.comau.com\/?page_id=50564"},"modified":"2023-04-04T07:35:07","modified_gmt":"2023-04-04T05:35:07","slug":"ebook-potencializando-o-futuro-da-eletrificacao","status":"publish","type":"page","link":"https:\/\/www.comau.com\/pt-br\/competencies\/electromobility\/ebook-potencializando-o-futuro-da-eletrificacao\/","title":{"rendered":"eBook"},"content":{"rendered":"\n<h2 class=\"wp-block-heading\">Uma abordagem pioneira para a eletrifica\u00e7\u00e3o<\/h2>\n\n\n\n<p>\u00c0 medida que os fabricantes em todo o mundo navegam pela <strong>multifacetada ind\u00fastria da eletrifica\u00e7\u00e3o<\/strong>, \u00e9 preciso muitas vezes equilibrar as principais demandas de produ\u00e7\u00e3o com as incertezas de um mercado emergente no qual, consequentemente, metodologias e boas pr\u00e1ticas ainda est\u00e3o evoluindo.<\/p>\n\n\n\n<p>ara enfrentar esses desafios, a Comau est\u00e1 aproveitando suas <strong><a href=\"https:\/\/www.comau.com\/pt-br\/competencies\/electromobility\/\" target=\"_blank\" rel=\"noreferrer noopener\">compet\u00eancias pioneiras em eletrifica\u00e7\u00e3o<\/a><\/strong> e uma compreens\u00e3o de 360\u00b0 da fabrica\u00e7\u00e3o automotiva para ajudar a acelerar avan\u00e7os tecnol\u00f3gicos na produ\u00e7\u00e3o, implanta\u00e7\u00e3o, uso elimina\u00e7\u00e3o de baterias de \u00faltima gera\u00e7\u00e3o.<\/p>\n\n\n\n<h2 class=\"wp-block-heading\">O estado-da-arte encontra a pr\u00f3xima gera\u00e7\u00e3o<\/h2>\n\n\n\n<p>Baterias de \u00edon-l\u00edtio de alta energia, consideradas por muitas como as mais modernas, est\u00e3o sendo cada vez mais usadas para uma ampla variedade de aplica\u00e7\u00f5es m\u00f3veis e estacion\u00e1rias. No entanto, o potencial de otimiza\u00e7\u00e3o adicional desta tecnologia \u00e9 um pouco limitado.<\/p>\n\n\n\n<p>Da mesma forma, uma <strong>nova gera\u00e7\u00e3o de baterias<\/strong> est\u00e1 atualmente em desenvolvimento com a Comau ajudando a apoiar sua industrializa\u00e7\u00e3o. em v\u00e1rios indicadores-chave de desempenho, cheguem ao mercado em maiores volumes desde 2025. Portanto, espera-se que essas novas baterias de estado s\u00f3lido (SSB), que mostram a promessa de melhores resultados<\/p>\n\n\n\n<h2 class=\"wp-block-heading\">Do prot\u00f3tipo \u00e0 industrializa\u00e7\u00e3o<\/h2>\n\n\n\n<p>\u00c0 medida que os n\u00edveis atuais de automa\u00e7\u00e3o aumentam, tamb\u00e9m aumentar\u00e3o os investimentos em equipamentos de fabrica\u00e7\u00e3o de baterias &#8211; tanto por atores estabelecidos quanto por novos participantes, no intuito de atender ao n\u00edvel mais elevado de demanda.<\/p>\n\n\n\n<p>Ao projetar <strong><a href=\"https:\/\/www.comau.com\/pt-br\/competencies\/electromobility\/battery-manufacturing\/\" target=\"_blank\" rel=\"noreferrer noopener\">sistemas de produ\u00e7\u00e3o automatizados<\/a><\/strong> para c\u00e9lulas de bateria, m\u00f3dulos e pacotes completos, a <strong>inova\u00e7\u00e3o t\u00e9cnica<\/strong> e a <a href=\"https:\/\/www.comau.com\/pt-br\/about-us\/sustainability\/\" target=\"_blank\" rel=\"noreferrer noopener\"><strong>sustentabilidade<\/strong><\/a> s\u00e3o os principais facilitadores da mobilidade focada no futuro. A Comau trabalha com empresas em todo o mundo para <strong>escalar a produ\u00e7\u00e3o econ\u00f4mica<\/strong> de <strong>baterias de alto desempenho<\/strong>.<\/p>\n\n\n\n<p>Al\u00e9m disso, a Comau tamb\u00e9m est\u00e1 ativamente engajada em preencher a lacuna entre a fabrica\u00e7\u00e3o de prot\u00f3tipos e a produ\u00e7\u00e3o comercial de tecnologias de baterias de \u00faltima gera\u00e7\u00e3o em seu pr\u00f3prio Centro de Compet\u00eancia de Baterias e seus Laborat\u00f3rios de Laser.<\/p>\n\n\n\n<div class=\"wp-block-buttons is-layout-flex wp-block-buttons-is-layout-flex\">\n<div class=\"wp-block-button\"><a class=\"wp-block-button__link wp-element-button\" href=\"https:\/\/group.comau.com\/pt\/content\/ebook\/batteries?utm_source=COMAU Website\" target=\"_blank\" rel=\"noreferrer noopener\">Acesse o eBook agora<\/a><\/div>\n<\/div>\n\n\n\n<div class=\"wp-block-columns columns-bg-dark is-layout-flex wp-container-core-columns-is-layout-9d6595d7 wp-block-columns-is-layout-flex\">\n<div class=\"wp-block-column is-layout-flow wp-block-column-is-layout-flow\">\n<h3 class=\"wp-block-heading\" id=\"innovations-in-body-assembly\" style=\"font-size:32px;font-style:normal;font-weight:200\">Automa\u00e7\u00e3o com tecnologia de ponta<\/h3>\n\n\n\n<p>Gra\u00e7as \u00e0 experi\u00eancia comprovada em automa\u00e7\u00e3o, digitaliza\u00e7\u00e3o e eletrifica\u00e7\u00e3o, a Comau \u00e9 capaz de fornecer os melhores sistemas da categoria para atender \u00e0s necessidades atuais e futuras do setor de e-mobilidade.<\/p>\n<\/div>\n\n\n\n<div class=\"wp-block-column is-layout-flow wp-block-column-is-layout-flow\">\n<h3 class=\"wp-block-heading\" id=\"our-solutions-meet-customer-needs\" style=\"font-size:32px;font-style:normal;font-weight:200\">Engenharia simult\u00e2nea<\/h3>\n\n\n\n<p>Trabalhando em estreita sinergia com nossos clientes para definir o escopo e as especificidades de design da bateria e de suas linhas de produ\u00e7\u00e3o automatizadas, a Comau esta apta a oferecer \u00e0s empresas solu\u00e7\u00f5es cada vez mais competitivas no campo da eletrifica\u00e7\u00e3o.<\/p>\n<\/div>\n\n\n\n<div class=\"wp-block-column is-layout-flow wp-block-column-is-layout-flow\">\n<h3 class=\"wp-block-heading\" id=\"powerful-assembly-and-transport-systems\" style=\"font-size:32px;font-style:normal;font-weight:200\">An\u00e1lise e Controle em Tempo Real<\/h3>\n\n\n\n<p>Desde o desempenho em tempo real e a an\u00e1lise de status at\u00e9 a rastreabilidade automatizada de pe\u00e7as e a qualidade da produ\u00e7\u00e3o, as solu\u00e7\u00f5es digitais da Comau permitem que voc\u00ea controle os par\u00e2metros e corrija imediatamente as varia\u00e7\u00f5es do processo em tempo real.<\/p>\n<\/div>\n<\/div>\n\n\n\n<h2 class=\"wp-block-heading\" id=\"our-solutions\">Os benef\u00edcios da automa\u00e7\u00e3o incluem:<\/h2>\n\n\n\n<div class=\"wp-block-getwid-image-box getwid-animation has-image-left has-text-center has-mobile-layout-default has-mobile-alignment-default\" data-animation=\"slideLeft\"><div class=\"wp-block-getwid-image-box__image-container is-position-top\"><div class=\"wp-block-getwid-image-box__image-wrapper\"><img decoding=\"async\" width=\"150\" height=\"150\" src=\"https:\/\/www.comau.com\/wp-content\/uploads\/2023\/02\/icon_reducingcosts-150x150.png\" class=\"wp-block-getwid-image-box__image wp-image-50584\" srcset=\"https:\/\/www.comau.com\/wp-content\/uploads\/2023\/02\/icon_reducingcosts-150x150.png 150w, https:\/\/www.comau.com\/wp-content\/uploads\/2023\/02\/icon_reducingcosts.png 275w\" sizes=\"(max-width: 150px) 100vw, 150px\" \/><\/div><\/div><div class=\"wp-block-getwid-image-box__content\">\n<h3 class=\"has-text-align-left wp-block-heading\">Reduzir os custos de fabrica\u00e7\u00e3o e, ao mesmo tempo, aumentar a capacidade<\/h3>\n<\/div><\/div>\n\n\n\n<div class=\"wp-block-getwid-image-box getwid-animation has-image-left has-text-center has-mobile-layout-default has-mobile-alignment-default\" data-animation=\"slideLeft\"><div class=\"wp-block-getwid-image-box__image-container is-position-top\"><div class=\"wp-block-getwid-image-box__image-wrapper\"><img decoding=\"async\" width=\"150\" height=\"150\" src=\"https:\/\/www.comau.com\/wp-content\/uploads\/2023\/02\/icon_enablingsolutions-150x150.png\" class=\"wp-block-getwid-image-box__image wp-image-50592\" srcset=\"https:\/\/www.comau.com\/wp-content\/uploads\/2023\/02\/icon_enablingsolutions-150x150.png 150w, https:\/\/www.comau.com\/wp-content\/uploads\/2023\/02\/icon_enablingsolutions.png 275w\" sizes=\"(max-width: 150px) 100vw, 150px\" \/><\/div><\/div><div class=\"wp-block-getwid-image-box__content\">\n<h3 class=\"has-text-align-left wp-block-heading\">\u2022 Permitir solu\u00e7\u00f5es inovadoras para dar suporte a tecnologias de ponta e de \u00faltima gera\u00e7\u00e3o, como c\u00e9lulas de bateria de estado s\u00f3lido, c\u00e9lulas de combust\u00edvel de hidrog\u00eanio e eletrolisadores<\/h3>\n<\/div><\/div>\n\n\n\n<div class=\"wp-block-getwid-image-box getwid-animation has-image-left has-text-center has-mobile-layout-default has-mobile-alignment-default\" data-animation=\"slideLeft\"><div class=\"wp-block-getwid-image-box__image-container is-position-top\"><div class=\"wp-block-getwid-image-box__image-wrapper\"><img decoding=\"async\" width=\"150\" height=\"150\" src=\"https:\/\/www.comau.com\/wp-content\/uploads\/2023\/02\/icon_standardizingprocesses-150x150.png\" class=\"wp-block-getwid-image-box__image wp-image-50602\" srcset=\"https:\/\/www.comau.com\/wp-content\/uploads\/2023\/02\/icon_standardizingprocesses-150x150.png 150w, https:\/\/www.comau.com\/wp-content\/uploads\/2023\/02\/icon_standardizingprocesses.png 275w\" sizes=\"(max-width: 150px) 100vw, 150px\" \/><\/div><\/div><div class=\"wp-block-getwid-image-box__content\">\n<h3 class=\"has-text-align-left wp-block-heading\">\u2022 Padroniza\u00e7\u00e3o de processos para atender a diferentes necessidades de produ\u00e7\u00e3o e reduzir o tempo de lan\u00e7amento no mercado<\/h3>\n<\/div><\/div>\n\n\n\n<div class=\"wp-block-getwid-image-box getwid-animation has-image-left has-text-center has-mobile-layout-default has-mobile-alignment-default\" data-animation=\"slideLeft\"><div class=\"wp-block-getwid-image-box__image-container is-position-top\"><div class=\"wp-block-getwid-image-box__image-wrapper\"><img decoding=\"async\" width=\"150\" height=\"150\" src=\"https:\/\/www.comau.com\/wp-content\/uploads\/2023\/02\/icon_thermal-imaging-150x150.png\" class=\"wp-block-getwid-image-box__image wp-image-50608\" srcset=\"https:\/\/www.comau.com\/wp-content\/uploads\/2023\/02\/icon_thermal-imaging-150x150.png 150w, https:\/\/www.comau.com\/wp-content\/uploads\/2023\/02\/icon_thermal-imaging.png 275w\" sizes=\"(max-width: 150px) 100vw, 150px\" \/><\/div><\/div><div class=\"wp-block-getwid-image-box__content\">\n<h3 class=\"has-text-align-left wp-block-heading\">\u2022 Aproveitar a aquisi\u00e7\u00e3o de imagens t\u00e9rmicas e a intelig\u00eancia artificial para garantir a integridade e o desempenho da bateria<\/h3>\n<\/div><\/div>\n\n\n\n<div class=\"wp-block-getwid-image-box getwid-animation has-image-left has-text-center has-mobile-layout-default has-mobile-alignment-default\" data-animation=\"slideLeft\"><div class=\"wp-block-getwid-image-box__image-container is-position-top\"><div class=\"wp-block-getwid-image-box__image-wrapper\"><img decoding=\"async\" width=\"150\" height=\"150\" src=\"https:\/\/www.comau.com\/wp-content\/uploads\/2023\/02\/icon_recycling-150x150.png\" class=\"wp-block-getwid-image-box__image wp-image-50614\" srcset=\"https:\/\/www.comau.com\/wp-content\/uploads\/2023\/02\/icon_recycling-150x150.png 150w, https:\/\/www.comau.com\/wp-content\/uploads\/2023\/02\/icon_recycling.png 275w\" sizes=\"(max-width: 150px) 100vw, 150px\" \/><\/div><\/div><div class=\"wp-block-getwid-image-box__content\">\n<h3 class=\"has-text-align-left wp-block-heading\">\u2022 Solu\u00e7\u00f5es seguras e eficazes para gerenciar as linhas de bateria de segunda vida \u00fatil (recondicionamento) e as linhas de bateria de fim de vida \u00fatil (descarregamento e desmontagem)<\/h3>\n<\/div><\/div>\n\n\n\n<hr class=\"wp-block-separator has-alpha-channel-opacity\" \/>\n\n\n\n<p><\/p>\n\n\n\n<div class=\"wp-block-columns is-layout-flex wp-container-core-columns-is-layout-9d6595d7 wp-block-columns-is-layout-flex\">\n<div class=\"wp-block-column is-layout-flow wp-block-column-is-layout-flow\">\n<h2 class=\"wp-block-heading\">eBook<\/h2>\n\n\n\n<h4 class=\"has-large-font-size wp-block-heading\" style=\"font-style:normal;font-weight:200\">Potencializando o futuro da Eletrifica\u00e7\u00e3o<\/h4>\n\n\n\n<p>Como a inova\u00e7\u00e3o automatizada e sustent\u00e1vel est\u00e1 impulsionando a nova transforma\u00e7\u00e3o energ\u00e9tica.<\/p>\n\n\n\n<h3 class=\"wp-block-heading\" id=\"block-d5fef270-5747-4bcf-9e83-be00d92d5b42\"><br><\/h3>\n\n\n\n<div class=\"wp-block-buttons is-layout-flex wp-block-buttons-is-layout-flex\">\n<div class=\"wp-block-button\"><a class=\"wp-block-button__link wp-element-button\" href=\"https:\/\/group.comau.com\/pt\/content\/ebook\/batteries?utm_source=COMAU Website\" target=\"_blank\" rel=\"noreferrer noopener\">Acesse o eBook agora<\/a><\/div>\n<\/div>\n\n\n\n<p><\/p>\n\n\n\n<p><\/p>\n\n\n\n<p><\/p>\n\n\n\n<p><em><br><br><\/em><\/p>\n<\/div>\n\n\n\n<div class=\"wp-block-column is-layout-flow wp-block-column-is-layout-flow\">\n<figure class=\"wp-block-image size-large is-resized\"><img decoding=\"async\" src=\"https:\/\/www.comau.com\/wp-content\/uploads\/2023\/02\/Comau_eBook_Batteries_page-1024x576.png\" alt=\"\" class=\"wp-image-50636\" width=\"768\" height=\"432\" srcset=\"https:\/\/www.comau.com\/wp-content\/uploads\/2023\/02\/Comau_eBook_Batteries_page-1024x576.png 1024w, https:\/\/www.comau.com\/wp-content\/uploads\/2023\/02\/Comau_eBook_Batteries_page-300x169.png 300w, https:\/\/www.comau.com\/wp-content\/uploads\/2023\/02\/Comau_eBook_Batteries_page-768x432.png 768w, https:\/\/www.comau.com\/wp-content\/uploads\/2023\/02\/Comau_eBook_Batteries_page-1536x864.png 1536w, https:\/\/www.comau.com\/wp-content\/uploads\/2023\/02\/Comau_eBook_Batteries_page.png 1920w\" sizes=\"(max-width: 768px) 100vw, 768px\" \/><\/figure>\n<\/div>\n<\/div>\n","protected":false},"excerpt":{"rendered":"<p>Uma abordagem pioneira para a eletrifica\u00e7\u00e3o \u00c0 medida que os fabricantes em todo o mundo navegam pela multifacetada ind\u00fastria da eletrifica\u00e7\u00e3o, \u00e9 preciso muitas vezes equilibrar as principais demandas de produ\u00e7\u00e3o com as incertezas de um mercado emergente no qual, consequentemente, metodologias e boas pr\u00e1ticas ainda est\u00e3o evoluindo. ara enfrentar esses desafios, a Comau est\u00e1 [&hellip;]<\/p>\n","protected":false},"author":21,"featured_media":51402,"parent":6169,"menu_order":1,"comment_status":"closed","ping_status":"closed","template":"","meta":{"_acf_changed":false,"ep_exclude_from_search":false,"footnotes":""},"class_list":["post-50564","page","type-page","status-publish","has-post-thumbnail","hentry"],"acf":[],"yoast_head":"<!-- This site is optimized with the Yoast SEO plugin v26.9 - https:\/\/yoast.com\/product\/yoast-seo-wordpress\/ -->\n<title>Potencializando o futuro da Eletrifica\u00e7\u00e3o | Comau<\/title>\n<meta name=\"description\" content=\"Baixe este eBook exclusivo e descubra como a Comau est\u00e1 potencializando a eletrifica\u00e7\u00e3o e impulsionando a transforma\u00e7\u00e3o energ\u00e9tica\" \/>\n<meta name=\"robots\" content=\"index, follow, max-snippet:-1, max-image-preview:large, max-video-preview:-1\" \/>\n<link rel=\"canonical\" href=\"https:\/\/www.comau.com\/pt-br\/competencies\/electromobility\/ebook-potencializando-o-futuro-da-eletrificacao\/\" \/>\n<meta property=\"og:locale\" content=\"pt_BR\" \/>\n<meta property=\"og:type\" content=\"article\" \/>\n<meta property=\"og:title\" content=\"Potencializando o futuro da Eletrifica\u00e7\u00e3o | Comau\" \/>\n<meta property=\"og:description\" content=\"Baixe este eBook exclusivo e descubra como a Comau est\u00e1 potencializando a eletrifica\u00e7\u00e3o e impulsionando a transforma\u00e7\u00e3o energ\u00e9tica\" \/>\n<meta property=\"og:url\" content=\"https:\/\/www.comau.com\/pt-br\/competencies\/electromobility\/ebook-potencializando-o-futuro-da-eletrificacao\/\" \/>\n<meta property=\"og:site_name\" content=\"Comau\" \/>\n<meta property=\"article:publisher\" content=\"https:\/\/www.facebook.com\/COMAU\/\" \/>\n<meta property=\"article:modified_time\" content=\"2023-04-04T05:35:07+00:00\" \/>\n<meta property=\"og:image\" content=\"https:\/\/www.comau.com\/wp-content\/uploads\/2023\/03\/Banner_LP_Header_eBook_Batteries.jpg\" \/>\n\t<meta property=\"og:image:width\" content=\"1920\" \/>\n\t<meta property=\"og:image:height\" content=\"517\" \/>\n\t<meta property=\"og:image:type\" content=\"image\/jpeg\" \/>\n<meta name=\"twitter:card\" content=\"summary_large_image\" \/>\n<meta name=\"twitter:site\" content=\"@comaugroup\" \/>\n<meta name=\"twitter:label1\" content=\"Est. tempo de leitura\" \/>\n\t<meta name=\"twitter:data1\" content=\"4 minutos\" \/>\n<script type=\"application\/ld+json\" class=\"yoast-schema-graph\">{\"@context\":\"https:\/\/schema.org\",\"@graph\":[{\"@type\":\"WebPage\",\"@id\":\"https:\/\/www.comau.com\/pt-br\/competencies\/electromobility\/ebook-potencializando-o-futuro-da-eletrificacao\/\",\"url\":\"https:\/\/www.comau.com\/pt-br\/competencies\/electromobility\/ebook-potencializando-o-futuro-da-eletrificacao\/\",\"name\":\"Potencializando o futuro da Eletrifica\u00e7\u00e3o | Comau\",\"isPartOf\":{\"@id\":\"https:\/\/www.comau.com\/pt-br\/#website\"},\"primaryImageOfPage\":{\"@id\":\"https:\/\/www.comau.com\/pt-br\/competencies\/electromobility\/ebook-potencializando-o-futuro-da-eletrificacao\/#primaryimage\"},\"image\":{\"@id\":\"https:\/\/www.comau.com\/pt-br\/competencies\/electromobility\/ebook-potencializando-o-futuro-da-eletrificacao\/#primaryimage\"},\"thumbnailUrl\":\"https:\/\/www.comau.com\/wp-content\/uploads\/2023\/03\/Banner_LP_Header_eBook_Batteries.jpg\",\"datePublished\":\"2023-03-31T03:52:15+00:00\",\"dateModified\":\"2023-04-04T05:35:07+00:00\",\"description\":\"Baixe este eBook exclusivo e descubra como a Comau est\u00e1 potencializando a eletrifica\u00e7\u00e3o e impulsionando a transforma\u00e7\u00e3o energ\u00e9tica\",\"breadcrumb\":{\"@id\":\"https:\/\/www.comau.com\/pt-br\/competencies\/electromobility\/ebook-potencializando-o-futuro-da-eletrificacao\/#breadcrumb\"},\"inLanguage\":\"pt-BR\",\"potentialAction\":[{\"@type\":\"ReadAction\",\"target\":[\"https:\/\/www.comau.com\/pt-br\/competencies\/electromobility\/ebook-potencializando-o-futuro-da-eletrificacao\/\"]}]},{\"@type\":\"ImageObject\",\"inLanguage\":\"pt-BR\",\"@id\":\"https:\/\/www.comau.com\/pt-br\/competencies\/electromobility\/ebook-potencializando-o-futuro-da-eletrificacao\/#primaryimage\",\"url\":\"https:\/\/www.comau.com\/wp-content\/uploads\/2023\/03\/Banner_LP_Header_eBook_Batteries.jpg\",\"contentUrl\":\"https:\/\/www.comau.com\/wp-content\/uploads\/2023\/03\/Banner_LP_Header_eBook_Batteries.jpg\",\"width\":1920,\"height\":517,\"caption\":\"Comau eBook Batteries\"},{\"@type\":\"BreadcrumbList\",\"@id\":\"https:\/\/www.comau.com\/pt-br\/competencies\/electromobility\/ebook-potencializando-o-futuro-da-eletrificacao\/#breadcrumb\",\"itemListElement\":[{\"@type\":\"ListItem\",\"position\":1,\"name\":\"Home\",\"item\":\"https:\/\/www.comau.com\/pt-br\/\"},{\"@type\":\"ListItem\",\"position\":2,\"name\":\"Nossas Compet\u00eancias\",\"item\":\"https:\/\/www.comau.com\/pt-br\/competencies\/\"},{\"@type\":\"ListItem\",\"position\":3,\"name\":\"Electromobility\",\"item\":\"https:\/\/www.comau.com\/pt-br\/competencies\/electromobility\/\"},{\"@type\":\"ListItem\",\"position\":4,\"name\":\"eBook\"}]},{\"@type\":\"WebSite\",\"@id\":\"https:\/\/www.comau.com\/pt-br\/#website\",\"url\":\"https:\/\/www.comau.com\/pt-br\/\",\"name\":\"Comau\",\"description\":\"Industrial automation and robotics\",\"publisher\":{\"@id\":\"https:\/\/www.comau.com\/pt-br\/#organization\"},\"potentialAction\":[{\"@type\":\"SearchAction\",\"target\":{\"@type\":\"EntryPoint\",\"urlTemplate\":\"https:\/\/www.comau.com\/pt-br\/?s={search_term_string}\"},\"query-input\":{\"@type\":\"PropertyValueSpecification\",\"valueRequired\":true,\"valueName\":\"search_term_string\"}}],\"inLanguage\":\"pt-BR\"},{\"@type\":\"Organization\",\"@id\":\"https:\/\/www.comau.com\/pt-br\/#organization\",\"name\":\"Comau\",\"url\":\"https:\/\/www.comau.com\/pt-br\/\",\"logo\":{\"@type\":\"ImageObject\",\"inLanguage\":\"pt-BR\",\"@id\":\"https:\/\/www.comau.com\/pt-br\/#\/schema\/logo\/image\/\",\"url\":\"https:\/\/www.comau.com\/wp-content\/uploads\/2024\/07\/cropped-Logo-COMAU.png\",\"contentUrl\":\"https:\/\/www.comau.com\/wp-content\/uploads\/2024\/07\/cropped-Logo-COMAU.png\",\"width\":434,\"height\":434,\"caption\":\"Comau\"},\"image\":{\"@id\":\"https:\/\/www.comau.com\/pt-br\/#\/schema\/logo\/image\/\"},\"sameAs\":[\"https:\/\/www.facebook.com\/COMAU\/\",\"https:\/\/x.com\/comaugroup\",\"https:\/\/www.instagram.com\/comaugroup\/\",\"https:\/\/www.linkedin.com\/company\/comau\",\"https:\/\/www.youtube.com\/user\/comau\"]}]}<\/script>\n<!-- \/ Yoast SEO plugin. -->","yoast_head_json":{"title":"Potencializando o futuro da Eletrifica\u00e7\u00e3o | Comau","description":"Baixe este eBook exclusivo e descubra como a Comau est\u00e1 potencializando a eletrifica\u00e7\u00e3o e impulsionando a transforma\u00e7\u00e3o energ\u00e9tica","robots":{"index":"index","follow":"follow","max-snippet":"max-snippet:-1","max-image-preview":"max-image-preview:large","max-video-preview":"max-video-preview:-1"},"canonical":"https:\/\/www.comau.com\/pt-br\/competencies\/electromobility\/ebook-potencializando-o-futuro-da-eletrificacao\/","og_locale":"pt_BR","og_type":"article","og_title":"Potencializando o futuro da Eletrifica\u00e7\u00e3o | Comau","og_description":"Baixe este eBook exclusivo e descubra como a Comau est\u00e1 potencializando a eletrifica\u00e7\u00e3o e impulsionando a transforma\u00e7\u00e3o energ\u00e9tica","og_url":"https:\/\/www.comau.com\/pt-br\/competencies\/electromobility\/ebook-potencializando-o-futuro-da-eletrificacao\/","og_site_name":"Comau","article_publisher":"https:\/\/www.facebook.com\/COMAU\/","article_modified_time":"2023-04-04T05:35:07+00:00","og_image":[{"width":1920,"height":517,"url":"https:\/\/www.comau.com\/wp-content\/uploads\/2023\/03\/Banner_LP_Header_eBook_Batteries.jpg","type":"image\/jpeg"}],"twitter_card":"summary_large_image","twitter_site":"@comaugroup","twitter_misc":{"Est. tempo de leitura":"4 minutos"},"schema":{"@context":"https:\/\/schema.org","@graph":[{"@type":"WebPage","@id":"https:\/\/www.comau.com\/pt-br\/competencies\/electromobility\/ebook-potencializando-o-futuro-da-eletrificacao\/","url":"https:\/\/www.comau.com\/pt-br\/competencies\/electromobility\/ebook-potencializando-o-futuro-da-eletrificacao\/","name":"Potencializando o futuro da Eletrifica\u00e7\u00e3o | Comau","isPartOf":{"@id":"https:\/\/www.comau.com\/pt-br\/#website"},"primaryImageOfPage":{"@id":"https:\/\/www.comau.com\/pt-br\/competencies\/electromobility\/ebook-potencializando-o-futuro-da-eletrificacao\/#primaryimage"},"image":{"@id":"https:\/\/www.comau.com\/pt-br\/competencies\/electromobility\/ebook-potencializando-o-futuro-da-eletrificacao\/#primaryimage"},"thumbnailUrl":"https:\/\/www.comau.com\/wp-content\/uploads\/2023\/03\/Banner_LP_Header_eBook_Batteries.jpg","datePublished":"2023-03-31T03:52:15+00:00","dateModified":"2023-04-04T05:35:07+00:00","description":"Baixe este eBook exclusivo e descubra como a Comau est\u00e1 potencializando a eletrifica\u00e7\u00e3o e impulsionando a transforma\u00e7\u00e3o energ\u00e9tica","breadcrumb":{"@id":"https:\/\/www.comau.com\/pt-br\/competencies\/electromobility\/ebook-potencializando-o-futuro-da-eletrificacao\/#breadcrumb"},"inLanguage":"pt-BR","potentialAction":[{"@type":"ReadAction","target":["https:\/\/www.comau.com\/pt-br\/competencies\/electromobility\/ebook-potencializando-o-futuro-da-eletrificacao\/"]}]},{"@type":"ImageObject","inLanguage":"pt-BR","@id":"https:\/\/www.comau.com\/pt-br\/competencies\/electromobility\/ebook-potencializando-o-futuro-da-eletrificacao\/#primaryimage","url":"https:\/\/www.comau.com\/wp-content\/uploads\/2023\/03\/Banner_LP_Header_eBook_Batteries.jpg","contentUrl":"https:\/\/www.comau.com\/wp-content\/uploads\/2023\/03\/Banner_LP_Header_eBook_Batteries.jpg","width":1920,"height":517,"caption":"Comau eBook Batteries"},{"@type":"BreadcrumbList","@id":"https:\/\/www.comau.com\/pt-br\/competencies\/electromobility\/ebook-potencializando-o-futuro-da-eletrificacao\/#breadcrumb","itemListElement":[{"@type":"ListItem","position":1,"name":"Home","item":"https:\/\/www.comau.com\/pt-br\/"},{"@type":"ListItem","position":2,"name":"Nossas Compet\u00eancias","item":"https:\/\/www.comau.com\/pt-br\/competencies\/"},{"@type":"ListItem","position":3,"name":"Electromobility","item":"https:\/\/www.comau.com\/pt-br\/competencies\/electromobility\/"},{"@type":"ListItem","position":4,"name":"eBook"}]},{"@type":"WebSite","@id":"https:\/\/www.comau.com\/pt-br\/#website","url":"https:\/\/www.comau.com\/pt-br\/","name":"Comau","description":"Industrial automation and robotics","publisher":{"@id":"https:\/\/www.comau.com\/pt-br\/#organization"},"potentialAction":[{"@type":"SearchAction","target":{"@type":"EntryPoint","urlTemplate":"https:\/\/www.comau.com\/pt-br\/?s={search_term_string}"},"query-input":{"@type":"PropertyValueSpecification","valueRequired":true,"valueName":"search_term_string"}}],"inLanguage":"pt-BR"},{"@type":"Organization","@id":"https:\/\/www.comau.com\/pt-br\/#organization","name":"Comau","url":"https:\/\/www.comau.com\/pt-br\/","logo":{"@type":"ImageObject","inLanguage":"pt-BR","@id":"https:\/\/www.comau.com\/pt-br\/#\/schema\/logo\/image\/","url":"https:\/\/www.comau.com\/wp-content\/uploads\/2024\/07\/cropped-Logo-COMAU.png","contentUrl":"https:\/\/www.comau.com\/wp-content\/uploads\/2024\/07\/cropped-Logo-COMAU.png","width":434,"height":434,"caption":"Comau"},"image":{"@id":"https:\/\/www.comau.com\/pt-br\/#\/schema\/logo\/image\/"},"sameAs":["https:\/\/www.facebook.com\/COMAU\/","https:\/\/x.com\/comaugroup","https:\/\/www.instagram.com\/comaugroup\/","https:\/\/www.linkedin.com\/company\/comau","https:\/\/www.youtube.com\/user\/comau"]}]}},"_links":{"self":[{"href":"https:\/\/www.comau.com\/pt-br\/wp-json\/wp\/v2\/pages\/50564","targetHints":{"allow":["GET"]}}],"collection":[{"href":"https:\/\/www.comau.com\/pt-br\/wp-json\/wp\/v2\/pages"}],"about":[{"href":"https:\/\/www.comau.com\/pt-br\/wp-json\/wp\/v2\/types\/page"}],"author":[{"embeddable":true,"href":"https:\/\/www.comau.com\/pt-br\/wp-json\/wp\/v2\/users\/21"}],"replies":[{"embeddable":true,"href":"https:\/\/www.comau.com\/pt-br\/wp-json\/wp\/v2\/comments?post=50564"}],"version-history":[{"count":27,"href":"https:\/\/www.comau.com\/pt-br\/wp-json\/wp\/v2\/pages\/50564\/revisions"}],"predecessor-version":[{"id":52207,"href":"https:\/\/www.comau.com\/pt-br\/wp-json\/wp\/v2\/pages\/50564\/revisions\/52207"}],"up":[{"embeddable":true,"href":"https:\/\/www.comau.com\/pt-br\/wp-json\/wp\/v2\/pages\/6169"}],"wp:featuredmedia":[{"embeddable":true,"href":"https:\/\/www.comau.com\/pt-br\/wp-json\/wp\/v2\/media\/51402"}],"wp:attachment":[{"href":"https:\/\/www.comau.com\/pt-br\/wp-json\/wp\/v2\/media?parent=50564"}],"curies":[{"name":"wp","href":"https:\/\/api.w.org\/{rel}","templated":true}]}}