{"id":5056,"date":"2021-06-07T16:00:00","date_gmt":"2021-06-07T14:00:00","guid":{"rendered":"https:\/\/www.comau.com\/?page_id=5056"},"modified":"2022-02-08T10:14:14","modified_gmt":"2022-02-08T09:14:14","slug":"versaroll","status":"publish","type":"page","link":"https:\/\/www.comau.com\/pt-br\/competencies\/systems\/versaroll\/","title":{"rendered":"VersaRoll"},"content":{"rendered":"\n<p>A Versaroll \u00e9 uma m\u00e1quina independente para montagens maiores. O Encoder habilita transfer\u00eancias de pe\u00e7as em alta velocidade e alta precis\u00e3o de posicionamento. Mais usado em linhas de montagem de assoalho e laterais, \u00e9 feita de um conjunto completo de componentes standard que podem ser montados em esta\u00e7\u00f5es configur\u00e1rios (Carga, solda, veda\u00e7\u00e3o, geo, etc).<\/p>\n\n\n\n<p>Desde 2003, muitas aplica\u00e7\u00f5es desta m\u00e1quida t\u00eam sido vendidas para empresas automobil\u00edsticas e instaladas nos Estados Unidos, China, M\u00e9ximo e Europa.<\/p>\n\n\n\n<div class=\"wp-block-image\"><figure class=\"aligncenter size-large\"><img decoding=\"async\" width=\"1024\" height=\"348\" src=\"https:\/\/www.comau.com\/wp-content\/uploads\/2021\/06\/versaroll_3-1024x348.jpg\" alt=\"\" class=\"wp-image-5142\" srcset=\"https:\/\/www.comau.com\/wp-content\/uploads\/2021\/06\/versaroll_3-1024x348.jpg 1024w, https:\/\/www.comau.com\/wp-content\/uploads\/2021\/06\/versaroll_3-300x102.jpg 300w, https:\/\/www.comau.com\/wp-content\/uploads\/2021\/06\/versaroll_3-768x261.jpg 768w, https:\/\/www.comau.com\/wp-content\/uploads\/2021\/06\/versaroll_3.jpg 1179w\" sizes=\"(max-width: 1024px) 100vw, 1024px\" \/><\/figure><\/div>\n\n\n\n<h2 class=\"wp-block-heading\" id=\"product-features\">Caracter\u00edsticas do Produto<\/h2>\n\n\n\n<ul class=\"wp-block-list\"><li>Flexibilidade de at\u00e9 4 modelos<ul><li>Tradu\u00e7\u00e3o \u201cY\u201d de Geotods em 6 segundos<\/li><li>2250 kg para cada GEO<\/li><\/ul><\/li><li>Solu\u00e7\u00e3o para controle de circuitos \u2013 VersaDrive e VersaCoder<ul><li>Movimenta\u00e7\u00e3o de alta velocidade \u2013 reduz a quantidade de esta\u00e7\u00f5es necess\u00e1riasS<\/li><li>Sem bot\u00f5es para movimenta\u00e7\u00e3o \u2013 Alta confiabilidade<\/li><li>N\u00e3o requer ajustes \u2013 Simples de manter<\/li><li>Alta precis\u00e3o de posicionamento (+\/-0,5mm)<\/li><\/ul><\/li><li>Alta velocidade de movimenta\u00e7\u00e3o: 6 segundos com 1125kg (dire\u00e7\u00e3o \u201cX\u201d)<\/li><li>Eleva\u00e7\u00e3o\/diminui\u00e7\u00e3o de 914mm  <\/li><li>At\u00e9 6 rob\u00f4s por esta\u00e7\u00e3o para maximizar a capacidade de soldadura.<\/li><\/ul>\n\n\n\n<p>Garantia e suporte de Profissionais experts em Engenharia e Processos. Distribui\u00e7\u00e3o global dispon\u00edvel com suporte pr\u00f3prio.<\/p>\n","protected":false},"excerpt":{"rendered":"<p>A Versaroll \u00e9 uma m\u00e1quina independente para montagens maiores. O Encoder habilita transfer\u00eancias de pe\u00e7as em alta velocidade e alta precis\u00e3o de posicionamento. Mais usado em linhas de montagem de assoalho e laterais, \u00e9 feita de um conjunto completo de componentes standard que podem ser montados em esta\u00e7\u00f5es configur\u00e1rios (Carga, solda, veda\u00e7\u00e3o, geo, etc). Desde [&hellip;]<\/p>\n","protected":false},"author":11,"featured_media":5086,"parent":64926,"menu_order":0,"comment_status":"closed","ping_status":"closed","template":"","meta":{"_acf_changed":false,"ep_exclude_from_search":false,"footnotes":""},"class_list":["post-5056","page","type-page","status-publish","has-post-thumbnail","hentry"],"acf":[],"yoast_head":"<!-- This site is optimized with the Yoast SEO plugin v26.9 - https:\/\/yoast.com\/product\/yoast-seo-wordpress\/ -->\n<title>Versaroll - m\u00e1quina de montagem autom\u00e1tica | Comau<\/title>\n<meta name=\"description\" content=\"Descubra a m\u00e1quina de montagem autom\u00e1tica Versaroll, que se destaca pela rapidez e flexibilidade em processos de automa\u00e7\u00e3o industrial.\" \/>\n<meta name=\"robots\" content=\"index, follow, max-snippet:-1, max-image-preview:large, max-video-preview:-1\" \/>\n<link rel=\"canonical\" href=\"https:\/\/www.comau.com\/pt-br\/competencies\/systems\/versaroll\/\" \/>\n<meta property=\"og:locale\" content=\"pt_BR\" \/>\n<meta property=\"og:type\" content=\"article\" \/>\n<meta property=\"og:title\" content=\"Versaroll - m\u00e1quina de montagem autom\u00e1tica | Comau\" \/>\n<meta property=\"og:description\" content=\"Descubra a m\u00e1quina de montagem autom\u00e1tica Versaroll, que se destaca pela rapidez e flexibilidade em processos de automa\u00e7\u00e3o industrial.\" \/>\n<meta property=\"og:url\" content=\"https:\/\/www.comau.com\/pt-br\/competencies\/systems\/versaroll\/\" \/>\n<meta property=\"og:site_name\" content=\"Comau\" \/>\n<meta property=\"article:publisher\" content=\"https:\/\/www.facebook.com\/COMAU\/\" \/>\n<meta property=\"article:modified_time\" content=\"2022-02-08T09:14:14+00:00\" \/>\n<meta property=\"og:image\" content=\"https:\/\/www.comau.com\/wp-content\/uploads\/2021\/06\/versaroll_header.jpg\" \/>\n\t<meta property=\"og:image:width\" content=\"1280\" \/>\n\t<meta property=\"og:image:height\" content=\"485\" \/>\n\t<meta property=\"og:image:type\" content=\"image\/jpeg\" \/>\n<meta name=\"twitter:card\" content=\"summary_large_image\" \/>\n<meta name=\"twitter:site\" content=\"@comaugroup\" \/>\n<meta name=\"twitter:label1\" content=\"Est. tempo de leitura\" \/>\n\t<meta name=\"twitter:data1\" content=\"1 minuto\" \/>\n<script type=\"application\/ld+json\" class=\"yoast-schema-graph\">{\"@context\":\"https:\/\/schema.org\",\"@graph\":[{\"@type\":\"WebPage\",\"@id\":\"https:\/\/www.comau.com\/pt-br\/competencies\/systems\/versaroll\/\",\"url\":\"https:\/\/www.comau.com\/pt-br\/competencies\/systems\/versaroll\/\",\"name\":\"Versaroll - m\u00e1quina de montagem autom\u00e1tica | Comau\",\"isPartOf\":{\"@id\":\"https:\/\/www.comau.com\/pt-br\/#website\"},\"primaryImageOfPage\":{\"@id\":\"https:\/\/www.comau.com\/pt-br\/competencies\/systems\/versaroll\/#primaryimage\"},\"image\":{\"@id\":\"https:\/\/www.comau.com\/pt-br\/competencies\/systems\/versaroll\/#primaryimage\"},\"thumbnailUrl\":\"https:\/\/www.comau.com\/wp-content\/uploads\/2021\/06\/versaroll_header.jpg\",\"datePublished\":\"2021-06-07T14:00:00+00:00\",\"dateModified\":\"2022-02-08T09:14:14+00:00\",\"description\":\"Descubra a m\u00e1quina de montagem autom\u00e1tica Versaroll, que se destaca pela rapidez e flexibilidade em processos de automa\u00e7\u00e3o industrial.\",\"breadcrumb\":{\"@id\":\"https:\/\/www.comau.com\/pt-br\/competencies\/systems\/versaroll\/#breadcrumb\"},\"inLanguage\":\"pt-BR\",\"potentialAction\":[{\"@type\":\"ReadAction\",\"target\":[\"https:\/\/www.comau.com\/pt-br\/competencies\/systems\/versaroll\/\"]}]},{\"@type\":\"ImageObject\",\"inLanguage\":\"pt-BR\",\"@id\":\"https:\/\/www.comau.com\/pt-br\/competencies\/systems\/versaroll\/#primaryimage\",\"url\":\"https:\/\/www.comau.com\/wp-content\/uploads\/2021\/06\/versaroll_header.jpg\",\"contentUrl\":\"https:\/\/www.comau.com\/wp-content\/uploads\/2021\/06\/versaroll_header.jpg\",\"width\":1280,\"height\":485},{\"@type\":\"BreadcrumbList\",\"@id\":\"https:\/\/www.comau.com\/pt-br\/competencies\/systems\/versaroll\/#breadcrumb\",\"itemListElement\":[{\"@type\":\"ListItem\",\"position\":1,\"name\":\"Home\",\"item\":\"https:\/\/www.comau.com\/pt-br\/\"},{\"@type\":\"ListItem\",\"position\":2,\"name\":\"Nossas Compet\u00eancias\",\"item\":\"https:\/\/www.comau.com\/pt-br\/competencies\/\"},{\"@type\":\"ListItem\",\"position\":3,\"name\":\"Body Assembly\",\"item\":\"https:\/\/www.comau.com\/pt-br\/competencies\/body-assembly\/\"},{\"@type\":\"ListItem\",\"position\":4,\"name\":\"Solu\u00e7\u00f5es\",\"item\":\"https:\/\/www.comau.com\/pt-br\/competencies\/body-assembly\/solutions\/\"},{\"@type\":\"ListItem\",\"position\":5,\"name\":\"VersaRoll\"}]},{\"@type\":\"WebSite\",\"@id\":\"https:\/\/www.comau.com\/pt-br\/#website\",\"url\":\"https:\/\/www.comau.com\/pt-br\/\",\"name\":\"Comau\",\"description\":\"Industrial automation and robotics\",\"publisher\":{\"@id\":\"https:\/\/www.comau.com\/pt-br\/#organization\"},\"potentialAction\":[{\"@type\":\"SearchAction\",\"target\":{\"@type\":\"EntryPoint\",\"urlTemplate\":\"https:\/\/www.comau.com\/pt-br\/?s={search_term_string}\"},\"query-input\":{\"@type\":\"PropertyValueSpecification\",\"valueRequired\":true,\"valueName\":\"search_term_string\"}}],\"inLanguage\":\"pt-BR\"},{\"@type\":\"Organization\",\"@id\":\"https:\/\/www.comau.com\/pt-br\/#organization\",\"name\":\"Comau\",\"url\":\"https:\/\/www.comau.com\/pt-br\/\",\"logo\":{\"@type\":\"ImageObject\",\"inLanguage\":\"pt-BR\",\"@id\":\"https:\/\/www.comau.com\/pt-br\/#\/schema\/logo\/image\/\",\"url\":\"https:\/\/www.comau.com\/wp-content\/uploads\/2024\/07\/cropped-Logo-COMAU.png\",\"contentUrl\":\"https:\/\/www.comau.com\/wp-content\/uploads\/2024\/07\/cropped-Logo-COMAU.png\",\"width\":434,\"height\":434,\"caption\":\"Comau\"},\"image\":{\"@id\":\"https:\/\/www.comau.com\/pt-br\/#\/schema\/logo\/image\/\"},\"sameAs\":[\"https:\/\/www.facebook.com\/COMAU\/\",\"https:\/\/x.com\/comaugroup\",\"https:\/\/www.instagram.com\/comaugroup\/\",\"https:\/\/www.linkedin.com\/company\/comau\",\"https:\/\/www.youtube.com\/user\/comau\"]}]}<\/script>\n<!-- \/ Yoast SEO plugin. -->","yoast_head_json":{"title":"Versaroll - m\u00e1quina de montagem autom\u00e1tica | Comau","description":"Descubra a m\u00e1quina de montagem autom\u00e1tica Versaroll, que se destaca pela rapidez e flexibilidade em processos de automa\u00e7\u00e3o industrial.","robots":{"index":"index","follow":"follow","max-snippet":"max-snippet:-1","max-image-preview":"max-image-preview:large","max-video-preview":"max-video-preview:-1"},"canonical":"https:\/\/www.comau.com\/pt-br\/competencies\/systems\/versaroll\/","og_locale":"pt_BR","og_type":"article","og_title":"Versaroll - m\u00e1quina de montagem autom\u00e1tica | Comau","og_description":"Descubra a m\u00e1quina de montagem autom\u00e1tica Versaroll, que se destaca pela rapidez e flexibilidade em processos de automa\u00e7\u00e3o industrial.","og_url":"https:\/\/www.comau.com\/pt-br\/competencies\/systems\/versaroll\/","og_site_name":"Comau","article_publisher":"https:\/\/www.facebook.com\/COMAU\/","article_modified_time":"2022-02-08T09:14:14+00:00","og_image":[{"width":1280,"height":485,"url":"https:\/\/www.comau.com\/wp-content\/uploads\/2021\/06\/versaroll_header.jpg","type":"image\/jpeg"}],"twitter_card":"summary_large_image","twitter_site":"@comaugroup","twitter_misc":{"Est. tempo de leitura":"1 minuto"},"schema":{"@context":"https:\/\/schema.org","@graph":[{"@type":"WebPage","@id":"https:\/\/www.comau.com\/pt-br\/competencies\/systems\/versaroll\/","url":"https:\/\/www.comau.com\/pt-br\/competencies\/systems\/versaroll\/","name":"Versaroll - m\u00e1quina de montagem autom\u00e1tica | Comau","isPartOf":{"@id":"https:\/\/www.comau.com\/pt-br\/#website"},"primaryImageOfPage":{"@id":"https:\/\/www.comau.com\/pt-br\/competencies\/systems\/versaroll\/#primaryimage"},"image":{"@id":"https:\/\/www.comau.com\/pt-br\/competencies\/systems\/versaroll\/#primaryimage"},"thumbnailUrl":"https:\/\/www.comau.com\/wp-content\/uploads\/2021\/06\/versaroll_header.jpg","datePublished":"2021-06-07T14:00:00+00:00","dateModified":"2022-02-08T09:14:14+00:00","description":"Descubra a m\u00e1quina de montagem autom\u00e1tica Versaroll, que se destaca pela rapidez e flexibilidade em processos de automa\u00e7\u00e3o industrial.","breadcrumb":{"@id":"https:\/\/www.comau.com\/pt-br\/competencies\/systems\/versaroll\/#breadcrumb"},"inLanguage":"pt-BR","potentialAction":[{"@type":"ReadAction","target":["https:\/\/www.comau.com\/pt-br\/competencies\/systems\/versaroll\/"]}]},{"@type":"ImageObject","inLanguage":"pt-BR","@id":"https:\/\/www.comau.com\/pt-br\/competencies\/systems\/versaroll\/#primaryimage","url":"https:\/\/www.comau.com\/wp-content\/uploads\/2021\/06\/versaroll_header.jpg","contentUrl":"https:\/\/www.comau.com\/wp-content\/uploads\/2021\/06\/versaroll_header.jpg","width":1280,"height":485},{"@type":"BreadcrumbList","@id":"https:\/\/www.comau.com\/pt-br\/competencies\/systems\/versaroll\/#breadcrumb","itemListElement":[{"@type":"ListItem","position":1,"name":"Home","item":"https:\/\/www.comau.com\/pt-br\/"},{"@type":"ListItem","position":2,"name":"Nossas Compet\u00eancias","item":"https:\/\/www.comau.com\/pt-br\/competencies\/"},{"@type":"ListItem","position":3,"name":"Body Assembly","item":"https:\/\/www.comau.com\/pt-br\/competencies\/body-assembly\/"},{"@type":"ListItem","position":4,"name":"Solu\u00e7\u00f5es","item":"https:\/\/www.comau.com\/pt-br\/competencies\/body-assembly\/solutions\/"},{"@type":"ListItem","position":5,"name":"VersaRoll"}]},{"@type":"WebSite","@id":"https:\/\/www.comau.com\/pt-br\/#website","url":"https:\/\/www.comau.com\/pt-br\/","name":"Comau","description":"Industrial automation and robotics","publisher":{"@id":"https:\/\/www.comau.com\/pt-br\/#organization"},"potentialAction":[{"@type":"SearchAction","target":{"@type":"EntryPoint","urlTemplate":"https:\/\/www.comau.com\/pt-br\/?s={search_term_string}"},"query-input":{"@type":"PropertyValueSpecification","valueRequired":true,"valueName":"search_term_string"}}],"inLanguage":"pt-BR"},{"@type":"Organization","@id":"https:\/\/www.comau.com\/pt-br\/#organization","name":"Comau","url":"https:\/\/www.comau.com\/pt-br\/","logo":{"@type":"ImageObject","inLanguage":"pt-BR","@id":"https:\/\/www.comau.com\/pt-br\/#\/schema\/logo\/image\/","url":"https:\/\/www.comau.com\/wp-content\/uploads\/2024\/07\/cropped-Logo-COMAU.png","contentUrl":"https:\/\/www.comau.com\/wp-content\/uploads\/2024\/07\/cropped-Logo-COMAU.png","width":434,"height":434,"caption":"Comau"},"image":{"@id":"https:\/\/www.comau.com\/pt-br\/#\/schema\/logo\/image\/"},"sameAs":["https:\/\/www.facebook.com\/COMAU\/","https:\/\/x.com\/comaugroup","https:\/\/www.instagram.com\/comaugroup\/","https:\/\/www.linkedin.com\/company\/comau","https:\/\/www.youtube.com\/user\/comau"]}]}},"_links":{"self":[{"href":"https:\/\/www.comau.com\/pt-br\/wp-json\/wp\/v2\/pages\/5056","targetHints":{"allow":["GET"]}}],"collection":[{"href":"https:\/\/www.comau.com\/pt-br\/wp-json\/wp\/v2\/pages"}],"about":[{"href":"https:\/\/www.comau.com\/pt-br\/wp-json\/wp\/v2\/types\/page"}],"author":[{"embeddable":true,"href":"https:\/\/www.comau.com\/pt-br\/wp-json\/wp\/v2\/users\/11"}],"replies":[{"embeddable":true,"href":"https:\/\/www.comau.com\/pt-br\/wp-json\/wp\/v2\/comments?post=5056"}],"version-history":[{"count":27,"href":"https:\/\/www.comau.com\/pt-br\/wp-json\/wp\/v2\/pages\/5056\/revisions"}],"predecessor-version":[{"id":42130,"href":"https:\/\/www.comau.com\/pt-br\/wp-json\/wp\/v2\/pages\/5056\/revisions\/42130"}],"up":[{"embeddable":true,"href":"https:\/\/www.comau.com\/pt-br\/wp-json\/wp\/v2\/pages\/64926"}],"wp:featuredmedia":[{"embeddable":true,"href":"https:\/\/www.comau.com\/pt-br\/wp-json\/wp\/v2\/media\/5086"}],"wp:attachment":[{"href":"https:\/\/www.comau.com\/pt-br\/wp-json\/wp\/v2\/media?parent=5056"}],"curies":[{"name":"wp","href":"https:\/\/api.w.org\/{rel}","templated":true}]}}