{"id":5051,"date":"2021-06-07T15:59:38","date_gmt":"2021-06-07T13:59:38","guid":{"rendered":"https:\/\/www.comau.com\/?page_id=5051"},"modified":"2021-08-27T17:56:19","modified_gmt":"2021-08-27T15:56:19","slug":"versapallet","status":"publish","type":"page","link":"https:\/\/www.comau.com\/pt-br\/competencies\/systems\/versapallet\/","title":{"rendered":"VersaPallet"},"content":{"rendered":"\n<p>VersaPallet \u00e9 um sistema de movimenta\u00e7\u00e3o \u2018em-linha\u2019 baseado na geometria precisa que desloca os elementos em linhas de produ\u00e7\u00e3o. Substitui o ferramental de assolhado em \u2018Body-shops\u2019 e oferece flexibilidade para v\u00e1rios modelos em um \u00fanico sistema. Tipicamente usado para respot do assoalho, framing e respost do framing.<\/p>\n\n\n\n<p>Muitas destas aplica\u00e7\u00f5es tem sido vendidas para as principais empresas automotivas nos Estados Unidos, China, M\u00e9xico e Europa para assoalho e laterais.<\/p>\n\n\n\n<div class=\"wp-block-image\"><figure class=\"aligncenter size-large\"><img decoding=\"async\" width=\"1024\" height=\"348\" src=\"https:\/\/www.comau.com\/wp-content\/uploads\/2021\/06\/versapallet_1-1024x348.jpg\" alt=\"\" class=\"wp-image-480\" srcset=\"https:\/\/www.comau.com\/wp-content\/uploads\/2021\/06\/versapallet_1-1024x348.jpg 1024w, https:\/\/www.comau.com\/wp-content\/uploads\/2021\/06\/versapallet_1-300x102.jpg 300w, https:\/\/www.comau.com\/wp-content\/uploads\/2021\/06\/versapallet_1-768x261.jpg 768w, https:\/\/www.comau.com\/wp-content\/uploads\/2021\/06\/versapallet_1.jpg 1179w\" sizes=\"(max-width: 1024px) 100vw, 1024px\" \/><\/figure><\/div>\n\n\n\n<h2 class=\"wp-block-heading\">Caracter\u00edsticas do Produto<\/h2>\n\n\n\n<ul class=\"wp-block-list\"><li>Esteira Alta velocidade (tempo de solda a solda \u2013 6 segundos)<\/li><li>Solu\u00e7\u00e3o para controle de circuitos \u2013 VersaDrive e VersaCoder<\/li><li>Movimenta\u00e7\u00e3o de alta velocidade \u2013 reduz o n\u00famero de esta\u00e7\u00f5es necess\u00e1rias<\/li><li>Sem bot\u00f5es para movimenta\u00e7\u00e3o \u2013 Alta confiabilidade<\/li><li>N\u00e3o requer ajustes \u2013 Simples de manter<\/li><li>Alta precis\u00e3o de posicionamento (+\/-0,5mm)<\/li><li>Alta precis\u00e3o geom\u00e9trica com Geo-Pallet (+\/- 0,1mm)<\/li><li>Sem tubos ou fios no Geo-Pallet<\/li><\/ul>\n\n\n\n<p>Garantia e suporte de Profissionais experts em Engenharia e Processos. Distribui\u00e7\u00e3o global dispon\u00edvel com suporte pr\u00f3prio.<\/p>\n","protected":false},"excerpt":{"rendered":"<p>VersaPallet \u00e9 um sistema de movimenta\u00e7\u00e3o \u2018em-linha\u2019 baseado na geometria precisa que desloca os elementos em linhas de produ\u00e7\u00e3o. Substitui o ferramental de assolhado em \u2018Body-shops\u2019 e oferece flexibilidade para v\u00e1rios modelos em um \u00fanico sistema. Tipicamente usado para respot do assoalho, framing e respost do framing. Muitas destas aplica\u00e7\u00f5es tem sido vendidas para as [&hellip;]<\/p>\n","protected":false},"author":11,"featured_media":5087,"parent":64926,"menu_order":0,"comment_status":"closed","ping_status":"closed","template":"","meta":{"_acf_changed":false,"ep_exclude_from_search":false,"footnotes":""},"class_list":["post-5051","page","type-page","status-publish","has-post-thumbnail","hentry"],"acf":[],"yoast_head":"<!-- This site is optimized with the Yoast SEO plugin v26.9 - https:\/\/yoast.com\/product\/yoast-seo-wordpress\/ -->\n<title>VersaPallet: solu\u00e7\u00f5es produtivas de automa\u00e7\u00e3o industrial - Comau<\/title>\n<meta name=\"description\" content=\"VersaPallet, Movimenta\u00e7\u00e3o de alta velocidade. A solu\u00e7\u00e3o de automa\u00e7\u00e3o industrial projetada pela Comau para aumentar a produtividade.\" \/>\n<meta name=\"robots\" content=\"index, follow, max-snippet:-1, max-image-preview:large, max-video-preview:-1\" \/>\n<link rel=\"canonical\" href=\"https:\/\/www.comau.com\/pt-br\/competencies\/systems\/versapallet\/\" \/>\n<meta property=\"og:locale\" content=\"pt_BR\" \/>\n<meta property=\"og:type\" content=\"article\" \/>\n<meta property=\"og:title\" content=\"VersaPallet: solu\u00e7\u00f5es produtivas de automa\u00e7\u00e3o industrial - Comau\" \/>\n<meta property=\"og:description\" content=\"VersaPallet, Movimenta\u00e7\u00e3o de alta velocidade. A solu\u00e7\u00e3o de automa\u00e7\u00e3o industrial projetada pela Comau para aumentar a produtividade.\" \/>\n<meta property=\"og:url\" content=\"https:\/\/www.comau.com\/pt-br\/competencies\/systems\/versapallet\/\" \/>\n<meta property=\"og:site_name\" content=\"Comau\" \/>\n<meta property=\"article:publisher\" content=\"https:\/\/www.facebook.com\/COMAU\/\" \/>\n<meta property=\"article:modified_time\" content=\"2021-08-27T15:56:19+00:00\" \/>\n<meta property=\"og:image\" content=\"https:\/\/www.comau.com\/wp-content\/uploads\/2021\/06\/versapallet_header.jpg\" \/>\n\t<meta property=\"og:image:width\" content=\"1280\" \/>\n\t<meta property=\"og:image:height\" content=\"485\" \/>\n\t<meta property=\"og:image:type\" content=\"image\/jpeg\" \/>\n<meta name=\"twitter:card\" content=\"summary_large_image\" \/>\n<meta name=\"twitter:site\" content=\"@comaugroup\" \/>\n<meta name=\"twitter:label1\" content=\"Est. tempo de leitura\" \/>\n\t<meta name=\"twitter:data1\" content=\"1 minuto\" \/>\n<script type=\"application\/ld+json\" class=\"yoast-schema-graph\">{\"@context\":\"https:\/\/schema.org\",\"@graph\":[{\"@type\":\"WebPage\",\"@id\":\"https:\/\/www.comau.com\/pt-br\/competencies\/systems\/versapallet\/\",\"url\":\"https:\/\/www.comau.com\/pt-br\/competencies\/systems\/versapallet\/\",\"name\":\"VersaPallet: solu\u00e7\u00f5es produtivas de automa\u00e7\u00e3o industrial - Comau\",\"isPartOf\":{\"@id\":\"https:\/\/www.comau.com\/pt-br\/#website\"},\"primaryImageOfPage\":{\"@id\":\"https:\/\/www.comau.com\/pt-br\/competencies\/systems\/versapallet\/#primaryimage\"},\"image\":{\"@id\":\"https:\/\/www.comau.com\/pt-br\/competencies\/systems\/versapallet\/#primaryimage\"},\"thumbnailUrl\":\"https:\/\/www.comau.com\/wp-content\/uploads\/2021\/06\/versapallet_header.jpg\",\"datePublished\":\"2021-06-07T13:59:38+00:00\",\"dateModified\":\"2021-08-27T15:56:19+00:00\",\"description\":\"VersaPallet, Movimenta\u00e7\u00e3o de alta velocidade. A solu\u00e7\u00e3o de automa\u00e7\u00e3o industrial projetada pela Comau para aumentar a produtividade.\",\"breadcrumb\":{\"@id\":\"https:\/\/www.comau.com\/pt-br\/competencies\/systems\/versapallet\/#breadcrumb\"},\"inLanguage\":\"pt-BR\",\"potentialAction\":[{\"@type\":\"ReadAction\",\"target\":[\"https:\/\/www.comau.com\/pt-br\/competencies\/systems\/versapallet\/\"]}]},{\"@type\":\"ImageObject\",\"inLanguage\":\"pt-BR\",\"@id\":\"https:\/\/www.comau.com\/pt-br\/competencies\/systems\/versapallet\/#primaryimage\",\"url\":\"https:\/\/www.comau.com\/wp-content\/uploads\/2021\/06\/versapallet_header.jpg\",\"contentUrl\":\"https:\/\/www.comau.com\/wp-content\/uploads\/2021\/06\/versapallet_header.jpg\",\"width\":1280,\"height\":485},{\"@type\":\"BreadcrumbList\",\"@id\":\"https:\/\/www.comau.com\/pt-br\/competencies\/systems\/versapallet\/#breadcrumb\",\"itemListElement\":[{\"@type\":\"ListItem\",\"position\":1,\"name\":\"Home\",\"item\":\"https:\/\/www.comau.com\/pt-br\/\"},{\"@type\":\"ListItem\",\"position\":2,\"name\":\"Nossas Compet\u00eancias\",\"item\":\"https:\/\/www.comau.com\/pt-br\/competencies\/\"},{\"@type\":\"ListItem\",\"position\":3,\"name\":\"Body Assembly\",\"item\":\"https:\/\/www.comau.com\/pt-br\/competencies\/body-assembly\/\"},{\"@type\":\"ListItem\",\"position\":4,\"name\":\"Solu\u00e7\u00f5es\",\"item\":\"https:\/\/www.comau.com\/pt-br\/competencies\/body-assembly\/solutions\/\"},{\"@type\":\"ListItem\",\"position\":5,\"name\":\"VersaPallet\"}]},{\"@type\":\"WebSite\",\"@id\":\"https:\/\/www.comau.com\/pt-br\/#website\",\"url\":\"https:\/\/www.comau.com\/pt-br\/\",\"name\":\"Comau\",\"description\":\"Industrial automation and robotics\",\"publisher\":{\"@id\":\"https:\/\/www.comau.com\/pt-br\/#organization\"},\"potentialAction\":[{\"@type\":\"SearchAction\",\"target\":{\"@type\":\"EntryPoint\",\"urlTemplate\":\"https:\/\/www.comau.com\/pt-br\/?s={search_term_string}\"},\"query-input\":{\"@type\":\"PropertyValueSpecification\",\"valueRequired\":true,\"valueName\":\"search_term_string\"}}],\"inLanguage\":\"pt-BR\"},{\"@type\":\"Organization\",\"@id\":\"https:\/\/www.comau.com\/pt-br\/#organization\",\"name\":\"Comau\",\"url\":\"https:\/\/www.comau.com\/pt-br\/\",\"logo\":{\"@type\":\"ImageObject\",\"inLanguage\":\"pt-BR\",\"@id\":\"https:\/\/www.comau.com\/pt-br\/#\/schema\/logo\/image\/\",\"url\":\"https:\/\/www.comau.com\/wp-content\/uploads\/2024\/07\/cropped-Logo-COMAU.png\",\"contentUrl\":\"https:\/\/www.comau.com\/wp-content\/uploads\/2024\/07\/cropped-Logo-COMAU.png\",\"width\":434,\"height\":434,\"caption\":\"Comau\"},\"image\":{\"@id\":\"https:\/\/www.comau.com\/pt-br\/#\/schema\/logo\/image\/\"},\"sameAs\":[\"https:\/\/www.facebook.com\/COMAU\/\",\"https:\/\/x.com\/comaugroup\",\"https:\/\/www.instagram.com\/comaugroup\/\",\"https:\/\/www.linkedin.com\/company\/comau\",\"https:\/\/www.youtube.com\/user\/comau\"]}]}<\/script>\n<!-- \/ Yoast SEO plugin. -->","yoast_head_json":{"title":"VersaPallet: solu\u00e7\u00f5es produtivas de automa\u00e7\u00e3o industrial - Comau","description":"VersaPallet, Movimenta\u00e7\u00e3o de alta velocidade. A solu\u00e7\u00e3o de automa\u00e7\u00e3o industrial projetada pela Comau para aumentar a produtividade.","robots":{"index":"index","follow":"follow","max-snippet":"max-snippet:-1","max-image-preview":"max-image-preview:large","max-video-preview":"max-video-preview:-1"},"canonical":"https:\/\/www.comau.com\/pt-br\/competencies\/systems\/versapallet\/","og_locale":"pt_BR","og_type":"article","og_title":"VersaPallet: solu\u00e7\u00f5es produtivas de automa\u00e7\u00e3o industrial - Comau","og_description":"VersaPallet, Movimenta\u00e7\u00e3o de alta velocidade. A solu\u00e7\u00e3o de automa\u00e7\u00e3o industrial projetada pela Comau para aumentar a produtividade.","og_url":"https:\/\/www.comau.com\/pt-br\/competencies\/systems\/versapallet\/","og_site_name":"Comau","article_publisher":"https:\/\/www.facebook.com\/COMAU\/","article_modified_time":"2021-08-27T15:56:19+00:00","og_image":[{"width":1280,"height":485,"url":"https:\/\/www.comau.com\/wp-content\/uploads\/2021\/06\/versapallet_header.jpg","type":"image\/jpeg"}],"twitter_card":"summary_large_image","twitter_site":"@comaugroup","twitter_misc":{"Est. tempo de leitura":"1 minuto"},"schema":{"@context":"https:\/\/schema.org","@graph":[{"@type":"WebPage","@id":"https:\/\/www.comau.com\/pt-br\/competencies\/systems\/versapallet\/","url":"https:\/\/www.comau.com\/pt-br\/competencies\/systems\/versapallet\/","name":"VersaPallet: solu\u00e7\u00f5es produtivas de automa\u00e7\u00e3o industrial - Comau","isPartOf":{"@id":"https:\/\/www.comau.com\/pt-br\/#website"},"primaryImageOfPage":{"@id":"https:\/\/www.comau.com\/pt-br\/competencies\/systems\/versapallet\/#primaryimage"},"image":{"@id":"https:\/\/www.comau.com\/pt-br\/competencies\/systems\/versapallet\/#primaryimage"},"thumbnailUrl":"https:\/\/www.comau.com\/wp-content\/uploads\/2021\/06\/versapallet_header.jpg","datePublished":"2021-06-07T13:59:38+00:00","dateModified":"2021-08-27T15:56:19+00:00","description":"VersaPallet, Movimenta\u00e7\u00e3o de alta velocidade. A solu\u00e7\u00e3o de automa\u00e7\u00e3o industrial projetada pela Comau para aumentar a produtividade.","breadcrumb":{"@id":"https:\/\/www.comau.com\/pt-br\/competencies\/systems\/versapallet\/#breadcrumb"},"inLanguage":"pt-BR","potentialAction":[{"@type":"ReadAction","target":["https:\/\/www.comau.com\/pt-br\/competencies\/systems\/versapallet\/"]}]},{"@type":"ImageObject","inLanguage":"pt-BR","@id":"https:\/\/www.comau.com\/pt-br\/competencies\/systems\/versapallet\/#primaryimage","url":"https:\/\/www.comau.com\/wp-content\/uploads\/2021\/06\/versapallet_header.jpg","contentUrl":"https:\/\/www.comau.com\/wp-content\/uploads\/2021\/06\/versapallet_header.jpg","width":1280,"height":485},{"@type":"BreadcrumbList","@id":"https:\/\/www.comau.com\/pt-br\/competencies\/systems\/versapallet\/#breadcrumb","itemListElement":[{"@type":"ListItem","position":1,"name":"Home","item":"https:\/\/www.comau.com\/pt-br\/"},{"@type":"ListItem","position":2,"name":"Nossas Compet\u00eancias","item":"https:\/\/www.comau.com\/pt-br\/competencies\/"},{"@type":"ListItem","position":3,"name":"Body Assembly","item":"https:\/\/www.comau.com\/pt-br\/competencies\/body-assembly\/"},{"@type":"ListItem","position":4,"name":"Solu\u00e7\u00f5es","item":"https:\/\/www.comau.com\/pt-br\/competencies\/body-assembly\/solutions\/"},{"@type":"ListItem","position":5,"name":"VersaPallet"}]},{"@type":"WebSite","@id":"https:\/\/www.comau.com\/pt-br\/#website","url":"https:\/\/www.comau.com\/pt-br\/","name":"Comau","description":"Industrial automation and robotics","publisher":{"@id":"https:\/\/www.comau.com\/pt-br\/#organization"},"potentialAction":[{"@type":"SearchAction","target":{"@type":"EntryPoint","urlTemplate":"https:\/\/www.comau.com\/pt-br\/?s={search_term_string}"},"query-input":{"@type":"PropertyValueSpecification","valueRequired":true,"valueName":"search_term_string"}}],"inLanguage":"pt-BR"},{"@type":"Organization","@id":"https:\/\/www.comau.com\/pt-br\/#organization","name":"Comau","url":"https:\/\/www.comau.com\/pt-br\/","logo":{"@type":"ImageObject","inLanguage":"pt-BR","@id":"https:\/\/www.comau.com\/pt-br\/#\/schema\/logo\/image\/","url":"https:\/\/www.comau.com\/wp-content\/uploads\/2024\/07\/cropped-Logo-COMAU.png","contentUrl":"https:\/\/www.comau.com\/wp-content\/uploads\/2024\/07\/cropped-Logo-COMAU.png","width":434,"height":434,"caption":"Comau"},"image":{"@id":"https:\/\/www.comau.com\/pt-br\/#\/schema\/logo\/image\/"},"sameAs":["https:\/\/www.facebook.com\/COMAU\/","https:\/\/x.com\/comaugroup","https:\/\/www.instagram.com\/comaugroup\/","https:\/\/www.linkedin.com\/company\/comau","https:\/\/www.youtube.com\/user\/comau"]}]}},"_links":{"self":[{"href":"https:\/\/www.comau.com\/pt-br\/wp-json\/wp\/v2\/pages\/5051","targetHints":{"allow":["GET"]}}],"collection":[{"href":"https:\/\/www.comau.com\/pt-br\/wp-json\/wp\/v2\/pages"}],"about":[{"href":"https:\/\/www.comau.com\/pt-br\/wp-json\/wp\/v2\/types\/page"}],"author":[{"embeddable":true,"href":"https:\/\/www.comau.com\/pt-br\/wp-json\/wp\/v2\/users\/11"}],"replies":[{"embeddable":true,"href":"https:\/\/www.comau.com\/pt-br\/wp-json\/wp\/v2\/comments?post=5051"}],"version-history":[{"count":16,"href":"https:\/\/www.comau.com\/pt-br\/wp-json\/wp\/v2\/pages\/5051\/revisions"}],"predecessor-version":[{"id":38638,"href":"https:\/\/www.comau.com\/pt-br\/wp-json\/wp\/v2\/pages\/5051\/revisions\/38638"}],"up":[{"embeddable":true,"href":"https:\/\/www.comau.com\/pt-br\/wp-json\/wp\/v2\/pages\/64926"}],"wp:featuredmedia":[{"embeddable":true,"href":"https:\/\/www.comau.com\/pt-br\/wp-json\/wp\/v2\/media\/5087"}],"wp:attachment":[{"href":"https:\/\/www.comau.com\/pt-br\/wp-json\/wp\/v2\/media?parent=5051"}],"curies":[{"name":"wp","href":"https:\/\/api.w.org\/{rel}","templated":true}]}}