{"id":5046,"date":"2021-06-07T15:59:13","date_gmt":"2021-06-07T13:59:13","guid":{"rendered":"https:\/\/www.comau.com\/?page_id=5046"},"modified":"2023-09-12T05:05:34","modified_gmt":"2023-09-12T03:05:34","slug":"open-robogate","status":"publish","type":"page","link":"https:\/\/www.comau.com\/pt-br\/competencies\/systems\/open-robogate\/","title":{"rendered":"Open RoboGate"},"content":{"rendered":"\n<p>O OpenRobogate\u00ae \u00e9 uma estrutura forte com alta repetibilidade e modularidade. A rigidez da estrutura e a for\u00e7a de fechamento (em dire\u00e7\u00e3o \u201cY\u201d) garantem alta repetibilidade, enquanto a modularidade para a inclus\u00e3o de novos modelos garantem investimento escalabilidade.<\/p>\n\n\n<div class=\"wp-block-image\">\n<figure class=\"aligncenter size-large\"><img decoding=\"async\" width=\"1024\" height=\"522\" src=\"https:\/\/www.comau.com\/wp-content\/uploads\/2021\/06\/robogate_1-1024x522.jpg\" alt=\"\" class=\"wp-image-472\" srcset=\"https:\/\/www.comau.com\/wp-content\/uploads\/2021\/06\/robogate_1-1024x522.jpg 1024w, https:\/\/www.comau.com\/wp-content\/uploads\/2021\/06\/robogate_1-300x153.jpg 300w, https:\/\/www.comau.com\/wp-content\/uploads\/2021\/06\/robogate_1-768x391.jpg 768w, https:\/\/www.comau.com\/wp-content\/uploads\/2021\/06\/robogate_1.jpg 1176w\" sizes=\"(max-width: 1024px) 100vw, 1024px\" \/><\/figure>\n<\/div>\n\n\n<h2 class=\"wp-block-heading\" id=\"caracteristicas-do-produto\">Caracter\u00edsticas do Produto<\/h2>\n\n\n\n<ul class=\"wp-block-list\">\n<li>Flexibilidade de at\u00e9 6 modelos<\/li>\n\n\n\n<li>For\u00e7a de fechamento superior \u00e0 50KN em dire\u00e7\u00e3o \u201cY\u201d<\/li>\n\n\n\n<li>Alta repetibilidade<\/li>\n\n\n\n<li>At\u00e9 18 rob\u00f4s de solda<\/li>\n\n\n\n<li>At\u00e9 100 pontos de solda (60 JPH)<\/li>\n<\/ul>\n\n\n\n<p>Garantia e suporte de Profissionais experts em Engenharia e Processos para ajustar a solu\u00e7\u00e3o \u00e0s necessidade dos processos em cada  instala\u00e7\u00e3o.<\/p>\n\n\n\n<p>Mais de 180 aplica\u00e7\u00f5es em todo o mundo. Vendido para os principais empresas automobil\u00edsticas.<\/p>\n\n\n\n<h2 class=\"wp-block-heading\" id=\"open-robogate-s-wl14\">Open RoboGate &#8220;S&#8221; &#8211; WL14<\/h2>\n\n\n\n<div class=\"wp-block-buttons is-layout-flex wp-block-buttons-is-layout-flex\">\n<div class=\"wp-block-button\"><a class=\"wp-block-button__link wp-element-button\" href=\"https:\/\/www.comau.com\/wp-content\/uploads\/2021\/06\/openRobogate.pdf\" target=\"_blank\" rel=\"noreferrer noopener\">Download<\/a><\/div>\n<\/div>\n\n\n\n<p><\/p>\n","protected":false},"excerpt":{"rendered":"<p>O OpenRobogate\u00ae \u00e9 uma estrutura forte com alta repetibilidade e modularidade. A rigidez da estrutura e a for\u00e7a de fechamento (em dire\u00e7\u00e3o \u201cY\u201d) garantem alta repetibilidade, enquanto a modularidade para a inclus\u00e3o de novos modelos garantem investimento escalabilidade. Caracter\u00edsticas do Produto Garantia e suporte de Profissionais experts em Engenharia e Processos para ajustar a solu\u00e7\u00e3o [&hellip;]<\/p>\n","protected":false},"author":11,"featured_media":5088,"parent":64926,"menu_order":0,"comment_status":"closed","ping_status":"closed","template":"","meta":{"_acf_changed":false,"ep_exclude_from_search":false,"footnotes":""},"class_list":["post-5046","page","type-page","status-publish","has-post-thumbnail","hentry"],"acf":[],"yoast_head":"<!-- This site is optimized with the Yoast SEO plugin v26.9 - https:\/\/yoast.com\/product\/yoast-seo-wordpress\/ -->\n<title>Robogate aberto: linhas de produ\u00e7\u00e3o autom\u00e1ticas | Comau<\/title>\n<meta name=\"description\" content=\"Conhe\u00e7a o Robagate aberto, uma solu\u00e7\u00e3o flex\u00edvel que gerencia at\u00e9 18 rob\u00f4s de soldagem, com uma estrutura s\u00f3lida com alta repetibilidade e modularidade.\" \/>\n<meta name=\"robots\" content=\"index, follow, max-snippet:-1, max-image-preview:large, max-video-preview:-1\" \/>\n<link rel=\"canonical\" href=\"https:\/\/www.comau.com\/pt-br\/competencies\/systems\/open-robogate\/\" \/>\n<meta property=\"og:locale\" content=\"pt_BR\" \/>\n<meta property=\"og:type\" content=\"article\" \/>\n<meta property=\"og:title\" content=\"Robogate aberto: linhas de produ\u00e7\u00e3o autom\u00e1ticas | Comau\" \/>\n<meta property=\"og:description\" content=\"Conhe\u00e7a o Robagate aberto, uma solu\u00e7\u00e3o flex\u00edvel que gerencia at\u00e9 18 rob\u00f4s de soldagem, com uma estrutura s\u00f3lida com alta repetibilidade e modularidade.\" \/>\n<meta property=\"og:url\" content=\"https:\/\/www.comau.com\/pt-br\/competencies\/systems\/open-robogate\/\" \/>\n<meta property=\"og:site_name\" content=\"Comau\" \/>\n<meta property=\"article:publisher\" content=\"https:\/\/www.facebook.com\/COMAU\/\" \/>\n<meta property=\"article:modified_time\" content=\"2023-09-12T03:05:34+00:00\" \/>\n<meta property=\"og:image\" content=\"https:\/\/www.comau.com\/wp-content\/uploads\/2021\/06\/ComauFlex_header.jpg\" \/>\n\t<meta property=\"og:image:width\" content=\"1280\" \/>\n\t<meta property=\"og:image:height\" content=\"485\" \/>\n\t<meta property=\"og:image:type\" content=\"image\/jpeg\" \/>\n<meta name=\"twitter:card\" content=\"summary_large_image\" \/>\n<meta name=\"twitter:site\" content=\"@comaugroup\" \/>\n<meta name=\"twitter:label1\" content=\"Est. tempo de leitura\" \/>\n\t<meta name=\"twitter:data1\" content=\"1 minuto\" \/>\n<script type=\"application\/ld+json\" class=\"yoast-schema-graph\">{\"@context\":\"https:\/\/schema.org\",\"@graph\":[{\"@type\":\"WebPage\",\"@id\":\"https:\/\/www.comau.com\/pt-br\/competencies\/systems\/open-robogate\/\",\"url\":\"https:\/\/www.comau.com\/pt-br\/competencies\/systems\/open-robogate\/\",\"name\":\"Robogate aberto: linhas de produ\u00e7\u00e3o autom\u00e1ticas | Comau\",\"isPartOf\":{\"@id\":\"https:\/\/www.comau.com\/pt-br\/#website\"},\"primaryImageOfPage\":{\"@id\":\"https:\/\/www.comau.com\/pt-br\/competencies\/systems\/open-robogate\/#primaryimage\"},\"image\":{\"@id\":\"https:\/\/www.comau.com\/pt-br\/competencies\/systems\/open-robogate\/#primaryimage\"},\"thumbnailUrl\":\"https:\/\/www.comau.com\/wp-content\/uploads\/2021\/06\/ComauFlex_header.jpg\",\"datePublished\":\"2021-06-07T13:59:13+00:00\",\"dateModified\":\"2023-09-12T03:05:34+00:00\",\"description\":\"Conhe\u00e7a o Robagate aberto, uma solu\u00e7\u00e3o flex\u00edvel que gerencia at\u00e9 18 rob\u00f4s de soldagem, com uma estrutura s\u00f3lida com alta repetibilidade e modularidade.\",\"breadcrumb\":{\"@id\":\"https:\/\/www.comau.com\/pt-br\/competencies\/systems\/open-robogate\/#breadcrumb\"},\"inLanguage\":\"pt-BR\",\"potentialAction\":[{\"@type\":\"ReadAction\",\"target\":[\"https:\/\/www.comau.com\/pt-br\/competencies\/systems\/open-robogate\/\"]}]},{\"@type\":\"ImageObject\",\"inLanguage\":\"pt-BR\",\"@id\":\"https:\/\/www.comau.com\/pt-br\/competencies\/systems\/open-robogate\/#primaryimage\",\"url\":\"https:\/\/www.comau.com\/wp-content\/uploads\/2021\/06\/ComauFlex_header.jpg\",\"contentUrl\":\"https:\/\/www.comau.com\/wp-content\/uploads\/2021\/06\/ComauFlex_header.jpg\",\"width\":1280,\"height\":485},{\"@type\":\"BreadcrumbList\",\"@id\":\"https:\/\/www.comau.com\/pt-br\/competencies\/systems\/open-robogate\/#breadcrumb\",\"itemListElement\":[{\"@type\":\"ListItem\",\"position\":1,\"name\":\"Home\",\"item\":\"https:\/\/www.comau.com\/pt-br\/\"},{\"@type\":\"ListItem\",\"position\":2,\"name\":\"Nossas Compet\u00eancias\",\"item\":\"https:\/\/www.comau.com\/pt-br\/competencies\/\"},{\"@type\":\"ListItem\",\"position\":3,\"name\":\"Body Assembly\",\"item\":\"https:\/\/www.comau.com\/pt-br\/competencies\/body-assembly\/\"},{\"@type\":\"ListItem\",\"position\":4,\"name\":\"Solu\u00e7\u00f5es\",\"item\":\"https:\/\/www.comau.com\/pt-br\/competencies\/body-assembly\/solutions\/\"},{\"@type\":\"ListItem\",\"position\":5,\"name\":\"Open RoboGate\"}]},{\"@type\":\"WebSite\",\"@id\":\"https:\/\/www.comau.com\/pt-br\/#website\",\"url\":\"https:\/\/www.comau.com\/pt-br\/\",\"name\":\"Comau\",\"description\":\"Industrial automation and robotics\",\"publisher\":{\"@id\":\"https:\/\/www.comau.com\/pt-br\/#organization\"},\"potentialAction\":[{\"@type\":\"SearchAction\",\"target\":{\"@type\":\"EntryPoint\",\"urlTemplate\":\"https:\/\/www.comau.com\/pt-br\/?s={search_term_string}\"},\"query-input\":{\"@type\":\"PropertyValueSpecification\",\"valueRequired\":true,\"valueName\":\"search_term_string\"}}],\"inLanguage\":\"pt-BR\"},{\"@type\":\"Organization\",\"@id\":\"https:\/\/www.comau.com\/pt-br\/#organization\",\"name\":\"Comau\",\"url\":\"https:\/\/www.comau.com\/pt-br\/\",\"logo\":{\"@type\":\"ImageObject\",\"inLanguage\":\"pt-BR\",\"@id\":\"https:\/\/www.comau.com\/pt-br\/#\/schema\/logo\/image\/\",\"url\":\"https:\/\/www.comau.com\/wp-content\/uploads\/2024\/07\/cropped-Logo-COMAU.png\",\"contentUrl\":\"https:\/\/www.comau.com\/wp-content\/uploads\/2024\/07\/cropped-Logo-COMAU.png\",\"width\":434,\"height\":434,\"caption\":\"Comau\"},\"image\":{\"@id\":\"https:\/\/www.comau.com\/pt-br\/#\/schema\/logo\/image\/\"},\"sameAs\":[\"https:\/\/www.facebook.com\/COMAU\/\",\"https:\/\/x.com\/comaugroup\",\"https:\/\/www.instagram.com\/comaugroup\/\",\"https:\/\/www.linkedin.com\/company\/comau\",\"https:\/\/www.youtube.com\/user\/comau\"]}]}<\/script>\n<!-- \/ Yoast SEO plugin. -->","yoast_head_json":{"title":"Robogate aberto: linhas de produ\u00e7\u00e3o autom\u00e1ticas | Comau","description":"Conhe\u00e7a o Robagate aberto, uma solu\u00e7\u00e3o flex\u00edvel que gerencia at\u00e9 18 rob\u00f4s de soldagem, com uma estrutura s\u00f3lida com alta repetibilidade e modularidade.","robots":{"index":"index","follow":"follow","max-snippet":"max-snippet:-1","max-image-preview":"max-image-preview:large","max-video-preview":"max-video-preview:-1"},"canonical":"https:\/\/www.comau.com\/pt-br\/competencies\/systems\/open-robogate\/","og_locale":"pt_BR","og_type":"article","og_title":"Robogate aberto: linhas de produ\u00e7\u00e3o autom\u00e1ticas | Comau","og_description":"Conhe\u00e7a o Robagate aberto, uma solu\u00e7\u00e3o flex\u00edvel que gerencia at\u00e9 18 rob\u00f4s de soldagem, com uma estrutura s\u00f3lida com alta repetibilidade e modularidade.","og_url":"https:\/\/www.comau.com\/pt-br\/competencies\/systems\/open-robogate\/","og_site_name":"Comau","article_publisher":"https:\/\/www.facebook.com\/COMAU\/","article_modified_time":"2023-09-12T03:05:34+00:00","og_image":[{"width":1280,"height":485,"url":"https:\/\/www.comau.com\/wp-content\/uploads\/2021\/06\/ComauFlex_header.jpg","type":"image\/jpeg"}],"twitter_card":"summary_large_image","twitter_site":"@comaugroup","twitter_misc":{"Est. tempo de leitura":"1 minuto"},"schema":{"@context":"https:\/\/schema.org","@graph":[{"@type":"WebPage","@id":"https:\/\/www.comau.com\/pt-br\/competencies\/systems\/open-robogate\/","url":"https:\/\/www.comau.com\/pt-br\/competencies\/systems\/open-robogate\/","name":"Robogate aberto: linhas de produ\u00e7\u00e3o autom\u00e1ticas | Comau","isPartOf":{"@id":"https:\/\/www.comau.com\/pt-br\/#website"},"primaryImageOfPage":{"@id":"https:\/\/www.comau.com\/pt-br\/competencies\/systems\/open-robogate\/#primaryimage"},"image":{"@id":"https:\/\/www.comau.com\/pt-br\/competencies\/systems\/open-robogate\/#primaryimage"},"thumbnailUrl":"https:\/\/www.comau.com\/wp-content\/uploads\/2021\/06\/ComauFlex_header.jpg","datePublished":"2021-06-07T13:59:13+00:00","dateModified":"2023-09-12T03:05:34+00:00","description":"Conhe\u00e7a o Robagate aberto, uma solu\u00e7\u00e3o flex\u00edvel que gerencia at\u00e9 18 rob\u00f4s de soldagem, com uma estrutura s\u00f3lida com alta repetibilidade e modularidade.","breadcrumb":{"@id":"https:\/\/www.comau.com\/pt-br\/competencies\/systems\/open-robogate\/#breadcrumb"},"inLanguage":"pt-BR","potentialAction":[{"@type":"ReadAction","target":["https:\/\/www.comau.com\/pt-br\/competencies\/systems\/open-robogate\/"]}]},{"@type":"ImageObject","inLanguage":"pt-BR","@id":"https:\/\/www.comau.com\/pt-br\/competencies\/systems\/open-robogate\/#primaryimage","url":"https:\/\/www.comau.com\/wp-content\/uploads\/2021\/06\/ComauFlex_header.jpg","contentUrl":"https:\/\/www.comau.com\/wp-content\/uploads\/2021\/06\/ComauFlex_header.jpg","width":1280,"height":485},{"@type":"BreadcrumbList","@id":"https:\/\/www.comau.com\/pt-br\/competencies\/systems\/open-robogate\/#breadcrumb","itemListElement":[{"@type":"ListItem","position":1,"name":"Home","item":"https:\/\/www.comau.com\/pt-br\/"},{"@type":"ListItem","position":2,"name":"Nossas Compet\u00eancias","item":"https:\/\/www.comau.com\/pt-br\/competencies\/"},{"@type":"ListItem","position":3,"name":"Body Assembly","item":"https:\/\/www.comau.com\/pt-br\/competencies\/body-assembly\/"},{"@type":"ListItem","position":4,"name":"Solu\u00e7\u00f5es","item":"https:\/\/www.comau.com\/pt-br\/competencies\/body-assembly\/solutions\/"},{"@type":"ListItem","position":5,"name":"Open RoboGate"}]},{"@type":"WebSite","@id":"https:\/\/www.comau.com\/pt-br\/#website","url":"https:\/\/www.comau.com\/pt-br\/","name":"Comau","description":"Industrial automation and robotics","publisher":{"@id":"https:\/\/www.comau.com\/pt-br\/#organization"},"potentialAction":[{"@type":"SearchAction","target":{"@type":"EntryPoint","urlTemplate":"https:\/\/www.comau.com\/pt-br\/?s={search_term_string}"},"query-input":{"@type":"PropertyValueSpecification","valueRequired":true,"valueName":"search_term_string"}}],"inLanguage":"pt-BR"},{"@type":"Organization","@id":"https:\/\/www.comau.com\/pt-br\/#organization","name":"Comau","url":"https:\/\/www.comau.com\/pt-br\/","logo":{"@type":"ImageObject","inLanguage":"pt-BR","@id":"https:\/\/www.comau.com\/pt-br\/#\/schema\/logo\/image\/","url":"https:\/\/www.comau.com\/wp-content\/uploads\/2024\/07\/cropped-Logo-COMAU.png","contentUrl":"https:\/\/www.comau.com\/wp-content\/uploads\/2024\/07\/cropped-Logo-COMAU.png","width":434,"height":434,"caption":"Comau"},"image":{"@id":"https:\/\/www.comau.com\/pt-br\/#\/schema\/logo\/image\/"},"sameAs":["https:\/\/www.facebook.com\/COMAU\/","https:\/\/x.com\/comaugroup","https:\/\/www.instagram.com\/comaugroup\/","https:\/\/www.linkedin.com\/company\/comau","https:\/\/www.youtube.com\/user\/comau"]}]}},"_links":{"self":[{"href":"https:\/\/www.comau.com\/pt-br\/wp-json\/wp\/v2\/pages\/5046","targetHints":{"allow":["GET"]}}],"collection":[{"href":"https:\/\/www.comau.com\/pt-br\/wp-json\/wp\/v2\/pages"}],"about":[{"href":"https:\/\/www.comau.com\/pt-br\/wp-json\/wp\/v2\/types\/page"}],"author":[{"embeddable":true,"href":"https:\/\/www.comau.com\/pt-br\/wp-json\/wp\/v2\/users\/11"}],"replies":[{"embeddable":true,"href":"https:\/\/www.comau.com\/pt-br\/wp-json\/wp\/v2\/comments?post=5046"}],"version-history":[{"count":17,"href":"https:\/\/www.comau.com\/pt-br\/wp-json\/wp\/v2\/pages\/5046\/revisions"}],"predecessor-version":[{"id":57053,"href":"https:\/\/www.comau.com\/pt-br\/wp-json\/wp\/v2\/pages\/5046\/revisions\/57053"}],"up":[{"embeddable":true,"href":"https:\/\/www.comau.com\/pt-br\/wp-json\/wp\/v2\/pages\/64926"}],"wp:featuredmedia":[{"embeddable":true,"href":"https:\/\/www.comau.com\/pt-br\/wp-json\/wp\/v2\/media\/5088"}],"wp:attachment":[{"href":"https:\/\/www.comau.com\/pt-br\/wp-json\/wp\/v2\/media?parent=5046"}],"curies":[{"name":"wp","href":"https:\/\/api.w.org\/{rel}","templated":true}]}}