{"id":5041,"date":"2021-06-07T15:44:57","date_gmt":"2021-06-07T13:44:57","guid":{"rendered":"https:\/\/www.comau.com\/?page_id=5041"},"modified":"2022-02-08T10:08:54","modified_gmt":"2022-02-08T09:08:54","slug":"comauflex","status":"publish","type":"page","link":"https:\/\/www.comau.com\/pt-br\/competencies\/systems\/comauflex\/","title":{"rendered":"ComauFlex"},"content":{"rendered":"\n<p>Produ\u00e7\u00e3o aerodinamica e de alta velocidade para todos os ve\u00edculos, inclusive os Multi-Materiais.<\/p>\n\n\n\n<p>Com padr\u00f5es integrados ao WCM (world-class manufacturing) o sistema ComauFlex garante aten\u00e7\u00e3o refinada para todo e qualquer aspecto da produ\u00e7\u00e3o ou manuten\u00e7\u00e3o e, com isso, entregar uma estrat\u00e9gia inovadora e flex\u00edvel.<\/p>\n\n\n\n<p>Esta solu\u00e7\u00e3o estrat\u00e9gica garante:<\/p>\n\n\n\n<ul class=\"wp-block-list\"><li>Flexibilidade para sequ\u00eancia rand\u00f4mica de produ\u00e7\u00e3o<\/li><li>M\u00e9todos de jun\u00e7\u00e3o e materiais combinados com flexibilidade de volume<\/li><li>Logistica aperfei\u00e7oada e redu\u00e7\u00e3o no fluxo de tr\u00e1fego<\/li><li>Consolida\u00e7\u00e3o da coloca\u00e7\u00e3o da m\u00e3o-de-obra direta<\/li><li>Cronometragem de programa\u00e7\u00e3o<\/li><li>\u00c1rea de instala\u00e7\u00e3o reduzida.<\/li><\/ul>\n\n\n\n<h2 class=\"wp-block-heading\" id=\"producao-flexivel-para-um-futuro-com-materiais-mistos\">Produ\u00e7\u00e3o flex\u00edvel para um futuro com materiais mistos<\/h2>\n\n\n\n<div class=\"wp-block-buttons is-layout-flex wp-block-buttons-is-layout-flex\">\n<div class=\"wp-block-button\"><a class=\"wp-block-button__link\" href=\"https:\/\/www.comau.com\/wp-content\/uploads\/2021\/06\/EN_flexiblemanufacturing_comauflex.pdf\" target=\"_blank\" rel=\"noreferrer noopener\">Download<\/a><\/div>\n<\/div>\n\n\n\n<figure class=\"wp-block-embed is-type-video is-provider-youtube wp-block-embed-youtube wp-embed-aspect-16-9 wp-has-aspect-ratio\"><div class=\"wp-block-embed__wrapper\">\n<iframe title=\"Comau - The ComauFlex Solution 2015\" width=\"640\" height=\"360\" src=\"https:\/\/www.youtube.com\/embed\/CgFDKSgBgs0?feature=oembed\" frameborder=\"0\" allow=\"accelerometer; autoplay; clipboard-write; encrypted-media; gyroscope; picture-in-picture; web-share\" referrerpolicy=\"strict-origin-when-cross-origin\" allowfullscreen><\/iframe>\n<\/div><\/figure>\n","protected":false},"excerpt":{"rendered":"<p>Produ\u00e7\u00e3o aerodinamica e de alta velocidade para todos os ve\u00edculos, inclusive os Multi-Materiais. Com padr\u00f5es integrados ao WCM (world-class manufacturing) o sistema ComauFlex garante aten\u00e7\u00e3o refinada para todo e qualquer aspecto da produ\u00e7\u00e3o ou manuten\u00e7\u00e3o e, com isso, entregar uma estrat\u00e9gia inovadora e flex\u00edvel. Esta solu\u00e7\u00e3o estrat\u00e9gica garante: Flexibilidade para sequ\u00eancia rand\u00f4mica de produ\u00e7\u00e3o M\u00e9todos [&hellip;]<\/p>\n","protected":false},"author":11,"featured_media":5085,"parent":64926,"menu_order":0,"comment_status":"closed","ping_status":"closed","template":"","meta":{"_acf_changed":false,"ep_exclude_from_search":false,"footnotes":""},"class_list":["post-5041","page","type-page","status-publish","has-post-thumbnail","hentry"],"acf":[],"yoast_head":"<!-- This site is optimized with the Yoast SEO plugin v26.9 - https:\/\/yoast.com\/product\/yoast-seo-wordpress\/ -->\n<title>Comauflex - Linhas de produ\u00e7\u00e3o automatizadas | Comau<\/title>\n<meta name=\"description\" content=\"Descubra a Comauflex, uma solu\u00e7\u00e3o de linhas de produ\u00e7\u00e3o automatizadas de alta qualidade e baixo custo para todos os tipos de ve\u00edculos.\" \/>\n<meta name=\"robots\" content=\"index, follow, max-snippet:-1, max-image-preview:large, max-video-preview:-1\" \/>\n<link rel=\"canonical\" href=\"https:\/\/www.comau.com\/pt-br\/competencies\/systems\/comauflex\/\" \/>\n<meta property=\"og:locale\" content=\"pt_BR\" \/>\n<meta property=\"og:type\" content=\"article\" \/>\n<meta property=\"og:title\" content=\"Comauflex - Linhas de produ\u00e7\u00e3o automatizadas | Comau\" \/>\n<meta property=\"og:description\" content=\"Descubra a Comauflex, uma solu\u00e7\u00e3o de linhas de produ\u00e7\u00e3o automatizadas de alta qualidade e baixo custo para todos os tipos de ve\u00edculos.\" \/>\n<meta property=\"og:url\" content=\"https:\/\/www.comau.com\/pt-br\/competencies\/systems\/comauflex\/\" \/>\n<meta property=\"og:site_name\" content=\"Comau\" \/>\n<meta property=\"article:publisher\" content=\"https:\/\/www.facebook.com\/COMAU\/\" \/>\n<meta property=\"article:modified_time\" content=\"2022-02-08T09:08:54+00:00\" \/>\n<meta property=\"og:image\" content=\"https:\/\/www.comau.com\/wp-content\/uploads\/2021\/06\/robogate_header.jpg\" \/>\n\t<meta property=\"og:image:width\" content=\"1280\" \/>\n\t<meta property=\"og:image:height\" content=\"485\" \/>\n\t<meta property=\"og:image:type\" content=\"image\/jpeg\" \/>\n<meta name=\"twitter:card\" content=\"summary_large_image\" \/>\n<meta name=\"twitter:site\" content=\"@comaugroup\" \/>\n<meta name=\"twitter:label1\" content=\"Est. tempo de leitura\" \/>\n\t<meta name=\"twitter:data1\" content=\"1 minuto\" \/>\n<script type=\"application\/ld+json\" class=\"yoast-schema-graph\">{\"@context\":\"https:\/\/schema.org\",\"@graph\":[{\"@type\":\"WebPage\",\"@id\":\"https:\/\/www.comau.com\/pt-br\/competencies\/systems\/comauflex\/\",\"url\":\"https:\/\/www.comau.com\/pt-br\/competencies\/systems\/comauflex\/\",\"name\":\"Comauflex - Linhas de produ\u00e7\u00e3o automatizadas | Comau\",\"isPartOf\":{\"@id\":\"https:\/\/www.comau.com\/pt-br\/#website\"},\"primaryImageOfPage\":{\"@id\":\"https:\/\/www.comau.com\/pt-br\/competencies\/systems\/comauflex\/#primaryimage\"},\"image\":{\"@id\":\"https:\/\/www.comau.com\/pt-br\/competencies\/systems\/comauflex\/#primaryimage\"},\"thumbnailUrl\":\"https:\/\/www.comau.com\/wp-content\/uploads\/2021\/06\/robogate_header.jpg\",\"datePublished\":\"2021-06-07T13:44:57+00:00\",\"dateModified\":\"2022-02-08T09:08:54+00:00\",\"description\":\"Descubra a Comauflex, uma solu\u00e7\u00e3o de linhas de produ\u00e7\u00e3o automatizadas de alta qualidade e baixo custo para todos os tipos de ve\u00edculos.\",\"breadcrumb\":{\"@id\":\"https:\/\/www.comau.com\/pt-br\/competencies\/systems\/comauflex\/#breadcrumb\"},\"inLanguage\":\"pt-BR\",\"potentialAction\":[{\"@type\":\"ReadAction\",\"target\":[\"https:\/\/www.comau.com\/pt-br\/competencies\/systems\/comauflex\/\"]}]},{\"@type\":\"ImageObject\",\"inLanguage\":\"pt-BR\",\"@id\":\"https:\/\/www.comau.com\/pt-br\/competencies\/systems\/comauflex\/#primaryimage\",\"url\":\"https:\/\/www.comau.com\/wp-content\/uploads\/2021\/06\/robogate_header.jpg\",\"contentUrl\":\"https:\/\/www.comau.com\/wp-content\/uploads\/2021\/06\/robogate_header.jpg\",\"width\":1280,\"height\":485},{\"@type\":\"BreadcrumbList\",\"@id\":\"https:\/\/www.comau.com\/pt-br\/competencies\/systems\/comauflex\/#breadcrumb\",\"itemListElement\":[{\"@type\":\"ListItem\",\"position\":1,\"name\":\"Home\",\"item\":\"https:\/\/www.comau.com\/pt-br\/\"},{\"@type\":\"ListItem\",\"position\":2,\"name\":\"Nossas Compet\u00eancias\",\"item\":\"https:\/\/www.comau.com\/pt-br\/competencies\/\"},{\"@type\":\"ListItem\",\"position\":3,\"name\":\"Body Assembly\",\"item\":\"https:\/\/www.comau.com\/pt-br\/competencies\/body-assembly\/\"},{\"@type\":\"ListItem\",\"position\":4,\"name\":\"Solu\u00e7\u00f5es\",\"item\":\"https:\/\/www.comau.com\/pt-br\/competencies\/body-assembly\/solutions\/\"},{\"@type\":\"ListItem\",\"position\":5,\"name\":\"ComauFlex\"}]},{\"@type\":\"WebSite\",\"@id\":\"https:\/\/www.comau.com\/pt-br\/#website\",\"url\":\"https:\/\/www.comau.com\/pt-br\/\",\"name\":\"Comau\",\"description\":\"Industrial automation and robotics\",\"publisher\":{\"@id\":\"https:\/\/www.comau.com\/pt-br\/#organization\"},\"potentialAction\":[{\"@type\":\"SearchAction\",\"target\":{\"@type\":\"EntryPoint\",\"urlTemplate\":\"https:\/\/www.comau.com\/pt-br\/?s={search_term_string}\"},\"query-input\":{\"@type\":\"PropertyValueSpecification\",\"valueRequired\":true,\"valueName\":\"search_term_string\"}}],\"inLanguage\":\"pt-BR\"},{\"@type\":\"Organization\",\"@id\":\"https:\/\/www.comau.com\/pt-br\/#organization\",\"name\":\"Comau\",\"url\":\"https:\/\/www.comau.com\/pt-br\/\",\"logo\":{\"@type\":\"ImageObject\",\"inLanguage\":\"pt-BR\",\"@id\":\"https:\/\/www.comau.com\/pt-br\/#\/schema\/logo\/image\/\",\"url\":\"https:\/\/www.comau.com\/wp-content\/uploads\/2024\/07\/cropped-Logo-COMAU.png\",\"contentUrl\":\"https:\/\/www.comau.com\/wp-content\/uploads\/2024\/07\/cropped-Logo-COMAU.png\",\"width\":434,\"height\":434,\"caption\":\"Comau\"},\"image\":{\"@id\":\"https:\/\/www.comau.com\/pt-br\/#\/schema\/logo\/image\/\"},\"sameAs\":[\"https:\/\/www.facebook.com\/COMAU\/\",\"https:\/\/x.com\/comaugroup\",\"https:\/\/www.instagram.com\/comaugroup\/\",\"https:\/\/www.linkedin.com\/company\/comau\",\"https:\/\/www.youtube.com\/user\/comau\"]}]}<\/script>\n<!-- \/ Yoast SEO plugin. -->","yoast_head_json":{"title":"Comauflex - Linhas de produ\u00e7\u00e3o automatizadas | Comau","description":"Descubra a Comauflex, uma solu\u00e7\u00e3o de linhas de produ\u00e7\u00e3o automatizadas de alta qualidade e baixo custo para todos os tipos de ve\u00edculos.","robots":{"index":"index","follow":"follow","max-snippet":"max-snippet:-1","max-image-preview":"max-image-preview:large","max-video-preview":"max-video-preview:-1"},"canonical":"https:\/\/www.comau.com\/pt-br\/competencies\/systems\/comauflex\/","og_locale":"pt_BR","og_type":"article","og_title":"Comauflex - Linhas de produ\u00e7\u00e3o automatizadas | Comau","og_description":"Descubra a Comauflex, uma solu\u00e7\u00e3o de linhas de produ\u00e7\u00e3o automatizadas de alta qualidade e baixo custo para todos os tipos de ve\u00edculos.","og_url":"https:\/\/www.comau.com\/pt-br\/competencies\/systems\/comauflex\/","og_site_name":"Comau","article_publisher":"https:\/\/www.facebook.com\/COMAU\/","article_modified_time":"2022-02-08T09:08:54+00:00","og_image":[{"width":1280,"height":485,"url":"https:\/\/www.comau.com\/wp-content\/uploads\/2021\/06\/robogate_header.jpg","type":"image\/jpeg"}],"twitter_card":"summary_large_image","twitter_site":"@comaugroup","twitter_misc":{"Est. tempo de leitura":"1 minuto"},"schema":{"@context":"https:\/\/schema.org","@graph":[{"@type":"WebPage","@id":"https:\/\/www.comau.com\/pt-br\/competencies\/systems\/comauflex\/","url":"https:\/\/www.comau.com\/pt-br\/competencies\/systems\/comauflex\/","name":"Comauflex - Linhas de produ\u00e7\u00e3o automatizadas | Comau","isPartOf":{"@id":"https:\/\/www.comau.com\/pt-br\/#website"},"primaryImageOfPage":{"@id":"https:\/\/www.comau.com\/pt-br\/competencies\/systems\/comauflex\/#primaryimage"},"image":{"@id":"https:\/\/www.comau.com\/pt-br\/competencies\/systems\/comauflex\/#primaryimage"},"thumbnailUrl":"https:\/\/www.comau.com\/wp-content\/uploads\/2021\/06\/robogate_header.jpg","datePublished":"2021-06-07T13:44:57+00:00","dateModified":"2022-02-08T09:08:54+00:00","description":"Descubra a Comauflex, uma solu\u00e7\u00e3o de linhas de produ\u00e7\u00e3o automatizadas de alta qualidade e baixo custo para todos os tipos de ve\u00edculos.","breadcrumb":{"@id":"https:\/\/www.comau.com\/pt-br\/competencies\/systems\/comauflex\/#breadcrumb"},"inLanguage":"pt-BR","potentialAction":[{"@type":"ReadAction","target":["https:\/\/www.comau.com\/pt-br\/competencies\/systems\/comauflex\/"]}]},{"@type":"ImageObject","inLanguage":"pt-BR","@id":"https:\/\/www.comau.com\/pt-br\/competencies\/systems\/comauflex\/#primaryimage","url":"https:\/\/www.comau.com\/wp-content\/uploads\/2021\/06\/robogate_header.jpg","contentUrl":"https:\/\/www.comau.com\/wp-content\/uploads\/2021\/06\/robogate_header.jpg","width":1280,"height":485},{"@type":"BreadcrumbList","@id":"https:\/\/www.comau.com\/pt-br\/competencies\/systems\/comauflex\/#breadcrumb","itemListElement":[{"@type":"ListItem","position":1,"name":"Home","item":"https:\/\/www.comau.com\/pt-br\/"},{"@type":"ListItem","position":2,"name":"Nossas Compet\u00eancias","item":"https:\/\/www.comau.com\/pt-br\/competencies\/"},{"@type":"ListItem","position":3,"name":"Body Assembly","item":"https:\/\/www.comau.com\/pt-br\/competencies\/body-assembly\/"},{"@type":"ListItem","position":4,"name":"Solu\u00e7\u00f5es","item":"https:\/\/www.comau.com\/pt-br\/competencies\/body-assembly\/solutions\/"},{"@type":"ListItem","position":5,"name":"ComauFlex"}]},{"@type":"WebSite","@id":"https:\/\/www.comau.com\/pt-br\/#website","url":"https:\/\/www.comau.com\/pt-br\/","name":"Comau","description":"Industrial automation and robotics","publisher":{"@id":"https:\/\/www.comau.com\/pt-br\/#organization"},"potentialAction":[{"@type":"SearchAction","target":{"@type":"EntryPoint","urlTemplate":"https:\/\/www.comau.com\/pt-br\/?s={search_term_string}"},"query-input":{"@type":"PropertyValueSpecification","valueRequired":true,"valueName":"search_term_string"}}],"inLanguage":"pt-BR"},{"@type":"Organization","@id":"https:\/\/www.comau.com\/pt-br\/#organization","name":"Comau","url":"https:\/\/www.comau.com\/pt-br\/","logo":{"@type":"ImageObject","inLanguage":"pt-BR","@id":"https:\/\/www.comau.com\/pt-br\/#\/schema\/logo\/image\/","url":"https:\/\/www.comau.com\/wp-content\/uploads\/2024\/07\/cropped-Logo-COMAU.png","contentUrl":"https:\/\/www.comau.com\/wp-content\/uploads\/2024\/07\/cropped-Logo-COMAU.png","width":434,"height":434,"caption":"Comau"},"image":{"@id":"https:\/\/www.comau.com\/pt-br\/#\/schema\/logo\/image\/"},"sameAs":["https:\/\/www.facebook.com\/COMAU\/","https:\/\/x.com\/comaugroup","https:\/\/www.instagram.com\/comaugroup\/","https:\/\/www.linkedin.com\/company\/comau","https:\/\/www.youtube.com\/user\/comau"]}]}},"_links":{"self":[{"href":"https:\/\/www.comau.com\/pt-br\/wp-json\/wp\/v2\/pages\/5041","targetHints":{"allow":["GET"]}}],"collection":[{"href":"https:\/\/www.comau.com\/pt-br\/wp-json\/wp\/v2\/pages"}],"about":[{"href":"https:\/\/www.comau.com\/pt-br\/wp-json\/wp\/v2\/types\/page"}],"author":[{"embeddable":true,"href":"https:\/\/www.comau.com\/pt-br\/wp-json\/wp\/v2\/users\/11"}],"replies":[{"embeddable":true,"href":"https:\/\/www.comau.com\/pt-br\/wp-json\/wp\/v2\/comments?post=5041"}],"version-history":[{"count":16,"href":"https:\/\/www.comau.com\/pt-br\/wp-json\/wp\/v2\/pages\/5041\/revisions"}],"predecessor-version":[{"id":42123,"href":"https:\/\/www.comau.com\/pt-br\/wp-json\/wp\/v2\/pages\/5041\/revisions\/42123"}],"up":[{"embeddable":true,"href":"https:\/\/www.comau.com\/pt-br\/wp-json\/wp\/v2\/pages\/64926"}],"wp:featuredmedia":[{"embeddable":true,"href":"https:\/\/www.comau.com\/pt-br\/wp-json\/wp\/v2\/media\/5085"}],"wp:attachment":[{"href":"https:\/\/www.comau.com\/pt-br\/wp-json\/wp\/v2\/media?parent=5041"}],"curies":[{"name":"wp","href":"https:\/\/api.w.org\/{rel}","templated":true}]}}