{"id":5035,"date":"2021-07-01T01:01:13","date_gmt":"2021-06-30T23:01:13","guid":{"rendered":"https:\/\/www.comau.com\/?page_id=5035"},"modified":"2022-02-08T10:10:29","modified_gmt":"2022-02-08T09:10:29","slug":"solutions","status":"publish","type":"page","link":"https:\/\/www.comau.com\/pt-br\/competencies\/body-assembly\/solutions\/","title":{"rendered":"Solu\u00e7\u00f5es"},"content":{"rendered":"\n<p>Ao criar sistemas que geram resultados cruciais em termos de produtividade, qualidade, log\u00edstica e integra\u00e7\u00e3o global, n\u00f3s continuamos impulsionando a inova\u00e7\u00e3o.<\/p>\n\n\n\n<p>N\u00f3s compartilhamos os mesmos objetivos das montadoras e outras ind\u00fastrias:<\/p>\n\n\n\n<ul class=\"wp-block-list\"><li>Aumentar a competitividade<\/li><li>Melhorar os processos de produ\u00e7\u00e3o, tornando-os mais eficientes<\/li><li>Aumentar a produtividade e flexibilidade mantendo os padr\u00f5es de seguran\u00e7a e qualidade<\/li><\/ul>\n\n\n\n<p>A nossa cultura de aplicar a automa\u00e7\u00e3o para otimizar e transformar a Engenharia e os processos de produ\u00e7\u00e3o \u00e9 o que nos diferencia. Seja atualizando a sua estrutura atual, ou criando uma nova, n\u00f3s ajudamos a conduzir seus neg\u00f3cios ao futuro.<\/p>\n\n\n\n<div class=\"wp-block-columns columns-bg-dark is-layout-flex wp-container-core-columns-is-layout-9d6595d7 wp-block-columns-is-layout-flex\">\n<div class=\"wp-block-column is-layout-flow wp-block-column-is-layout-flow\">\n<h3 class=\"wp-block-heading\" id=\"inovacoes-em-montagem-de-carroceria\">Inova\u00e7\u00f5es em Montagem de Carroceria<\/h3>\n\n\n\n<p>Apoiada por um conhecimento de mercado sem paralelo e por uma rede de tecnologia global genu\u00edna, a Comau est\u00e1 continuamente desenvolvendo, testando e distribuindo solu\u00e7\u00f5es de ponta em manufatura e montagem, voltadas para as mudan\u00e7as din\u00e2micas que acontecem no mercado. Da fabrica\u00e7\u00e3o de ve\u00edculos flex\u00edvel e de alta velocidade, ao uso de t\u00e9cnicas de simula\u00e7\u00e3o que reduzem os prazos gerais do programa, voc\u00ea pode contar com a inova\u00e7\u00e3o da Comau para aumentar sua produtividade e qualidade.<\/p>\n<\/div>\n\n\n\n<div class=\"wp-block-column is-layout-flow wp-block-column-is-layout-flow\">\n<h3 class=\"wp-block-heading\" id=\"nossas-solucoes-atendem-as-necessidades-dos-clientes\">Nossas solu\u00e7\u00f5es atendem \u00e0s necessidades dos Clientes<\/h3>\n\n\n\n<p>Solu\u00e7\u00f5es avan\u00e7adas sob-medida s\u00e3o ferramentas que contribuem para o sucesso de um cliente e de fatores cruciais no projeto, engenharia e lan\u00e7amento de novas linhas de ve\u00edculos. \u00c9 por isso que n\u00f3s trabalhamos pr\u00f3ximos de cada Cliente, para desenvolver solu\u00e7\u00f5es inovadoras que atendem necessidades espec\u00edficas de produ\u00e7\u00e3o e s\u00e3o apoiadas por uma verdadeira rede global de tecnologia. Do planejamento do projeto ao treinamento dos operadores e lan\u00e7amento, esse n\u00edvel de integra\u00e7\u00e3o nos capacita a simplificar processos de produ\u00e7\u00e3o, ao mesmo tempo aumentando a produtividade e a qualidade.<\/p>\n<\/div>\n\n\n\n<div class=\"wp-block-column is-layout-flow wp-block-column-is-layout-flow\">\n<h3 class=\"wp-block-heading\" id=\"sistemas-poderosos-de-montagem-e-transporte\">Sistemas Poderosos de Montagem e Transporte<\/h3>\n\n\n\n<p>Quando se trata de automa\u00e7\u00e3o inteligente, o desempenho de nossas linhas \u00e9 muito afetado pela efici\u00eancia de sua arquitetura de transfer\u00eancia subjacente. Para assegurar seguran\u00e7a e flexibilidade enquanto as carrocerias se movem entre as esta\u00e7\u00f5es, o transportador de paletes da Comau, a transfer\u00eancia r\u00e1pida na linha, e sistemas de montagem de circuito fechado s\u00e3o projetados para combinar alta precis\u00e3o com desempenho e configurabilidade. Al\u00e9m disso, a transfer\u00eancia r\u00e1pida e suave ajuda a reduzir tempo de valor n\u00e3o agregado dentro dos seus processos principais e de sub-montagem.<\/p>\n<\/div>\n<\/div>\n\n\n\n<h2 class=\"wp-block-heading\" id=\"nossas-solucoes\">Nossas solu\u00e7\u00f5es<\/h2>\n\n\n\n<div class=\"wp-block-columns is-layout-flex wp-container-core-columns-is-layout-9d6595d7 wp-block-columns-is-layout-flex\">\n<div class=\"wp-block-column is-layout-flow wp-block-column-is-layout-flow\">\n<div class=\"wp-block-getwid-image-box has-text-left has-mobile-layout-default has-mobile-alignment-default\"><div class=\"wp-block-getwid-image-box__image-container is-position-top\"><a href=\"https:\/\/www.comau.com\/en\/our-offer\/systems\/body-in-white-manufacturing\/comauflex\/\" class=\"wp-block-getwid-image-box__image-wrapper\"><img decoding=\"async\" width=\"1280\" height=\"485\" src=\"https:\/\/www.comau.com\/wp-content\/uploads\/2021\/06\/robogate_header.jpg\" alt=\"\" class=\"wp-block-getwid-image-box__image wp-image-433\" srcset=\"https:\/\/www.comau.com\/wp-content\/uploads\/2021\/06\/robogate_header.jpg 1280w, https:\/\/www.comau.com\/wp-content\/uploads\/2021\/06\/robogate_header-300x114.jpg 300w, https:\/\/www.comau.com\/wp-content\/uploads\/2021\/06\/robogate_header-1024x388.jpg 1024w, https:\/\/www.comau.com\/wp-content\/uploads\/2021\/06\/robogate_header-768x291.jpg 768w\" sizes=\"(max-width: 1280px) 100vw, 1280px\" \/><\/a><\/div><div class=\"wp-block-getwid-image-box__content\">\n<h3 class=\"wp-block-heading\">ComauFlex<\/h3>\n\n\n\n<p>Desenvolvido para simplificar a manufatura automotiva de alta-velocidade, incluindo ve\u00edculos de m\u00faltiplos materiais, essa estrat\u00e9gia de manufatura flex\u00edvel e comprovada na produ\u00e7\u00e3o responde totalmente aos impulsionadores prim\u00e1rios de mercado demandados por fabricantes de carros atualmente: flexibilidade operacional, requisitos m\u00ednimos de instala\u00e7\u00f5es, altos volumes e m\u00faltiplos modelos, juntamente com a possibilidade de utilizar tecnologias avan\u00e7adas de jun\u00e7\u00e3o de materiais.<\/p>\n<\/div><\/div>\n<\/div>\n\n\n\n<div class=\"wp-block-column is-layout-flow wp-block-column-is-layout-flow\">\n<div class=\"wp-block-getwid-image-box has-text-left has-mobile-layout-default has-mobile-alignment-default\"><div class=\"wp-block-getwid-image-box__image-container is-position-top\"><a href=\"https:\/\/www.comau.com\/en\/our-offer\/systems\/body-in-white-manufacturing\/open-robogate\/\" class=\"wp-block-getwid-image-box__image-wrapper\"><img decoding=\"async\" width=\"1280\" height=\"485\" src=\"https:\/\/www.comau.com\/wp-content\/uploads\/2021\/06\/ComauFlex_header.jpg\" alt=\"\" class=\"wp-block-getwid-image-box__image wp-image-452\" srcset=\"https:\/\/www.comau.com\/wp-content\/uploads\/2021\/06\/ComauFlex_header.jpg 1280w, https:\/\/www.comau.com\/wp-content\/uploads\/2021\/06\/ComauFlex_header-300x114.jpg 300w, https:\/\/www.comau.com\/wp-content\/uploads\/2021\/06\/ComauFlex_header-1024x388.jpg 1024w, https:\/\/www.comau.com\/wp-content\/uploads\/2021\/06\/ComauFlex_header-768x291.jpg 768w\" sizes=\"(max-width: 1280px) 100vw, 1280px\" \/><\/a><\/div><div class=\"wp-block-getwid-image-box__content\">\n<h3 class=\"wp-block-heading\">Open RoboGate<\/h3>\n\n\n\n<p>Modular, flex\u00edvel e expans\u00edvel, o Open RoboGate pode manusear at\u00e9 18 rob\u00f4s e 6 port\u00f5es de enquadradamento dedicados para opera\u00e7\u00f5es de alta velocidade e alta densidade. E gra\u00e7as ao uso dos rob\u00f4s invertidos de montagem suspensa, ele pode reduzir o impacto geral do sistema de produ\u00e7\u00e3o, ao mesmo tempo em possibilita um maior volume de montagem dentro de cada esta\u00e7\u00e3o.<\/p>\n<\/div><\/div>\n<\/div>\n<\/div>\n\n\n\n<div class=\"wp-block-columns is-layout-flex wp-container-core-columns-is-layout-9d6595d7 wp-block-columns-is-layout-flex\">\n<div class=\"wp-block-column is-layout-flow wp-block-column-is-layout-flow\">\n<div class=\"wp-block-getwid-image-box has-text-left has-mobile-layout-default has-mobile-alignment-default\"><div class=\"wp-block-getwid-image-box__image-container is-position-top\"><a href=\"https:\/\/www.comau.com\/en\/our-offer\/systems\/body-in-white-manufacturing\/versapallet\/\" class=\"wp-block-getwid-image-box__image-wrapper\"><img decoding=\"async\" width=\"1280\" height=\"485\" src=\"https:\/\/www.comau.com\/wp-content\/uploads\/2021\/06\/versapallet_header.jpg\" alt=\"\" class=\"wp-block-getwid-image-box__image wp-image-451\" srcset=\"https:\/\/www.comau.com\/wp-content\/uploads\/2021\/06\/versapallet_header.jpg 1280w, https:\/\/www.comau.com\/wp-content\/uploads\/2021\/06\/versapallet_header-300x114.jpg 300w, https:\/\/www.comau.com\/wp-content\/uploads\/2021\/06\/versapallet_header-1024x388.jpg 1024w, https:\/\/www.comau.com\/wp-content\/uploads\/2021\/06\/versapallet_header-768x291.jpg 768w\" sizes=\"(max-width: 1280px) 100vw, 1280px\" \/><\/a><\/div><div class=\"wp-block-getwid-image-box__content\">\n<h3 class=\"wp-block-heading\">VersaPallet<\/h3>\n\n\n\n<p>Esse sistema de transfer\u00eancia em linha de alta performance pode ser simplesmente o sistema mais r\u00e1pido para ind\u00fastria automotiva para transfer\u00eancia de carroceria, enquadramento e partes lateriais. Baseado em um palete geom\u00e9trico que move a carroceria atrav\u00e9s das linhas, ele pode seguramente aumentar a velocidade das carrocerias atrav\u00e9s do processo de produ\u00e7\u00e3o para apenas alguns segundos.<\/p>\n<\/div><\/div>\n<\/div>\n\n\n\n<div class=\"wp-block-column is-layout-flow wp-block-column-is-layout-flow\">\n<div class=\"wp-block-getwid-image-box has-text-left has-mobile-layout-default has-mobile-alignment-default\"><div class=\"wp-block-getwid-image-box__image-container is-position-top\"><a href=\"https:\/\/www.comau.com\/en\/our-offer\/systems\/body-in-white-manufacturing\/versaroll\/\" class=\"wp-block-getwid-image-box__image-wrapper\"><img decoding=\"async\" width=\"1280\" height=\"485\" src=\"https:\/\/www.comau.com\/wp-content\/uploads\/2021\/06\/versaroll_header.jpg\" alt=\"\" class=\"wp-block-getwid-image-box__image wp-image-450\" srcset=\"https:\/\/www.comau.com\/wp-content\/uploads\/2021\/06\/versaroll_header.jpg 1280w, https:\/\/www.comau.com\/wp-content\/uploads\/2021\/06\/versaroll_header-300x114.jpg 300w, https:\/\/www.comau.com\/wp-content\/uploads\/2021\/06\/versaroll_header-1024x388.jpg 1024w, https:\/\/www.comau.com\/wp-content\/uploads\/2021\/06\/versaroll_header-768x291.jpg 768w\" sizes=\"(max-width: 1280px) 100vw, 1280px\" \/><\/a><\/div><div class=\"wp-block-getwid-image-box__content\">\n<h3 class=\"wp-block-heading\">VersaRoll<\/h3>\n\n\n\n<p>Alta velocidade, precis\u00e3o e flexibilidade na jun\u00e7\u00e3o e montagem do chassis e das laterais para at\u00e9 4 modelos diferentes. VersaRoll \u00e9 uma montagem de circuito fechado e sistema de jun\u00e7\u00e3o, projetado essencialmente para chassis e laterais, baseado em controle codificador de circuito fechado.<\/p>\n<\/div><\/div>\n<\/div>\n<\/div>\n","protected":false},"excerpt":{"rendered":"<p>Ao criar sistemas que geram resultados cruciais em termos de produtividade, qualidade, log\u00edstica e integra\u00e7\u00e3o global, n\u00f3s continuamos impulsionando a inova\u00e7\u00e3o. N\u00f3s compartilhamos os mesmos objetivos das montadoras e outras ind\u00fastrias: Aumentar a competitividade Melhorar os processos de produ\u00e7\u00e3o, tornando-os mais eficientes Aumentar a produtividade e flexibilidade mantendo os padr\u00f5es de seguran\u00e7a e qualidade A [&hellip;]<\/p>\n","protected":false},"author":11,"featured_media":5084,"parent":4813,"menu_order":1,"comment_status":"closed","ping_status":"closed","template":"","meta":{"_acf_changed":false,"ep_exclude_from_search":false,"footnotes":""},"class_list":["post-5035","page","type-page","status-publish","has-post-thumbnail","hentry"],"acf":[],"yoast_head":"<!-- This site is optimized with the Yoast SEO plugin v26.9 - https:\/\/yoast.com\/product\/yoast-seo-wordpress\/ -->\n<title>Projetos de linhas de montagem industriais | Comau<\/title>\n<meta name=\"description\" content=\"Conhe\u00e7a as op\u00e7\u00f5es Comau para projetos de linhas de montagem industriais. Encontre aqui sistemas de montagem desenvolvidos para produ\u00e7\u00e3o e automa\u00e7\u00e3o.\" \/>\n<meta name=\"robots\" content=\"index, follow, max-snippet:-1, max-image-preview:large, max-video-preview:-1\" \/>\n<link rel=\"canonical\" href=\"https:\/\/www.comau.com\/pt-br\/competencies\/body-assembly\/solutions\/\" \/>\n<meta property=\"og:locale\" content=\"pt_BR\" \/>\n<meta property=\"og:type\" content=\"article\" \/>\n<meta property=\"og:title\" content=\"Projetos de linhas de montagem industriais | Comau\" \/>\n<meta property=\"og:description\" content=\"Conhe\u00e7a as op\u00e7\u00f5es Comau para projetos de linhas de montagem industriais. Encontre aqui sistemas de montagem desenvolvidos para produ\u00e7\u00e3o e automa\u00e7\u00e3o.\" \/>\n<meta property=\"og:url\" content=\"https:\/\/www.comau.com\/pt-br\/competencies\/body-assembly\/solutions\/\" \/>\n<meta property=\"og:site_name\" content=\"Comau\" \/>\n<meta property=\"article:publisher\" content=\"https:\/\/www.facebook.com\/COMAU\/\" \/>\n<meta property=\"article:modified_time\" content=\"2022-02-08T09:10:29+00:00\" \/>\n<meta property=\"og:image\" content=\"https:\/\/www.comau.com\/wp-content\/uploads\/2021\/06\/ba-solutions_header.jpg\" \/>\n\t<meta property=\"og:image:width\" content=\"1280\" \/>\n\t<meta property=\"og:image:height\" content=\"485\" \/>\n\t<meta property=\"og:image:type\" content=\"image\/jpeg\" \/>\n<meta name=\"twitter:card\" content=\"summary_large_image\" \/>\n<meta name=\"twitter:site\" content=\"@comaugroup\" \/>\n<meta name=\"twitter:label1\" content=\"Est. tempo de leitura\" \/>\n\t<meta name=\"twitter:data1\" content=\"4 minutos\" \/>\n<script type=\"application\/ld+json\" class=\"yoast-schema-graph\">{\"@context\":\"https:\/\/schema.org\",\"@graph\":[{\"@type\":\"WebPage\",\"@id\":\"https:\/\/www.comau.com\/pt-br\/competencies\/body-assembly\/solutions\/\",\"url\":\"https:\/\/www.comau.com\/pt-br\/competencies\/body-assembly\/solutions\/\",\"name\":\"Projetos de linhas de montagem industriais | Comau\",\"isPartOf\":{\"@id\":\"https:\/\/www.comau.com\/pt-br\/#website\"},\"primaryImageOfPage\":{\"@id\":\"https:\/\/www.comau.com\/pt-br\/competencies\/body-assembly\/solutions\/#primaryimage\"},\"image\":{\"@id\":\"https:\/\/www.comau.com\/pt-br\/competencies\/body-assembly\/solutions\/#primaryimage\"},\"thumbnailUrl\":\"https:\/\/www.comau.com\/wp-content\/uploads\/2021\/06\/ba-solutions_header.jpg\",\"datePublished\":\"2021-06-30T23:01:13+00:00\",\"dateModified\":\"2022-02-08T09:10:29+00:00\",\"description\":\"Conhe\u00e7a as op\u00e7\u00f5es Comau para projetos de linhas de montagem industriais. Encontre aqui sistemas de montagem desenvolvidos para produ\u00e7\u00e3o e automa\u00e7\u00e3o.\",\"breadcrumb\":{\"@id\":\"https:\/\/www.comau.com\/pt-br\/competencies\/body-assembly\/solutions\/#breadcrumb\"},\"inLanguage\":\"pt-BR\",\"potentialAction\":[{\"@type\":\"ReadAction\",\"target\":[\"https:\/\/www.comau.com\/pt-br\/competencies\/body-assembly\/solutions\/\"]}]},{\"@type\":\"ImageObject\",\"inLanguage\":\"pt-BR\",\"@id\":\"https:\/\/www.comau.com\/pt-br\/competencies\/body-assembly\/solutions\/#primaryimage\",\"url\":\"https:\/\/www.comau.com\/wp-content\/uploads\/2021\/06\/ba-solutions_header.jpg\",\"contentUrl\":\"https:\/\/www.comau.com\/wp-content\/uploads\/2021\/06\/ba-solutions_header.jpg\",\"width\":1280,\"height\":485},{\"@type\":\"BreadcrumbList\",\"@id\":\"https:\/\/www.comau.com\/pt-br\/competencies\/body-assembly\/solutions\/#breadcrumb\",\"itemListElement\":[{\"@type\":\"ListItem\",\"position\":1,\"name\":\"Home\",\"item\":\"https:\/\/www.comau.com\/pt-br\/\"},{\"@type\":\"ListItem\",\"position\":2,\"name\":\"Nossas Compet\u00eancias\",\"item\":\"https:\/\/www.comau.com\/pt-br\/competencies\/\"},{\"@type\":\"ListItem\",\"position\":3,\"name\":\"Body Assembly\",\"item\":\"https:\/\/www.comau.com\/pt-br\/competencies\/body-assembly\/\"},{\"@type\":\"ListItem\",\"position\":4,\"name\":\"Solu\u00e7\u00f5es\"}]},{\"@type\":\"WebSite\",\"@id\":\"https:\/\/www.comau.com\/pt-br\/#website\",\"url\":\"https:\/\/www.comau.com\/pt-br\/\",\"name\":\"Comau\",\"description\":\"Industrial automation and robotics\",\"publisher\":{\"@id\":\"https:\/\/www.comau.com\/pt-br\/#organization\"},\"potentialAction\":[{\"@type\":\"SearchAction\",\"target\":{\"@type\":\"EntryPoint\",\"urlTemplate\":\"https:\/\/www.comau.com\/pt-br\/?s={search_term_string}\"},\"query-input\":{\"@type\":\"PropertyValueSpecification\",\"valueRequired\":true,\"valueName\":\"search_term_string\"}}],\"inLanguage\":\"pt-BR\"},{\"@type\":\"Organization\",\"@id\":\"https:\/\/www.comau.com\/pt-br\/#organization\",\"name\":\"Comau\",\"url\":\"https:\/\/www.comau.com\/pt-br\/\",\"logo\":{\"@type\":\"ImageObject\",\"inLanguage\":\"pt-BR\",\"@id\":\"https:\/\/www.comau.com\/pt-br\/#\/schema\/logo\/image\/\",\"url\":\"https:\/\/www.comau.com\/wp-content\/uploads\/2024\/07\/cropped-Logo-COMAU.png\",\"contentUrl\":\"https:\/\/www.comau.com\/wp-content\/uploads\/2024\/07\/cropped-Logo-COMAU.png\",\"width\":434,\"height\":434,\"caption\":\"Comau\"},\"image\":{\"@id\":\"https:\/\/www.comau.com\/pt-br\/#\/schema\/logo\/image\/\"},\"sameAs\":[\"https:\/\/www.facebook.com\/COMAU\/\",\"https:\/\/x.com\/comaugroup\",\"https:\/\/www.instagram.com\/comaugroup\/\",\"https:\/\/www.linkedin.com\/company\/comau\",\"https:\/\/www.youtube.com\/user\/comau\"]}]}<\/script>\n<!-- \/ Yoast SEO plugin. -->","yoast_head_json":{"title":"Projetos de linhas de montagem industriais | Comau","description":"Conhe\u00e7a as op\u00e7\u00f5es Comau para projetos de linhas de montagem industriais. Encontre aqui sistemas de montagem desenvolvidos para produ\u00e7\u00e3o e automa\u00e7\u00e3o.","robots":{"index":"index","follow":"follow","max-snippet":"max-snippet:-1","max-image-preview":"max-image-preview:large","max-video-preview":"max-video-preview:-1"},"canonical":"https:\/\/www.comau.com\/pt-br\/competencies\/body-assembly\/solutions\/","og_locale":"pt_BR","og_type":"article","og_title":"Projetos de linhas de montagem industriais | Comau","og_description":"Conhe\u00e7a as op\u00e7\u00f5es Comau para projetos de linhas de montagem industriais. Encontre aqui sistemas de montagem desenvolvidos para produ\u00e7\u00e3o e automa\u00e7\u00e3o.","og_url":"https:\/\/www.comau.com\/pt-br\/competencies\/body-assembly\/solutions\/","og_site_name":"Comau","article_publisher":"https:\/\/www.facebook.com\/COMAU\/","article_modified_time":"2022-02-08T09:10:29+00:00","og_image":[{"width":1280,"height":485,"url":"https:\/\/www.comau.com\/wp-content\/uploads\/2021\/06\/ba-solutions_header.jpg","type":"image\/jpeg"}],"twitter_card":"summary_large_image","twitter_site":"@comaugroup","twitter_misc":{"Est. tempo de leitura":"4 minutos"},"schema":{"@context":"https:\/\/schema.org","@graph":[{"@type":"WebPage","@id":"https:\/\/www.comau.com\/pt-br\/competencies\/body-assembly\/solutions\/","url":"https:\/\/www.comau.com\/pt-br\/competencies\/body-assembly\/solutions\/","name":"Projetos de linhas de montagem industriais | Comau","isPartOf":{"@id":"https:\/\/www.comau.com\/pt-br\/#website"},"primaryImageOfPage":{"@id":"https:\/\/www.comau.com\/pt-br\/competencies\/body-assembly\/solutions\/#primaryimage"},"image":{"@id":"https:\/\/www.comau.com\/pt-br\/competencies\/body-assembly\/solutions\/#primaryimage"},"thumbnailUrl":"https:\/\/www.comau.com\/wp-content\/uploads\/2021\/06\/ba-solutions_header.jpg","datePublished":"2021-06-30T23:01:13+00:00","dateModified":"2022-02-08T09:10:29+00:00","description":"Conhe\u00e7a as op\u00e7\u00f5es Comau para projetos de linhas de montagem industriais. Encontre aqui sistemas de montagem desenvolvidos para produ\u00e7\u00e3o e automa\u00e7\u00e3o.","breadcrumb":{"@id":"https:\/\/www.comau.com\/pt-br\/competencies\/body-assembly\/solutions\/#breadcrumb"},"inLanguage":"pt-BR","potentialAction":[{"@type":"ReadAction","target":["https:\/\/www.comau.com\/pt-br\/competencies\/body-assembly\/solutions\/"]}]},{"@type":"ImageObject","inLanguage":"pt-BR","@id":"https:\/\/www.comau.com\/pt-br\/competencies\/body-assembly\/solutions\/#primaryimage","url":"https:\/\/www.comau.com\/wp-content\/uploads\/2021\/06\/ba-solutions_header.jpg","contentUrl":"https:\/\/www.comau.com\/wp-content\/uploads\/2021\/06\/ba-solutions_header.jpg","width":1280,"height":485},{"@type":"BreadcrumbList","@id":"https:\/\/www.comau.com\/pt-br\/competencies\/body-assembly\/solutions\/#breadcrumb","itemListElement":[{"@type":"ListItem","position":1,"name":"Home","item":"https:\/\/www.comau.com\/pt-br\/"},{"@type":"ListItem","position":2,"name":"Nossas Compet\u00eancias","item":"https:\/\/www.comau.com\/pt-br\/competencies\/"},{"@type":"ListItem","position":3,"name":"Body Assembly","item":"https:\/\/www.comau.com\/pt-br\/competencies\/body-assembly\/"},{"@type":"ListItem","position":4,"name":"Solu\u00e7\u00f5es"}]},{"@type":"WebSite","@id":"https:\/\/www.comau.com\/pt-br\/#website","url":"https:\/\/www.comau.com\/pt-br\/","name":"Comau","description":"Industrial automation and robotics","publisher":{"@id":"https:\/\/www.comau.com\/pt-br\/#organization"},"potentialAction":[{"@type":"SearchAction","target":{"@type":"EntryPoint","urlTemplate":"https:\/\/www.comau.com\/pt-br\/?s={search_term_string}"},"query-input":{"@type":"PropertyValueSpecification","valueRequired":true,"valueName":"search_term_string"}}],"inLanguage":"pt-BR"},{"@type":"Organization","@id":"https:\/\/www.comau.com\/pt-br\/#organization","name":"Comau","url":"https:\/\/www.comau.com\/pt-br\/","logo":{"@type":"ImageObject","inLanguage":"pt-BR","@id":"https:\/\/www.comau.com\/pt-br\/#\/schema\/logo\/image\/","url":"https:\/\/www.comau.com\/wp-content\/uploads\/2024\/07\/cropped-Logo-COMAU.png","contentUrl":"https:\/\/www.comau.com\/wp-content\/uploads\/2024\/07\/cropped-Logo-COMAU.png","width":434,"height":434,"caption":"Comau"},"image":{"@id":"https:\/\/www.comau.com\/pt-br\/#\/schema\/logo\/image\/"},"sameAs":["https:\/\/www.facebook.com\/COMAU\/","https:\/\/x.com\/comaugroup","https:\/\/www.instagram.com\/comaugroup\/","https:\/\/www.linkedin.com\/company\/comau","https:\/\/www.youtube.com\/user\/comau"]}]}},"_links":{"self":[{"href":"https:\/\/www.comau.com\/pt-br\/wp-json\/wp\/v2\/pages\/5035","targetHints":{"allow":["GET"]}}],"collection":[{"href":"https:\/\/www.comau.com\/pt-br\/wp-json\/wp\/v2\/pages"}],"about":[{"href":"https:\/\/www.comau.com\/pt-br\/wp-json\/wp\/v2\/types\/page"}],"author":[{"embeddable":true,"href":"https:\/\/www.comau.com\/pt-br\/wp-json\/wp\/v2\/users\/11"}],"replies":[{"embeddable":true,"href":"https:\/\/www.comau.com\/pt-br\/wp-json\/wp\/v2\/comments?post=5035"}],"version-history":[{"count":25,"href":"https:\/\/www.comau.com\/pt-br\/wp-json\/wp\/v2\/pages\/5035\/revisions"}],"predecessor-version":[{"id":42127,"href":"https:\/\/www.comau.com\/pt-br\/wp-json\/wp\/v2\/pages\/5035\/revisions\/42127"}],"up":[{"embeddable":true,"href":"https:\/\/www.comau.com\/pt-br\/wp-json\/wp\/v2\/pages\/4813"}],"wp:featuredmedia":[{"embeddable":true,"href":"https:\/\/www.comau.com\/pt-br\/wp-json\/wp\/v2\/media\/5084"}],"wp:attachment":[{"href":"https:\/\/www.comau.com\/pt-br\/wp-json\/wp\/v2\/media?parent=5035"}],"curies":[{"name":"wp","href":"https:\/\/api.w.org\/{rel}","templated":true}]}}