{"id":4972,"date":"2021-06-08T09:29:22","date_gmt":"2021-06-08T07:29:22","guid":{"rendered":"https:\/\/www.comau.com\/?page_id=4972"},"modified":"2021-07-20T00:13:22","modified_gmt":"2021-07-19T22:13:22","slug":"versa-welding-gun","status":"publish","type":"page","link":"https:\/\/www.comau.com\/pt-br\/competencies\/systems\/products\/versa-welding-gun\/","title":{"rendered":"M\u00e1quina de solda Versa"},"content":{"rendered":"\n<p>Nossa esta\u00e7\u00e3o de solda \u00e9 uma solu\u00e7\u00e3o independente com chassi em a\u00e7o. \u00c9 o equipamento preferido dos clientes na Am\u00e9rica do Norte.<\/p>\n\n<p>Versagun 1.0 \u00e9 um produto projetado com simplicidade e modularidade. Tr\u00eas op\u00e7\u00f5es de Chassi (\u2018C\u2019, \u2018X\u2019, \u2018CXR\u2019) comp\u00f5em essa solu\u00e7\u00e3o compacta, robusta e vers\u00e1til, que atende 100% das exig\u00eancias t\u00edpicas em linhas de montagem.<\/p>\n\n<div class=\"wp-block-getwid-toggle download-dropdown has-icon-left\">\n<div class=\"wp-block-getwid-toggle__row\"><div class=\"wp-block-getwid-toggle__header-wrapper\"><span class=\"wp-block-getwid-toggle__header\"><a href=\"#\"><span class=\"wp-block-getwid-toggle__header-title\">Download the brochure<\/span><span class=\"wp-block-getwid-toggle__icon is-active\"><i class=\"fas fa-plus\"><\/i><\/span><span class=\"wp-block-getwid-toggle__icon is-passive\"><i class=\"fas fa-minus\"><\/i><\/span><\/a><\/span><\/div><div class=\"wp-block-getwid-toggle__content-wrapper\"><div class=\"wp-block-getwid-toggle__content\">\n<div class=\"wp-block-getwid-button-group\"><div class=\"wp-block-getwid-button-group__wrapper\">\n<div class=\"wp-block-button\"><a class=\"wp-block-button__link\" href=\"https:\/\/www.comau.com\/wp-content\/uploads\/2021\/06\/VersaGun_CXR.pdf\" target=\"_blank\" rel=\"noreferrer noopener\">VersaGun CXR<\/a><\/div>\n\n\n\n<div class=\"wp-block-button\"><a class=\"wp-block-button__link\" href=\"https:\/\/www.comau.com\/wp-content\/uploads\/2021\/06\/VersaGun_VC.pdf\" target=\"_blank\" rel=\"noreferrer noopener\">VersaGun VC<\/a><\/div>\n\n\n\n<div class=\"wp-block-button\"><a class=\"wp-block-button__link\" href=\"https:\/\/www.comau.com\/wp-content\/uploads\/2021\/06\/VersaGun_VX.pdf\" target=\"_blank\" rel=\"noreferrer noopener\">VersaGun VX<\/a><\/div>\n<\/div><\/div>\n<\/div><\/div><\/div>\n<\/div>\n\n<h2 class=\"wp-block-heading\">Caracter\u00edsticas<\/h2>\n\n<ul class=\"wp-block-list\"><li>Robusta e confi\u00e1vel<\/li><li>Acionador Comau Servo <\/li><li>Transformador Comau MFDC<\/li><li>Equaliza\u00e7\u00e3o atrav\u00e9s de compensa\u00e7\u00e3o de rob\u00f4s<\/li><li>Sem cabos externos<\/li><li>Simula\u00e7\u00e3o Robcad 100% eficaz<\/li><\/ul>\n","protected":false},"excerpt":{"rendered":"<p>Nossa esta\u00e7\u00e3o de solda \u00e9 uma solu\u00e7\u00e3o independente com chassi em a\u00e7o. \u00c9 o equipamento preferido dos clientes na Am\u00e9rica do Norte. Versagun 1.0 \u00e9 um produto projetado com simplicidade e modularidade. Tr\u00eas op\u00e7\u00f5es de Chassi (\u2018C\u2019, \u2018X\u2019, \u2018CXR\u2019) comp\u00f5em essa solu\u00e7\u00e3o compacta, robusta e vers\u00e1til, que atende 100% das exig\u00eancias t\u00edpicas em linhas de [&hellip;]<\/p>\n","protected":false},"author":11,"featured_media":4992,"parent":4832,"menu_order":0,"comment_status":"closed","ping_status":"closed","template":"","meta":{"_acf_changed":false,"ep_exclude_from_search":false,"footnotes":""},"class_list":["post-4972","page","type-page","status-publish","has-post-thumbnail","hentry"],"acf":[],"yoast_head":"<!-- This site is optimized with the Yoast SEO plugin v26.9 - https:\/\/yoast.com\/product\/yoast-seo-wordpress\/ -->\n<title>M\u00e1quina de solda Versa - Comau<\/title>\n<meta name=\"robots\" content=\"index, follow, max-snippet:-1, max-image-preview:large, max-video-preview:-1\" \/>\n<link rel=\"canonical\" href=\"https:\/\/www.comau.com\/pt-br\/competencies\/systems\/products\/versa-welding-gun\/\" \/>\n<meta property=\"og:locale\" content=\"pt_BR\" \/>\n<meta property=\"og:type\" content=\"article\" \/>\n<meta property=\"og:title\" content=\"M\u00e1quina de solda Versa - Comau\" \/>\n<meta property=\"og:description\" content=\"Nossa esta\u00e7\u00e3o de solda \u00e9 uma solu\u00e7\u00e3o independente com chassi em a\u00e7o. \u00c9 o equipamento preferido dos clientes na Am\u00e9rica do Norte. Versagun 1.0 \u00e9 um produto projetado com simplicidade e modularidade. Tr\u00eas op\u00e7\u00f5es de Chassi (\u2018C\u2019, \u2018X\u2019, \u2018CXR\u2019) comp\u00f5em essa solu\u00e7\u00e3o compacta, robusta e vers\u00e1til, que atende 100% das exig\u00eancias t\u00edpicas em linhas de [&hellip;]\" \/>\n<meta property=\"og:url\" content=\"https:\/\/www.comau.com\/pt-br\/competencies\/systems\/products\/versa-welding-gun\/\" \/>\n<meta property=\"og:site_name\" content=\"Comau\" \/>\n<meta property=\"article:publisher\" content=\"https:\/\/www.facebook.com\/COMAU\/\" \/>\n<meta property=\"article:modified_time\" content=\"2021-07-19T22:13:22+00:00\" \/>\n<meta property=\"og:image\" content=\"https:\/\/www.comau.com\/wp-content\/uploads\/2021\/06\/versagun_header.jpg\" \/>\n\t<meta property=\"og:image:width\" content=\"1280\" \/>\n\t<meta property=\"og:image:height\" content=\"485\" \/>\n\t<meta property=\"og:image:type\" content=\"image\/jpeg\" \/>\n<meta name=\"twitter:card\" content=\"summary_large_image\" \/>\n<meta name=\"twitter:site\" content=\"@comaugroup\" \/>\n<meta name=\"twitter:label1\" content=\"Est. tempo de leitura\" \/>\n\t<meta name=\"twitter:data1\" content=\"1 minuto\" \/>\n<script type=\"application\/ld+json\" class=\"yoast-schema-graph\">{\"@context\":\"https:\/\/schema.org\",\"@graph\":[{\"@type\":\"WebPage\",\"@id\":\"https:\/\/www.comau.com\/pt-br\/competencies\/systems\/products\/versa-welding-gun\/\",\"url\":\"https:\/\/www.comau.com\/pt-br\/competencies\/systems\/products\/versa-welding-gun\/\",\"name\":\"M\u00e1quina de solda Versa - Comau\",\"isPartOf\":{\"@id\":\"https:\/\/www.comau.com\/pt-br\/#website\"},\"primaryImageOfPage\":{\"@id\":\"https:\/\/www.comau.com\/pt-br\/competencies\/systems\/products\/versa-welding-gun\/#primaryimage\"},\"image\":{\"@id\":\"https:\/\/www.comau.com\/pt-br\/competencies\/systems\/products\/versa-welding-gun\/#primaryimage\"},\"thumbnailUrl\":\"https:\/\/www.comau.com\/wp-content\/uploads\/2021\/06\/versagun_header.jpg\",\"datePublished\":\"2021-06-08T07:29:22+00:00\",\"dateModified\":\"2021-07-19T22:13:22+00:00\",\"breadcrumb\":{\"@id\":\"https:\/\/www.comau.com\/pt-br\/competencies\/systems\/products\/versa-welding-gun\/#breadcrumb\"},\"inLanguage\":\"pt-BR\",\"potentialAction\":[{\"@type\":\"ReadAction\",\"target\":[\"https:\/\/www.comau.com\/pt-br\/competencies\/systems\/products\/versa-welding-gun\/\"]}]},{\"@type\":\"ImageObject\",\"inLanguage\":\"pt-BR\",\"@id\":\"https:\/\/www.comau.com\/pt-br\/competencies\/systems\/products\/versa-welding-gun\/#primaryimage\",\"url\":\"https:\/\/www.comau.com\/wp-content\/uploads\/2021\/06\/versagun_header.jpg\",\"contentUrl\":\"https:\/\/www.comau.com\/wp-content\/uploads\/2021\/06\/versagun_header.jpg\",\"width\":1280,\"height\":485},{\"@type\":\"BreadcrumbList\",\"@id\":\"https:\/\/www.comau.com\/pt-br\/competencies\/systems\/products\/versa-welding-gun\/#breadcrumb\",\"itemListElement\":[{\"@type\":\"ListItem\",\"position\":1,\"name\":\"Home\",\"item\":\"https:\/\/www.comau.com\/pt-br\/\"},{\"@type\":\"ListItem\",\"position\":2,\"name\":\"Nossas Compet\u00eancias\",\"item\":\"https:\/\/www.comau.com\/pt-br\/competencies\/\"},{\"@type\":\"ListItem\",\"position\":3,\"name\":\"Body Assembly\",\"item\":\"https:\/\/www.comau.com\/pt-br\/competencies\/body-assembly\/\"},{\"@type\":\"ListItem\",\"position\":4,\"name\":\"Produtos\",\"item\":\"https:\/\/www.comau.com\/pt-br\/competencies\/body-assembly\/products\/\"},{\"@type\":\"ListItem\",\"position\":5,\"name\":\"M\u00e1quina de solda Versa\"}]},{\"@type\":\"WebSite\",\"@id\":\"https:\/\/www.comau.com\/pt-br\/#website\",\"url\":\"https:\/\/www.comau.com\/pt-br\/\",\"name\":\"Comau\",\"description\":\"Industrial automation and robotics\",\"publisher\":{\"@id\":\"https:\/\/www.comau.com\/pt-br\/#organization\"},\"potentialAction\":[{\"@type\":\"SearchAction\",\"target\":{\"@type\":\"EntryPoint\",\"urlTemplate\":\"https:\/\/www.comau.com\/pt-br\/?s={search_term_string}\"},\"query-input\":{\"@type\":\"PropertyValueSpecification\",\"valueRequired\":true,\"valueName\":\"search_term_string\"}}],\"inLanguage\":\"pt-BR\"},{\"@type\":\"Organization\",\"@id\":\"https:\/\/www.comau.com\/pt-br\/#organization\",\"name\":\"Comau\",\"url\":\"https:\/\/www.comau.com\/pt-br\/\",\"logo\":{\"@type\":\"ImageObject\",\"inLanguage\":\"pt-BR\",\"@id\":\"https:\/\/www.comau.com\/pt-br\/#\/schema\/logo\/image\/\",\"url\":\"https:\/\/www.comau.com\/wp-content\/uploads\/2024\/07\/cropped-Logo-COMAU.png\",\"contentUrl\":\"https:\/\/www.comau.com\/wp-content\/uploads\/2024\/07\/cropped-Logo-COMAU.png\",\"width\":434,\"height\":434,\"caption\":\"Comau\"},\"image\":{\"@id\":\"https:\/\/www.comau.com\/pt-br\/#\/schema\/logo\/image\/\"},\"sameAs\":[\"https:\/\/www.facebook.com\/COMAU\/\",\"https:\/\/x.com\/comaugroup\",\"https:\/\/www.instagram.com\/comaugroup\/\",\"https:\/\/www.linkedin.com\/company\/comau\",\"https:\/\/www.youtube.com\/user\/comau\"]}]}<\/script>\n<!-- \/ Yoast SEO plugin. -->","yoast_head_json":{"title":"M\u00e1quina de solda Versa - Comau","robots":{"index":"index","follow":"follow","max-snippet":"max-snippet:-1","max-image-preview":"max-image-preview:large","max-video-preview":"max-video-preview:-1"},"canonical":"https:\/\/www.comau.com\/pt-br\/competencies\/systems\/products\/versa-welding-gun\/","og_locale":"pt_BR","og_type":"article","og_title":"M\u00e1quina de solda Versa - Comau","og_description":"Nossa esta\u00e7\u00e3o de solda \u00e9 uma solu\u00e7\u00e3o independente com chassi em a\u00e7o. \u00c9 o equipamento preferido dos clientes na Am\u00e9rica do Norte. Versagun 1.0 \u00e9 um produto projetado com simplicidade e modularidade. Tr\u00eas op\u00e7\u00f5es de Chassi (\u2018C\u2019, \u2018X\u2019, \u2018CXR\u2019) comp\u00f5em essa solu\u00e7\u00e3o compacta, robusta e vers\u00e1til, que atende 100% das exig\u00eancias t\u00edpicas em linhas de [&hellip;]","og_url":"https:\/\/www.comau.com\/pt-br\/competencies\/systems\/products\/versa-welding-gun\/","og_site_name":"Comau","article_publisher":"https:\/\/www.facebook.com\/COMAU\/","article_modified_time":"2021-07-19T22:13:22+00:00","og_image":[{"width":1280,"height":485,"url":"https:\/\/www.comau.com\/wp-content\/uploads\/2021\/06\/versagun_header.jpg","type":"image\/jpeg"}],"twitter_card":"summary_large_image","twitter_site":"@comaugroup","twitter_misc":{"Est. tempo de leitura":"1 minuto"},"schema":{"@context":"https:\/\/schema.org","@graph":[{"@type":"WebPage","@id":"https:\/\/www.comau.com\/pt-br\/competencies\/systems\/products\/versa-welding-gun\/","url":"https:\/\/www.comau.com\/pt-br\/competencies\/systems\/products\/versa-welding-gun\/","name":"M\u00e1quina de solda Versa - Comau","isPartOf":{"@id":"https:\/\/www.comau.com\/pt-br\/#website"},"primaryImageOfPage":{"@id":"https:\/\/www.comau.com\/pt-br\/competencies\/systems\/products\/versa-welding-gun\/#primaryimage"},"image":{"@id":"https:\/\/www.comau.com\/pt-br\/competencies\/systems\/products\/versa-welding-gun\/#primaryimage"},"thumbnailUrl":"https:\/\/www.comau.com\/wp-content\/uploads\/2021\/06\/versagun_header.jpg","datePublished":"2021-06-08T07:29:22+00:00","dateModified":"2021-07-19T22:13:22+00:00","breadcrumb":{"@id":"https:\/\/www.comau.com\/pt-br\/competencies\/systems\/products\/versa-welding-gun\/#breadcrumb"},"inLanguage":"pt-BR","potentialAction":[{"@type":"ReadAction","target":["https:\/\/www.comau.com\/pt-br\/competencies\/systems\/products\/versa-welding-gun\/"]}]},{"@type":"ImageObject","inLanguage":"pt-BR","@id":"https:\/\/www.comau.com\/pt-br\/competencies\/systems\/products\/versa-welding-gun\/#primaryimage","url":"https:\/\/www.comau.com\/wp-content\/uploads\/2021\/06\/versagun_header.jpg","contentUrl":"https:\/\/www.comau.com\/wp-content\/uploads\/2021\/06\/versagun_header.jpg","width":1280,"height":485},{"@type":"BreadcrumbList","@id":"https:\/\/www.comau.com\/pt-br\/competencies\/systems\/products\/versa-welding-gun\/#breadcrumb","itemListElement":[{"@type":"ListItem","position":1,"name":"Home","item":"https:\/\/www.comau.com\/pt-br\/"},{"@type":"ListItem","position":2,"name":"Nossas Compet\u00eancias","item":"https:\/\/www.comau.com\/pt-br\/competencies\/"},{"@type":"ListItem","position":3,"name":"Body Assembly","item":"https:\/\/www.comau.com\/pt-br\/competencies\/body-assembly\/"},{"@type":"ListItem","position":4,"name":"Produtos","item":"https:\/\/www.comau.com\/pt-br\/competencies\/body-assembly\/products\/"},{"@type":"ListItem","position":5,"name":"M\u00e1quina de solda Versa"}]},{"@type":"WebSite","@id":"https:\/\/www.comau.com\/pt-br\/#website","url":"https:\/\/www.comau.com\/pt-br\/","name":"Comau","description":"Industrial automation and robotics","publisher":{"@id":"https:\/\/www.comau.com\/pt-br\/#organization"},"potentialAction":[{"@type":"SearchAction","target":{"@type":"EntryPoint","urlTemplate":"https:\/\/www.comau.com\/pt-br\/?s={search_term_string}"},"query-input":{"@type":"PropertyValueSpecification","valueRequired":true,"valueName":"search_term_string"}}],"inLanguage":"pt-BR"},{"@type":"Organization","@id":"https:\/\/www.comau.com\/pt-br\/#organization","name":"Comau","url":"https:\/\/www.comau.com\/pt-br\/","logo":{"@type":"ImageObject","inLanguage":"pt-BR","@id":"https:\/\/www.comau.com\/pt-br\/#\/schema\/logo\/image\/","url":"https:\/\/www.comau.com\/wp-content\/uploads\/2024\/07\/cropped-Logo-COMAU.png","contentUrl":"https:\/\/www.comau.com\/wp-content\/uploads\/2024\/07\/cropped-Logo-COMAU.png","width":434,"height":434,"caption":"Comau"},"image":{"@id":"https:\/\/www.comau.com\/pt-br\/#\/schema\/logo\/image\/"},"sameAs":["https:\/\/www.facebook.com\/COMAU\/","https:\/\/x.com\/comaugroup","https:\/\/www.instagram.com\/comaugroup\/","https:\/\/www.linkedin.com\/company\/comau","https:\/\/www.youtube.com\/user\/comau"]}]}},"_links":{"self":[{"href":"https:\/\/www.comau.com\/pt-br\/wp-json\/wp\/v2\/pages\/4972","targetHints":{"allow":["GET"]}}],"collection":[{"href":"https:\/\/www.comau.com\/pt-br\/wp-json\/wp\/v2\/pages"}],"about":[{"href":"https:\/\/www.comau.com\/pt-br\/wp-json\/wp\/v2\/types\/page"}],"author":[{"embeddable":true,"href":"https:\/\/www.comau.com\/pt-br\/wp-json\/wp\/v2\/users\/11"}],"replies":[{"embeddable":true,"href":"https:\/\/www.comau.com\/pt-br\/wp-json\/wp\/v2\/comments?post=4972"}],"version-history":[{"count":12,"href":"https:\/\/www.comau.com\/pt-br\/wp-json\/wp\/v2\/pages\/4972\/revisions"}],"predecessor-version":[{"id":29813,"href":"https:\/\/www.comau.com\/pt-br\/wp-json\/wp\/v2\/pages\/4972\/revisions\/29813"}],"up":[{"embeddable":true,"href":"https:\/\/www.comau.com\/pt-br\/wp-json\/wp\/v2\/pages\/4832"}],"wp:featuredmedia":[{"embeddable":true,"href":"https:\/\/www.comau.com\/pt-br\/wp-json\/wp\/v2\/media\/4992"}],"wp:attachment":[{"href":"https:\/\/www.comau.com\/pt-br\/wp-json\/wp\/v2\/media?parent=4972"}],"curies":[{"name":"wp","href":"https:\/\/api.w.org\/{rel}","templated":true}]}}