{"id":4967,"date":"2021-06-07T18:32:55","date_gmt":"2021-06-07T16:32:55","guid":{"rendered":"https:\/\/www.comau.com\/?page_id=4967"},"modified":"2022-02-08T09:49:39","modified_gmt":"2022-02-08T08:49:39","slug":"spot-welding-machine","status":"publish","type":"page","link":"https:\/\/www.comau.com\/pt-br\/competencies\/systems\/products\/spot-welding-machine\/","title":{"rendered":"Tecnologia de solda a ponto"},"content":{"rendered":"\n<p>O Rob\u00f4 e a M\u00e1quina de solda se tornaram um s\u00f3. Essa combina\u00e7\u00e3o exclusiva proporciona uma nova dimens\u00e3o em soldadura de ponto.<\/p>\n\n\n\n<p>A M\u00e1quina de soldadura de ponto \u00e9 uma solu\u00e7\u00e3o leve e compacta para c\u00e9lulas e esta\u00e7\u00f5es de solda. <\/p>\n\n\n\n<p>\u00c9 produtiva, eficiente e confi\u00e1vel. Atende perfeitamente os desafios do mercado globalizado que coincide com a vis\u00e3o da Comau: Propor solu\u00e7\u00f5es focadas na evolu\u00e7\u00e3o do universo da tecnologia industrial.<\/p>\n\n\n\n<p>A m\u00e1quina de soldadura de ponto abre a porta para um novo paradigma em solda. Hoje \u00e9 poss\u00edvel criar novas c\u00e9lulas e esta\u00e7\u00f5es de solda altamente densas, com o objetivo de aumentar o n\u00famero de rob\u00f4s em a\u00e7\u00e3o simult\u00e2nea.<\/p>\n\n\n\n<h2 class=\"wp-block-heading\" id=\"resultados\">Resultados<\/h2>\n\n\n\n<ul class=\"wp-block-list\"><li>Mais efici\u00eancia<\/li><li>Redu\u00e7\u00e3o nos custos operacionais<\/li><li>Menor tempo de ciclos<\/li><\/ul>\n\n\n\n<p>A m\u00e1quina de solda a ponto pode ser instalada no ch\u00e3o ou no teto. A c\u00e9lula pode ser transportada e instalada como uma unidade completa em qualquer lugar do mundo, com modularidade e processos de padroniza\u00e7\u00e3o operacional de n\u00edvel global.<\/p>\n\n\n\n<p>\u00c9 um sistema integrado composto por uma m\u00e1quina de solda com o flange diretamente conectado ao rob\u00f4 sem a necessidade de qualquer adaptador.<\/p>\n\n\n\n<p>A m\u00e1quina de solda \u00e9 equipada com um transformador leve, com \u00e9 rotacionado em 90\u00ba se comparado aos modelos anteriores. O resultado \u00e9 uma redu\u00e7\u00e3o de tamanho e uma mudan\u00e7a no centro de gravidade, mais pr\u00f3xima do pulso do rob\u00f4.<\/p>\n\n\n\n<h2 class=\"wp-block-heading\" id=\"caracteristicas\">Caracter\u00edsticas<\/h2>\n\n\n\n<h3 class=\"wp-block-heading\" id=\"maquina-de-solda\">M\u00e1quina de solda<\/h3>\n\n\n\n<ul class=\"wp-block-list\"><li>Transformador: 106 KVA<\/li><li>Motor Servo:<br>&#8211; 450 daNm max por m\u00e1quina X<br>&#8211; 700 daN max por m\u00e1quina C<\/li><li>Ber\u00e7o: Fortal HR 70705 &#8211; T651<\/li><li>Um novo padr\u00e3o que pode ser instalado e usado com todos os rob\u00f4s, mesmo como um retro-fit<\/li><\/ul>\n\n\n\n<p>Melhorias na M\u00e1quina de solda a ponto levaram ao desenvolvimento de um rob\u00f4 extremamente compacto e leve que mantem a mesma faixa de bra\u00e7o funcional que o padr\u00e3o do rob\u00f4 de pulso oco.<\/p>\n\n\n\n<h3 class=\"wp-block-heading\" id=\"robo\">Rob\u00f4<\/h3>\n\n\n\n<ul class=\"wp-block-list\"><li>Carga: 90 kg<\/li><li>Alcance m\u00e1ximo: 2.2m<\/li><li>Peso: 600-650kg<\/li><li>Pulso oco Comau: Integrado com a m\u00e1quina de solda<\/li><\/ul>\n\n\n\n<h2 class=\"wp-block-heading\" id=\"technical-and-operative-features\">Technical and operative features<\/h2>\n\n\n\n<figure class=\"wp-block-table is-style-stripes\"><table><thead><tr><th><\/th><th>COMAU NJ4 90 2.2<\/th><th>COMAU NJ4 175 2.2<\/th><\/tr><\/thead><tbody><tr><td>Velocidade Ax1[deg\/s]<\/td><td>170<\/td><td>110<\/td><\/tr><tr><td>Velocidade Ax2[deg\/s]<\/td><td>125<\/td><td>110<\/td><\/tr><tr><td>Velocidade Ax3[deg\/s]<\/td><td>160<\/td><td>110<\/td><\/tr><tr><td>Velocidade Ax4[deg\/s]<\/td><td>200<\/td><td>180<\/td><\/tr><tr><td>Velocidade Ax5[deg\/s]<\/td><td>260<\/td><td>140<\/td><\/tr><tr><td>Velocidade Ax6[deg\/s]<\/td><td>255<\/td><td>190<\/td><\/tr><tr><td>Alcance[mm]<\/td><td>2220<\/td><td>2206<\/td><\/tr><tr><td>Peso [kg]<\/td><td>630<\/td><td>1080<\/td><\/tr><\/tbody><\/table><\/figure>\n\n\n\n<figure class=\"wp-block-embed is-type-video is-provider-youtube wp-block-embed-youtube wp-embed-aspect-16-9 wp-has-aspect-ratio\"><div class=\"wp-block-embed__wrapper\">\n<iframe title=\"Comau Spot Welding Machine\" width=\"640\" height=\"360\" src=\"https:\/\/www.youtube.com\/embed\/GFYDuBdj93Y?feature=oembed\" frameborder=\"0\" allow=\"accelerometer; autoplay; clipboard-write; encrypted-media; gyroscope; picture-in-picture; web-share\" referrerpolicy=\"strict-origin-when-cross-origin\" allowfullscreen><\/iframe>\n<\/div><\/figure>\n","protected":false},"excerpt":{"rendered":"<p>O Rob\u00f4 e a M\u00e1quina de solda se tornaram um s\u00f3. Essa combina\u00e7\u00e3o exclusiva proporciona uma nova dimens\u00e3o em soldadura de ponto. A M\u00e1quina de soldadura de ponto \u00e9 uma solu\u00e7\u00e3o leve e compacta para c\u00e9lulas e esta\u00e7\u00f5es de solda. \u00c9 produtiva, eficiente e confi\u00e1vel. Atende perfeitamente os desafios do mercado globalizado que coincide com [&hellip;]<\/p>\n","protected":false},"author":11,"featured_media":78010,"parent":4832,"menu_order":0,"comment_status":"closed","ping_status":"closed","template":"","meta":{"_acf_changed":false,"ep_exclude_from_search":false,"footnotes":""},"class_list":["post-4967","page","type-page","status-publish","has-post-thumbnail","hentry"],"acf":[],"yoast_head":"<!-- This site is optimized with the Yoast SEO plugin v26.9 - https:\/\/yoast.com\/product\/yoast-seo-wordpress\/ -->\n<title>M\u00e1quina de solda a ponto e soldagem por pontos | Comau<\/title>\n<meta name=\"description\" content=\"Consulte as solu\u00e7\u00f5es da Comau dedicadas a soldagem por pontos. Aqui, temos desde m\u00e1quina de solda a ponto, e outros equipamentos avan\u00e7ados de soldagem.\" \/>\n<meta name=\"robots\" content=\"index, follow, max-snippet:-1, max-image-preview:large, max-video-preview:-1\" \/>\n<link rel=\"canonical\" href=\"https:\/\/www.comau.com\/pt-br\/competencies\/systems\/products\/spot-welding-machine\/\" \/>\n<meta property=\"og:locale\" content=\"pt_BR\" \/>\n<meta property=\"og:type\" content=\"article\" \/>\n<meta property=\"og:title\" content=\"M\u00e1quina de solda a ponto e soldagem por pontos | Comau\" \/>\n<meta property=\"og:description\" content=\"Consulte as solu\u00e7\u00f5es da Comau dedicadas a soldagem por pontos. Aqui, temos desde m\u00e1quina de solda a ponto, e outros equipamentos avan\u00e7ados de soldagem.\" \/>\n<meta property=\"og:url\" content=\"https:\/\/www.comau.com\/pt-br\/competencies\/systems\/products\/spot-welding-machine\/\" \/>\n<meta property=\"og:site_name\" content=\"Comau\" \/>\n<meta property=\"article:publisher\" content=\"https:\/\/www.facebook.com\/COMAU\/\" \/>\n<meta property=\"article:modified_time\" content=\"2022-02-08T08:49:39+00:00\" \/>\n<meta property=\"og:image\" content=\"https:\/\/www.comau.com\/wp-content\/uploads\/2021\/06\/spot-welding_header.jpg\" \/>\n\t<meta property=\"og:image:width\" content=\"1280\" \/>\n\t<meta property=\"og:image:height\" content=\"485\" \/>\n\t<meta property=\"og:image:type\" content=\"image\/jpeg\" \/>\n<meta name=\"twitter:card\" content=\"summary_large_image\" \/>\n<meta name=\"twitter:site\" content=\"@comaugroup\" \/>\n<meta name=\"twitter:label1\" content=\"Est. tempo de leitura\" \/>\n\t<meta name=\"twitter:data1\" content=\"2 minutos\" \/>\n<script type=\"application\/ld+json\" class=\"yoast-schema-graph\">{\"@context\":\"https:\/\/schema.org\",\"@graph\":[{\"@type\":\"WebPage\",\"@id\":\"https:\/\/www.comau.com\/pt-br\/competencies\/systems\/products\/spot-welding-machine\/\",\"url\":\"https:\/\/www.comau.com\/pt-br\/competencies\/systems\/products\/spot-welding-machine\/\",\"name\":\"M\u00e1quina de solda a ponto e soldagem por pontos | Comau\",\"isPartOf\":{\"@id\":\"https:\/\/www.comau.com\/pt-br\/#website\"},\"primaryImageOfPage\":{\"@id\":\"https:\/\/www.comau.com\/pt-br\/competencies\/systems\/products\/spot-welding-machine\/#primaryimage\"},\"image\":{\"@id\":\"https:\/\/www.comau.com\/pt-br\/competencies\/systems\/products\/spot-welding-machine\/#primaryimage\"},\"thumbnailUrl\":\"https:\/\/www.comau.com\/wp-content\/uploads\/2025\/06\/Featured-Header-Image-1920x606-Spot-Welding-Machine.jpg\",\"datePublished\":\"2021-06-07T16:32:55+00:00\",\"dateModified\":\"2022-02-08T08:49:39+00:00\",\"description\":\"Consulte as solu\u00e7\u00f5es da Comau dedicadas a soldagem por pontos. Aqui, temos desde m\u00e1quina de solda a ponto, e outros equipamentos avan\u00e7ados de soldagem.\",\"breadcrumb\":{\"@id\":\"https:\/\/www.comau.com\/pt-br\/competencies\/systems\/products\/spot-welding-machine\/#breadcrumb\"},\"inLanguage\":\"pt-BR\",\"potentialAction\":[{\"@type\":\"ReadAction\",\"target\":[\"https:\/\/www.comau.com\/pt-br\/competencies\/systems\/products\/spot-welding-machine\/\"]}]},{\"@type\":\"ImageObject\",\"inLanguage\":\"pt-BR\",\"@id\":\"https:\/\/www.comau.com\/pt-br\/competencies\/systems\/products\/spot-welding-machine\/#primaryimage\",\"url\":\"https:\/\/www.comau.com\/wp-content\/uploads\/2025\/06\/Featured-Header-Image-1920x606-Spot-Welding-Machine.jpg\",\"contentUrl\":\"https:\/\/www.comau.com\/wp-content\/uploads\/2025\/06\/Featured-Header-Image-1920x606-Spot-Welding-Machine.jpg\",\"width\":1920,\"height\":606},{\"@type\":\"BreadcrumbList\",\"@id\":\"https:\/\/www.comau.com\/pt-br\/competencies\/systems\/products\/spot-welding-machine\/#breadcrumb\",\"itemListElement\":[{\"@type\":\"ListItem\",\"position\":1,\"name\":\"Home\",\"item\":\"https:\/\/www.comau.com\/pt-br\/\"},{\"@type\":\"ListItem\",\"position\":2,\"name\":\"Nossas Compet\u00eancias\",\"item\":\"https:\/\/www.comau.com\/pt-br\/competencies\/\"},{\"@type\":\"ListItem\",\"position\":3,\"name\":\"Body Assembly\",\"item\":\"https:\/\/www.comau.com\/pt-br\/competencies\/body-assembly\/\"},{\"@type\":\"ListItem\",\"position\":4,\"name\":\"Produtos\",\"item\":\"https:\/\/www.comau.com\/pt-br\/competencies\/body-assembly\/products\/\"},{\"@type\":\"ListItem\",\"position\":5,\"name\":\"Tecnologia de solda a ponto\"}]},{\"@type\":\"WebSite\",\"@id\":\"https:\/\/www.comau.com\/pt-br\/#website\",\"url\":\"https:\/\/www.comau.com\/pt-br\/\",\"name\":\"Comau\",\"description\":\"Industrial automation and robotics\",\"publisher\":{\"@id\":\"https:\/\/www.comau.com\/pt-br\/#organization\"},\"potentialAction\":[{\"@type\":\"SearchAction\",\"target\":{\"@type\":\"EntryPoint\",\"urlTemplate\":\"https:\/\/www.comau.com\/pt-br\/?s={search_term_string}\"},\"query-input\":{\"@type\":\"PropertyValueSpecification\",\"valueRequired\":true,\"valueName\":\"search_term_string\"}}],\"inLanguage\":\"pt-BR\"},{\"@type\":\"Organization\",\"@id\":\"https:\/\/www.comau.com\/pt-br\/#organization\",\"name\":\"Comau\",\"url\":\"https:\/\/www.comau.com\/pt-br\/\",\"logo\":{\"@type\":\"ImageObject\",\"inLanguage\":\"pt-BR\",\"@id\":\"https:\/\/www.comau.com\/pt-br\/#\/schema\/logo\/image\/\",\"url\":\"https:\/\/www.comau.com\/wp-content\/uploads\/2024\/07\/cropped-Logo-COMAU.png\",\"contentUrl\":\"https:\/\/www.comau.com\/wp-content\/uploads\/2024\/07\/cropped-Logo-COMAU.png\",\"width\":434,\"height\":434,\"caption\":\"Comau\"},\"image\":{\"@id\":\"https:\/\/www.comau.com\/pt-br\/#\/schema\/logo\/image\/\"},\"sameAs\":[\"https:\/\/www.facebook.com\/COMAU\/\",\"https:\/\/x.com\/comaugroup\",\"https:\/\/www.instagram.com\/comaugroup\/\",\"https:\/\/www.linkedin.com\/company\/comau\",\"https:\/\/www.youtube.com\/user\/comau\"]}]}<\/script>\n<!-- \/ Yoast SEO plugin. -->","yoast_head_json":{"title":"M\u00e1quina de solda a ponto e soldagem por pontos | Comau","description":"Consulte as solu\u00e7\u00f5es da Comau dedicadas a soldagem por pontos. Aqui, temos desde m\u00e1quina de solda a ponto, e outros equipamentos avan\u00e7ados de soldagem.","robots":{"index":"index","follow":"follow","max-snippet":"max-snippet:-1","max-image-preview":"max-image-preview:large","max-video-preview":"max-video-preview:-1"},"canonical":"https:\/\/www.comau.com\/pt-br\/competencies\/systems\/products\/spot-welding-machine\/","og_locale":"pt_BR","og_type":"article","og_title":"M\u00e1quina de solda a ponto e soldagem por pontos | Comau","og_description":"Consulte as solu\u00e7\u00f5es da Comau dedicadas a soldagem por pontos. Aqui, temos desde m\u00e1quina de solda a ponto, e outros equipamentos avan\u00e7ados de soldagem.","og_url":"https:\/\/www.comau.com\/pt-br\/competencies\/systems\/products\/spot-welding-machine\/","og_site_name":"Comau","article_publisher":"https:\/\/www.facebook.com\/COMAU\/","article_modified_time":"2022-02-08T08:49:39+00:00","og_image":[{"width":1280,"height":485,"url":"https:\/\/www.comau.com\/wp-content\/uploads\/2021\/06\/spot-welding_header.jpg","type":"image\/jpeg"}],"twitter_card":"summary_large_image","twitter_site":"@comaugroup","twitter_misc":{"Est. tempo de leitura":"2 minutos"},"schema":{"@context":"https:\/\/schema.org","@graph":[{"@type":"WebPage","@id":"https:\/\/www.comau.com\/pt-br\/competencies\/systems\/products\/spot-welding-machine\/","url":"https:\/\/www.comau.com\/pt-br\/competencies\/systems\/products\/spot-welding-machine\/","name":"M\u00e1quina de solda a ponto e soldagem por pontos | Comau","isPartOf":{"@id":"https:\/\/www.comau.com\/pt-br\/#website"},"primaryImageOfPage":{"@id":"https:\/\/www.comau.com\/pt-br\/competencies\/systems\/products\/spot-welding-machine\/#primaryimage"},"image":{"@id":"https:\/\/www.comau.com\/pt-br\/competencies\/systems\/products\/spot-welding-machine\/#primaryimage"},"thumbnailUrl":"https:\/\/www.comau.com\/wp-content\/uploads\/2025\/06\/Featured-Header-Image-1920x606-Spot-Welding-Machine.jpg","datePublished":"2021-06-07T16:32:55+00:00","dateModified":"2022-02-08T08:49:39+00:00","description":"Consulte as solu\u00e7\u00f5es da Comau dedicadas a soldagem por pontos. Aqui, temos desde m\u00e1quina de solda a ponto, e outros equipamentos avan\u00e7ados de soldagem.","breadcrumb":{"@id":"https:\/\/www.comau.com\/pt-br\/competencies\/systems\/products\/spot-welding-machine\/#breadcrumb"},"inLanguage":"pt-BR","potentialAction":[{"@type":"ReadAction","target":["https:\/\/www.comau.com\/pt-br\/competencies\/systems\/products\/spot-welding-machine\/"]}]},{"@type":"ImageObject","inLanguage":"pt-BR","@id":"https:\/\/www.comau.com\/pt-br\/competencies\/systems\/products\/spot-welding-machine\/#primaryimage","url":"https:\/\/www.comau.com\/wp-content\/uploads\/2025\/06\/Featured-Header-Image-1920x606-Spot-Welding-Machine.jpg","contentUrl":"https:\/\/www.comau.com\/wp-content\/uploads\/2025\/06\/Featured-Header-Image-1920x606-Spot-Welding-Machine.jpg","width":1920,"height":606},{"@type":"BreadcrumbList","@id":"https:\/\/www.comau.com\/pt-br\/competencies\/systems\/products\/spot-welding-machine\/#breadcrumb","itemListElement":[{"@type":"ListItem","position":1,"name":"Home","item":"https:\/\/www.comau.com\/pt-br\/"},{"@type":"ListItem","position":2,"name":"Nossas Compet\u00eancias","item":"https:\/\/www.comau.com\/pt-br\/competencies\/"},{"@type":"ListItem","position":3,"name":"Body Assembly","item":"https:\/\/www.comau.com\/pt-br\/competencies\/body-assembly\/"},{"@type":"ListItem","position":4,"name":"Produtos","item":"https:\/\/www.comau.com\/pt-br\/competencies\/body-assembly\/products\/"},{"@type":"ListItem","position":5,"name":"Tecnologia de solda a ponto"}]},{"@type":"WebSite","@id":"https:\/\/www.comau.com\/pt-br\/#website","url":"https:\/\/www.comau.com\/pt-br\/","name":"Comau","description":"Industrial automation and robotics","publisher":{"@id":"https:\/\/www.comau.com\/pt-br\/#organization"},"potentialAction":[{"@type":"SearchAction","target":{"@type":"EntryPoint","urlTemplate":"https:\/\/www.comau.com\/pt-br\/?s={search_term_string}"},"query-input":{"@type":"PropertyValueSpecification","valueRequired":true,"valueName":"search_term_string"}}],"inLanguage":"pt-BR"},{"@type":"Organization","@id":"https:\/\/www.comau.com\/pt-br\/#organization","name":"Comau","url":"https:\/\/www.comau.com\/pt-br\/","logo":{"@type":"ImageObject","inLanguage":"pt-BR","@id":"https:\/\/www.comau.com\/pt-br\/#\/schema\/logo\/image\/","url":"https:\/\/www.comau.com\/wp-content\/uploads\/2024\/07\/cropped-Logo-COMAU.png","contentUrl":"https:\/\/www.comau.com\/wp-content\/uploads\/2024\/07\/cropped-Logo-COMAU.png","width":434,"height":434,"caption":"Comau"},"image":{"@id":"https:\/\/www.comau.com\/pt-br\/#\/schema\/logo\/image\/"},"sameAs":["https:\/\/www.facebook.com\/COMAU\/","https:\/\/x.com\/comaugroup","https:\/\/www.instagram.com\/comaugroup\/","https:\/\/www.linkedin.com\/company\/comau","https:\/\/www.youtube.com\/user\/comau"]}]}},"_links":{"self":[{"href":"https:\/\/www.comau.com\/pt-br\/wp-json\/wp\/v2\/pages\/4967","targetHints":{"allow":["GET"]}}],"collection":[{"href":"https:\/\/www.comau.com\/pt-br\/wp-json\/wp\/v2\/pages"}],"about":[{"href":"https:\/\/www.comau.com\/pt-br\/wp-json\/wp\/v2\/types\/page"}],"author":[{"embeddable":true,"href":"https:\/\/www.comau.com\/pt-br\/wp-json\/wp\/v2\/users\/11"}],"replies":[{"embeddable":true,"href":"https:\/\/www.comau.com\/pt-br\/wp-json\/wp\/v2\/comments?post=4967"}],"version-history":[{"count":40,"href":"https:\/\/www.comau.com\/pt-br\/wp-json\/wp\/v2\/pages\/4967\/revisions"}],"predecessor-version":[{"id":42110,"href":"https:\/\/www.comau.com\/pt-br\/wp-json\/wp\/v2\/pages\/4967\/revisions\/42110"}],"up":[{"embeddable":true,"href":"https:\/\/www.comau.com\/pt-br\/wp-json\/wp\/v2\/pages\/4832"}],"wp:featuredmedia":[{"embeddable":true,"href":"https:\/\/www.comau.com\/pt-br\/wp-json\/wp\/v2\/media\/78010"}],"wp:attachment":[{"href":"https:\/\/www.comau.com\/pt-br\/wp-json\/wp\/v2\/media?parent=4967"}],"curies":[{"name":"wp","href":"https:\/\/api.w.org\/{rel}","templated":true}]}}