{"id":4939,"date":"2021-06-08T09:29:56","date_gmt":"2021-06-08T07:29:56","guid":{"rendered":"https:\/\/www.comau.com\/?page_id=4939"},"modified":"2021-07-20T00:28:09","modified_gmt":"2021-07-19T22:28:09","slug":"rsw-aluminum-welding-guns","status":"publish","type":"page","link":"https:\/\/www.comau.com\/pt-br\/competencies\/systems\/products\/rsw-aluminum-welding-guns\/","title":{"rendered":"M\u00e1quinas de solda em Alum\u00ednio RSW"},"content":{"rendered":"\n<h2 class=\"wp-block-heading\">Caracter\u00edsticas<\/h2>\n\n<ul class=\"wp-block-list\"><li>Alta Performance<\/li><li>Firme e Robusta<\/li><li>Convi\u00e1vel e de f\u00e1cil manuten\u00e7\u00e3o<\/li><li>100% flex\u00edvel para aplica\u00e7\u00e3o BIW<\/li><li>Compat\u00edvel com diversas marcas de rob\u00f4<\/li><li>Sem componentes adicionais<\/li><li>Design e fabrica\u00e7\u00e3o 100% feita pela Comau<\/li><\/ul>\n","protected":false},"excerpt":{"rendered":"<p>Caracter\u00edsticas Alta Performance Firme e Robusta Convi\u00e1vel e de f\u00e1cil manuten\u00e7\u00e3o 100% flex\u00edvel para aplica\u00e7\u00e3o BIW Compat\u00edvel com diversas marcas de rob\u00f4 Sem componentes adicionais Design e fabrica\u00e7\u00e3o 100% feita pela Comau<\/p>\n","protected":false},"author":11,"featured_media":4962,"parent":4832,"menu_order":0,"comment_status":"closed","ping_status":"closed","template":"","meta":{"_acf_changed":false,"ep_exclude_from_search":false,"footnotes":""},"class_list":["post-4939","page","type-page","status-publish","has-post-thumbnail","hentry"],"acf":[],"yoast_head":"<!-- This site is optimized with the Yoast SEO plugin v26.9 - https:\/\/yoast.com\/product\/yoast-seo-wordpress\/ -->\n<title>M\u00e1quinas de solda em Alum\u00ednio RSW - Comau<\/title>\n<meta name=\"robots\" content=\"index, follow, max-snippet:-1, max-image-preview:large, max-video-preview:-1\" \/>\n<link rel=\"canonical\" href=\"https:\/\/www.comau.com\/pt-br\/competencies\/systems\/products\/rsw-aluminum-welding-guns\/\" \/>\n<meta property=\"og:locale\" content=\"pt_BR\" \/>\n<meta property=\"og:type\" content=\"article\" \/>\n<meta property=\"og:title\" content=\"M\u00e1quinas de solda em Alum\u00ednio RSW - Comau\" \/>\n<meta property=\"og:description\" content=\"Caracter\u00edsticas Alta Performance Firme e Robusta Convi\u00e1vel e de f\u00e1cil manuten\u00e7\u00e3o 100% flex\u00edvel para aplica\u00e7\u00e3o BIW Compat\u00edvel com diversas marcas de rob\u00f4 Sem componentes adicionais Design e fabrica\u00e7\u00e3o 100% feita pela Comau\" \/>\n<meta property=\"og:url\" content=\"https:\/\/www.comau.com\/pt-br\/competencies\/systems\/products\/rsw-aluminum-welding-guns\/\" \/>\n<meta property=\"og:site_name\" content=\"Comau\" \/>\n<meta property=\"article:publisher\" content=\"https:\/\/www.facebook.com\/COMAU\/\" \/>\n<meta property=\"article:modified_time\" content=\"2021-07-19T22:28:09+00:00\" \/>\n<meta property=\"og:image\" content=\"https:\/\/www.comau.com\/wp-content\/uploads\/2021\/06\/RSW_header.jpg\" \/>\n\t<meta property=\"og:image:width\" content=\"1280\" \/>\n\t<meta property=\"og:image:height\" content=\"485\" \/>\n\t<meta property=\"og:image:type\" content=\"image\/jpeg\" \/>\n<meta name=\"twitter:card\" content=\"summary_large_image\" \/>\n<meta name=\"twitter:site\" content=\"@comaugroup\" \/>\n<meta name=\"twitter:label1\" content=\"Est. tempo de leitura\" \/>\n\t<meta name=\"twitter:data1\" content=\"1 minuto\" \/>\n<script type=\"application\/ld+json\" class=\"yoast-schema-graph\">{\"@context\":\"https:\/\/schema.org\",\"@graph\":[{\"@type\":\"WebPage\",\"@id\":\"https:\/\/www.comau.com\/pt-br\/competencies\/systems\/products\/rsw-aluminum-welding-guns\/\",\"url\":\"https:\/\/www.comau.com\/pt-br\/competencies\/systems\/products\/rsw-aluminum-welding-guns\/\",\"name\":\"M\u00e1quinas de solda em Alum\u00ednio RSW - Comau\",\"isPartOf\":{\"@id\":\"https:\/\/www.comau.com\/pt-br\/#website\"},\"primaryImageOfPage\":{\"@id\":\"https:\/\/www.comau.com\/pt-br\/competencies\/systems\/products\/rsw-aluminum-welding-guns\/#primaryimage\"},\"image\":{\"@id\":\"https:\/\/www.comau.com\/pt-br\/competencies\/systems\/products\/rsw-aluminum-welding-guns\/#primaryimage\"},\"thumbnailUrl\":\"https:\/\/www.comau.com\/wp-content\/uploads\/2021\/06\/RSW_header.jpg\",\"datePublished\":\"2021-06-08T07:29:56+00:00\",\"dateModified\":\"2021-07-19T22:28:09+00:00\",\"breadcrumb\":{\"@id\":\"https:\/\/www.comau.com\/pt-br\/competencies\/systems\/products\/rsw-aluminum-welding-guns\/#breadcrumb\"},\"inLanguage\":\"pt-BR\",\"potentialAction\":[{\"@type\":\"ReadAction\",\"target\":[\"https:\/\/www.comau.com\/pt-br\/competencies\/systems\/products\/rsw-aluminum-welding-guns\/\"]}]},{\"@type\":\"ImageObject\",\"inLanguage\":\"pt-BR\",\"@id\":\"https:\/\/www.comau.com\/pt-br\/competencies\/systems\/products\/rsw-aluminum-welding-guns\/#primaryimage\",\"url\":\"https:\/\/www.comau.com\/wp-content\/uploads\/2021\/06\/RSW_header.jpg\",\"contentUrl\":\"https:\/\/www.comau.com\/wp-content\/uploads\/2021\/06\/RSW_header.jpg\",\"width\":1280,\"height\":485},{\"@type\":\"BreadcrumbList\",\"@id\":\"https:\/\/www.comau.com\/pt-br\/competencies\/systems\/products\/rsw-aluminum-welding-guns\/#breadcrumb\",\"itemListElement\":[{\"@type\":\"ListItem\",\"position\":1,\"name\":\"Home\",\"item\":\"https:\/\/www.comau.com\/pt-br\/\"},{\"@type\":\"ListItem\",\"position\":2,\"name\":\"Nossas Compet\u00eancias\",\"item\":\"https:\/\/www.comau.com\/pt-br\/competencies\/\"},{\"@type\":\"ListItem\",\"position\":3,\"name\":\"Body Assembly\",\"item\":\"https:\/\/www.comau.com\/pt-br\/competencies\/body-assembly\/\"},{\"@type\":\"ListItem\",\"position\":4,\"name\":\"Produtos\",\"item\":\"https:\/\/www.comau.com\/pt-br\/competencies\/body-assembly\/products\/\"},{\"@type\":\"ListItem\",\"position\":5,\"name\":\"M\u00e1quinas de solda em Alum\u00ednio RSW\"}]},{\"@type\":\"WebSite\",\"@id\":\"https:\/\/www.comau.com\/pt-br\/#website\",\"url\":\"https:\/\/www.comau.com\/pt-br\/\",\"name\":\"Comau\",\"description\":\"Industrial automation and robotics\",\"publisher\":{\"@id\":\"https:\/\/www.comau.com\/pt-br\/#organization\"},\"potentialAction\":[{\"@type\":\"SearchAction\",\"target\":{\"@type\":\"EntryPoint\",\"urlTemplate\":\"https:\/\/www.comau.com\/pt-br\/?s={search_term_string}\"},\"query-input\":{\"@type\":\"PropertyValueSpecification\",\"valueRequired\":true,\"valueName\":\"search_term_string\"}}],\"inLanguage\":\"pt-BR\"},{\"@type\":\"Organization\",\"@id\":\"https:\/\/www.comau.com\/pt-br\/#organization\",\"name\":\"Comau\",\"url\":\"https:\/\/www.comau.com\/pt-br\/\",\"logo\":{\"@type\":\"ImageObject\",\"inLanguage\":\"pt-BR\",\"@id\":\"https:\/\/www.comau.com\/pt-br\/#\/schema\/logo\/image\/\",\"url\":\"https:\/\/www.comau.com\/wp-content\/uploads\/2024\/07\/cropped-Logo-COMAU.png\",\"contentUrl\":\"https:\/\/www.comau.com\/wp-content\/uploads\/2024\/07\/cropped-Logo-COMAU.png\",\"width\":434,\"height\":434,\"caption\":\"Comau\"},\"image\":{\"@id\":\"https:\/\/www.comau.com\/pt-br\/#\/schema\/logo\/image\/\"},\"sameAs\":[\"https:\/\/www.facebook.com\/COMAU\/\",\"https:\/\/x.com\/comaugroup\",\"https:\/\/www.instagram.com\/comaugroup\/\",\"https:\/\/www.linkedin.com\/company\/comau\",\"https:\/\/www.youtube.com\/user\/comau\"]}]}<\/script>\n<!-- \/ Yoast SEO plugin. -->","yoast_head_json":{"title":"M\u00e1quinas de solda em Alum\u00ednio RSW - Comau","robots":{"index":"index","follow":"follow","max-snippet":"max-snippet:-1","max-image-preview":"max-image-preview:large","max-video-preview":"max-video-preview:-1"},"canonical":"https:\/\/www.comau.com\/pt-br\/competencies\/systems\/products\/rsw-aluminum-welding-guns\/","og_locale":"pt_BR","og_type":"article","og_title":"M\u00e1quinas de solda em Alum\u00ednio RSW - Comau","og_description":"Caracter\u00edsticas Alta Performance Firme e Robusta Convi\u00e1vel e de f\u00e1cil manuten\u00e7\u00e3o 100% flex\u00edvel para aplica\u00e7\u00e3o BIW Compat\u00edvel com diversas marcas de rob\u00f4 Sem componentes adicionais Design e fabrica\u00e7\u00e3o 100% feita pela Comau","og_url":"https:\/\/www.comau.com\/pt-br\/competencies\/systems\/products\/rsw-aluminum-welding-guns\/","og_site_name":"Comau","article_publisher":"https:\/\/www.facebook.com\/COMAU\/","article_modified_time":"2021-07-19T22:28:09+00:00","og_image":[{"width":1280,"height":485,"url":"https:\/\/www.comau.com\/wp-content\/uploads\/2021\/06\/RSW_header.jpg","type":"image\/jpeg"}],"twitter_card":"summary_large_image","twitter_site":"@comaugroup","twitter_misc":{"Est. tempo de leitura":"1 minuto"},"schema":{"@context":"https:\/\/schema.org","@graph":[{"@type":"WebPage","@id":"https:\/\/www.comau.com\/pt-br\/competencies\/systems\/products\/rsw-aluminum-welding-guns\/","url":"https:\/\/www.comau.com\/pt-br\/competencies\/systems\/products\/rsw-aluminum-welding-guns\/","name":"M\u00e1quinas de solda em Alum\u00ednio RSW - Comau","isPartOf":{"@id":"https:\/\/www.comau.com\/pt-br\/#website"},"primaryImageOfPage":{"@id":"https:\/\/www.comau.com\/pt-br\/competencies\/systems\/products\/rsw-aluminum-welding-guns\/#primaryimage"},"image":{"@id":"https:\/\/www.comau.com\/pt-br\/competencies\/systems\/products\/rsw-aluminum-welding-guns\/#primaryimage"},"thumbnailUrl":"https:\/\/www.comau.com\/wp-content\/uploads\/2021\/06\/RSW_header.jpg","datePublished":"2021-06-08T07:29:56+00:00","dateModified":"2021-07-19T22:28:09+00:00","breadcrumb":{"@id":"https:\/\/www.comau.com\/pt-br\/competencies\/systems\/products\/rsw-aluminum-welding-guns\/#breadcrumb"},"inLanguage":"pt-BR","potentialAction":[{"@type":"ReadAction","target":["https:\/\/www.comau.com\/pt-br\/competencies\/systems\/products\/rsw-aluminum-welding-guns\/"]}]},{"@type":"ImageObject","inLanguage":"pt-BR","@id":"https:\/\/www.comau.com\/pt-br\/competencies\/systems\/products\/rsw-aluminum-welding-guns\/#primaryimage","url":"https:\/\/www.comau.com\/wp-content\/uploads\/2021\/06\/RSW_header.jpg","contentUrl":"https:\/\/www.comau.com\/wp-content\/uploads\/2021\/06\/RSW_header.jpg","width":1280,"height":485},{"@type":"BreadcrumbList","@id":"https:\/\/www.comau.com\/pt-br\/competencies\/systems\/products\/rsw-aluminum-welding-guns\/#breadcrumb","itemListElement":[{"@type":"ListItem","position":1,"name":"Home","item":"https:\/\/www.comau.com\/pt-br\/"},{"@type":"ListItem","position":2,"name":"Nossas Compet\u00eancias","item":"https:\/\/www.comau.com\/pt-br\/competencies\/"},{"@type":"ListItem","position":3,"name":"Body Assembly","item":"https:\/\/www.comau.com\/pt-br\/competencies\/body-assembly\/"},{"@type":"ListItem","position":4,"name":"Produtos","item":"https:\/\/www.comau.com\/pt-br\/competencies\/body-assembly\/products\/"},{"@type":"ListItem","position":5,"name":"M\u00e1quinas de solda em Alum\u00ednio RSW"}]},{"@type":"WebSite","@id":"https:\/\/www.comau.com\/pt-br\/#website","url":"https:\/\/www.comau.com\/pt-br\/","name":"Comau","description":"Industrial automation and robotics","publisher":{"@id":"https:\/\/www.comau.com\/pt-br\/#organization"},"potentialAction":[{"@type":"SearchAction","target":{"@type":"EntryPoint","urlTemplate":"https:\/\/www.comau.com\/pt-br\/?s={search_term_string}"},"query-input":{"@type":"PropertyValueSpecification","valueRequired":true,"valueName":"search_term_string"}}],"inLanguage":"pt-BR"},{"@type":"Organization","@id":"https:\/\/www.comau.com\/pt-br\/#organization","name":"Comau","url":"https:\/\/www.comau.com\/pt-br\/","logo":{"@type":"ImageObject","inLanguage":"pt-BR","@id":"https:\/\/www.comau.com\/pt-br\/#\/schema\/logo\/image\/","url":"https:\/\/www.comau.com\/wp-content\/uploads\/2024\/07\/cropped-Logo-COMAU.png","contentUrl":"https:\/\/www.comau.com\/wp-content\/uploads\/2024\/07\/cropped-Logo-COMAU.png","width":434,"height":434,"caption":"Comau"},"image":{"@id":"https:\/\/www.comau.com\/pt-br\/#\/schema\/logo\/image\/"},"sameAs":["https:\/\/www.facebook.com\/COMAU\/","https:\/\/x.com\/comaugroup","https:\/\/www.instagram.com\/comaugroup\/","https:\/\/www.linkedin.com\/company\/comau","https:\/\/www.youtube.com\/user\/comau"]}]}},"_links":{"self":[{"href":"https:\/\/www.comau.com\/pt-br\/wp-json\/wp\/v2\/pages\/4939","targetHints":{"allow":["GET"]}}],"collection":[{"href":"https:\/\/www.comau.com\/pt-br\/wp-json\/wp\/v2\/pages"}],"about":[{"href":"https:\/\/www.comau.com\/pt-br\/wp-json\/wp\/v2\/types\/page"}],"author":[{"embeddable":true,"href":"https:\/\/www.comau.com\/pt-br\/wp-json\/wp\/v2\/users\/11"}],"replies":[{"embeddable":true,"href":"https:\/\/www.comau.com\/pt-br\/wp-json\/wp\/v2\/comments?post=4939"}],"version-history":[{"count":10,"href":"https:\/\/www.comau.com\/pt-br\/wp-json\/wp\/v2\/pages\/4939\/revisions"}],"predecessor-version":[{"id":29894,"href":"https:\/\/www.comau.com\/pt-br\/wp-json\/wp\/v2\/pages\/4939\/revisions\/29894"}],"up":[{"embeddable":true,"href":"https:\/\/www.comau.com\/pt-br\/wp-json\/wp\/v2\/pages\/4832"}],"wp:featuredmedia":[{"embeddable":true,"href":"https:\/\/www.comau.com\/pt-br\/wp-json\/wp\/v2\/media\/4962"}],"wp:attachment":[{"href":"https:\/\/www.comau.com\/pt-br\/wp-json\/wp\/v2\/media?parent=4939"}],"curies":[{"name":"wp","href":"https:\/\/api.w.org\/{rel}","templated":true}]}}