{"id":4934,"date":"2021-06-07T18:21:47","date_gmt":"2021-06-07T16:21:47","guid":{"rendered":"https:\/\/www.comau.com\/?page_id=4934"},"modified":"2022-02-08T10:28:55","modified_gmt":"2022-02-08T09:28:55","slug":"rhevo","status":"publish","type":"page","link":"https:\/\/www.comau.com\/pt-br\/competencies\/systems\/products\/rhevo\/","title":{"rendered":"RHEvo"},"content":{"rendered":"\n<p>Imagine uma solu\u00e7\u00e3o modular, compacta e inerentemente flex\u00edvel que pode revirar bordas e elementos complexos em m\u00faltiplas linhas de manufatura, al\u00e9m de poder operar em 2 sistemas\/sentidos: \u2018push\u2019 e \u2018pull\u2019.<\/p>\n\n\n\n<p>Imagine mais flexibilidade com maior qualidade e confiabilidade. Imagine ter controle total sobre o processo como um todo.<\/p>\n\n\n\n<p>Imagine ser capaz de produzir carros de luxo em baixa escala com a mesma facilidade de uma linha de manufatura din\u00e2mica e de alto volume. <\/p>\n\n\n\n<p>Imagine RHEvo.<\/p>\n\n\n\n<div class=\"wp-block-getwid-toggle download-dropdown has-icon-left\">\n<div class=\"wp-block-getwid-toggle__row\"><div class=\"wp-block-getwid-toggle__header-wrapper\"><span class=\"wp-block-getwid-toggle__header\"><a href=\"#\"><span class=\"wp-block-getwid-toggle__header-title\">Download the brochure<\/span><span class=\"wp-block-getwid-toggle__icon is-active\"><i class=\"fas fa-plus\"><\/i><\/span><span class=\"wp-block-getwid-toggle__icon is-passive\"><i class=\"fas fa-minus\"><\/i><\/span><\/a><\/span><\/div><div class=\"wp-block-getwid-toggle__content-wrapper\"><div class=\"wp-block-getwid-toggle__content\">\n<div class=\"wp-block-getwid-button-group\"><div class=\"wp-block-getwid-button-group__wrapper\">\n<div class=\"wp-block-button\"><a class=\"wp-block-button__link\" href=\"https:\/\/www.comau.com\/wp-content\/uploads\/2021\/06\/RHevo.pdf\" target=\"_blank\" rel=\"noreferrer noopener\">RHEvo<\/a><\/div>\n<\/div><\/div>\n<\/div><\/div><\/div>\n<\/div>\n\n\n\n<h2 class=\"wp-block-heading\" id=\"solucoes\">Solu\u00e7\u00f5es<\/h2>\n\n\n\n<p>RHEvo \u00e9 uma solu\u00e7\u00e3o inovadora que garante uma opera\u00e7\u00e3o consistente com qualidade em longo prazo, alta confiabilidade, controle total do processo, intercambialidade otimizada dos rolamentos. \u00c9 uma ferramenta \u00fanica que pode ser adaptada para se encaixar em rob\u00f4s de diversas marcas do mercado. Ela permite que o fabricante trate todas as aplica\u00e7\u00f5es da linha de montagem sem  mudar as configura\u00e7\u00f5es do rob\u00f4. Por ser um sistema modular, garante melhor gest\u00e3o e troca r\u00e1pida de pe\u00e7as. Tudo isso se traduz em aumento de efici\u00eancia e redu\u00e7\u00e3o no tempo improdutivo.<\/p>\n\n\n\n<h2 class=\"wp-block-heading\" id=\"beneficios\">Benef\u00edcios<\/h2>\n\n\n\n<ul class=\"wp-block-list\"><li>Acessibilidade m\u00e1xima ao rob\u00f4<\/li><li>Estrutura mec\u00e2nica pura que garante controle total de for\u00e7a<\/li><li>Press\u00e3o efetiva em tempo real<\/li><li>Estrutura Push-Pull entrega extrema flexibilidade e gest\u00e3o de troca de pe\u00e7as<\/li><li>Monitoramento da qualidade do percurso por sistema Wireless <\/li><\/ul>\n\n\n\n<figure class=\"wp-block-embed is-type-video is-provider-youtube wp-block-embed-youtube wp-embed-aspect-16-9 wp-has-aspect-ratio\"><div class=\"wp-block-embed__wrapper\">\n<iframe title=\"Robot Roller Hemming: Comau RHEvo\" width=\"640\" height=\"360\" src=\"https:\/\/www.youtube.com\/embed\/o3v_I82o3FU?feature=oembed\" frameborder=\"0\" allow=\"accelerometer; autoplay; clipboard-write; encrypted-media; gyroscope; picture-in-picture; web-share\" referrerpolicy=\"strict-origin-when-cross-origin\" allowfullscreen><\/iframe>\n<\/div><\/figure>\n","protected":false},"excerpt":{"rendered":"<p>Imagine uma solu\u00e7\u00e3o modular, compacta e inerentemente flex\u00edvel que pode revirar bordas e elementos complexos em m\u00faltiplas linhas de manufatura, al\u00e9m de poder operar em 2 sistemas\/sentidos: \u2018push\u2019 e \u2018pull\u2019. Imagine mais flexibilidade com maior qualidade e confiabilidade. Imagine ter controle total sobre o processo como um todo. Imagine ser capaz de produzir carros de [&hellip;]<\/p>\n","protected":false},"author":11,"featured_media":4949,"parent":4832,"menu_order":0,"comment_status":"closed","ping_status":"closed","template":"","meta":{"_acf_changed":false,"ep_exclude_from_search":false,"footnotes":""},"class_list":["post-4934","page","type-page","status-publish","has-post-thumbnail","hentry"],"acf":[],"yoast_head":"<!-- This site is optimized with the Yoast SEO plugin v26.9 - https:\/\/yoast.com\/product\/yoast-seo-wordpress\/ -->\n<title>RHEvo: Solu\u00e7\u00e3o no reviramento de bordas | Comau<\/title>\n<meta name=\"description\" content=\"RHEvo: uma solu\u00e7\u00e3o inovadora no reviramento de bordas e elementos complexos que garante uma qualidade de embainhamento consistente durante todo o processo.\" \/>\n<meta name=\"robots\" content=\"index, follow, max-snippet:-1, max-image-preview:large, max-video-preview:-1\" \/>\n<link rel=\"canonical\" href=\"https:\/\/www.comau.com\/pt-br\/competencies\/systems\/products\/rhevo\/\" \/>\n<meta property=\"og:locale\" content=\"pt_BR\" \/>\n<meta property=\"og:type\" content=\"article\" \/>\n<meta property=\"og:title\" content=\"RHEvo: Solu\u00e7\u00e3o no reviramento de bordas | Comau\" \/>\n<meta property=\"og:description\" content=\"RHEvo: uma solu\u00e7\u00e3o inovadora no reviramento de bordas e elementos complexos que garante uma qualidade de embainhamento consistente durante todo o processo.\" \/>\n<meta property=\"og:url\" content=\"https:\/\/www.comau.com\/pt-br\/competencies\/systems\/products\/rhevo\/\" \/>\n<meta property=\"og:site_name\" content=\"Comau\" \/>\n<meta property=\"article:publisher\" content=\"https:\/\/www.facebook.com\/COMAU\/\" \/>\n<meta property=\"article:modified_time\" content=\"2022-02-08T09:28:55+00:00\" \/>\n<meta property=\"og:image\" content=\"https:\/\/www.comau.com\/wp-content\/uploads\/2021\/06\/rhevo_header.jpg\" \/>\n\t<meta property=\"og:image:width\" content=\"1280\" \/>\n\t<meta property=\"og:image:height\" content=\"485\" \/>\n\t<meta property=\"og:image:type\" content=\"image\/jpeg\" \/>\n<meta name=\"twitter:card\" content=\"summary_large_image\" \/>\n<meta name=\"twitter:site\" content=\"@comaugroup\" \/>\n<meta name=\"twitter:label1\" content=\"Est. tempo de leitura\" \/>\n\t<meta name=\"twitter:data1\" content=\"1 minuto\" \/>\n<script type=\"application\/ld+json\" class=\"yoast-schema-graph\">{\"@context\":\"https:\/\/schema.org\",\"@graph\":[{\"@type\":\"WebPage\",\"@id\":\"https:\/\/www.comau.com\/pt-br\/competencies\/systems\/products\/rhevo\/\",\"url\":\"https:\/\/www.comau.com\/pt-br\/competencies\/systems\/products\/rhevo\/\",\"name\":\"RHEvo: Solu\u00e7\u00e3o no reviramento de bordas | Comau\",\"isPartOf\":{\"@id\":\"https:\/\/www.comau.com\/pt-br\/#website\"},\"primaryImageOfPage\":{\"@id\":\"https:\/\/www.comau.com\/pt-br\/competencies\/systems\/products\/rhevo\/#primaryimage\"},\"image\":{\"@id\":\"https:\/\/www.comau.com\/pt-br\/competencies\/systems\/products\/rhevo\/#primaryimage\"},\"thumbnailUrl\":\"https:\/\/www.comau.com\/wp-content\/uploads\/2021\/06\/rhevo_header.jpg\",\"datePublished\":\"2021-06-07T16:21:47+00:00\",\"dateModified\":\"2022-02-08T09:28:55+00:00\",\"description\":\"RHEvo: uma solu\u00e7\u00e3o inovadora no reviramento de bordas e elementos complexos que garante uma qualidade de embainhamento consistente durante todo o processo.\",\"breadcrumb\":{\"@id\":\"https:\/\/www.comau.com\/pt-br\/competencies\/systems\/products\/rhevo\/#breadcrumb\"},\"inLanguage\":\"pt-BR\",\"potentialAction\":[{\"@type\":\"ReadAction\",\"target\":[\"https:\/\/www.comau.com\/pt-br\/competencies\/systems\/products\/rhevo\/\"]}]},{\"@type\":\"ImageObject\",\"inLanguage\":\"pt-BR\",\"@id\":\"https:\/\/www.comau.com\/pt-br\/competencies\/systems\/products\/rhevo\/#primaryimage\",\"url\":\"https:\/\/www.comau.com\/wp-content\/uploads\/2021\/06\/rhevo_header.jpg\",\"contentUrl\":\"https:\/\/www.comau.com\/wp-content\/uploads\/2021\/06\/rhevo_header.jpg\",\"width\":1280,\"height\":485},{\"@type\":\"BreadcrumbList\",\"@id\":\"https:\/\/www.comau.com\/pt-br\/competencies\/systems\/products\/rhevo\/#breadcrumb\",\"itemListElement\":[{\"@type\":\"ListItem\",\"position\":1,\"name\":\"Home\",\"item\":\"https:\/\/www.comau.com\/pt-br\/\"},{\"@type\":\"ListItem\",\"position\":2,\"name\":\"Nossas Compet\u00eancias\",\"item\":\"https:\/\/www.comau.com\/pt-br\/competencies\/\"},{\"@type\":\"ListItem\",\"position\":3,\"name\":\"Body Assembly\",\"item\":\"https:\/\/www.comau.com\/pt-br\/competencies\/body-assembly\/\"},{\"@type\":\"ListItem\",\"position\":4,\"name\":\"Produtos\",\"item\":\"https:\/\/www.comau.com\/pt-br\/competencies\/body-assembly\/products\/\"},{\"@type\":\"ListItem\",\"position\":5,\"name\":\"RHEvo\"}]},{\"@type\":\"WebSite\",\"@id\":\"https:\/\/www.comau.com\/pt-br\/#website\",\"url\":\"https:\/\/www.comau.com\/pt-br\/\",\"name\":\"Comau\",\"description\":\"Industrial automation and robotics\",\"publisher\":{\"@id\":\"https:\/\/www.comau.com\/pt-br\/#organization\"},\"potentialAction\":[{\"@type\":\"SearchAction\",\"target\":{\"@type\":\"EntryPoint\",\"urlTemplate\":\"https:\/\/www.comau.com\/pt-br\/?s={search_term_string}\"},\"query-input\":{\"@type\":\"PropertyValueSpecification\",\"valueRequired\":true,\"valueName\":\"search_term_string\"}}],\"inLanguage\":\"pt-BR\"},{\"@type\":\"Organization\",\"@id\":\"https:\/\/www.comau.com\/pt-br\/#organization\",\"name\":\"Comau\",\"url\":\"https:\/\/www.comau.com\/pt-br\/\",\"logo\":{\"@type\":\"ImageObject\",\"inLanguage\":\"pt-BR\",\"@id\":\"https:\/\/www.comau.com\/pt-br\/#\/schema\/logo\/image\/\",\"url\":\"https:\/\/www.comau.com\/wp-content\/uploads\/2024\/07\/cropped-Logo-COMAU.png\",\"contentUrl\":\"https:\/\/www.comau.com\/wp-content\/uploads\/2024\/07\/cropped-Logo-COMAU.png\",\"width\":434,\"height\":434,\"caption\":\"Comau\"},\"image\":{\"@id\":\"https:\/\/www.comau.com\/pt-br\/#\/schema\/logo\/image\/\"},\"sameAs\":[\"https:\/\/www.facebook.com\/COMAU\/\",\"https:\/\/x.com\/comaugroup\",\"https:\/\/www.instagram.com\/comaugroup\/\",\"https:\/\/www.linkedin.com\/company\/comau\",\"https:\/\/www.youtube.com\/user\/comau\"]}]}<\/script>\n<!-- \/ Yoast SEO plugin. -->","yoast_head_json":{"title":"RHEvo: Solu\u00e7\u00e3o no reviramento de bordas | Comau","description":"RHEvo: uma solu\u00e7\u00e3o inovadora no reviramento de bordas e elementos complexos que garante uma qualidade de embainhamento consistente durante todo o processo.","robots":{"index":"index","follow":"follow","max-snippet":"max-snippet:-1","max-image-preview":"max-image-preview:large","max-video-preview":"max-video-preview:-1"},"canonical":"https:\/\/www.comau.com\/pt-br\/competencies\/systems\/products\/rhevo\/","og_locale":"pt_BR","og_type":"article","og_title":"RHEvo: Solu\u00e7\u00e3o no reviramento de bordas | Comau","og_description":"RHEvo: uma solu\u00e7\u00e3o inovadora no reviramento de bordas e elementos complexos que garante uma qualidade de embainhamento consistente durante todo o processo.","og_url":"https:\/\/www.comau.com\/pt-br\/competencies\/systems\/products\/rhevo\/","og_site_name":"Comau","article_publisher":"https:\/\/www.facebook.com\/COMAU\/","article_modified_time":"2022-02-08T09:28:55+00:00","og_image":[{"width":1280,"height":485,"url":"https:\/\/www.comau.com\/wp-content\/uploads\/2021\/06\/rhevo_header.jpg","type":"image\/jpeg"}],"twitter_card":"summary_large_image","twitter_site":"@comaugroup","twitter_misc":{"Est. tempo de leitura":"1 minuto"},"schema":{"@context":"https:\/\/schema.org","@graph":[{"@type":"WebPage","@id":"https:\/\/www.comau.com\/pt-br\/competencies\/systems\/products\/rhevo\/","url":"https:\/\/www.comau.com\/pt-br\/competencies\/systems\/products\/rhevo\/","name":"RHEvo: Solu\u00e7\u00e3o no reviramento de bordas | Comau","isPartOf":{"@id":"https:\/\/www.comau.com\/pt-br\/#website"},"primaryImageOfPage":{"@id":"https:\/\/www.comau.com\/pt-br\/competencies\/systems\/products\/rhevo\/#primaryimage"},"image":{"@id":"https:\/\/www.comau.com\/pt-br\/competencies\/systems\/products\/rhevo\/#primaryimage"},"thumbnailUrl":"https:\/\/www.comau.com\/wp-content\/uploads\/2021\/06\/rhevo_header.jpg","datePublished":"2021-06-07T16:21:47+00:00","dateModified":"2022-02-08T09:28:55+00:00","description":"RHEvo: uma solu\u00e7\u00e3o inovadora no reviramento de bordas e elementos complexos que garante uma qualidade de embainhamento consistente durante todo o processo.","breadcrumb":{"@id":"https:\/\/www.comau.com\/pt-br\/competencies\/systems\/products\/rhevo\/#breadcrumb"},"inLanguage":"pt-BR","potentialAction":[{"@type":"ReadAction","target":["https:\/\/www.comau.com\/pt-br\/competencies\/systems\/products\/rhevo\/"]}]},{"@type":"ImageObject","inLanguage":"pt-BR","@id":"https:\/\/www.comau.com\/pt-br\/competencies\/systems\/products\/rhevo\/#primaryimage","url":"https:\/\/www.comau.com\/wp-content\/uploads\/2021\/06\/rhevo_header.jpg","contentUrl":"https:\/\/www.comau.com\/wp-content\/uploads\/2021\/06\/rhevo_header.jpg","width":1280,"height":485},{"@type":"BreadcrumbList","@id":"https:\/\/www.comau.com\/pt-br\/competencies\/systems\/products\/rhevo\/#breadcrumb","itemListElement":[{"@type":"ListItem","position":1,"name":"Home","item":"https:\/\/www.comau.com\/pt-br\/"},{"@type":"ListItem","position":2,"name":"Nossas Compet\u00eancias","item":"https:\/\/www.comau.com\/pt-br\/competencies\/"},{"@type":"ListItem","position":3,"name":"Body Assembly","item":"https:\/\/www.comau.com\/pt-br\/competencies\/body-assembly\/"},{"@type":"ListItem","position":4,"name":"Produtos","item":"https:\/\/www.comau.com\/pt-br\/competencies\/body-assembly\/products\/"},{"@type":"ListItem","position":5,"name":"RHEvo"}]},{"@type":"WebSite","@id":"https:\/\/www.comau.com\/pt-br\/#website","url":"https:\/\/www.comau.com\/pt-br\/","name":"Comau","description":"Industrial automation and robotics","publisher":{"@id":"https:\/\/www.comau.com\/pt-br\/#organization"},"potentialAction":[{"@type":"SearchAction","target":{"@type":"EntryPoint","urlTemplate":"https:\/\/www.comau.com\/pt-br\/?s={search_term_string}"},"query-input":{"@type":"PropertyValueSpecification","valueRequired":true,"valueName":"search_term_string"}}],"inLanguage":"pt-BR"},{"@type":"Organization","@id":"https:\/\/www.comau.com\/pt-br\/#organization","name":"Comau","url":"https:\/\/www.comau.com\/pt-br\/","logo":{"@type":"ImageObject","inLanguage":"pt-BR","@id":"https:\/\/www.comau.com\/pt-br\/#\/schema\/logo\/image\/","url":"https:\/\/www.comau.com\/wp-content\/uploads\/2024\/07\/cropped-Logo-COMAU.png","contentUrl":"https:\/\/www.comau.com\/wp-content\/uploads\/2024\/07\/cropped-Logo-COMAU.png","width":434,"height":434,"caption":"Comau"},"image":{"@id":"https:\/\/www.comau.com\/pt-br\/#\/schema\/logo\/image\/"},"sameAs":["https:\/\/www.facebook.com\/COMAU\/","https:\/\/x.com\/comaugroup","https:\/\/www.instagram.com\/comaugroup\/","https:\/\/www.linkedin.com\/company\/comau","https:\/\/www.youtube.com\/user\/comau"]}]}},"_links":{"self":[{"href":"https:\/\/www.comau.com\/pt-br\/wp-json\/wp\/v2\/pages\/4934","targetHints":{"allow":["GET"]}}],"collection":[{"href":"https:\/\/www.comau.com\/pt-br\/wp-json\/wp\/v2\/pages"}],"about":[{"href":"https:\/\/www.comau.com\/pt-br\/wp-json\/wp\/v2\/types\/page"}],"author":[{"embeddable":true,"href":"https:\/\/www.comau.com\/pt-br\/wp-json\/wp\/v2\/users\/11"}],"replies":[{"embeddable":true,"href":"https:\/\/www.comau.com\/pt-br\/wp-json\/wp\/v2\/comments?post=4934"}],"version-history":[{"count":18,"href":"https:\/\/www.comau.com\/pt-br\/wp-json\/wp\/v2\/pages\/4934\/revisions"}],"predecessor-version":[{"id":42151,"href":"https:\/\/www.comau.com\/pt-br\/wp-json\/wp\/v2\/pages\/4934\/revisions\/42151"}],"up":[{"embeddable":true,"href":"https:\/\/www.comau.com\/pt-br\/wp-json\/wp\/v2\/pages\/4832"}],"wp:featuredmedia":[{"embeddable":true,"href":"https:\/\/www.comau.com\/pt-br\/wp-json\/wp\/v2\/media\/4949"}],"wp:attachment":[{"href":"https:\/\/www.comau.com\/pt-br\/wp-json\/wp\/v2\/media?parent=4934"}],"curies":[{"name":"wp","href":"https:\/\/api.w.org\/{rel}","templated":true}]}}