{"id":49286,"date":"2022-11-29T09:49:02","date_gmt":"2022-11-29T08:49:02","guid":{"rendered":"https:\/\/www.comau.com\/?page_id=49286"},"modified":"2022-12-22T15:17:21","modified_gmt":"2022-12-22T14:17:21","slug":"solucoes-avancadas-da-comau-em-soldagem-de-carroceria-para-a-producao-local-de-caminhoes-pesados-de-ultima-geracao-da-foton-daimler-actros","status":"publish","type":"page","link":"https:\/\/www.comau.com\/pt-br\/about-us\/success-stories\/solucoes-avancadas-da-comau-em-soldagem-de-carroceria-para-a-producao-local-de-caminhoes-pesados-de-ultima-geracao-da-foton-daimler-actros\/","title":{"rendered":"Solu\u00e7\u00f5es avan\u00e7adas da Comau em soldagem de carroceria para a produ\u00e7\u00e3o local de caminh\u00f5es pesados de \u00faltima gera\u00e7\u00e3o da Mercedes-Benz &#8211; Actros"},"content":{"rendered":"\n<div class=\"wp-block-group mt-5\"><div class=\"wp-block-group__inner-container is-layout-flow wp-block-group-is-layout-flow\">\n<p>A melhora nos padr\u00f5es de emiss\u00e3o e a acelera\u00e7\u00e3o de novos investimentos em infraestrutura, entre outros fatores, est\u00e3o ajudando a impulsionar o volume de vendas de caminh\u00f5es na China, um dos maiores mercados para caminh\u00f5es pesados no mundo. Dada a crescente concentra\u00e7\u00e3o do setor de log\u00edstica dom\u00e9stica, a propor\u00e7\u00e3o de grandes frotas e empresas de log\u00edstica est\u00e1 aumentando. Como resultado, o mercado presta mais aten\u00e7\u00e3o a quest\u00f5es como efici\u00eancia operacional, confiabilidade e tempo de ciclo de vida dos ve\u00edculos, o que significa que os fabricantes est\u00e3o come\u00e7ando a se concentrar na produ\u00e7\u00e3o local de ve\u00edculos que, antes, eram importados.<\/p>\n\n\n\n<p>Ent\u00e3o, quando a Daimler Trucks AG e o fabricante chin\u00eas de caminh\u00f5es Foton Motor anunciaram sua inten\u00e7\u00e3o de fabricar e vender caminh\u00f5es Mercedes-Benz para segmentos de mercado exigentes na China, eles procuraram a Comau para apoi\u00e1-los neste desafio. Fornecedora da Daimler Trucks na Europa h\u00e1 muito tempo e com quase 50 anos de experi\u00eancia comprovada em f\u00e1brica, a Comau ficou encarregada de projetar e implantar uma solu\u00e7\u00e3o de soldagem totalmente automatizada para a \u00e1rea das portas e a estrutura do painel de instrumentos como parte do projeto Foton Daimler Actros.<\/p>\n<\/div><\/div>\n\n\n\n<div class=\"wp-block-columns is-layout-flex wp-container-core-columns-is-layout-9d6595d7 wp-block-columns-is-layout-flex\">\n<div class=\"wp-block-column is-layout-flow wp-block-column-is-layout-flow\">\n<h2 class=\"h3 wp-block-heading\" id=\"the-challenge\">Desafio<\/h2>\n\n\n\n<p>Para produzir localmente seu primeiro caminh\u00e3o pesado no mercado chin\u00eas, a Beijing Foton Daimler Automotive Co., Ltd (BFDA) precisava integrar a plataforma global Mercedes-Benz e a tecnologia mais avan\u00e7ada da Daimler em caminh\u00f5es. A f\u00e1brica da BFDA usaria a mais recente norma, <em>Integra 6<\/em>, da Daimler, para criar a linha de produ\u00e7\u00e3o automatizada e flex\u00edvel, a equipe de Projetos e Gest\u00e3o de Engenharia da Comau teria que entender e implementar as especifica\u00e7\u00f5es em tempo recorde.<\/p>\n\n\n\n<p>A Comau tamb\u00e9m precisava considerar o fato de que o Actros \u00e9 um produto altamente modular, com um grau significativo de personaliza\u00e7\u00e3o. Isso significava que a configura\u00e7\u00e3o de soldagem automatizada precisava ser flex\u00edvel o suficiente para lidar com m\u00faltiplas configura\u00e7\u00f5es e\/ou detalhes personalizados, sem afetar os objetivos de tempo de ciclo do cliente.<\/p>\n<\/div>\n\n\n\n<div class=\"wp-block-column is-layout-flow wp-block-column-is-layout-flow\">\n<h2 class=\"h3 wp-block-heading\" id=\"the-solution\">Solu\u00e7\u00e3o<\/h2>\n\n\n\n<p>Como uma empresa l\u00edder no fornecimento de sistemas completos de montagem de carrocerias, a Comau re\u00fane a experi\u00eancia e o conhecimento necess\u00e1rios para atender as demandas em automa\u00e7\u00e3o avan\u00e7ada dos principais OEMs do mundo. Ao aliar know-how t\u00e9cnico e uma longa rela\u00e7\u00e3o com a Daimler na Europa, a Comau construiu uma solu\u00e7\u00e3o de soldagem, compacta mas ao mesmo tempo escal\u00e1vel, para a \u00e1rea de portas e montagem de subconjuntos, com aplica\u00e7\u00f5es de comissionamento virtual, t\u00edpicos da Ind\u00fastria 4.0 e em total conformidade com a norma <em>Integra 6 <\/em>do cliente. E como toda a linha usa tecnologia de comissionamento virtual, a Comau conseguiu testar e otimizar a nova linha, encurtar o tempo real de comissionamento, reduzir os custos de m\u00e3o-de-obra e praticamente eliminar os riscos potenciais que poderiam ocorrer durante o comissionamento na f\u00e1brica.&nbsp;<\/p>\n\n\n\n<p>Para garantir a efici\u00eancia do ciclo e dinamizar os fluxos de trabalho, a linha de produ\u00e7\u00e3o traz solu\u00e7\u00f5es propriet\u00e1rias da Comau, como o RH-Clean, um dispositivo de limpeza autom\u00e1tica que pode ser usado com diferentes tipos de equipamentos, incluindo o sistema de grafagem RHEvo. Al\u00e9m disso, alguns rob\u00f4s apresentam uma fun\u00e7\u00e3o de pr\u00e9-inicializa\u00e7\u00e3o, o que aumenta a flexibilidade e a otimiza\u00e7\u00e3o do tempo de ciclo da linha. Por fim, o sistema de vis\u00e3o com controle de qualidade integrado, baseado na detec\u00e7\u00e3o de imagens atrav\u00e9s da c\u00e2mera QUISS e equipado com um processo kick-in\/kick-off, ajuda a garantir a qualidade das portas e de suas pe\u00e7as ap\u00f3s a colagem.&nbsp;<\/p>\n<\/div>\n<\/div>\n\n\n\n<div class=\"wp-block-group wide-section-light-1 py-5 my-5\"><div class=\"wp-block-group__inner-container is-layout-flow wp-block-group-is-layout-flow\">\n<div class=\"wp-block-group wide-section-light-1 py-5 my-5\"><div class=\"wp-block-group__inner-container is-layout-flow wp-block-group-is-layout-flow\">\n<h2 class=\"h2 wp-block-heading\" id=\"the-results\">Resultados<\/h2>\n\n\n\n<p>Para este projeto, a Comau aplicou um conceito de produ\u00e7\u00e3o flex\u00edvel em termos de quantidade e tipos de produ\u00e7\u00e3o, para garantir que a linha de solda pudesse lidar tanto com a modularidade quanto com o alto grau de personaliza\u00e7\u00e3o do Actros. O fator \u2018escalabilidade\u2019, intr\u00ednseco na linha, tamb\u00e9m significa que ela pode atender \u00e0s futuras demandas de produ\u00e7\u00e3o do cliente, sem sacrificar sua capacidade de se adaptar a uma gest\u00e3o mais complexa de modelos, com um gerenciamento de produ\u00e7\u00e3o flex\u00edvel. O mais not\u00e1vel, no entanto, \u00e9 que esta solu\u00e7\u00e3o atingiu a capacidade de produ\u00e7\u00e3o anual do cliente de 60.000 unidades e sua meta de obter 100% de automa\u00e7\u00e3o do processo. O projeto est\u00e1 atualmente na fase de produ\u00e7\u00e3o em massa<\/p>\n\n\n\n<p>A produ\u00e7\u00e3o em massa deve come\u00e7ar em junho de 2023.<\/p>\n\n\n\n<blockquote class=\"wp-block-quote is-layout-flow wp-block-quote-is-layout-flow\"><p><em>&#8220;Estamos honrados por termos sido escolhidos pela Foton Daimler para trabalhar neste projeto importante, que abre caminho para a produ\u00e7\u00e3o local de seu primeiro modelo de caminh\u00e3o pesado. A Daimler \u00e9 l\u00edder mundial na ind\u00fastria automotiva, n\u00e3o apenas devido a seu grande volume de neg\u00f3cios, mas tamb\u00e9m devido \u00e0 sua busca de avan\u00e7o tecnol\u00f3gico. Ter conquistado este projeto \u00e9 um reconhecimento das capacidades da Comau, da expans\u00e3o de sua base de clientes e da expans\u00e3o em novos neg\u00f3cios.&#8221; <\/em><\/p><cite>Gaetano Cantalupo, L\u00edder da Comau para o Cluster APAC<\/cite><\/blockquote>\n\n\n\n<div class=\"wp-block-columns is-layout-flex wp-container-core-columns-is-layout-9d6595d7 wp-block-columns-is-layout-flex\">\n<div class=\"wp-block-column is-layout-flow wp-block-column-is-layout-flow\">\n<div class=\"wp-block-getwid-counter \u00b0\"><div class=\"wp-block-getwid-counter__wrapper\" data-start=\"0\" data-end=\"360\" data-decimal-places=\"0\" data-duration=\"\" data-use-easing=\"true\" data-use-grouping=\"true\" data-separator=\",\" data-decimal=\".\" data-easing-fn=\"outExpo\" data-numerals=\"default\"><span class=\"wp-block-getwid-counter__number\">0<\/span><p class=\"wp-block-getwid-counter__suffix\">\u00b0<\/p><\/div><\/div>\n\n\n\n<p>solu\u00e7\u00e3o de soldagem de ponta a ponta, com processo 100% automatizado&nbsp;<\/p>\n<\/div>\n\n\n\n<div class=\"wp-block-column is-layout-flow wp-block-column-is-layout-flow\">\n<div class=\"wp-block-getwid-counter\"><div class=\"wp-block-getwid-counter__wrapper\" data-start=\"0\" data-end=\"60\" data-decimal-places=\"0\" data-duration=\"3\" data-use-easing=\"true\" data-use-grouping=\"true\" data-separator=\",\" data-decimal=\".\" data-easing-fn=\"outExpo\" data-numerals=\"default\"><span class=\"wp-block-getwid-counter__number\">0<\/span><p class=\"wp-block-getwid-counter__suffix\">k<\/p><\/div><\/div>\n\n\n\n<p>caminh\u00f5es por ano como capacidade de produ\u00e7\u00e3o<\/p>\n<\/div>\n\n\n\n<div class=\"wp-block-column is-layout-flow wp-block-column-is-layout-flow\">\n<div class=\"wp-block-getwid-counter\"><div class=\"wp-block-getwid-counter__wrapper\" data-start=\"0\" data-end=\"100\" data-decimal-places=\"0\" data-duration=\"3\" data-use-easing=\"true\" data-use-grouping=\"true\" data-separator=\",\" data-decimal=\".\" data-easing-fn=\"outExpo\" data-numerals=\"default\"><span class=\"wp-block-getwid-counter__number\">0<\/span><p class=\"wp-block-getwid-counter__suffix\">%<\/p><\/div><\/div>\n\n\n\n<p>Flexibilidade para lidar com a produ\u00e7\u00e3o de v\u00e1rios modelos e detalhes de personaliza\u00e7\u00e3o<\/p>\n<\/div>\n\n\n\n<div class=\"wp-block-column is-layout-flow wp-block-column-is-layout-flow\"><\/div>\n<\/div>\n<\/div><\/div>\n\n\n\n<div class=\"wp-block-columns is-layout-flex wp-container-core-columns-is-layout-9d6595d7 wp-block-columns-is-layout-flex\">\n<div class=\"wp-block-column is-layout-flow wp-block-column-is-layout-flow\"><\/div>\n\n\n\n<div class=\"wp-block-column is-layout-flow wp-block-column-is-layout-flow\"><\/div>\n<\/div>\n<\/div><\/div>\n\n\n\n<div class=\"wp-block-group\"><div class=\"wp-block-group__inner-container is-layout-flow wp-block-group-is-layout-flow\"><\/div><\/div>\n","protected":false},"excerpt":{"rendered":"<p>A melhora nos padr\u00f5es de emiss\u00e3o e a acelera\u00e7\u00e3o de novos investimentos em infraestrutura, entre outros fatores, est\u00e3o ajudando a impulsionar o volume de vendas de caminh\u00f5es na China, um dos maiores mercados para caminh\u00f5es pesados no mundo. Dada a crescente concentra\u00e7\u00e3o do setor de log\u00edstica dom\u00e9stica, a propor\u00e7\u00e3o de grandes frotas e empresas de [&hellip;]<\/p>\n","protected":false},"author":19,"featured_media":49329,"parent":41300,"menu_order":9,"comment_status":"closed","ping_status":"closed","template":"","meta":{"_acf_changed":false,"ep_exclude_from_search":false,"footnotes":""},"class_list":["post-49286","page","type-page","status-publish","has-post-thumbnail","hentry"],"acf":[],"yoast_head":"<!-- This site is optimized with the Yoast SEO plugin v26.9 - https:\/\/yoast.com\/product\/yoast-seo-wordpress\/ -->\n<title>Solu\u00e7\u00f5es avan\u00e7adas da Comau em soldagem de carroceria para a produ\u00e7\u00e3o local de caminh\u00f5es pesados de \u00faltima gera\u00e7\u00e3o da Mercedes-Benz - Actros - Comau<\/title>\n<meta name=\"robots\" content=\"index, follow, max-snippet:-1, max-image-preview:large, max-video-preview:-1\" \/>\n<link rel=\"canonical\" href=\"https:\/\/www.comau.com\/pt-br\/about-us\/success-stories\/solucoes-avancadas-da-comau-em-soldagem-de-carroceria-para-a-producao-local-de-caminhoes-pesados-de-ultima-geracao-da-foton-daimler-actros\/\" \/>\n<meta property=\"og:locale\" content=\"pt_BR\" \/>\n<meta property=\"og:type\" content=\"article\" \/>\n<meta property=\"og:title\" content=\"Solu\u00e7\u00f5es avan\u00e7adas da Comau em soldagem de carroceria para a produ\u00e7\u00e3o local de caminh\u00f5es pesados de \u00faltima gera\u00e7\u00e3o da Mercedes-Benz - Actros - Comau\" \/>\n<meta property=\"og:description\" content=\"A melhora nos padr\u00f5es de emiss\u00e3o e a acelera\u00e7\u00e3o de novos investimentos em infraestrutura, entre outros fatores, est\u00e3o ajudando a impulsionar o volume de vendas de caminh\u00f5es na China, um dos maiores mercados para caminh\u00f5es pesados no mundo. Dada a crescente concentra\u00e7\u00e3o do setor de log\u00edstica dom\u00e9stica, a propor\u00e7\u00e3o de grandes frotas e empresas de [&hellip;]\" \/>\n<meta property=\"og:url\" content=\"https:\/\/www.comau.com\/pt-br\/about-us\/success-stories\/solucoes-avancadas-da-comau-em-soldagem-de-carroceria-para-a-producao-local-de-caminhoes-pesados-de-ultima-geracao-da-foton-daimler-actros\/\" \/>\n<meta property=\"og:site_name\" content=\"Comau\" \/>\n<meta property=\"article:publisher\" content=\"https:\/\/www.facebook.com\/COMAU\/\" \/>\n<meta property=\"article:modified_time\" content=\"2022-12-22T14:17:21+00:00\" \/>\n<meta property=\"og:image\" content=\"https:\/\/www.comau.com\/wp-content\/uploads\/2022\/11\/Header_Foton-Daimler-Comau_01.jpg\" \/>\n\t<meta property=\"og:image:width\" content=\"1450\" \/>\n\t<meta property=\"og:image:height\" content=\"450\" \/>\n\t<meta property=\"og:image:type\" content=\"image\/jpeg\" \/>\n<meta name=\"twitter:card\" content=\"summary_large_image\" \/>\n<meta name=\"twitter:site\" content=\"@comaugroup\" \/>\n<meta name=\"twitter:label1\" content=\"Est. tempo de leitura\" \/>\n\t<meta name=\"twitter:data1\" content=\"5 minutos\" \/>\n<script type=\"application\/ld+json\" class=\"yoast-schema-graph\">{\"@context\":\"https:\/\/schema.org\",\"@graph\":[{\"@type\":\"WebPage\",\"@id\":\"https:\/\/www.comau.com\/pt-br\/about-us\/success-stories\/solucoes-avancadas-da-comau-em-soldagem-de-carroceria-para-a-producao-local-de-caminhoes-pesados-de-ultima-geracao-da-foton-daimler-actros\/\",\"url\":\"https:\/\/www.comau.com\/pt-br\/about-us\/success-stories\/solucoes-avancadas-da-comau-em-soldagem-de-carroceria-para-a-producao-local-de-caminhoes-pesados-de-ultima-geracao-da-foton-daimler-actros\/\",\"name\":\"Solu\u00e7\u00f5es avan\u00e7adas da Comau em soldagem de carroceria para a produ\u00e7\u00e3o local de caminh\u00f5es pesados de \u00faltima gera\u00e7\u00e3o da Mercedes-Benz - Actros - Comau\",\"isPartOf\":{\"@id\":\"https:\/\/www.comau.com\/pt-br\/#website\"},\"primaryImageOfPage\":{\"@id\":\"https:\/\/www.comau.com\/pt-br\/about-us\/success-stories\/solucoes-avancadas-da-comau-em-soldagem-de-carroceria-para-a-producao-local-de-caminhoes-pesados-de-ultima-geracao-da-foton-daimler-actros\/#primaryimage\"},\"image\":{\"@id\":\"https:\/\/www.comau.com\/pt-br\/about-us\/success-stories\/solucoes-avancadas-da-comau-em-soldagem-de-carroceria-para-a-producao-local-de-caminhoes-pesados-de-ultima-geracao-da-foton-daimler-actros\/#primaryimage\"},\"thumbnailUrl\":\"https:\/\/www.comau.com\/wp-content\/uploads\/2022\/11\/Header_Foton-Daimler-Comau_01.jpg\",\"datePublished\":\"2022-11-29T08:49:02+00:00\",\"dateModified\":\"2022-12-22T14:17:21+00:00\",\"breadcrumb\":{\"@id\":\"https:\/\/www.comau.com\/pt-br\/about-us\/success-stories\/solucoes-avancadas-da-comau-em-soldagem-de-carroceria-para-a-producao-local-de-caminhoes-pesados-de-ultima-geracao-da-foton-daimler-actros\/#breadcrumb\"},\"inLanguage\":\"pt-BR\",\"potentialAction\":[{\"@type\":\"ReadAction\",\"target\":[\"https:\/\/www.comau.com\/pt-br\/about-us\/success-stories\/solucoes-avancadas-da-comau-em-soldagem-de-carroceria-para-a-producao-local-de-caminhoes-pesados-de-ultima-geracao-da-foton-daimler-actros\/\"]}]},{\"@type\":\"ImageObject\",\"inLanguage\":\"pt-BR\",\"@id\":\"https:\/\/www.comau.com\/pt-br\/about-us\/success-stories\/solucoes-avancadas-da-comau-em-soldagem-de-carroceria-para-a-producao-local-de-caminhoes-pesados-de-ultima-geracao-da-foton-daimler-actros\/#primaryimage\",\"url\":\"https:\/\/www.comau.com\/wp-content\/uploads\/2022\/11\/Header_Foton-Daimler-Comau_01.jpg\",\"contentUrl\":\"https:\/\/www.comau.com\/wp-content\/uploads\/2022\/11\/Header_Foton-Daimler-Comau_01.jpg\",\"width\":1450,\"height\":450},{\"@type\":\"BreadcrumbList\",\"@id\":\"https:\/\/www.comau.com\/pt-br\/about-us\/success-stories\/solucoes-avancadas-da-comau-em-soldagem-de-carroceria-para-a-producao-local-de-caminhoes-pesados-de-ultima-geracao-da-foton-daimler-actros\/#breadcrumb\",\"itemListElement\":[{\"@type\":\"ListItem\",\"position\":1,\"name\":\"Home\",\"item\":\"https:\/\/www.comau.com\/pt-br\/\"},{\"@type\":\"ListItem\",\"position\":2,\"name\":\"Sobre a Comau\",\"item\":\"https:\/\/www.comau.com\/pt-br\/about-us\/\"},{\"@type\":\"ListItem\",\"position\":3,\"name\":\"Hist\u00f3rias de sucesso\",\"item\":\"https:\/\/www.comau.com\/pt-br\/about-us\/success-stories\/\"},{\"@type\":\"ListItem\",\"position\":4,\"name\":\"Solu\u00e7\u00f5es avan\u00e7adas da Comau em soldagem de carroceria para a produ\u00e7\u00e3o local de caminh\u00f5es pesados de \u00faltima gera\u00e7\u00e3o da Mercedes-Benz &#8211; Actros\"}]},{\"@type\":\"WebSite\",\"@id\":\"https:\/\/www.comau.com\/pt-br\/#website\",\"url\":\"https:\/\/www.comau.com\/pt-br\/\",\"name\":\"Comau\",\"description\":\"Industrial automation and robotics\",\"publisher\":{\"@id\":\"https:\/\/www.comau.com\/pt-br\/#organization\"},\"potentialAction\":[{\"@type\":\"SearchAction\",\"target\":{\"@type\":\"EntryPoint\",\"urlTemplate\":\"https:\/\/www.comau.com\/pt-br\/?s={search_term_string}\"},\"query-input\":{\"@type\":\"PropertyValueSpecification\",\"valueRequired\":true,\"valueName\":\"search_term_string\"}}],\"inLanguage\":\"pt-BR\"},{\"@type\":\"Organization\",\"@id\":\"https:\/\/www.comau.com\/pt-br\/#organization\",\"name\":\"Comau\",\"url\":\"https:\/\/www.comau.com\/pt-br\/\",\"logo\":{\"@type\":\"ImageObject\",\"inLanguage\":\"pt-BR\",\"@id\":\"https:\/\/www.comau.com\/pt-br\/#\/schema\/logo\/image\/\",\"url\":\"https:\/\/www.comau.com\/wp-content\/uploads\/2024\/07\/cropped-Logo-COMAU.png\",\"contentUrl\":\"https:\/\/www.comau.com\/wp-content\/uploads\/2024\/07\/cropped-Logo-COMAU.png\",\"width\":434,\"height\":434,\"caption\":\"Comau\"},\"image\":{\"@id\":\"https:\/\/www.comau.com\/pt-br\/#\/schema\/logo\/image\/\"},\"sameAs\":[\"https:\/\/www.facebook.com\/COMAU\/\",\"https:\/\/x.com\/comaugroup\",\"https:\/\/www.instagram.com\/comaugroup\/\",\"https:\/\/www.linkedin.com\/company\/comau\",\"https:\/\/www.youtube.com\/user\/comau\"]}]}<\/script>\n<!-- \/ Yoast SEO plugin. -->","yoast_head_json":{"title":"Solu\u00e7\u00f5es avan\u00e7adas da Comau em soldagem de carroceria para a produ\u00e7\u00e3o local de caminh\u00f5es pesados de \u00faltima gera\u00e7\u00e3o da Mercedes-Benz - Actros - Comau","robots":{"index":"index","follow":"follow","max-snippet":"max-snippet:-1","max-image-preview":"max-image-preview:large","max-video-preview":"max-video-preview:-1"},"canonical":"https:\/\/www.comau.com\/pt-br\/about-us\/success-stories\/solucoes-avancadas-da-comau-em-soldagem-de-carroceria-para-a-producao-local-de-caminhoes-pesados-de-ultima-geracao-da-foton-daimler-actros\/","og_locale":"pt_BR","og_type":"article","og_title":"Solu\u00e7\u00f5es avan\u00e7adas da Comau em soldagem de carroceria para a produ\u00e7\u00e3o local de caminh\u00f5es pesados de \u00faltima gera\u00e7\u00e3o da Mercedes-Benz - Actros - Comau","og_description":"A melhora nos padr\u00f5es de emiss\u00e3o e a acelera\u00e7\u00e3o de novos investimentos em infraestrutura, entre outros fatores, est\u00e3o ajudando a impulsionar o volume de vendas de caminh\u00f5es na China, um dos maiores mercados para caminh\u00f5es pesados no mundo. Dada a crescente concentra\u00e7\u00e3o do setor de log\u00edstica dom\u00e9stica, a propor\u00e7\u00e3o de grandes frotas e empresas de [&hellip;]","og_url":"https:\/\/www.comau.com\/pt-br\/about-us\/success-stories\/solucoes-avancadas-da-comau-em-soldagem-de-carroceria-para-a-producao-local-de-caminhoes-pesados-de-ultima-geracao-da-foton-daimler-actros\/","og_site_name":"Comau","article_publisher":"https:\/\/www.facebook.com\/COMAU\/","article_modified_time":"2022-12-22T14:17:21+00:00","og_image":[{"width":1450,"height":450,"url":"https:\/\/www.comau.com\/wp-content\/uploads\/2022\/11\/Header_Foton-Daimler-Comau_01.jpg","type":"image\/jpeg"}],"twitter_card":"summary_large_image","twitter_site":"@comaugroup","twitter_misc":{"Est. tempo de leitura":"5 minutos"},"schema":{"@context":"https:\/\/schema.org","@graph":[{"@type":"WebPage","@id":"https:\/\/www.comau.com\/pt-br\/about-us\/success-stories\/solucoes-avancadas-da-comau-em-soldagem-de-carroceria-para-a-producao-local-de-caminhoes-pesados-de-ultima-geracao-da-foton-daimler-actros\/","url":"https:\/\/www.comau.com\/pt-br\/about-us\/success-stories\/solucoes-avancadas-da-comau-em-soldagem-de-carroceria-para-a-producao-local-de-caminhoes-pesados-de-ultima-geracao-da-foton-daimler-actros\/","name":"Solu\u00e7\u00f5es avan\u00e7adas da Comau em soldagem de carroceria para a produ\u00e7\u00e3o local de caminh\u00f5es pesados de \u00faltima gera\u00e7\u00e3o da Mercedes-Benz - Actros - Comau","isPartOf":{"@id":"https:\/\/www.comau.com\/pt-br\/#website"},"primaryImageOfPage":{"@id":"https:\/\/www.comau.com\/pt-br\/about-us\/success-stories\/solucoes-avancadas-da-comau-em-soldagem-de-carroceria-para-a-producao-local-de-caminhoes-pesados-de-ultima-geracao-da-foton-daimler-actros\/#primaryimage"},"image":{"@id":"https:\/\/www.comau.com\/pt-br\/about-us\/success-stories\/solucoes-avancadas-da-comau-em-soldagem-de-carroceria-para-a-producao-local-de-caminhoes-pesados-de-ultima-geracao-da-foton-daimler-actros\/#primaryimage"},"thumbnailUrl":"https:\/\/www.comau.com\/wp-content\/uploads\/2022\/11\/Header_Foton-Daimler-Comau_01.jpg","datePublished":"2022-11-29T08:49:02+00:00","dateModified":"2022-12-22T14:17:21+00:00","breadcrumb":{"@id":"https:\/\/www.comau.com\/pt-br\/about-us\/success-stories\/solucoes-avancadas-da-comau-em-soldagem-de-carroceria-para-a-producao-local-de-caminhoes-pesados-de-ultima-geracao-da-foton-daimler-actros\/#breadcrumb"},"inLanguage":"pt-BR","potentialAction":[{"@type":"ReadAction","target":["https:\/\/www.comau.com\/pt-br\/about-us\/success-stories\/solucoes-avancadas-da-comau-em-soldagem-de-carroceria-para-a-producao-local-de-caminhoes-pesados-de-ultima-geracao-da-foton-daimler-actros\/"]}]},{"@type":"ImageObject","inLanguage":"pt-BR","@id":"https:\/\/www.comau.com\/pt-br\/about-us\/success-stories\/solucoes-avancadas-da-comau-em-soldagem-de-carroceria-para-a-producao-local-de-caminhoes-pesados-de-ultima-geracao-da-foton-daimler-actros\/#primaryimage","url":"https:\/\/www.comau.com\/wp-content\/uploads\/2022\/11\/Header_Foton-Daimler-Comau_01.jpg","contentUrl":"https:\/\/www.comau.com\/wp-content\/uploads\/2022\/11\/Header_Foton-Daimler-Comau_01.jpg","width":1450,"height":450},{"@type":"BreadcrumbList","@id":"https:\/\/www.comau.com\/pt-br\/about-us\/success-stories\/solucoes-avancadas-da-comau-em-soldagem-de-carroceria-para-a-producao-local-de-caminhoes-pesados-de-ultima-geracao-da-foton-daimler-actros\/#breadcrumb","itemListElement":[{"@type":"ListItem","position":1,"name":"Home","item":"https:\/\/www.comau.com\/pt-br\/"},{"@type":"ListItem","position":2,"name":"Sobre a Comau","item":"https:\/\/www.comau.com\/pt-br\/about-us\/"},{"@type":"ListItem","position":3,"name":"Hist\u00f3rias de sucesso","item":"https:\/\/www.comau.com\/pt-br\/about-us\/success-stories\/"},{"@type":"ListItem","position":4,"name":"Solu\u00e7\u00f5es avan\u00e7adas da Comau em soldagem de carroceria para a produ\u00e7\u00e3o local de caminh\u00f5es pesados de \u00faltima gera\u00e7\u00e3o da Mercedes-Benz &#8211; Actros"}]},{"@type":"WebSite","@id":"https:\/\/www.comau.com\/pt-br\/#website","url":"https:\/\/www.comau.com\/pt-br\/","name":"Comau","description":"Industrial automation and robotics","publisher":{"@id":"https:\/\/www.comau.com\/pt-br\/#organization"},"potentialAction":[{"@type":"SearchAction","target":{"@type":"EntryPoint","urlTemplate":"https:\/\/www.comau.com\/pt-br\/?s={search_term_string}"},"query-input":{"@type":"PropertyValueSpecification","valueRequired":true,"valueName":"search_term_string"}}],"inLanguage":"pt-BR"},{"@type":"Organization","@id":"https:\/\/www.comau.com\/pt-br\/#organization","name":"Comau","url":"https:\/\/www.comau.com\/pt-br\/","logo":{"@type":"ImageObject","inLanguage":"pt-BR","@id":"https:\/\/www.comau.com\/pt-br\/#\/schema\/logo\/image\/","url":"https:\/\/www.comau.com\/wp-content\/uploads\/2024\/07\/cropped-Logo-COMAU.png","contentUrl":"https:\/\/www.comau.com\/wp-content\/uploads\/2024\/07\/cropped-Logo-COMAU.png","width":434,"height":434,"caption":"Comau"},"image":{"@id":"https:\/\/www.comau.com\/pt-br\/#\/schema\/logo\/image\/"},"sameAs":["https:\/\/www.facebook.com\/COMAU\/","https:\/\/x.com\/comaugroup","https:\/\/www.instagram.com\/comaugroup\/","https:\/\/www.linkedin.com\/company\/comau","https:\/\/www.youtube.com\/user\/comau"]}]}},"_links":{"self":[{"href":"https:\/\/www.comau.com\/pt-br\/wp-json\/wp\/v2\/pages\/49286","targetHints":{"allow":["GET"]}}],"collection":[{"href":"https:\/\/www.comau.com\/pt-br\/wp-json\/wp\/v2\/pages"}],"about":[{"href":"https:\/\/www.comau.com\/pt-br\/wp-json\/wp\/v2\/types\/page"}],"author":[{"embeddable":true,"href":"https:\/\/www.comau.com\/pt-br\/wp-json\/wp\/v2\/users\/19"}],"replies":[{"embeddable":true,"href":"https:\/\/www.comau.com\/pt-br\/wp-json\/wp\/v2\/comments?post=49286"}],"version-history":[{"count":6,"href":"https:\/\/www.comau.com\/pt-br\/wp-json\/wp\/v2\/pages\/49286\/revisions"}],"predecessor-version":[{"id":49897,"href":"https:\/\/www.comau.com\/pt-br\/wp-json\/wp\/v2\/pages\/49286\/revisions\/49897"}],"up":[{"embeddable":true,"href":"https:\/\/www.comau.com\/pt-br\/wp-json\/wp\/v2\/pages\/41300"}],"wp:featuredmedia":[{"embeddable":true,"href":"https:\/\/www.comau.com\/pt-br\/wp-json\/wp\/v2\/media\/49329"}],"wp:attachment":[{"href":"https:\/\/www.comau.com\/pt-br\/wp-json\/wp\/v2\/media?parent=49286"}],"curies":[{"name":"wp","href":"https:\/\/api.w.org\/{rel}","templated":true}]}}