{"id":4918,"date":"2021-06-08T09:28:58","date_gmt":"2021-06-08T07:28:58","guid":{"rendered":"https:\/\/www.comau.com\/?page_id=4918"},"modified":"2022-02-02T18:08:10","modified_gmt":"2022-02-02T17:08:10","slug":"compact-welding-gun","status":"publish","type":"page","link":"https:\/\/www.comau.com\/pt-br\/competencies\/systems\/products\/compact-welding-gun\/","title":{"rendered":"Compact Welding Gun"},"content":{"rendered":"\n<p>Mais leve e compacta do que nunca. Essa m\u00e1quina de soldar garante a melhor performance em todas as aplica\u00e7\u00f5es. Apropriada para todos os tipos de postos de soldagem e reduz significativamente a carga do rob\u00f4 de suporte.<\/p>\n\n\n\n<p>Projetado sob um conceito de simplicidade e modularidade. Possui 2 chassis padr\u00e3o (\u201cC\u201d e \u201cX\u201d) que permitem uma solu\u00e7\u00e3o leve e compacta. 100% das necessidades t\u00edpicas em soldagem s\u00e3o atendidas com a versatilidade deste produto.<\/p>\n\n\n\n<div class=\"wp-block-getwid-toggle download-dropdown has-icon-left\">\n<div class=\"wp-block-getwid-toggle__row\"><div class=\"wp-block-getwid-toggle__header-wrapper\"><span class=\"wp-block-getwid-toggle__header\"><a href=\"#\"><span class=\"wp-block-getwid-toggle__header-title\">Download the brochure<\/span><span class=\"wp-block-getwid-toggle__icon is-active\"><i class=\"fas fa-plus\"><\/i><\/span><span class=\"wp-block-getwid-toggle__icon is-passive\"><i class=\"fas fa-minus\"><\/i><\/span><\/a><\/span><\/div><div class=\"wp-block-getwid-toggle__content-wrapper\"><div class=\"wp-block-getwid-toggle__content\">\n<div class=\"wp-block-getwid-button-group\"><div class=\"wp-block-getwid-button-group__wrapper\">\n<div class=\"wp-block-button\"><a class=\"wp-block-button__link\" href=\"https:\/\/www.comau.com\/wp-content\/uploads\/2022\/02\/Welding-Guns-Folder-Pinze_20160131_EN_rev01.pdf\">CompactGun<\/a><\/div>\n<\/div><\/div>\n<\/div><\/div><\/div>\n<\/div>\n\n\n\n<h2 class=\"wp-block-heading\" id=\"caracteristicas\">Caracter\u00edsticas<\/h2>\n\n\n\n<ul class=\"wp-block-list\"><li>Compat\u00edvel com rob\u00f4s de qualquer marca<\/li><li>Leve e Compacta<\/li><li>Acionador Comau Servo <\/li><li>Comau transformer (MFDC)<\/li><li>Equaliza\u00e7\u00e3o atrav\u00e9s de compensa\u00e7\u00e3o de rob\u00f4s<\/li><li>Sem cabos externos<\/li><li>Simula\u00e7\u00e3o Robcad 100% eficaz<\/li><li>Capa antichama (ABS VH-0800E) que protege contra respingos de soltada\/ contamina\u00e7\u00e3o<\/li><\/ul>\n\n\n\n<p>A nova m\u00e1quina de solta (BGA ALUMINUM T7075-T651) pesa 30kg menos do que a vers\u00e3o anterior e cerca de 300mm mais compacta no comprimento sem afetar a performance em nenhum aspecto<\/p>\n\n\n\n<figure class=\"wp-block-embed is-type-video is-provider-youtube wp-block-embed-youtube wp-embed-aspect-16-9 wp-has-aspect-ratio\"><div class=\"wp-block-embed__wrapper\">\n<iframe title=\"Comau Compact Gun\" width=\"640\" height=\"360\" src=\"https:\/\/www.youtube.com\/embed\/UNWPfBjNbmE?feature=oembed\" frameborder=\"0\" allow=\"accelerometer; autoplay; clipboard-write; encrypted-media; gyroscope; picture-in-picture; web-share\" referrerpolicy=\"strict-origin-when-cross-origin\" allowfullscreen><\/iframe>\n<\/div><\/figure>\n","protected":false},"excerpt":{"rendered":"<p>Mais leve e compacta do que nunca. Essa m\u00e1quina de soldar garante a melhor performance em todas as aplica\u00e7\u00f5es. Apropriada para todos os tipos de postos de soldagem e reduz significativamente a carga do rob\u00f4 de suporte. Projetado sob um conceito de simplicidade e modularidade. Possui 2 chassis padr\u00e3o (\u201cC\u201d e \u201cX\u201d) que permitem uma [&hellip;]<\/p>\n","protected":false},"author":11,"featured_media":4929,"parent":4832,"menu_order":0,"comment_status":"closed","ping_status":"closed","template":"","meta":{"_acf_changed":false,"ep_exclude_from_search":false,"footnotes":""},"class_list":["post-4918","page","type-page","status-publish","has-post-thumbnail","hentry"],"acf":[],"yoast_head":"<!-- This site is optimized with the Yoast SEO plugin v26.9 - https:\/\/yoast.com\/product\/yoast-seo-wordpress\/ -->\n<title>Compact Welding Gun - Comau<\/title>\n<meta name=\"robots\" content=\"index, follow, max-snippet:-1, max-image-preview:large, max-video-preview:-1\" \/>\n<link rel=\"canonical\" href=\"https:\/\/www.comau.com\/pt-br\/competencies\/systems\/products\/compact-welding-gun\/\" \/>\n<meta property=\"og:locale\" content=\"pt_BR\" \/>\n<meta property=\"og:type\" content=\"article\" \/>\n<meta property=\"og:title\" content=\"Compact Welding Gun - Comau\" \/>\n<meta property=\"og:description\" content=\"Mais leve e compacta do que nunca. Essa m\u00e1quina de soldar garante a melhor performance em todas as aplica\u00e7\u00f5es. Apropriada para todos os tipos de postos de soldagem e reduz significativamente a carga do rob\u00f4 de suporte. Projetado sob um conceito de simplicidade e modularidade. Possui 2 chassis padr\u00e3o (\u201cC\u201d e \u201cX\u201d) que permitem uma [&hellip;]\" \/>\n<meta property=\"og:url\" content=\"https:\/\/www.comau.com\/pt-br\/competencies\/systems\/products\/compact-welding-gun\/\" \/>\n<meta property=\"og:site_name\" content=\"Comau\" \/>\n<meta property=\"article:publisher\" content=\"https:\/\/www.facebook.com\/COMAU\/\" \/>\n<meta property=\"article:modified_time\" content=\"2022-02-02T17:08:10+00:00\" \/>\n<meta property=\"og:image\" content=\"https:\/\/www.comau.com\/wp-content\/uploads\/2021\/06\/compact-gun_header.jpg\" \/>\n\t<meta property=\"og:image:width\" content=\"1280\" \/>\n\t<meta property=\"og:image:height\" content=\"485\" \/>\n\t<meta property=\"og:image:type\" content=\"image\/jpeg\" \/>\n<meta name=\"twitter:card\" content=\"summary_large_image\" \/>\n<meta name=\"twitter:site\" content=\"@comaugroup\" \/>\n<meta name=\"twitter:label1\" content=\"Est. tempo de leitura\" \/>\n\t<meta name=\"twitter:data1\" content=\"1 minuto\" \/>\n<script type=\"application\/ld+json\" class=\"yoast-schema-graph\">{\"@context\":\"https:\/\/schema.org\",\"@graph\":[{\"@type\":\"WebPage\",\"@id\":\"https:\/\/www.comau.com\/pt-br\/competencies\/systems\/products\/compact-welding-gun\/\",\"url\":\"https:\/\/www.comau.com\/pt-br\/competencies\/systems\/products\/compact-welding-gun\/\",\"name\":\"Compact Welding Gun - Comau\",\"isPartOf\":{\"@id\":\"https:\/\/www.comau.com\/pt-br\/#website\"},\"primaryImageOfPage\":{\"@id\":\"https:\/\/www.comau.com\/pt-br\/competencies\/systems\/products\/compact-welding-gun\/#primaryimage\"},\"image\":{\"@id\":\"https:\/\/www.comau.com\/pt-br\/competencies\/systems\/products\/compact-welding-gun\/#primaryimage\"},\"thumbnailUrl\":\"https:\/\/www.comau.com\/wp-content\/uploads\/2021\/06\/compact-gun_header.jpg\",\"datePublished\":\"2021-06-08T07:28:58+00:00\",\"dateModified\":\"2022-02-02T17:08:10+00:00\",\"breadcrumb\":{\"@id\":\"https:\/\/www.comau.com\/pt-br\/competencies\/systems\/products\/compact-welding-gun\/#breadcrumb\"},\"inLanguage\":\"pt-BR\",\"potentialAction\":[{\"@type\":\"ReadAction\",\"target\":[\"https:\/\/www.comau.com\/pt-br\/competencies\/systems\/products\/compact-welding-gun\/\"]}]},{\"@type\":\"ImageObject\",\"inLanguage\":\"pt-BR\",\"@id\":\"https:\/\/www.comau.com\/pt-br\/competencies\/systems\/products\/compact-welding-gun\/#primaryimage\",\"url\":\"https:\/\/www.comau.com\/wp-content\/uploads\/2021\/06\/compact-gun_header.jpg\",\"contentUrl\":\"https:\/\/www.comau.com\/wp-content\/uploads\/2021\/06\/compact-gun_header.jpg\",\"width\":1280,\"height\":485},{\"@type\":\"BreadcrumbList\",\"@id\":\"https:\/\/www.comau.com\/pt-br\/competencies\/systems\/products\/compact-welding-gun\/#breadcrumb\",\"itemListElement\":[{\"@type\":\"ListItem\",\"position\":1,\"name\":\"Home\",\"item\":\"https:\/\/www.comau.com\/pt-br\/\"},{\"@type\":\"ListItem\",\"position\":2,\"name\":\"Nossas Compet\u00eancias\",\"item\":\"https:\/\/www.comau.com\/pt-br\/competencies\/\"},{\"@type\":\"ListItem\",\"position\":3,\"name\":\"Body Assembly\",\"item\":\"https:\/\/www.comau.com\/pt-br\/competencies\/body-assembly\/\"},{\"@type\":\"ListItem\",\"position\":4,\"name\":\"Produtos\",\"item\":\"https:\/\/www.comau.com\/pt-br\/competencies\/body-assembly\/products\/\"},{\"@type\":\"ListItem\",\"position\":5,\"name\":\"Compact Welding Gun\"}]},{\"@type\":\"WebSite\",\"@id\":\"https:\/\/www.comau.com\/pt-br\/#website\",\"url\":\"https:\/\/www.comau.com\/pt-br\/\",\"name\":\"Comau\",\"description\":\"Industrial automation and robotics\",\"publisher\":{\"@id\":\"https:\/\/www.comau.com\/pt-br\/#organization\"},\"potentialAction\":[{\"@type\":\"SearchAction\",\"target\":{\"@type\":\"EntryPoint\",\"urlTemplate\":\"https:\/\/www.comau.com\/pt-br\/?s={search_term_string}\"},\"query-input\":{\"@type\":\"PropertyValueSpecification\",\"valueRequired\":true,\"valueName\":\"search_term_string\"}}],\"inLanguage\":\"pt-BR\"},{\"@type\":\"Organization\",\"@id\":\"https:\/\/www.comau.com\/pt-br\/#organization\",\"name\":\"Comau\",\"url\":\"https:\/\/www.comau.com\/pt-br\/\",\"logo\":{\"@type\":\"ImageObject\",\"inLanguage\":\"pt-BR\",\"@id\":\"https:\/\/www.comau.com\/pt-br\/#\/schema\/logo\/image\/\",\"url\":\"https:\/\/www.comau.com\/wp-content\/uploads\/2024\/07\/cropped-Logo-COMAU.png\",\"contentUrl\":\"https:\/\/www.comau.com\/wp-content\/uploads\/2024\/07\/cropped-Logo-COMAU.png\",\"width\":434,\"height\":434,\"caption\":\"Comau\"},\"image\":{\"@id\":\"https:\/\/www.comau.com\/pt-br\/#\/schema\/logo\/image\/\"},\"sameAs\":[\"https:\/\/www.facebook.com\/COMAU\/\",\"https:\/\/x.com\/comaugroup\",\"https:\/\/www.instagram.com\/comaugroup\/\",\"https:\/\/www.linkedin.com\/company\/comau\",\"https:\/\/www.youtube.com\/user\/comau\"]}]}<\/script>\n<!-- \/ Yoast SEO plugin. -->","yoast_head_json":{"title":"Compact Welding Gun - Comau","robots":{"index":"index","follow":"follow","max-snippet":"max-snippet:-1","max-image-preview":"max-image-preview:large","max-video-preview":"max-video-preview:-1"},"canonical":"https:\/\/www.comau.com\/pt-br\/competencies\/systems\/products\/compact-welding-gun\/","og_locale":"pt_BR","og_type":"article","og_title":"Compact Welding Gun - Comau","og_description":"Mais leve e compacta do que nunca. Essa m\u00e1quina de soldar garante a melhor performance em todas as aplica\u00e7\u00f5es. Apropriada para todos os tipos de postos de soldagem e reduz significativamente a carga do rob\u00f4 de suporte. Projetado sob um conceito de simplicidade e modularidade. Possui 2 chassis padr\u00e3o (\u201cC\u201d e \u201cX\u201d) que permitem uma [&hellip;]","og_url":"https:\/\/www.comau.com\/pt-br\/competencies\/systems\/products\/compact-welding-gun\/","og_site_name":"Comau","article_publisher":"https:\/\/www.facebook.com\/COMAU\/","article_modified_time":"2022-02-02T17:08:10+00:00","og_image":[{"width":1280,"height":485,"url":"https:\/\/www.comau.com\/wp-content\/uploads\/2021\/06\/compact-gun_header.jpg","type":"image\/jpeg"}],"twitter_card":"summary_large_image","twitter_site":"@comaugroup","twitter_misc":{"Est. tempo de leitura":"1 minuto"},"schema":{"@context":"https:\/\/schema.org","@graph":[{"@type":"WebPage","@id":"https:\/\/www.comau.com\/pt-br\/competencies\/systems\/products\/compact-welding-gun\/","url":"https:\/\/www.comau.com\/pt-br\/competencies\/systems\/products\/compact-welding-gun\/","name":"Compact Welding Gun - Comau","isPartOf":{"@id":"https:\/\/www.comau.com\/pt-br\/#website"},"primaryImageOfPage":{"@id":"https:\/\/www.comau.com\/pt-br\/competencies\/systems\/products\/compact-welding-gun\/#primaryimage"},"image":{"@id":"https:\/\/www.comau.com\/pt-br\/competencies\/systems\/products\/compact-welding-gun\/#primaryimage"},"thumbnailUrl":"https:\/\/www.comau.com\/wp-content\/uploads\/2021\/06\/compact-gun_header.jpg","datePublished":"2021-06-08T07:28:58+00:00","dateModified":"2022-02-02T17:08:10+00:00","breadcrumb":{"@id":"https:\/\/www.comau.com\/pt-br\/competencies\/systems\/products\/compact-welding-gun\/#breadcrumb"},"inLanguage":"pt-BR","potentialAction":[{"@type":"ReadAction","target":["https:\/\/www.comau.com\/pt-br\/competencies\/systems\/products\/compact-welding-gun\/"]}]},{"@type":"ImageObject","inLanguage":"pt-BR","@id":"https:\/\/www.comau.com\/pt-br\/competencies\/systems\/products\/compact-welding-gun\/#primaryimage","url":"https:\/\/www.comau.com\/wp-content\/uploads\/2021\/06\/compact-gun_header.jpg","contentUrl":"https:\/\/www.comau.com\/wp-content\/uploads\/2021\/06\/compact-gun_header.jpg","width":1280,"height":485},{"@type":"BreadcrumbList","@id":"https:\/\/www.comau.com\/pt-br\/competencies\/systems\/products\/compact-welding-gun\/#breadcrumb","itemListElement":[{"@type":"ListItem","position":1,"name":"Home","item":"https:\/\/www.comau.com\/pt-br\/"},{"@type":"ListItem","position":2,"name":"Nossas Compet\u00eancias","item":"https:\/\/www.comau.com\/pt-br\/competencies\/"},{"@type":"ListItem","position":3,"name":"Body Assembly","item":"https:\/\/www.comau.com\/pt-br\/competencies\/body-assembly\/"},{"@type":"ListItem","position":4,"name":"Produtos","item":"https:\/\/www.comau.com\/pt-br\/competencies\/body-assembly\/products\/"},{"@type":"ListItem","position":5,"name":"Compact Welding Gun"}]},{"@type":"WebSite","@id":"https:\/\/www.comau.com\/pt-br\/#website","url":"https:\/\/www.comau.com\/pt-br\/","name":"Comau","description":"Industrial automation and robotics","publisher":{"@id":"https:\/\/www.comau.com\/pt-br\/#organization"},"potentialAction":[{"@type":"SearchAction","target":{"@type":"EntryPoint","urlTemplate":"https:\/\/www.comau.com\/pt-br\/?s={search_term_string}"},"query-input":{"@type":"PropertyValueSpecification","valueRequired":true,"valueName":"search_term_string"}}],"inLanguage":"pt-BR"},{"@type":"Organization","@id":"https:\/\/www.comau.com\/pt-br\/#organization","name":"Comau","url":"https:\/\/www.comau.com\/pt-br\/","logo":{"@type":"ImageObject","inLanguage":"pt-BR","@id":"https:\/\/www.comau.com\/pt-br\/#\/schema\/logo\/image\/","url":"https:\/\/www.comau.com\/wp-content\/uploads\/2024\/07\/cropped-Logo-COMAU.png","contentUrl":"https:\/\/www.comau.com\/wp-content\/uploads\/2024\/07\/cropped-Logo-COMAU.png","width":434,"height":434,"caption":"Comau"},"image":{"@id":"https:\/\/www.comau.com\/pt-br\/#\/schema\/logo\/image\/"},"sameAs":["https:\/\/www.facebook.com\/COMAU\/","https:\/\/x.com\/comaugroup","https:\/\/www.instagram.com\/comaugroup\/","https:\/\/www.linkedin.com\/company\/comau","https:\/\/www.youtube.com\/user\/comau"]}]}},"_links":{"self":[{"href":"https:\/\/www.comau.com\/pt-br\/wp-json\/wp\/v2\/pages\/4918","targetHints":{"allow":["GET"]}}],"collection":[{"href":"https:\/\/www.comau.com\/pt-br\/wp-json\/wp\/v2\/pages"}],"about":[{"href":"https:\/\/www.comau.com\/pt-br\/wp-json\/wp\/v2\/types\/page"}],"author":[{"embeddable":true,"href":"https:\/\/www.comau.com\/pt-br\/wp-json\/wp\/v2\/users\/11"}],"replies":[{"embeddable":true,"href":"https:\/\/www.comau.com\/pt-br\/wp-json\/wp\/v2\/comments?post=4918"}],"version-history":[{"count":15,"href":"https:\/\/www.comau.com\/pt-br\/wp-json\/wp\/v2\/pages\/4918\/revisions"}],"predecessor-version":[{"id":41692,"href":"https:\/\/www.comau.com\/pt-br\/wp-json\/wp\/v2\/pages\/4918\/revisions\/41692"}],"up":[{"embeddable":true,"href":"https:\/\/www.comau.com\/pt-br\/wp-json\/wp\/v2\/pages\/4832"}],"wp:featuredmedia":[{"embeddable":true,"href":"https:\/\/www.comau.com\/pt-br\/wp-json\/wp\/v2\/media\/4929"}],"wp:attachment":[{"href":"https:\/\/www.comau.com\/pt-br\/wp-json\/wp\/v2\/media?parent=4918"}],"curies":[{"name":"wp","href":"https:\/\/api.w.org\/{rel}","templated":true}]}}