{"id":49085,"date":"2023-04-13T02:28:18","date_gmt":"2023-04-13T00:28:18","guid":{"rendered":"https:\/\/www.comau.com\/?page_id=49085"},"modified":"2023-04-13T12:43:52","modified_gmt":"2023-04-13T10:43:52","slug":"comau-sistema-de-producao-flexivel-hycan","status":"publish","type":"page","link":"https:\/\/www.comau.com\/pt-br\/about-us\/success-stories\/comau-sistema-de-producao-flexivel-hycan\/","title":{"rendered":"Comau garante flexibilidade de produ\u00e7\u00e3o para a Hycan com uma solu\u00e7\u00e3o inovadora em solda de carrocerias"},"content":{"rendered":"\n<p>\u00c0 medida que os consumidores aumentam suas exig\u00eancias por ve\u00edculos de alta qualidade, a demanda do mercado est\u00e1 se tornando cada vez mais variada e personalizada. Como resultado, a manufatura automotiva tem evolu\u00eddo gradualmente da produ\u00e7\u00e3o em s\u00e9rie para a montagem multivariada e de baixo volume. Para enfrentar desafios como esse, as montadoras est\u00e3o se concentrando em m\u00e9todos de produ\u00e7\u00e3o que se adaptem a essa tend\u00eancia de mercado, encurtando o ciclo de mudan\u00e7a de modelo e acelerando a renova\u00e7\u00e3o dos modelos. Isso significa que uma mesma linha de produ\u00e7\u00e3o deve lidar com a coprodu\u00e7\u00e3o de v\u00e1rios modelos, para alcan\u00e7ar maior efici\u00eancia de custos e maior flexibilidade nas linhas de produ\u00e7\u00e3o de carrocerias BIW (Body-in-White).<\/p>\n\n\n\n<p>Fundada em 2018, a Hycan Automotive Technology Co., Ltd. (Hycan) \u00e9 especializada no desenvolvimento e servi\u00e7os para ve\u00edculos que utilizam novas energias, com o foco estrat\u00e9gico de atrair jovens consumidores no mercado chin\u00eas. Com a variabilidade das prefer\u00eancias de seus usu\u00e1rios-alvo, a necessidade de ampliar a gama de produtos em um curto espa\u00e7o de tempo, e a r\u00e1pida evolu\u00e7\u00e3o da oferta, a montadora chinesa de ve\u00edculos el\u00e9tricos desafiou a Comau a projetar e implementar uma linha de montagem e solda altamente flex\u00edvel, que pudesse acompanhar a evolu\u00e7\u00e3o das suas demandas de produ\u00e7\u00e3o. <\/p>\n\n\n\n<p><\/p>\n\n\n\n<div class=\"wp-block-group wide-section-light-1 py-5 my-5\"><div class=\"wp-block-group__inner-container is-layout-flow wp-block-group-is-layout-flow\">\n<blockquote class=\"wp-block-quote is-layout-flow wp-block-quote-is-layout-flow\">\n<p><em>Os resultados da primeira colabora\u00e7\u00e3o entre a Hycan e a Comau s\u00e3o muito satisfat\u00f3rios. As tecnologias inovadoras e o gerenciamento de engenharia profissional da Comau, durante todo o projeto, demonstraram plenamente seu papel como empresa refer\u00eancia no desenvolvimento de solu\u00e7\u00f5es de montagem e proporcionaram ao nosso primeiro projeto de produ\u00e7\u00e3o, uma garantia importante da efici\u00eancia e qualidade de fabrica\u00e7\u00e3o<\/em>.<\/p>\n<cite>Feng Yiqiang, Diretor da Hycan Intelligent Process.<\/cite><\/blockquote>\n<\/div><\/div>\n\n\n\n<div class=\"wp-block-columns is-layout-flex wp-container-core-columns-is-layout-9d6595d7 wp-block-columns-is-layout-flex\">\n<div class=\"wp-block-column is-layout-flow wp-block-column-is-layout-flow\">\n<h2 class=\"h3 wp-block-heading\" id=\"the-challenge\">O Desafio<\/h2>\n\n\n\n<p>Desafio A Hycan precisava de uma solu\u00e7\u00e3o de montagem que pudesse atender \u00e0s demandas de produ\u00e7\u00e3o em s\u00e9rie personalizada e, ao mesmo tempo, economizar custos e melhorar a efici\u00eancia do ciclo. No entanto, como a iniciativa representaria o primeiro projeto de produ\u00e7\u00e3o desde seu in\u00edcio, era necess\u00e1rio considerar a compatibilidade com os demais modelos e plataformas de fabrica\u00e7\u00e3o existentes utilizadas na Joint Venture com o Grupo GAC.<\/p>\n\n\n\n<p>Em outras palavras, a Comau precisava garantir a compatibilidade com as plataformas de produ\u00e7\u00e3o existentes, juntamente com a introdu\u00e7\u00e3o, adapta\u00e7\u00e3o e o escalabilidade cont\u00ednua dos novos modelos Hycan. A Comau tamb\u00e9m precisaria assegurar \u00e0 Hycan flexibilidade total no futuro. Por fim, a solu\u00e7\u00e3o teria que atingir uma efici\u00eancia de ciclo de at\u00e9 60 unidades por hora (JPH) para atender a capacidade de produ\u00e7\u00e3o esperada pelo cliente.<\/p>\n<\/div>\n\n\n\n<div class=\"wp-block-column is-layout-flow wp-block-column-is-layout-flow\">\n<h2 class=\"h3 wp-block-heading\" id=\"the-solution\">A Solu\u00e7\u00e3o<\/h2>\n\n\n\n<p>Os engenheiros da Comau decidiram criar uma linha de montagem e solda altamente flex\u00edvel e que permite a produ\u00e7\u00e3o de v\u00e1rios tipos de ve\u00edculos ao mesmo tempo, al\u00e9m da possibilidade de ajustar as quantidades de produ\u00e7\u00e3o de acordo com as condi\u00e7\u00f5es do mercado. Isso tamb\u00e9m encurtaria significativamente o ciclo de produ\u00e7\u00e3o, e garantiria, ao mesmo tempo, economia de escala e a capacidade de atender \u00e0s necessidades de diversifica\u00e7\u00e3o de produtos do cliente. <\/p>\n\n\n\n<p>Combinando a <a href=\"https:\/\/www.comau.com\/pt-br\/about-us\/\" target=\"_blank\" rel=\"noreferrer noopener\">ampla experi\u00eancia<\/a> em processos e sua excel\u00eancia em design, a Comau desenvolveu uma solu\u00e7\u00e3o de montagem altamente inteligente, que reflete o compromisso de melhorar a flexibilidade e a efici\u00eancia na <a href=\"https:\/\/www.comau.com\/pt-br\/competencies\/body-assembly\/\" target=\"_blank\" rel=\"noreferrer noopener\">produ\u00e7\u00e3o da carroceria<\/a>. Este sistema inovador de solda traz como caracter\u00edstica o desenvolvimento e transforma\u00e7\u00e3o independente de seu mecanismo de transmiss\u00e3o. ra\u00e7as a uma combina\u00e7\u00e3o inteligente no modo de transmiss\u00e3o e um mecanismo de posicionamento flex\u00edvel, inspirados nas tecnologias de montagem de carrocerias e comissionamento virtual da Comau, esta solu\u00e7\u00e3o garante a fabrica\u00e7\u00e3o de modelos variados, tempos de ciclo r\u00e1pidos e uma redu\u00e7\u00e3o concreta das perdas produtivas.<\/p>\n\n\n\n<p>Para resolver os desafios relacionados \u00e0 introdu\u00e7\u00e3o de novos modelos, lentid\u00e3o das trocas de equipamentos e os altos custos, os engenheiros da Comau passaram dois meses modificando o m\u00e9todo de transporte da linha e integrando um mecanismo de posicionamento flex\u00edvel. Desta forma, as vantagens de custo e as melhorias no tempo de ciclo podem ser aplicadas a ambas as solu\u00e7\u00f5es,<strong> <\/strong>com escalabilidade e alta repetibilidade integradas.<\/p>\n\n\n\n<p>Outra parte fundamental da linha \u00e9 o <a href=\"https:\/\/www.comau.com\/pt-br\/competencies\/systems\/open-robogate\/\" target=\"_blank\" rel=\"noreferrer noopener\">sistema de montagem Opengate da Comau<\/a>, que garante a montagem da estrutura da carroceria (Body-in-White) com flexibilidade e alta precis\u00e3o, al\u00e9m de integrar acess\u00f3rios para a produ\u00e7\u00e3o dos diferentes modelos. Dessa forma, para trocar acess\u00f3rios e modelos, a solu\u00e7\u00e3o simplesmente move os acess\u00f3rios correspondentes dos diferentes modelos at\u00e9 a esta\u00e7\u00e3o de montagem. <\/p>\n<\/div>\n<\/div>\n\n\n\n<div class=\"wp-block-group wide-section-light-1 py-5 my-5\"><div class=\"wp-block-group__inner-container is-layout-flow wp-block-group-is-layout-flow\">\n<div class=\"wp-block-group wide-section-light-1 py-5 my-5\"><div class=\"wp-block-group__inner-container is-layout-flow wp-block-group-is-layout-flow\">\n<h2 class=\"h2 wp-block-heading\" id=\"the-results\">Os Resultados<\/h2>\n\n\n\n<p>Ao trabalhar em conjunto com a Hycan para obter um m\u00e9todo de produ\u00e7\u00e3o automatizado e flex\u00edvel, que pode alternar aleatoriamente entre quatro plataformas diferentes, a Comau projetou e implementou uma linha de solda inovadora, capaz de lidar com a necessidade do cliente para a produ\u00e7\u00e3o de carrocerias avan\u00e7adas e personalizadas. <\/p>\n\n\n\n<p>Gra\u00e7as a uma taxa de automa\u00e7\u00e3o de 100% com uma OEE (Efic\u00e1cia Global do Equipamento) que excede 90%, a solu\u00e7\u00e3o projetada pela Comau garante a capacidade de produ\u00e7\u00e3o anual de at\u00e9 200.000 unidades, conforme a expectativa estabelecida pelo cliente. Al\u00e9m disso, a flexibilidade do sistema de montagem Opengate permite que ele se adapte \u00e0 produ\u00e7\u00e3o de v\u00e1rios produtos em uma linha comum. E como este sistema pode realizar a produ\u00e7\u00e3o aleat\u00f3ria de 1 a 6 modelos, ele permite que a <a href=\"https:\/\/www.hycan.com.cn\/\" target=\"_blank\" rel=\"noreferrer noopener\">Hycan<\/a> alcance uma produ\u00e7\u00e3o sem perdas.<\/p>\n\n\n\n<p>O projeto foi implementado na base de fabrica\u00e7\u00e3o da Hycan Hangzhou, onde a montadora est\u00e1 produzindo, em s\u00e9rie, o sedan inteligente totalmente el\u00e9trico da marca, o A06, e o SUV com dire\u00e7\u00e3o inteligente e totalmente el\u00e9trico, o Z03.<\/p>\n\n\n\n<div class=\"wp-block-columns is-layout-flex wp-container-core-columns-is-layout-9d6595d7 wp-block-columns-is-layout-flex\">\n<div class=\"wp-block-column is-layout-flow wp-block-column-is-layout-flow\">\n<div class=\"wp-block-getwid-counter \u00b0\"><div class=\"wp-block-getwid-counter__wrapper\" data-start=\"0\" data-end=\"90\" data-decimal-places=\"0\" data-duration=\"\" data-use-easing=\"true\" data-use-grouping=\"true\" data-separator=\",\" data-decimal=\".\" data-easing-fn=\"outExpo\" data-numerals=\"default\"><p class=\"wp-block-getwid-counter__prefix\">&gt;<\/p><span class=\"wp-block-getwid-counter__number\">0<\/span><p class=\"wp-block-getwid-counter__suffix\">%<\/p><\/div><\/div>\n\n\n\n<p>Efic\u00e1cia Global do Equipamento<\/p>\n<\/div>\n\n\n\n<div class=\"wp-block-column is-layout-flow wp-block-column-is-layout-flow\">\n<div class=\"wp-block-getwid-counter\"><div class=\"wp-block-getwid-counter__wrapper\" data-start=\"0\" data-end=\"200\" data-decimal-places=\"0\" data-duration=\"3\" data-use-easing=\"true\" data-use-grouping=\"true\" data-separator=\",\" data-decimal=\".\" data-easing-fn=\"outExpo\" data-numerals=\"default\"><span class=\"wp-block-getwid-counter__number\">0<\/span><p class=\"wp-block-getwid-counter__suffix\">Mil<\/p><\/div><\/div>\n\n\n\n<p>capacidade de produ\u00e7\u00e3o anual<\/p>\n<\/div>\n\n\n\n<div class=\"wp-block-column is-layout-flow wp-block-column-is-layout-flow\">\n<div class=\"wp-block-getwid-counter\"><div class=\"wp-block-getwid-counter__wrapper\" data-start=\"0\" data-end=\"6\" data-decimal-places=\"0\" data-duration=\"3\" data-use-easing=\"true\" data-use-grouping=\"true\" data-separator=\",\" data-decimal=\".\" data-easing-fn=\"outExpo\" data-numerals=\"default\"><p class=\"wp-block-getwid-counter__prefix\">At\u00e9<\/p><span class=\"wp-block-getwid-counter__number\">0<\/span><p class=\"wp-block-getwid-counter__suffix\"> <\/p><\/div><\/div>\n\n\n\n<p>Produ\u00e7\u00e3o aleat\u00f3ria <\/p>\n<\/div>\n\n\n\n<div class=\"wp-block-column is-layout-flow wp-block-column-is-layout-flow\"><\/div>\n<\/div>\n<\/div><\/div>\n\n\n\n<div class=\"wp-block-columns is-layout-flex wp-container-core-columns-is-layout-9d6595d7 wp-block-columns-is-layout-flex\">\n<div class=\"wp-block-column is-layout-flow wp-block-column-is-layout-flow\"><\/div>\n\n\n\n<div class=\"wp-block-column is-layout-flow wp-block-column-is-layout-flow\"><\/div>\n<\/div>\n<\/div><\/div>\n\n\n\n<div class=\"wp-block-group\"><div class=\"wp-block-group__inner-container is-layout-flow wp-block-group-is-layout-flow\"><\/div><\/div>\n\n\n\n<div class=\"wp-block-columns is-layout-flex wp-container-core-columns-is-layout-9d6595d7 wp-block-columns-is-layout-flex\">\n<div class=\"wp-block-column is-layout-flow wp-block-column-is-layout-flow\"><\/div>\n<\/div>\n","protected":false},"excerpt":{"rendered":"<p>\u00c0 medida que os consumidores aumentam suas exig\u00eancias por ve\u00edculos de alta qualidade, a demanda do mercado est\u00e1 se tornando cada vez mais variada e personalizada. Como resultado, a manufatura automotiva tem evolu\u00eddo gradualmente da produ\u00e7\u00e3o em s\u00e9rie para a montagem multivariada e de baixo volume. Para enfrentar desafios como esse, as montadoras est\u00e3o se [&hellip;]<\/p>\n","protected":false},"author":19,"featured_media":52331,"parent":41300,"menu_order":3,"comment_status":"closed","ping_status":"closed","template":"","meta":{"_acf_changed":false,"ep_exclude_from_search":false,"footnotes":""},"class_list":["post-49085","page","type-page","status-publish","has-post-thumbnail","hentry"],"acf":[],"yoast_head":"<!-- This site is optimized with the Yoast SEO plugin v26.9 - https:\/\/yoast.com\/product\/yoast-seo-wordpress\/ -->\n<title>Comau implementa sistema de produ\u00e7\u00e3o flex\u00edvel para a Hycan<\/title>\n<meta name=\"description\" content=\"O sistema de produ\u00e7\u00e3o flex\u00edvel garante a fabrica\u00e7\u00e3o de modelos diferentes de ve\u00edculos e uma redu\u00e7\u00e3o concreta nas perdas produtivas\" \/>\n<meta name=\"robots\" content=\"index, follow, max-snippet:-1, max-image-preview:large, max-video-preview:-1\" \/>\n<link rel=\"canonical\" href=\"https:\/\/www.comau.com\/pt-br\/about-us\/success-stories\/comau-sistema-de-producao-flexivel-hycan\/\" \/>\n<meta property=\"og:locale\" content=\"pt_BR\" \/>\n<meta property=\"og:type\" content=\"article\" \/>\n<meta property=\"og:title\" content=\"Comau implementa sistema de produ\u00e7\u00e3o flex\u00edvel para a Hycan\" \/>\n<meta property=\"og:description\" content=\"O sistema de produ\u00e7\u00e3o flex\u00edvel garante a fabrica\u00e7\u00e3o de modelos diferentes de ve\u00edculos e uma redu\u00e7\u00e3o concreta nas perdas produtivas\" \/>\n<meta property=\"og:url\" content=\"https:\/\/www.comau.com\/pt-br\/about-us\/success-stories\/comau-sistema-de-producao-flexivel-hycan\/\" \/>\n<meta property=\"og:site_name\" content=\"Comau\" \/>\n<meta property=\"article:publisher\" content=\"https:\/\/www.facebook.com\/COMAU\/\" \/>\n<meta property=\"article:modified_time\" content=\"2023-04-13T10:43:52+00:00\" \/>\n<meta property=\"og:image\" content=\"https:\/\/www.comau.com\/wp-content\/uploads\/2023\/04\/The-welding-area-of-mainline-integrating-underbodybody-side-scaled.jpg\" \/>\n\t<meta property=\"og:image:width\" content=\"1922\" \/>\n\t<meta property=\"og:image:height\" content=\"2560\" \/>\n\t<meta property=\"og:image:type\" content=\"image\/jpeg\" \/>\n<meta name=\"twitter:card\" content=\"summary_large_image\" \/>\n<meta name=\"twitter:site\" content=\"@comaugroup\" \/>\n<meta name=\"twitter:label1\" content=\"Est. tempo de leitura\" \/>\n\t<meta name=\"twitter:data1\" content=\"5 minutos\" \/>\n<script type=\"application\/ld+json\" class=\"yoast-schema-graph\">{\"@context\":\"https:\/\/schema.org\",\"@graph\":[{\"@type\":\"WebPage\",\"@id\":\"https:\/\/www.comau.com\/pt-br\/about-us\/success-stories\/comau-sistema-de-producao-flexivel-hycan\/\",\"url\":\"https:\/\/www.comau.com\/pt-br\/about-us\/success-stories\/comau-sistema-de-producao-flexivel-hycan\/\",\"name\":\"Comau implementa sistema de produ\u00e7\u00e3o flex\u00edvel para a Hycan\",\"isPartOf\":{\"@id\":\"https:\/\/www.comau.com\/pt-br\/#website\"},\"primaryImageOfPage\":{\"@id\":\"https:\/\/www.comau.com\/pt-br\/about-us\/success-stories\/comau-sistema-de-producao-flexivel-hycan\/#primaryimage\"},\"image\":{\"@id\":\"https:\/\/www.comau.com\/pt-br\/about-us\/success-stories\/comau-sistema-de-producao-flexivel-hycan\/#primaryimage\"},\"thumbnailUrl\":\"https:\/\/www.comau.com\/wp-content\/uploads\/2023\/04\/The-welding-area-of-mainline-integrating-underbodybody-side-scaled.jpg\",\"datePublished\":\"2023-04-13T00:28:18+00:00\",\"dateModified\":\"2023-04-13T10:43:52+00:00\",\"description\":\"O sistema de produ\u00e7\u00e3o flex\u00edvel garante a fabrica\u00e7\u00e3o de modelos diferentes de ve\u00edculos e uma redu\u00e7\u00e3o concreta nas perdas produtivas\",\"breadcrumb\":{\"@id\":\"https:\/\/www.comau.com\/pt-br\/about-us\/success-stories\/comau-sistema-de-producao-flexivel-hycan\/#breadcrumb\"},\"inLanguage\":\"pt-BR\",\"potentialAction\":[{\"@type\":\"ReadAction\",\"target\":[\"https:\/\/www.comau.com\/pt-br\/about-us\/success-stories\/comau-sistema-de-producao-flexivel-hycan\/\"]}]},{\"@type\":\"ImageObject\",\"inLanguage\":\"pt-BR\",\"@id\":\"https:\/\/www.comau.com\/pt-br\/about-us\/success-stories\/comau-sistema-de-producao-flexivel-hycan\/#primaryimage\",\"url\":\"https:\/\/www.comau.com\/wp-content\/uploads\/2023\/04\/The-welding-area-of-mainline-integrating-underbodybody-side-scaled.jpg\",\"contentUrl\":\"https:\/\/www.comau.com\/wp-content\/uploads\/2023\/04\/The-welding-area-of-mainline-integrating-underbodybody-side-scaled.jpg\",\"width\":1922,\"height\":2560,\"caption\":\"The-welding-area-of-mainline-integrating-underbodybody\"},{\"@type\":\"BreadcrumbList\",\"@id\":\"https:\/\/www.comau.com\/pt-br\/about-us\/success-stories\/comau-sistema-de-producao-flexivel-hycan\/#breadcrumb\",\"itemListElement\":[{\"@type\":\"ListItem\",\"position\":1,\"name\":\"Home\",\"item\":\"https:\/\/www.comau.com\/pt-br\/\"},{\"@type\":\"ListItem\",\"position\":2,\"name\":\"Sobre a Comau\",\"item\":\"https:\/\/www.comau.com\/pt-br\/about-us\/\"},{\"@type\":\"ListItem\",\"position\":3,\"name\":\"Hist\u00f3rias de sucesso\",\"item\":\"https:\/\/www.comau.com\/pt-br\/about-us\/success-stories\/\"},{\"@type\":\"ListItem\",\"position\":4,\"name\":\"Comau garante flexibilidade de produ\u00e7\u00e3o para a Hycan com uma solu\u00e7\u00e3o inovadora em solda de carrocerias\"}]},{\"@type\":\"WebSite\",\"@id\":\"https:\/\/www.comau.com\/pt-br\/#website\",\"url\":\"https:\/\/www.comau.com\/pt-br\/\",\"name\":\"Comau\",\"description\":\"Industrial automation and robotics\",\"publisher\":{\"@id\":\"https:\/\/www.comau.com\/pt-br\/#organization\"},\"potentialAction\":[{\"@type\":\"SearchAction\",\"target\":{\"@type\":\"EntryPoint\",\"urlTemplate\":\"https:\/\/www.comau.com\/pt-br\/?s={search_term_string}\"},\"query-input\":{\"@type\":\"PropertyValueSpecification\",\"valueRequired\":true,\"valueName\":\"search_term_string\"}}],\"inLanguage\":\"pt-BR\"},{\"@type\":\"Organization\",\"@id\":\"https:\/\/www.comau.com\/pt-br\/#organization\",\"name\":\"Comau\",\"url\":\"https:\/\/www.comau.com\/pt-br\/\",\"logo\":{\"@type\":\"ImageObject\",\"inLanguage\":\"pt-BR\",\"@id\":\"https:\/\/www.comau.com\/pt-br\/#\/schema\/logo\/image\/\",\"url\":\"https:\/\/www.comau.com\/wp-content\/uploads\/2024\/07\/cropped-Logo-COMAU.png\",\"contentUrl\":\"https:\/\/www.comau.com\/wp-content\/uploads\/2024\/07\/cropped-Logo-COMAU.png\",\"width\":434,\"height\":434,\"caption\":\"Comau\"},\"image\":{\"@id\":\"https:\/\/www.comau.com\/pt-br\/#\/schema\/logo\/image\/\"},\"sameAs\":[\"https:\/\/www.facebook.com\/COMAU\/\",\"https:\/\/x.com\/comaugroup\",\"https:\/\/www.instagram.com\/comaugroup\/\",\"https:\/\/www.linkedin.com\/company\/comau\",\"https:\/\/www.youtube.com\/user\/comau\"]}]}<\/script>\n<!-- \/ Yoast SEO plugin. -->","yoast_head_json":{"title":"Comau implementa sistema de produ\u00e7\u00e3o flex\u00edvel para a Hycan","description":"O sistema de produ\u00e7\u00e3o flex\u00edvel garante a fabrica\u00e7\u00e3o de modelos diferentes de ve\u00edculos e uma redu\u00e7\u00e3o concreta nas perdas produtivas","robots":{"index":"index","follow":"follow","max-snippet":"max-snippet:-1","max-image-preview":"max-image-preview:large","max-video-preview":"max-video-preview:-1"},"canonical":"https:\/\/www.comau.com\/pt-br\/about-us\/success-stories\/comau-sistema-de-producao-flexivel-hycan\/","og_locale":"pt_BR","og_type":"article","og_title":"Comau implementa sistema de produ\u00e7\u00e3o flex\u00edvel para a Hycan","og_description":"O sistema de produ\u00e7\u00e3o flex\u00edvel garante a fabrica\u00e7\u00e3o de modelos diferentes de ve\u00edculos e uma redu\u00e7\u00e3o concreta nas perdas produtivas","og_url":"https:\/\/www.comau.com\/pt-br\/about-us\/success-stories\/comau-sistema-de-producao-flexivel-hycan\/","og_site_name":"Comau","article_publisher":"https:\/\/www.facebook.com\/COMAU\/","article_modified_time":"2023-04-13T10:43:52+00:00","og_image":[{"width":1922,"height":2560,"url":"https:\/\/www.comau.com\/wp-content\/uploads\/2023\/04\/The-welding-area-of-mainline-integrating-underbodybody-side-scaled.jpg","type":"image\/jpeg"}],"twitter_card":"summary_large_image","twitter_site":"@comaugroup","twitter_misc":{"Est. tempo de leitura":"5 minutos"},"schema":{"@context":"https:\/\/schema.org","@graph":[{"@type":"WebPage","@id":"https:\/\/www.comau.com\/pt-br\/about-us\/success-stories\/comau-sistema-de-producao-flexivel-hycan\/","url":"https:\/\/www.comau.com\/pt-br\/about-us\/success-stories\/comau-sistema-de-producao-flexivel-hycan\/","name":"Comau implementa sistema de produ\u00e7\u00e3o flex\u00edvel para a Hycan","isPartOf":{"@id":"https:\/\/www.comau.com\/pt-br\/#website"},"primaryImageOfPage":{"@id":"https:\/\/www.comau.com\/pt-br\/about-us\/success-stories\/comau-sistema-de-producao-flexivel-hycan\/#primaryimage"},"image":{"@id":"https:\/\/www.comau.com\/pt-br\/about-us\/success-stories\/comau-sistema-de-producao-flexivel-hycan\/#primaryimage"},"thumbnailUrl":"https:\/\/www.comau.com\/wp-content\/uploads\/2023\/04\/The-welding-area-of-mainline-integrating-underbodybody-side-scaled.jpg","datePublished":"2023-04-13T00:28:18+00:00","dateModified":"2023-04-13T10:43:52+00:00","description":"O sistema de produ\u00e7\u00e3o flex\u00edvel garante a fabrica\u00e7\u00e3o de modelos diferentes de ve\u00edculos e uma redu\u00e7\u00e3o concreta nas perdas produtivas","breadcrumb":{"@id":"https:\/\/www.comau.com\/pt-br\/about-us\/success-stories\/comau-sistema-de-producao-flexivel-hycan\/#breadcrumb"},"inLanguage":"pt-BR","potentialAction":[{"@type":"ReadAction","target":["https:\/\/www.comau.com\/pt-br\/about-us\/success-stories\/comau-sistema-de-producao-flexivel-hycan\/"]}]},{"@type":"ImageObject","inLanguage":"pt-BR","@id":"https:\/\/www.comau.com\/pt-br\/about-us\/success-stories\/comau-sistema-de-producao-flexivel-hycan\/#primaryimage","url":"https:\/\/www.comau.com\/wp-content\/uploads\/2023\/04\/The-welding-area-of-mainline-integrating-underbodybody-side-scaled.jpg","contentUrl":"https:\/\/www.comau.com\/wp-content\/uploads\/2023\/04\/The-welding-area-of-mainline-integrating-underbodybody-side-scaled.jpg","width":1922,"height":2560,"caption":"The-welding-area-of-mainline-integrating-underbodybody"},{"@type":"BreadcrumbList","@id":"https:\/\/www.comau.com\/pt-br\/about-us\/success-stories\/comau-sistema-de-producao-flexivel-hycan\/#breadcrumb","itemListElement":[{"@type":"ListItem","position":1,"name":"Home","item":"https:\/\/www.comau.com\/pt-br\/"},{"@type":"ListItem","position":2,"name":"Sobre a Comau","item":"https:\/\/www.comau.com\/pt-br\/about-us\/"},{"@type":"ListItem","position":3,"name":"Hist\u00f3rias de sucesso","item":"https:\/\/www.comau.com\/pt-br\/about-us\/success-stories\/"},{"@type":"ListItem","position":4,"name":"Comau garante flexibilidade de produ\u00e7\u00e3o para a Hycan com uma solu\u00e7\u00e3o inovadora em solda de carrocerias"}]},{"@type":"WebSite","@id":"https:\/\/www.comau.com\/pt-br\/#website","url":"https:\/\/www.comau.com\/pt-br\/","name":"Comau","description":"Industrial automation and robotics","publisher":{"@id":"https:\/\/www.comau.com\/pt-br\/#organization"},"potentialAction":[{"@type":"SearchAction","target":{"@type":"EntryPoint","urlTemplate":"https:\/\/www.comau.com\/pt-br\/?s={search_term_string}"},"query-input":{"@type":"PropertyValueSpecification","valueRequired":true,"valueName":"search_term_string"}}],"inLanguage":"pt-BR"},{"@type":"Organization","@id":"https:\/\/www.comau.com\/pt-br\/#organization","name":"Comau","url":"https:\/\/www.comau.com\/pt-br\/","logo":{"@type":"ImageObject","inLanguage":"pt-BR","@id":"https:\/\/www.comau.com\/pt-br\/#\/schema\/logo\/image\/","url":"https:\/\/www.comau.com\/wp-content\/uploads\/2024\/07\/cropped-Logo-COMAU.png","contentUrl":"https:\/\/www.comau.com\/wp-content\/uploads\/2024\/07\/cropped-Logo-COMAU.png","width":434,"height":434,"caption":"Comau"},"image":{"@id":"https:\/\/www.comau.com\/pt-br\/#\/schema\/logo\/image\/"},"sameAs":["https:\/\/www.facebook.com\/COMAU\/","https:\/\/x.com\/comaugroup","https:\/\/www.instagram.com\/comaugroup\/","https:\/\/www.linkedin.com\/company\/comau","https:\/\/www.youtube.com\/user\/comau"]}]}},"_links":{"self":[{"href":"https:\/\/www.comau.com\/pt-br\/wp-json\/wp\/v2\/pages\/49085","targetHints":{"allow":["GET"]}}],"collection":[{"href":"https:\/\/www.comau.com\/pt-br\/wp-json\/wp\/v2\/pages"}],"about":[{"href":"https:\/\/www.comau.com\/pt-br\/wp-json\/wp\/v2\/types\/page"}],"author":[{"embeddable":true,"href":"https:\/\/www.comau.com\/pt-br\/wp-json\/wp\/v2\/users\/19"}],"replies":[{"embeddable":true,"href":"https:\/\/www.comau.com\/pt-br\/wp-json\/wp\/v2\/comments?post=49085"}],"version-history":[{"count":25,"href":"https:\/\/www.comau.com\/pt-br\/wp-json\/wp\/v2\/pages\/49085\/revisions"}],"predecessor-version":[{"id":52479,"href":"https:\/\/www.comau.com\/pt-br\/wp-json\/wp\/v2\/pages\/49085\/revisions\/52479"}],"up":[{"embeddable":true,"href":"https:\/\/www.comau.com\/pt-br\/wp-json\/wp\/v2\/pages\/41300"}],"wp:featuredmedia":[{"embeddable":true,"href":"https:\/\/www.comau.com\/pt-br\/wp-json\/wp\/v2\/media\/52331"}],"wp:attachment":[{"href":"https:\/\/www.comau.com\/pt-br\/wp-json\/wp\/v2\/media?parent=49085"}],"curies":[{"name":"wp","href":"https:\/\/api.w.org\/{rel}","templated":true}]}}