{"id":4901,"date":"2021-06-08T09:35:49","date_gmt":"2021-06-08T07:35:49","guid":{"rendered":"https:\/\/www.comau.com\/?page_id=4901"},"modified":"2022-02-08T10:33:23","modified_gmt":"2022-02-08T09:33:23","slug":"accumulate-pallet-conveyors","status":"publish","type":"page","link":"https:\/\/www.comau.com\/pt-br\/competencies\/systems\/products\/accumulate-pallet-conveyors\/","title":{"rendered":"Esteira para Paletes"},"content":{"rendered":"\n<h2 class=\"wp-block-heading\" id=\"contagem-acumulada-de-paletes\">Contagem acumulada de paletes<\/h2>\n\n\n\n<p>Uma m\u00e1quina configur\u00e1vel, projetada com bases na:<\/p>\n\n\n\n<ul class=\"wp-block-list\"><li>Simplicidade da esteira uma solu\u00e7\u00e3o mais r\u00e1pida (para aplica\u00e7\u00f5es padr\u00e3o)<\/li><li>Uniformidade de transporte. Fun\u00e7\u00f5es e caracter\u00edsticas s\u00e3o mantidas mesmo em esteiras de diferentes dimens\u00f5es.<\/li><\/ul>\n\n\n\n<h2 class=\"wp-block-heading\" id=\"alem-disso-gracas-a-total-flexibilidade-este-produto-oferece\">Al\u00e9m disso, gra\u00e7as \u00e0 total flexibilidade, este produto oferece:<\/h2>\n\n\n\n<ul class=\"wp-block-list\"><li>Montagem no ch\u00e3o ou suspensa<\/li><li>Carregamento frontal\/ lateral<\/li><li>Ampla variedade de dimens\u00f5es<\/li><li>Ampla utiliza\u00e7\u00e3o de padr\u00f5es para simplificar os processos de engenharia<\/li><li>Alta precis\u00e3o de posicionamento (0.5 mm)<\/li><\/ul>\n\n\n\n<div class=\"wp-block-getwid-toggle download-dropdown has-icon-left\">\n<div class=\"wp-block-getwid-toggle__row\"><div class=\"wp-block-getwid-toggle__header-wrapper\"><span class=\"wp-block-getwid-toggle__header\"><a href=\"#\"><span class=\"wp-block-getwid-toggle__header-title\">Download the brochure<\/span><span class=\"wp-block-getwid-toggle__icon is-active\"><i class=\"fas fa-plus\"><\/i><\/span><span class=\"wp-block-getwid-toggle__icon is-passive\"><i class=\"fas fa-minus\"><\/i><\/span><\/a><\/span><\/div><div class=\"wp-block-getwid-toggle__content-wrapper\"><div class=\"wp-block-getwid-toggle__content\">\n<div class=\"wp-block-getwid-button-group\"><div class=\"wp-block-getwid-button-group__wrapper\">\n<div class=\"wp-block-button\"><a class=\"wp-block-button__link\" href=\"https:\/\/www.comau.com\/wp-content\/uploads\/2021\/06\/APC-accumulate-pallet-conveyor.pdf\" target=\"_blank\" rel=\"noreferrer noopener\">APC<\/a><\/div>\n<\/div><\/div>\n<\/div><\/div><\/div>\n<\/div>\n\n\n\n<h2 class=\"wp-block-heading\" id=\"caracteristicas-do-produto\">Caracter\u00edsticas do Produto<\/h2>\n\n\n\n<ul class=\"wp-block-list\"><li>Comprimento da esteira: 2 \u2013 12 m (Padr\u00e3o) ; 12 \u2013 100 m (sob medida)<\/li><li>Peso: 100 Kg\/m<\/li><li>Velocidade (max.) do Transporte: 10 m\/min<\/li><li>Carga (max.): 100 Kg\/m (gabinete espec\u00edfico\u2028+ partes)<\/li><li>Largura do Palete (max.): 1200 mm<\/li><li>Montagem do Motor: Fixada diretamente no eixo de acionamento com suporte anti-rota\u00e7\u00e3o<\/li><li>Pot\u00eancia m\u00e1xima aplic\u00e1vel: 0,55 kW<\/li><li>Corrente de Rolamento: 1 corrente tripla com passo de 12,7 mm<\/li><li>Controle de posicionamento do palete: por sensores de limite indutivos<\/li><li>Precis\u00e3o de parada do palete: \u00b1 0,5 mm<\/li><li>N\u00edveis de altura para transporte: 800 &#8211; 1050 mm (Montagem no ch\u00e3o)<\/li><li>Estrutura da esteira: Alum\u00ednio<\/li><li>Carregamento por parada (max.): 10 paletes<\/li><li>Ecosustent\u00e1vel: n\u00e3o precisa de ar<\/li><li>Correntes livres de longa vida \u00fatil, sem necessidade de lubrifica\u00e7\u00e3o<\/li><\/ul>\n\n\n\n<p>Suporte em produto, engenharia e processos garantidos por profissionais globais especializados. Distribui\u00e7\u00e3o mundial com suporte adequado.<\/p>\n\n\n\n<figure class=\"wp-block-embed is-type-video is-provider-youtube wp-block-embed-youtube wp-embed-aspect-16-9 wp-has-aspect-ratio\"><div class=\"wp-block-embed__wrapper\">\n<iframe title=\"Comau launches the new APC\" width=\"640\" height=\"360\" src=\"https:\/\/www.youtube.com\/embed\/iHac3NkMMMo?feature=oembed\" frameborder=\"0\" allow=\"accelerometer; autoplay; clipboard-write; encrypted-media; gyroscope; picture-in-picture; web-share\" referrerpolicy=\"strict-origin-when-cross-origin\" allowfullscreen><\/iframe>\n<\/div><\/figure>\n","protected":false},"excerpt":{"rendered":"<p>Contagem acumulada de paletes Uma m\u00e1quina configur\u00e1vel, projetada com bases na: Simplicidade da esteira uma solu\u00e7\u00e3o mais r\u00e1pida (para aplica\u00e7\u00f5es padr\u00e3o) Uniformidade de transporte. Fun\u00e7\u00f5es e caracter\u00edsticas s\u00e3o mantidas mesmo em esteiras de diferentes dimens\u00f5es. Al\u00e9m disso, gra\u00e7as \u00e0 total flexibilidade, este produto oferece: Montagem no ch\u00e3o ou suspensa Carregamento frontal\/ lateral Ampla variedade de [&hellip;]<\/p>\n","protected":false},"author":11,"featured_media":4911,"parent":4832,"menu_order":0,"comment_status":"closed","ping_status":"closed","template":"","meta":{"_acf_changed":false,"ep_exclude_from_search":false,"footnotes":""},"class_list":["post-4901","page","type-page","status-publish","has-post-thumbnail","hentry"],"acf":[],"yoast_head":"<!-- This site is optimized with the Yoast SEO plugin v26.9 - https:\/\/yoast.com\/product\/yoast-seo-wordpress\/ -->\n<title>Transportador de paletes | Comau<\/title>\n<meta name=\"description\" content=\"Conhe\u00e7a o transportador de paletes da Comau, com capacidade para realizar contagem acumulada de paletes. Descubra mais sobre os transportadores de paletes!\" \/>\n<meta name=\"robots\" content=\"index, follow, max-snippet:-1, max-image-preview:large, max-video-preview:-1\" \/>\n<link rel=\"canonical\" href=\"https:\/\/www.comau.com\/pt-br\/competencies\/systems\/products\/accumulate-pallet-conveyors\/\" \/>\n<meta property=\"og:locale\" content=\"pt_BR\" \/>\n<meta property=\"og:type\" content=\"article\" \/>\n<meta property=\"og:title\" content=\"Transportador de paletes | Comau\" \/>\n<meta property=\"og:description\" content=\"Conhe\u00e7a o transportador de paletes da Comau, com capacidade para realizar contagem acumulada de paletes. Descubra mais sobre os transportadores de paletes!\" \/>\n<meta property=\"og:url\" content=\"https:\/\/www.comau.com\/pt-br\/competencies\/systems\/products\/accumulate-pallet-conveyors\/\" \/>\n<meta property=\"og:site_name\" content=\"Comau\" \/>\n<meta property=\"article:publisher\" content=\"https:\/\/www.facebook.com\/COMAU\/\" \/>\n<meta property=\"article:modified_time\" content=\"2022-02-08T09:33:23+00:00\" \/>\n<meta property=\"og:image\" content=\"https:\/\/www.comau.com\/wp-content\/uploads\/2021\/06\/pallet-conveyors_header.jpg\" \/>\n\t<meta property=\"og:image:width\" content=\"1280\" \/>\n\t<meta property=\"og:image:height\" content=\"485\" \/>\n\t<meta property=\"og:image:type\" content=\"image\/jpeg\" \/>\n<meta name=\"twitter:card\" content=\"summary_large_image\" \/>\n<meta name=\"twitter:site\" content=\"@comaugroup\" \/>\n<meta name=\"twitter:label1\" content=\"Est. tempo de leitura\" \/>\n\t<meta name=\"twitter:data1\" content=\"1 minuto\" \/>\n<script type=\"application\/ld+json\" class=\"yoast-schema-graph\">{\"@context\":\"https:\/\/schema.org\",\"@graph\":[{\"@type\":\"WebPage\",\"@id\":\"https:\/\/www.comau.com\/pt-br\/competencies\/systems\/products\/accumulate-pallet-conveyors\/\",\"url\":\"https:\/\/www.comau.com\/pt-br\/competencies\/systems\/products\/accumulate-pallet-conveyors\/\",\"name\":\"Transportador de paletes | Comau\",\"isPartOf\":{\"@id\":\"https:\/\/www.comau.com\/pt-br\/#website\"},\"primaryImageOfPage\":{\"@id\":\"https:\/\/www.comau.com\/pt-br\/competencies\/systems\/products\/accumulate-pallet-conveyors\/#primaryimage\"},\"image\":{\"@id\":\"https:\/\/www.comau.com\/pt-br\/competencies\/systems\/products\/accumulate-pallet-conveyors\/#primaryimage\"},\"thumbnailUrl\":\"https:\/\/www.comau.com\/wp-content\/uploads\/2021\/06\/pallet-conveyors_header.jpg\",\"datePublished\":\"2021-06-08T07:35:49+00:00\",\"dateModified\":\"2022-02-08T09:33:23+00:00\",\"description\":\"Conhe\u00e7a o transportador de paletes da Comau, com capacidade para realizar contagem acumulada de paletes. Descubra mais sobre os transportadores de paletes!\",\"breadcrumb\":{\"@id\":\"https:\/\/www.comau.com\/pt-br\/competencies\/systems\/products\/accumulate-pallet-conveyors\/#breadcrumb\"},\"inLanguage\":\"pt-BR\",\"potentialAction\":[{\"@type\":\"ReadAction\",\"target\":[\"https:\/\/www.comau.com\/pt-br\/competencies\/systems\/products\/accumulate-pallet-conveyors\/\"]}]},{\"@type\":\"ImageObject\",\"inLanguage\":\"pt-BR\",\"@id\":\"https:\/\/www.comau.com\/pt-br\/competencies\/systems\/products\/accumulate-pallet-conveyors\/#primaryimage\",\"url\":\"https:\/\/www.comau.com\/wp-content\/uploads\/2021\/06\/pallet-conveyors_header.jpg\",\"contentUrl\":\"https:\/\/www.comau.com\/wp-content\/uploads\/2021\/06\/pallet-conveyors_header.jpg\",\"width\":1280,\"height\":485},{\"@type\":\"BreadcrumbList\",\"@id\":\"https:\/\/www.comau.com\/pt-br\/competencies\/systems\/products\/accumulate-pallet-conveyors\/#breadcrumb\",\"itemListElement\":[{\"@type\":\"ListItem\",\"position\":1,\"name\":\"Home\",\"item\":\"https:\/\/www.comau.com\/pt-br\/\"},{\"@type\":\"ListItem\",\"position\":2,\"name\":\"Nossas Compet\u00eancias\",\"item\":\"https:\/\/www.comau.com\/pt-br\/competencies\/\"},{\"@type\":\"ListItem\",\"position\":3,\"name\":\"Body Assembly\",\"item\":\"https:\/\/www.comau.com\/pt-br\/competencies\/body-assembly\/\"},{\"@type\":\"ListItem\",\"position\":4,\"name\":\"Produtos\",\"item\":\"https:\/\/www.comau.com\/pt-br\/competencies\/body-assembly\/products\/\"},{\"@type\":\"ListItem\",\"position\":5,\"name\":\"Esteira para Paletes\"}]},{\"@type\":\"WebSite\",\"@id\":\"https:\/\/www.comau.com\/pt-br\/#website\",\"url\":\"https:\/\/www.comau.com\/pt-br\/\",\"name\":\"Comau\",\"description\":\"Industrial automation and robotics\",\"publisher\":{\"@id\":\"https:\/\/www.comau.com\/pt-br\/#organization\"},\"potentialAction\":[{\"@type\":\"SearchAction\",\"target\":{\"@type\":\"EntryPoint\",\"urlTemplate\":\"https:\/\/www.comau.com\/pt-br\/?s={search_term_string}\"},\"query-input\":{\"@type\":\"PropertyValueSpecification\",\"valueRequired\":true,\"valueName\":\"search_term_string\"}}],\"inLanguage\":\"pt-BR\"},{\"@type\":\"Organization\",\"@id\":\"https:\/\/www.comau.com\/pt-br\/#organization\",\"name\":\"Comau\",\"url\":\"https:\/\/www.comau.com\/pt-br\/\",\"logo\":{\"@type\":\"ImageObject\",\"inLanguage\":\"pt-BR\",\"@id\":\"https:\/\/www.comau.com\/pt-br\/#\/schema\/logo\/image\/\",\"url\":\"https:\/\/www.comau.com\/wp-content\/uploads\/2024\/07\/cropped-Logo-COMAU.png\",\"contentUrl\":\"https:\/\/www.comau.com\/wp-content\/uploads\/2024\/07\/cropped-Logo-COMAU.png\",\"width\":434,\"height\":434,\"caption\":\"Comau\"},\"image\":{\"@id\":\"https:\/\/www.comau.com\/pt-br\/#\/schema\/logo\/image\/\"},\"sameAs\":[\"https:\/\/www.facebook.com\/COMAU\/\",\"https:\/\/x.com\/comaugroup\",\"https:\/\/www.instagram.com\/comaugroup\/\",\"https:\/\/www.linkedin.com\/company\/comau\",\"https:\/\/www.youtube.com\/user\/comau\"]}]}<\/script>\n<!-- \/ Yoast SEO plugin. -->","yoast_head_json":{"title":"Transportador de paletes | Comau","description":"Conhe\u00e7a o transportador de paletes da Comau, com capacidade para realizar contagem acumulada de paletes. Descubra mais sobre os transportadores de paletes!","robots":{"index":"index","follow":"follow","max-snippet":"max-snippet:-1","max-image-preview":"max-image-preview:large","max-video-preview":"max-video-preview:-1"},"canonical":"https:\/\/www.comau.com\/pt-br\/competencies\/systems\/products\/accumulate-pallet-conveyors\/","og_locale":"pt_BR","og_type":"article","og_title":"Transportador de paletes | Comau","og_description":"Conhe\u00e7a o transportador de paletes da Comau, com capacidade para realizar contagem acumulada de paletes. Descubra mais sobre os transportadores de paletes!","og_url":"https:\/\/www.comau.com\/pt-br\/competencies\/systems\/products\/accumulate-pallet-conveyors\/","og_site_name":"Comau","article_publisher":"https:\/\/www.facebook.com\/COMAU\/","article_modified_time":"2022-02-08T09:33:23+00:00","og_image":[{"width":1280,"height":485,"url":"https:\/\/www.comau.com\/wp-content\/uploads\/2021\/06\/pallet-conveyors_header.jpg","type":"image\/jpeg"}],"twitter_card":"summary_large_image","twitter_site":"@comaugroup","twitter_misc":{"Est. tempo de leitura":"1 minuto"},"schema":{"@context":"https:\/\/schema.org","@graph":[{"@type":"WebPage","@id":"https:\/\/www.comau.com\/pt-br\/competencies\/systems\/products\/accumulate-pallet-conveyors\/","url":"https:\/\/www.comau.com\/pt-br\/competencies\/systems\/products\/accumulate-pallet-conveyors\/","name":"Transportador de paletes | Comau","isPartOf":{"@id":"https:\/\/www.comau.com\/pt-br\/#website"},"primaryImageOfPage":{"@id":"https:\/\/www.comau.com\/pt-br\/competencies\/systems\/products\/accumulate-pallet-conveyors\/#primaryimage"},"image":{"@id":"https:\/\/www.comau.com\/pt-br\/competencies\/systems\/products\/accumulate-pallet-conveyors\/#primaryimage"},"thumbnailUrl":"https:\/\/www.comau.com\/wp-content\/uploads\/2021\/06\/pallet-conveyors_header.jpg","datePublished":"2021-06-08T07:35:49+00:00","dateModified":"2022-02-08T09:33:23+00:00","description":"Conhe\u00e7a o transportador de paletes da Comau, com capacidade para realizar contagem acumulada de paletes. Descubra mais sobre os transportadores de paletes!","breadcrumb":{"@id":"https:\/\/www.comau.com\/pt-br\/competencies\/systems\/products\/accumulate-pallet-conveyors\/#breadcrumb"},"inLanguage":"pt-BR","potentialAction":[{"@type":"ReadAction","target":["https:\/\/www.comau.com\/pt-br\/competencies\/systems\/products\/accumulate-pallet-conveyors\/"]}]},{"@type":"ImageObject","inLanguage":"pt-BR","@id":"https:\/\/www.comau.com\/pt-br\/competencies\/systems\/products\/accumulate-pallet-conveyors\/#primaryimage","url":"https:\/\/www.comau.com\/wp-content\/uploads\/2021\/06\/pallet-conveyors_header.jpg","contentUrl":"https:\/\/www.comau.com\/wp-content\/uploads\/2021\/06\/pallet-conveyors_header.jpg","width":1280,"height":485},{"@type":"BreadcrumbList","@id":"https:\/\/www.comau.com\/pt-br\/competencies\/systems\/products\/accumulate-pallet-conveyors\/#breadcrumb","itemListElement":[{"@type":"ListItem","position":1,"name":"Home","item":"https:\/\/www.comau.com\/pt-br\/"},{"@type":"ListItem","position":2,"name":"Nossas Compet\u00eancias","item":"https:\/\/www.comau.com\/pt-br\/competencies\/"},{"@type":"ListItem","position":3,"name":"Body Assembly","item":"https:\/\/www.comau.com\/pt-br\/competencies\/body-assembly\/"},{"@type":"ListItem","position":4,"name":"Produtos","item":"https:\/\/www.comau.com\/pt-br\/competencies\/body-assembly\/products\/"},{"@type":"ListItem","position":5,"name":"Esteira para Paletes"}]},{"@type":"WebSite","@id":"https:\/\/www.comau.com\/pt-br\/#website","url":"https:\/\/www.comau.com\/pt-br\/","name":"Comau","description":"Industrial automation and robotics","publisher":{"@id":"https:\/\/www.comau.com\/pt-br\/#organization"},"potentialAction":[{"@type":"SearchAction","target":{"@type":"EntryPoint","urlTemplate":"https:\/\/www.comau.com\/pt-br\/?s={search_term_string}"},"query-input":{"@type":"PropertyValueSpecification","valueRequired":true,"valueName":"search_term_string"}}],"inLanguage":"pt-BR"},{"@type":"Organization","@id":"https:\/\/www.comau.com\/pt-br\/#organization","name":"Comau","url":"https:\/\/www.comau.com\/pt-br\/","logo":{"@type":"ImageObject","inLanguage":"pt-BR","@id":"https:\/\/www.comau.com\/pt-br\/#\/schema\/logo\/image\/","url":"https:\/\/www.comau.com\/wp-content\/uploads\/2024\/07\/cropped-Logo-COMAU.png","contentUrl":"https:\/\/www.comau.com\/wp-content\/uploads\/2024\/07\/cropped-Logo-COMAU.png","width":434,"height":434,"caption":"Comau"},"image":{"@id":"https:\/\/www.comau.com\/pt-br\/#\/schema\/logo\/image\/"},"sameAs":["https:\/\/www.facebook.com\/COMAU\/","https:\/\/x.com\/comaugroup","https:\/\/www.instagram.com\/comaugroup\/","https:\/\/www.linkedin.com\/company\/comau","https:\/\/www.youtube.com\/user\/comau"]}]}},"_links":{"self":[{"href":"https:\/\/www.comau.com\/pt-br\/wp-json\/wp\/v2\/pages\/4901","targetHints":{"allow":["GET"]}}],"collection":[{"href":"https:\/\/www.comau.com\/pt-br\/wp-json\/wp\/v2\/pages"}],"about":[{"href":"https:\/\/www.comau.com\/pt-br\/wp-json\/wp\/v2\/types\/page"}],"author":[{"embeddable":true,"href":"https:\/\/www.comau.com\/pt-br\/wp-json\/wp\/v2\/users\/11"}],"replies":[{"embeddable":true,"href":"https:\/\/www.comau.com\/pt-br\/wp-json\/wp\/v2\/comments?post=4901"}],"version-history":[{"count":33,"href":"https:\/\/www.comau.com\/pt-br\/wp-json\/wp\/v2\/pages\/4901\/revisions"}],"predecessor-version":[{"id":42165,"href":"https:\/\/www.comau.com\/pt-br\/wp-json\/wp\/v2\/pages\/4901\/revisions\/42165"}],"up":[{"embeddable":true,"href":"https:\/\/www.comau.com\/pt-br\/wp-json\/wp\/v2\/pages\/4832"}],"wp:featuredmedia":[{"embeddable":true,"href":"https:\/\/www.comau.com\/pt-br\/wp-json\/wp\/v2\/media\/4911"}],"wp:attachment":[{"href":"https:\/\/www.comau.com\/pt-br\/wp-json\/wp\/v2\/media?parent=4901"}],"curies":[{"name":"wp","href":"https:\/\/api.w.org\/{rel}","templated":true}]}}