{"id":49005,"date":"2022-11-22T01:54:49","date_gmt":"2022-11-22T00:54:49","guid":{"rendered":"https:\/\/www.comau.com\/?page_id=49005"},"modified":"2022-12-15T22:55:40","modified_gmt":"2022-12-15T21:55:40","slug":"robotica-inteligente","status":"publish","type":"page","link":"https:\/\/www.comau.com\/pt-br\/competencies\/robotics-automation\/robotica-inteligente\/","title":{"rendered":"Rob\u00f3tica Inteligente"},"content":{"rendered":"\n<h2 class=\"wp-block-heading\"><strong>Fazendo da automa\u00e7\u00e3o inteligente uma realidade<\/strong><\/h2>\n\n\n\n<p>Imagine o poder de um sistema de automa\u00e7\u00e3o aberto e f\u00e1cil de usar, composto com rob\u00f4s inteligentes, flex\u00edveis o suficiente para se adaptarem dinamicamente \u00e0s mudan\u00e7as no ambiente de produ\u00e7\u00e3o. Ainda mais, com funcionalidades totalmente integradas que podem otimizar processos de maneira aut\u00f4noma, garantir qualidade, redu\u00e7\u00f5es de custo e agilizar a reconfigura\u00e7\u00e3o, a automa\u00e7\u00e3o inteligente reduz a complexidade ao passo que garante performance produtiva.<\/p>\n\n\n\n<h2 class=\"wp-block-heading\"><strong><strong>Habilitando rob\u00f4s para lidar com o inesperado<\/strong><\/strong><\/h2>\n\n\n\n<p>A combina\u00e7\u00e3o de <a href=\"https:\/\/www.comau.com\/pt-br\/competencies\/products-solutions\/mi-ra\/\" target=\"_blank\" rel=\"noreferrer noopener\">sistemas de vis\u00e3o especializados<\/a>, <a href=\"https:\/\/www.comau.com\/pt-br\/competencies\/robotics-automation\/\" target=\"_blank\" rel=\"noreferrer noopener\">rob\u00f3tica avan\u00e7ada<\/a>, inspe\u00e7\u00e3o de m\u00e1quinas e <a href=\"https:\/\/www.comau.com\/pt-br\/competencies\/robotics-automation\/thermography\/\" target=\"_blank\" rel=\"noreferrer noopener\">Intelig\u00eancia Artificial<\/a> permite que nossos rob\u00f4s lidem, ao mesmo tempo, com personaliza\u00e7\u00e3o, variabilidade e processos din\u00e2micos. Isso resulta em sistemas de produ\u00e7\u00e3o mais flex\u00edveis, f\u00e1bricas mais inteligentes e melhor desempenho geral.<\/p>\n\n\n\n<p>Os <a href=\"https:\/\/www.comau.com\/pt-br\/competencies\/products-solutions\/robot-team\/\" target=\"_blank\" rel=\"noreferrer noopener\">rob\u00f4s <\/a>t\u00eam evolu\u00eddo, cada vez mais, para lidar com demandas inesperadas, eles ajudam voc\u00ea a economizar tempo e custos, enquanto solidificam sua capacidade de atender \u00e0s necessidades de produ\u00e7\u00e3o atuais e futuras.<\/p>\n\n\n\n<div class=\"wp-block-columns columns-bg-dark is-layout-flex wp-container-core-columns-is-layout-9d6595d7 wp-block-columns-is-layout-flex\">\n<div class=\"wp-block-column is-layout-flow wp-block-column-is-layout-flow\">\n<h3 class=\"wp-block-heading\" id=\"innovations-in-body-assembly\">Simplificando funcionalidades avan\u00e7adas<\/h3>\n\n\n\n<p>Quando os seres humanos e os rob\u00f4s trabalham em harmonia em um ambiente de produ\u00e7\u00e3o, por exemplo, h\u00e1 ganhos em flexibilidade e produtividade. Isso porque os rob\u00f4s s\u00e3o capazes de traduzir a sintaxe da linguagem humana em sintaxe de rob\u00f4.<\/p>\n<\/div>\n\n\n\n<div class=\"wp-block-column is-layout-flow wp-block-column-is-layout-flow\">\n<h3 class=\"wp-block-heading\">Facilitando a manufatura din\u00e2mica<\/h3>\n\n\n\n<p>A Comau conseguiu identificar um conjunto habilitadores tecnol\u00f3gicos: Sensores e sistemas de vis\u00e3o permitem que os rob\u00f4s assimilem o que est\u00e1 acontecendo no mundo real, identificam possibilidades, planejam e executam a\u00e7\u00f5es de acordo com as informa\u00e7\u00f5es dispon\u00edveis.<\/p>\n<\/div>\n\n\n\n<div class=\"wp-block-column is-layout-flow wp-block-column-is-layout-flow\">\n<h3 class=\"wp-block-heading\" id=\"powerful-assembly-and-transport-systems\">Visibilidade do processo e dos sistemas em tempo real<\/h3>\n\n\n\n<p>Da an\u00e1lise de performance e status em tempo real \u00e0 rastreabilidade autom\u00e1tica e controle de qualidade das pe\u00e7as, a digitaliza\u00e7\u00e3o permite que voc\u00ea tenha controle total&nbsp; dos par\u00e2metros, corrigir processos, ou varia\u00e7\u00e3o de materiais em tempo real.<\/p>\n<\/div>\n<\/div>\n\n\n\n<h2 class=\"wp-block-heading\" id=\"our-solutions\"><strong>Principais benef\u00edcios da Rob\u00f3tica Inteligente da Comau<\/strong><\/h2>\n\n\n\n<div style=\"height:15px\" aria-hidden=\"true\" class=\"wp-block-spacer\"><\/div>\n\n\n\n<div class=\"wp-block-getwid-image-box has-image-left has-text-center has-mobile-layout-default has-mobile-alignment-default\"><div class=\"wp-block-getwid-image-box__image-container is-position-top\"><div class=\"wp-block-getwid-image-box__image-wrapper\"><img decoding=\"async\" width=\"125\" height=\"95\" src=\"https:\/\/www.comau.com\/wp-content\/uploads\/2022\/11\/icon_flexibility-3.png\" alt=\"Flebility\" class=\"wp-block-getwid-image-box__image wp-image-49204\" \/><\/div><\/div><div class=\"wp-block-getwid-image-box__content\">\n<h3 class=\"has-text-align-left wp-block-heading\"><strong>Flexibilidade<\/strong><\/h3>\n\n\n\n<p class=\"has-text-align-left\">Com sistemas aut\u00f4nomos mais inteligentes, os rob\u00f4s podem aprender e responder a vari\u00e1veis e requisitos din\u00e2micos.<\/p>\n<\/div><\/div>\n\n\n\n<div style=\"height:35px\" aria-hidden=\"true\" class=\"wp-block-spacer\"><\/div>\n\n\n\n<div class=\"wp-block-getwid-image-box has-image-left has-text-center has-mobile-layout-default has-mobile-alignment-default\"><div class=\"wp-block-getwid-image-box__image-container is-position-top\"><div class=\"wp-block-getwid-image-box__image-wrapper\"><img decoding=\"async\" width=\"125\" height=\"95\" src=\"https:\/\/www.comau.com\/wp-content\/uploads\/2022\/11\/icon_configuration-2.png\" alt=\"\" class=\"wp-block-getwid-image-box__image wp-image-49192\" \/><\/div><\/div><div class=\"wp-block-getwid-image-box__content\">\n<h3 class=\"has-text-align-left wp-block-heading\"><strong>Configura\u00e7\u00e3o Inteligente<\/strong><\/h3>\n\n\n\n<p class=\"has-text-align-left\">As solu\u00e7\u00f5es baseadas em Intelig\u00eancia Artificial permitem a ado\u00e7\u00e3o de modelos de rob\u00f4s pr\u00e9-habilitados, facilitando a implanta\u00e7\u00e3o mais r\u00e1pida, gerenciamento mais adapt\u00e1vel e melhorias cont\u00ednuas no processo.<\/p>\n<\/div><\/div>\n\n\n\n<div style=\"height:35px\" aria-hidden=\"true\" class=\"wp-block-spacer\"><\/div>\n\n\n\n<div class=\"wp-block-getwid-image-box has-image-left has-text-center has-mobile-layout-default has-mobile-alignment-default\"><div class=\"wp-block-getwid-image-box__image-container is-position-top\"><div class=\"wp-block-getwid-image-box__image-wrapper\"><img decoding=\"async\" width=\"125\" height=\"95\" src=\"https:\/\/www.comau.com\/wp-content\/uploads\/2022\/11\/icon_cost-saving-1.png\" alt=\"\" class=\"wp-block-getwid-image-box__image wp-image-49198\" \/><\/div><\/div><div class=\"wp-block-getwid-image-box__content\">\n<h3 class=\"has-text-align-left wp-block-heading\"><strong>Economia de custos<\/strong><\/h3>\n\n\n\n<p class=\"has-text-align-left\">O uso de softwares avan\u00e7ados reduz ou elimina os custos adicionais de programa\u00e7\u00e3o ou codifica\u00e7\u00e3o.<\/p>\n<\/div><\/div>\n\n\n\n<div style=\"height:35px\" aria-hidden=\"true\" class=\"wp-block-spacer\"><\/div>\n\n\n\n<div class=\"wp-block-getwid-image-box has-image-left has-text-center has-mobile-layout-default has-mobile-alignment-default\"><div class=\"wp-block-getwid-image-box__image-container is-position-top\"><div class=\"wp-block-getwid-image-box__image-wrapper\"><img decoding=\"async\" width=\"125\" height=\"95\" src=\"https:\/\/www.comau.com\/wp-content\/uploads\/2022\/11\/icon_human-robot-1.png\" alt=\"human-robot collaboration\" class=\"wp-block-getwid-image-box__image wp-image-49210\" \/><\/div><\/div><div class=\"wp-block-getwid-image-box__content\">\n<h3 class=\"has-text-align-left wp-block-heading\"><strong>Colabora\u00e7\u00e3o Homem-M\u00e1quina<\/strong><\/h3>\n\n\n\n<p class=\"has-text-align-left\">A Intelig\u00eancia Artificial ajuda os rob\u00f4s a se adaptarem \u00e0s situa\u00e7\u00f5es din\u00e2micas e se comunicarem naturalmente com os operadores que, por sua vez, s\u00e3o capazes de usar o sistema sem compet\u00eancia espec\u00edfica em rob\u00f3tica ou sistemas de vis\u00e3o.<\/p>\n<\/div><\/div>\n\n\n\n<div style=\"height:35px\" aria-hidden=\"true\" class=\"wp-block-spacer\"><\/div>\n\n\n\n<div class=\"wp-block-getwid-image-box has-image-left has-text-center has-mobile-layout-default has-mobile-alignment-default\"><div class=\"wp-block-getwid-image-box__image-container is-position-top\"><div class=\"wp-block-getwid-image-box__image-wrapper\"><img decoding=\"async\" width=\"125\" height=\"95\" src=\"https:\/\/www.comau.com\/wp-content\/uploads\/2022\/11\/icon_smaller-footprint-1.png\" alt=\"Smaller Footprint\" class=\"wp-block-getwid-image-box__image wp-image-49216\" \/><\/div><\/div><div class=\"wp-block-getwid-image-box__content\">\n<h3 class=\"has-text-align-left wp-block-heading\"><strong>Menor espa\u00e7o f\u00edsico requerido<\/strong><\/h3>\n\n\n\n<p class=\"has-text-align-left\">A intelig\u00eancia cognitiva ajuda na sincroniza\u00e7\u00e3o de movimentos, reduzindo os riscos de colis\u00f5es e, eventualmente, as dist\u00e2ncias entre rob\u00f4s. O espa\u00e7o necess\u00e1rio \u00e9 ainda mais reduzido com rob\u00f4s colaborativos em velocidade industrial gra\u00e7as \u00e0 remo\u00e7\u00e3o de barreiras de seguran\u00e7a.<\/p>\n<\/div><\/div>\n\n\n\n<div style=\"height:35px\" aria-hidden=\"true\" class=\"wp-block-spacer\"><\/div>\n\n\n\n<div class=\"wp-block-getwid-image-box has-image-left has-text-center has-mobile-layout-default has-mobile-alignment-default\"><div class=\"wp-block-getwid-image-box__image-container is-position-top\"><div class=\"wp-block-getwid-image-box__image-wrapper\"><img decoding=\"async\" width=\"125\" height=\"95\" src=\"https:\/\/www.comau.com\/wp-content\/uploads\/2022\/11\/icon_sustainability-1.png\" alt=\"Sustainability\" class=\"wp-block-getwid-image-box__image wp-image-49222\" \/><\/div><\/div><div class=\"wp-block-getwid-image-box__content\">\n<h3 class=\"has-text-align-left wp-block-heading\"><strong>Maior sustentabilidade<\/strong><\/h3>\n\n\n\n<p class=\"has-text-align-left\">\u00c0 medida que os rob\u00f4s come\u00e7am a procurar imperfei\u00e7\u00f5es no processo e a se adaptar \u00e0 ele, o tempo de inatividade \u00e9 reduzido, a efici\u00eancia aumenta e, do mesmo modo, menos energia \u00e9 consumida.<\/p>\n<\/div><\/div>\n\n\n\n<hr class=\"wp-block-separator has-alpha-channel-opacity\" \/>\n\n\n\n<p><\/p>\n\n\n\n<div class=\"wp-block-columns is-layout-flex wp-container-core-columns-is-layout-9d6595d7 wp-block-columns-is-layout-flex\">\n<div class=\"wp-block-column is-layout-flow wp-block-column-is-layout-flow\">\n<h2 class=\"wp-block-heading\">eBook<\/h2>\n\n\n\n<h3 class=\"wp-block-heading\"><strong>Agilizando processos com Automa\u00e7\u00e3o Inteligente<\/strong><\/h3>\n\n\n\n<h3 class=\"wp-block-heading\" id=\"block-d5fef270-5747-4bcf-9e83-be00d92d5b42\">Como impulsionar seus neg\u00f3cios com Sistemas de Vis\u00e3o, Intelig\u00eancia Artificial e Rob\u00f3tica Avan\u00e7ada<\/h3>\n\n\n\n<div class=\"wp-block-buttons is-layout-flex wp-block-buttons-is-layout-flex\">\n<div class=\"wp-block-button\"><a class=\"wp-block-button__link\" href=\"https:\/\/group.comau.com\/pt\/content\/ebook\/intelligentautomation\" target=\"_blank\" rel=\"noreferrer noopener\"><strong>Acesse o eBook Agora<\/strong><\/a><\/div>\n<\/div>\n<\/div>\n\n\n\n<div class=\"wp-block-column is-layout-flow wp-block-column-is-layout-flow\">\n<figure class=\"wp-block-image size-full\"><img decoding=\"async\" width=\"500\" height=\"455\" src=\"https:\/\/www.comau.com\/wp-content\/uploads\/2022\/11\/Comau_Mira-3D.png\" alt=\"\" class=\"wp-image-49235\" srcset=\"https:\/\/www.comau.com\/wp-content\/uploads\/2022\/11\/Comau_Mira-3D.png 500w, https:\/\/www.comau.com\/wp-content\/uploads\/2022\/11\/Comau_Mira-3D-300x273.png 300w\" sizes=\"(max-width: 500px) 100vw, 500px\" \/><\/figure>\n<\/div>\n<\/div>\n","protected":false},"excerpt":{"rendered":"<p>Fazendo da automa\u00e7\u00e3o inteligente uma realidade Imagine o poder de um sistema de automa\u00e7\u00e3o aberto e f\u00e1cil de usar, composto com rob\u00f4s inteligentes, flex\u00edveis o suficiente para se adaptarem dinamicamente \u00e0s mudan\u00e7as no ambiente de produ\u00e7\u00e3o. Ainda mais, com funcionalidades totalmente integradas que podem otimizar processos de maneira aut\u00f4noma, garantir qualidade, redu\u00e7\u00f5es de custo e [&hellip;]<\/p>\n","protected":false},"author":21,"featured_media":49424,"parent":5718,"menu_order":1,"comment_status":"closed","ping_status":"closed","template":"","meta":{"_acf_changed":false,"ep_exclude_from_search":false,"footnotes":""},"class_list":["post-49005","page","type-page","status-publish","has-post-thumbnail","hentry"],"acf":[],"yoast_head":"<!-- This site is optimized with the Yoast SEO plugin v26.9 - https:\/\/yoast.com\/product\/yoast-seo-wordpress\/ -->\n<title>Sistema de automa\u00e7\u00e3o aberto, inteligente e f\u00e1cil de usar<\/title>\n<meta name=\"description\" content=\"Imagine o poder de um sistema de automa\u00e7\u00e3o aberto, f\u00e1cil de usar, composto com rob\u00f3tica inteligente, que se adapta \u00e0s mudan\u00e7as na produ\u00e7\u00e3o.\" \/>\n<meta name=\"robots\" content=\"index, follow, max-snippet:-1, max-image-preview:large, max-video-preview:-1\" \/>\n<link rel=\"canonical\" href=\"https:\/\/www.comau.com\/pt-br\/competencies\/robotics-automation\/robotica-inteligente\/\" \/>\n<meta property=\"og:locale\" content=\"pt_BR\" \/>\n<meta property=\"og:type\" content=\"article\" \/>\n<meta property=\"og:title\" content=\"Sistema de automa\u00e7\u00e3o aberto, inteligente e f\u00e1cil de usar\" \/>\n<meta property=\"og:description\" content=\"Imagine o poder de um sistema de automa\u00e7\u00e3o aberto, f\u00e1cil de usar, composto com rob\u00f3tica inteligente, que se adapta \u00e0s mudan\u00e7as na produ\u00e7\u00e3o.\" \/>\n<meta property=\"og:url\" content=\"https:\/\/www.comau.com\/pt-br\/competencies\/robotics-automation\/robotica-inteligente\/\" \/>\n<meta property=\"og:site_name\" content=\"Comau\" \/>\n<meta property=\"article:publisher\" content=\"https:\/\/www.facebook.com\/COMAU\/\" \/>\n<meta property=\"article:modified_time\" content=\"2022-12-15T21:55:40+00:00\" \/>\n<meta property=\"og:image\" content=\"https:\/\/www.comau.com\/wp-content\/uploads\/2022\/12\/banner_Comau_Intelligent-Robotics.jpg\" \/>\n\t<meta property=\"og:image:width\" content=\"1450\" \/>\n\t<meta property=\"og:image:height\" content=\"450\" \/>\n\t<meta property=\"og:image:type\" content=\"image\/jpeg\" \/>\n<meta name=\"twitter:card\" content=\"summary_large_image\" \/>\n<meta name=\"twitter:site\" content=\"@comaugroup\" \/>\n<meta name=\"twitter:label1\" content=\"Est. tempo de leitura\" \/>\n\t<meta name=\"twitter:data1\" content=\"4 minutos\" \/>\n<script type=\"application\/ld+json\" class=\"yoast-schema-graph\">{\"@context\":\"https:\/\/schema.org\",\"@graph\":[{\"@type\":\"WebPage\",\"@id\":\"https:\/\/www.comau.com\/pt-br\/competencies\/robotics-automation\/robotica-inteligente\/\",\"url\":\"https:\/\/www.comau.com\/pt-br\/competencies\/robotics-automation\/robotica-inteligente\/\",\"name\":\"Sistema de automa\u00e7\u00e3o aberto, inteligente e f\u00e1cil de usar\",\"isPartOf\":{\"@id\":\"https:\/\/www.comau.com\/pt-br\/#website\"},\"primaryImageOfPage\":{\"@id\":\"https:\/\/www.comau.com\/pt-br\/competencies\/robotics-automation\/robotica-inteligente\/#primaryimage\"},\"image\":{\"@id\":\"https:\/\/www.comau.com\/pt-br\/competencies\/robotics-automation\/robotica-inteligente\/#primaryimage\"},\"thumbnailUrl\":\"https:\/\/www.comau.com\/wp-content\/uploads\/2022\/12\/banner_Comau_Intelligent-Robotics.jpg\",\"datePublished\":\"2022-11-22T00:54:49+00:00\",\"dateModified\":\"2022-12-15T21:55:40+00:00\",\"description\":\"Imagine o poder de um sistema de automa\u00e7\u00e3o aberto, f\u00e1cil de usar, composto com rob\u00f3tica inteligente, que se adapta \u00e0s mudan\u00e7as na produ\u00e7\u00e3o.\",\"breadcrumb\":{\"@id\":\"https:\/\/www.comau.com\/pt-br\/competencies\/robotics-automation\/robotica-inteligente\/#breadcrumb\"},\"inLanguage\":\"pt-BR\",\"potentialAction\":[{\"@type\":\"ReadAction\",\"target\":[\"https:\/\/www.comau.com\/pt-br\/competencies\/robotics-automation\/robotica-inteligente\/\"]}]},{\"@type\":\"ImageObject\",\"inLanguage\":\"pt-BR\",\"@id\":\"https:\/\/www.comau.com\/pt-br\/competencies\/robotics-automation\/robotica-inteligente\/#primaryimage\",\"url\":\"https:\/\/www.comau.com\/wp-content\/uploads\/2022\/12\/banner_Comau_Intelligent-Robotics.jpg\",\"contentUrl\":\"https:\/\/www.comau.com\/wp-content\/uploads\/2022\/12\/banner_Comau_Intelligent-Robotics.jpg\",\"width\":1450,\"height\":450,\"caption\":\"Comau Intelligent Robotis\"},{\"@type\":\"BreadcrumbList\",\"@id\":\"https:\/\/www.comau.com\/pt-br\/competencies\/robotics-automation\/robotica-inteligente\/#breadcrumb\",\"itemListElement\":[{\"@type\":\"ListItem\",\"position\":1,\"name\":\"Home\",\"item\":\"https:\/\/www.comau.com\/pt-br\/\"},{\"@type\":\"ListItem\",\"position\":2,\"name\":\"Nossas Compet\u00eancias\",\"item\":\"https:\/\/www.comau.com\/pt-br\/competencies\/\"},{\"@type\":\"ListItem\",\"position\":3,\"name\":\"Robotics &amp; Automation\",\"item\":\"https:\/\/www.comau.com\/pt-br\/competencies\/robotics-automation\/\"},{\"@type\":\"ListItem\",\"position\":4,\"name\":\"Rob\u00f3tica Inteligente\"}]},{\"@type\":\"WebSite\",\"@id\":\"https:\/\/www.comau.com\/pt-br\/#website\",\"url\":\"https:\/\/www.comau.com\/pt-br\/\",\"name\":\"Comau\",\"description\":\"Industrial automation and robotics\",\"publisher\":{\"@id\":\"https:\/\/www.comau.com\/pt-br\/#organization\"},\"potentialAction\":[{\"@type\":\"SearchAction\",\"target\":{\"@type\":\"EntryPoint\",\"urlTemplate\":\"https:\/\/www.comau.com\/pt-br\/?s={search_term_string}\"},\"query-input\":{\"@type\":\"PropertyValueSpecification\",\"valueRequired\":true,\"valueName\":\"search_term_string\"}}],\"inLanguage\":\"pt-BR\"},{\"@type\":\"Organization\",\"@id\":\"https:\/\/www.comau.com\/pt-br\/#organization\",\"name\":\"Comau\",\"url\":\"https:\/\/www.comau.com\/pt-br\/\",\"logo\":{\"@type\":\"ImageObject\",\"inLanguage\":\"pt-BR\",\"@id\":\"https:\/\/www.comau.com\/pt-br\/#\/schema\/logo\/image\/\",\"url\":\"https:\/\/www.comau.com\/wp-content\/uploads\/2024\/07\/cropped-Logo-COMAU.png\",\"contentUrl\":\"https:\/\/www.comau.com\/wp-content\/uploads\/2024\/07\/cropped-Logo-COMAU.png\",\"width\":434,\"height\":434,\"caption\":\"Comau\"},\"image\":{\"@id\":\"https:\/\/www.comau.com\/pt-br\/#\/schema\/logo\/image\/\"},\"sameAs\":[\"https:\/\/www.facebook.com\/COMAU\/\",\"https:\/\/x.com\/comaugroup\",\"https:\/\/www.instagram.com\/comaugroup\/\",\"https:\/\/www.linkedin.com\/company\/comau\",\"https:\/\/www.youtube.com\/user\/comau\"]}]}<\/script>\n<!-- \/ Yoast SEO plugin. -->","yoast_head_json":{"title":"Sistema de automa\u00e7\u00e3o aberto, inteligente e f\u00e1cil de usar","description":"Imagine o poder de um sistema de automa\u00e7\u00e3o aberto, f\u00e1cil de usar, composto com rob\u00f3tica inteligente, que se adapta \u00e0s mudan\u00e7as na produ\u00e7\u00e3o.","robots":{"index":"index","follow":"follow","max-snippet":"max-snippet:-1","max-image-preview":"max-image-preview:large","max-video-preview":"max-video-preview:-1"},"canonical":"https:\/\/www.comau.com\/pt-br\/competencies\/robotics-automation\/robotica-inteligente\/","og_locale":"pt_BR","og_type":"article","og_title":"Sistema de automa\u00e7\u00e3o aberto, inteligente e f\u00e1cil de usar","og_description":"Imagine o poder de um sistema de automa\u00e7\u00e3o aberto, f\u00e1cil de usar, composto com rob\u00f3tica inteligente, que se adapta \u00e0s mudan\u00e7as na produ\u00e7\u00e3o.","og_url":"https:\/\/www.comau.com\/pt-br\/competencies\/robotics-automation\/robotica-inteligente\/","og_site_name":"Comau","article_publisher":"https:\/\/www.facebook.com\/COMAU\/","article_modified_time":"2022-12-15T21:55:40+00:00","og_image":[{"width":1450,"height":450,"url":"https:\/\/www.comau.com\/wp-content\/uploads\/2022\/12\/banner_Comau_Intelligent-Robotics.jpg","type":"image\/jpeg"}],"twitter_card":"summary_large_image","twitter_site":"@comaugroup","twitter_misc":{"Est. tempo de leitura":"4 minutos"},"schema":{"@context":"https:\/\/schema.org","@graph":[{"@type":"WebPage","@id":"https:\/\/www.comau.com\/pt-br\/competencies\/robotics-automation\/robotica-inteligente\/","url":"https:\/\/www.comau.com\/pt-br\/competencies\/robotics-automation\/robotica-inteligente\/","name":"Sistema de automa\u00e7\u00e3o aberto, inteligente e f\u00e1cil de usar","isPartOf":{"@id":"https:\/\/www.comau.com\/pt-br\/#website"},"primaryImageOfPage":{"@id":"https:\/\/www.comau.com\/pt-br\/competencies\/robotics-automation\/robotica-inteligente\/#primaryimage"},"image":{"@id":"https:\/\/www.comau.com\/pt-br\/competencies\/robotics-automation\/robotica-inteligente\/#primaryimage"},"thumbnailUrl":"https:\/\/www.comau.com\/wp-content\/uploads\/2022\/12\/banner_Comau_Intelligent-Robotics.jpg","datePublished":"2022-11-22T00:54:49+00:00","dateModified":"2022-12-15T21:55:40+00:00","description":"Imagine o poder de um sistema de automa\u00e7\u00e3o aberto, f\u00e1cil de usar, composto com rob\u00f3tica inteligente, que se adapta \u00e0s mudan\u00e7as na produ\u00e7\u00e3o.","breadcrumb":{"@id":"https:\/\/www.comau.com\/pt-br\/competencies\/robotics-automation\/robotica-inteligente\/#breadcrumb"},"inLanguage":"pt-BR","potentialAction":[{"@type":"ReadAction","target":["https:\/\/www.comau.com\/pt-br\/competencies\/robotics-automation\/robotica-inteligente\/"]}]},{"@type":"ImageObject","inLanguage":"pt-BR","@id":"https:\/\/www.comau.com\/pt-br\/competencies\/robotics-automation\/robotica-inteligente\/#primaryimage","url":"https:\/\/www.comau.com\/wp-content\/uploads\/2022\/12\/banner_Comau_Intelligent-Robotics.jpg","contentUrl":"https:\/\/www.comau.com\/wp-content\/uploads\/2022\/12\/banner_Comau_Intelligent-Robotics.jpg","width":1450,"height":450,"caption":"Comau Intelligent Robotis"},{"@type":"BreadcrumbList","@id":"https:\/\/www.comau.com\/pt-br\/competencies\/robotics-automation\/robotica-inteligente\/#breadcrumb","itemListElement":[{"@type":"ListItem","position":1,"name":"Home","item":"https:\/\/www.comau.com\/pt-br\/"},{"@type":"ListItem","position":2,"name":"Nossas Compet\u00eancias","item":"https:\/\/www.comau.com\/pt-br\/competencies\/"},{"@type":"ListItem","position":3,"name":"Robotics &amp; Automation","item":"https:\/\/www.comau.com\/pt-br\/competencies\/robotics-automation\/"},{"@type":"ListItem","position":4,"name":"Rob\u00f3tica Inteligente"}]},{"@type":"WebSite","@id":"https:\/\/www.comau.com\/pt-br\/#website","url":"https:\/\/www.comau.com\/pt-br\/","name":"Comau","description":"Industrial automation and robotics","publisher":{"@id":"https:\/\/www.comau.com\/pt-br\/#organization"},"potentialAction":[{"@type":"SearchAction","target":{"@type":"EntryPoint","urlTemplate":"https:\/\/www.comau.com\/pt-br\/?s={search_term_string}"},"query-input":{"@type":"PropertyValueSpecification","valueRequired":true,"valueName":"search_term_string"}}],"inLanguage":"pt-BR"},{"@type":"Organization","@id":"https:\/\/www.comau.com\/pt-br\/#organization","name":"Comau","url":"https:\/\/www.comau.com\/pt-br\/","logo":{"@type":"ImageObject","inLanguage":"pt-BR","@id":"https:\/\/www.comau.com\/pt-br\/#\/schema\/logo\/image\/","url":"https:\/\/www.comau.com\/wp-content\/uploads\/2024\/07\/cropped-Logo-COMAU.png","contentUrl":"https:\/\/www.comau.com\/wp-content\/uploads\/2024\/07\/cropped-Logo-COMAU.png","width":434,"height":434,"caption":"Comau"},"image":{"@id":"https:\/\/www.comau.com\/pt-br\/#\/schema\/logo\/image\/"},"sameAs":["https:\/\/www.facebook.com\/COMAU\/","https:\/\/x.com\/comaugroup","https:\/\/www.instagram.com\/comaugroup\/","https:\/\/www.linkedin.com\/company\/comau","https:\/\/www.youtube.com\/user\/comau"]}]}},"_links":{"self":[{"href":"https:\/\/www.comau.com\/pt-br\/wp-json\/wp\/v2\/pages\/49005","targetHints":{"allow":["GET"]}}],"collection":[{"href":"https:\/\/www.comau.com\/pt-br\/wp-json\/wp\/v2\/pages"}],"about":[{"href":"https:\/\/www.comau.com\/pt-br\/wp-json\/wp\/v2\/types\/page"}],"author":[{"embeddable":true,"href":"https:\/\/www.comau.com\/pt-br\/wp-json\/wp\/v2\/users\/21"}],"replies":[{"embeddable":true,"href":"https:\/\/www.comau.com\/pt-br\/wp-json\/wp\/v2\/comments?post=49005"}],"version-history":[{"count":12,"href":"https:\/\/www.comau.com\/pt-br\/wp-json\/wp\/v2\/pages\/49005\/revisions"}],"predecessor-version":[{"id":49736,"href":"https:\/\/www.comau.com\/pt-br\/wp-json\/wp\/v2\/pages\/49005\/revisions\/49736"}],"up":[{"embeddable":true,"href":"https:\/\/www.comau.com\/pt-br\/wp-json\/wp\/v2\/pages\/5718"}],"wp:featuredmedia":[{"embeddable":true,"href":"https:\/\/www.comau.com\/pt-br\/wp-json\/wp\/v2\/media\/49424"}],"wp:attachment":[{"href":"https:\/\/www.comau.com\/pt-br\/wp-json\/wp\/v2\/media?parent=49005"}],"curies":[{"name":"wp","href":"https:\/\/api.w.org\/{rel}","templated":true}]}}