{"id":48961,"date":"2022-11-22T12:04:41","date_gmt":"2022-11-22T11:04:41","guid":{"rendered":"https:\/\/www.comau.com\/?page_id=48961"},"modified":"2022-11-22T12:14:00","modified_gmt":"2022-11-22T11:14:00","slug":"criando-uma-estrategia-de-transformacao-maximizacao-do-uso-do-legado-de-equipamentos-e-aumento-da-flexibilidade-para-produzir-o-novo-suv-da-alfa-romeo","status":"publish","type":"page","link":"https:\/\/www.comau.com\/pt-br\/about-us\/success-stories\/criando-uma-estrategia-de-transformacao-maximizacao-do-uso-do-legado-de-equipamentos-e-aumento-da-flexibilidade-para-produzir-o-novo-suv-da-alfa-romeo\/","title":{"rendered":"Criando uma estrat\u00e9gia de transforma\u00e7\u00e3o: maximiza\u00e7\u00e3o do uso do legado de equipamentos e aumento da flexibilidade para produzir o novo SUV da Alfa Romeo"},"content":{"rendered":"\n<div class=\"wp-block-group mt-5\"><div class=\"wp-block-group__inner-container is-layout-flow wp-block-group-is-layout-flow\">\n<p>Para produzir o novo Alfa Romeo Tonale, um SUV h\u00edbrido in\u00e9dito, a montadora de luxo italiana desafiou a Comau a projetar e implantar uma solu\u00e7\u00e3o de manufatura <em>Body-In-White<\/em> (BIW) de \u00faltima gera\u00e7\u00e3o. No entanto, este desafio inclu\u00eda tamb\u00e9m utilizar uma linha de produ\u00e7\u00e3o existente, que havia sido instalada h\u00e1 cerca de 10 anos. A Comau precisaria ent\u00e3o, criar uma solu\u00e7\u00e3o sofisticada que pudesse atender aos rigorosos objetivos e tempo de produ\u00e7\u00e3o da Alfa Romeo, sem comprometer a produ\u00e7\u00e3o do seu modelo compacto para o qual a linha havia sido originalmente projetada.<\/p>\n\n\n\n<p>Com a miss\u00e3o de proteger o investimento inicial construindo 5 linhas completamente novas e reformulando 15 linhas existentes para adicionar a produ\u00e7\u00e3o do novo SUV, as equipes de engenharia criaram uma estrat\u00e9gia de transforma\u00e7\u00e3o que permitiria \u00e0 Comau executar o <em>Retooling<\/em> em tempo recorde, apesar dos v\u00e1rios desafios. No final, a solu\u00e7\u00e3o totalmente escal\u00e1vel, sustent\u00e1vel e inovadora permitiria a Alfa Romeo produzir modelos de ve\u00edculos diferentes na mesma linha. Isso tamb\u00e9m garantiria a possibilidade de expandir a produ\u00e7\u00e3o se e quando fosse necess\u00e1rio. Mais importante ainda, o n\u00edvel de qualidade absoluta exigido pela montadora seria integrado nos processos e linhas de produ\u00e7\u00e3o, ajudando a proteger a excel\u00eancia da marca no ve\u00edculo final.<\/p>\n<\/div><\/div>\n\n\n\n<div class=\"wp-block-group wide-section-light-1 py-5 my-5\"><div class=\"wp-block-group__inner-container is-layout-flow wp-block-group-is-layout-flow\">\n<figure class=\"wp-block-embed is-type-video is-provider-youtube wp-block-embed-youtube wp-embed-aspect-16-9 wp-has-aspect-ratio\"><div class=\"wp-block-embed__wrapper\">\n<iframe title=\"Comau and Alfa Romeo Tonale\" width=\"640\" height=\"360\" src=\"https:\/\/www.youtube.com\/embed\/K3C6V_bYy3I?feature=oembed\" frameborder=\"0\" allow=\"accelerometer; autoplay; clipboard-write; encrypted-media; gyroscope; picture-in-picture; web-share\" referrerpolicy=\"strict-origin-when-cross-origin\" allowfullscreen><\/iframe>\n<\/div><\/figure>\n<\/div><\/div>\n\n\n\n<div class=\"wp-block-columns is-layout-flex wp-container-core-columns-is-layout-9d6595d7 wp-block-columns-is-layout-flex\">\n<div class=\"wp-block-column is-layout-flow wp-block-column-is-layout-flow\">\n<h2 class=\"h3 wp-block-heading\" id=\"the-challenge\">Desafio<\/h2>\n\n\n\n<p>A Alfa Romeo desafiou a Comau a projetar uma solu\u00e7\u00e3o inovadora que permitisse \u00e0 montadora produzir o seu mais novo SUV, utilizando as linhas de produ\u00e7\u00e3o existentes. O problema era que o chassi da SUV seria significativamente maior do que o do carro compacto para o qual as linhas foram originalmente projetadas. Al\u00e9m disso, a Comau precisaria realizar as altera\u00e7\u00f5es necess\u00e1rias para produzir quatro vers\u00f5es SUV distintas (motor a combust\u00e3o, h\u00edbrido, el\u00e9trico e modelo Hornet) sem comprometer a produ\u00e7\u00e3o do modelo compacto. Por fim, tanto as novas linhas quanto as retrabalhadas precisariam ter a flexibilidade para aceitar a adi\u00e7\u00e3o de novos modelos de ve\u00edculos no futuro.&nbsp;<\/p>\n<\/div>\n\n\n\n<div class=\"wp-block-column is-layout-flow wp-block-column-is-layout-flow\">\n<h2 class=\"h3 wp-block-heading\" id=\"the-solution\">Solu\u00e7\u00e3o<\/h2>\n\n\n\n<p>Com engenharia simult\u00e2nea, a equipe desenvolveu uma estrat\u00e9gia de transforma\u00e7\u00e3o que permitiria \u00e0 Comau executar a opera\u00e7\u00e3o de Retooling paralelamente \u00e0s atividades existentes. Os engenheiros da Comau precisariam primeiro expandir a solu\u00e7\u00e3o de produ\u00e7\u00e3o existente, que \u00e9 embasada na solu\u00e7\u00e3o tecnol\u00f3gica ComauFlex, chamada <em>Butterfly<\/em>, que recebe esse nome devido \u00e0 agilidade e ao uso de rob\u00f4s suspensos. Embora o sistema seja projetado considerando espa\u00e7o para equipamentos adicionais e mais rob\u00f4s quando novos modelos forem introduzidos, o design original da linha n\u00e3o previa a necessidade de acomodar estruturas de chassi diferentes. Em resumo, a Comau tamb\u00e9m criou tr\u00eas linhas novas para receber, especificamente, a produ\u00e7\u00e3o do Tonale.<\/p>\n\n\n\n<p>A solu\u00e7\u00e3o, expandida e aprimorada pela Comau, abrange o processo completo de montagem de carroceria <em>Body-In-White<\/em>, do in\u00edcio ao fim, permitindo \u00e0 Alfa Romeo realizar processos complexos em sua f\u00e1brica, com altos n\u00edveis de precis\u00e3o e qualidade. Com a ajuda de tr\u00eas sistemas de vis\u00e3o diferentes para auxiliar a separa\u00e7\u00e3o e posicionamento automatizados de pe\u00e7as e para o sistema de transporte, os rob\u00f4s soldam, fixam e executam outras atividades, incluindo a aplica\u00e7\u00e3o de adesivo semi-estrutural nas pe\u00e7as e corte a plasma durante as atividades de final de linha. Ao todo, a Comau instalou 468 rob\u00f4s de solda, sendo 148 novos e 320 recuperados de linhas existentes. Tudo isso em um processo que envolve cerca de 2.800 pontos de solda para cada vers\u00e3o da SUV.&nbsp;<\/p>\n\n\n\n<p>Os recursos aprimorados da solu\u00e7\u00e3o ComauFlex tamb\u00e9m permitem que a Alfa Romeo altere ou modifique um modelo espec\u00edfico de ve\u00edculo, ajustando as ferramentas do rob\u00f4, e n\u00e3o a disposi\u00e7\u00e3o dos rob\u00f4s em si. Al\u00e9m de proteger a escalabilidade do investimento inicial do cliente, a solu\u00e7\u00e3o foi projetada para permitir a introdu\u00e7\u00e3o de novos modelos no futuro por uma fra\u00e7\u00e3o do gasto inicial.&nbsp;<\/p>\n<\/div>\n<\/div>\n\n\n\n<div class=\"wp-block-group wide-section-light-1 py-5 my-5\"><div class=\"wp-block-group__inner-container is-layout-flow wp-block-group-is-layout-flow\">\n<div class=\"wp-block-group wide-section-light-1 py-5 my-5\"><div class=\"wp-block-group__inner-container is-layout-flow wp-block-group-is-layout-flow\">\n<h2 class=\"h2 wp-block-heading\" id=\"the-results\">Resultados<\/h2>\n\n\n\n<p>As novas linhas de produ\u00e7\u00e3o permitem que a Alfa Romeo monte seus SUVs de m\u00e9dio porte em modo de produ\u00e7\u00e3o aleat\u00f3rio (<em>random mix<\/em>), com at\u00e9 4 vers\u00f5es diferentes, mantendo a produtividade de 30 JPH (ve\u00edculos por hora) com um tempo de ciclo m\u00e9dio de 54 segundos. Al\u00e9m disso, o n\u00edvel de qualidade garantido pela Comau atende completamente aos altos padr\u00f5es de exig\u00eancia da marca premium Alfa Romeo.&nbsp;<\/p>\n\n\n\n<p>A expertise t\u00e9cnica da Comau em metodologia de processos e a integra\u00e7\u00e3o total com a equipe de engenharia do cliente, permitiram que ambas trabalhassem nas linhas durante o tempo de inatividade natural da f\u00e1brica, minimizando assim qualquer impacto na produ\u00e7\u00e3o. A solu\u00e7\u00e3o inovadora tamb\u00e9m faz uso de habilitadores tecnol\u00f3gicos, como sistemas de vis\u00e3o capazes de detectar pe\u00e7as pela forma, em vez de sensores e fotoc\u00e9lulas. Para garantir a geometria est\u00e9tica pela qual a Alfa Romeo \u00e9 conhecida, o corte a plasma \u00e9 usado para garantir o perfeito alinhamento da estrutura e de todos os seus diversos componentes. Por fim, a solu\u00e7\u00e3o da Comau traz \u00e0 Alfa Romeo maior efici\u00eancia dos equipamentos e maior capacidade de inspe\u00e7\u00e3o da qualidade.&nbsp;<\/p>\n\n\n\n<p>Com a capacidade produtiva combinada de mais de 5.300 ve\u00edculos por semana, a empresa pode contar com economias significativas em termos de tempo, custos a longo prazo e efici\u00eancia de produ\u00e7\u00e3o. Al\u00e9m disso, como a solu\u00e7\u00e3o \u00e9 um sistema totalmente modular e constru\u00eddo com produtos standard que s\u00e3o combinados dentro de uma estrutura escal\u00e1vel, a Alfa Romeo pode expandir seu ambiente de produ\u00e7\u00e3o a qualquer momento, com impacto limitado na produ\u00e7\u00e3o existente.<\/p>\n\n\n\n<div class=\"wp-block-columns is-layout-flex wp-container-core-columns-is-layout-9d6595d7 wp-block-columns-is-layout-flex\">\n<div class=\"wp-block-column is-layout-flow wp-block-column-is-layout-flow\">\n<div class=\"wp-block-getwid-counter\"><div class=\"wp-block-getwid-counter__wrapper\" data-start=\"0\" data-end=\"360\" data-decimal-places=\"0\" data-duration=\"3\" data-use-easing=\"true\" data-use-grouping=\"true\" data-separator=\",\" data-decimal=\".\" data-easing-fn=\"outExpo\" data-numerals=\"default\"><span class=\"wp-block-getwid-counter__number\">0<\/span><p class=\"wp-block-getwid-counter__suffix\">\u00b0<\/p><\/div><\/div>\n\n\n\n<p>Solu\u00e7\u00e3o de montagem de ponta a ponta, de alta velocidade<\/p>\n<\/div>\n\n\n\n<div class=\"wp-block-column is-layout-flow wp-block-column-is-layout-flow\">\n<div class=\"wp-block-getwid-counter\"><div class=\"wp-block-getwid-counter__wrapper\" data-start=\"0\" data-end=\"2\" data-decimal-places=\"0\" data-duration=\"3\" data-use-easing=\"true\" data-use-grouping=\"true\" data-separator=\",\" data-decimal=\".\" data-easing-fn=\"outExpo\" data-numerals=\"default\"><span class=\"wp-block-getwid-counter__number\">0<\/span><\/div><\/div>\n\n\n\n<p>modelos completamente diferentes na mesma linha<\/p>\n<\/div>\n\n\n\n<div class=\"wp-block-column is-layout-flow wp-block-column-is-layout-flow\">\n<div class=\"wp-block-getwid-counter\"><div class=\"wp-block-getwid-counter__wrapper\" data-start=\"0\" data-end=\"5.3\" data-decimal-places=\"1\" data-duration=\"3\" data-use-easing=\"true\" data-use-grouping=\"true\" data-separator=\",\" data-decimal=\".\" data-easing-fn=\"outExpo\" data-numerals=\"default\"><span class=\"wp-block-getwid-counter__number\">0<\/span><p class=\"wp-block-getwid-counter__suffix\">k<\/p><\/div><\/div>\n\n\n\n<p>empregos por semana de capacidade de produ\u00e7\u00e3o das duas marcas<\/p>\n<\/div>\n\n\n\n<div class=\"wp-block-column is-layout-flow wp-block-column-is-layout-flow\"><\/div>\n<\/div>\n<\/div><\/div>\n\n\n\n<div class=\"wp-block-columns is-layout-flex wp-container-core-columns-is-layout-9d6595d7 wp-block-columns-is-layout-flex\">\n<div class=\"wp-block-column is-layout-flow wp-block-column-is-layout-flow\"><\/div>\n\n\n\n<div class=\"wp-block-column is-layout-flow wp-block-column-is-layout-flow\"><\/div>\n<\/div>\n<\/div><\/div>\n","protected":false},"excerpt":{"rendered":"<p>Para produzir o novo Alfa Romeo Tonale, um SUV h\u00edbrido in\u00e9dito, a montadora de luxo italiana desafiou a Comau a projetar e implantar uma solu\u00e7\u00e3o de manufatura Body-In-White (BIW) de \u00faltima gera\u00e7\u00e3o. No entanto, este desafio inclu\u00eda tamb\u00e9m utilizar uma linha de produ\u00e7\u00e3o existente, que havia sido instalada h\u00e1 cerca de 10 anos. A Comau [&hellip;]<\/p>\n","protected":false},"author":19,"featured_media":48976,"parent":41300,"menu_order":6,"comment_status":"closed","ping_status":"closed","template":"","meta":{"_acf_changed":false,"ep_exclude_from_search":false,"footnotes":""},"class_list":["post-48961","page","type-page","status-publish","has-post-thumbnail","hentry"],"acf":[],"yoast_head":"<!-- This site is optimized with the Yoast SEO plugin v26.9 - https:\/\/yoast.com\/product\/yoast-seo-wordpress\/ -->\n<title>Criando uma estrat\u00e9gia de transforma\u00e7\u00e3o: maximiza\u00e7\u00e3o do uso do legado de equipamentos e aumento da flexibilidade para produzir o novo SUV da Alfa Romeo - Comau<\/title>\n<meta name=\"robots\" content=\"index, follow, max-snippet:-1, max-image-preview:large, max-video-preview:-1\" \/>\n<link rel=\"canonical\" href=\"https:\/\/www.comau.com\/pt-br\/about-us\/success-stories\/criando-uma-estrategia-de-transformacao-maximizacao-do-uso-do-legado-de-equipamentos-e-aumento-da-flexibilidade-para-produzir-o-novo-suv-da-alfa-romeo\/\" \/>\n<meta property=\"og:locale\" content=\"pt_BR\" \/>\n<meta property=\"og:type\" content=\"article\" \/>\n<meta property=\"og:title\" content=\"Criando uma estrat\u00e9gia de transforma\u00e7\u00e3o: maximiza\u00e7\u00e3o do uso do legado de equipamentos e aumento da flexibilidade para produzir o novo SUV da Alfa Romeo - Comau\" \/>\n<meta property=\"og:description\" content=\"Para produzir o novo Alfa Romeo Tonale, um SUV h\u00edbrido in\u00e9dito, a montadora de luxo italiana desafiou a Comau a projetar e implantar uma solu\u00e7\u00e3o de manufatura Body-In-White (BIW) de \u00faltima gera\u00e7\u00e3o. No entanto, este desafio inclu\u00eda tamb\u00e9m utilizar uma linha de produ\u00e7\u00e3o existente, que havia sido instalada h\u00e1 cerca de 10 anos. A Comau [&hellip;]\" \/>\n<meta property=\"og:url\" content=\"https:\/\/www.comau.com\/pt-br\/about-us\/success-stories\/criando-uma-estrategia-de-transformacao-maximizacao-do-uso-do-legado-de-equipamentos-e-aumento-da-flexibilidade-para-produzir-o-novo-suv-da-alfa-romeo\/\" \/>\n<meta property=\"og:site_name\" content=\"Comau\" \/>\n<meta property=\"article:publisher\" content=\"https:\/\/www.facebook.com\/COMAU\/\" \/>\n<meta property=\"article:modified_time\" content=\"2022-11-22T11:14:00+00:00\" \/>\n<meta property=\"og:image\" content=\"https:\/\/www.comau.com\/wp-content\/uploads\/2022\/11\/Comau_Tonale_CLEAN_1-scaled.jpg\" \/>\n\t<meta property=\"og:image:width\" content=\"2560\" \/>\n\t<meta property=\"og:image:height\" content=\"1703\" \/>\n\t<meta property=\"og:image:type\" content=\"image\/jpeg\" \/>\n<meta name=\"twitter:card\" content=\"summary_large_image\" \/>\n<meta name=\"twitter:site\" content=\"@comaugroup\" \/>\n<meta name=\"twitter:label1\" content=\"Est. tempo de leitura\" \/>\n\t<meta name=\"twitter:data1\" content=\"5 minutos\" \/>\n<script type=\"application\/ld+json\" class=\"yoast-schema-graph\">{\"@context\":\"https:\/\/schema.org\",\"@graph\":[{\"@type\":\"WebPage\",\"@id\":\"https:\/\/www.comau.com\/pt-br\/about-us\/success-stories\/criando-uma-estrategia-de-transformacao-maximizacao-do-uso-do-legado-de-equipamentos-e-aumento-da-flexibilidade-para-produzir-o-novo-suv-da-alfa-romeo\/\",\"url\":\"https:\/\/www.comau.com\/pt-br\/about-us\/success-stories\/criando-uma-estrategia-de-transformacao-maximizacao-do-uso-do-legado-de-equipamentos-e-aumento-da-flexibilidade-para-produzir-o-novo-suv-da-alfa-romeo\/\",\"name\":\"Criando uma estrat\u00e9gia de transforma\u00e7\u00e3o: maximiza\u00e7\u00e3o do uso do legado de equipamentos e aumento da flexibilidade para produzir o novo SUV da Alfa Romeo - Comau\",\"isPartOf\":{\"@id\":\"https:\/\/www.comau.com\/pt-br\/#website\"},\"primaryImageOfPage\":{\"@id\":\"https:\/\/www.comau.com\/pt-br\/about-us\/success-stories\/criando-uma-estrategia-de-transformacao-maximizacao-do-uso-do-legado-de-equipamentos-e-aumento-da-flexibilidade-para-produzir-o-novo-suv-da-alfa-romeo\/#primaryimage\"},\"image\":{\"@id\":\"https:\/\/www.comau.com\/pt-br\/about-us\/success-stories\/criando-uma-estrategia-de-transformacao-maximizacao-do-uso-do-legado-de-equipamentos-e-aumento-da-flexibilidade-para-produzir-o-novo-suv-da-alfa-romeo\/#primaryimage\"},\"thumbnailUrl\":\"https:\/\/www.comau.com\/wp-content\/uploads\/2022\/11\/Comau_Tonale_CLEAN_1-scaled.jpg\",\"datePublished\":\"2022-11-22T11:04:41+00:00\",\"dateModified\":\"2022-11-22T11:14:00+00:00\",\"breadcrumb\":{\"@id\":\"https:\/\/www.comau.com\/pt-br\/about-us\/success-stories\/criando-uma-estrategia-de-transformacao-maximizacao-do-uso-do-legado-de-equipamentos-e-aumento-da-flexibilidade-para-produzir-o-novo-suv-da-alfa-romeo\/#breadcrumb\"},\"inLanguage\":\"pt-BR\",\"potentialAction\":[{\"@type\":\"ReadAction\",\"target\":[\"https:\/\/www.comau.com\/pt-br\/about-us\/success-stories\/criando-uma-estrategia-de-transformacao-maximizacao-do-uso-do-legado-de-equipamentos-e-aumento-da-flexibilidade-para-produzir-o-novo-suv-da-alfa-romeo\/\"]}]},{\"@type\":\"ImageObject\",\"inLanguage\":\"pt-BR\",\"@id\":\"https:\/\/www.comau.com\/pt-br\/about-us\/success-stories\/criando-uma-estrategia-de-transformacao-maximizacao-do-uso-do-legado-de-equipamentos-e-aumento-da-flexibilidade-para-produzir-o-novo-suv-da-alfa-romeo\/#primaryimage\",\"url\":\"https:\/\/www.comau.com\/wp-content\/uploads\/2022\/11\/Comau_Tonale_CLEAN_1-scaled.jpg\",\"contentUrl\":\"https:\/\/www.comau.com\/wp-content\/uploads\/2022\/11\/Comau_Tonale_CLEAN_1-scaled.jpg\",\"width\":2560,\"height\":1703},{\"@type\":\"BreadcrumbList\",\"@id\":\"https:\/\/www.comau.com\/pt-br\/about-us\/success-stories\/criando-uma-estrategia-de-transformacao-maximizacao-do-uso-do-legado-de-equipamentos-e-aumento-da-flexibilidade-para-produzir-o-novo-suv-da-alfa-romeo\/#breadcrumb\",\"itemListElement\":[{\"@type\":\"ListItem\",\"position\":1,\"name\":\"Home\",\"item\":\"https:\/\/www.comau.com\/pt-br\/\"},{\"@type\":\"ListItem\",\"position\":2,\"name\":\"Sobre a Comau\",\"item\":\"https:\/\/www.comau.com\/pt-br\/about-us\/\"},{\"@type\":\"ListItem\",\"position\":3,\"name\":\"Hist\u00f3rias de sucesso\",\"item\":\"https:\/\/www.comau.com\/pt-br\/about-us\/success-stories\/\"},{\"@type\":\"ListItem\",\"position\":4,\"name\":\"Criando uma estrat\u00e9gia de transforma\u00e7\u00e3o: maximiza\u00e7\u00e3o do uso do legado de equipamentos e aumento da flexibilidade para produzir o novo SUV da Alfa Romeo\"}]},{\"@type\":\"WebSite\",\"@id\":\"https:\/\/www.comau.com\/pt-br\/#website\",\"url\":\"https:\/\/www.comau.com\/pt-br\/\",\"name\":\"Comau\",\"description\":\"Industrial automation and robotics\",\"publisher\":{\"@id\":\"https:\/\/www.comau.com\/pt-br\/#organization\"},\"potentialAction\":[{\"@type\":\"SearchAction\",\"target\":{\"@type\":\"EntryPoint\",\"urlTemplate\":\"https:\/\/www.comau.com\/pt-br\/?s={search_term_string}\"},\"query-input\":{\"@type\":\"PropertyValueSpecification\",\"valueRequired\":true,\"valueName\":\"search_term_string\"}}],\"inLanguage\":\"pt-BR\"},{\"@type\":\"Organization\",\"@id\":\"https:\/\/www.comau.com\/pt-br\/#organization\",\"name\":\"Comau\",\"url\":\"https:\/\/www.comau.com\/pt-br\/\",\"logo\":{\"@type\":\"ImageObject\",\"inLanguage\":\"pt-BR\",\"@id\":\"https:\/\/www.comau.com\/pt-br\/#\/schema\/logo\/image\/\",\"url\":\"https:\/\/www.comau.com\/wp-content\/uploads\/2024\/07\/cropped-Logo-COMAU.png\",\"contentUrl\":\"https:\/\/www.comau.com\/wp-content\/uploads\/2024\/07\/cropped-Logo-COMAU.png\",\"width\":434,\"height\":434,\"caption\":\"Comau\"},\"image\":{\"@id\":\"https:\/\/www.comau.com\/pt-br\/#\/schema\/logo\/image\/\"},\"sameAs\":[\"https:\/\/www.facebook.com\/COMAU\/\",\"https:\/\/x.com\/comaugroup\",\"https:\/\/www.instagram.com\/comaugroup\/\",\"https:\/\/www.linkedin.com\/company\/comau\",\"https:\/\/www.youtube.com\/user\/comau\"]}]}<\/script>\n<!-- \/ Yoast SEO plugin. -->","yoast_head_json":{"title":"Criando uma estrat\u00e9gia de transforma\u00e7\u00e3o: maximiza\u00e7\u00e3o do uso do legado de equipamentos e aumento da flexibilidade para produzir o novo SUV da Alfa Romeo - Comau","robots":{"index":"index","follow":"follow","max-snippet":"max-snippet:-1","max-image-preview":"max-image-preview:large","max-video-preview":"max-video-preview:-1"},"canonical":"https:\/\/www.comau.com\/pt-br\/about-us\/success-stories\/criando-uma-estrategia-de-transformacao-maximizacao-do-uso-do-legado-de-equipamentos-e-aumento-da-flexibilidade-para-produzir-o-novo-suv-da-alfa-romeo\/","og_locale":"pt_BR","og_type":"article","og_title":"Criando uma estrat\u00e9gia de transforma\u00e7\u00e3o: maximiza\u00e7\u00e3o do uso do legado de equipamentos e aumento da flexibilidade para produzir o novo SUV da Alfa Romeo - Comau","og_description":"Para produzir o novo Alfa Romeo Tonale, um SUV h\u00edbrido in\u00e9dito, a montadora de luxo italiana desafiou a Comau a projetar e implantar uma solu\u00e7\u00e3o de manufatura Body-In-White (BIW) de \u00faltima gera\u00e7\u00e3o. No entanto, este desafio inclu\u00eda tamb\u00e9m utilizar uma linha de produ\u00e7\u00e3o existente, que havia sido instalada h\u00e1 cerca de 10 anos. A Comau [&hellip;]","og_url":"https:\/\/www.comau.com\/pt-br\/about-us\/success-stories\/criando-uma-estrategia-de-transformacao-maximizacao-do-uso-do-legado-de-equipamentos-e-aumento-da-flexibilidade-para-produzir-o-novo-suv-da-alfa-romeo\/","og_site_name":"Comau","article_publisher":"https:\/\/www.facebook.com\/COMAU\/","article_modified_time":"2022-11-22T11:14:00+00:00","og_image":[{"width":2560,"height":1703,"url":"https:\/\/www.comau.com\/wp-content\/uploads\/2022\/11\/Comau_Tonale_CLEAN_1-scaled.jpg","type":"image\/jpeg"}],"twitter_card":"summary_large_image","twitter_site":"@comaugroup","twitter_misc":{"Est. tempo de leitura":"5 minutos"},"schema":{"@context":"https:\/\/schema.org","@graph":[{"@type":"WebPage","@id":"https:\/\/www.comau.com\/pt-br\/about-us\/success-stories\/criando-uma-estrategia-de-transformacao-maximizacao-do-uso-do-legado-de-equipamentos-e-aumento-da-flexibilidade-para-produzir-o-novo-suv-da-alfa-romeo\/","url":"https:\/\/www.comau.com\/pt-br\/about-us\/success-stories\/criando-uma-estrategia-de-transformacao-maximizacao-do-uso-do-legado-de-equipamentos-e-aumento-da-flexibilidade-para-produzir-o-novo-suv-da-alfa-romeo\/","name":"Criando uma estrat\u00e9gia de transforma\u00e7\u00e3o: maximiza\u00e7\u00e3o do uso do legado de equipamentos e aumento da flexibilidade para produzir o novo SUV da Alfa Romeo - Comau","isPartOf":{"@id":"https:\/\/www.comau.com\/pt-br\/#website"},"primaryImageOfPage":{"@id":"https:\/\/www.comau.com\/pt-br\/about-us\/success-stories\/criando-uma-estrategia-de-transformacao-maximizacao-do-uso-do-legado-de-equipamentos-e-aumento-da-flexibilidade-para-produzir-o-novo-suv-da-alfa-romeo\/#primaryimage"},"image":{"@id":"https:\/\/www.comau.com\/pt-br\/about-us\/success-stories\/criando-uma-estrategia-de-transformacao-maximizacao-do-uso-do-legado-de-equipamentos-e-aumento-da-flexibilidade-para-produzir-o-novo-suv-da-alfa-romeo\/#primaryimage"},"thumbnailUrl":"https:\/\/www.comau.com\/wp-content\/uploads\/2022\/11\/Comau_Tonale_CLEAN_1-scaled.jpg","datePublished":"2022-11-22T11:04:41+00:00","dateModified":"2022-11-22T11:14:00+00:00","breadcrumb":{"@id":"https:\/\/www.comau.com\/pt-br\/about-us\/success-stories\/criando-uma-estrategia-de-transformacao-maximizacao-do-uso-do-legado-de-equipamentos-e-aumento-da-flexibilidade-para-produzir-o-novo-suv-da-alfa-romeo\/#breadcrumb"},"inLanguage":"pt-BR","potentialAction":[{"@type":"ReadAction","target":["https:\/\/www.comau.com\/pt-br\/about-us\/success-stories\/criando-uma-estrategia-de-transformacao-maximizacao-do-uso-do-legado-de-equipamentos-e-aumento-da-flexibilidade-para-produzir-o-novo-suv-da-alfa-romeo\/"]}]},{"@type":"ImageObject","inLanguage":"pt-BR","@id":"https:\/\/www.comau.com\/pt-br\/about-us\/success-stories\/criando-uma-estrategia-de-transformacao-maximizacao-do-uso-do-legado-de-equipamentos-e-aumento-da-flexibilidade-para-produzir-o-novo-suv-da-alfa-romeo\/#primaryimage","url":"https:\/\/www.comau.com\/wp-content\/uploads\/2022\/11\/Comau_Tonale_CLEAN_1-scaled.jpg","contentUrl":"https:\/\/www.comau.com\/wp-content\/uploads\/2022\/11\/Comau_Tonale_CLEAN_1-scaled.jpg","width":2560,"height":1703},{"@type":"BreadcrumbList","@id":"https:\/\/www.comau.com\/pt-br\/about-us\/success-stories\/criando-uma-estrategia-de-transformacao-maximizacao-do-uso-do-legado-de-equipamentos-e-aumento-da-flexibilidade-para-produzir-o-novo-suv-da-alfa-romeo\/#breadcrumb","itemListElement":[{"@type":"ListItem","position":1,"name":"Home","item":"https:\/\/www.comau.com\/pt-br\/"},{"@type":"ListItem","position":2,"name":"Sobre a Comau","item":"https:\/\/www.comau.com\/pt-br\/about-us\/"},{"@type":"ListItem","position":3,"name":"Hist\u00f3rias de sucesso","item":"https:\/\/www.comau.com\/pt-br\/about-us\/success-stories\/"},{"@type":"ListItem","position":4,"name":"Criando uma estrat\u00e9gia de transforma\u00e7\u00e3o: maximiza\u00e7\u00e3o do uso do legado de equipamentos e aumento da flexibilidade para produzir o novo SUV da Alfa Romeo"}]},{"@type":"WebSite","@id":"https:\/\/www.comau.com\/pt-br\/#website","url":"https:\/\/www.comau.com\/pt-br\/","name":"Comau","description":"Industrial automation and robotics","publisher":{"@id":"https:\/\/www.comau.com\/pt-br\/#organization"},"potentialAction":[{"@type":"SearchAction","target":{"@type":"EntryPoint","urlTemplate":"https:\/\/www.comau.com\/pt-br\/?s={search_term_string}"},"query-input":{"@type":"PropertyValueSpecification","valueRequired":true,"valueName":"search_term_string"}}],"inLanguage":"pt-BR"},{"@type":"Organization","@id":"https:\/\/www.comau.com\/pt-br\/#organization","name":"Comau","url":"https:\/\/www.comau.com\/pt-br\/","logo":{"@type":"ImageObject","inLanguage":"pt-BR","@id":"https:\/\/www.comau.com\/pt-br\/#\/schema\/logo\/image\/","url":"https:\/\/www.comau.com\/wp-content\/uploads\/2024\/07\/cropped-Logo-COMAU.png","contentUrl":"https:\/\/www.comau.com\/wp-content\/uploads\/2024\/07\/cropped-Logo-COMAU.png","width":434,"height":434,"caption":"Comau"},"image":{"@id":"https:\/\/www.comau.com\/pt-br\/#\/schema\/logo\/image\/"},"sameAs":["https:\/\/www.facebook.com\/COMAU\/","https:\/\/x.com\/comaugroup","https:\/\/www.instagram.com\/comaugroup\/","https:\/\/www.linkedin.com\/company\/comau","https:\/\/www.youtube.com\/user\/comau"]}]}},"_links":{"self":[{"href":"https:\/\/www.comau.com\/pt-br\/wp-json\/wp\/v2\/pages\/48961","targetHints":{"allow":["GET"]}}],"collection":[{"href":"https:\/\/www.comau.com\/pt-br\/wp-json\/wp\/v2\/pages"}],"about":[{"href":"https:\/\/www.comau.com\/pt-br\/wp-json\/wp\/v2\/types\/page"}],"author":[{"embeddable":true,"href":"https:\/\/www.comau.com\/pt-br\/wp-json\/wp\/v2\/users\/19"}],"replies":[{"embeddable":true,"href":"https:\/\/www.comau.com\/pt-br\/wp-json\/wp\/v2\/comments?post=48961"}],"version-history":[{"count":4,"href":"https:\/\/www.comau.com\/pt-br\/wp-json\/wp\/v2\/pages\/48961\/revisions"}],"predecessor-version":[{"id":49070,"href":"https:\/\/www.comau.com\/pt-br\/wp-json\/wp\/v2\/pages\/48961\/revisions\/49070"}],"up":[{"embeddable":true,"href":"https:\/\/www.comau.com\/pt-br\/wp-json\/wp\/v2\/pages\/41300"}],"wp:featuredmedia":[{"embeddable":true,"href":"https:\/\/www.comau.com\/pt-br\/wp-json\/wp\/v2\/media\/48976"}],"wp:attachment":[{"href":"https:\/\/www.comau.com\/pt-br\/wp-json\/wp\/v2\/media?parent=48961"}],"curies":[{"name":"wp","href":"https:\/\/api.w.org\/{rel}","templated":true}]}}