{"id":4822,"date":"2021-07-01T00:08:53","date_gmt":"2021-06-30T22:08:53","guid":{"rendered":"https:\/\/www.comau.com\/collaborative-robotics\/"},"modified":"2022-02-08T10:32:33","modified_gmt":"2022-02-08T09:32:33","slug":"collaborative-robotics","status":"publish","type":"page","link":"https:\/\/www.comau.com\/pt-br\/competencies\/robotics-automation\/collaborative-robotics\/","title":{"rendered":"Collaborative Robotics"},"content":{"rendered":"\n<h2 class=\"wp-block-heading\" id=\"a-quarta-revolucao-industrial-redefiniu-a-relacao-homem-maquina-dentro-das-fabricas-modernas\">A quarta revolu\u00e7\u00e3o industrial redefiniu a rela\u00e7\u00e3o homem-m\u00e1quina dentro das f\u00e1bricas modernas.<\/h2>\n\n\n\n<p>Na Smart Factory da Comau, operadores e rob\u00f4s podem trabalhar de forma estreita e com total seguran\u00e7a gra\u00e7as \u00e0 rob\u00f3tica colaborativa: aos cobots s\u00e3o confiadas as tarefas mais repetitivas e exigentes, enquanto os seres humanos podem se dedicar a tarefas mais especializadas e menos pesadas, ou colaborar diretamente com o rob\u00f4 para tornar as suas tarefas mais eficazes.<\/p>\n\n\n\n<p>A possibilidade de fazer com que homens e rob\u00f4s trabalhem pr\u00f3ximos e em sinergia eliminou a necessidade de barreiras, criando ilhas mais abertas e ergon\u00f4micas, que est\u00e3o redesenhando de forma inteligente e flex\u00edvel os espa\u00e7os de trabalho. \u00c9 assim que a rob\u00f3tica colaborativa da Comau, al\u00e9m de aumentar a produtividade e a seguran\u00e7a operacionais, ajuda as empresas a otimizar o layout das f\u00e1bricas, reduzindo os custos estruturais e log\u00edsticos.<\/p>\n\n\n\n<p>Gra\u00e7as ao seu know-how consolidado e a mais de 45 anos de experi\u00eancia no campo da automa\u00e7\u00e3o em v\u00e1rios setores, a Comau tem-se empenhado sempre no desenvolvimento de tecnologias inovadoras e avan\u00e7adas, capazes de tornar as opera\u00e7\u00f5es industriais mais simples, enxutas e eficazes. <\/p>\n\n\n\n<p>Seguindo sua abordagem HUMANufacturing na Industry 4.0, a Comau apoia os clientes com o desenvolvimento de tecnologias colaborativas e IIoT, inteligentes e flex\u00edveis, para atender a qualquer necessidade de produ\u00e7\u00e3o.<\/p>\n\n\n\n<div class=\"wp-block-columns is-layout-flex wp-container-core-columns-is-layout-9d6595d7 wp-block-columns-is-layout-flex\">\n<div class=\"wp-block-column is-layout-flow wp-block-column-is-layout-flow\">\n<div class=\"wp-block-getwid-image-box has-text-left has-mobile-layout-default has-mobile-alignment-default\"><div class=\"wp-block-getwid-image-box__image-container is-position-top\"><a href=\"https:\/\/www.comau.com\/en\/our-offer\/products-and-solutions\/robot-team\/racer-5-0-80-cobot\/\" class=\"wp-block-getwid-image-box__image-wrapper\"><img decoding=\"async\" width=\"1280\" height=\"485\" src=\"https:\/\/www.comau.com\/wp-content\/uploads\/2021\/07\/Cobot_header.jpg\" alt=\"\" class=\"wp-block-getwid-image-box__image wp-image-34593\" srcset=\"https:\/\/www.comau.com\/wp-content\/uploads\/2021\/07\/Cobot_header.jpg 1280w, https:\/\/www.comau.com\/wp-content\/uploads\/2021\/07\/Cobot_header-300x114.jpg 300w, https:\/\/www.comau.com\/wp-content\/uploads\/2021\/07\/Cobot_header-1024x388.jpg 1024w, https:\/\/www.comau.com\/wp-content\/uploads\/2021\/07\/Cobot_header-768x291.jpg 768w\" sizes=\"(max-width: 1280px) 100vw, 1280px\" \/><\/a><\/div><div class=\"wp-block-getwid-image-box__content\">\n<h3 class=\"wp-block-heading\">Racer-5-0.80 Cobot<\/h3>\n\n\n\n<p>O RACER-5-0.80 COBOT (Racer 5-COBOT) \u00e9 um pequeno rob\u00f4 que responde \u00e0 demanda por cobots r\u00e1pidos, precisos e adapt\u00e1veis a espa\u00e7os confinados, capazes de passar automaticamente do modo colaborativo para a velocidade industrial m\u00e1xima caso o operador esteja pr\u00f3ximo da \u00e1rea de trabalho.<\/p>\n<\/div><\/div>\n<\/div>\n\n\n\n<div class=\"wp-block-column is-layout-flow wp-block-column-is-layout-flow\">\n<div class=\"wp-block-getwid-image-box has-text-left has-mobile-layout-default has-mobile-alignment-default\"><div class=\"wp-block-getwid-image-box__image-container is-position-top\"><a href=\"https:\/\/www.comau.com\/en\/?page_id=34585\" class=\"wp-block-getwid-image-box__image-wrapper\"><img decoding=\"async\" width=\"1280\" height=\"485\" src=\"https:\/\/www.comau.com\/wp-content\/uploads\/2021\/07\/Header_AURA.jpg\" alt=\"\" class=\"wp-block-getwid-image-box__image wp-image-34599\" srcset=\"https:\/\/www.comau.com\/wp-content\/uploads\/2021\/07\/Header_AURA.jpg 1280w, https:\/\/www.comau.com\/wp-content\/uploads\/2021\/07\/Header_AURA-300x114.jpg 300w, https:\/\/www.comau.com\/wp-content\/uploads\/2021\/07\/Header_AURA-1024x388.jpg 1024w, https:\/\/www.comau.com\/wp-content\/uploads\/2021\/07\/Header_AURA-768x291.jpg 768w\" sizes=\"(max-width: 1280px) 100vw, 1280px\" \/><\/a><\/div><div class=\"wp-block-getwid-image-box__content\">\n<h3 class=\"wp-block-heading\">AURA Collaborative Robot<\/h3>\n\n\n\n<p>AURA \u00e9 o \u00fanico rob\u00f4 colaborativo do mercado que pode elevar at\u00e9 170 kg. Gra\u00e7as a sensores especiais, que lhe conferem uma sensibilidade &#8220;quase humana&#8221;, pode trabalhar em contato estreito com seres humanos, sem a necessidade de barreiras e com total seguran\u00e7a.<\/p>\n<\/div><\/div>\n<\/div>\n\n\n\n<div class=\"wp-block-column is-layout-flow wp-block-column-is-layout-flow\">\n<div class=\"wp-block-getwid-image-box has-text-left has-mobile-layout-default has-mobile-alignment-default\"><div class=\"wp-block-getwid-image-box__image-container is-position-top\"><a href=\"https:\/\/www.comau.com\/en\/?page_id=34586\" class=\"wp-block-getwid-image-box__image-wrapper\"><img decoding=\"async\" width=\"1280\" height=\"485\" src=\"https:\/\/www.comau.com\/wp-content\/uploads\/2021\/07\/Agile_header.png\" alt=\"\" class=\"wp-block-getwid-image-box__image wp-image-34605\" srcset=\"https:\/\/www.comau.com\/wp-content\/uploads\/2021\/07\/Agile_header.png 1280w, https:\/\/www.comau.com\/wp-content\/uploads\/2021\/07\/Agile_header-300x114.png 300w, https:\/\/www.comau.com\/wp-content\/uploads\/2021\/07\/Agile_header-1024x388.png 1024w, https:\/\/www.comau.com\/wp-content\/uploads\/2021\/07\/Agile_header-768x291.png 768w\" sizes=\"(max-width: 1280px) 100vw, 1280px\" \/><\/a><\/div><div class=\"wp-block-getwid-image-box__content\">\n<h3 class=\"wp-block-heading\">Ve\u00edculo com dire\u00e7\u00e3o autom\u00e1tica (AGV)<\/h3>\n\n\n\n<p>Dentro da plataforma de ve\u00edculos com dire\u00e7\u00e3o aut\u00f4noma da Comau, o Agile1500 \u00e9 um rob\u00f4 m\u00f3vel totalmente automatizado. Gra\u00e7as a uma carga \u00fatil de at\u00e9 1,5 tonelada, \u00e9 projetado para otimizar qualquer fluxo log\u00edstico, satisfazendo v\u00e1rias necessidades de produ\u00e7\u00e3o, para diferentes layouts de f\u00e1brica e m\u00faltiplas aplica\u00e7\u00f5es.<\/p>\n<\/div><\/div>\n<\/div>\n<\/div>\n","protected":false},"excerpt":{"rendered":"<p>A quarta revolu\u00e7\u00e3o industrial redefiniu a rela\u00e7\u00e3o homem-m\u00e1quina dentro das f\u00e1bricas modernas. Na Smart Factory da Comau, operadores e rob\u00f4s podem trabalhar de forma estreita e com total seguran\u00e7a gra\u00e7as \u00e0 rob\u00f3tica colaborativa: aos cobots s\u00e3o confiadas as tarefas mais repetitivas e exigentes, enquanto os seres humanos podem se dedicar a tarefas mais especializadas e [&hellip;]<\/p>\n","protected":false},"author":11,"featured_media":34576,"parent":5718,"menu_order":8,"comment_status":"closed","ping_status":"closed","template":"","meta":{"_acf_changed":false,"ep_exclude_from_search":false,"footnotes":""},"class_list":["post-4822","page","type-page","status-publish","has-post-thumbnail","hentry"],"acf":[],"yoast_head":"<!-- This site is optimized with the Yoast SEO plugin v26.9 - https:\/\/yoast.com\/product\/yoast-seo-wordpress\/ -->\n<title>Rob\u00f4s colaborativos industriais | Comau<\/title>\n<meta name=\"description\" content=\"Os rob\u00f4s colaborativos ajudam as pessoas a realizar opera\u00e7\u00f5es manuais nas proximidades e com seguran\u00e7a. Use o rob\u00f4 em sua empresa e melhore os processos!\" \/>\n<meta name=\"robots\" content=\"index, follow, max-snippet:-1, max-image-preview:large, max-video-preview:-1\" \/>\n<link rel=\"canonical\" href=\"https:\/\/www.comau.com\/pt-br\/competencies\/robotics-automation\/collaborative-robotics\/\" \/>\n<meta property=\"og:locale\" content=\"pt_BR\" \/>\n<meta property=\"og:type\" content=\"article\" \/>\n<meta property=\"og:title\" content=\"Rob\u00f4s colaborativos industriais | Comau\" \/>\n<meta property=\"og:description\" content=\"Os rob\u00f4s colaborativos ajudam as pessoas a realizar opera\u00e7\u00f5es manuais nas proximidades e com seguran\u00e7a. Use o rob\u00f4 em sua empresa e melhore os processos!\" \/>\n<meta property=\"og:url\" content=\"https:\/\/www.comau.com\/pt-br\/competencies\/robotics-automation\/collaborative-robotics\/\" \/>\n<meta property=\"og:site_name\" content=\"Comau\" \/>\n<meta property=\"article:publisher\" content=\"https:\/\/www.facebook.com\/COMAU\/\" \/>\n<meta property=\"article:modified_time\" content=\"2022-02-08T09:32:33+00:00\" \/>\n<meta property=\"og:image\" content=\"https:\/\/www.comau.com\/wp-content\/uploads\/2021\/07\/Comau_Collaborative-Robotics_MainImage.jpg\" \/>\n\t<meta property=\"og:image:width\" content=\"1425\" \/>\n\t<meta property=\"og:image:height\" content=\"450\" \/>\n\t<meta property=\"og:image:type\" content=\"image\/jpeg\" \/>\n<meta name=\"twitter:card\" content=\"summary_large_image\" \/>\n<meta name=\"twitter:site\" content=\"@comaugroup\" \/>\n<meta name=\"twitter:label1\" content=\"Est. tempo de leitura\" \/>\n\t<meta name=\"twitter:data1\" content=\"3 minutos\" \/>\n<script type=\"application\/ld+json\" class=\"yoast-schema-graph\">{\"@context\":\"https:\/\/schema.org\",\"@graph\":[{\"@type\":\"WebPage\",\"@id\":\"https:\/\/www.comau.com\/pt-br\/competencies\/robotics-automation\/collaborative-robotics\/\",\"url\":\"https:\/\/www.comau.com\/pt-br\/competencies\/robotics-automation\/collaborative-robotics\/\",\"name\":\"Rob\u00f4s colaborativos industriais | Comau\",\"isPartOf\":{\"@id\":\"https:\/\/www.comau.com\/pt-br\/#website\"},\"primaryImageOfPage\":{\"@id\":\"https:\/\/www.comau.com\/pt-br\/competencies\/robotics-automation\/collaborative-robotics\/#primaryimage\"},\"image\":{\"@id\":\"https:\/\/www.comau.com\/pt-br\/competencies\/robotics-automation\/collaborative-robotics\/#primaryimage\"},\"thumbnailUrl\":\"https:\/\/www.comau.com\/wp-content\/uploads\/2021\/07\/Comau_Collaborative-Robotics_MainImage.jpg\",\"datePublished\":\"2021-06-30T22:08:53+00:00\",\"dateModified\":\"2022-02-08T09:32:33+00:00\",\"description\":\"Os rob\u00f4s colaborativos ajudam as pessoas a realizar opera\u00e7\u00f5es manuais nas proximidades e com seguran\u00e7a. Use o rob\u00f4 em sua empresa e melhore os processos!\",\"breadcrumb\":{\"@id\":\"https:\/\/www.comau.com\/pt-br\/competencies\/robotics-automation\/collaborative-robotics\/#breadcrumb\"},\"inLanguage\":\"pt-BR\",\"potentialAction\":[{\"@type\":\"ReadAction\",\"target\":[\"https:\/\/www.comau.com\/pt-br\/competencies\/robotics-automation\/collaborative-robotics\/\"]}]},{\"@type\":\"ImageObject\",\"inLanguage\":\"pt-BR\",\"@id\":\"https:\/\/www.comau.com\/pt-br\/competencies\/robotics-automation\/collaborative-robotics\/#primaryimage\",\"url\":\"https:\/\/www.comau.com\/wp-content\/uploads\/2021\/07\/Comau_Collaborative-Robotics_MainImage.jpg\",\"contentUrl\":\"https:\/\/www.comau.com\/wp-content\/uploads\/2021\/07\/Comau_Collaborative-Robotics_MainImage.jpg\",\"width\":1425,\"height\":450},{\"@type\":\"BreadcrumbList\",\"@id\":\"https:\/\/www.comau.com\/pt-br\/competencies\/robotics-automation\/collaborative-robotics\/#breadcrumb\",\"itemListElement\":[{\"@type\":\"ListItem\",\"position\":1,\"name\":\"Home\",\"item\":\"https:\/\/www.comau.com\/pt-br\/\"},{\"@type\":\"ListItem\",\"position\":2,\"name\":\"Nossas Compet\u00eancias\",\"item\":\"https:\/\/www.comau.com\/pt-br\/competencies\/\"},{\"@type\":\"ListItem\",\"position\":3,\"name\":\"Robotics &amp; Automation\",\"item\":\"https:\/\/www.comau.com\/pt-br\/competencies\/robotics-automation\/\"},{\"@type\":\"ListItem\",\"position\":4,\"name\":\"Collaborative Robotics\"}]},{\"@type\":\"WebSite\",\"@id\":\"https:\/\/www.comau.com\/pt-br\/#website\",\"url\":\"https:\/\/www.comau.com\/pt-br\/\",\"name\":\"Comau\",\"description\":\"Industrial automation and robotics\",\"publisher\":{\"@id\":\"https:\/\/www.comau.com\/pt-br\/#organization\"},\"potentialAction\":[{\"@type\":\"SearchAction\",\"target\":{\"@type\":\"EntryPoint\",\"urlTemplate\":\"https:\/\/www.comau.com\/pt-br\/?s={search_term_string}\"},\"query-input\":{\"@type\":\"PropertyValueSpecification\",\"valueRequired\":true,\"valueName\":\"search_term_string\"}}],\"inLanguage\":\"pt-BR\"},{\"@type\":\"Organization\",\"@id\":\"https:\/\/www.comau.com\/pt-br\/#organization\",\"name\":\"Comau\",\"url\":\"https:\/\/www.comau.com\/pt-br\/\",\"logo\":{\"@type\":\"ImageObject\",\"inLanguage\":\"pt-BR\",\"@id\":\"https:\/\/www.comau.com\/pt-br\/#\/schema\/logo\/image\/\",\"url\":\"https:\/\/www.comau.com\/wp-content\/uploads\/2024\/07\/cropped-Logo-COMAU.png\",\"contentUrl\":\"https:\/\/www.comau.com\/wp-content\/uploads\/2024\/07\/cropped-Logo-COMAU.png\",\"width\":434,\"height\":434,\"caption\":\"Comau\"},\"image\":{\"@id\":\"https:\/\/www.comau.com\/pt-br\/#\/schema\/logo\/image\/\"},\"sameAs\":[\"https:\/\/www.facebook.com\/COMAU\/\",\"https:\/\/x.com\/comaugroup\",\"https:\/\/www.instagram.com\/comaugroup\/\",\"https:\/\/www.linkedin.com\/company\/comau\",\"https:\/\/www.youtube.com\/user\/comau\"]}]}<\/script>\n<!-- \/ Yoast SEO plugin. -->","yoast_head_json":{"title":"Rob\u00f4s colaborativos industriais | Comau","description":"Os rob\u00f4s colaborativos ajudam as pessoas a realizar opera\u00e7\u00f5es manuais nas proximidades e com seguran\u00e7a. Use o rob\u00f4 em sua empresa e melhore os processos!","robots":{"index":"index","follow":"follow","max-snippet":"max-snippet:-1","max-image-preview":"max-image-preview:large","max-video-preview":"max-video-preview:-1"},"canonical":"https:\/\/www.comau.com\/pt-br\/competencies\/robotics-automation\/collaborative-robotics\/","og_locale":"pt_BR","og_type":"article","og_title":"Rob\u00f4s colaborativos industriais | Comau","og_description":"Os rob\u00f4s colaborativos ajudam as pessoas a realizar opera\u00e7\u00f5es manuais nas proximidades e com seguran\u00e7a. Use o rob\u00f4 em sua empresa e melhore os processos!","og_url":"https:\/\/www.comau.com\/pt-br\/competencies\/robotics-automation\/collaborative-robotics\/","og_site_name":"Comau","article_publisher":"https:\/\/www.facebook.com\/COMAU\/","article_modified_time":"2022-02-08T09:32:33+00:00","og_image":[{"width":1425,"height":450,"url":"https:\/\/www.comau.com\/wp-content\/uploads\/2021\/07\/Comau_Collaborative-Robotics_MainImage.jpg","type":"image\/jpeg"}],"twitter_card":"summary_large_image","twitter_site":"@comaugroup","twitter_misc":{"Est. tempo de leitura":"3 minutos"},"schema":{"@context":"https:\/\/schema.org","@graph":[{"@type":"WebPage","@id":"https:\/\/www.comau.com\/pt-br\/competencies\/robotics-automation\/collaborative-robotics\/","url":"https:\/\/www.comau.com\/pt-br\/competencies\/robotics-automation\/collaborative-robotics\/","name":"Rob\u00f4s colaborativos industriais | Comau","isPartOf":{"@id":"https:\/\/www.comau.com\/pt-br\/#website"},"primaryImageOfPage":{"@id":"https:\/\/www.comau.com\/pt-br\/competencies\/robotics-automation\/collaborative-robotics\/#primaryimage"},"image":{"@id":"https:\/\/www.comau.com\/pt-br\/competencies\/robotics-automation\/collaborative-robotics\/#primaryimage"},"thumbnailUrl":"https:\/\/www.comau.com\/wp-content\/uploads\/2021\/07\/Comau_Collaborative-Robotics_MainImage.jpg","datePublished":"2021-06-30T22:08:53+00:00","dateModified":"2022-02-08T09:32:33+00:00","description":"Os rob\u00f4s colaborativos ajudam as pessoas a realizar opera\u00e7\u00f5es manuais nas proximidades e com seguran\u00e7a. Use o rob\u00f4 em sua empresa e melhore os processos!","breadcrumb":{"@id":"https:\/\/www.comau.com\/pt-br\/competencies\/robotics-automation\/collaborative-robotics\/#breadcrumb"},"inLanguage":"pt-BR","potentialAction":[{"@type":"ReadAction","target":["https:\/\/www.comau.com\/pt-br\/competencies\/robotics-automation\/collaborative-robotics\/"]}]},{"@type":"ImageObject","inLanguage":"pt-BR","@id":"https:\/\/www.comau.com\/pt-br\/competencies\/robotics-automation\/collaborative-robotics\/#primaryimage","url":"https:\/\/www.comau.com\/wp-content\/uploads\/2021\/07\/Comau_Collaborative-Robotics_MainImage.jpg","contentUrl":"https:\/\/www.comau.com\/wp-content\/uploads\/2021\/07\/Comau_Collaborative-Robotics_MainImage.jpg","width":1425,"height":450},{"@type":"BreadcrumbList","@id":"https:\/\/www.comau.com\/pt-br\/competencies\/robotics-automation\/collaborative-robotics\/#breadcrumb","itemListElement":[{"@type":"ListItem","position":1,"name":"Home","item":"https:\/\/www.comau.com\/pt-br\/"},{"@type":"ListItem","position":2,"name":"Nossas Compet\u00eancias","item":"https:\/\/www.comau.com\/pt-br\/competencies\/"},{"@type":"ListItem","position":3,"name":"Robotics &amp; Automation","item":"https:\/\/www.comau.com\/pt-br\/competencies\/robotics-automation\/"},{"@type":"ListItem","position":4,"name":"Collaborative Robotics"}]},{"@type":"WebSite","@id":"https:\/\/www.comau.com\/pt-br\/#website","url":"https:\/\/www.comau.com\/pt-br\/","name":"Comau","description":"Industrial automation and robotics","publisher":{"@id":"https:\/\/www.comau.com\/pt-br\/#organization"},"potentialAction":[{"@type":"SearchAction","target":{"@type":"EntryPoint","urlTemplate":"https:\/\/www.comau.com\/pt-br\/?s={search_term_string}"},"query-input":{"@type":"PropertyValueSpecification","valueRequired":true,"valueName":"search_term_string"}}],"inLanguage":"pt-BR"},{"@type":"Organization","@id":"https:\/\/www.comau.com\/pt-br\/#organization","name":"Comau","url":"https:\/\/www.comau.com\/pt-br\/","logo":{"@type":"ImageObject","inLanguage":"pt-BR","@id":"https:\/\/www.comau.com\/pt-br\/#\/schema\/logo\/image\/","url":"https:\/\/www.comau.com\/wp-content\/uploads\/2024\/07\/cropped-Logo-COMAU.png","contentUrl":"https:\/\/www.comau.com\/wp-content\/uploads\/2024\/07\/cropped-Logo-COMAU.png","width":434,"height":434,"caption":"Comau"},"image":{"@id":"https:\/\/www.comau.com\/pt-br\/#\/schema\/logo\/image\/"},"sameAs":["https:\/\/www.facebook.com\/COMAU\/","https:\/\/x.com\/comaugroup","https:\/\/www.instagram.com\/comaugroup\/","https:\/\/www.linkedin.com\/company\/comau","https:\/\/www.youtube.com\/user\/comau"]}]}},"_links":{"self":[{"href":"https:\/\/www.comau.com\/pt-br\/wp-json\/wp\/v2\/pages\/4822","targetHints":{"allow":["GET"]}}],"collection":[{"href":"https:\/\/www.comau.com\/pt-br\/wp-json\/wp\/v2\/pages"}],"about":[{"href":"https:\/\/www.comau.com\/pt-br\/wp-json\/wp\/v2\/types\/page"}],"author":[{"embeddable":true,"href":"https:\/\/www.comau.com\/pt-br\/wp-json\/wp\/v2\/users\/11"}],"replies":[{"embeddable":true,"href":"https:\/\/www.comau.com\/pt-br\/wp-json\/wp\/v2\/comments?post=4822"}],"version-history":[{"count":17,"href":"https:\/\/www.comau.com\/pt-br\/wp-json\/wp\/v2\/pages\/4822\/revisions"}],"predecessor-version":[{"id":42161,"href":"https:\/\/www.comau.com\/pt-br\/wp-json\/wp\/v2\/pages\/4822\/revisions\/42161"}],"up":[{"embeddable":true,"href":"https:\/\/www.comau.com\/pt-br\/wp-json\/wp\/v2\/pages\/5718"}],"wp:featuredmedia":[{"embeddable":true,"href":"https:\/\/www.comau.com\/pt-br\/wp-json\/wp\/v2\/media\/34576"}],"wp:attachment":[{"href":"https:\/\/www.comau.com\/pt-br\/wp-json\/wp\/v2\/media?parent=4822"}],"curies":[{"name":"wp","href":"https:\/\/api.w.org\/{rel}","templated":true}]}}