{"id":4813,"date":"2021-07-01T00:01:33","date_gmt":"2021-06-30T22:01:33","guid":{"rendered":"https:\/\/www.comau.com\/?page_id=4813"},"modified":"2022-02-08T10:09:53","modified_gmt":"2022-02-08T09:09:53","slug":"body-assembly","status":"publish","type":"page","link":"https:\/\/www.comau.com\/pt-br\/competencies\/body-assembly\/","title":{"rendered":"Body Assembly"},"content":{"rendered":"\n<h2 class=\"wp-block-heading\" id=\"nos-sabemos-o-que-importa-mais-para-as-empresas\">N\u00f3s sabemos o que importa mais para as empresas<\/h2>\n\n\n\n<div class=\"wp-block-columns is-layout-flex wp-container-core-columns-is-layout-9d6595d7 wp-block-columns-is-layout-flex\">\n<div class=\"wp-block-column is-layout-flow wp-block-column-is-layout-flow\">\n<div class=\"wp-block-getwid-image-box has-text-center has-mobile-layout-default has-mobile-alignment-default\"><div class=\"wp-block-getwid-image-box__image-container is-position-top\"><div class=\"wp-block-getwid-image-box__image-wrapper\"><img decoding=\"async\" width=\"184\" height=\"130\" src=\"https:\/\/www.comau.com\/wp-content\/uploads\/2021\/06\/esigenze-time-to-market.jpg\" alt=\"\" class=\"wp-block-getwid-image-box__image wp-image-396\"\/><\/div><\/div><div class=\"wp-block-getwid-image-box__content\">\n<h3 class=\"wp-block-heading\"><\/h3>\n\n\n\n<p>Prazos de entrega<\/p>\n<\/div><\/div>\n<\/div>\n\n\n\n<div class=\"wp-block-column is-layout-flow wp-block-column-is-layout-flow\">\n<div class=\"wp-block-getwid-image-box has-text-center has-mobile-layout-default has-mobile-alignment-default\"><div class=\"wp-block-getwid-image-box__image-container is-position-top\"><div class=\"wp-block-getwid-image-box__image-wrapper\"><img decoding=\"async\" width=\"184\" height=\"130\" src=\"https:\/\/www.comau.com\/wp-content\/uploads\/2021\/06\/esigenze-flessibilita.jpg\" alt=\"\" class=\"wp-block-getwid-image-box__image wp-image-399\"\/><\/div><\/div><div class=\"wp-block-getwid-image-box__content\">\n<h3 class=\"wp-block-heading\"><\/h3>\n\n\n\n<p>Flexibilidade operacional<\/p>\n<\/div><\/div>\n<\/div>\n\n\n\n<div class=\"wp-block-column is-layout-flow wp-block-column-is-layout-flow\">\n<div class=\"wp-block-getwid-image-box has-text-center has-mobile-layout-default has-mobile-alignment-default\"><div class=\"wp-block-getwid-image-box__image-container is-position-top\"><div class=\"wp-block-getwid-image-box__image-wrapper\"><img decoding=\"async\" width=\"184\" height=\"130\" src=\"https:\/\/www.comau.com\/wp-content\/uploads\/2021\/06\/esigenze-ridurre-costi.jpg\" alt=\"\" class=\"wp-block-getwid-image-box__image wp-image-398\"\/><\/div><\/div><div class=\"wp-block-getwid-image-box__content\">\n<h3 class=\"wp-block-heading\"><\/h3>\n\n\n\n<p>Redu\u00e7\u00e3o do custo operacional<\/p>\n<\/div><\/div>\n<\/div>\n\n\n\n<div class=\"wp-block-column is-layout-flow wp-block-column-is-layout-flow\">\n<div class=\"wp-block-getwid-image-box has-text-center has-mobile-layout-default has-mobile-alignment-default\"><div class=\"wp-block-getwid-image-box__image-container is-position-top\"><div class=\"wp-block-getwid-image-box__image-wrapper\"><img decoding=\"async\" width=\"184\" height=\"130\" src=\"https:\/\/www.comau.com\/wp-content\/uploads\/2021\/06\/esigenze-ottimizzare-processi.jpg\" alt=\"\" class=\"wp-block-getwid-image-box__image wp-image-397\"\/><\/div><\/div><div class=\"wp-block-getwid-image-box__content\">\n<h3 class=\"wp-block-heading\"><\/h3>\n\n\n\n<p>Otimiza\u00e7\u00e3o dos processos<\/p>\n<\/div><\/div>\n<\/div>\n<\/div>\n\n\n\n<h2 class=\"wp-block-heading\" id=\"nos-atingimos-essas-metas-atraves-de-uma-abordagem-sistemica-e-processos-customizados\">N\u00f3s atingimos essas metas atrav\u00e9s de uma abordagem sist\u00eamica e processos customizados<\/h2>\n\n\n\n<p>N\u00e3o h\u00e1 duas empresas iguais. <\/p>\n\n\n\n<p>E cada linha de produ\u00e7\u00e3o tem suas demandas espec\u00edficas. <\/p>\n\n\n\n<p>\u00c9 por isso que n\u00f3s n\u00e3o vendemos solu\u00e7\u00f5es de um cat\u00e1logo, mas as planejamos e desenvolvemos juntamente com nossos Clientes. <\/p>\n\n\n\n<p>N\u00f3s chegamos ao \u00e2mago do processo de manufatura para atingir os resultados desejados. Nossa Execu\u00e7\u00e3o de Projeto \u00e9 bem sucedida atrav\u00e9s de um circuito cont\u00ednuo de feedback entre n\u00f3s e voc\u00ea, para conceber, implementar e otimizar solu\u00e7\u00f5es realmente inovadoras.<\/p>\n\n\n\n<p>A Comau tem uma das maiores redes globais de automa\u00e7\u00e3o industrial. Nossos escrit\u00f3rios e centros de inova\u00e7\u00e3o est\u00e3o em todo o mundo, para dar suporte \u00e0s suas necessidades ao longo de todos os processos.<\/p>\n\n\n\n<h2 class=\"wp-block-heading\" id=\"comauflex-flexibilidade-no-servico-de-inovacao-de-produto\">ComauFlex: flexibilidade no servi\u00e7o de inova\u00e7\u00e3o de produto<\/h2>\n\n\n\n<p>Os mercados atuais falam a linguagem da inova\u00e7\u00e3o. Novos produtos, processos, tipos de jun\u00e7\u00e3o e materiais s\u00e3o desafios comuns para uma ind\u00fastria em constante transforma\u00e7\u00e3o.<\/p>\n\n\n\n<p>ComauFlex \u00e9 nossa resposta estrat\u00e9gica \u00e0 demanda de colocar em funcionamento linhas de montagem modulares. \u00c1reas de suprimento e processamento, que s\u00e3o ao mesmo tempo distintas e interconectadas, s\u00e3o vitais para criar processos vers\u00e1teis e eficazes. <\/p>\n\n\n\n<p>O sistema assegura o m\u00e1ximo em termos de flexibilidade operacional, mesmo quando lida com restri\u00e7\u00f5es de espa\u00e7o ou a press\u00e3o de usinar grandes volumes de novos materiais e tipos de jun\u00e7\u00f5es.<\/p>\n\n\n\n<p>&#8220;ComauFlex \u00e9 uma filosofia operacional que maximiza a efici\u00eancia da produ\u00e7\u00e3o e cria um arranjo mais ordenado e racional do ambiente de produ\u00e7\u00e3o industrial.\u201d<\/p>\n\n\n\n<h2 class=\"wp-block-heading\" id=\"how-we-re-changing-body-assembly-technologies\">\u200bHow We\u2019re Changing Body Assembly Technologies<\/h2>\n\n\n\n<div class=\"wp-block-columns columns-bg-dark is-layout-flex wp-container-core-columns-is-layout-9d6595d7 wp-block-columns-is-layout-flex\">\n<div class=\"wp-block-column is-layout-flow wp-block-column-is-layout-flow\">\n<h3 class=\"wp-block-heading\" id=\"solucoes\">Solu\u00e7\u00f5es<\/h3>\n\n\n\n<p>Sistemas completos de manufatura e montagem BIW, combinados com processos avan\u00e7ados de jun\u00e7\u00e3o para a montagem de carrocerias, tais como o sistema de enquadramento OpenRobogate. Completamente integrado na f\u00e1brica, nossas solu\u00e7\u00f5es prontas para uso melhoram a efici\u00eancia de seu processo de produ\u00e7\u00e3o e otimizam a log\u00edstica da planta.<\/p>\n\n\n\n<div class=\"wp-block-buttons is-layout-flex wp-block-buttons-is-layout-flex\">\n<div class=\"wp-block-button\"><a class=\"wp-block-button__link\" href=\"https:\/\/www.comau.com\/pt-br\/competencies\/body-assembly\/solutions\/\">Explore as solu\u00e7\u00f5es<\/a><\/div>\n<\/div>\n<\/div>\n\n\n\n<div class=\"wp-block-column is-layout-flow wp-block-column-is-layout-flow\">\n<h3 class=\"wp-block-heading\" id=\"technologies\">Technologies<\/h3>\n\n\n\n<p>De tecnologias avan\u00e7adas de jun\u00e7\u00e3o de materiais e sistemas a laser para brasagem, solda e corte, at\u00e9 processos rob\u00f3ticos 3D de corte de plasma e roller hemming (RHEvo), nossa tradi\u00e7\u00e3o de longa data em inova\u00e7\u00e3o e excel\u00eancia n\u00e3o tem igual.<\/p>\n\n\n\n<div class=\"wp-block-buttons is-layout-flex wp-block-buttons-is-layout-flex\">\n<div class=\"wp-block-button\"><a class=\"wp-block-button__link\" href=\"https:\/\/www.comau.com\/pt-br\/competencies\/body-assembly\/technologies\/\">Explore as tecnologias<\/a><\/div>\n<\/div>\n<\/div>\n\n\n\n<div class=\"wp-block-column is-layout-flow wp-block-column-is-layout-flow\">\n<h3 class=\"wp-block-heading\" id=\"produtos\">Produtos<\/h3>\n\n\n\n<p>Pin\u00e7as e m\u00e1quinas de solda de ponto. Transportadores acumuladores de paletes. Operadores terminais separadores. Sistemas de vis\u00e3o e reconhecedores inovadores. Nossas ideias est\u00e3o mudando o jogo na jun\u00e7\u00e3o e montagem de carroceria.<\/p>\n\n\n\n<div class=\"wp-block-buttons is-layout-flex wp-block-buttons-is-layout-flex\">\n<div class=\"wp-block-button\"><a class=\"wp-block-button__link\" href=\"https:\/\/www.comau.com\/pt-br\/competencies\/body-assembly\/products\/\">Veja nossos produtos<\/a><\/div>\n<\/div>\n<\/div>\n<\/div>\n\n\n\n<h2 class=\"wp-block-heading\" id=\"montagem-de-carroceria-em-numeros\">Montagem de carroceria em n\u00fameros<\/h2>\n\n\n\n<div class=\"wp-block-columns is-layout-flex wp-container-core-columns-is-layout-9d6595d7 wp-block-columns-is-layout-flex\">\n<div class=\"wp-block-column is-layout-flow wp-block-column-is-layout-flow\">\n<div class=\"wp-block-getwid-image-box has-text-center has-mobile-layout-default has-mobile-alignment-default\"><div class=\"wp-block-getwid-image-box__image-container is-position-top\"><div class=\"wp-block-getwid-image-box__image-wrapper\"><img decoding=\"async\" width=\"184\" height=\"130\" src=\"https:\/\/www.comau.com\/wp-content\/uploads\/2021\/06\/locations.jpg\" alt=\"\" class=\"wp-block-getwid-image-box__image wp-image-410\"\/><\/div><\/div><div class=\"wp-block-getwid-image-box__content\">\n<h3 class=\"wp-block-heading\"><\/h3>\n\n\n\n<p>Mais de <strong>10<\/strong>sistemas ComauFlex instalados em <strong>3<\/strong> regi\u00f5es diferentes<\/p>\n<\/div><\/div>\n<\/div>\n\n\n\n<div class=\"wp-block-column is-layout-flow wp-block-column-is-layout-flow\">\n<div class=\"wp-block-getwid-image-box has-text-center has-mobile-layout-default has-mobile-alignment-default\"><div class=\"wp-block-getwid-image-box__image-container is-position-top\"><div class=\"wp-block-getwid-image-box__image-wrapper\"><img decoding=\"async\" width=\"184\" height=\"130\" src=\"https:\/\/www.comau.com\/wp-content\/uploads\/2021\/06\/laser_applications_in_different-countries.jpg\" alt=\"\" class=\"wp-block-getwid-image-box__image wp-image-413\"\/><\/div><\/div><div class=\"wp-block-getwid-image-box__content\">\n<h3 class=\"wp-block-heading\"><\/h3>\n\n\n\n<p>Mais de <strong>120<\/strong> aplica\u00e7\u00f5es a laser em  <strong>13<\/strong>pa\u00edses diferentes, <strong>8,000<\/strong> pistolas de solda em funcionamento<\/p>\n<\/div><\/div>\n<\/div>\n\n\n\n<div class=\"wp-block-column is-layout-flow wp-block-column-is-layout-flow\">\n<div class=\"wp-block-getwid-image-box has-text-center has-mobile-layout-default has-mobile-alignment-default\"><div class=\"wp-block-getwid-image-box__image-container is-position-top\"><div class=\"wp-block-getwid-image-box__image-wrapper\"><img decoding=\"async\" width=\"184\" height=\"130\" src=\"https:\/\/www.comau.com\/wp-content\/uploads\/2021\/06\/vision_Hemming_systems_installed.jpg\" alt=\"\" class=\"wp-block-getwid-image-box__image wp-image-412\"\/><\/div><\/div><div class=\"wp-block-getwid-image-box__content\">\n<h3 class=\"wp-block-heading\"><\/h3>\n\n\n\n<p><strong>230<\/strong> sistemas de vis\u00e3o e costura instalados<\/p>\n<\/div><\/div>\n<\/div>\n\n\n\n<div class=\"wp-block-column is-layout-flow wp-block-column-is-layout-flow\">\n<div class=\"wp-block-getwid-image-box has-text-center has-mobile-layout-default has-mobile-alignment-default\"><div class=\"wp-block-getwid-image-box__image-container is-position-top\"><div class=\"wp-block-getwid-image-box__image-wrapper\"><img decoding=\"async\" width=\"184\" height=\"130\" src=\"https:\/\/www.comau.com\/wp-content\/uploads\/2021\/06\/patents_held_and_-patents_pending.jpg\" alt=\"\" class=\"wp-block-getwid-image-box__image wp-image-411\"\/><\/div><\/div><div class=\"wp-block-getwid-image-box__content\">\n<h3 class=\"wp-block-heading\"><\/h3>\n\n\n\n<p><strong>75<\/strong> patentes obtidas e <strong>60<\/strong> patentes pendentes<\/p>\n<\/div><\/div>\n<\/div>\n<\/div>\n","protected":false},"excerpt":{"rendered":"<p>N\u00f3s sabemos o que importa mais para as empresas N\u00f3s atingimos essas metas atrav\u00e9s de uma abordagem sist\u00eamica e processos customizados N\u00e3o h\u00e1 duas empresas iguais. E cada linha de produ\u00e7\u00e3o tem suas demandas espec\u00edficas. \u00c9 por isso que n\u00f3s n\u00e3o vendemos solu\u00e7\u00f5es de um cat\u00e1logo, mas as planejamos e desenvolvemos juntamente com nossos Clientes. [&hellip;]<\/p>\n","protected":false},"author":11,"featured_media":4826,"parent":4801,"menu_order":1,"comment_status":"closed","ping_status":"closed","template":"","meta":{"_acf_changed":false,"ep_exclude_from_search":false,"footnotes":""},"class_list":["post-4813","page","type-page","status-publish","has-post-thumbnail","hentry"],"acf":[],"yoast_head":"<!-- This site is optimized with the Yoast SEO plugin v26.9 - https:\/\/yoast.com\/product\/yoast-seo-wordpress\/ -->\n<title>Processos de montagem e produ\u00e7\u00e3o customizada | Comau<\/title>\n<meta name=\"description\" content=\"A Comau acompanha seus clientes em todo o processo produtivo e atende cada necessidade com suas solu\u00e7\u00f5es de produ\u00e7\u00e3o customizada. Saiba mais aqui!\" \/>\n<meta name=\"robots\" content=\"index, follow, max-snippet:-1, max-image-preview:large, max-video-preview:-1\" \/>\n<link rel=\"canonical\" href=\"https:\/\/www.comau.com\/pt-br\/competencies\/body-assembly\/\" \/>\n<meta property=\"og:locale\" content=\"pt_BR\" \/>\n<meta property=\"og:type\" content=\"article\" \/>\n<meta property=\"og:title\" content=\"Processos de montagem e produ\u00e7\u00e3o customizada | Comau\" \/>\n<meta property=\"og:description\" content=\"A Comau acompanha seus clientes em todo o processo produtivo e atende cada necessidade com suas solu\u00e7\u00f5es de produ\u00e7\u00e3o customizada. Saiba mais aqui!\" \/>\n<meta property=\"og:url\" content=\"https:\/\/www.comau.com\/pt-br\/competencies\/body-assembly\/\" \/>\n<meta property=\"og:site_name\" content=\"Comau\" \/>\n<meta property=\"article:publisher\" content=\"https:\/\/www.facebook.com\/COMAU\/\" \/>\n<meta property=\"article:modified_time\" content=\"2022-02-08T09:09:53+00:00\" \/>\n<meta property=\"og:image\" content=\"https:\/\/www.comau.com\/wp-content\/uploads\/2021\/06\/BA_header.jpg\" \/>\n\t<meta property=\"og:image:width\" content=\"1280\" \/>\n\t<meta property=\"og:image:height\" content=\"485\" \/>\n\t<meta property=\"og:image:type\" content=\"image\/jpeg\" \/>\n<meta name=\"twitter:card\" content=\"summary_large_image\" \/>\n<meta name=\"twitter:site\" content=\"@comaugroup\" \/>\n<meta name=\"twitter:label1\" content=\"Est. tempo de leitura\" \/>\n\t<meta name=\"twitter:data1\" content=\"4 minutos\" \/>\n<script type=\"application\/ld+json\" class=\"yoast-schema-graph\">{\"@context\":\"https:\/\/schema.org\",\"@graph\":[{\"@type\":\"WebPage\",\"@id\":\"https:\/\/www.comau.com\/pt-br\/competencies\/body-assembly\/\",\"url\":\"https:\/\/www.comau.com\/pt-br\/competencies\/body-assembly\/\",\"name\":\"Processos de montagem e produ\u00e7\u00e3o customizada | Comau\",\"isPartOf\":{\"@id\":\"https:\/\/www.comau.com\/pt-br\/#website\"},\"primaryImageOfPage\":{\"@id\":\"https:\/\/www.comau.com\/pt-br\/competencies\/body-assembly\/#primaryimage\"},\"image\":{\"@id\":\"https:\/\/www.comau.com\/pt-br\/competencies\/body-assembly\/#primaryimage\"},\"thumbnailUrl\":\"https:\/\/www.comau.com\/wp-content\/uploads\/2021\/06\/BA_header.jpg\",\"datePublished\":\"2021-06-30T22:01:33+00:00\",\"dateModified\":\"2022-02-08T09:09:53+00:00\",\"description\":\"A Comau acompanha seus clientes em todo o processo produtivo e atende cada necessidade com suas solu\u00e7\u00f5es de produ\u00e7\u00e3o customizada. Saiba mais aqui!\",\"breadcrumb\":{\"@id\":\"https:\/\/www.comau.com\/pt-br\/competencies\/body-assembly\/#breadcrumb\"},\"inLanguage\":\"pt-BR\",\"potentialAction\":[{\"@type\":\"ReadAction\",\"target\":[\"https:\/\/www.comau.com\/pt-br\/competencies\/body-assembly\/\"]}]},{\"@type\":\"ImageObject\",\"inLanguage\":\"pt-BR\",\"@id\":\"https:\/\/www.comau.com\/pt-br\/competencies\/body-assembly\/#primaryimage\",\"url\":\"https:\/\/www.comau.com\/wp-content\/uploads\/2021\/06\/BA_header.jpg\",\"contentUrl\":\"https:\/\/www.comau.com\/wp-content\/uploads\/2021\/06\/BA_header.jpg\",\"width\":1280,\"height\":485},{\"@type\":\"BreadcrumbList\",\"@id\":\"https:\/\/www.comau.com\/pt-br\/competencies\/body-assembly\/#breadcrumb\",\"itemListElement\":[{\"@type\":\"ListItem\",\"position\":1,\"name\":\"Home\",\"item\":\"https:\/\/www.comau.com\/pt-br\/\"},{\"@type\":\"ListItem\",\"position\":2,\"name\":\"Nossas Compet\u00eancias\",\"item\":\"https:\/\/www.comau.com\/pt-br\/competencies\/\"},{\"@type\":\"ListItem\",\"position\":3,\"name\":\"Body Assembly\"}]},{\"@type\":\"WebSite\",\"@id\":\"https:\/\/www.comau.com\/pt-br\/#website\",\"url\":\"https:\/\/www.comau.com\/pt-br\/\",\"name\":\"Comau\",\"description\":\"Industrial automation and robotics\",\"publisher\":{\"@id\":\"https:\/\/www.comau.com\/pt-br\/#organization\"},\"potentialAction\":[{\"@type\":\"SearchAction\",\"target\":{\"@type\":\"EntryPoint\",\"urlTemplate\":\"https:\/\/www.comau.com\/pt-br\/?s={search_term_string}\"},\"query-input\":{\"@type\":\"PropertyValueSpecification\",\"valueRequired\":true,\"valueName\":\"search_term_string\"}}],\"inLanguage\":\"pt-BR\"},{\"@type\":\"Organization\",\"@id\":\"https:\/\/www.comau.com\/pt-br\/#organization\",\"name\":\"Comau\",\"url\":\"https:\/\/www.comau.com\/pt-br\/\",\"logo\":{\"@type\":\"ImageObject\",\"inLanguage\":\"pt-BR\",\"@id\":\"https:\/\/www.comau.com\/pt-br\/#\/schema\/logo\/image\/\",\"url\":\"https:\/\/www.comau.com\/wp-content\/uploads\/2024\/07\/cropped-Logo-COMAU.png\",\"contentUrl\":\"https:\/\/www.comau.com\/wp-content\/uploads\/2024\/07\/cropped-Logo-COMAU.png\",\"width\":434,\"height\":434,\"caption\":\"Comau\"},\"image\":{\"@id\":\"https:\/\/www.comau.com\/pt-br\/#\/schema\/logo\/image\/\"},\"sameAs\":[\"https:\/\/www.facebook.com\/COMAU\/\",\"https:\/\/x.com\/comaugroup\",\"https:\/\/www.instagram.com\/comaugroup\/\",\"https:\/\/www.linkedin.com\/company\/comau\",\"https:\/\/www.youtube.com\/user\/comau\"]}]}<\/script>\n<!-- \/ Yoast SEO plugin. -->","yoast_head_json":{"title":"Processos de montagem e produ\u00e7\u00e3o customizada | Comau","description":"A Comau acompanha seus clientes em todo o processo produtivo e atende cada necessidade com suas solu\u00e7\u00f5es de produ\u00e7\u00e3o customizada. Saiba mais aqui!","robots":{"index":"index","follow":"follow","max-snippet":"max-snippet:-1","max-image-preview":"max-image-preview:large","max-video-preview":"max-video-preview:-1"},"canonical":"https:\/\/www.comau.com\/pt-br\/competencies\/body-assembly\/","og_locale":"pt_BR","og_type":"article","og_title":"Processos de montagem e produ\u00e7\u00e3o customizada | Comau","og_description":"A Comau acompanha seus clientes em todo o processo produtivo e atende cada necessidade com suas solu\u00e7\u00f5es de produ\u00e7\u00e3o customizada. Saiba mais aqui!","og_url":"https:\/\/www.comau.com\/pt-br\/competencies\/body-assembly\/","og_site_name":"Comau","article_publisher":"https:\/\/www.facebook.com\/COMAU\/","article_modified_time":"2022-02-08T09:09:53+00:00","og_image":[{"width":1280,"height":485,"url":"https:\/\/www.comau.com\/wp-content\/uploads\/2021\/06\/BA_header.jpg","type":"image\/jpeg"}],"twitter_card":"summary_large_image","twitter_site":"@comaugroup","twitter_misc":{"Est. tempo de leitura":"4 minutos"},"schema":{"@context":"https:\/\/schema.org","@graph":[{"@type":"WebPage","@id":"https:\/\/www.comau.com\/pt-br\/competencies\/body-assembly\/","url":"https:\/\/www.comau.com\/pt-br\/competencies\/body-assembly\/","name":"Processos de montagem e produ\u00e7\u00e3o customizada | Comau","isPartOf":{"@id":"https:\/\/www.comau.com\/pt-br\/#website"},"primaryImageOfPage":{"@id":"https:\/\/www.comau.com\/pt-br\/competencies\/body-assembly\/#primaryimage"},"image":{"@id":"https:\/\/www.comau.com\/pt-br\/competencies\/body-assembly\/#primaryimage"},"thumbnailUrl":"https:\/\/www.comau.com\/wp-content\/uploads\/2021\/06\/BA_header.jpg","datePublished":"2021-06-30T22:01:33+00:00","dateModified":"2022-02-08T09:09:53+00:00","description":"A Comau acompanha seus clientes em todo o processo produtivo e atende cada necessidade com suas solu\u00e7\u00f5es de produ\u00e7\u00e3o customizada. Saiba mais aqui!","breadcrumb":{"@id":"https:\/\/www.comau.com\/pt-br\/competencies\/body-assembly\/#breadcrumb"},"inLanguage":"pt-BR","potentialAction":[{"@type":"ReadAction","target":["https:\/\/www.comau.com\/pt-br\/competencies\/body-assembly\/"]}]},{"@type":"ImageObject","inLanguage":"pt-BR","@id":"https:\/\/www.comau.com\/pt-br\/competencies\/body-assembly\/#primaryimage","url":"https:\/\/www.comau.com\/wp-content\/uploads\/2021\/06\/BA_header.jpg","contentUrl":"https:\/\/www.comau.com\/wp-content\/uploads\/2021\/06\/BA_header.jpg","width":1280,"height":485},{"@type":"BreadcrumbList","@id":"https:\/\/www.comau.com\/pt-br\/competencies\/body-assembly\/#breadcrumb","itemListElement":[{"@type":"ListItem","position":1,"name":"Home","item":"https:\/\/www.comau.com\/pt-br\/"},{"@type":"ListItem","position":2,"name":"Nossas Compet\u00eancias","item":"https:\/\/www.comau.com\/pt-br\/competencies\/"},{"@type":"ListItem","position":3,"name":"Body Assembly"}]},{"@type":"WebSite","@id":"https:\/\/www.comau.com\/pt-br\/#website","url":"https:\/\/www.comau.com\/pt-br\/","name":"Comau","description":"Industrial automation and robotics","publisher":{"@id":"https:\/\/www.comau.com\/pt-br\/#organization"},"potentialAction":[{"@type":"SearchAction","target":{"@type":"EntryPoint","urlTemplate":"https:\/\/www.comau.com\/pt-br\/?s={search_term_string}"},"query-input":{"@type":"PropertyValueSpecification","valueRequired":true,"valueName":"search_term_string"}}],"inLanguage":"pt-BR"},{"@type":"Organization","@id":"https:\/\/www.comau.com\/pt-br\/#organization","name":"Comau","url":"https:\/\/www.comau.com\/pt-br\/","logo":{"@type":"ImageObject","inLanguage":"pt-BR","@id":"https:\/\/www.comau.com\/pt-br\/#\/schema\/logo\/image\/","url":"https:\/\/www.comau.com\/wp-content\/uploads\/2024\/07\/cropped-Logo-COMAU.png","contentUrl":"https:\/\/www.comau.com\/wp-content\/uploads\/2024\/07\/cropped-Logo-COMAU.png","width":434,"height":434,"caption":"Comau"},"image":{"@id":"https:\/\/www.comau.com\/pt-br\/#\/schema\/logo\/image\/"},"sameAs":["https:\/\/www.facebook.com\/COMAU\/","https:\/\/x.com\/comaugroup","https:\/\/www.instagram.com\/comaugroup\/","https:\/\/www.linkedin.com\/company\/comau","https:\/\/www.youtube.com\/user\/comau"]}]}},"_links":{"self":[{"href":"https:\/\/www.comau.com\/pt-br\/wp-json\/wp\/v2\/pages\/4813","targetHints":{"allow":["GET"]}}],"collection":[{"href":"https:\/\/www.comau.com\/pt-br\/wp-json\/wp\/v2\/pages"}],"about":[{"href":"https:\/\/www.comau.com\/pt-br\/wp-json\/wp\/v2\/types\/page"}],"author":[{"embeddable":true,"href":"https:\/\/www.comau.com\/pt-br\/wp-json\/wp\/v2\/users\/11"}],"replies":[{"embeddable":true,"href":"https:\/\/www.comau.com\/pt-br\/wp-json\/wp\/v2\/comments?post=4813"}],"version-history":[{"count":42,"href":"https:\/\/www.comau.com\/pt-br\/wp-json\/wp\/v2\/pages\/4813\/revisions"}],"predecessor-version":[{"id":42125,"href":"https:\/\/www.comau.com\/pt-br\/wp-json\/wp\/v2\/pages\/4813\/revisions\/42125"}],"up":[{"embeddable":true,"href":"https:\/\/www.comau.com\/pt-br\/wp-json\/wp\/v2\/pages\/4801"}],"wp:featuredmedia":[{"embeddable":true,"href":"https:\/\/www.comau.com\/pt-br\/wp-json\/wp\/v2\/media\/4826"}],"wp:attachment":[{"href":"https:\/\/www.comau.com\/pt-br\/wp-json\/wp\/v2\/media?parent=4813"}],"curies":[{"name":"wp","href":"https:\/\/api.w.org\/{rel}","templated":true}]}}